{"id":1401,"date":"2019-01-21T15:11:31","date_gmt":"2019-01-21T14:11:31","guid":{"rendered":"https:\/\/belrobotics.andromede.digital\/entreprises\/"},"modified":"2023-07-06T08:34:41","modified_gmt":"2023-07-06T07:34:41","slug":"robot-tondeuse-professionnelles-entreprises","status":"publish","type":"page","link":"https:\/\/www.belrobotics.com\/fr-lu\/robot-tondeuse-professionnelles-entreprises\/","title":{"rendered":"Entreprises"},"content":{"rendered":"<h2 class=\"h3\">Le robot tondeuse professionnel le plus performant au monde<\/h2>\n<p>La Bigmow est capable de <strong>tondre jusqu\u2019\u00e0 24\u2009000 m\u00b2<\/strong> de pelouse. Une r\u00e9elle athl\u00e8te au service de votre entreprise. D\u00e9couvrez le silence de fonctionnement de notre <a href=\"https:\/\/www.belrobotics.com\/fr-lu\/tondeuses-robots\/\">tondeuse autonome<\/a> ainsi que sa faible consommation \u00e9nerg\u00e9tique et sa capacit\u00e9 d\u2019adaptation \u00e0 tous les terrains.<\/p>\n","protected":false},"excerpt":{"rendered":"<p>Le robot tondeuse professionnel le plus performant au monde La Bigmow est capable de tondre jusqu\u2019\u00e0 24\u2009000 m\u00b2 de pelouse. Une r\u00e9elle athl\u00e8te au service de votre entreprise. D\u00e9couvrez le silence de fonctionnement de notre tondeuse autonome ainsi que sa faible consommation \u00e9nerg\u00e9tique et sa capacit\u00e9 d\u2019adaptation \u00e0 tous les terrains.<\/p>\n","protected":false},"author":9,"featured_media":1267,"parent":0,"menu_order":0,"comment_status":"closed","ping_status":"closed","template":"utilisation.php","meta":{"_acf_changed":false,"footnotes":""},"class_list":["post-1401","page","type-page","status-publish","has-post-thumbnail","hentry"],"acf":[],"yoast_head":"<!-- This site is optimized with the Yoast SEO plugin v26.9 - https:\/\/yoast.com\/product\/yoast-seo-wordpress\/ -->\n<title>Robots tondeuses professionnels | Pour entreprise - Belrobotics<\/title>\n<meta name=\"description\" content=\"D\u00e9couvrez, Bigmow, le robot tondeuse professionnel le plus performant au monde capable d\u2019entretenir jusqu\u2019\u00e0 24\u2009000 m\u00b2 de pelouse pour votre entreprise\u2009!\" \/>\n<meta name=\"robots\" content=\"index, follow, max-snippet:-1, max-image-preview:large, max-video-preview:-1\" \/>\n<link rel=\"canonical\" href=\"https:\/\/www.belrobotics.com\/fr-lu\/robot-tondeuse-professionnelles-entreprises\/\" \/>\n<meta property=\"og:locale\" content=\"fr_FR\" \/>\n<meta property=\"og:type\" content=\"article\" \/>\n<meta property=\"og:title\" content=\"Robots tondeuses professionnels | Pour entreprise - Belrobotics\" \/>\n<meta property=\"og:description\" content=\"D\u00e9couvrez, Bigmow, le robot tondeuse professionnel le plus performant au monde capable d\u2019entretenir jusqu\u2019\u00e0 24\u2009000 m\u00b2 de pelouse pour votre entreprise\u2009!\" \/>\n<meta property=\"og:url\" content=\"https:\/\/www.belrobotics.com\/fr-lu\/robot-tondeuse-professionnelles-entreprises\/\" \/>\n<meta property=\"og:site_name\" content=\"Belrobotics\" \/>\n<meta property=\"article:publisher\" content=\"https:\/\/www.facebook.com\/belrobotics\" \/>\n<meta property=\"article:modified_time\" content=\"2023-07-06T07:34:41+00:00\" \/>\n<meta property=\"og:image\" content=\"https:\/\/www.belrobotics.com\/wp-content\/uploads\/2019\/01\/big-mow-action-3.jpg\" \/>\n\t<meta property=\"og:image:width\" content=\"2251\" \/>\n\t<meta property=\"og:image:height\" content=\"1745\" \/>\n\t<meta property=\"og:image:type\" content=\"image\/jpeg\" \/>\n<meta name=\"twitter:card\" content=\"summary_large_image\" \/>\n<meta name=\"twitter:label1\" content=\"Est. reading time\" \/>\n\t<meta name=\"twitter:data1\" content=\"1 minute\" \/>\n<script type=\"application\/ld+json\" class=\"yoast-schema-graph\">{\"@context\":\"https:\/\/schema.org\",\"@graph\":[{\"@type\":\"WebPage\",\"@id\":\"https:\/\/www.belrobotics.com\/fr-lu\/robot-tondeuse-professionnelles-entreprises\/\",\"url\":\"https:\/\/www.belrobotics.com\/fr-lu\/robot-tondeuse-professionnelles-entreprises\/\",\"name\":\"Robots tondeuses professionnels | Pour entreprise - Belrobotics\",\"isPartOf\":{\"@id\":\"https:\/\/www.belrobotics.com\/fr-lu\/#website\"},\"primaryImageOfPage\":{\"@id\":\"https:\/\/www.belrobotics.com\/fr-lu\/robot-tondeuse-professionnelles-entreprises\/#primaryimage\"},\"image\":{\"@id\":\"https:\/\/www.belrobotics.com\/fr-lu\/robot-tondeuse-professionnelles-entreprises\/#primaryimage\"},\"thumbnailUrl\":\"https:\/\/www.belrobotics.com\/wp-content\/uploads\/2019\/01\/big-mow-action-3.jpg\",\"datePublished\":\"2019-01-21T14:11:31+00:00\",\"dateModified\":\"2023-07-06T07:34:41+00:00\",\"description\":\"D\u00e9couvrez, Bigmow, le robot tondeuse professionnel le plus performant au monde capable d\u2019entretenir jusqu\u2019\u00e0 24\u2009000 m\u00b2 de pelouse pour votre entreprise\u2009!\",\"breadcrumb\":{\"@id\":\"https:\/\/www.belrobotics.com\/fr-lu\/robot-tondeuse-professionnelles-entreprises\/#breadcrumb\"},\"inLanguage\":\"fr-LU\",\"potentialAction\":[{\"@type\":\"ReadAction\",\"target\":[\"https:\/\/www.belrobotics.com\/fr-lu\/robot-tondeuse-professionnelles-entreprises\/\"]}]},{\"@type\":\"ImageObject\",\"inLanguage\":\"fr-LU\",\"@id\":\"https:\/\/www.belrobotics.com\/fr-lu\/robot-tondeuse-professionnelles-entreprises\/#primaryimage\",\"url\":\"https:\/\/www.belrobotics.com\/wp-content\/uploads\/2019\/01\/big-mow-action-3.jpg\",\"contentUrl\":\"https:\/\/www.belrobotics.com\/wp-content\/uploads\/2019\/01\/big-mow-action-3.jpg\",\"width\":2251,\"height\":1745},{\"@type\":\"BreadcrumbList\",\"@id\":\"https:\/\/www.belrobotics.com\/fr-lu\/robot-tondeuse-professionnelles-entreprises\/#breadcrumb\",\"itemListElement\":[{\"@type\":\"ListItem\",\"position\":1,\"name\":\"Home\",\"item\":\"https:\/\/www.belrobotics.com\/fr-lu\/\"},{\"@type\":\"ListItem\",\"position\":2,\"name\":\"Entreprises\"}]},{\"@type\":\"WebSite\",\"@id\":\"https:\/\/www.belrobotics.com\/fr-lu\/#website\",\"url\":\"https:\/\/www.belrobotics.com\/fr-lu\/\",\"name\":\"Belrobotics\",\"description\":\"The grass masters\",\"publisher\":{\"@id\":\"https:\/\/www.belrobotics.com\/fr-lu\/#organization\"},\"potentialAction\":[{\"@type\":\"SearchAction\",\"target\":{\"@type\":\"EntryPoint\",\"urlTemplate\":\"https:\/\/www.belrobotics.com\/fr-lu\/?s={search_term_string}\"},\"query-input\":{\"@type\":\"PropertyValueSpecification\",\"valueRequired\":true,\"valueName\":\"search_term_string\"}}],\"inLanguage\":\"fr-LU\"},{\"@type\":\"Organization\",\"@id\":\"https:\/\/www.belrobotics.com\/fr-lu\/#organization\",\"name\":\"Belrobotics\",\"url\":\"https:\/\/www.belrobotics.com\/fr-lu\/\",\"logo\":{\"@type\":\"ImageObject\",\"inLanguage\":\"fr-LU\",\"@id\":\"https:\/\/www.belrobotics.com\/fr-lu\/#\/schema\/logo\/image\/\",\"url\":\"https:\/\/www.belrobotics.com\/wp-content\/uploads\/2019\/01\/logo-belrobotics.svg\",\"contentUrl\":\"https:\/\/www.belrobotics.com\/wp-content\/uploads\/2019\/01\/logo-belrobotics.svg\",\"width\":100,\"height\":16,\"caption\":\"Belrobotics\"},\"image\":{\"@id\":\"https:\/\/www.belrobotics.com\/fr-lu\/#\/schema\/logo\/image\/\"},\"sameAs\":[\"https:\/\/www.facebook.com\/belrobotics\",\"https:\/\/www.youtube.com\/channel\/UCYgWBPRzEdXmUqLRL0JbUIw\",\"https:\/\/www.instagram.com\/belrobotics_europe\/\"]}]}<\/script>\n<!-- \/ Yoast SEO plugin. -->","yoast_head_json":{"title":"Robots tondeuses professionnels | Pour entreprise - Belrobotics","description":"D\u00e9couvrez, Bigmow, le robot tondeuse professionnel le plus performant au monde capable d\u2019entretenir jusqu\u2019\u00e0 24\u2009000 m\u00b2 de pelouse pour votre entreprise\u2009!","robots":{"index":"index","follow":"follow","max-snippet":"max-snippet:-1","max-image-preview":"max-image-preview:large","max-video-preview":"max-video-preview:-1"},"canonical":"https:\/\/www.belrobotics.com\/fr-lu\/robot-tondeuse-professionnelles-entreprises\/","og_locale":"fr_FR","og_type":"article","og_title":"Robots tondeuses professionnels | Pour entreprise - Belrobotics","og_description":"D\u00e9couvrez, Bigmow, le robot tondeuse professionnel le plus performant au monde capable d\u2019entretenir jusqu\u2019\u00e0 24\u2009000 m\u00b2 de pelouse pour votre entreprise\u2009!","og_url":"https:\/\/www.belrobotics.com\/fr-lu\/robot-tondeuse-professionnelles-entreprises\/","og_site_name":"Belrobotics","article_publisher":"https:\/\/www.facebook.com\/belrobotics","article_modified_time":"2023-07-06T07:34:41+00:00","og_image":[{"width":2251,"height":1745,"url":"https:\/\/www.belrobotics.com\/wp-content\/uploads\/2019\/01\/big-mow-action-3.jpg","type":"image\/jpeg"}],"twitter_card":"summary_large_image","twitter_misc":{"Est. reading time":"1 minute"},"schema":{"@context":"https:\/\/schema.org","@graph":[{"@type":"WebPage","@id":"https:\/\/www.belrobotics.com\/fr-lu\/robot-tondeuse-professionnelles-entreprises\/","url":"https:\/\/www.belrobotics.com\/fr-lu\/robot-tondeuse-professionnelles-entreprises\/","name":"Robots tondeuses professionnels | Pour entreprise - Belrobotics","isPartOf":{"@id":"https:\/\/www.belrobotics.com\/fr-lu\/#website"},"primaryImageOfPage":{"@id":"https:\/\/www.belrobotics.com\/fr-lu\/robot-tondeuse-professionnelles-entreprises\/#primaryimage"},"image":{"@id":"https:\/\/www.belrobotics.com\/fr-lu\/robot-tondeuse-professionnelles-entreprises\/#primaryimage"},"thumbnailUrl":"https:\/\/www.belrobotics.com\/wp-content\/uploads\/2019\/01\/big-mow-action-3.jpg","datePublished":"2019-01-21T14:11:31+00:00","dateModified":"2023-07-06T07:34:41+00:00","description":"D\u00e9couvrez, Bigmow, le robot tondeuse professionnel le plus performant au monde capable d\u2019entretenir jusqu\u2019\u00e0 24\u2009000 m\u00b2 de pelouse pour votre entreprise\u2009!","breadcrumb":{"@id":"https:\/\/www.belrobotics.com\/fr-lu\/robot-tondeuse-professionnelles-entreprises\/#breadcrumb"},"inLanguage":"fr-LU","potentialAction":[{"@type":"ReadAction","target":["https:\/\/www.belrobotics.com\/fr-lu\/robot-tondeuse-professionnelles-entreprises\/"]}]},{"@type":"ImageObject","inLanguage":"fr-LU","@id":"https:\/\/www.belrobotics.com\/fr-lu\/robot-tondeuse-professionnelles-entreprises\/#primaryimage","url":"https:\/\/www.belrobotics.com\/wp-content\/uploads\/2019\/01\/big-mow-action-3.jpg","contentUrl":"https:\/\/www.belrobotics.com\/wp-content\/uploads\/2019\/01\/big-mow-action-3.jpg","width":2251,"height":1745},{"@type":"BreadcrumbList","@id":"https:\/\/www.belrobotics.com\/fr-lu\/robot-tondeuse-professionnelles-entreprises\/#breadcrumb","itemListElement":[{"@type":"ListItem","position":1,"name":"Home","item":"https:\/\/www.belrobotics.com\/fr-lu\/"},{"@type":"ListItem","position":2,"name":"Entreprises"}]},{"@type":"WebSite","@id":"https:\/\/www.belrobotics.com\/fr-lu\/#website","url":"https:\/\/www.belrobotics.com\/fr-lu\/","name":"Belrobotics","description":"The grass masters","publisher":{"@id":"https:\/\/www.belrobotics.com\/fr-lu\/#organization"},"potentialAction":[{"@type":"SearchAction","target":{"@type":"EntryPoint","urlTemplate":"https:\/\/www.belrobotics.com\/fr-lu\/?s={search_term_string}"},"query-input":{"@type":"PropertyValueSpecification","valueRequired":true,"valueName":"search_term_string"}}],"inLanguage":"fr-LU"},{"@type":"Organization","@id":"https:\/\/www.belrobotics.com\/fr-lu\/#organization","name":"Belrobotics","url":"https:\/\/www.belrobotics.com\/fr-lu\/","logo":{"@type":"ImageObject","inLanguage":"fr-LU","@id":"https:\/\/www.belrobotics.com\/fr-lu\/#\/schema\/logo\/image\/","url":"https:\/\/www.belrobotics.com\/wp-content\/uploads\/2019\/01\/logo-belrobotics.svg","contentUrl":"https:\/\/www.belrobotics.com\/wp-content\/uploads\/2019\/01\/logo-belrobotics.svg","width":100,"height":16,"caption":"Belrobotics"},"image":{"@id":"https:\/\/www.belrobotics.com\/fr-lu\/#\/schema\/logo\/image\/"},"sameAs":["https:\/\/www.facebook.com\/belrobotics","https:\/\/www.youtube.com\/channel\/UCYgWBPRzEdXmUqLRL0JbUIw","https:\/\/www.instagram.com\/belrobotics_europe\/"]}]}},"_links":{"self":[{"href":"https:\/\/www.belrobotics.com\/fr-lu\/wp-json\/wp\/v2\/pages\/1401","targetHints":{"allow":["GET"]}}],"collection":[{"href":"https:\/\/www.belrobotics.com\/fr-lu\/wp-json\/wp\/v2\/pages"}],"about":[{"href":"https:\/\/www.belrobotics.com\/fr-lu\/wp-json\/wp\/v2\/types\/page"}],"author":[{"embeddable":true,"href":"https:\/\/www.belrobotics.com\/fr-lu\/wp-json\/wp\/v2\/users\/9"}],"replies":[{"embeddable":true,"href":"https:\/\/www.belrobotics.com\/fr-lu\/wp-json\/wp\/v2\/comments?post=1401"}],"version-history":[{"count":1,"href":"https:\/\/www.belrobotics.com\/fr-lu\/wp-json\/wp\/v2\/pages\/1401\/revisions"}],"predecessor-version":[{"id":25212,"href":"https:\/\/www.belrobotics.com\/fr-lu\/wp-json\/wp\/v2\/pages\/1401\/revisions\/25212"}],"wp:featuredmedia":[{"embeddable":true,"href":"https:\/\/www.belrobotics.com\/fr-lu\/wp-json\/wp\/v2\/media\/1267"}],"wp:attachment":[{"href":"https:\/\/www.belrobotics.com\/fr-lu\/wp-json\/wp\/v2\/media?parent=1401"}],"curies":[{"name":"wp","href":"https:\/\/api.w.org\/{rel}","templated":true}]}}