{"id":2567,"date":"2019-05-13T15:50:06","date_gmt":"2019-05-13T14:50:06","guid":{"rendered":"https:\/\/belrobotics.andromede.digital\/tondeuses\/"},"modified":"2023-02-22T12:27:40","modified_gmt":"2023-02-22T11:27:40","slug":"connected-line","status":"publish","type":"page","link":"https:\/\/www.belrobotics.com\/fr-ch\/connected-line\/","title":{"rendered":"Robots tondeuses | Bigmow, Parcmow &#038; Ballpicker"},"content":{"rendered":"<h2 class=\"h3\">Connected line : Innovation Pure<\/h2>\n<p>Les robots issus de la gamme \u201cconnected line\u201d sont beaucoup plus robustes que ceux des g\u00e9n\u00e9rations pr\u00e9c\u00e9dentes. Les mat\u00e9riaux ultras fiables que nous utilisons pour les construire (du ch\u00e2ssis jusqu\u2019aux roues en passant par les connecteurs) les prot\u00e8gent des chocs, mais aussi de la poussi\u00e8re et de l\u2019humidit\u00e9. Leur dur\u00e9e de vie est donc exceptionnellement longue !<\/p>\n<p>Gr\u00e2ce \u00e0 leur isolation acoustique performante et leur syst\u00e8me de navigation, nos robots vous garantissent une exp\u00e9rience utilisateur rassurante. Avec eux, vos espaces verts resteront calmes et seront tondus jusque dans les moindres recoins. Vous n\u2019avez plus qu\u2019\u00e0 vous d\u00e9tendre et \u00e0 profiter de votre pelouse !<\/p>\n<p>Cette gamme permet \u00e9galement une maintenance simplifi\u00e9e ainsi qu\u2019une mise \u00e0 jour des logiciels \u00e0 distance.<\/p>\n","protected":false},"excerpt":{"rendered":"<p>Connected line : Innovation Pure Les robots issus de la gamme \u201cconnected line\u201d sont beaucoup plus robustes que ceux des g\u00e9n\u00e9rations pr\u00e9c\u00e9dentes. Les mat\u00e9riaux ultras fiables que nous utilisons pour les construire (du ch\u00e2ssis jusqu\u2019aux roues en passant par les connecteurs) les prot\u00e8gent des chocs, mais aussi de la poussi\u00e8re et de l\u2019humidit\u00e9. Leur dur\u00e9e [&hellip;]<\/p>\n","protected":false},"author":9,"featured_media":1330,"parent":0,"menu_order":0,"comment_status":"closed","ping_status":"closed","template":"template-archive-tondeuses.php","meta":{"_acf_changed":false,"footnotes":""},"class_list":["post-2567","page","type-page","status-publish","has-post-thumbnail","hentry"],"acf":[],"yoast_head":"<!-- This site is optimized with the Yoast SEO plugin v26.9 - https:\/\/yoast.com\/product\/yoast-seo-wordpress\/ -->\n<title>Robots tondeuses | Bigmow, Parcmow &amp; Ballpicker - Belrobotics<\/title>\n<meta name=\"description\" content=\"D\u00e9couvrez la connected line et ses robots robustes &amp; fiables, capables d\u2019une tonte haut de gamme avec une exp\u00e9rience utilisateur avanc\u00e9e et un contr\u00f4le total !\" \/>\n<meta name=\"robots\" content=\"index, follow, max-snippet:-1, max-image-preview:large, max-video-preview:-1\" \/>\n<link rel=\"canonical\" href=\"https:\/\/www.belrobotics.com\/fr-ch\/connected-line\/\" \/>\n<meta property=\"og:locale\" content=\"fr_FR\" \/>\n<meta property=\"og:type\" content=\"article\" \/>\n<meta property=\"og:title\" content=\"Robots tondeuses | Bigmow, Parcmow &amp; Ballpicker - Belrobotics\" \/>\n<meta property=\"og:description\" content=\"D\u00e9couvrez la connected line et ses robots robustes &amp; fiables, capables d\u2019une tonte haut de gamme avec une exp\u00e9rience utilisateur avanc\u00e9e et un contr\u00f4le total !\" \/>\n<meta property=\"og:url\" content=\"https:\/\/www.belrobotics.com\/fr-ch\/connected-line\/\" \/>\n<meta property=\"og:site_name\" content=\"Belrobotics\" \/>\n<meta property=\"article:publisher\" content=\"https:\/\/www.facebook.com\/belrobotics\" \/>\n<meta property=\"article:modified_time\" content=\"2023-02-22T11:27:40+00:00\" \/>\n<meta property=\"og:image\" content=\"https:\/\/www.belrobotics.com\/wp-content\/uploads\/2019\/04\/Golf_43327_2.jpg\" \/>\n\t<meta property=\"og:image:width\" content=\"3000\" \/>\n\t<meta property=\"og:image:height\" content=\"2249\" \/>\n\t<meta property=\"og:image:type\" content=\"image\/jpeg\" \/>\n<meta name=\"twitter:card\" content=\"summary_large_image\" \/>\n<meta name=\"twitter:label1\" content=\"Est. reading time\" \/>\n\t<meta name=\"twitter:data1\" content=\"1 minute\" \/>\n<script type=\"application\/ld+json\" class=\"yoast-schema-graph\">{\"@context\":\"https:\/\/schema.org\",\"@graph\":[{\"@type\":\"WebPage\",\"@id\":\"https:\/\/www.belrobotics.com\/fr-ch\/connected-line\/\",\"url\":\"https:\/\/www.belrobotics.com\/fr-ch\/connected-line\/\",\"name\":\"Robots tondeuses | Bigmow, Parcmow & Ballpicker - Belrobotics\",\"isPartOf\":{\"@id\":\"https:\/\/www.belrobotics.com\/fr-ch\/#website\"},\"primaryImageOfPage\":{\"@id\":\"https:\/\/www.belrobotics.com\/fr-ch\/connected-line\/#primaryimage\"},\"image\":{\"@id\":\"https:\/\/www.belrobotics.com\/fr-ch\/connected-line\/#primaryimage\"},\"thumbnailUrl\":\"https:\/\/www.belrobotics.com\/wp-content\/uploads\/2019\/04\/Golf_43327_2.jpg\",\"datePublished\":\"2019-05-13T14:50:06+00:00\",\"dateModified\":\"2023-02-22T11:27:40+00:00\",\"description\":\"D\u00e9couvrez la connected line et ses robots robustes & fiables, capables d\u2019une tonte haut de gamme avec une exp\u00e9rience utilisateur avanc\u00e9e et un contr\u00f4le total !\",\"breadcrumb\":{\"@id\":\"https:\/\/www.belrobotics.com\/fr-ch\/connected-line\/#breadcrumb\"},\"inLanguage\":\"fr-CH\",\"potentialAction\":[{\"@type\":\"ReadAction\",\"target\":[\"https:\/\/www.belrobotics.com\/fr-ch\/connected-line\/\"]}]},{\"@type\":\"ImageObject\",\"inLanguage\":\"fr-CH\",\"@id\":\"https:\/\/www.belrobotics.com\/fr-ch\/connected-line\/#primaryimage\",\"url\":\"https:\/\/www.belrobotics.com\/wp-content\/uploads\/2019\/04\/Golf_43327_2.jpg\",\"contentUrl\":\"https:\/\/www.belrobotics.com\/wp-content\/uploads\/2019\/04\/Golf_43327_2.jpg\",\"width\":3000,\"height\":2249},{\"@type\":\"BreadcrumbList\",\"@id\":\"https:\/\/www.belrobotics.com\/fr-ch\/connected-line\/#breadcrumb\",\"itemListElement\":[{\"@type\":\"ListItem\",\"position\":1,\"name\":\"Home\",\"item\":\"https:\/\/www.belrobotics.com\/fr-ch\/\"},{\"@type\":\"ListItem\",\"position\":2,\"name\":\"Robots tondeuses | Bigmow, Parcmow &#038; Ballpicker\"}]},{\"@type\":\"WebSite\",\"@id\":\"https:\/\/www.belrobotics.com\/fr-ch\/#website\",\"url\":\"https:\/\/www.belrobotics.com\/fr-ch\/\",\"name\":\"Belrobotics\",\"description\":\"The grass masters\",\"publisher\":{\"@id\":\"https:\/\/www.belrobotics.com\/fr-ch\/#organization\"},\"potentialAction\":[{\"@type\":\"SearchAction\",\"target\":{\"@type\":\"EntryPoint\",\"urlTemplate\":\"https:\/\/www.belrobotics.com\/fr-ch\/?s={search_term_string}\"},\"query-input\":{\"@type\":\"PropertyValueSpecification\",\"valueRequired\":true,\"valueName\":\"search_term_string\"}}],\"inLanguage\":\"fr-CH\"},{\"@type\":\"Organization\",\"@id\":\"https:\/\/www.belrobotics.com\/fr-ch\/#organization\",\"name\":\"Belrobotics\",\"url\":\"https:\/\/www.belrobotics.com\/fr-ch\/\",\"logo\":{\"@type\":\"ImageObject\",\"inLanguage\":\"fr-CH\",\"@id\":\"https:\/\/www.belrobotics.com\/fr-ch\/#\/schema\/logo\/image\/\",\"url\":\"https:\/\/www.belrobotics.com\/wp-content\/uploads\/2019\/01\/logo-belrobotics.svg\",\"contentUrl\":\"https:\/\/www.belrobotics.com\/wp-content\/uploads\/2019\/01\/logo-belrobotics.svg\",\"width\":100,\"height\":16,\"caption\":\"Belrobotics\"},\"image\":{\"@id\":\"https:\/\/www.belrobotics.com\/fr-ch\/#\/schema\/logo\/image\/\"},\"sameAs\":[\"https:\/\/www.facebook.com\/belrobotics\",\"https:\/\/www.youtube.com\/channel\/UCYgWBPRzEdXmUqLRL0JbUIw\",\"https:\/\/www.instagram.com\/belrobotics_europe\/\"]}]}<\/script>\n<!-- \/ Yoast SEO plugin. -->","yoast_head_json":{"title":"Robots tondeuses | Bigmow, Parcmow & Ballpicker - Belrobotics","description":"D\u00e9couvrez la connected line et ses robots robustes & fiables, capables d\u2019une tonte haut de gamme avec une exp\u00e9rience utilisateur avanc\u00e9e et un contr\u00f4le total !","robots":{"index":"index","follow":"follow","max-snippet":"max-snippet:-1","max-image-preview":"max-image-preview:large","max-video-preview":"max-video-preview:-1"},"canonical":"https:\/\/www.belrobotics.com\/fr-ch\/connected-line\/","og_locale":"fr_FR","og_type":"article","og_title":"Robots tondeuses | Bigmow, Parcmow & Ballpicker - Belrobotics","og_description":"D\u00e9couvrez la connected line et ses robots robustes & fiables, capables d\u2019une tonte haut de gamme avec une exp\u00e9rience utilisateur avanc\u00e9e et un contr\u00f4le total !","og_url":"https:\/\/www.belrobotics.com\/fr-ch\/connected-line\/","og_site_name":"Belrobotics","article_publisher":"https:\/\/www.facebook.com\/belrobotics","article_modified_time":"2023-02-22T11:27:40+00:00","og_image":[{"width":3000,"height":2249,"url":"https:\/\/www.belrobotics.com\/wp-content\/uploads\/2019\/04\/Golf_43327_2.jpg","type":"image\/jpeg"}],"twitter_card":"summary_large_image","twitter_misc":{"Est. reading time":"1 minute"},"schema":{"@context":"https:\/\/schema.org","@graph":[{"@type":"WebPage","@id":"https:\/\/www.belrobotics.com\/fr-ch\/connected-line\/","url":"https:\/\/www.belrobotics.com\/fr-ch\/connected-line\/","name":"Robots tondeuses | Bigmow, Parcmow & Ballpicker - Belrobotics","isPartOf":{"@id":"https:\/\/www.belrobotics.com\/fr-ch\/#website"},"primaryImageOfPage":{"@id":"https:\/\/www.belrobotics.com\/fr-ch\/connected-line\/#primaryimage"},"image":{"@id":"https:\/\/www.belrobotics.com\/fr-ch\/connected-line\/#primaryimage"},"thumbnailUrl":"https:\/\/www.belrobotics.com\/wp-content\/uploads\/2019\/04\/Golf_43327_2.jpg","datePublished":"2019-05-13T14:50:06+00:00","dateModified":"2023-02-22T11:27:40+00:00","description":"D\u00e9couvrez la connected line et ses robots robustes & fiables, capables d\u2019une tonte haut de gamme avec une exp\u00e9rience utilisateur avanc\u00e9e et un contr\u00f4le total !","breadcrumb":{"@id":"https:\/\/www.belrobotics.com\/fr-ch\/connected-line\/#breadcrumb"},"inLanguage":"fr-CH","potentialAction":[{"@type":"ReadAction","target":["https:\/\/www.belrobotics.com\/fr-ch\/connected-line\/"]}]},{"@type":"ImageObject","inLanguage":"fr-CH","@id":"https:\/\/www.belrobotics.com\/fr-ch\/connected-line\/#primaryimage","url":"https:\/\/www.belrobotics.com\/wp-content\/uploads\/2019\/04\/Golf_43327_2.jpg","contentUrl":"https:\/\/www.belrobotics.com\/wp-content\/uploads\/2019\/04\/Golf_43327_2.jpg","width":3000,"height":2249},{"@type":"BreadcrumbList","@id":"https:\/\/www.belrobotics.com\/fr-ch\/connected-line\/#breadcrumb","itemListElement":[{"@type":"ListItem","position":1,"name":"Home","item":"https:\/\/www.belrobotics.com\/fr-ch\/"},{"@type":"ListItem","position":2,"name":"Robots tondeuses | Bigmow, Parcmow &#038; Ballpicker"}]},{"@type":"WebSite","@id":"https:\/\/www.belrobotics.com\/fr-ch\/#website","url":"https:\/\/www.belrobotics.com\/fr-ch\/","name":"Belrobotics","description":"The grass masters","publisher":{"@id":"https:\/\/www.belrobotics.com\/fr-ch\/#organization"},"potentialAction":[{"@type":"SearchAction","target":{"@type":"EntryPoint","urlTemplate":"https:\/\/www.belrobotics.com\/fr-ch\/?s={search_term_string}"},"query-input":{"@type":"PropertyValueSpecification","valueRequired":true,"valueName":"search_term_string"}}],"inLanguage":"fr-CH"},{"@type":"Organization","@id":"https:\/\/www.belrobotics.com\/fr-ch\/#organization","name":"Belrobotics","url":"https:\/\/www.belrobotics.com\/fr-ch\/","logo":{"@type":"ImageObject","inLanguage":"fr-CH","@id":"https:\/\/www.belrobotics.com\/fr-ch\/#\/schema\/logo\/image\/","url":"https:\/\/www.belrobotics.com\/wp-content\/uploads\/2019\/01\/logo-belrobotics.svg","contentUrl":"https:\/\/www.belrobotics.com\/wp-content\/uploads\/2019\/01\/logo-belrobotics.svg","width":100,"height":16,"caption":"Belrobotics"},"image":{"@id":"https:\/\/www.belrobotics.com\/fr-ch\/#\/schema\/logo\/image\/"},"sameAs":["https:\/\/www.facebook.com\/belrobotics","https:\/\/www.youtube.com\/channel\/UCYgWBPRzEdXmUqLRL0JbUIw","https:\/\/www.instagram.com\/belrobotics_europe\/"]}]}},"_links":{"self":[{"href":"https:\/\/www.belrobotics.com\/fr-ch\/wp-json\/wp\/v2\/pages\/2567","targetHints":{"allow":["GET"]}}],"collection":[{"href":"https:\/\/www.belrobotics.com\/fr-ch\/wp-json\/wp\/v2\/pages"}],"about":[{"href":"https:\/\/www.belrobotics.com\/fr-ch\/wp-json\/wp\/v2\/types\/page"}],"author":[{"embeddable":true,"href":"https:\/\/www.belrobotics.com\/fr-ch\/wp-json\/wp\/v2\/users\/9"}],"replies":[{"embeddable":true,"href":"https:\/\/www.belrobotics.com\/fr-ch\/wp-json\/wp\/v2\/comments?post=2567"}],"version-history":[{"count":2,"href":"https:\/\/www.belrobotics.com\/fr-ch\/wp-json\/wp\/v2\/pages\/2567\/revisions"}],"predecessor-version":[{"id":21854,"href":"https:\/\/www.belrobotics.com\/fr-ch\/wp-json\/wp\/v2\/pages\/2567\/revisions\/21854"}],"wp:featuredmedia":[{"embeddable":true,"href":"https:\/\/www.belrobotics.com\/fr-ch\/wp-json\/wp\/v2\/media\/1330"}],"wp:attachment":[{"href":"https:\/\/www.belrobotics.com\/fr-ch\/wp-json\/wp\/v2\/media?parent=2567"}],"curies":[{"name":"wp","href":"https:\/\/api.w.org\/{rel}","templated":true}]}}