{"id":18812,"date":"2022-03-22T13:43:44","date_gmt":"2022-03-22T12:43:44","guid":{"rendered":"https:\/\/belrobotics.andromede.digital\/?page_id=18812"},"modified":"2023-05-16T11:11:02","modified_gmt":"2023-05-16T10:11:02","slug":"gps-rtk","status":"publish","type":"page","link":"https:\/\/www.belrobotics.com\/fr-ch\/gps-rtk\/","title":{"rendered":"Tondeuse robot GPS  avec technologie RTK"},"content":{"rendered":"<h2 class=\"h3\">RTK : tonte syst\u00e9matique en bande pour les professionnels exigeants<\/h2>\n<p>Responsable des espaces verts pour une entreprise ou un organisme public ? Gestionnaires de site sportifs ? D\u00e9couvrez une nouvelle technologie de robot de tonte au service de vos objectifs et de votre image. D\u00e9sormais, vos tondeuses robots sont guid\u00e9es par GPS RTK et vous b\u00e9n\u00e9ficiez d\u2019une tonte syst\u00e9matique en bande.<\/p>\n<h2 class=\"h3\">Nouvelle technologie GPS embarqu\u00e9e<\/h2>\n<p>Votre terrain exige une tonte ultra pr\u00e9cise ? Besoin de couvrir la m\u00eame surface en moins de temps ? Voici la nouvelle g\u00e9n\u00e9ration de robots tondeuses guid\u00e9s par GPS RTK. La tonte syst\u00e9matique en bande est obtenue gr\u00e2ce \u00e0 la technologie RTK (Real-time kinematic). R\u00e9sultats ? Am\u00e9lioration des prestations, booste de l\u2019exp\u00e9rience utilisateur et tonte syst\u00e9matique.<\/p>\n","protected":false},"excerpt":{"rendered":"<p>RTK : tonte syst\u00e9matique en bande pour les professionnels exigeants Responsable des espaces verts pour une entreprise ou un organisme public ? Gestionnaires de site sportifs ? D\u00e9couvrez une nouvelle technologie de robot de tonte au service de vos objectifs et de votre image. D\u00e9sormais, vos tondeuses robots sont guid\u00e9es par GPS RTK et vous [&hellip;]<\/p>\n","protected":false},"author":9,"featured_media":13335,"parent":0,"menu_order":0,"comment_status":"closed","ping_status":"closed","template":"gps-rtk.php","meta":{"_acf_changed":false,"footnotes":""},"class_list":["post-18812","page","type-page","status-publish","has-post-thumbnail","hentry"],"acf":[],"yoast_head":"<!-- This site is optimized with the Yoast SEO plugin v26.9 - https:\/\/yoast.com\/product\/yoast-seo-wordpress\/ -->\n<title>Tondeuse robot GPS avec technologie RTK - Belrobotics<\/title>\n<meta name=\"robots\" content=\"index, follow, max-snippet:-1, max-image-preview:large, max-video-preview:-1\" \/>\n<link rel=\"canonical\" href=\"https:\/\/www.belrobotics.com\/fr-ch\/gps-rtk\/\" \/>\n<meta property=\"og:locale\" content=\"fr_FR\" \/>\n<meta property=\"og:type\" content=\"article\" \/>\n<meta property=\"og:title\" content=\"Tondeuse robot GPS avec technologie RTK - Belrobotics\" \/>\n<meta property=\"og:description\" content=\"RTK : tonte syst\u00e9matique en bande pour les professionnels exigeants Responsable des espaces verts pour une entreprise ou un organisme public ? Gestionnaires de site sportifs ? D\u00e9couvrez une nouvelle technologie de robot de tonte au service de vos objectifs et de votre image. D\u00e9sormais, vos tondeuses robots sont guid\u00e9es par GPS RTK et vous [&hellip;]\" \/>\n<meta property=\"og:url\" content=\"https:\/\/www.belrobotics.com\/fr-ch\/gps-rtk\/\" \/>\n<meta property=\"og:site_name\" content=\"Belrobotics\" \/>\n<meta property=\"article:publisher\" content=\"https:\/\/www.facebook.com\/belrobotics\" \/>\n<meta property=\"article:modified_time\" content=\"2023-05-16T10:11:02+00:00\" \/>\n<meta property=\"og:image\" content=\"https:\/\/www.belrobotics.com\/wp-content\/uploads\/2021\/07\/gps-rtk_2.jpg\" \/>\n\t<meta property=\"og:image:width\" content=\"1291\" \/>\n\t<meta property=\"og:image:height\" content=\"794\" \/>\n\t<meta property=\"og:image:type\" content=\"image\/jpeg\" \/>\n<meta name=\"twitter:card\" content=\"summary_large_image\" \/>\n<meta name=\"twitter:label1\" content=\"Est. reading time\" \/>\n\t<meta name=\"twitter:data1\" content=\"1 minute\" \/>\n<script type=\"application\/ld+json\" class=\"yoast-schema-graph\">{\"@context\":\"https:\/\/schema.org\",\"@graph\":[{\"@type\":\"WebPage\",\"@id\":\"https:\/\/www.belrobotics.com\/fr-ch\/gps-rtk\/\",\"url\":\"https:\/\/www.belrobotics.com\/fr-ch\/gps-rtk\/\",\"name\":\"Tondeuse robot GPS avec technologie RTK - Belrobotics\",\"isPartOf\":{\"@id\":\"https:\/\/www.belrobotics.com\/fr-ch\/#website\"},\"primaryImageOfPage\":{\"@id\":\"https:\/\/www.belrobotics.com\/fr-ch\/gps-rtk\/#primaryimage\"},\"image\":{\"@id\":\"https:\/\/www.belrobotics.com\/fr-ch\/gps-rtk\/#primaryimage\"},\"thumbnailUrl\":\"https:\/\/www.belrobotics.com\/wp-content\/uploads\/2021\/07\/gps-rtk_2.jpg\",\"datePublished\":\"2022-03-22T12:43:44+00:00\",\"dateModified\":\"2023-05-16T10:11:02+00:00\",\"breadcrumb\":{\"@id\":\"https:\/\/www.belrobotics.com\/fr-ch\/gps-rtk\/#breadcrumb\"},\"inLanguage\":\"fr-CH\",\"potentialAction\":[{\"@type\":\"ReadAction\",\"target\":[\"https:\/\/www.belrobotics.com\/fr-ch\/gps-rtk\/\"]}]},{\"@type\":\"ImageObject\",\"inLanguage\":\"fr-CH\",\"@id\":\"https:\/\/www.belrobotics.com\/fr-ch\/gps-rtk\/#primaryimage\",\"url\":\"https:\/\/www.belrobotics.com\/wp-content\/uploads\/2021\/07\/gps-rtk_2.jpg\",\"contentUrl\":\"https:\/\/www.belrobotics.com\/wp-content\/uploads\/2021\/07\/gps-rtk_2.jpg\",\"width\":1291,\"height\":794},{\"@type\":\"BreadcrumbList\",\"@id\":\"https:\/\/www.belrobotics.com\/fr-ch\/gps-rtk\/#breadcrumb\",\"itemListElement\":[{\"@type\":\"ListItem\",\"position\":1,\"name\":\"Home\",\"item\":\"https:\/\/www.belrobotics.com\/fr-ch\/\"},{\"@type\":\"ListItem\",\"position\":2,\"name\":\"Tondeuse robot GPS avec technologie RTK\"}]},{\"@type\":\"WebSite\",\"@id\":\"https:\/\/www.belrobotics.com\/fr-ch\/#website\",\"url\":\"https:\/\/www.belrobotics.com\/fr-ch\/\",\"name\":\"Belrobotics\",\"description\":\"The grass masters\",\"publisher\":{\"@id\":\"https:\/\/www.belrobotics.com\/fr-ch\/#organization\"},\"potentialAction\":[{\"@type\":\"SearchAction\",\"target\":{\"@type\":\"EntryPoint\",\"urlTemplate\":\"https:\/\/www.belrobotics.com\/fr-ch\/?s={search_term_string}\"},\"query-input\":{\"@type\":\"PropertyValueSpecification\",\"valueRequired\":true,\"valueName\":\"search_term_string\"}}],\"inLanguage\":\"fr-CH\"},{\"@type\":\"Organization\",\"@id\":\"https:\/\/www.belrobotics.com\/fr-ch\/#organization\",\"name\":\"Belrobotics\",\"url\":\"https:\/\/www.belrobotics.com\/fr-ch\/\",\"logo\":{\"@type\":\"ImageObject\",\"inLanguage\":\"fr-CH\",\"@id\":\"https:\/\/www.belrobotics.com\/fr-ch\/#\/schema\/logo\/image\/\",\"url\":\"https:\/\/www.belrobotics.com\/wp-content\/uploads\/2019\/01\/logo-belrobotics.svg\",\"contentUrl\":\"https:\/\/www.belrobotics.com\/wp-content\/uploads\/2019\/01\/logo-belrobotics.svg\",\"width\":100,\"height\":16,\"caption\":\"Belrobotics\"},\"image\":{\"@id\":\"https:\/\/www.belrobotics.com\/fr-ch\/#\/schema\/logo\/image\/\"},\"sameAs\":[\"https:\/\/www.facebook.com\/belrobotics\",\"https:\/\/www.youtube.com\/channel\/UCYgWBPRzEdXmUqLRL0JbUIw\",\"https:\/\/www.instagram.com\/belrobotics_europe\/\"]}]}<\/script>\n<!-- \/ Yoast SEO plugin. -->","yoast_head_json":{"title":"Tondeuse robot GPS avec technologie RTK - Belrobotics","robots":{"index":"index","follow":"follow","max-snippet":"max-snippet:-1","max-image-preview":"max-image-preview:large","max-video-preview":"max-video-preview:-1"},"canonical":"https:\/\/www.belrobotics.com\/fr-ch\/gps-rtk\/","og_locale":"fr_FR","og_type":"article","og_title":"Tondeuse robot GPS avec technologie RTK - Belrobotics","og_description":"RTK : tonte syst\u00e9matique en bande pour les professionnels exigeants Responsable des espaces verts pour une entreprise ou un organisme public ? Gestionnaires de site sportifs ? D\u00e9couvrez une nouvelle technologie de robot de tonte au service de vos objectifs et de votre image. D\u00e9sormais, vos tondeuses robots sont guid\u00e9es par GPS RTK et vous [&hellip;]","og_url":"https:\/\/www.belrobotics.com\/fr-ch\/gps-rtk\/","og_site_name":"Belrobotics","article_publisher":"https:\/\/www.facebook.com\/belrobotics","article_modified_time":"2023-05-16T10:11:02+00:00","og_image":[{"width":1291,"height":794,"url":"https:\/\/www.belrobotics.com\/wp-content\/uploads\/2021\/07\/gps-rtk_2.jpg","type":"image\/jpeg"}],"twitter_card":"summary_large_image","twitter_misc":{"Est. reading time":"1 minute"},"schema":{"@context":"https:\/\/schema.org","@graph":[{"@type":"WebPage","@id":"https:\/\/www.belrobotics.com\/fr-ch\/gps-rtk\/","url":"https:\/\/www.belrobotics.com\/fr-ch\/gps-rtk\/","name":"Tondeuse robot GPS avec technologie RTK - Belrobotics","isPartOf":{"@id":"https:\/\/www.belrobotics.com\/fr-ch\/#website"},"primaryImageOfPage":{"@id":"https:\/\/www.belrobotics.com\/fr-ch\/gps-rtk\/#primaryimage"},"image":{"@id":"https:\/\/www.belrobotics.com\/fr-ch\/gps-rtk\/#primaryimage"},"thumbnailUrl":"https:\/\/www.belrobotics.com\/wp-content\/uploads\/2021\/07\/gps-rtk_2.jpg","datePublished":"2022-03-22T12:43:44+00:00","dateModified":"2023-05-16T10:11:02+00:00","breadcrumb":{"@id":"https:\/\/www.belrobotics.com\/fr-ch\/gps-rtk\/#breadcrumb"},"inLanguage":"fr-CH","potentialAction":[{"@type":"ReadAction","target":["https:\/\/www.belrobotics.com\/fr-ch\/gps-rtk\/"]}]},{"@type":"ImageObject","inLanguage":"fr-CH","@id":"https:\/\/www.belrobotics.com\/fr-ch\/gps-rtk\/#primaryimage","url":"https:\/\/www.belrobotics.com\/wp-content\/uploads\/2021\/07\/gps-rtk_2.jpg","contentUrl":"https:\/\/www.belrobotics.com\/wp-content\/uploads\/2021\/07\/gps-rtk_2.jpg","width":1291,"height":794},{"@type":"BreadcrumbList","@id":"https:\/\/www.belrobotics.com\/fr-ch\/gps-rtk\/#breadcrumb","itemListElement":[{"@type":"ListItem","position":1,"name":"Home","item":"https:\/\/www.belrobotics.com\/fr-ch\/"},{"@type":"ListItem","position":2,"name":"Tondeuse robot GPS avec technologie RTK"}]},{"@type":"WebSite","@id":"https:\/\/www.belrobotics.com\/fr-ch\/#website","url":"https:\/\/www.belrobotics.com\/fr-ch\/","name":"Belrobotics","description":"The grass masters","publisher":{"@id":"https:\/\/www.belrobotics.com\/fr-ch\/#organization"},"potentialAction":[{"@type":"SearchAction","target":{"@type":"EntryPoint","urlTemplate":"https:\/\/www.belrobotics.com\/fr-ch\/?s={search_term_string}"},"query-input":{"@type":"PropertyValueSpecification","valueRequired":true,"valueName":"search_term_string"}}],"inLanguage":"fr-CH"},{"@type":"Organization","@id":"https:\/\/www.belrobotics.com\/fr-ch\/#organization","name":"Belrobotics","url":"https:\/\/www.belrobotics.com\/fr-ch\/","logo":{"@type":"ImageObject","inLanguage":"fr-CH","@id":"https:\/\/www.belrobotics.com\/fr-ch\/#\/schema\/logo\/image\/","url":"https:\/\/www.belrobotics.com\/wp-content\/uploads\/2019\/01\/logo-belrobotics.svg","contentUrl":"https:\/\/www.belrobotics.com\/wp-content\/uploads\/2019\/01\/logo-belrobotics.svg","width":100,"height":16,"caption":"Belrobotics"},"image":{"@id":"https:\/\/www.belrobotics.com\/fr-ch\/#\/schema\/logo\/image\/"},"sameAs":["https:\/\/www.facebook.com\/belrobotics","https:\/\/www.youtube.com\/channel\/UCYgWBPRzEdXmUqLRL0JbUIw","https:\/\/www.instagram.com\/belrobotics_europe\/"]}]}},"_links":{"self":[{"href":"https:\/\/www.belrobotics.com\/fr-ch\/wp-json\/wp\/v2\/pages\/18812","targetHints":{"allow":["GET"]}}],"collection":[{"href":"https:\/\/www.belrobotics.com\/fr-ch\/wp-json\/wp\/v2\/pages"}],"about":[{"href":"https:\/\/www.belrobotics.com\/fr-ch\/wp-json\/wp\/v2\/types\/page"}],"author":[{"embeddable":true,"href":"https:\/\/www.belrobotics.com\/fr-ch\/wp-json\/wp\/v2\/users\/9"}],"replies":[{"embeddable":true,"href":"https:\/\/www.belrobotics.com\/fr-ch\/wp-json\/wp\/v2\/comments?post=18812"}],"version-history":[{"count":1,"href":"https:\/\/www.belrobotics.com\/fr-ch\/wp-json\/wp\/v2\/pages\/18812\/revisions"}],"predecessor-version":[{"id":23324,"href":"https:\/\/www.belrobotics.com\/fr-ch\/wp-json\/wp\/v2\/pages\/18812\/revisions\/23324"}],"wp:featuredmedia":[{"embeddable":true,"href":"https:\/\/www.belrobotics.com\/fr-ch\/wp-json\/wp\/v2\/media\/13335"}],"wp:attachment":[{"href":"https:\/\/www.belrobotics.com\/fr-ch\/wp-json\/wp\/v2\/media?parent=18812"}],"curies":[{"name":"wp","href":"https:\/\/api.w.org\/{rel}","templated":true}]}}