{"id":1694,"date":"2018-12-07T10:54:36","date_gmt":"2018-12-07T10:54:36","guid":{"rendered":"https:\/\/belrobotics.andromede.digital\/politique-de-protection-de-vos-donnees\/"},"modified":"2020-03-23T16:49:03","modified_gmt":"2020-03-23T15:49:03","slug":"politique-de-protection-de-vos-donnees","status":"publish","type":"page","link":"https:\/\/www.belrobotics.com\/fr-ch\/politique-de-protection-de-vos-donnees\/","title":{"rendered":"Politique de protection de vos donn\u00e9es"},"content":{"rendered":"\r\n<p>Conform\u00e9ment aux dispositions du R\u00e8glement (UE) 2016\/679 du Parlement europ\u00e9en et du Conseil du 27 avril 2016 relatif \u00e0 la protection des personnes physiques \u00e0 l\u2019\u00e9gard du traitement des donn\u00e9es \u00e0 caract\u00e8re personnel et \u00e0 la libre circulation de ces donn\u00e9es (RGPD) , nous souhaitons vous informer des conditions de traitement de vos donn\u00e9es \u00e0 caract\u00e8re personnel.<\/p>\r\n<p>En tant que responsable de traitement et sous-traitant, nous traitons vos donn\u00e9es dans le cadre des missions que vous nous confiez.<\/p>\r\n<p>Vos donn\u00e9es sont conserv\u00e9es pour le temps n\u00e9cessaire \u00e0 la mission et selon la dur\u00e9e l\u00e9gale d\u2019archivage et de conservation des documents en lien avec notre m\u00e9tier de vente et maintenance de robots tondeuses, tailles haie, souffleurs et tron\u00e7onneuses de marque Belrobotics, Echo, Shindaiwa.<\/p>\r\n<p>Lors de votre visite sur notre site internet, l\u2019adresse IP de votre appareil de connexion est identifi\u00e9e.<\/p>\r\n<p>Vos donn\u00e9es d\u2019identification sont trait\u00e9es \u00e0 des fins d\u2019enregistrement et de contr\u00f4le de votre identit\u00e9, de pr\u00e9vention \u00e9ventuelle contre les virus, le hame\u00e7onnage ou d\u2019autres crimes informatiques, de statistiques et d\u2019am\u00e9lioration de notre site web.<\/p>\r\n<p>Lorsque vous remplissez le formulaire de contact, devis ou de demande de support repris sur le site https:\/\/www.belrobotics.com\/fr-be , vos donn\u00e9es sont trait\u00e9es dans le cadre de la gestion des requ\u00eates, questions, actions d\u2019am\u00e9lioration.<\/p>\r\n<p>\u00c0 tout moment, vous avez le droit d\u2019acc\u00e9der sans frais aux informations que nous d\u00e9tenons sur vous, de les mettre \u00e0 jour ou de les corriger, de les supprimer ou d\u2019en demander le transfert.<\/p>\r\n<p>Pour ce faire vous devez prendre contact avec le responsable de traitement de notre soci\u00e9t\u00e9 soit via email \u00e0 l\u2019adresse : <a href=\"mailto:dataprivacy@yamabiko.eu\">dataprivacy@yamabiko.eu<\/a>\u00a0<\/p>\r\n<p>Nous nous engageons \u00e0 prendre les mesures techniques et organisationnelles appropri\u00e9es pour assurer la protection de vos donn\u00e9es \u00e0 caract\u00e8re personnel contre la destruction, qu&#8217;elle soit accidentelle ou illicite, contre la perte, la falsification, la diffusion ou l&#8217;acc\u00e8s non autoris\u00e9s notamment lorsque le traitement suppose la transmission de donn\u00e9es par r\u00e9seau, et contre toute autre forme illicite de traitement, et assurons un niveau de s\u00e9curit\u00e9 adapt\u00e9 aux risques que repr\u00e9sentent le traitement et la nature des donn\u00e9es \u00e0 caract\u00e8re personnel \u00e0 prot\u00e9ger, compte tenu des possibilit\u00e9s techniques et du co\u00fbt de mise en \u0153uvre.<\/p>\r\n","protected":false},"excerpt":{"rendered":"<p>Conform\u00e9ment aux dispositions du R\u00e8glement (UE) 2016\/679 du Parlement europ\u00e9en et du Conseil du 27 avril 2016 relatif \u00e0 la protection des personnes physiques \u00e0 l\u2019\u00e9gard du traitement des donn\u00e9es \u00e0 caract\u00e8re personnel et \u00e0 la libre circulation de ces donn\u00e9es (RGPD) , nous souhaitons vous informer des conditions de traitement de vos donn\u00e9es \u00e0 [&hellip;]<\/p>\n","protected":false},"author":9,"featured_media":0,"parent":0,"menu_order":0,"comment_status":"closed","ping_status":"closed","template":"","meta":{"_acf_changed":false,"footnotes":""},"class_list":["post-1694","page","type-page","status-publish","hentry"],"acf":[],"yoast_head":"<!-- This site is optimized with the Yoast SEO plugin v26.9 - https:\/\/yoast.com\/product\/yoast-seo-wordpress\/ -->\n<title>Politique de protection de vos donn\u00e9es - Belrobotics<\/title>\n<meta name=\"robots\" content=\"index, follow, max-snippet:-1, max-image-preview:large, max-video-preview:-1\" \/>\n<link rel=\"canonical\" href=\"https:\/\/www.belrobotics.com\/fr-ch\/politique-de-protection-de-vos-donnees\/\" \/>\n<meta property=\"og:locale\" content=\"fr_FR\" \/>\n<meta property=\"og:type\" content=\"article\" \/>\n<meta property=\"og:title\" content=\"Politique de protection de vos donn\u00e9es - Belrobotics\" \/>\n<meta property=\"og:description\" content=\"Conform\u00e9ment aux dispositions du R\u00e8glement (UE) 2016\/679 du Parlement europ\u00e9en et du Conseil du 27 avril 2016 relatif \u00e0 la protection des personnes physiques \u00e0 l\u2019\u00e9gard du traitement des donn\u00e9es \u00e0 caract\u00e8re personnel et \u00e0 la libre circulation de ces donn\u00e9es (RGPD) , nous souhaitons vous informer des conditions de traitement de vos donn\u00e9es \u00e0 [&hellip;]\" \/>\n<meta property=\"og:url\" content=\"https:\/\/www.belrobotics.com\/fr-ch\/politique-de-protection-de-vos-donnees\/\" \/>\n<meta property=\"og:site_name\" content=\"Belrobotics\" \/>\n<meta property=\"article:publisher\" content=\"https:\/\/www.facebook.com\/belrobotics\" \/>\n<meta property=\"article:modified_time\" content=\"2020-03-23T15:49:03+00:00\" \/>\n<meta name=\"twitter:card\" content=\"summary_large_image\" \/>\n<meta name=\"twitter:label1\" content=\"Est. reading time\" \/>\n\t<meta name=\"twitter:data1\" content=\"2 minutes\" \/>\n<script type=\"application\/ld+json\" class=\"yoast-schema-graph\">{\"@context\":\"https:\/\/schema.org\",\"@graph\":[{\"@type\":\"WebPage\",\"@id\":\"https:\/\/www.belrobotics.com\/fr-ch\/politique-de-protection-de-vos-donnees\/\",\"url\":\"https:\/\/www.belrobotics.com\/fr-ch\/politique-de-protection-de-vos-donnees\/\",\"name\":\"Politique de protection de vos donn\u00e9es - Belrobotics\",\"isPartOf\":{\"@id\":\"https:\/\/www.belrobotics.com\/fr-ch\/#website\"},\"datePublished\":\"2018-12-07T10:54:36+00:00\",\"dateModified\":\"2020-03-23T15:49:03+00:00\",\"breadcrumb\":{\"@id\":\"https:\/\/www.belrobotics.com\/fr-ch\/politique-de-protection-de-vos-donnees\/#breadcrumb\"},\"inLanguage\":\"fr-CH\",\"potentialAction\":[{\"@type\":\"ReadAction\",\"target\":[\"https:\/\/www.belrobotics.com\/fr-ch\/politique-de-protection-de-vos-donnees\/\"]}]},{\"@type\":\"BreadcrumbList\",\"@id\":\"https:\/\/www.belrobotics.com\/fr-ch\/politique-de-protection-de-vos-donnees\/#breadcrumb\",\"itemListElement\":[{\"@type\":\"ListItem\",\"position\":1,\"name\":\"Home\",\"item\":\"https:\/\/www.belrobotics.com\/fr-ch\/\"},{\"@type\":\"ListItem\",\"position\":2,\"name\":\"Politique de protection de vos donn\u00e9es\"}]},{\"@type\":\"WebSite\",\"@id\":\"https:\/\/www.belrobotics.com\/fr-ch\/#website\",\"url\":\"https:\/\/www.belrobotics.com\/fr-ch\/\",\"name\":\"Belrobotics\",\"description\":\"The grass masters\",\"publisher\":{\"@id\":\"https:\/\/www.belrobotics.com\/fr-ch\/#organization\"},\"potentialAction\":[{\"@type\":\"SearchAction\",\"target\":{\"@type\":\"EntryPoint\",\"urlTemplate\":\"https:\/\/www.belrobotics.com\/fr-ch\/?s={search_term_string}\"},\"query-input\":{\"@type\":\"PropertyValueSpecification\",\"valueRequired\":true,\"valueName\":\"search_term_string\"}}],\"inLanguage\":\"fr-CH\"},{\"@type\":\"Organization\",\"@id\":\"https:\/\/www.belrobotics.com\/fr-ch\/#organization\",\"name\":\"Belrobotics\",\"url\":\"https:\/\/www.belrobotics.com\/fr-ch\/\",\"logo\":{\"@type\":\"ImageObject\",\"inLanguage\":\"fr-CH\",\"@id\":\"https:\/\/www.belrobotics.com\/fr-ch\/#\/schema\/logo\/image\/\",\"url\":\"https:\/\/www.belrobotics.com\/wp-content\/uploads\/2019\/01\/logo-belrobotics.svg\",\"contentUrl\":\"https:\/\/www.belrobotics.com\/wp-content\/uploads\/2019\/01\/logo-belrobotics.svg\",\"width\":100,\"height\":16,\"caption\":\"Belrobotics\"},\"image\":{\"@id\":\"https:\/\/www.belrobotics.com\/fr-ch\/#\/schema\/logo\/image\/\"},\"sameAs\":[\"https:\/\/www.facebook.com\/belrobotics\",\"https:\/\/www.youtube.com\/channel\/UCYgWBPRzEdXmUqLRL0JbUIw\",\"https:\/\/www.instagram.com\/belrobotics_europe\/\"]}]}<\/script>\n<!-- \/ Yoast SEO plugin. -->","yoast_head_json":{"title":"Politique de protection de vos donn\u00e9es - Belrobotics","robots":{"index":"index","follow":"follow","max-snippet":"max-snippet:-1","max-image-preview":"max-image-preview:large","max-video-preview":"max-video-preview:-1"},"canonical":"https:\/\/www.belrobotics.com\/fr-ch\/politique-de-protection-de-vos-donnees\/","og_locale":"fr_FR","og_type":"article","og_title":"Politique de protection de vos donn\u00e9es - Belrobotics","og_description":"Conform\u00e9ment aux dispositions du R\u00e8glement (UE) 2016\/679 du Parlement europ\u00e9en et du Conseil du 27 avril 2016 relatif \u00e0 la protection des personnes physiques \u00e0 l\u2019\u00e9gard du traitement des donn\u00e9es \u00e0 caract\u00e8re personnel et \u00e0 la libre circulation de ces donn\u00e9es (RGPD) , nous souhaitons vous informer des conditions de traitement de vos donn\u00e9es \u00e0 [&hellip;]","og_url":"https:\/\/www.belrobotics.com\/fr-ch\/politique-de-protection-de-vos-donnees\/","og_site_name":"Belrobotics","article_publisher":"https:\/\/www.facebook.com\/belrobotics","article_modified_time":"2020-03-23T15:49:03+00:00","twitter_card":"summary_large_image","twitter_misc":{"Est. reading time":"2 minutes"},"schema":{"@context":"https:\/\/schema.org","@graph":[{"@type":"WebPage","@id":"https:\/\/www.belrobotics.com\/fr-ch\/politique-de-protection-de-vos-donnees\/","url":"https:\/\/www.belrobotics.com\/fr-ch\/politique-de-protection-de-vos-donnees\/","name":"Politique de protection de vos donn\u00e9es - Belrobotics","isPartOf":{"@id":"https:\/\/www.belrobotics.com\/fr-ch\/#website"},"datePublished":"2018-12-07T10:54:36+00:00","dateModified":"2020-03-23T15:49:03+00:00","breadcrumb":{"@id":"https:\/\/www.belrobotics.com\/fr-ch\/politique-de-protection-de-vos-donnees\/#breadcrumb"},"inLanguage":"fr-CH","potentialAction":[{"@type":"ReadAction","target":["https:\/\/www.belrobotics.com\/fr-ch\/politique-de-protection-de-vos-donnees\/"]}]},{"@type":"BreadcrumbList","@id":"https:\/\/www.belrobotics.com\/fr-ch\/politique-de-protection-de-vos-donnees\/#breadcrumb","itemListElement":[{"@type":"ListItem","position":1,"name":"Home","item":"https:\/\/www.belrobotics.com\/fr-ch\/"},{"@type":"ListItem","position":2,"name":"Politique de protection de vos donn\u00e9es"}]},{"@type":"WebSite","@id":"https:\/\/www.belrobotics.com\/fr-ch\/#website","url":"https:\/\/www.belrobotics.com\/fr-ch\/","name":"Belrobotics","description":"The grass masters","publisher":{"@id":"https:\/\/www.belrobotics.com\/fr-ch\/#organization"},"potentialAction":[{"@type":"SearchAction","target":{"@type":"EntryPoint","urlTemplate":"https:\/\/www.belrobotics.com\/fr-ch\/?s={search_term_string}"},"query-input":{"@type":"PropertyValueSpecification","valueRequired":true,"valueName":"search_term_string"}}],"inLanguage":"fr-CH"},{"@type":"Organization","@id":"https:\/\/www.belrobotics.com\/fr-ch\/#organization","name":"Belrobotics","url":"https:\/\/www.belrobotics.com\/fr-ch\/","logo":{"@type":"ImageObject","inLanguage":"fr-CH","@id":"https:\/\/www.belrobotics.com\/fr-ch\/#\/schema\/logo\/image\/","url":"https:\/\/www.belrobotics.com\/wp-content\/uploads\/2019\/01\/logo-belrobotics.svg","contentUrl":"https:\/\/www.belrobotics.com\/wp-content\/uploads\/2019\/01\/logo-belrobotics.svg","width":100,"height":16,"caption":"Belrobotics"},"image":{"@id":"https:\/\/www.belrobotics.com\/fr-ch\/#\/schema\/logo\/image\/"},"sameAs":["https:\/\/www.facebook.com\/belrobotics","https:\/\/www.youtube.com\/channel\/UCYgWBPRzEdXmUqLRL0JbUIw","https:\/\/www.instagram.com\/belrobotics_europe\/"]}]}},"_links":{"self":[{"href":"https:\/\/www.belrobotics.com\/fr-ch\/wp-json\/wp\/v2\/pages\/1694","targetHints":{"allow":["GET"]}}],"collection":[{"href":"https:\/\/www.belrobotics.com\/fr-ch\/wp-json\/wp\/v2\/pages"}],"about":[{"href":"https:\/\/www.belrobotics.com\/fr-ch\/wp-json\/wp\/v2\/types\/page"}],"author":[{"embeddable":true,"href":"https:\/\/www.belrobotics.com\/fr-ch\/wp-json\/wp\/v2\/users\/9"}],"replies":[{"embeddable":true,"href":"https:\/\/www.belrobotics.com\/fr-ch\/wp-json\/wp\/v2\/comments?post=1694"}],"version-history":[{"count":0,"href":"https:\/\/www.belrobotics.com\/fr-ch\/wp-json\/wp\/v2\/pages\/1694\/revisions"}],"wp:attachment":[{"href":"https:\/\/www.belrobotics.com\/fr-ch\/wp-json\/wp\/v2\/media?parent=1694"}],"curies":[{"name":"wp","href":"https:\/\/api.w.org\/{rel}","templated":true}]}}