{"id":1688,"date":"2019-01-31T16:52:59","date_gmt":"2019-01-31T15:52:59","guid":{"rendered":"https:\/\/belrobotics.andromede.digital\/mentions-legales\/"},"modified":"2020-06-25T10:31:32","modified_gmt":"2020-06-25T09:31:32","slug":"mentions-legales","status":"publish","type":"page","link":"https:\/\/www.belrobotics.com\/fr-ch\/mentions-legales\/","title":{"rendered":"Mentions l\u00e9gales"},"content":{"rendered":"<h3><strong>1. Objectif du site et mentions l\u00e9gales<\/strong><\/h3>\n<p>YAMABIKO EUROPE propose des services en mati\u00e8re de vente et \u00a0maintenance de robots tondeuses, tailles haie, souffleurs et tron\u00e7onneuses\u00a0 de marque\u00a0 Belrobotics, Echo, Shindaiwa.<\/p>\n<p><a href=\"http:\/\/www.traitdeco.be\/\">www.belrobotics.com<\/a>\u00a0permet de pr\u00e9senter les activit\u00e9s et services, les robots tondeuse, le concept de YAMABIKO EUROPE, ainsi que de publier des articles et actualit\u00e9s.<\/p>\n<p>Les pr\u00e9sentes Conditions d\u2019utilisation peuvent \u00eatre mises \u00e0 jour \u00e0 tout moment, sans pr\u00e9avis. Il est donc conseill\u00e9 \u00e0 l\u2019Utilisateur de consulter r\u00e9guli\u00e8rement le site. Les mises \u00e0 jour s\u2019appliquent d\u00e8s leur parution en ligne.<\/p>\n<p>Si une disposition des pr\u00e9sentes conditions d\u2019utilisation devait \u00eatre d\u00e9clar\u00e9e inapplicable ou invalid\u00e9e pour de quelconques raisons, cette invalidit\u00e9 ou inapplicabilit\u00e9 n\u2019affecterait pas l\u2019application ou la validit\u00e9 des autres dispositions des conditions d\u2019utilisation.<\/p>\n<h3><strong>2. Utilisation du site<\/strong><\/h3>\n<p><a href=\"http:\/\/www.sospme.be\/\">www.belrobotics.com<\/a>\u00a0est mis gratuitement \u00e0 la disposition de l\u2019Utilisateur pour son usage personnel, sous r\u00e9serve des conditions d\u00e9finies ci-dessous. L\u2019utilisation du site implique une acceptation pleine et enti\u00e8re de toutes les conditions d\u2019utilisation.<\/p>\n<p><a href=\"http:\/\/www.sospme.be\/\">www.belrobotics.com<\/a>\u00a0ne peut \u00eatre utilis\u00e9 pour effectuer des demandes sp\u00e9culatives, fausses ou frauduleuses.<\/p>\n<p>L\u2019Utilisateur doit \u00eatre \u00e2g\u00e9 d\u2019au moins 18 ans, avoir la capacit\u00e9 juridique de contracter et utiliser ce site conform\u00e9ment aux Conditions d\u2019utilisation.<\/p>\n<h3><strong>3. Copyrights \u2013 propri\u00e9t\u00e9 intellectuelle<\/strong><\/h3>\n<p>YAMABIKO EUROPE est propri\u00e9taire des droits relatifs \u00e0 la propri\u00e9t\u00e9 intellectuelle pour tous les \u00e9l\u00e9ments (photographies, logos, dessins, graphiques, textes, vid\u00e9os etc.) mais \u00e9galement des droits d&#8217;auteur, brevets, savoir-faire, informations confidentielles, droits concernant des bases de donn\u00e9es, des marques d\u00e9pos\u00e9es et des conceptions, qu&#8217;ils soient enregistr\u00e9s ou non figurant sur le site\u00a0<a href=\"http:\/\/www.sospme.be\/\">www.belrobotics.com<\/a>.<\/p>\n<p>Il est par cons\u00e9quent interdit de reproduire, modifier, transf\u00e9rer ou exploiter tout ou partie du site sans autorisation expresse et \u00e9crite de YAMABIKO EUROPE.<\/p>\n<h3><strong>4. T\u00e9l\u00e9chargement<\/strong><\/h3>\n<p>Tout t\u00e9l\u00e9chargement de donn\u00e9es \u00e0 partir du site\u00a0<a href=\"http:\/\/www.sospme.be\/\">www.belrobotics.com<\/a>\u00a0se fait aux propres risques et p\u00e9rils de l\u2019Utilisateur.<\/p>\n<p>L\u2019Utilisateur reconnait que l\u2019usage des services, syst\u00e8mes informatiques n\u2019est pas sans risque. De sorte que YAMABIKO EUROPE ne pourra \u00eatre tenue responsable des dommages caus\u00e9s par tout type de logiciel malveillant (malware informatique) suite \u00e0 un t\u00e9l\u00e9chargement de donn\u00e9es \u00e0 partir du site\u00a0<a href=\"http:\/\/www.sospme.be\/\">www.belrobotics.com<\/a>.<\/p>\n<h3><strong>5. Traitement de donn\u00e9es \u00e0 caract\u00e8re personnel<\/strong><\/h3>\n<p>Certaines donn\u00e9es \u00e0 caract\u00e8re personnel de l\u2019Utilisateur du site\u00a0<a href=\"http:\/\/www.sospme.be\/\">www.belrobotics.com<\/a>\u00a0peuvent \u00eatre r\u00e9colt\u00e9es notamment lorsque l\u2019Utilisateur remplit le formulaire de contact, de devis ou de demande de support ou via l\u2019utilisation de cookies ou pixel invisibles (voir point 10).<\/p>\n<p>Dans ce cadre, le responsable du traitement de l\u2019information est la soci\u00e9t\u00e9 YAMABIKO EUROPE S.A. dont le si\u00e8ge social se situe Avenue Lavoisier 35, 1300 Wavre.<\/p>\n<p>La finalit\u00e9 du traitement des donn\u00e9es \u00e0 caract\u00e8re personnel recouvre la gestion des visiteurs du site, l\u2019administration de la client\u00e8le, l\u2019ex\u00e9cution du contrat de vente, la promotion des produits et services, l\u2019\u00e9tablissement de campagnes de marketing direct, en ce compris par le biais de courrier \u00e9lectronique.<\/p>\n<p>\u00c0 tout moment le client a le droit de s\u2019opposer au traitement de ses donn\u00e9es \u00e0 caract\u00e8re personnel \u00e0 des fins de marketing direct.<\/p>\n<p>L\u2019Utilisateur b\u00e9n\u00e9ficie d\u2019un droit d\u2019acc\u00e8s et de rectification de ses donn\u00e9es \u00e0 caract\u00e8re personnel, ou d\u2019un droit de suppression, conform\u00e9ment au prescrit de la loi du 8 d\u00e9cembre 1992 relative \u00e0 la protection de la vie priv\u00e9e \u00e0 l\u2019\u00e9gard des traitements de donn\u00e9es \u00e0 caract\u00e8re personnel.<\/p>\n<p>Pour mettre en \u0153uvre ce droit d\u2019acc\u00e8s, de rectification, ou de suppression, il suffit de prendre contact, gratuitement, avec YAMABIKO EUROPE, via l\u2019adresse \u00e9lectronique suivante\u00a0:\u00a0<a href=\"mailto:dataprivacy@yamabiko.eu\">dataprivacy@yamabiko.eu<\/a>\u00a0ou par courrier \u00e0 l\u2019adresse du si\u00e8ge social de la soci\u00e9t\u00e9.<\/p>\n<p>YAMABIKO EUROPE respecte les dispositions du R\u00e8glement g\u00e9n\u00e9ral pour la protection des donn\u00e9es\u00a0\u00a0\u00a0\u00a0\u00a0\u00a0\u00a0\u00a0\u00a0 (R\u00e8glement 2016\/679,\u00a0 le \u00ab RGPD \u00bb) et est tenue \u00e0 la confidentialit\u00e9 des donn\u00e9es \u00e0 caract\u00e8re personnel qu\u2019elle collecte.<\/p>\n<h3><strong>6. S\u00e9curit\u00e9 des donn\u00e9es<\/strong><\/h3>\n<p>YAMABIKO EUROPE garantit un niveau correct de protection des donn\u00e9es conform\u00e9ment \u00e0 la r\u00e8glementation nationale et europ\u00e9enne.<\/p>\n<p>De ce fait,\u00a0<a href=\"http:\/\/www.sospme.be\/\">www.belrobotics.com<\/a>\u00a0utilise plusieurs syst\u00e8mes de s\u00e9curit\u00e9 pour prot\u00e9ger raisonnablement les donn\u00e9es personnelles de l\u2019Utilisateur. Cependant, YAMABIKO EUROPE ne peut garantir que des tiers non autoris\u00e9s puissent acc\u00e9der au site pour les utiliser de mani\u00e8re ill\u00e9gale.<\/p>\n<h3><strong>7. Liens hypertexte vers d\u2019autres sites internet<\/strong><\/h3>\n<p>Le site\u00a0<a href=\"http:\/\/www.sospme.be\/\">www.belrobotics.com<\/a>\u00a0peut contenir des liens hypertextes renvoyant vers d\u2019autres sites internet. Le simple fait que ces liens soient pr\u00e9sents sur le site\u00a0<a href=\"http:\/\/www.sospme.be\/\">www.belrobotics.com<\/a>\u00a0ne signifie en aucun cas que YAMABIKO EUROPE adh\u00e8re aux id\u00e9es ou opinions pr\u00e9sents sur ces sites ni qu\u2019un partenariat ou lien associatif existe.<\/p>\n<p>YAMABIKO EUROPE ne pourra \u00eatre tenue responsable du contenu des sites r\u00e9f\u00e9renc\u00e9s sous ces liens hypertextes.<\/p>\n<h3><strong>8. Droits de YAMABIKO EUROPE<\/strong><\/h3>\n<p>YAMABIKO EUROPE se r\u00e9serve le droit \u00e0 tout moment et sans pr\u00e9avis pr\u00e9alable :<\/p>\n<p>a) de modifier les annonces, offres, informations en ligne,<\/p>\n<p>b) de modifier certains services,<\/p>\n<p>c) d\u2019interdire l\u2019acc\u00e8s \u00e0 son site en cas de probl\u00e8me technique ou lorsque YAMABIKO EUROPE constate une utilisation abusive ou malintentionn\u00e9e de son site.<\/p>\n<h3><strong>9. Responsabilit\u00e9s de l\u2019Utilisateur<\/strong><\/h3>\n<p>L\u2019Utilisateur du site\u00a0<a href=\"http:\/\/www.sospme.be\/\">www.belrobotics.com<\/a>\u00a0s\u2019engage \u00e0 :<\/p>\n<ul>\n<li>\u00a0ne pas faire usage du site \u00e0 des fins ill\u00e9gales ou pr\u00e9judiciables,<\/li>\n<li>ne pas g\u00eaner l\u2019acc\u00e8s au site, ni \u00e0 perturber ou modifier le site ou \u00e0 encore \u00e0 le rendre moins op\u00e9rant ou causer un pr\u00e9judice au site, \u00e0 YAMABIKO EUROPE ou \u00e0 des tiers,<\/li>\n<li>ne pas faire usage du site pour transmettre ou diffuser des logiciels malveillants ou des informations pr\u00e9judiciables ou ill\u00e9gales,<\/li>\n<li>ne pas compromettre les droits de propri\u00e9t\u00e9 intellectuelle pr\u00e9sents sur ce site,<\/li>\n<li>n\u2019exp\u00e9dier ou \u00e0 ne transmettre aucun message non sollicit\u00e9.<\/li>\n<li>ne pas recueillir ou conserver des donn\u00e9es personnelles relatives \u00e0 d&#8217;autres utilisateurs sauf \u00a0\u00a0 en cas d&#8217;autorisation sp\u00e9ciale accord\u00e9e par lesdits utilisateurs.<\/li>\n<\/ul>\n<h3><strong>10. Cookies et pixels invisibles<\/strong><\/h3>\n<p>Des \u00ab\u00a0cookies\u00a0\u00bb et des \u00ab\u00a0pixels invisibles\u00a0\u00bb peuvent \u00eatre envoy\u00e9s sur l\u2019ordinateur de l\u2019Utilisateur lors de la visite du site internet\u00a0<a href=\"http:\/\/www.sospme.be\/\">www.belrobotics.com<\/a>.<\/p>\n<p>Les \u00ab\u00a0cookies\u00a0\u00bb sont des fichiers, enregistr\u00e9s sur le disque dur de l\u2019Utilisateur d\u2019un site, \u00e0 la demande du serveur qui g\u00e8re le site visit\u00e9, qui permettent d\u2019assurer un fonctionnement technique ad\u00e9quat du site et de rendre sa navigation plus fluide.<\/p>\n<p>Les \u00ab\u00a0pixels dit invisibles\u00a0\u00bb sont des petites images \u00e9lectroniques qui permettent au Site de compter le nombre de visiteurs ayant acc\u00e9d\u00e9 \u00e0 une page sp\u00e9cifique. Les donn\u00e9es collect\u00e9es par les pixels invisibles sont l\u2019adresse IP, le nom de l\u2019ordinateur h\u00f4te, le nom de la version du syst\u00e8me d\u2019exploitation et du navigateur utilis\u00e9.<\/p>\n<p>Tout Utilisateur du site\u00a0<a href=\"http:\/\/www.sospme.be\/\">www.belrobotics.com<\/a>\u00a0peut supprimer ou d\u00e9sactiver les \u00ab\u00a0cookies\u00a0\u00bb et \u00ab\u00a0pixels invisibles\u00a0\u00bb de son disque dur et\/ou param\u00e9trer son logiciel de navigation pour en emp\u00eacher la r\u00e9ception. Le blocage des cookies et\/ou pixels invisibles peuvent cependant entraver la navigation.<\/p>\n<h3><strong>11. Limitation de responsabilit\u00e9<\/strong><\/h3>\n<p>YAMABIKO EUROPE ne saurait en aucun cas \u00eatre tenue responsable de dommages directs, indirects, cons\u00e9cutifs, \u00e0 valeur r\u00e9pressive ou de dommages et int\u00e9r\u00eats particuliers ou indirects (y compris et de mani\u00e8re non exhaustive, les dommages cons\u00e9cutifs a une perte d&#8217;activit\u00e9s, de contrats, de revenus, d&#8217;informations, ou de toute autre donn\u00e9e contenue dans le syst\u00e8me de gestion de l&#8217;information de l\u2019Utilisateur ou issus d&#8217;interruptions d&#8217;activit\u00e9s) r\u00e9sultant de, \u00e9manant de ou li\u00e9s \u00e0 l&#8217;utilisation ou \u00e0 l&#8217;impossibilit\u00e9 d&#8217;utiliser ce site ou son contenu, ou \u00e0 ces conditions, m\u00eame si YAMABIKO EUROPE a \u00e9t\u00e9 inform\u00e9e de l&#8217;\u00e9ventualit\u00e9 de la survenance de tels dommages.<\/p>\n<p>Outre les conditions ici \u00e9nonc\u00e9es, YAMABIKO EUROPE ne saurait en aucun cas \u00eatre tenue responsable d&#8217;erreurs, d&#8217;inexactitudes, d&#8217;omissions ou d&#8217;autres d\u00e9fauts ou d&#8217;informations intempestives ou inexactes contenues sur ce site.<\/p>\n<p>Cette limitation de responsabilit\u00e9 s&#8217;applique \u00e9galement \u00e0 tout site tiers.<\/p>\n<h3><strong>12. Droit applicable<\/strong><\/h3>\n<p>Les Conditions d\u2019utilisation sont soumises au droit belge. Tout litige relatif \u00e0 leur interpr\u00e9tation et\/ou \u00e0 leur ex\u00e9cution rel\u00e8ve de la comp\u00e9tence des tribunaux de l\u2019arrondissement judiciaire de Nivelles.<\/p>\n<h3><strong>13. Contact<\/strong><\/h3>\n<p>Vous pouvez contacter YAMABIKO EUROPE concernant les pr\u00e9sentes conditions d\u2019utilisation via l\u2019adresse \u00e9lectronique suivante\u00a0:\u00a0<a href=\"mailto:dataprivacy@yamabiko.eu\">dataprivacy@yamabiko.eu<\/a>\u00a0ou via le formulaire de contact repris sur le site\u00a0<a href=\"http:\/\/www.sospme.be\/\">www.belrobotics.com<\/a>.<\/p>\n<h3><strong>14. \u00c9diteur du Site\u00a0:<\/strong><\/h3>\n<p>L\u2019\u00e9diteur du site\u00a0<a href=\"http:\/\/www.sospme.be\/\">www.belrobotics.com<\/a>\u00a0est YAMABIKO EUROPE S.A., dont le si\u00e8ge social est situ\u00e9 Avenue Lavoisier 16\/B, 1300 Wavre et inscrite \u00e0 la Banque Carrefour des Entreprises sous le num\u00e9ro B.C.E. 0477.194.468<\/p>\n<h3><strong>15. H\u00e9bergement\u00a0:<\/strong><\/h3>\n<p>L\u2019h\u00e9bergeur du site internet\u00a0<a href=\"http:\/\/www.c-de-c.be\/\">www.belrobotics.com<\/a>\u00a0est\u00a0: INFOMANIAK<\/p>\n","protected":false},"excerpt":{"rendered":"<p>1. Objectif du site et mentions l\u00e9gales YAMABIKO EUROPE propose des services en mati\u00e8re de vente et \u00a0maintenance de robots tondeuses, tailles haie, souffleurs et tron\u00e7onneuses\u00a0 de marque\u00a0 Belrobotics, Echo, Shindaiwa. www.belrobotics.com\u00a0permet de pr\u00e9senter les activit\u00e9s et services, les robots tondeuse, le concept de YAMABIKO EUROPE, ainsi que de publier des articles et actualit\u00e9s. Les [&hellip;]<\/p>\n","protected":false},"author":9,"featured_media":0,"parent":0,"menu_order":0,"comment_status":"closed","ping_status":"closed","template":"","meta":{"_acf_changed":false,"footnotes":""},"class_list":["post-1688","page","type-page","status-publish","hentry"],"acf":[],"yoast_head":"<!-- This site is optimized with the Yoast SEO plugin v26.9 - https:\/\/yoast.com\/product\/yoast-seo-wordpress\/ -->\n<title>Mentions l\u00e9gales - Belrobotics<\/title>\n<meta name=\"robots\" content=\"index, follow, max-snippet:-1, max-image-preview:large, max-video-preview:-1\" \/>\n<link rel=\"canonical\" href=\"https:\/\/www.belrobotics.com\/fr-ch\/mentions-legales\/\" \/>\n<meta property=\"og:locale\" content=\"fr_FR\" \/>\n<meta property=\"og:type\" content=\"article\" \/>\n<meta property=\"og:title\" content=\"Mentions l\u00e9gales - Belrobotics\" \/>\n<meta property=\"og:description\" content=\"1. Objectif du site et mentions l\u00e9gales YAMABIKO EUROPE propose des services en mati\u00e8re de vente et \u00a0maintenance de robots tondeuses, tailles haie, souffleurs et tron\u00e7onneuses\u00a0 de marque\u00a0 Belrobotics, Echo, Shindaiwa. www.belrobotics.com\u00a0permet de pr\u00e9senter les activit\u00e9s et services, les robots tondeuse, le concept de YAMABIKO EUROPE, ainsi que de publier des articles et actualit\u00e9s. Les [&hellip;]\" \/>\n<meta property=\"og:url\" content=\"https:\/\/www.belrobotics.com\/fr-ch\/mentions-legales\/\" \/>\n<meta property=\"og:site_name\" content=\"Belrobotics\" \/>\n<meta property=\"article:publisher\" content=\"https:\/\/www.facebook.com\/belrobotics\" \/>\n<meta property=\"article:modified_time\" content=\"2020-06-25T09:31:32+00:00\" \/>\n<meta name=\"twitter:card\" content=\"summary_large_image\" \/>\n<meta name=\"twitter:label1\" content=\"Est. reading time\" \/>\n\t<meta name=\"twitter:data1\" content=\"8 minutes\" \/>\n<script type=\"application\/ld+json\" class=\"yoast-schema-graph\">{\"@context\":\"https:\/\/schema.org\",\"@graph\":[{\"@type\":\"WebPage\",\"@id\":\"https:\/\/www.belrobotics.com\/fr-ch\/mentions-legales\/\",\"url\":\"https:\/\/www.belrobotics.com\/fr-ch\/mentions-legales\/\",\"name\":\"Mentions l\u00e9gales - Belrobotics\",\"isPartOf\":{\"@id\":\"https:\/\/www.belrobotics.com\/fr-ch\/#website\"},\"datePublished\":\"2019-01-31T15:52:59+00:00\",\"dateModified\":\"2020-06-25T09:31:32+00:00\",\"breadcrumb\":{\"@id\":\"https:\/\/www.belrobotics.com\/fr-ch\/mentions-legales\/#breadcrumb\"},\"inLanguage\":\"fr-CH\",\"potentialAction\":[{\"@type\":\"ReadAction\",\"target\":[\"https:\/\/www.belrobotics.com\/fr-ch\/mentions-legales\/\"]}]},{\"@type\":\"BreadcrumbList\",\"@id\":\"https:\/\/www.belrobotics.com\/fr-ch\/mentions-legales\/#breadcrumb\",\"itemListElement\":[{\"@type\":\"ListItem\",\"position\":1,\"name\":\"Home\",\"item\":\"https:\/\/www.belrobotics.com\/fr-ch\/\"},{\"@type\":\"ListItem\",\"position\":2,\"name\":\"Mentions l\u00e9gales\"}]},{\"@type\":\"WebSite\",\"@id\":\"https:\/\/www.belrobotics.com\/fr-ch\/#website\",\"url\":\"https:\/\/www.belrobotics.com\/fr-ch\/\",\"name\":\"Belrobotics\",\"description\":\"The grass masters\",\"publisher\":{\"@id\":\"https:\/\/www.belrobotics.com\/fr-ch\/#organization\"},\"potentialAction\":[{\"@type\":\"SearchAction\",\"target\":{\"@type\":\"EntryPoint\",\"urlTemplate\":\"https:\/\/www.belrobotics.com\/fr-ch\/?s={search_term_string}\"},\"query-input\":{\"@type\":\"PropertyValueSpecification\",\"valueRequired\":true,\"valueName\":\"search_term_string\"}}],\"inLanguage\":\"fr-CH\"},{\"@type\":\"Organization\",\"@id\":\"https:\/\/www.belrobotics.com\/fr-ch\/#organization\",\"name\":\"Belrobotics\",\"url\":\"https:\/\/www.belrobotics.com\/fr-ch\/\",\"logo\":{\"@type\":\"ImageObject\",\"inLanguage\":\"fr-CH\",\"@id\":\"https:\/\/www.belrobotics.com\/fr-ch\/#\/schema\/logo\/image\/\",\"url\":\"https:\/\/www.belrobotics.com\/wp-content\/uploads\/2019\/01\/logo-belrobotics.svg\",\"contentUrl\":\"https:\/\/www.belrobotics.com\/wp-content\/uploads\/2019\/01\/logo-belrobotics.svg\",\"width\":100,\"height\":16,\"caption\":\"Belrobotics\"},\"image\":{\"@id\":\"https:\/\/www.belrobotics.com\/fr-ch\/#\/schema\/logo\/image\/\"},\"sameAs\":[\"https:\/\/www.facebook.com\/belrobotics\",\"https:\/\/www.youtube.com\/channel\/UCYgWBPRzEdXmUqLRL0JbUIw\",\"https:\/\/www.instagram.com\/belrobotics_europe\/\"]}]}<\/script>\n<!-- \/ Yoast SEO plugin. -->","yoast_head_json":{"title":"Mentions l\u00e9gales - Belrobotics","robots":{"index":"index","follow":"follow","max-snippet":"max-snippet:-1","max-image-preview":"max-image-preview:large","max-video-preview":"max-video-preview:-1"},"canonical":"https:\/\/www.belrobotics.com\/fr-ch\/mentions-legales\/","og_locale":"fr_FR","og_type":"article","og_title":"Mentions l\u00e9gales - Belrobotics","og_description":"1. Objectif du site et mentions l\u00e9gales YAMABIKO EUROPE propose des services en mati\u00e8re de vente et \u00a0maintenance de robots tondeuses, tailles haie, souffleurs et tron\u00e7onneuses\u00a0 de marque\u00a0 Belrobotics, Echo, Shindaiwa. www.belrobotics.com\u00a0permet de pr\u00e9senter les activit\u00e9s et services, les robots tondeuse, le concept de YAMABIKO EUROPE, ainsi que de publier des articles et actualit\u00e9s. Les [&hellip;]","og_url":"https:\/\/www.belrobotics.com\/fr-ch\/mentions-legales\/","og_site_name":"Belrobotics","article_publisher":"https:\/\/www.facebook.com\/belrobotics","article_modified_time":"2020-06-25T09:31:32+00:00","twitter_card":"summary_large_image","twitter_misc":{"Est. reading time":"8 minutes"},"schema":{"@context":"https:\/\/schema.org","@graph":[{"@type":"WebPage","@id":"https:\/\/www.belrobotics.com\/fr-ch\/mentions-legales\/","url":"https:\/\/www.belrobotics.com\/fr-ch\/mentions-legales\/","name":"Mentions l\u00e9gales - Belrobotics","isPartOf":{"@id":"https:\/\/www.belrobotics.com\/fr-ch\/#website"},"datePublished":"2019-01-31T15:52:59+00:00","dateModified":"2020-06-25T09:31:32+00:00","breadcrumb":{"@id":"https:\/\/www.belrobotics.com\/fr-ch\/mentions-legales\/#breadcrumb"},"inLanguage":"fr-CH","potentialAction":[{"@type":"ReadAction","target":["https:\/\/www.belrobotics.com\/fr-ch\/mentions-legales\/"]}]},{"@type":"BreadcrumbList","@id":"https:\/\/www.belrobotics.com\/fr-ch\/mentions-legales\/#breadcrumb","itemListElement":[{"@type":"ListItem","position":1,"name":"Home","item":"https:\/\/www.belrobotics.com\/fr-ch\/"},{"@type":"ListItem","position":2,"name":"Mentions l\u00e9gales"}]},{"@type":"WebSite","@id":"https:\/\/www.belrobotics.com\/fr-ch\/#website","url":"https:\/\/www.belrobotics.com\/fr-ch\/","name":"Belrobotics","description":"The grass masters","publisher":{"@id":"https:\/\/www.belrobotics.com\/fr-ch\/#organization"},"potentialAction":[{"@type":"SearchAction","target":{"@type":"EntryPoint","urlTemplate":"https:\/\/www.belrobotics.com\/fr-ch\/?s={search_term_string}"},"query-input":{"@type":"PropertyValueSpecification","valueRequired":true,"valueName":"search_term_string"}}],"inLanguage":"fr-CH"},{"@type":"Organization","@id":"https:\/\/www.belrobotics.com\/fr-ch\/#organization","name":"Belrobotics","url":"https:\/\/www.belrobotics.com\/fr-ch\/","logo":{"@type":"ImageObject","inLanguage":"fr-CH","@id":"https:\/\/www.belrobotics.com\/fr-ch\/#\/schema\/logo\/image\/","url":"https:\/\/www.belrobotics.com\/wp-content\/uploads\/2019\/01\/logo-belrobotics.svg","contentUrl":"https:\/\/www.belrobotics.com\/wp-content\/uploads\/2019\/01\/logo-belrobotics.svg","width":100,"height":16,"caption":"Belrobotics"},"image":{"@id":"https:\/\/www.belrobotics.com\/fr-ch\/#\/schema\/logo\/image\/"},"sameAs":["https:\/\/www.facebook.com\/belrobotics","https:\/\/www.youtube.com\/channel\/UCYgWBPRzEdXmUqLRL0JbUIw","https:\/\/www.instagram.com\/belrobotics_europe\/"]}]}},"_links":{"self":[{"href":"https:\/\/www.belrobotics.com\/fr-ch\/wp-json\/wp\/v2\/pages\/1688","targetHints":{"allow":["GET"]}}],"collection":[{"href":"https:\/\/www.belrobotics.com\/fr-ch\/wp-json\/wp\/v2\/pages"}],"about":[{"href":"https:\/\/www.belrobotics.com\/fr-ch\/wp-json\/wp\/v2\/types\/page"}],"author":[{"embeddable":true,"href":"https:\/\/www.belrobotics.com\/fr-ch\/wp-json\/wp\/v2\/users\/9"}],"replies":[{"embeddable":true,"href":"https:\/\/www.belrobotics.com\/fr-ch\/wp-json\/wp\/v2\/comments?post=1688"}],"version-history":[{"count":0,"href":"https:\/\/www.belrobotics.com\/fr-ch\/wp-json\/wp\/v2\/pages\/1688\/revisions"}],"wp:attachment":[{"href":"https:\/\/www.belrobotics.com\/fr-ch\/wp-json\/wp\/v2\/media?parent=1688"}],"curies":[{"name":"wp","href":"https:\/\/api.w.org\/{rel}","templated":true}]}}