{"id":1424,"date":"2019-01-21T15:12:33","date_gmt":"2019-01-21T14:12:33","guid":{"rendered":"https:\/\/belrobotics.andromede.digital\/sites-extremes\/"},"modified":"2019-11-25T13:44:15","modified_gmt":"2019-11-25T12:44:15","slug":"robots-tondeuses-sites-extremes","status":"publish","type":"page","link":"https:\/\/www.belrobotics.com\/fr-ch\/robots-tondeuses-sites-extremes\/","title":{"rendered":"Sites extr\u00eames"},"content":{"rendered":"<h2 class=\"h3\">Les robots tondeuses travaillent aussi dans des environnements \u00e0 risque<\/h2>\n<p>La Bigmow est capable d\u2019entretenir jusqu\u2019\u00e0 24.000 m\u00b2 de pelouse. Des performances exceptionnelles, m\u00eame dans des conditions difficiles. Le robot tondeuse tout terrain de Belrobotics est le seul au monde capable d\u2019\u00e9voluer sur un site satur\u00e9 en signaux parasites ou dans des environnements industriels \u00e0 risques.<\/p>\n","protected":false},"excerpt":{"rendered":"<p>Les robots tondeuses travaillent aussi dans des environnements \u00e0 risque La Bigmow est capable d\u2019entretenir jusqu\u2019\u00e0 24.000 m\u00b2 de pelouse. Des performances exceptionnelles, m\u00eame dans des conditions difficiles. Le robot tondeuse tout terrain de Belrobotics est le seul au monde capable d\u2019\u00e9voluer sur un site satur\u00e9 en signaux parasites ou dans des environnements industriels \u00e0 [&hellip;]<\/p>\n","protected":false},"author":9,"featured_media":1425,"parent":0,"menu_order":0,"comment_status":"closed","ping_status":"closed","template":"utilisation.php","meta":{"_acf_changed":false,"footnotes":""},"class_list":["post-1424","page","type-page","status-publish","has-post-thumbnail","hentry"],"acf":[],"yoast_head":"<!-- This site is optimized with the Yoast SEO plugin v26.9 - https:\/\/yoast.com\/product\/yoast-seo-wordpress\/ -->\n<title>Robots tondeuses pour sites extr\u00eames - Belrobotics<\/title>\n<meta name=\"description\" content=\"D\u00e9couvrez comment nos robots sont capables d\u2019op\u00e9rer \u00e0 la perfection, m\u00eame dans des conditions difficiles ou \u00e0 risque comme un site satur\u00e9 de signaux parasites.\" \/>\n<meta name=\"robots\" content=\"index, follow, max-snippet:-1, max-image-preview:large, max-video-preview:-1\" \/>\n<link rel=\"canonical\" href=\"https:\/\/www.belrobotics.com\/fr-ch\/robots-tondeuses-sites-extremes\/\" \/>\n<meta property=\"og:locale\" content=\"fr_FR\" \/>\n<meta property=\"og:type\" content=\"article\" \/>\n<meta property=\"og:title\" content=\"Robots tondeuses pour sites extr\u00eames - Belrobotics\" \/>\n<meta property=\"og:description\" content=\"D\u00e9couvrez comment nos robots sont capables d\u2019op\u00e9rer \u00e0 la perfection, m\u00eame dans des conditions difficiles ou \u00e0 risque comme un site satur\u00e9 de signaux parasites.\" \/>\n<meta property=\"og:url\" content=\"https:\/\/www.belrobotics.com\/fr-ch\/robots-tondeuses-sites-extremes\/\" \/>\n<meta property=\"og:site_name\" content=\"Belrobotics\" \/>\n<meta property=\"article:publisher\" content=\"https:\/\/www.facebook.com\/belrobotics\" \/>\n<meta property=\"article:modified_time\" content=\"2019-11-25T12:44:15+00:00\" \/>\n<meta property=\"og:image\" content=\"https:\/\/www.belrobotics.com\/wp-content\/uploads\/2019\/05\/shutterstock_308515325.jpg\" \/>\n\t<meta property=\"og:image:width\" content=\"3000\" \/>\n\t<meta property=\"og:image:height\" content=\"1997\" \/>\n\t<meta property=\"og:image:type\" content=\"image\/jpeg\" \/>\n<meta name=\"twitter:card\" content=\"summary_large_image\" \/>\n<script type=\"application\/ld+json\" class=\"yoast-schema-graph\">{\"@context\":\"https:\/\/schema.org\",\"@graph\":[{\"@type\":\"WebPage\",\"@id\":\"https:\/\/www.belrobotics.com\/fr-ch\/robots-tondeuses-sites-extremes\/\",\"url\":\"https:\/\/www.belrobotics.com\/fr-ch\/robots-tondeuses-sites-extremes\/\",\"name\":\"Robots tondeuses pour sites extr\u00eames - Belrobotics\",\"isPartOf\":{\"@id\":\"https:\/\/www.belrobotics.com\/fr-ch\/#website\"},\"primaryImageOfPage\":{\"@id\":\"https:\/\/www.belrobotics.com\/fr-ch\/robots-tondeuses-sites-extremes\/#primaryimage\"},\"image\":{\"@id\":\"https:\/\/www.belrobotics.com\/fr-ch\/robots-tondeuses-sites-extremes\/#primaryimage\"},\"thumbnailUrl\":\"https:\/\/www.belrobotics.com\/wp-content\/uploads\/2019\/05\/shutterstock_308515325.jpg\",\"datePublished\":\"2019-01-21T14:12:33+00:00\",\"dateModified\":\"2019-11-25T12:44:15+00:00\",\"description\":\"D\u00e9couvrez comment nos robots sont capables d\u2019op\u00e9rer \u00e0 la perfection, m\u00eame dans des conditions difficiles ou \u00e0 risque comme un site satur\u00e9 de signaux parasites.\",\"breadcrumb\":{\"@id\":\"https:\/\/www.belrobotics.com\/fr-ch\/robots-tondeuses-sites-extremes\/#breadcrumb\"},\"inLanguage\":\"fr-CH\",\"potentialAction\":[{\"@type\":\"ReadAction\",\"target\":[\"https:\/\/www.belrobotics.com\/fr-ch\/robots-tondeuses-sites-extremes\/\"]}]},{\"@type\":\"ImageObject\",\"inLanguage\":\"fr-CH\",\"@id\":\"https:\/\/www.belrobotics.com\/fr-ch\/robots-tondeuses-sites-extremes\/#primaryimage\",\"url\":\"https:\/\/www.belrobotics.com\/wp-content\/uploads\/2019\/05\/shutterstock_308515325.jpg\",\"contentUrl\":\"https:\/\/www.belrobotics.com\/wp-content\/uploads\/2019\/05\/shutterstock_308515325.jpg\",\"width\":3000,\"height\":1997},{\"@type\":\"BreadcrumbList\",\"@id\":\"https:\/\/www.belrobotics.com\/fr-ch\/robots-tondeuses-sites-extremes\/#breadcrumb\",\"itemListElement\":[{\"@type\":\"ListItem\",\"position\":1,\"name\":\"Home\",\"item\":\"https:\/\/www.belrobotics.com\/fr-ch\/\"},{\"@type\":\"ListItem\",\"position\":2,\"name\":\"Sites extr\u00eames\"}]},{\"@type\":\"WebSite\",\"@id\":\"https:\/\/www.belrobotics.com\/fr-ch\/#website\",\"url\":\"https:\/\/www.belrobotics.com\/fr-ch\/\",\"name\":\"Belrobotics\",\"description\":\"The grass masters\",\"publisher\":{\"@id\":\"https:\/\/www.belrobotics.com\/fr-ch\/#organization\"},\"potentialAction\":[{\"@type\":\"SearchAction\",\"target\":{\"@type\":\"EntryPoint\",\"urlTemplate\":\"https:\/\/www.belrobotics.com\/fr-ch\/?s={search_term_string}\"},\"query-input\":{\"@type\":\"PropertyValueSpecification\",\"valueRequired\":true,\"valueName\":\"search_term_string\"}}],\"inLanguage\":\"fr-CH\"},{\"@type\":\"Organization\",\"@id\":\"https:\/\/www.belrobotics.com\/fr-ch\/#organization\",\"name\":\"Belrobotics\",\"url\":\"https:\/\/www.belrobotics.com\/fr-ch\/\",\"logo\":{\"@type\":\"ImageObject\",\"inLanguage\":\"fr-CH\",\"@id\":\"https:\/\/www.belrobotics.com\/fr-ch\/#\/schema\/logo\/image\/\",\"url\":\"https:\/\/www.belrobotics.com\/wp-content\/uploads\/2019\/01\/logo-belrobotics.svg\",\"contentUrl\":\"https:\/\/www.belrobotics.com\/wp-content\/uploads\/2019\/01\/logo-belrobotics.svg\",\"width\":100,\"height\":16,\"caption\":\"Belrobotics\"},\"image\":{\"@id\":\"https:\/\/www.belrobotics.com\/fr-ch\/#\/schema\/logo\/image\/\"},\"sameAs\":[\"https:\/\/www.facebook.com\/belrobotics\",\"https:\/\/www.youtube.com\/channel\/UCYgWBPRzEdXmUqLRL0JbUIw\",\"https:\/\/www.instagram.com\/belrobotics_europe\/\"]}]}<\/script>\n<!-- \/ Yoast SEO plugin. -->","yoast_head_json":{"title":"Robots tondeuses pour sites extr\u00eames - Belrobotics","description":"D\u00e9couvrez comment nos robots sont capables d\u2019op\u00e9rer \u00e0 la perfection, m\u00eame dans des conditions difficiles ou \u00e0 risque comme un site satur\u00e9 de signaux parasites.","robots":{"index":"index","follow":"follow","max-snippet":"max-snippet:-1","max-image-preview":"max-image-preview:large","max-video-preview":"max-video-preview:-1"},"canonical":"https:\/\/www.belrobotics.com\/fr-ch\/robots-tondeuses-sites-extremes\/","og_locale":"fr_FR","og_type":"article","og_title":"Robots tondeuses pour sites extr\u00eames - Belrobotics","og_description":"D\u00e9couvrez comment nos robots sont capables d\u2019op\u00e9rer \u00e0 la perfection, m\u00eame dans des conditions difficiles ou \u00e0 risque comme un site satur\u00e9 de signaux parasites.","og_url":"https:\/\/www.belrobotics.com\/fr-ch\/robots-tondeuses-sites-extremes\/","og_site_name":"Belrobotics","article_publisher":"https:\/\/www.facebook.com\/belrobotics","article_modified_time":"2019-11-25T12:44:15+00:00","og_image":[{"width":3000,"height":1997,"url":"https:\/\/www.belrobotics.com\/wp-content\/uploads\/2019\/05\/shutterstock_308515325.jpg","type":"image\/jpeg"}],"twitter_card":"summary_large_image","schema":{"@context":"https:\/\/schema.org","@graph":[{"@type":"WebPage","@id":"https:\/\/www.belrobotics.com\/fr-ch\/robots-tondeuses-sites-extremes\/","url":"https:\/\/www.belrobotics.com\/fr-ch\/robots-tondeuses-sites-extremes\/","name":"Robots tondeuses pour sites extr\u00eames - Belrobotics","isPartOf":{"@id":"https:\/\/www.belrobotics.com\/fr-ch\/#website"},"primaryImageOfPage":{"@id":"https:\/\/www.belrobotics.com\/fr-ch\/robots-tondeuses-sites-extremes\/#primaryimage"},"image":{"@id":"https:\/\/www.belrobotics.com\/fr-ch\/robots-tondeuses-sites-extremes\/#primaryimage"},"thumbnailUrl":"https:\/\/www.belrobotics.com\/wp-content\/uploads\/2019\/05\/shutterstock_308515325.jpg","datePublished":"2019-01-21T14:12:33+00:00","dateModified":"2019-11-25T12:44:15+00:00","description":"D\u00e9couvrez comment nos robots sont capables d\u2019op\u00e9rer \u00e0 la perfection, m\u00eame dans des conditions difficiles ou \u00e0 risque comme un site satur\u00e9 de signaux parasites.","breadcrumb":{"@id":"https:\/\/www.belrobotics.com\/fr-ch\/robots-tondeuses-sites-extremes\/#breadcrumb"},"inLanguage":"fr-CH","potentialAction":[{"@type":"ReadAction","target":["https:\/\/www.belrobotics.com\/fr-ch\/robots-tondeuses-sites-extremes\/"]}]},{"@type":"ImageObject","inLanguage":"fr-CH","@id":"https:\/\/www.belrobotics.com\/fr-ch\/robots-tondeuses-sites-extremes\/#primaryimage","url":"https:\/\/www.belrobotics.com\/wp-content\/uploads\/2019\/05\/shutterstock_308515325.jpg","contentUrl":"https:\/\/www.belrobotics.com\/wp-content\/uploads\/2019\/05\/shutterstock_308515325.jpg","width":3000,"height":1997},{"@type":"BreadcrumbList","@id":"https:\/\/www.belrobotics.com\/fr-ch\/robots-tondeuses-sites-extremes\/#breadcrumb","itemListElement":[{"@type":"ListItem","position":1,"name":"Home","item":"https:\/\/www.belrobotics.com\/fr-ch\/"},{"@type":"ListItem","position":2,"name":"Sites extr\u00eames"}]},{"@type":"WebSite","@id":"https:\/\/www.belrobotics.com\/fr-ch\/#website","url":"https:\/\/www.belrobotics.com\/fr-ch\/","name":"Belrobotics","description":"The grass masters","publisher":{"@id":"https:\/\/www.belrobotics.com\/fr-ch\/#organization"},"potentialAction":[{"@type":"SearchAction","target":{"@type":"EntryPoint","urlTemplate":"https:\/\/www.belrobotics.com\/fr-ch\/?s={search_term_string}"},"query-input":{"@type":"PropertyValueSpecification","valueRequired":true,"valueName":"search_term_string"}}],"inLanguage":"fr-CH"},{"@type":"Organization","@id":"https:\/\/www.belrobotics.com\/fr-ch\/#organization","name":"Belrobotics","url":"https:\/\/www.belrobotics.com\/fr-ch\/","logo":{"@type":"ImageObject","inLanguage":"fr-CH","@id":"https:\/\/www.belrobotics.com\/fr-ch\/#\/schema\/logo\/image\/","url":"https:\/\/www.belrobotics.com\/wp-content\/uploads\/2019\/01\/logo-belrobotics.svg","contentUrl":"https:\/\/www.belrobotics.com\/wp-content\/uploads\/2019\/01\/logo-belrobotics.svg","width":100,"height":16,"caption":"Belrobotics"},"image":{"@id":"https:\/\/www.belrobotics.com\/fr-ch\/#\/schema\/logo\/image\/"},"sameAs":["https:\/\/www.facebook.com\/belrobotics","https:\/\/www.youtube.com\/channel\/UCYgWBPRzEdXmUqLRL0JbUIw","https:\/\/www.instagram.com\/belrobotics_europe\/"]}]}},"_links":{"self":[{"href":"https:\/\/www.belrobotics.com\/fr-ch\/wp-json\/wp\/v2\/pages\/1424","targetHints":{"allow":["GET"]}}],"collection":[{"href":"https:\/\/www.belrobotics.com\/fr-ch\/wp-json\/wp\/v2\/pages"}],"about":[{"href":"https:\/\/www.belrobotics.com\/fr-ch\/wp-json\/wp\/v2\/types\/page"}],"author":[{"embeddable":true,"href":"https:\/\/www.belrobotics.com\/fr-ch\/wp-json\/wp\/v2\/users\/9"}],"replies":[{"embeddable":true,"href":"https:\/\/www.belrobotics.com\/fr-ch\/wp-json\/wp\/v2\/comments?post=1424"}],"version-history":[{"count":0,"href":"https:\/\/www.belrobotics.com\/fr-ch\/wp-json\/wp\/v2\/pages\/1424\/revisions"}],"wp:featuredmedia":[{"embeddable":true,"href":"https:\/\/www.belrobotics.com\/fr-ch\/wp-json\/wp\/v2\/media\/1425"}],"wp:attachment":[{"href":"https:\/\/www.belrobotics.com\/fr-ch\/wp-json\/wp\/v2\/media?parent=1424"}],"curies":[{"name":"wp","href":"https:\/\/api.w.org\/{rel}","templated":true}]}}