{"id":1417,"date":"2019-01-21T15:11:13","date_gmt":"2019-01-21T14:11:13","guid":{"rendered":"https:\/\/belrobotics.andromede.digital\/particuliers\/"},"modified":"2023-07-06T08:34:19","modified_gmt":"2023-07-06T07:34:19","slug":"robot-tondeuse-particuliers","status":"publish","type":"page","link":"https:\/\/www.belrobotics.com\/fr-ch\/robot-tondeuse-particuliers\/","title":{"rendered":"Particuliers"},"content":{"rendered":"<h2 class=\"h3\">Automatisez la tonte de votre terrain\u2009!<\/h2>\n<p>La Parcmow est un <a href=\"https:\/\/www.belrobotics.com\/fr-ch\/tondeuses-robots\/\">robot de tonte<\/a> capable d\u2019entretenir jusqu\u2019\u00e0 <strong>12\u2009000 m\u00b2<\/strong> de pelouse. Ce qui fait d\u2019elle la <a href=\"https:\/\/www.belrobotics.com\/fr-ch\/avantages-robot-tondeuse\/\">tondeuse automatique<\/a> la mieux adapt\u00e9e pour les particuliers. Attendez-vous \u00e0 des \u00e9conomies de temps et de budget sans pr\u00e9c\u00e9dent. Le moment est venu de d\u00e9l\u00e9guer et de profiter.<\/p>\n","protected":false},"excerpt":{"rendered":"<p>Automatisez la tonte de votre terrain\u2009! La Parcmow est un robot de tonte capable d\u2019entretenir jusqu\u2019\u00e0 12\u2009000 m\u00b2 de pelouse. Ce qui fait d\u2019elle la tondeuse automatique la mieux adapt\u00e9e pour les particuliers. Attendez-vous \u00e0 des \u00e9conomies de temps et de budget sans pr\u00e9c\u00e9dent. Le moment est venu de d\u00e9l\u00e9guer et de profiter.<\/p>\n","protected":false},"author":9,"featured_media":1419,"parent":0,"menu_order":0,"comment_status":"closed","ping_status":"closed","template":"utilisation.php","meta":{"_acf_changed":false,"footnotes":""},"class_list":["post-1417","page","type-page","status-publish","has-post-thumbnail","hentry"],"acf":[],"yoast_head":"<!-- This site is optimized with the Yoast SEO plugin v26.9 - https:\/\/yoast.com\/product\/yoast-seo-wordpress\/ -->\n<title>Robot tondeuse pour particuliers - Belrobotics<\/title>\n<meta name=\"description\" content=\"D\u00e9couvrez Parcmow, capable d\u2019entretenir automatiquement votre gazon, ce qui en fait le robot de tonte id\u00e9al pour les particuliers aux grands terrains\u2009!\" \/>\n<meta name=\"robots\" content=\"index, follow, max-snippet:-1, max-image-preview:large, max-video-preview:-1\" \/>\n<link rel=\"canonical\" href=\"https:\/\/www.belrobotics.com\/fr-ch\/robot-tondeuse-particuliers\/\" \/>\n<meta property=\"og:locale\" content=\"fr_FR\" \/>\n<meta property=\"og:type\" content=\"article\" \/>\n<meta property=\"og:title\" content=\"Robot tondeuse pour particuliers - Belrobotics\" \/>\n<meta property=\"og:description\" content=\"D\u00e9couvrez Parcmow, capable d\u2019entretenir automatiquement votre gazon, ce qui en fait le robot de tonte id\u00e9al pour les particuliers aux grands terrains\u2009!\" \/>\n<meta property=\"og:url\" content=\"https:\/\/www.belrobotics.com\/fr-ch\/robot-tondeuse-particuliers\/\" \/>\n<meta property=\"og:site_name\" content=\"Belrobotics\" \/>\n<meta property=\"article:publisher\" content=\"https:\/\/www.facebook.com\/belrobotics\" \/>\n<meta property=\"article:modified_time\" content=\"2023-07-06T07:34:19+00:00\" \/>\n<meta property=\"og:image\" content=\"https:\/\/www.belrobotics.com\/wp-content\/uploads\/2019\/01\/belrobotics_3451-1024x683.jpg\" \/>\n\t<meta property=\"og:image:width\" content=\"1024\" \/>\n\t<meta property=\"og:image:height\" content=\"683\" \/>\n\t<meta property=\"og:image:type\" content=\"image\/jpeg\" \/>\n<meta name=\"twitter:card\" content=\"summary_large_image\" \/>\n<meta name=\"twitter:label1\" content=\"Est. reading time\" \/>\n\t<meta name=\"twitter:data1\" content=\"1 minute\" \/>\n<script type=\"application\/ld+json\" class=\"yoast-schema-graph\">{\"@context\":\"https:\/\/schema.org\",\"@graph\":[{\"@type\":\"WebPage\",\"@id\":\"https:\/\/www.belrobotics.com\/fr-ch\/robot-tondeuse-particuliers\/\",\"url\":\"https:\/\/www.belrobotics.com\/fr-ch\/robot-tondeuse-particuliers\/\",\"name\":\"Robot tondeuse pour particuliers - Belrobotics\",\"isPartOf\":{\"@id\":\"https:\/\/www.belrobotics.com\/fr-ch\/#website\"},\"primaryImageOfPage\":{\"@id\":\"https:\/\/www.belrobotics.com\/fr-ch\/robot-tondeuse-particuliers\/#primaryimage\"},\"image\":{\"@id\":\"https:\/\/www.belrobotics.com\/fr-ch\/robot-tondeuse-particuliers\/#primaryimage\"},\"thumbnailUrl\":\"https:\/\/www.belrobotics.com\/wp-content\/uploads\/2019\/01\/belrobotics_3451.jpg\",\"datePublished\":\"2019-01-21T14:11:13+00:00\",\"dateModified\":\"2023-07-06T07:34:19+00:00\",\"description\":\"D\u00e9couvrez Parcmow, capable d\u2019entretenir automatiquement votre gazon, ce qui en fait le robot de tonte id\u00e9al pour les particuliers aux grands terrains\u2009!\",\"breadcrumb\":{\"@id\":\"https:\/\/www.belrobotics.com\/fr-ch\/robot-tondeuse-particuliers\/#breadcrumb\"},\"inLanguage\":\"fr-CH\",\"potentialAction\":[{\"@type\":\"ReadAction\",\"target\":[\"https:\/\/www.belrobotics.com\/fr-ch\/robot-tondeuse-particuliers\/\"]}]},{\"@type\":\"ImageObject\",\"inLanguage\":\"fr-CH\",\"@id\":\"https:\/\/www.belrobotics.com\/fr-ch\/robot-tondeuse-particuliers\/#primaryimage\",\"url\":\"https:\/\/www.belrobotics.com\/wp-content\/uploads\/2019\/01\/belrobotics_3451.jpg\",\"contentUrl\":\"https:\/\/www.belrobotics.com\/wp-content\/uploads\/2019\/01\/belrobotics_3451.jpg\",\"width\":4000,\"height\":2668},{\"@type\":\"BreadcrumbList\",\"@id\":\"https:\/\/www.belrobotics.com\/fr-ch\/robot-tondeuse-particuliers\/#breadcrumb\",\"itemListElement\":[{\"@type\":\"ListItem\",\"position\":1,\"name\":\"Home\",\"item\":\"https:\/\/www.belrobotics.com\/fr-ch\/\"},{\"@type\":\"ListItem\",\"position\":2,\"name\":\"Particuliers\"}]},{\"@type\":\"WebSite\",\"@id\":\"https:\/\/www.belrobotics.com\/fr-ch\/#website\",\"url\":\"https:\/\/www.belrobotics.com\/fr-ch\/\",\"name\":\"Belrobotics\",\"description\":\"The grass masters\",\"publisher\":{\"@id\":\"https:\/\/www.belrobotics.com\/fr-ch\/#organization\"},\"potentialAction\":[{\"@type\":\"SearchAction\",\"target\":{\"@type\":\"EntryPoint\",\"urlTemplate\":\"https:\/\/www.belrobotics.com\/fr-ch\/?s={search_term_string}\"},\"query-input\":{\"@type\":\"PropertyValueSpecification\",\"valueRequired\":true,\"valueName\":\"search_term_string\"}}],\"inLanguage\":\"fr-CH\"},{\"@type\":\"Organization\",\"@id\":\"https:\/\/www.belrobotics.com\/fr-ch\/#organization\",\"name\":\"Belrobotics\",\"url\":\"https:\/\/www.belrobotics.com\/fr-ch\/\",\"logo\":{\"@type\":\"ImageObject\",\"inLanguage\":\"fr-CH\",\"@id\":\"https:\/\/www.belrobotics.com\/fr-ch\/#\/schema\/logo\/image\/\",\"url\":\"https:\/\/www.belrobotics.com\/wp-content\/uploads\/2019\/01\/logo-belrobotics.svg\",\"contentUrl\":\"https:\/\/www.belrobotics.com\/wp-content\/uploads\/2019\/01\/logo-belrobotics.svg\",\"width\":100,\"height\":16,\"caption\":\"Belrobotics\"},\"image\":{\"@id\":\"https:\/\/www.belrobotics.com\/fr-ch\/#\/schema\/logo\/image\/\"},\"sameAs\":[\"https:\/\/www.facebook.com\/belrobotics\",\"https:\/\/www.youtube.com\/channel\/UCYgWBPRzEdXmUqLRL0JbUIw\",\"https:\/\/www.instagram.com\/belrobotics_europe\/\"]}]}<\/script>\n<!-- \/ Yoast SEO plugin. -->","yoast_head_json":{"title":"Robot tondeuse pour particuliers - Belrobotics","description":"D\u00e9couvrez Parcmow, capable d\u2019entretenir automatiquement votre gazon, ce qui en fait le robot de tonte id\u00e9al pour les particuliers aux grands terrains\u2009!","robots":{"index":"index","follow":"follow","max-snippet":"max-snippet:-1","max-image-preview":"max-image-preview:large","max-video-preview":"max-video-preview:-1"},"canonical":"https:\/\/www.belrobotics.com\/fr-ch\/robot-tondeuse-particuliers\/","og_locale":"fr_FR","og_type":"article","og_title":"Robot tondeuse pour particuliers - Belrobotics","og_description":"D\u00e9couvrez Parcmow, capable d\u2019entretenir automatiquement votre gazon, ce qui en fait le robot de tonte id\u00e9al pour les particuliers aux grands terrains\u2009!","og_url":"https:\/\/www.belrobotics.com\/fr-ch\/robot-tondeuse-particuliers\/","og_site_name":"Belrobotics","article_publisher":"https:\/\/www.facebook.com\/belrobotics","article_modified_time":"2023-07-06T07:34:19+00:00","og_image":[{"width":1024,"height":683,"url":"https:\/\/www.belrobotics.com\/wp-content\/uploads\/2019\/01\/belrobotics_3451-1024x683.jpg","type":"image\/jpeg"}],"twitter_card":"summary_large_image","twitter_misc":{"Est. reading time":"1 minute"},"schema":{"@context":"https:\/\/schema.org","@graph":[{"@type":"WebPage","@id":"https:\/\/www.belrobotics.com\/fr-ch\/robot-tondeuse-particuliers\/","url":"https:\/\/www.belrobotics.com\/fr-ch\/robot-tondeuse-particuliers\/","name":"Robot tondeuse pour particuliers - Belrobotics","isPartOf":{"@id":"https:\/\/www.belrobotics.com\/fr-ch\/#website"},"primaryImageOfPage":{"@id":"https:\/\/www.belrobotics.com\/fr-ch\/robot-tondeuse-particuliers\/#primaryimage"},"image":{"@id":"https:\/\/www.belrobotics.com\/fr-ch\/robot-tondeuse-particuliers\/#primaryimage"},"thumbnailUrl":"https:\/\/www.belrobotics.com\/wp-content\/uploads\/2019\/01\/belrobotics_3451.jpg","datePublished":"2019-01-21T14:11:13+00:00","dateModified":"2023-07-06T07:34:19+00:00","description":"D\u00e9couvrez Parcmow, capable d\u2019entretenir automatiquement votre gazon, ce qui en fait le robot de tonte id\u00e9al pour les particuliers aux grands terrains\u2009!","breadcrumb":{"@id":"https:\/\/www.belrobotics.com\/fr-ch\/robot-tondeuse-particuliers\/#breadcrumb"},"inLanguage":"fr-CH","potentialAction":[{"@type":"ReadAction","target":["https:\/\/www.belrobotics.com\/fr-ch\/robot-tondeuse-particuliers\/"]}]},{"@type":"ImageObject","inLanguage":"fr-CH","@id":"https:\/\/www.belrobotics.com\/fr-ch\/robot-tondeuse-particuliers\/#primaryimage","url":"https:\/\/www.belrobotics.com\/wp-content\/uploads\/2019\/01\/belrobotics_3451.jpg","contentUrl":"https:\/\/www.belrobotics.com\/wp-content\/uploads\/2019\/01\/belrobotics_3451.jpg","width":4000,"height":2668},{"@type":"BreadcrumbList","@id":"https:\/\/www.belrobotics.com\/fr-ch\/robot-tondeuse-particuliers\/#breadcrumb","itemListElement":[{"@type":"ListItem","position":1,"name":"Home","item":"https:\/\/www.belrobotics.com\/fr-ch\/"},{"@type":"ListItem","position":2,"name":"Particuliers"}]},{"@type":"WebSite","@id":"https:\/\/www.belrobotics.com\/fr-ch\/#website","url":"https:\/\/www.belrobotics.com\/fr-ch\/","name":"Belrobotics","description":"The grass masters","publisher":{"@id":"https:\/\/www.belrobotics.com\/fr-ch\/#organization"},"potentialAction":[{"@type":"SearchAction","target":{"@type":"EntryPoint","urlTemplate":"https:\/\/www.belrobotics.com\/fr-ch\/?s={search_term_string}"},"query-input":{"@type":"PropertyValueSpecification","valueRequired":true,"valueName":"search_term_string"}}],"inLanguage":"fr-CH"},{"@type":"Organization","@id":"https:\/\/www.belrobotics.com\/fr-ch\/#organization","name":"Belrobotics","url":"https:\/\/www.belrobotics.com\/fr-ch\/","logo":{"@type":"ImageObject","inLanguage":"fr-CH","@id":"https:\/\/www.belrobotics.com\/fr-ch\/#\/schema\/logo\/image\/","url":"https:\/\/www.belrobotics.com\/wp-content\/uploads\/2019\/01\/logo-belrobotics.svg","contentUrl":"https:\/\/www.belrobotics.com\/wp-content\/uploads\/2019\/01\/logo-belrobotics.svg","width":100,"height":16,"caption":"Belrobotics"},"image":{"@id":"https:\/\/www.belrobotics.com\/fr-ch\/#\/schema\/logo\/image\/"},"sameAs":["https:\/\/www.facebook.com\/belrobotics","https:\/\/www.youtube.com\/channel\/UCYgWBPRzEdXmUqLRL0JbUIw","https:\/\/www.instagram.com\/belrobotics_europe\/"]}]}},"_links":{"self":[{"href":"https:\/\/www.belrobotics.com\/fr-ch\/wp-json\/wp\/v2\/pages\/1417","targetHints":{"allow":["GET"]}}],"collection":[{"href":"https:\/\/www.belrobotics.com\/fr-ch\/wp-json\/wp\/v2\/pages"}],"about":[{"href":"https:\/\/www.belrobotics.com\/fr-ch\/wp-json\/wp\/v2\/types\/page"}],"author":[{"embeddable":true,"href":"https:\/\/www.belrobotics.com\/fr-ch\/wp-json\/wp\/v2\/users\/9"}],"replies":[{"embeddable":true,"href":"https:\/\/www.belrobotics.com\/fr-ch\/wp-json\/wp\/v2\/comments?post=1417"}],"version-history":[{"count":1,"href":"https:\/\/www.belrobotics.com\/fr-ch\/wp-json\/wp\/v2\/pages\/1417\/revisions"}],"predecessor-version":[{"id":25201,"href":"https:\/\/www.belrobotics.com\/fr-ch\/wp-json\/wp\/v2\/pages\/1417\/revisions\/25201"}],"wp:featuredmedia":[{"embeddable":true,"href":"https:\/\/www.belrobotics.com\/fr-ch\/wp-json\/wp\/v2\/media\/1419"}],"wp:attachment":[{"href":"https:\/\/www.belrobotics.com\/fr-ch\/wp-json\/wp\/v2\/media?parent=1417"}],"curies":[{"name":"wp","href":"https:\/\/api.w.org\/{rel}","templated":true}]}}