{"id":1397,"date":"2019-01-21T15:11:54","date_gmt":"2019-01-21T14:11:54","guid":{"rendered":"https:\/\/belrobotics.andromede.digital\/clubs-de-sport\/"},"modified":"2019-11-22T17:23:54","modified_gmt":"2019-11-22T16:23:54","slug":"robot-tondeuse-clubs-de-sport","status":"publish","type":"page","link":"https:\/\/www.belrobotics.com\/fr-ch\/robot-tondeuse-clubs-de-sport\/","title":{"rendered":"Clubs de sport"},"content":{"rendered":"<h2 class=\"h3\">Un gazon de qualit\u00e9, automatiquement<\/h2>\n<p>La Bigmow est la <strong>tondeuse id\u00e9ale pour vos terrains de sport<\/strong> toutes disciplines confondues sur gazon. Des centaines de clubs l\u2019utilisent d\u00e9j\u00e0 pour am\u00e9liorer la qualit\u00e9 du gazon et r\u00e9aliser d\u2019importantes \u00e9conomies. Coupe uniforme, 3 \u00e0 5 tontes par semaine et 50% d\u2019\u00e9conomie : offrez le meilleur \u00e0 votre terrain de sport sans intervention humaine.<\/p>\n","protected":false},"excerpt":{"rendered":"<p>Un gazon de qualit\u00e9, automatiquement La Bigmow est la tondeuse id\u00e9ale pour vos terrains de sport toutes disciplines confondues sur gazon. Des centaines de clubs l\u2019utilisent d\u00e9j\u00e0 pour am\u00e9liorer la qualit\u00e9 du gazon et r\u00e9aliser d\u2019importantes \u00e9conomies. Coupe uniforme, 3 \u00e0 5 tontes par semaine et 50% d\u2019\u00e9conomie : offrez le meilleur \u00e0 votre terrain [&hellip;]<\/p>\n","protected":false},"author":9,"featured_media":1347,"parent":0,"menu_order":0,"comment_status":"closed","ping_status":"closed","template":"utilisation.php","meta":{"_acf_changed":false,"footnotes":""},"class_list":["post-1397","page","type-page","status-publish","has-post-thumbnail","hentry"],"acf":[],"yoast_head":"<!-- This site is optimized with the Yoast SEO plugin v26.9 - https:\/\/yoast.com\/product\/yoast-seo-wordpress\/ -->\n<title>Robots tondeuses pour terrains de sport - Belrobotics<\/title>\n<meta name=\"description\" content=\"Bigmow est la solution id\u00e9ale pour le gazon de vos terrains de sport toutes disciplines confondues. Des centaines de clubs l\u2019utilisent d\u00e9j\u00e0 !\" \/>\n<meta name=\"robots\" content=\"index, follow, max-snippet:-1, max-image-preview:large, max-video-preview:-1\" \/>\n<link rel=\"canonical\" href=\"https:\/\/www.belrobotics.com\/fr-ch\/robot-tondeuse-clubs-de-sport\/\" \/>\n<meta property=\"og:locale\" content=\"fr_FR\" \/>\n<meta property=\"og:type\" content=\"article\" \/>\n<meta property=\"og:title\" content=\"Robots tondeuses pour terrains de sport - Belrobotics\" \/>\n<meta property=\"og:description\" content=\"Bigmow est la solution id\u00e9ale pour le gazon de vos terrains de sport toutes disciplines confondues. Des centaines de clubs l\u2019utilisent d\u00e9j\u00e0 !\" \/>\n<meta property=\"og:url\" content=\"https:\/\/www.belrobotics.com\/fr-ch\/robot-tondeuse-clubs-de-sport\/\" \/>\n<meta property=\"og:site_name\" content=\"Belrobotics\" \/>\n<meta property=\"article:publisher\" content=\"https:\/\/www.facebook.com\/belrobotics\" \/>\n<meta property=\"article:modified_time\" content=\"2019-11-22T16:23:54+00:00\" \/>\n<meta property=\"og:image\" content=\"https:\/\/www.belrobotics.com\/wp-content\/uploads\/2019\/01\/big-mow-action-2-1.jpg\" \/>\n\t<meta property=\"og:image:width\" content=\"2251\" \/>\n\t<meta property=\"og:image:height\" content=\"1745\" \/>\n\t<meta property=\"og:image:type\" content=\"image\/jpeg\" \/>\n<meta name=\"twitter:card\" content=\"summary_large_image\" \/>\n<script type=\"application\/ld+json\" class=\"yoast-schema-graph\">{\"@context\":\"https:\/\/schema.org\",\"@graph\":[{\"@type\":\"WebPage\",\"@id\":\"https:\/\/www.belrobotics.com\/fr-ch\/robot-tondeuse-clubs-de-sport\/\",\"url\":\"https:\/\/www.belrobotics.com\/fr-ch\/robot-tondeuse-clubs-de-sport\/\",\"name\":\"Robots tondeuses pour terrains de sport - Belrobotics\",\"isPartOf\":{\"@id\":\"https:\/\/www.belrobotics.com\/fr-ch\/#website\"},\"primaryImageOfPage\":{\"@id\":\"https:\/\/www.belrobotics.com\/fr-ch\/robot-tondeuse-clubs-de-sport\/#primaryimage\"},\"image\":{\"@id\":\"https:\/\/www.belrobotics.com\/fr-ch\/robot-tondeuse-clubs-de-sport\/#primaryimage\"},\"thumbnailUrl\":\"https:\/\/www.belrobotics.com\/wp-content\/uploads\/2019\/01\/big-mow-action-2-1.jpg\",\"datePublished\":\"2019-01-21T14:11:54+00:00\",\"dateModified\":\"2019-11-22T16:23:54+00:00\",\"description\":\"Bigmow est la solution id\u00e9ale pour le gazon de vos terrains de sport toutes disciplines confondues. Des centaines de clubs l\u2019utilisent d\u00e9j\u00e0 !\",\"breadcrumb\":{\"@id\":\"https:\/\/www.belrobotics.com\/fr-ch\/robot-tondeuse-clubs-de-sport\/#breadcrumb\"},\"inLanguage\":\"fr-CH\",\"potentialAction\":[{\"@type\":\"ReadAction\",\"target\":[\"https:\/\/www.belrobotics.com\/fr-ch\/robot-tondeuse-clubs-de-sport\/\"]}]},{\"@type\":\"ImageObject\",\"inLanguage\":\"fr-CH\",\"@id\":\"https:\/\/www.belrobotics.com\/fr-ch\/robot-tondeuse-clubs-de-sport\/#primaryimage\",\"url\":\"https:\/\/www.belrobotics.com\/wp-content\/uploads\/2019\/01\/big-mow-action-2-1.jpg\",\"contentUrl\":\"https:\/\/www.belrobotics.com\/wp-content\/uploads\/2019\/01\/big-mow-action-2-1.jpg\",\"width\":2251,\"height\":1745},{\"@type\":\"BreadcrumbList\",\"@id\":\"https:\/\/www.belrobotics.com\/fr-ch\/robot-tondeuse-clubs-de-sport\/#breadcrumb\",\"itemListElement\":[{\"@type\":\"ListItem\",\"position\":1,\"name\":\"Home\",\"item\":\"https:\/\/www.belrobotics.com\/fr-ch\/\"},{\"@type\":\"ListItem\",\"position\":2,\"name\":\"Clubs de sport\"}]},{\"@type\":\"WebSite\",\"@id\":\"https:\/\/www.belrobotics.com\/fr-ch\/#website\",\"url\":\"https:\/\/www.belrobotics.com\/fr-ch\/\",\"name\":\"Belrobotics\",\"description\":\"The grass masters\",\"publisher\":{\"@id\":\"https:\/\/www.belrobotics.com\/fr-ch\/#organization\"},\"potentialAction\":[{\"@type\":\"SearchAction\",\"target\":{\"@type\":\"EntryPoint\",\"urlTemplate\":\"https:\/\/www.belrobotics.com\/fr-ch\/?s={search_term_string}\"},\"query-input\":{\"@type\":\"PropertyValueSpecification\",\"valueRequired\":true,\"valueName\":\"search_term_string\"}}],\"inLanguage\":\"fr-CH\"},{\"@type\":\"Organization\",\"@id\":\"https:\/\/www.belrobotics.com\/fr-ch\/#organization\",\"name\":\"Belrobotics\",\"url\":\"https:\/\/www.belrobotics.com\/fr-ch\/\",\"logo\":{\"@type\":\"ImageObject\",\"inLanguage\":\"fr-CH\",\"@id\":\"https:\/\/www.belrobotics.com\/fr-ch\/#\/schema\/logo\/image\/\",\"url\":\"https:\/\/www.belrobotics.com\/wp-content\/uploads\/2019\/01\/logo-belrobotics.svg\",\"contentUrl\":\"https:\/\/www.belrobotics.com\/wp-content\/uploads\/2019\/01\/logo-belrobotics.svg\",\"width\":100,\"height\":16,\"caption\":\"Belrobotics\"},\"image\":{\"@id\":\"https:\/\/www.belrobotics.com\/fr-ch\/#\/schema\/logo\/image\/\"},\"sameAs\":[\"https:\/\/www.facebook.com\/belrobotics\",\"https:\/\/www.youtube.com\/channel\/UCYgWBPRzEdXmUqLRL0JbUIw\",\"https:\/\/www.instagram.com\/belrobotics_europe\/\"]}]}<\/script>\n<!-- \/ Yoast SEO plugin. -->","yoast_head_json":{"title":"Robots tondeuses pour terrains de sport - Belrobotics","description":"Bigmow est la solution id\u00e9ale pour le gazon de vos terrains de sport toutes disciplines confondues. Des centaines de clubs l\u2019utilisent d\u00e9j\u00e0 !","robots":{"index":"index","follow":"follow","max-snippet":"max-snippet:-1","max-image-preview":"max-image-preview:large","max-video-preview":"max-video-preview:-1"},"canonical":"https:\/\/www.belrobotics.com\/fr-ch\/robot-tondeuse-clubs-de-sport\/","og_locale":"fr_FR","og_type":"article","og_title":"Robots tondeuses pour terrains de sport - Belrobotics","og_description":"Bigmow est la solution id\u00e9ale pour le gazon de vos terrains de sport toutes disciplines confondues. Des centaines de clubs l\u2019utilisent d\u00e9j\u00e0 !","og_url":"https:\/\/www.belrobotics.com\/fr-ch\/robot-tondeuse-clubs-de-sport\/","og_site_name":"Belrobotics","article_publisher":"https:\/\/www.facebook.com\/belrobotics","article_modified_time":"2019-11-22T16:23:54+00:00","og_image":[{"width":2251,"height":1745,"url":"https:\/\/www.belrobotics.com\/wp-content\/uploads\/2019\/01\/big-mow-action-2-1.jpg","type":"image\/jpeg"}],"twitter_card":"summary_large_image","schema":{"@context":"https:\/\/schema.org","@graph":[{"@type":"WebPage","@id":"https:\/\/www.belrobotics.com\/fr-ch\/robot-tondeuse-clubs-de-sport\/","url":"https:\/\/www.belrobotics.com\/fr-ch\/robot-tondeuse-clubs-de-sport\/","name":"Robots tondeuses pour terrains de sport - Belrobotics","isPartOf":{"@id":"https:\/\/www.belrobotics.com\/fr-ch\/#website"},"primaryImageOfPage":{"@id":"https:\/\/www.belrobotics.com\/fr-ch\/robot-tondeuse-clubs-de-sport\/#primaryimage"},"image":{"@id":"https:\/\/www.belrobotics.com\/fr-ch\/robot-tondeuse-clubs-de-sport\/#primaryimage"},"thumbnailUrl":"https:\/\/www.belrobotics.com\/wp-content\/uploads\/2019\/01\/big-mow-action-2-1.jpg","datePublished":"2019-01-21T14:11:54+00:00","dateModified":"2019-11-22T16:23:54+00:00","description":"Bigmow est la solution id\u00e9ale pour le gazon de vos terrains de sport toutes disciplines confondues. Des centaines de clubs l\u2019utilisent d\u00e9j\u00e0 !","breadcrumb":{"@id":"https:\/\/www.belrobotics.com\/fr-ch\/robot-tondeuse-clubs-de-sport\/#breadcrumb"},"inLanguage":"fr-CH","potentialAction":[{"@type":"ReadAction","target":["https:\/\/www.belrobotics.com\/fr-ch\/robot-tondeuse-clubs-de-sport\/"]}]},{"@type":"ImageObject","inLanguage":"fr-CH","@id":"https:\/\/www.belrobotics.com\/fr-ch\/robot-tondeuse-clubs-de-sport\/#primaryimage","url":"https:\/\/www.belrobotics.com\/wp-content\/uploads\/2019\/01\/big-mow-action-2-1.jpg","contentUrl":"https:\/\/www.belrobotics.com\/wp-content\/uploads\/2019\/01\/big-mow-action-2-1.jpg","width":2251,"height":1745},{"@type":"BreadcrumbList","@id":"https:\/\/www.belrobotics.com\/fr-ch\/robot-tondeuse-clubs-de-sport\/#breadcrumb","itemListElement":[{"@type":"ListItem","position":1,"name":"Home","item":"https:\/\/www.belrobotics.com\/fr-ch\/"},{"@type":"ListItem","position":2,"name":"Clubs de sport"}]},{"@type":"WebSite","@id":"https:\/\/www.belrobotics.com\/fr-ch\/#website","url":"https:\/\/www.belrobotics.com\/fr-ch\/","name":"Belrobotics","description":"The grass masters","publisher":{"@id":"https:\/\/www.belrobotics.com\/fr-ch\/#organization"},"potentialAction":[{"@type":"SearchAction","target":{"@type":"EntryPoint","urlTemplate":"https:\/\/www.belrobotics.com\/fr-ch\/?s={search_term_string}"},"query-input":{"@type":"PropertyValueSpecification","valueRequired":true,"valueName":"search_term_string"}}],"inLanguage":"fr-CH"},{"@type":"Organization","@id":"https:\/\/www.belrobotics.com\/fr-ch\/#organization","name":"Belrobotics","url":"https:\/\/www.belrobotics.com\/fr-ch\/","logo":{"@type":"ImageObject","inLanguage":"fr-CH","@id":"https:\/\/www.belrobotics.com\/fr-ch\/#\/schema\/logo\/image\/","url":"https:\/\/www.belrobotics.com\/wp-content\/uploads\/2019\/01\/logo-belrobotics.svg","contentUrl":"https:\/\/www.belrobotics.com\/wp-content\/uploads\/2019\/01\/logo-belrobotics.svg","width":100,"height":16,"caption":"Belrobotics"},"image":{"@id":"https:\/\/www.belrobotics.com\/fr-ch\/#\/schema\/logo\/image\/"},"sameAs":["https:\/\/www.facebook.com\/belrobotics","https:\/\/www.youtube.com\/channel\/UCYgWBPRzEdXmUqLRL0JbUIw","https:\/\/www.instagram.com\/belrobotics_europe\/"]}]}},"_links":{"self":[{"href":"https:\/\/www.belrobotics.com\/fr-ch\/wp-json\/wp\/v2\/pages\/1397","targetHints":{"allow":["GET"]}}],"collection":[{"href":"https:\/\/www.belrobotics.com\/fr-ch\/wp-json\/wp\/v2\/pages"}],"about":[{"href":"https:\/\/www.belrobotics.com\/fr-ch\/wp-json\/wp\/v2\/types\/page"}],"author":[{"embeddable":true,"href":"https:\/\/www.belrobotics.com\/fr-ch\/wp-json\/wp\/v2\/users\/9"}],"replies":[{"embeddable":true,"href":"https:\/\/www.belrobotics.com\/fr-ch\/wp-json\/wp\/v2\/comments?post=1397"}],"version-history":[{"count":0,"href":"https:\/\/www.belrobotics.com\/fr-ch\/wp-json\/wp\/v2\/pages\/1397\/revisions"}],"wp:featuredmedia":[{"embeddable":true,"href":"https:\/\/www.belrobotics.com\/fr-ch\/wp-json\/wp\/v2\/media\/1347"}],"wp:attachment":[{"href":"https:\/\/www.belrobotics.com\/fr-ch\/wp-json\/wp\/v2\/media?parent=1397"}],"curies":[{"name":"wp","href":"https:\/\/api.w.org\/{rel}","templated":true}]}}