{"id":25907,"date":"2023-07-19T15:36:50","date_gmt":"2023-07-19T14:36:50","guid":{"rendered":"https:\/\/belrobotics.andromede.digital\/?page_id=25907"},"modified":"2024-11-21T16:15:44","modified_gmt":"2024-11-21T15:15:44","slug":"devenir-revendeur","status":"publish","type":"page","link":"https:\/\/www.belrobotics.com\/fr-be\/devenir-revendeur\/","title":{"rendered":"Devenir revendeur Belrobotics ?"},"content":{"rendered":"<p>Belrobotics est le leader des robots tondeuses professionnels. Pr\u00eat \u00e0 r\u00e9veiller le revendeur qui sommeille en vous ?<br clear='none'\/>\nAttirez les professionnels, distribuez notre technologie et optimisez votre activit\u00e9.<\/p>\n<h3>Notre politique de distribution ?<\/h3>\n<p>Nous la voulons s\u00e9lective, mais respectueuse de votre rythme.<br clear='none'\/>\nL\u2019objectif est d\u2019assurer une relation avec de vrais experts qui g\u00e9n\u00e8re des opportunit\u00e9s. Pour vous, comme pour le client et nous.<\/p>\n","protected":false},"excerpt":{"rendered":"<p>Belrobotics est le leader des robots tondeuses professionnels. Pr\u00eat \u00e0 r\u00e9veiller le revendeur qui sommeille en vous ? Attirez les professionnels, distribuez notre technologie et optimisez votre activit\u00e9. Notre politique de distribution ? Nous la voulons s\u00e9lective, mais respectueuse de votre rythme. L\u2019objectif est d\u2019assurer une relation avec de vrais experts qui g\u00e9n\u00e8re des opportunit\u00e9s. [&hellip;]<\/p>\n","protected":false},"author":9,"featured_media":25939,"parent":0,"menu_order":0,"comment_status":"closed","ping_status":"closed","template":"devenir-dealer.php","meta":{"_acf_changed":false,"footnotes":""},"class_list":["post-25907","page","type-page","status-publish","has-post-thumbnail","hentry"],"acf":[],"yoast_head":"<!-- This site is optimized with the Yoast SEO plugin v26.9 - https:\/\/yoast.com\/product\/yoast-seo-wordpress\/ -->\n<title>Devenir revendeur Belrobotics ? - Belrobotics<\/title>\n<meta name=\"robots\" content=\"index, follow, max-snippet:-1, max-image-preview:large, max-video-preview:-1\" \/>\n<link rel=\"canonical\" href=\"https:\/\/www.belrobotics.com\/fr-be\/devenir-revendeur\/\" \/>\n<meta property=\"og:locale\" content=\"fr_FR\" \/>\n<meta property=\"og:type\" content=\"article\" \/>\n<meta property=\"og:title\" content=\"Devenir revendeur Belrobotics ? - Belrobotics\" \/>\n<meta property=\"og:description\" content=\"Belrobotics est le leader des robots tondeuses professionnels. Pr\u00eat \u00e0 r\u00e9veiller le revendeur qui sommeille en vous ? Attirez les professionnels, distribuez notre technologie et optimisez votre activit\u00e9. Notre politique de distribution ? Nous la voulons s\u00e9lective, mais respectueuse de votre rythme. L\u2019objectif est d\u2019assurer une relation avec de vrais experts qui g\u00e9n\u00e8re des opportunit\u00e9s. [&hellip;]\" \/>\n<meta property=\"og:url\" content=\"https:\/\/www.belrobotics.com\/fr-be\/devenir-revendeur\/\" \/>\n<meta property=\"og:site_name\" content=\"Belrobotics\" \/>\n<meta property=\"article:publisher\" content=\"https:\/\/www.facebook.com\/belrobotics\" \/>\n<meta property=\"article:modified_time\" content=\"2024-11-21T15:15:44+00:00\" \/>\n<meta property=\"og:image\" content=\"https:\/\/www.belrobotics.com\/wp-content\/uploads\/2023\/07\/devenir_revendeur_hero.webp\" \/>\n\t<meta property=\"og:image:width\" content=\"1920\" \/>\n\t<meta property=\"og:image:height\" content=\"1242\" \/>\n\t<meta property=\"og:image:type\" content=\"image\/webp\" \/>\n<meta name=\"twitter:card\" content=\"summary_large_image\" \/>\n<meta name=\"twitter:label1\" content=\"Dur\u00e9e de lecture est.\" \/>\n\t<meta name=\"twitter:data1\" content=\"2 minutes\" \/>\n<script type=\"application\/ld+json\" class=\"yoast-schema-graph\">{\"@context\":\"https:\/\/schema.org\",\"@graph\":[{\"@type\":\"WebPage\",\"@id\":\"https:\/\/www.belrobotics.com\/fr-be\/devenir-revendeur\/\",\"url\":\"https:\/\/www.belrobotics.com\/fr-be\/devenir-revendeur\/\",\"name\":\"Devenir revendeur Belrobotics ? - Belrobotics\",\"isPartOf\":{\"@id\":\"https:\/\/www.belrobotics.com\/fr-be\/#website\"},\"primaryImageOfPage\":{\"@id\":\"https:\/\/www.belrobotics.com\/fr-be\/devenir-revendeur\/#primaryimage\"},\"image\":{\"@id\":\"https:\/\/www.belrobotics.com\/fr-be\/devenir-revendeur\/#primaryimage\"},\"thumbnailUrl\":\"https:\/\/www.belrobotics.com\/wp-content\/uploads\/2023\/07\/devenir_revendeur_hero.webp\",\"datePublished\":\"2023-07-19T14:36:50+00:00\",\"dateModified\":\"2024-11-21T15:15:44+00:00\",\"breadcrumb\":{\"@id\":\"https:\/\/www.belrobotics.com\/fr-be\/devenir-revendeur\/#breadcrumb\"},\"inLanguage\":\"fr-BE\",\"potentialAction\":[{\"@type\":\"ReadAction\",\"target\":[\"https:\/\/www.belrobotics.com\/fr-be\/devenir-revendeur\/\"]}]},{\"@type\":\"ImageObject\",\"inLanguage\":\"fr-BE\",\"@id\":\"https:\/\/www.belrobotics.com\/fr-be\/devenir-revendeur\/#primaryimage\",\"url\":\"https:\/\/www.belrobotics.com\/wp-content\/uploads\/2023\/07\/devenir_revendeur_hero.webp\",\"contentUrl\":\"https:\/\/www.belrobotics.com\/wp-content\/uploads\/2023\/07\/devenir_revendeur_hero.webp\",\"width\":1920,\"height\":1242},{\"@type\":\"BreadcrumbList\",\"@id\":\"https:\/\/www.belrobotics.com\/fr-be\/devenir-revendeur\/#breadcrumb\",\"itemListElement\":[{\"@type\":\"ListItem\",\"position\":1,\"name\":\"Home\",\"item\":\"https:\/\/www.belrobotics.com\/fr-be\/\"},{\"@type\":\"ListItem\",\"position\":2,\"name\":\"Devenir revendeur Belrobotics ?\"}]},{\"@type\":\"WebSite\",\"@id\":\"https:\/\/www.belrobotics.com\/fr-be\/#website\",\"url\":\"https:\/\/www.belrobotics.com\/fr-be\/\",\"name\":\"Belrobotics\",\"description\":\"The grass masters\",\"publisher\":{\"@id\":\"https:\/\/www.belrobotics.com\/fr-be\/#organization\"},\"potentialAction\":[{\"@type\":\"SearchAction\",\"target\":{\"@type\":\"EntryPoint\",\"urlTemplate\":\"https:\/\/www.belrobotics.com\/fr-be\/?s={search_term_string}\"},\"query-input\":{\"@type\":\"PropertyValueSpecification\",\"valueRequired\":true,\"valueName\":\"search_term_string\"}}],\"inLanguage\":\"fr-BE\"},{\"@type\":\"Organization\",\"@id\":\"https:\/\/www.belrobotics.com\/fr-be\/#organization\",\"name\":\"Belrobotics\",\"url\":\"https:\/\/www.belrobotics.com\/fr-be\/\",\"logo\":{\"@type\":\"ImageObject\",\"inLanguage\":\"fr-BE\",\"@id\":\"https:\/\/www.belrobotics.com\/fr-be\/#\/schema\/logo\/image\/\",\"url\":\"https:\/\/www.belrobotics.com\/wp-content\/uploads\/2019\/01\/logo-belrobotics.svg\",\"contentUrl\":\"https:\/\/www.belrobotics.com\/wp-content\/uploads\/2019\/01\/logo-belrobotics.svg\",\"width\":100,\"height\":16,\"caption\":\"Belrobotics\"},\"image\":{\"@id\":\"https:\/\/www.belrobotics.com\/fr-be\/#\/schema\/logo\/image\/\"},\"sameAs\":[\"https:\/\/www.facebook.com\/belrobotics\",\"https:\/\/www.youtube.com\/channel\/UCYgWBPRzEdXmUqLRL0JbUIw\",\"https:\/\/www.instagram.com\/belrobotics_europe\/\"]}]}<\/script>\n<!-- \/ Yoast SEO plugin. -->","yoast_head_json":{"title":"Devenir revendeur Belrobotics ? - Belrobotics","robots":{"index":"index","follow":"follow","max-snippet":"max-snippet:-1","max-image-preview":"max-image-preview:large","max-video-preview":"max-video-preview:-1"},"canonical":"https:\/\/www.belrobotics.com\/fr-be\/devenir-revendeur\/","og_locale":"fr_FR","og_type":"article","og_title":"Devenir revendeur Belrobotics ? - Belrobotics","og_description":"Belrobotics est le leader des robots tondeuses professionnels. Pr\u00eat \u00e0 r\u00e9veiller le revendeur qui sommeille en vous ? Attirez les professionnels, distribuez notre technologie et optimisez votre activit\u00e9. Notre politique de distribution ? Nous la voulons s\u00e9lective, mais respectueuse de votre rythme. L\u2019objectif est d\u2019assurer une relation avec de vrais experts qui g\u00e9n\u00e8re des opportunit\u00e9s. [&hellip;]","og_url":"https:\/\/www.belrobotics.com\/fr-be\/devenir-revendeur\/","og_site_name":"Belrobotics","article_publisher":"https:\/\/www.facebook.com\/belrobotics","article_modified_time":"2024-11-21T15:15:44+00:00","og_image":[{"width":1920,"height":1242,"url":"https:\/\/www.belrobotics.com\/wp-content\/uploads\/2023\/07\/devenir_revendeur_hero.webp","type":"image\/webp"}],"twitter_card":"summary_large_image","twitter_misc":{"Dur\u00e9e de lecture est.":"2 minutes"},"schema":{"@context":"https:\/\/schema.org","@graph":[{"@type":"WebPage","@id":"https:\/\/www.belrobotics.com\/fr-be\/devenir-revendeur\/","url":"https:\/\/www.belrobotics.com\/fr-be\/devenir-revendeur\/","name":"Devenir revendeur Belrobotics ? - Belrobotics","isPartOf":{"@id":"https:\/\/www.belrobotics.com\/fr-be\/#website"},"primaryImageOfPage":{"@id":"https:\/\/www.belrobotics.com\/fr-be\/devenir-revendeur\/#primaryimage"},"image":{"@id":"https:\/\/www.belrobotics.com\/fr-be\/devenir-revendeur\/#primaryimage"},"thumbnailUrl":"https:\/\/www.belrobotics.com\/wp-content\/uploads\/2023\/07\/devenir_revendeur_hero.webp","datePublished":"2023-07-19T14:36:50+00:00","dateModified":"2024-11-21T15:15:44+00:00","breadcrumb":{"@id":"https:\/\/www.belrobotics.com\/fr-be\/devenir-revendeur\/#breadcrumb"},"inLanguage":"fr-BE","potentialAction":[{"@type":"ReadAction","target":["https:\/\/www.belrobotics.com\/fr-be\/devenir-revendeur\/"]}]},{"@type":"ImageObject","inLanguage":"fr-BE","@id":"https:\/\/www.belrobotics.com\/fr-be\/devenir-revendeur\/#primaryimage","url":"https:\/\/www.belrobotics.com\/wp-content\/uploads\/2023\/07\/devenir_revendeur_hero.webp","contentUrl":"https:\/\/www.belrobotics.com\/wp-content\/uploads\/2023\/07\/devenir_revendeur_hero.webp","width":1920,"height":1242},{"@type":"BreadcrumbList","@id":"https:\/\/www.belrobotics.com\/fr-be\/devenir-revendeur\/#breadcrumb","itemListElement":[{"@type":"ListItem","position":1,"name":"Home","item":"https:\/\/www.belrobotics.com\/fr-be\/"},{"@type":"ListItem","position":2,"name":"Devenir revendeur Belrobotics ?"}]},{"@type":"WebSite","@id":"https:\/\/www.belrobotics.com\/fr-be\/#website","url":"https:\/\/www.belrobotics.com\/fr-be\/","name":"Belrobotics","description":"The grass masters","publisher":{"@id":"https:\/\/www.belrobotics.com\/fr-be\/#organization"},"potentialAction":[{"@type":"SearchAction","target":{"@type":"EntryPoint","urlTemplate":"https:\/\/www.belrobotics.com\/fr-be\/?s={search_term_string}"},"query-input":{"@type":"PropertyValueSpecification","valueRequired":true,"valueName":"search_term_string"}}],"inLanguage":"fr-BE"},{"@type":"Organization","@id":"https:\/\/www.belrobotics.com\/fr-be\/#organization","name":"Belrobotics","url":"https:\/\/www.belrobotics.com\/fr-be\/","logo":{"@type":"ImageObject","inLanguage":"fr-BE","@id":"https:\/\/www.belrobotics.com\/fr-be\/#\/schema\/logo\/image\/","url":"https:\/\/www.belrobotics.com\/wp-content\/uploads\/2019\/01\/logo-belrobotics.svg","contentUrl":"https:\/\/www.belrobotics.com\/wp-content\/uploads\/2019\/01\/logo-belrobotics.svg","width":100,"height":16,"caption":"Belrobotics"},"image":{"@id":"https:\/\/www.belrobotics.com\/fr-be\/#\/schema\/logo\/image\/"},"sameAs":["https:\/\/www.facebook.com\/belrobotics","https:\/\/www.youtube.com\/channel\/UCYgWBPRzEdXmUqLRL0JbUIw","https:\/\/www.instagram.com\/belrobotics_europe\/"]}]}},"_links":{"self":[{"href":"https:\/\/www.belrobotics.com\/fr-be\/wp-json\/wp\/v2\/pages\/25907","targetHints":{"allow":["GET"]}}],"collection":[{"href":"https:\/\/www.belrobotics.com\/fr-be\/wp-json\/wp\/v2\/pages"}],"about":[{"href":"https:\/\/www.belrobotics.com\/fr-be\/wp-json\/wp\/v2\/types\/page"}],"author":[{"embeddable":true,"href":"https:\/\/www.belrobotics.com\/fr-be\/wp-json\/wp\/v2\/users\/9"}],"replies":[{"embeddable":true,"href":"https:\/\/www.belrobotics.com\/fr-be\/wp-json\/wp\/v2\/comments?post=25907"}],"version-history":[{"count":21,"href":"https:\/\/www.belrobotics.com\/fr-be\/wp-json\/wp\/v2\/pages\/25907\/revisions"}],"predecessor-version":[{"id":40473,"href":"https:\/\/www.belrobotics.com\/fr-be\/wp-json\/wp\/v2\/pages\/25907\/revisions\/40473"}],"wp:featuredmedia":[{"embeddable":true,"href":"https:\/\/www.belrobotics.com\/fr-be\/wp-json\/wp\/v2\/media\/25939"}],"wp:attachment":[{"href":"https:\/\/www.belrobotics.com\/fr-be\/wp-json\/wp\/v2\/media?parent=25907"}],"curies":[{"name":"wp","href":"https:\/\/api.w.org\/{rel}","templated":true}]}}