{"id":24235,"date":"2023-06-20T14:04:33","date_gmt":"2023-06-20T13:04:33","guid":{"rendered":"https:\/\/belrobotics.andromede.digital\/?page_id=24235"},"modified":"2023-06-29T08:50:47","modified_gmt":"2023-06-29T07:50:47","slug":"golftour","status":"publish","type":"page","link":"https:\/\/www.belrobotics.com\/fr-be\/golftour\/","title":{"rendered":"Belrobotics Golf Tour"},"content":{"rendered":"<p><img loading=\"lazy\" decoding=\"async\" class=\"size-medium wp-image-11928 alignnone\" src=\"\/wp-content\/uploads\/2020\/09\/Logo-300x143.png\" alt=\"\" width=\"300\" height=\"143\" srcset=\"https:\/\/www.belrobotics.com\/wp-content\/uploads\/2020\/09\/Logo-300x143.png 300w, https:\/\/www.belrobotics.com\/wp-content\/uploads\/2020\/09\/Logo.png 421w\" sizes=\"auto, (max-width: 300px) 100vw, 300px\" \/><br clear='none'\/>\nRobots-tondeuses et ramasseurs de balles : d\u00e9mo offerte sur votre propre terrain pendant 6 semaines<\/p>\n<ul>\n<li><strong>La Bigmow GPS-RTK:<\/strong><br clear='none'\/>\ntonte parfaites 24\/7<\/li>\n<li><strong>La BallPicker GPS-RTK:<\/strong><br clear='none'\/>\nramassage des balles<\/li>\n<\/ul>\n<p><a class=\"btn\" href=\"#form\">Je r\u00e9serve ma d\u00e9mo <\/a><\/p>\n","protected":false},"excerpt":{"rendered":"<p>Robots-tondeuses et ramasseurs de balles : d\u00e9mo offerte sur votre propre terrain pendant 6 semaines La Bigmow GPS-RTK: tonte parfaites 24\/7 La BallPicker GPS-RTK: ramassage des balles Je r\u00e9serve ma d\u00e9mo<\/p>\n","protected":false},"author":9,"featured_media":11957,"parent":0,"menu_order":0,"comment_status":"closed","ping_status":"closed","template":"template-action-on-tour.php","meta":{"_acf_changed":false,"footnotes":""},"class_list":["post-24235","page","type-page","status-publish","has-post-thumbnail","hentry"],"acf":[],"yoast_head":"<!-- This site is optimized with the Yoast SEO plugin v26.9 - https:\/\/yoast.com\/product\/yoast-seo-wordpress\/ -->\n<title>D\u00e9mo offerte sur votre terrain - Belrobotics<\/title>\n<meta name=\"description\" content=\"Greenkeeper\u00a0? Responsable d\u2019un club de golf\u00a0? Pendant le Golf Tour, remportez une d\u00e9monstration gratuite de nos robots-tondeuses sur votre propre terrain. R\u00e9servez vite votre d\u00e9mo\u2026\" \/>\n<meta name=\"robots\" content=\"noindex, nofollow\" \/>\n<meta property=\"og:locale\" content=\"fr_FR\" \/>\n<meta property=\"og:type\" content=\"article\" \/>\n<meta property=\"og:title\" content=\"D\u00e9mo offerte sur votre terrain - Belrobotics\" \/>\n<meta property=\"og:description\" content=\"Greenkeeper\u00a0? Responsable d\u2019un club de golf\u00a0? Pendant le Golf Tour, remportez une d\u00e9monstration gratuite de nos robots-tondeuses sur votre propre terrain. R\u00e9servez vite votre d\u00e9mo\u2026\" \/>\n<meta property=\"og:url\" content=\"https:\/\/www.belrobotics.com\/fr-be\/golftour\/\" \/>\n<meta property=\"og:site_name\" content=\"Belrobotics\" \/>\n<meta property=\"article:publisher\" content=\"https:\/\/www.facebook.com\/belrobotics\" \/>\n<meta property=\"article:modified_time\" content=\"2023-06-29T07:50:47+00:00\" \/>\n<meta property=\"og:image\" content=\"https:\/\/www.belrobotics.com\/wp-content\/uploads\/2020\/09\/Top-1024x640.png\" \/>\n\t<meta property=\"og:image:width\" content=\"1024\" \/>\n\t<meta property=\"og:image:height\" content=\"640\" \/>\n\t<meta property=\"og:image:type\" content=\"image\/png\" \/>\n<meta name=\"twitter:card\" content=\"summary_large_image\" \/>\n<meta name=\"twitter:label1\" content=\"Dur\u00e9e de lecture est.\" \/>\n\t<meta name=\"twitter:data1\" content=\"1 minute\" \/>\n<script type=\"application\/ld+json\" class=\"yoast-schema-graph\">{\"@context\":\"https:\/\/schema.org\",\"@graph\":[{\"@type\":\"WebPage\",\"@id\":\"https:\/\/www.belrobotics.com\/fr-be\/golftour\/\",\"url\":\"https:\/\/www.belrobotics.com\/fr-be\/golftour\/\",\"name\":\"D\u00e9mo offerte sur votre terrain - Belrobotics\",\"isPartOf\":{\"@id\":\"https:\/\/www.belrobotics.com\/fr-be\/#website\"},\"primaryImageOfPage\":{\"@id\":\"https:\/\/www.belrobotics.com\/fr-be\/golftour\/#primaryimage\"},\"image\":{\"@id\":\"https:\/\/www.belrobotics.com\/fr-be\/golftour\/#primaryimage\"},\"thumbnailUrl\":\"https:\/\/www.belrobotics.com\/wp-content\/uploads\/2020\/09\/Top.png\",\"datePublished\":\"2023-06-20T13:04:33+00:00\",\"dateModified\":\"2023-06-29T07:50:47+00:00\",\"description\":\"Greenkeeper\u00a0? Responsable d\u2019un club de golf\u00a0? Pendant le Golf Tour, remportez une d\u00e9monstration gratuite de nos robots-tondeuses sur votre propre terrain. R\u00e9servez vite votre d\u00e9mo\u2026\",\"breadcrumb\":{\"@id\":\"https:\/\/www.belrobotics.com\/fr-be\/golftour\/#breadcrumb\"},\"inLanguage\":\"fr-BE\",\"potentialAction\":[{\"@type\":\"ReadAction\",\"target\":[\"https:\/\/www.belrobotics.com\/fr-be\/golftour\/\"]}]},{\"@type\":\"ImageObject\",\"inLanguage\":\"fr-BE\",\"@id\":\"https:\/\/www.belrobotics.com\/fr-be\/golftour\/#primaryimage\",\"url\":\"https:\/\/www.belrobotics.com\/wp-content\/uploads\/2020\/09\/Top.png\",\"contentUrl\":\"https:\/\/www.belrobotics.com\/wp-content\/uploads\/2020\/09\/Top.png\",\"width\":1601,\"height\":1001},{\"@type\":\"BreadcrumbList\",\"@id\":\"https:\/\/www.belrobotics.com\/fr-be\/golftour\/#breadcrumb\",\"itemListElement\":[{\"@type\":\"ListItem\",\"position\":1,\"name\":\"Home\",\"item\":\"https:\/\/www.belrobotics.com\/fr-be\/\"},{\"@type\":\"ListItem\",\"position\":2,\"name\":\"Belrobotics Golf Tour\"}]},{\"@type\":\"WebSite\",\"@id\":\"https:\/\/www.belrobotics.com\/fr-be\/#website\",\"url\":\"https:\/\/www.belrobotics.com\/fr-be\/\",\"name\":\"Belrobotics\",\"description\":\"The grass masters\",\"publisher\":{\"@id\":\"https:\/\/www.belrobotics.com\/fr-be\/#organization\"},\"potentialAction\":[{\"@type\":\"SearchAction\",\"target\":{\"@type\":\"EntryPoint\",\"urlTemplate\":\"https:\/\/www.belrobotics.com\/fr-be\/?s={search_term_string}\"},\"query-input\":{\"@type\":\"PropertyValueSpecification\",\"valueRequired\":true,\"valueName\":\"search_term_string\"}}],\"inLanguage\":\"fr-BE\"},{\"@type\":\"Organization\",\"@id\":\"https:\/\/www.belrobotics.com\/fr-be\/#organization\",\"name\":\"Belrobotics\",\"url\":\"https:\/\/www.belrobotics.com\/fr-be\/\",\"logo\":{\"@type\":\"ImageObject\",\"inLanguage\":\"fr-BE\",\"@id\":\"https:\/\/www.belrobotics.com\/fr-be\/#\/schema\/logo\/image\/\",\"url\":\"https:\/\/www.belrobotics.com\/wp-content\/uploads\/2019\/01\/logo-belrobotics.svg\",\"contentUrl\":\"https:\/\/www.belrobotics.com\/wp-content\/uploads\/2019\/01\/logo-belrobotics.svg\",\"width\":100,\"height\":16,\"caption\":\"Belrobotics\"},\"image\":{\"@id\":\"https:\/\/www.belrobotics.com\/fr-be\/#\/schema\/logo\/image\/\"},\"sameAs\":[\"https:\/\/www.facebook.com\/belrobotics\",\"https:\/\/www.youtube.com\/channel\/UCYgWBPRzEdXmUqLRL0JbUIw\",\"https:\/\/www.instagram.com\/belrobotics_europe\/\"]}]}<\/script>\n<!-- \/ Yoast SEO plugin. -->","yoast_head_json":{"title":"D\u00e9mo offerte sur votre terrain - Belrobotics","description":"Greenkeeper\u00a0? Responsable d\u2019un club de golf\u00a0? Pendant le Golf Tour, remportez une d\u00e9monstration gratuite de nos robots-tondeuses sur votre propre terrain. R\u00e9servez vite votre d\u00e9mo\u2026","robots":{"index":"noindex","follow":"nofollow"},"og_locale":"fr_FR","og_type":"article","og_title":"D\u00e9mo offerte sur votre terrain - Belrobotics","og_description":"Greenkeeper\u00a0? Responsable d\u2019un club de golf\u00a0? Pendant le Golf Tour, remportez une d\u00e9monstration gratuite de nos robots-tondeuses sur votre propre terrain. R\u00e9servez vite votre d\u00e9mo\u2026","og_url":"https:\/\/www.belrobotics.com\/fr-be\/golftour\/","og_site_name":"Belrobotics","article_publisher":"https:\/\/www.facebook.com\/belrobotics","article_modified_time":"2023-06-29T07:50:47+00:00","og_image":[{"width":1024,"height":640,"url":"https:\/\/www.belrobotics.com\/wp-content\/uploads\/2020\/09\/Top-1024x640.png","type":"image\/png"}],"twitter_card":"summary_large_image","twitter_misc":{"Dur\u00e9e de lecture est.":"1 minute"},"schema":{"@context":"https:\/\/schema.org","@graph":[{"@type":"WebPage","@id":"https:\/\/www.belrobotics.com\/fr-be\/golftour\/","url":"https:\/\/www.belrobotics.com\/fr-be\/golftour\/","name":"D\u00e9mo offerte sur votre terrain - Belrobotics","isPartOf":{"@id":"https:\/\/www.belrobotics.com\/fr-be\/#website"},"primaryImageOfPage":{"@id":"https:\/\/www.belrobotics.com\/fr-be\/golftour\/#primaryimage"},"image":{"@id":"https:\/\/www.belrobotics.com\/fr-be\/golftour\/#primaryimage"},"thumbnailUrl":"https:\/\/www.belrobotics.com\/wp-content\/uploads\/2020\/09\/Top.png","datePublished":"2023-06-20T13:04:33+00:00","dateModified":"2023-06-29T07:50:47+00:00","description":"Greenkeeper\u00a0? Responsable d\u2019un club de golf\u00a0? Pendant le Golf Tour, remportez une d\u00e9monstration gratuite de nos robots-tondeuses sur votre propre terrain. R\u00e9servez vite votre d\u00e9mo\u2026","breadcrumb":{"@id":"https:\/\/www.belrobotics.com\/fr-be\/golftour\/#breadcrumb"},"inLanguage":"fr-BE","potentialAction":[{"@type":"ReadAction","target":["https:\/\/www.belrobotics.com\/fr-be\/golftour\/"]}]},{"@type":"ImageObject","inLanguage":"fr-BE","@id":"https:\/\/www.belrobotics.com\/fr-be\/golftour\/#primaryimage","url":"https:\/\/www.belrobotics.com\/wp-content\/uploads\/2020\/09\/Top.png","contentUrl":"https:\/\/www.belrobotics.com\/wp-content\/uploads\/2020\/09\/Top.png","width":1601,"height":1001},{"@type":"BreadcrumbList","@id":"https:\/\/www.belrobotics.com\/fr-be\/golftour\/#breadcrumb","itemListElement":[{"@type":"ListItem","position":1,"name":"Home","item":"https:\/\/www.belrobotics.com\/fr-be\/"},{"@type":"ListItem","position":2,"name":"Belrobotics Golf Tour"}]},{"@type":"WebSite","@id":"https:\/\/www.belrobotics.com\/fr-be\/#website","url":"https:\/\/www.belrobotics.com\/fr-be\/","name":"Belrobotics","description":"The grass masters","publisher":{"@id":"https:\/\/www.belrobotics.com\/fr-be\/#organization"},"potentialAction":[{"@type":"SearchAction","target":{"@type":"EntryPoint","urlTemplate":"https:\/\/www.belrobotics.com\/fr-be\/?s={search_term_string}"},"query-input":{"@type":"PropertyValueSpecification","valueRequired":true,"valueName":"search_term_string"}}],"inLanguage":"fr-BE"},{"@type":"Organization","@id":"https:\/\/www.belrobotics.com\/fr-be\/#organization","name":"Belrobotics","url":"https:\/\/www.belrobotics.com\/fr-be\/","logo":{"@type":"ImageObject","inLanguage":"fr-BE","@id":"https:\/\/www.belrobotics.com\/fr-be\/#\/schema\/logo\/image\/","url":"https:\/\/www.belrobotics.com\/wp-content\/uploads\/2019\/01\/logo-belrobotics.svg","contentUrl":"https:\/\/www.belrobotics.com\/wp-content\/uploads\/2019\/01\/logo-belrobotics.svg","width":100,"height":16,"caption":"Belrobotics"},"image":{"@id":"https:\/\/www.belrobotics.com\/fr-be\/#\/schema\/logo\/image\/"},"sameAs":["https:\/\/www.facebook.com\/belrobotics","https:\/\/www.youtube.com\/channel\/UCYgWBPRzEdXmUqLRL0JbUIw","https:\/\/www.instagram.com\/belrobotics_europe\/"]}]}},"_links":{"self":[{"href":"https:\/\/www.belrobotics.com\/fr-be\/wp-json\/wp\/v2\/pages\/24235","targetHints":{"allow":["GET"]}}],"collection":[{"href":"https:\/\/www.belrobotics.com\/fr-be\/wp-json\/wp\/v2\/pages"}],"about":[{"href":"https:\/\/www.belrobotics.com\/fr-be\/wp-json\/wp\/v2\/types\/page"}],"author":[{"embeddable":true,"href":"https:\/\/www.belrobotics.com\/fr-be\/wp-json\/wp\/v2\/users\/9"}],"replies":[{"embeddable":true,"href":"https:\/\/www.belrobotics.com\/fr-be\/wp-json\/wp\/v2\/comments?post=24235"}],"version-history":[{"count":5,"href":"https:\/\/www.belrobotics.com\/fr-be\/wp-json\/wp\/v2\/pages\/24235\/revisions"}],"predecessor-version":[{"id":24805,"href":"https:\/\/www.belrobotics.com\/fr-be\/wp-json\/wp\/v2\/pages\/24235\/revisions\/24805"}],"wp:featuredmedia":[{"embeddable":true,"href":"https:\/\/www.belrobotics.com\/fr-be\/wp-json\/wp\/v2\/media\/11957"}],"wp:attachment":[{"href":"https:\/\/www.belrobotics.com\/fr-be\/wp-json\/wp\/v2\/media?parent=24235"}],"curies":[{"name":"wp","href":"https:\/\/api.w.org\/{rel}","templated":true}]}}