{"id":1387,"date":"2019-01-21T15:12:12","date_gmt":"2019-01-21T14:12:12","guid":{"rendered":"https:\/\/belrobotics.andromede.digital\/golf\/"},"modified":"2024-03-20T16:23:32","modified_gmt":"2024-03-20T15:23:32","slug":"robots-golf","status":"publish","type":"page","link":"https:\/\/www.belrobotics.com\/fr-be\/robots-golf\/","title":{"rendered":"Clubs de Golf"},"content":{"rendered":"<h2 class=\"h3\">Automatisez l\u2019entretient de votre pelouse gr\u00e2ce \u00e0 la tonte et le ramassage de balles sur le practice<\/h2>\n<p>Pendant que la tondeuse pour golf Bigmow entretient la pelouse, avec une attention particuli\u00e8re accord\u00e9e \u00e0 la tonte du rough et du semi-rough sur le fairway, la Ballpicker s\u2019active sur votre practice pour le ramassage des balles. Ce duo fonctionne en harmonie, pouvant offrir une solution d\u2019automatisation compl\u00e8te et efficace pour les greenkeepers. De jour comme de nuit, d\u00e9l\u00e9guez la gestion d&rsquo;une surface allant jusqu\u2019\u00e0 75.000 m\u00b2 pour notre Bigmow et 45.000 m\u00b2 pour notre Ballpicker, tout en garantissant un ramassage jusqu\u2019\u00e0 15.000 balles par tranche de 24 heures.<\/p>\n","protected":false},"excerpt":{"rendered":"<p>Automatisez l\u2019entretient de votre pelouse gr\u00e2ce \u00e0 la tonte et le ramassage de balles sur le practice Pendant que la tondeuse pour golf Bigmow entretient la pelouse, avec une attention particuli\u00e8re accord\u00e9e \u00e0 la tonte du rough et du semi-rough sur le fairway, la Ballpicker s\u2019active sur votre practice pour le ramassage des balles. Ce [&hellip;]<\/p>\n","protected":false},"author":9,"featured_media":34147,"parent":0,"menu_order":0,"comment_status":"closed","ping_status":"closed","template":"utilisation.php","meta":{"_acf_changed":false,"footnotes":""},"class_list":["post-1387","page","type-page","status-publish","has-post-thumbnail","hentry"],"acf":[],"yoast_head":"<!-- This site is optimized with the Yoast SEO plugin v26.9 - https:\/\/yoast.com\/product\/yoast-seo-wordpress\/ -->\n<title>Nos tondeuses et ramasseuses de balles de golf - Belrobotics<\/title>\n<meta name=\"description\" content=\"Automatisez le ramassage des balles sur votre practice gr\u00e2ce au Ballpicker, capable de travailler sur 30.000 m\u00b2 et de ramasser 12.000 balles par 24 heures !\" \/>\n<meta name=\"robots\" content=\"index, follow, max-snippet:-1, max-image-preview:large, max-video-preview:-1\" \/>\n<link rel=\"canonical\" href=\"https:\/\/www.belrobotics.com\/fr-be\/robots-golf\/\" \/>\n<meta property=\"og:locale\" content=\"fr_FR\" \/>\n<meta property=\"og:type\" content=\"article\" \/>\n<meta property=\"og:title\" content=\"Nos tondeuses et ramasseuses de balles de golf - Belrobotics\" \/>\n<meta property=\"og:description\" content=\"Automatisez le ramassage des balles sur votre practice gr\u00e2ce au Ballpicker, capable de travailler sur 30.000 m\u00b2 et de ramasser 12.000 balles par 24 heures !\" \/>\n<meta property=\"og:url\" content=\"https:\/\/www.belrobotics.com\/fr-be\/robots-golf\/\" \/>\n<meta property=\"og:site_name\" content=\"Belrobotics\" \/>\n<meta property=\"article:publisher\" content=\"https:\/\/www.facebook.com\/belrobotics\" \/>\n<meta property=\"article:modified_time\" content=\"2024-03-20T15:23:32+00:00\" \/>\n<meta property=\"og:image\" content=\"https:\/\/www.belrobotics.com\/wp-content\/uploads\/2024\/03\/Mowers-scaled.webp\" \/>\n\t<meta property=\"og:image:width\" content=\"2560\" \/>\n\t<meta property=\"og:image:height\" content=\"1707\" \/>\n\t<meta property=\"og:image:type\" content=\"image\/webp\" \/>\n<meta name=\"twitter:card\" content=\"summary_large_image\" \/>\n<meta name=\"twitter:label1\" content=\"Dur\u00e9e de lecture est.\" \/>\n\t<meta name=\"twitter:data1\" content=\"6 minutes\" \/>\n<script type=\"application\/ld+json\" class=\"yoast-schema-graph\">{\"@context\":\"https:\/\/schema.org\",\"@graph\":[{\"@type\":\"WebPage\",\"@id\":\"https:\/\/www.belrobotics.com\/fr-be\/robots-golf\/\",\"url\":\"https:\/\/www.belrobotics.com\/fr-be\/robots-golf\/\",\"name\":\"Nos tondeuses et ramasseuses de balles de golf - Belrobotics\",\"isPartOf\":{\"@id\":\"https:\/\/www.belrobotics.com\/fr-be\/#website\"},\"primaryImageOfPage\":{\"@id\":\"https:\/\/www.belrobotics.com\/fr-be\/robots-golf\/#primaryimage\"},\"image\":{\"@id\":\"https:\/\/www.belrobotics.com\/fr-be\/robots-golf\/#primaryimage\"},\"thumbnailUrl\":\"https:\/\/www.belrobotics.com\/wp-content\/uploads\/2024\/03\/Mowers-scaled.webp\",\"datePublished\":\"2019-01-21T14:12:12+00:00\",\"dateModified\":\"2024-03-20T15:23:32+00:00\",\"description\":\"Automatisez le ramassage des balles sur votre practice gr\u00e2ce au Ballpicker, capable de travailler sur 30.000 m\u00b2 et de ramasser 12.000 balles par 24 heures !\",\"breadcrumb\":{\"@id\":\"https:\/\/www.belrobotics.com\/fr-be\/robots-golf\/#breadcrumb\"},\"inLanguage\":\"fr-BE\",\"potentialAction\":[{\"@type\":\"ReadAction\",\"target\":[\"https:\/\/www.belrobotics.com\/fr-be\/robots-golf\/\"]}]},{\"@type\":\"ImageObject\",\"inLanguage\":\"fr-BE\",\"@id\":\"https:\/\/www.belrobotics.com\/fr-be\/robots-golf\/#primaryimage\",\"url\":\"https:\/\/www.belrobotics.com\/wp-content\/uploads\/2024\/03\/Mowers-scaled.webp\",\"contentUrl\":\"https:\/\/www.belrobotics.com\/wp-content\/uploads\/2024\/03\/Mowers-scaled.webp\",\"width\":2560,\"height\":1707},{\"@type\":\"BreadcrumbList\",\"@id\":\"https:\/\/www.belrobotics.com\/fr-be\/robots-golf\/#breadcrumb\",\"itemListElement\":[{\"@type\":\"ListItem\",\"position\":1,\"name\":\"Home\",\"item\":\"https:\/\/www.belrobotics.com\/fr-be\/\"},{\"@type\":\"ListItem\",\"position\":2,\"name\":\"Clubs de Golf\"}]},{\"@type\":\"WebSite\",\"@id\":\"https:\/\/www.belrobotics.com\/fr-be\/#website\",\"url\":\"https:\/\/www.belrobotics.com\/fr-be\/\",\"name\":\"Belrobotics\",\"description\":\"The grass masters\",\"publisher\":{\"@id\":\"https:\/\/www.belrobotics.com\/fr-be\/#organization\"},\"potentialAction\":[{\"@type\":\"SearchAction\",\"target\":{\"@type\":\"EntryPoint\",\"urlTemplate\":\"https:\/\/www.belrobotics.com\/fr-be\/?s={search_term_string}\"},\"query-input\":{\"@type\":\"PropertyValueSpecification\",\"valueRequired\":true,\"valueName\":\"search_term_string\"}}],\"inLanguage\":\"fr-BE\"},{\"@type\":\"Organization\",\"@id\":\"https:\/\/www.belrobotics.com\/fr-be\/#organization\",\"name\":\"Belrobotics\",\"url\":\"https:\/\/www.belrobotics.com\/fr-be\/\",\"logo\":{\"@type\":\"ImageObject\",\"inLanguage\":\"fr-BE\",\"@id\":\"https:\/\/www.belrobotics.com\/fr-be\/#\/schema\/logo\/image\/\",\"url\":\"https:\/\/www.belrobotics.com\/wp-content\/uploads\/2019\/01\/logo-belrobotics.svg\",\"contentUrl\":\"https:\/\/www.belrobotics.com\/wp-content\/uploads\/2019\/01\/logo-belrobotics.svg\",\"width\":100,\"height\":16,\"caption\":\"Belrobotics\"},\"image\":{\"@id\":\"https:\/\/www.belrobotics.com\/fr-be\/#\/schema\/logo\/image\/\"},\"sameAs\":[\"https:\/\/www.facebook.com\/belrobotics\",\"https:\/\/www.youtube.com\/channel\/UCYgWBPRzEdXmUqLRL0JbUIw\",\"https:\/\/www.instagram.com\/belrobotics_europe\/\"]}]}<\/script>\n<!-- \/ Yoast SEO plugin. -->","yoast_head_json":{"title":"Nos tondeuses et ramasseuses de balles de golf - Belrobotics","description":"Automatisez le ramassage des balles sur votre practice gr\u00e2ce au Ballpicker, capable de travailler sur 30.000 m\u00b2 et de ramasser 12.000 balles par 24 heures !","robots":{"index":"index","follow":"follow","max-snippet":"max-snippet:-1","max-image-preview":"max-image-preview:large","max-video-preview":"max-video-preview:-1"},"canonical":"https:\/\/www.belrobotics.com\/fr-be\/robots-golf\/","og_locale":"fr_FR","og_type":"article","og_title":"Nos tondeuses et ramasseuses de balles de golf - Belrobotics","og_description":"Automatisez le ramassage des balles sur votre practice gr\u00e2ce au Ballpicker, capable de travailler sur 30.000 m\u00b2 et de ramasser 12.000 balles par 24 heures !","og_url":"https:\/\/www.belrobotics.com\/fr-be\/robots-golf\/","og_site_name":"Belrobotics","article_publisher":"https:\/\/www.facebook.com\/belrobotics","article_modified_time":"2024-03-20T15:23:32+00:00","og_image":[{"width":2560,"height":1707,"url":"https:\/\/www.belrobotics.com\/wp-content\/uploads\/2024\/03\/Mowers-scaled.webp","type":"image\/webp"}],"twitter_card":"summary_large_image","twitter_misc":{"Dur\u00e9e de lecture est.":"6 minutes"},"schema":{"@context":"https:\/\/schema.org","@graph":[{"@type":"WebPage","@id":"https:\/\/www.belrobotics.com\/fr-be\/robots-golf\/","url":"https:\/\/www.belrobotics.com\/fr-be\/robots-golf\/","name":"Nos tondeuses et ramasseuses de balles de golf - Belrobotics","isPartOf":{"@id":"https:\/\/www.belrobotics.com\/fr-be\/#website"},"primaryImageOfPage":{"@id":"https:\/\/www.belrobotics.com\/fr-be\/robots-golf\/#primaryimage"},"image":{"@id":"https:\/\/www.belrobotics.com\/fr-be\/robots-golf\/#primaryimage"},"thumbnailUrl":"https:\/\/www.belrobotics.com\/wp-content\/uploads\/2024\/03\/Mowers-scaled.webp","datePublished":"2019-01-21T14:12:12+00:00","dateModified":"2024-03-20T15:23:32+00:00","description":"Automatisez le ramassage des balles sur votre practice gr\u00e2ce au Ballpicker, capable de travailler sur 30.000 m\u00b2 et de ramasser 12.000 balles par 24 heures !","breadcrumb":{"@id":"https:\/\/www.belrobotics.com\/fr-be\/robots-golf\/#breadcrumb"},"inLanguage":"fr-BE","potentialAction":[{"@type":"ReadAction","target":["https:\/\/www.belrobotics.com\/fr-be\/robots-golf\/"]}]},{"@type":"ImageObject","inLanguage":"fr-BE","@id":"https:\/\/www.belrobotics.com\/fr-be\/robots-golf\/#primaryimage","url":"https:\/\/www.belrobotics.com\/wp-content\/uploads\/2024\/03\/Mowers-scaled.webp","contentUrl":"https:\/\/www.belrobotics.com\/wp-content\/uploads\/2024\/03\/Mowers-scaled.webp","width":2560,"height":1707},{"@type":"BreadcrumbList","@id":"https:\/\/www.belrobotics.com\/fr-be\/robots-golf\/#breadcrumb","itemListElement":[{"@type":"ListItem","position":1,"name":"Home","item":"https:\/\/www.belrobotics.com\/fr-be\/"},{"@type":"ListItem","position":2,"name":"Clubs de Golf"}]},{"@type":"WebSite","@id":"https:\/\/www.belrobotics.com\/fr-be\/#website","url":"https:\/\/www.belrobotics.com\/fr-be\/","name":"Belrobotics","description":"The grass masters","publisher":{"@id":"https:\/\/www.belrobotics.com\/fr-be\/#organization"},"potentialAction":[{"@type":"SearchAction","target":{"@type":"EntryPoint","urlTemplate":"https:\/\/www.belrobotics.com\/fr-be\/?s={search_term_string}"},"query-input":{"@type":"PropertyValueSpecification","valueRequired":true,"valueName":"search_term_string"}}],"inLanguage":"fr-BE"},{"@type":"Organization","@id":"https:\/\/www.belrobotics.com\/fr-be\/#organization","name":"Belrobotics","url":"https:\/\/www.belrobotics.com\/fr-be\/","logo":{"@type":"ImageObject","inLanguage":"fr-BE","@id":"https:\/\/www.belrobotics.com\/fr-be\/#\/schema\/logo\/image\/","url":"https:\/\/www.belrobotics.com\/wp-content\/uploads\/2019\/01\/logo-belrobotics.svg","contentUrl":"https:\/\/www.belrobotics.com\/wp-content\/uploads\/2019\/01\/logo-belrobotics.svg","width":100,"height":16,"caption":"Belrobotics"},"image":{"@id":"https:\/\/www.belrobotics.com\/fr-be\/#\/schema\/logo\/image\/"},"sameAs":["https:\/\/www.facebook.com\/belrobotics","https:\/\/www.youtube.com\/channel\/UCYgWBPRzEdXmUqLRL0JbUIw","https:\/\/www.instagram.com\/belrobotics_europe\/"]}]}},"_links":{"self":[{"href":"https:\/\/www.belrobotics.com\/fr-be\/wp-json\/wp\/v2\/pages\/1387","targetHints":{"allow":["GET"]}}],"collection":[{"href":"https:\/\/www.belrobotics.com\/fr-be\/wp-json\/wp\/v2\/pages"}],"about":[{"href":"https:\/\/www.belrobotics.com\/fr-be\/wp-json\/wp\/v2\/types\/page"}],"author":[{"embeddable":true,"href":"https:\/\/www.belrobotics.com\/fr-be\/wp-json\/wp\/v2\/users\/9"}],"replies":[{"embeddable":true,"href":"https:\/\/www.belrobotics.com\/fr-be\/wp-json\/wp\/v2\/comments?post=1387"}],"version-history":[{"count":8,"href":"https:\/\/www.belrobotics.com\/fr-be\/wp-json\/wp\/v2\/pages\/1387\/revisions"}],"predecessor-version":[{"id":34268,"href":"https:\/\/www.belrobotics.com\/fr-be\/wp-json\/wp\/v2\/pages\/1387\/revisions\/34268"}],"wp:featuredmedia":[{"embeddable":true,"href":"https:\/\/www.belrobotics.com\/fr-be\/wp-json\/wp\/v2\/media\/34147"}],"wp:attachment":[{"href":"https:\/\/www.belrobotics.com\/fr-be\/wp-json\/wp\/v2\/media?parent=1387"}],"curies":[{"name":"wp","href":"https:\/\/api.w.org\/{rel}","templated":true}]}}