{"id":9351,"date":"2020-03-18T16:14:46","date_gmt":"2020-03-18T15:14:46","guid":{"rendered":"https:\/\/belrobotics.andromede.digital\/tietojesi-suojakaytanto\/"},"modified":"2020-03-23T09:41:24","modified_gmt":"2020-03-23T08:41:24","slug":"tietojesi-suojakaytanto","status":"publish","type":"page","link":"https:\/\/www.belrobotics.com\/fi\/tietojesi-suojakaytanto\/","title":{"rendered":"Tietojesi suojak\u00e4yt\u00e4nt\u00f6"},"content":{"rendered":"\r\n<p>Pursuant to the provisions of Regulation (EU) 2016\/679 of the European Parliament and Council adopted on 27 April 2016 on the protection of individuals with regard to the processing of personal data and on the free movement of such data (GDPR), this is to inform you of the conditions of processing your personal data.<\/p>\r\n<p>As controller and sub-contractor, we process your data as part of your assignments.<\/p>\r\n<p>Your data is kept for the time necessary for the mission and according to the legal duration of archiving and preservation of the documents in relation to our profession of legal adviser \/ business consultant \/ mediator.<\/p>\r\n<p>When you visit our website, your login device IP address is identified.<\/p>\r\n<p>Your credentials are processed for the purposes of registering and controlling your identity, possible prevention against viruses, phishing or other computer crimes, statistics and improvements to our website.<\/p>\r\n<p>When you fill out the contact form on the\u00a0<a href=\"https:\/\/www.belrobotics.com\/\">www.belrobotics.com<\/a>\u00a0website or our electronic evaluation form, your data is processed as part of the management of requests, questions, improvement actions.<\/p>\r\n<p>You have the right to access the information we have on you, at any time and at no cost, and to update or correct it, delete it or request its transfer.<\/p>\r\n<p>To do so, you must contact our company\u2019s head of processing,\u00a0 at <a href=\"mailto:dataprivacy@yamabiko.eu\">dataprivacy@yamabiko.eu<\/a>\u00a0<\/p>\r\n<p>We commit to taking the appropriate technical and organizational measures to protect your personal data against destruction, whether accidental or unlawful, loss, forgery, unauthorized disclosure or access, particularly when the processing involves transmission of data by network; against any other illicit form of processing; and ensure a security level adapted to the risks represented by processing and nature of the personal data to be protected; taking the technical possibilities and the implementation cost into account.<\/p>\r\n","protected":false},"excerpt":{"rendered":"<p>Pursuant to the provisions of Regulation (EU) 2016\/679 of the European Parliament and Council adopted on 27 April 2016 on the protection of individuals with regard to the processing of personal data and on the free movement of such data (GDPR), this is to inform you of the conditions of processing your personal data. As [&hellip;]<\/p>\n","protected":false},"author":9,"featured_media":0,"parent":0,"menu_order":0,"comment_status":"closed","ping_status":"closed","template":"","meta":{"_acf_changed":false,"footnotes":""},"class_list":["post-9351","page","type-page","status-publish","hentry"],"acf":[],"yoast_head":"<!-- This site is optimized with the Yoast SEO plugin v26.9 - https:\/\/yoast.com\/product\/yoast-seo-wordpress\/ -->\n<title>Tietojesi suojak\u00e4yt\u00e4nt\u00f6 - Belrobotics<\/title>\n<meta name=\"robots\" content=\"index, follow, max-snippet:-1, max-image-preview:large, max-video-preview:-1\" \/>\n<link rel=\"canonical\" href=\"https:\/\/www.belrobotics.com\/fi\/tietojesi-suojakaytanto\/\" \/>\n<meta property=\"og:locale\" content=\"fi_FI\" \/>\n<meta property=\"og:type\" content=\"article\" \/>\n<meta property=\"og:title\" content=\"Tietojesi suojak\u00e4yt\u00e4nt\u00f6 - Belrobotics\" \/>\n<meta property=\"og:description\" content=\"Pursuant to the provisions of Regulation (EU) 2016\/679 of the European Parliament and Council adopted on 27 April 2016 on the protection of individuals with regard to the processing of personal data and on the free movement of such data (GDPR), this is to inform you of the conditions of processing your personal data. As [&hellip;]\" \/>\n<meta property=\"og:url\" content=\"https:\/\/www.belrobotics.com\/fi\/tietojesi-suojakaytanto\/\" \/>\n<meta property=\"og:site_name\" content=\"Belrobotics\" \/>\n<meta property=\"article:publisher\" content=\"https:\/\/www.facebook.com\/belrobotics\" \/>\n<meta property=\"article:modified_time\" content=\"2020-03-23T08:41:24+00:00\" \/>\n<meta name=\"twitter:card\" content=\"summary_large_image\" \/>\n<meta name=\"twitter:label1\" content=\"Arvioitu lukuaika\" \/>\n\t<meta name=\"twitter:data1\" content=\"1 minuutti\" \/>\n<script type=\"application\/ld+json\" class=\"yoast-schema-graph\">{\"@context\":\"https:\/\/schema.org\",\"@graph\":[{\"@type\":\"WebPage\",\"@id\":\"https:\/\/www.belrobotics.com\/fi\/tietojesi-suojakaytanto\/\",\"url\":\"https:\/\/www.belrobotics.com\/fi\/tietojesi-suojakaytanto\/\",\"name\":\"Tietojesi suojak\u00e4yt\u00e4nt\u00f6 - Belrobotics\",\"isPartOf\":{\"@id\":\"https:\/\/www.belrobotics.com\/fi\/#website\"},\"datePublished\":\"2020-03-18T15:14:46+00:00\",\"dateModified\":\"2020-03-23T08:41:24+00:00\",\"breadcrumb\":{\"@id\":\"https:\/\/www.belrobotics.com\/fi\/tietojesi-suojakaytanto\/#breadcrumb\"},\"inLanguage\":\"fi\",\"potentialAction\":[{\"@type\":\"ReadAction\",\"target\":[\"https:\/\/www.belrobotics.com\/fi\/tietojesi-suojakaytanto\/\"]}]},{\"@type\":\"BreadcrumbList\",\"@id\":\"https:\/\/www.belrobotics.com\/fi\/tietojesi-suojakaytanto\/#breadcrumb\",\"itemListElement\":[{\"@type\":\"ListItem\",\"position\":1,\"name\":\"Home\",\"item\":\"https:\/\/www.belrobotics.com\/fi\/\"},{\"@type\":\"ListItem\",\"position\":2,\"name\":\"Tietojesi suojak\u00e4yt\u00e4nt\u00f6\"}]},{\"@type\":\"WebSite\",\"@id\":\"https:\/\/www.belrobotics.com\/fi\/#website\",\"url\":\"https:\/\/www.belrobotics.com\/fi\/\",\"name\":\"Belrobotics\",\"description\":\"The grass masters\",\"publisher\":{\"@id\":\"https:\/\/www.belrobotics.com\/fi\/#organization\"},\"potentialAction\":[{\"@type\":\"SearchAction\",\"target\":{\"@type\":\"EntryPoint\",\"urlTemplate\":\"https:\/\/www.belrobotics.com\/fi\/?s={search_term_string}\"},\"query-input\":{\"@type\":\"PropertyValueSpecification\",\"valueRequired\":true,\"valueName\":\"search_term_string\"}}],\"inLanguage\":\"fi\"},{\"@type\":\"Organization\",\"@id\":\"https:\/\/www.belrobotics.com\/fi\/#organization\",\"name\":\"Belrobotics\",\"url\":\"https:\/\/www.belrobotics.com\/fi\/\",\"logo\":{\"@type\":\"ImageObject\",\"inLanguage\":\"fi\",\"@id\":\"https:\/\/www.belrobotics.com\/fi\/#\/schema\/logo\/image\/\",\"url\":\"https:\/\/www.belrobotics.com\/wp-content\/uploads\/2019\/01\/logo-belrobotics.svg\",\"contentUrl\":\"https:\/\/www.belrobotics.com\/wp-content\/uploads\/2019\/01\/logo-belrobotics.svg\",\"width\":100,\"height\":16,\"caption\":\"Belrobotics\"},\"image\":{\"@id\":\"https:\/\/www.belrobotics.com\/fi\/#\/schema\/logo\/image\/\"},\"sameAs\":[\"https:\/\/www.facebook.com\/belrobotics\",\"https:\/\/www.youtube.com\/channel\/UCYgWBPRzEdXmUqLRL0JbUIw\",\"https:\/\/www.instagram.com\/belrobotics_europe\/\"]}]}<\/script>\n<!-- \/ Yoast SEO plugin. -->","yoast_head_json":{"title":"Tietojesi suojak\u00e4yt\u00e4nt\u00f6 - Belrobotics","robots":{"index":"index","follow":"follow","max-snippet":"max-snippet:-1","max-image-preview":"max-image-preview:large","max-video-preview":"max-video-preview:-1"},"canonical":"https:\/\/www.belrobotics.com\/fi\/tietojesi-suojakaytanto\/","og_locale":"fi_FI","og_type":"article","og_title":"Tietojesi suojak\u00e4yt\u00e4nt\u00f6 - Belrobotics","og_description":"Pursuant to the provisions of Regulation (EU) 2016\/679 of the European Parliament and Council adopted on 27 April 2016 on the protection of individuals with regard to the processing of personal data and on the free movement of such data (GDPR), this is to inform you of the conditions of processing your personal data. As [&hellip;]","og_url":"https:\/\/www.belrobotics.com\/fi\/tietojesi-suojakaytanto\/","og_site_name":"Belrobotics","article_publisher":"https:\/\/www.facebook.com\/belrobotics","article_modified_time":"2020-03-23T08:41:24+00:00","twitter_card":"summary_large_image","twitter_misc":{"Arvioitu lukuaika":"1 minuutti"},"schema":{"@context":"https:\/\/schema.org","@graph":[{"@type":"WebPage","@id":"https:\/\/www.belrobotics.com\/fi\/tietojesi-suojakaytanto\/","url":"https:\/\/www.belrobotics.com\/fi\/tietojesi-suojakaytanto\/","name":"Tietojesi suojak\u00e4yt\u00e4nt\u00f6 - Belrobotics","isPartOf":{"@id":"https:\/\/www.belrobotics.com\/fi\/#website"},"datePublished":"2020-03-18T15:14:46+00:00","dateModified":"2020-03-23T08:41:24+00:00","breadcrumb":{"@id":"https:\/\/www.belrobotics.com\/fi\/tietojesi-suojakaytanto\/#breadcrumb"},"inLanguage":"fi","potentialAction":[{"@type":"ReadAction","target":["https:\/\/www.belrobotics.com\/fi\/tietojesi-suojakaytanto\/"]}]},{"@type":"BreadcrumbList","@id":"https:\/\/www.belrobotics.com\/fi\/tietojesi-suojakaytanto\/#breadcrumb","itemListElement":[{"@type":"ListItem","position":1,"name":"Home","item":"https:\/\/www.belrobotics.com\/fi\/"},{"@type":"ListItem","position":2,"name":"Tietojesi suojak\u00e4yt\u00e4nt\u00f6"}]},{"@type":"WebSite","@id":"https:\/\/www.belrobotics.com\/fi\/#website","url":"https:\/\/www.belrobotics.com\/fi\/","name":"Belrobotics","description":"The grass masters","publisher":{"@id":"https:\/\/www.belrobotics.com\/fi\/#organization"},"potentialAction":[{"@type":"SearchAction","target":{"@type":"EntryPoint","urlTemplate":"https:\/\/www.belrobotics.com\/fi\/?s={search_term_string}"},"query-input":{"@type":"PropertyValueSpecification","valueRequired":true,"valueName":"search_term_string"}}],"inLanguage":"fi"},{"@type":"Organization","@id":"https:\/\/www.belrobotics.com\/fi\/#organization","name":"Belrobotics","url":"https:\/\/www.belrobotics.com\/fi\/","logo":{"@type":"ImageObject","inLanguage":"fi","@id":"https:\/\/www.belrobotics.com\/fi\/#\/schema\/logo\/image\/","url":"https:\/\/www.belrobotics.com\/wp-content\/uploads\/2019\/01\/logo-belrobotics.svg","contentUrl":"https:\/\/www.belrobotics.com\/wp-content\/uploads\/2019\/01\/logo-belrobotics.svg","width":100,"height":16,"caption":"Belrobotics"},"image":{"@id":"https:\/\/www.belrobotics.com\/fi\/#\/schema\/logo\/image\/"},"sameAs":["https:\/\/www.facebook.com\/belrobotics","https:\/\/www.youtube.com\/channel\/UCYgWBPRzEdXmUqLRL0JbUIw","https:\/\/www.instagram.com\/belrobotics_europe\/"]}]}},"_links":{"self":[{"href":"https:\/\/www.belrobotics.com\/fi\/wp-json\/wp\/v2\/pages\/9351","targetHints":{"allow":["GET"]}}],"collection":[{"href":"https:\/\/www.belrobotics.com\/fi\/wp-json\/wp\/v2\/pages"}],"about":[{"href":"https:\/\/www.belrobotics.com\/fi\/wp-json\/wp\/v2\/types\/page"}],"author":[{"embeddable":true,"href":"https:\/\/www.belrobotics.com\/fi\/wp-json\/wp\/v2\/users\/9"}],"replies":[{"embeddable":true,"href":"https:\/\/www.belrobotics.com\/fi\/wp-json\/wp\/v2\/comments?post=9351"}],"version-history":[{"count":0,"href":"https:\/\/www.belrobotics.com\/fi\/wp-json\/wp\/v2\/pages\/9351\/revisions"}],"wp:attachment":[{"href":"https:\/\/www.belrobotics.com\/fi\/wp-json\/wp\/v2\/media?parent=9351"}],"curies":[{"name":"wp","href":"https:\/\/api.w.org\/{rel}","templated":true}]}}