{"id":9294,"date":"2020-03-18T16:14:22","date_gmt":"2020-03-18T15:14:22","guid":{"rendered":"https:\/\/belrobotics.andromede.digital\/robottiruohonleikkurien-etuja\/"},"modified":"2020-03-24T16:15:37","modified_gmt":"2020-03-24T15:15:37","slug":"robottiruohonleikkurien-etuja","status":"publish","type":"page","link":"https:\/\/www.belrobotics.com\/fi\/robottiruohonleikkurien-etuja\/","title":{"rendered":"Robottiruohonleikkurien etuja"},"content":{"rendered":"<h3>T\u00e4ydellinen leikkuuj\u00e4lki automaattisessa tilassa<\/h3>\n<p>T\u00e4st\u00e4 l\u00e4htien leikattavan alueen koko, tuloksen haluttu laatu tai alustan ominaisuudet eiv\u00e4t tuota en\u00e4\u00e4 ongelmia.<\/p>\n<p>Belrobotics tuntee ammattilaisten ja muuten vain kauniista nurmikoista pit\u00e4vien vaatimukset. Robottiratkaisumme lyhent\u00e4v\u00e4t ty\u00f6aikaa huomattavasti, varmistavat verrattoman leikkuulaadun ja kuuluvat kest\u00e4vyysvisioon. Belroboticsin automaattisia ruohonleikkureita k\u00e4ytt\u00e4v\u00e4t jo tuhannet ammattilaiset, urheiluseurat ja maanomistajat. Ennenn\u00e4kem\u00e4t\u00f6nt\u00e4 kest\u00e4vyytt\u00e4 yksityisiin ja julkisiin infrastruktuureihin.<\/p>\n","protected":false},"excerpt":{"rendered":"<p>T\u00e4ydellinen leikkuuj\u00e4lki automaattisessa tilassa T\u00e4st\u00e4 l\u00e4htien leikattavan alueen koko, tuloksen haluttu laatu tai alustan ominaisuudet eiv\u00e4t tuota en\u00e4\u00e4 ongelmia. Belrobotics tuntee ammattilaisten ja muuten vain kauniista nurmikoista pit\u00e4vien vaatimukset. Robottiratkaisumme lyhent\u00e4v\u00e4t ty\u00f6aikaa huomattavasti, varmistavat verrattoman leikkuulaadun ja kuuluvat kest\u00e4vyysvisioon. Belroboticsin automaattisia ruohonleikkureita k\u00e4ytt\u00e4v\u00e4t jo tuhannet ammattilaiset, urheiluseurat ja maanomistajat. Ennenn\u00e4kem\u00e4t\u00f6nt\u00e4 kest\u00e4vyytt\u00e4 yksityisiin ja julkisiin infrastruktuureihin.<\/p>\n","protected":false},"author":9,"featured_media":9259,"parent":0,"menu_order":0,"comment_status":"closed","ping_status":"closed","template":"avantages.php","meta":{"_acf_changed":false,"footnotes":""},"class_list":["post-9294","page","type-page","status-publish","has-post-thumbnail","hentry"],"acf":[],"yoast_head":"<!-- This site is optimized with the Yoast SEO plugin v26.9 - https:\/\/yoast.com\/product\/yoast-seo-wordpress\/ -->\n<title>Robottiruohonleikkureiden etuja \u2013 Belrobotics<\/title>\n<meta name=\"description\" content=\"Belrobotics tuntee ammattilaisten ja muuten vain nurmikoista pit\u00e4vien vaatimukset. Robottiratkaisuillamme on heille paljon etuja. Tutustu niihin!\" \/>\n<meta name=\"robots\" content=\"index, follow, max-snippet:-1, max-image-preview:large, max-video-preview:-1\" \/>\n<link rel=\"canonical\" href=\"https:\/\/www.belrobotics.com\/fi\/robottiruohonleikkurien-etuja\/\" \/>\n<meta property=\"og:locale\" content=\"fi_FI\" \/>\n<meta property=\"og:type\" content=\"article\" \/>\n<meta property=\"og:title\" content=\"Robottiruohonleikkureiden etuja \u2013 Belrobotics\" \/>\n<meta property=\"og:description\" content=\"Belrobotics tuntee ammattilaisten ja muuten vain nurmikoista pit\u00e4vien vaatimukset. Robottiratkaisuillamme on heille paljon etuja. Tutustu niihin!\" \/>\n<meta property=\"og:url\" content=\"https:\/\/www.belrobotics.com\/fi\/robottiruohonleikkurien-etuja\/\" \/>\n<meta property=\"og:site_name\" content=\"Belrobotics\" \/>\n<meta property=\"article:publisher\" content=\"https:\/\/www.facebook.com\/belrobotics\" \/>\n<meta property=\"article:modified_time\" content=\"2020-03-24T15:15:37+00:00\" \/>\n<meta property=\"og:image\" content=\"https:\/\/www.belrobotics.com\/wp-content\/uploads\/2019\/01\/big-mow-action-4-1.jpg\" \/>\n\t<meta property=\"og:image:width\" content=\"2251\" \/>\n\t<meta property=\"og:image:height\" content=\"1745\" \/>\n\t<meta property=\"og:image:type\" content=\"image\/jpeg\" \/>\n<meta name=\"twitter:card\" content=\"summary_large_image\" \/>\n<script type=\"application\/ld+json\" class=\"yoast-schema-graph\">{\"@context\":\"https:\/\/schema.org\",\"@graph\":[{\"@type\":\"WebPage\",\"@id\":\"https:\/\/www.belrobotics.com\/fi\/robottiruohonleikkurien-etuja\/\",\"url\":\"https:\/\/www.belrobotics.com\/fi\/robottiruohonleikkurien-etuja\/\",\"name\":\"Robottiruohonleikkureiden etuja \u2013 Belrobotics\",\"isPartOf\":{\"@id\":\"https:\/\/www.belrobotics.com\/fi\/#website\"},\"primaryImageOfPage\":{\"@id\":\"https:\/\/www.belrobotics.com\/fi\/robottiruohonleikkurien-etuja\/#primaryimage\"},\"image\":{\"@id\":\"https:\/\/www.belrobotics.com\/fi\/robottiruohonleikkurien-etuja\/#primaryimage\"},\"thumbnailUrl\":\"https:\/\/www.belrobotics.com\/wp-content\/uploads\/2019\/01\/big-mow-action-4-1.jpg\",\"datePublished\":\"2020-03-18T15:14:22+00:00\",\"dateModified\":\"2020-03-24T15:15:37+00:00\",\"description\":\"Belrobotics tuntee ammattilaisten ja muuten vain nurmikoista pit\u00e4vien vaatimukset. Robottiratkaisuillamme on heille paljon etuja. Tutustu niihin!\",\"breadcrumb\":{\"@id\":\"https:\/\/www.belrobotics.com\/fi\/robottiruohonleikkurien-etuja\/#breadcrumb\"},\"inLanguage\":\"fi\",\"potentialAction\":[{\"@type\":\"ReadAction\",\"target\":[\"https:\/\/www.belrobotics.com\/fi\/robottiruohonleikkurien-etuja\/\"]}]},{\"@type\":\"ImageObject\",\"inLanguage\":\"fi\",\"@id\":\"https:\/\/www.belrobotics.com\/fi\/robottiruohonleikkurien-etuja\/#primaryimage\",\"url\":\"https:\/\/www.belrobotics.com\/wp-content\/uploads\/2019\/01\/big-mow-action-4-1.jpg\",\"contentUrl\":\"https:\/\/www.belrobotics.com\/wp-content\/uploads\/2019\/01\/big-mow-action-4-1.jpg\",\"width\":2251,\"height\":1745},{\"@type\":\"BreadcrumbList\",\"@id\":\"https:\/\/www.belrobotics.com\/fi\/robottiruohonleikkurien-etuja\/#breadcrumb\",\"itemListElement\":[{\"@type\":\"ListItem\",\"position\":1,\"name\":\"Home\",\"item\":\"https:\/\/www.belrobotics.com\/fi\/\"},{\"@type\":\"ListItem\",\"position\":2,\"name\":\"Robottiruohonleikkurien etuja\"}]},{\"@type\":\"WebSite\",\"@id\":\"https:\/\/www.belrobotics.com\/fi\/#website\",\"url\":\"https:\/\/www.belrobotics.com\/fi\/\",\"name\":\"Belrobotics\",\"description\":\"The grass masters\",\"publisher\":{\"@id\":\"https:\/\/www.belrobotics.com\/fi\/#organization\"},\"potentialAction\":[{\"@type\":\"SearchAction\",\"target\":{\"@type\":\"EntryPoint\",\"urlTemplate\":\"https:\/\/www.belrobotics.com\/fi\/?s={search_term_string}\"},\"query-input\":{\"@type\":\"PropertyValueSpecification\",\"valueRequired\":true,\"valueName\":\"search_term_string\"}}],\"inLanguage\":\"fi\"},{\"@type\":\"Organization\",\"@id\":\"https:\/\/www.belrobotics.com\/fi\/#organization\",\"name\":\"Belrobotics\",\"url\":\"https:\/\/www.belrobotics.com\/fi\/\",\"logo\":{\"@type\":\"ImageObject\",\"inLanguage\":\"fi\",\"@id\":\"https:\/\/www.belrobotics.com\/fi\/#\/schema\/logo\/image\/\",\"url\":\"https:\/\/www.belrobotics.com\/wp-content\/uploads\/2019\/01\/logo-belrobotics.svg\",\"contentUrl\":\"https:\/\/www.belrobotics.com\/wp-content\/uploads\/2019\/01\/logo-belrobotics.svg\",\"width\":100,\"height\":16,\"caption\":\"Belrobotics\"},\"image\":{\"@id\":\"https:\/\/www.belrobotics.com\/fi\/#\/schema\/logo\/image\/\"},\"sameAs\":[\"https:\/\/www.facebook.com\/belrobotics\",\"https:\/\/www.youtube.com\/channel\/UCYgWBPRzEdXmUqLRL0JbUIw\",\"https:\/\/www.instagram.com\/belrobotics_europe\/\"]}]}<\/script>\n<!-- \/ Yoast SEO plugin. -->","yoast_head_json":{"title":"Robottiruohonleikkureiden etuja \u2013 Belrobotics","description":"Belrobotics tuntee ammattilaisten ja muuten vain nurmikoista pit\u00e4vien vaatimukset. Robottiratkaisuillamme on heille paljon etuja. Tutustu niihin!","robots":{"index":"index","follow":"follow","max-snippet":"max-snippet:-1","max-image-preview":"max-image-preview:large","max-video-preview":"max-video-preview:-1"},"canonical":"https:\/\/www.belrobotics.com\/fi\/robottiruohonleikkurien-etuja\/","og_locale":"fi_FI","og_type":"article","og_title":"Robottiruohonleikkureiden etuja \u2013 Belrobotics","og_description":"Belrobotics tuntee ammattilaisten ja muuten vain nurmikoista pit\u00e4vien vaatimukset. Robottiratkaisuillamme on heille paljon etuja. Tutustu niihin!","og_url":"https:\/\/www.belrobotics.com\/fi\/robottiruohonleikkurien-etuja\/","og_site_name":"Belrobotics","article_publisher":"https:\/\/www.facebook.com\/belrobotics","article_modified_time":"2020-03-24T15:15:37+00:00","og_image":[{"width":2251,"height":1745,"url":"https:\/\/www.belrobotics.com\/wp-content\/uploads\/2019\/01\/big-mow-action-4-1.jpg","type":"image\/jpeg"}],"twitter_card":"summary_large_image","schema":{"@context":"https:\/\/schema.org","@graph":[{"@type":"WebPage","@id":"https:\/\/www.belrobotics.com\/fi\/robottiruohonleikkurien-etuja\/","url":"https:\/\/www.belrobotics.com\/fi\/robottiruohonleikkurien-etuja\/","name":"Robottiruohonleikkureiden etuja \u2013 Belrobotics","isPartOf":{"@id":"https:\/\/www.belrobotics.com\/fi\/#website"},"primaryImageOfPage":{"@id":"https:\/\/www.belrobotics.com\/fi\/robottiruohonleikkurien-etuja\/#primaryimage"},"image":{"@id":"https:\/\/www.belrobotics.com\/fi\/robottiruohonleikkurien-etuja\/#primaryimage"},"thumbnailUrl":"https:\/\/www.belrobotics.com\/wp-content\/uploads\/2019\/01\/big-mow-action-4-1.jpg","datePublished":"2020-03-18T15:14:22+00:00","dateModified":"2020-03-24T15:15:37+00:00","description":"Belrobotics tuntee ammattilaisten ja muuten vain nurmikoista pit\u00e4vien vaatimukset. Robottiratkaisuillamme on heille paljon etuja. Tutustu niihin!","breadcrumb":{"@id":"https:\/\/www.belrobotics.com\/fi\/robottiruohonleikkurien-etuja\/#breadcrumb"},"inLanguage":"fi","potentialAction":[{"@type":"ReadAction","target":["https:\/\/www.belrobotics.com\/fi\/robottiruohonleikkurien-etuja\/"]}]},{"@type":"ImageObject","inLanguage":"fi","@id":"https:\/\/www.belrobotics.com\/fi\/robottiruohonleikkurien-etuja\/#primaryimage","url":"https:\/\/www.belrobotics.com\/wp-content\/uploads\/2019\/01\/big-mow-action-4-1.jpg","contentUrl":"https:\/\/www.belrobotics.com\/wp-content\/uploads\/2019\/01\/big-mow-action-4-1.jpg","width":2251,"height":1745},{"@type":"BreadcrumbList","@id":"https:\/\/www.belrobotics.com\/fi\/robottiruohonleikkurien-etuja\/#breadcrumb","itemListElement":[{"@type":"ListItem","position":1,"name":"Home","item":"https:\/\/www.belrobotics.com\/fi\/"},{"@type":"ListItem","position":2,"name":"Robottiruohonleikkurien etuja"}]},{"@type":"WebSite","@id":"https:\/\/www.belrobotics.com\/fi\/#website","url":"https:\/\/www.belrobotics.com\/fi\/","name":"Belrobotics","description":"The grass masters","publisher":{"@id":"https:\/\/www.belrobotics.com\/fi\/#organization"},"potentialAction":[{"@type":"SearchAction","target":{"@type":"EntryPoint","urlTemplate":"https:\/\/www.belrobotics.com\/fi\/?s={search_term_string}"},"query-input":{"@type":"PropertyValueSpecification","valueRequired":true,"valueName":"search_term_string"}}],"inLanguage":"fi"},{"@type":"Organization","@id":"https:\/\/www.belrobotics.com\/fi\/#organization","name":"Belrobotics","url":"https:\/\/www.belrobotics.com\/fi\/","logo":{"@type":"ImageObject","inLanguage":"fi","@id":"https:\/\/www.belrobotics.com\/fi\/#\/schema\/logo\/image\/","url":"https:\/\/www.belrobotics.com\/wp-content\/uploads\/2019\/01\/logo-belrobotics.svg","contentUrl":"https:\/\/www.belrobotics.com\/wp-content\/uploads\/2019\/01\/logo-belrobotics.svg","width":100,"height":16,"caption":"Belrobotics"},"image":{"@id":"https:\/\/www.belrobotics.com\/fi\/#\/schema\/logo\/image\/"},"sameAs":["https:\/\/www.facebook.com\/belrobotics","https:\/\/www.youtube.com\/channel\/UCYgWBPRzEdXmUqLRL0JbUIw","https:\/\/www.instagram.com\/belrobotics_europe\/"]}]}},"_links":{"self":[{"href":"https:\/\/www.belrobotics.com\/fi\/wp-json\/wp\/v2\/pages\/9294","targetHints":{"allow":["GET"]}}],"collection":[{"href":"https:\/\/www.belrobotics.com\/fi\/wp-json\/wp\/v2\/pages"}],"about":[{"href":"https:\/\/www.belrobotics.com\/fi\/wp-json\/wp\/v2\/types\/page"}],"author":[{"embeddable":true,"href":"https:\/\/www.belrobotics.com\/fi\/wp-json\/wp\/v2\/users\/9"}],"replies":[{"embeddable":true,"href":"https:\/\/www.belrobotics.com\/fi\/wp-json\/wp\/v2\/comments?post=9294"}],"version-history":[{"count":0,"href":"https:\/\/www.belrobotics.com\/fi\/wp-json\/wp\/v2\/pages\/9294\/revisions"}],"wp:featuredmedia":[{"embeddable":true,"href":"https:\/\/www.belrobotics.com\/fi\/wp-json\/wp\/v2\/media\/9259"}],"wp:attachment":[{"href":"https:\/\/www.belrobotics.com\/fi\/wp-json\/wp\/v2\/media?parent=9294"}],"curies":[{"name":"wp","href":"https:\/\/api.w.org\/{rel}","templated":true}]}}