{"id":9274,"date":"2019-01-21T15:11:31","date_gmt":"2019-01-21T14:11:31","guid":{"rendered":"https:\/\/belrobotics.andromede.digital\/yritykset\/"},"modified":"2023-07-06T08:54:31","modified_gmt":"2023-07-06T07:54:31","slug":"yritykset","status":"publish","type":"page","link":"https:\/\/www.belrobotics.com\/fi\/yritykset\/","title":{"rendered":"Yritykset"},"content":{"rendered":"<h2 class=\"h3\">Maailman suorituskykyisin robottiruohonleikkuri<\/h2>\n<p>Bigmow pystyy <strong>leikkaamaan jopa 24\u00a0000 m\u00b2 kokoisen<\/strong> nurmikon. Se on todellinen suorittaja yrityksess\u00e4. Tutustu sen hiljaiseen toimintaan, pieneen s\u00e4hk\u00f6nkulutukseen sek\u00e4 sen kykyyn sopeutua maastoon. <a href=\"https:\/\/www.belrobotics.com\/en-gb\/robot-mower\/\">Robottiruohonleikkurimme<\/a> vastaa haasteeseen urheilukentilll\u00e4, golfrangella ja golfkentilll\u00e4 sek\u00e4 julkisilla alueilla.<\/p>\n","protected":false},"excerpt":{"rendered":"<p>Maailman suorituskykyisin robottiruohonleikkuri Bigmow pystyy leikkaamaan jopa 24\u00a0000 m\u00b2 kokoisen nurmikon. Se on todellinen suorittaja yrityksess\u00e4. Tutustu sen hiljaiseen toimintaan, pieneen s\u00e4hk\u00f6nkulutukseen sek\u00e4 sen kykyyn sopeutua maastoon. Robottiruohonleikkurimme vastaa haasteeseen urheilukentilll\u00e4, golfrangella ja golfkentilll\u00e4 sek\u00e4 julkisilla alueilla.<\/p>\n","protected":false},"author":9,"featured_media":9276,"parent":0,"menu_order":0,"comment_status":"closed","ping_status":"closed","template":"utilisation.php","meta":{"_acf_changed":false,"footnotes":""},"class_list":["post-9274","page","type-page","status-publish","has-post-thumbnail","hentry"],"acf":[],"yoast_head":"<!-- This site is optimized with the Yoast SEO plugin v26.9 - https:\/\/yoast.com\/product\/yoast-seo-wordpress\/ -->\n<title>Kaupallinen robottiruohonleikkuri | Yrityksille - Belrobotics<\/title>\n<meta name=\"description\" content=\"Tutustu Bigmowiin, maailman suorituskykyisimp\u00e4\u00e4n robottiruohonleikkuriin, joka hoitaa jopa 24\u00a0000 m\u00b2 nurmikon yrityksellesi!\" \/>\n<meta name=\"robots\" content=\"index, follow, max-snippet:-1, max-image-preview:large, max-video-preview:-1\" \/>\n<link rel=\"canonical\" href=\"https:\/\/www.belrobotics.com\/fi\/yritykset\/\" \/>\n<meta property=\"og:locale\" content=\"fi_FI\" \/>\n<meta property=\"og:type\" content=\"article\" \/>\n<meta property=\"og:title\" content=\"Kaupallinen robottiruohonleikkuri | Yrityksille - Belrobotics\" \/>\n<meta property=\"og:description\" content=\"Tutustu Bigmowiin, maailman suorituskykyisimp\u00e4\u00e4n robottiruohonleikkuriin, joka hoitaa jopa 24\u00a0000 m\u00b2 nurmikon yrityksellesi!\" \/>\n<meta property=\"og:url\" content=\"https:\/\/www.belrobotics.com\/fi\/yritykset\/\" \/>\n<meta property=\"og:site_name\" content=\"Belrobotics\" \/>\n<meta property=\"article:publisher\" content=\"https:\/\/www.facebook.com\/belrobotics\" \/>\n<meta property=\"article:modified_time\" content=\"2023-07-06T07:54:31+00:00\" \/>\n<meta property=\"og:image\" content=\"https:\/\/www.belrobotics.com\/wp-content\/uploads\/2019\/01\/big-mow-action-3.jpg\" \/>\n\t<meta property=\"og:image:width\" content=\"2251\" \/>\n\t<meta property=\"og:image:height\" content=\"1745\" \/>\n\t<meta property=\"og:image:type\" content=\"image\/jpeg\" \/>\n<meta name=\"twitter:card\" content=\"summary_large_image\" \/>\n<meta name=\"twitter:label1\" content=\"Arvioitu lukuaika\" \/>\n\t<meta name=\"twitter:data1\" content=\"1 minuutti\" \/>\n<script type=\"application\/ld+json\" class=\"yoast-schema-graph\">{\"@context\":\"https:\/\/schema.org\",\"@graph\":[{\"@type\":\"WebPage\",\"@id\":\"https:\/\/www.belrobotics.com\/fi\/yritykset\/\",\"url\":\"https:\/\/www.belrobotics.com\/fi\/yritykset\/\",\"name\":\"Kaupallinen robottiruohonleikkuri | Yrityksille - Belrobotics\",\"isPartOf\":{\"@id\":\"https:\/\/www.belrobotics.com\/fi\/#website\"},\"primaryImageOfPage\":{\"@id\":\"https:\/\/www.belrobotics.com\/fi\/yritykset\/#primaryimage\"},\"image\":{\"@id\":\"https:\/\/www.belrobotics.com\/fi\/yritykset\/#primaryimage\"},\"thumbnailUrl\":\"https:\/\/www.belrobotics.com\/wp-content\/uploads\/2019\/01\/big-mow-action-3.jpg\",\"datePublished\":\"2019-01-21T14:11:31+00:00\",\"dateModified\":\"2023-07-06T07:54:31+00:00\",\"description\":\"Tutustu Bigmowiin, maailman suorituskykyisimp\u00e4\u00e4n robottiruohonleikkuriin, joka hoitaa jopa 24\u00a0000 m\u00b2 nurmikon yrityksellesi!\",\"breadcrumb\":{\"@id\":\"https:\/\/www.belrobotics.com\/fi\/yritykset\/#breadcrumb\"},\"inLanguage\":\"fi\",\"potentialAction\":[{\"@type\":\"ReadAction\",\"target\":[\"https:\/\/www.belrobotics.com\/fi\/yritykset\/\"]}]},{\"@type\":\"ImageObject\",\"inLanguage\":\"fi\",\"@id\":\"https:\/\/www.belrobotics.com\/fi\/yritykset\/#primaryimage\",\"url\":\"https:\/\/www.belrobotics.com\/wp-content\/uploads\/2019\/01\/big-mow-action-3.jpg\",\"contentUrl\":\"https:\/\/www.belrobotics.com\/wp-content\/uploads\/2019\/01\/big-mow-action-3.jpg\",\"width\":2251,\"height\":1745},{\"@type\":\"BreadcrumbList\",\"@id\":\"https:\/\/www.belrobotics.com\/fi\/yritykset\/#breadcrumb\",\"itemListElement\":[{\"@type\":\"ListItem\",\"position\":1,\"name\":\"Home\",\"item\":\"https:\/\/www.belrobotics.com\/fi\/\"},{\"@type\":\"ListItem\",\"position\":2,\"name\":\"Yritykset\"}]},{\"@type\":\"WebSite\",\"@id\":\"https:\/\/www.belrobotics.com\/fi\/#website\",\"url\":\"https:\/\/www.belrobotics.com\/fi\/\",\"name\":\"Belrobotics\",\"description\":\"The grass masters\",\"publisher\":{\"@id\":\"https:\/\/www.belrobotics.com\/fi\/#organization\"},\"potentialAction\":[{\"@type\":\"SearchAction\",\"target\":{\"@type\":\"EntryPoint\",\"urlTemplate\":\"https:\/\/www.belrobotics.com\/fi\/?s={search_term_string}\"},\"query-input\":{\"@type\":\"PropertyValueSpecification\",\"valueRequired\":true,\"valueName\":\"search_term_string\"}}],\"inLanguage\":\"fi\"},{\"@type\":\"Organization\",\"@id\":\"https:\/\/www.belrobotics.com\/fi\/#organization\",\"name\":\"Belrobotics\",\"url\":\"https:\/\/www.belrobotics.com\/fi\/\",\"logo\":{\"@type\":\"ImageObject\",\"inLanguage\":\"fi\",\"@id\":\"https:\/\/www.belrobotics.com\/fi\/#\/schema\/logo\/image\/\",\"url\":\"https:\/\/www.belrobotics.com\/wp-content\/uploads\/2019\/01\/logo-belrobotics.svg\",\"contentUrl\":\"https:\/\/www.belrobotics.com\/wp-content\/uploads\/2019\/01\/logo-belrobotics.svg\",\"width\":100,\"height\":16,\"caption\":\"Belrobotics\"},\"image\":{\"@id\":\"https:\/\/www.belrobotics.com\/fi\/#\/schema\/logo\/image\/\"},\"sameAs\":[\"https:\/\/www.facebook.com\/belrobotics\",\"https:\/\/www.youtube.com\/channel\/UCYgWBPRzEdXmUqLRL0JbUIw\",\"https:\/\/www.instagram.com\/belrobotics_europe\/\"]}]}<\/script>\n<!-- \/ Yoast SEO plugin. -->","yoast_head_json":{"title":"Kaupallinen robottiruohonleikkuri | Yrityksille - Belrobotics","description":"Tutustu Bigmowiin, maailman suorituskykyisimp\u00e4\u00e4n robottiruohonleikkuriin, joka hoitaa jopa 24\u00a0000 m\u00b2 nurmikon yrityksellesi!","robots":{"index":"index","follow":"follow","max-snippet":"max-snippet:-1","max-image-preview":"max-image-preview:large","max-video-preview":"max-video-preview:-1"},"canonical":"https:\/\/www.belrobotics.com\/fi\/yritykset\/","og_locale":"fi_FI","og_type":"article","og_title":"Kaupallinen robottiruohonleikkuri | Yrityksille - Belrobotics","og_description":"Tutustu Bigmowiin, maailman suorituskykyisimp\u00e4\u00e4n robottiruohonleikkuriin, joka hoitaa jopa 24\u00a0000 m\u00b2 nurmikon yrityksellesi!","og_url":"https:\/\/www.belrobotics.com\/fi\/yritykset\/","og_site_name":"Belrobotics","article_publisher":"https:\/\/www.facebook.com\/belrobotics","article_modified_time":"2023-07-06T07:54:31+00:00","og_image":[{"width":2251,"height":1745,"url":"https:\/\/www.belrobotics.com\/wp-content\/uploads\/2019\/01\/big-mow-action-3.jpg","type":"image\/jpeg"}],"twitter_card":"summary_large_image","twitter_misc":{"Arvioitu lukuaika":"1 minuutti"},"schema":{"@context":"https:\/\/schema.org","@graph":[{"@type":"WebPage","@id":"https:\/\/www.belrobotics.com\/fi\/yritykset\/","url":"https:\/\/www.belrobotics.com\/fi\/yritykset\/","name":"Kaupallinen robottiruohonleikkuri | Yrityksille - Belrobotics","isPartOf":{"@id":"https:\/\/www.belrobotics.com\/fi\/#website"},"primaryImageOfPage":{"@id":"https:\/\/www.belrobotics.com\/fi\/yritykset\/#primaryimage"},"image":{"@id":"https:\/\/www.belrobotics.com\/fi\/yritykset\/#primaryimage"},"thumbnailUrl":"https:\/\/www.belrobotics.com\/wp-content\/uploads\/2019\/01\/big-mow-action-3.jpg","datePublished":"2019-01-21T14:11:31+00:00","dateModified":"2023-07-06T07:54:31+00:00","description":"Tutustu Bigmowiin, maailman suorituskykyisimp\u00e4\u00e4n robottiruohonleikkuriin, joka hoitaa jopa 24\u00a0000 m\u00b2 nurmikon yrityksellesi!","breadcrumb":{"@id":"https:\/\/www.belrobotics.com\/fi\/yritykset\/#breadcrumb"},"inLanguage":"fi","potentialAction":[{"@type":"ReadAction","target":["https:\/\/www.belrobotics.com\/fi\/yritykset\/"]}]},{"@type":"ImageObject","inLanguage":"fi","@id":"https:\/\/www.belrobotics.com\/fi\/yritykset\/#primaryimage","url":"https:\/\/www.belrobotics.com\/wp-content\/uploads\/2019\/01\/big-mow-action-3.jpg","contentUrl":"https:\/\/www.belrobotics.com\/wp-content\/uploads\/2019\/01\/big-mow-action-3.jpg","width":2251,"height":1745},{"@type":"BreadcrumbList","@id":"https:\/\/www.belrobotics.com\/fi\/yritykset\/#breadcrumb","itemListElement":[{"@type":"ListItem","position":1,"name":"Home","item":"https:\/\/www.belrobotics.com\/fi\/"},{"@type":"ListItem","position":2,"name":"Yritykset"}]},{"@type":"WebSite","@id":"https:\/\/www.belrobotics.com\/fi\/#website","url":"https:\/\/www.belrobotics.com\/fi\/","name":"Belrobotics","description":"The grass masters","publisher":{"@id":"https:\/\/www.belrobotics.com\/fi\/#organization"},"potentialAction":[{"@type":"SearchAction","target":{"@type":"EntryPoint","urlTemplate":"https:\/\/www.belrobotics.com\/fi\/?s={search_term_string}"},"query-input":{"@type":"PropertyValueSpecification","valueRequired":true,"valueName":"search_term_string"}}],"inLanguage":"fi"},{"@type":"Organization","@id":"https:\/\/www.belrobotics.com\/fi\/#organization","name":"Belrobotics","url":"https:\/\/www.belrobotics.com\/fi\/","logo":{"@type":"ImageObject","inLanguage":"fi","@id":"https:\/\/www.belrobotics.com\/fi\/#\/schema\/logo\/image\/","url":"https:\/\/www.belrobotics.com\/wp-content\/uploads\/2019\/01\/logo-belrobotics.svg","contentUrl":"https:\/\/www.belrobotics.com\/wp-content\/uploads\/2019\/01\/logo-belrobotics.svg","width":100,"height":16,"caption":"Belrobotics"},"image":{"@id":"https:\/\/www.belrobotics.com\/fi\/#\/schema\/logo\/image\/"},"sameAs":["https:\/\/www.facebook.com\/belrobotics","https:\/\/www.youtube.com\/channel\/UCYgWBPRzEdXmUqLRL0JbUIw","https:\/\/www.instagram.com\/belrobotics_europe\/"]}]}},"_links":{"self":[{"href":"https:\/\/www.belrobotics.com\/fi\/wp-json\/wp\/v2\/pages\/9274","targetHints":{"allow":["GET"]}}],"collection":[{"href":"https:\/\/www.belrobotics.com\/fi\/wp-json\/wp\/v2\/pages"}],"about":[{"href":"https:\/\/www.belrobotics.com\/fi\/wp-json\/wp\/v2\/types\/page"}],"author":[{"embeddable":true,"href":"https:\/\/www.belrobotics.com\/fi\/wp-json\/wp\/v2\/users\/9"}],"replies":[{"embeddable":true,"href":"https:\/\/www.belrobotics.com\/fi\/wp-json\/wp\/v2\/comments?post=9274"}],"version-history":[{"count":1,"href":"https:\/\/www.belrobotics.com\/fi\/wp-json\/wp\/v2\/pages\/9274\/revisions"}],"predecessor-version":[{"id":25276,"href":"https:\/\/www.belrobotics.com\/fi\/wp-json\/wp\/v2\/pages\/9274\/revisions\/25276"}],"wp:featuredmedia":[{"embeddable":true,"href":"https:\/\/www.belrobotics.com\/fi\/wp-json\/wp\/v2\/media\/9276"}],"wp:attachment":[{"href":"https:\/\/www.belrobotics.com\/fi\/wp-json\/wp\/v2\/media?parent=9274"}],"curies":[{"name":"wp","href":"https:\/\/api.w.org\/{rel}","templated":true}]}}