{"id":9269,"date":"2020-03-18T16:13:09","date_gmt":"2020-03-18T15:13:09","guid":{"rendered":"https:\/\/belrobotics.andromede.digital\/golfklubit\/"},"modified":"2024-03-20T18:29:27","modified_gmt":"2024-03-20T17:29:27","slug":"golfklubit","status":"publish","type":"page","link":"https:\/\/www.belrobotics.com\/fi\/golfklubit\/","title":{"rendered":"Golfklubit"},"content":{"rendered":"<h2 class=\"h3\">Automatisoi nurmikon yll\u00e4pito leikkaamalla ja ker\u00e4\u00e4m\u00e4ll\u00e4 pallot ly\u00f6ntipaikalta.<\/h2>\n<p>Kun Bigmow-ruohonleikkuri huolehtii nurmikon kunnossapidosta ja keskittyy v\u00e4yl\u00e4n karheiden ja puolikarheiden alueiden leikkaamiseen, Ballpicker on kiireinen ly\u00f6ntipaikalla pallojen ker\u00e4\u00e4misess\u00e4. T\u00e4m\u00e4 kaksikko toimii sopusoinnussa ja tarjoaa viherhoitajille t\u00e4ydellisen ja tehokkaan automaatioratkaisun. Bigmow-j\u00e4rjestelm\u00e4mme hoitaa p\u00e4ivin ja \u00f6in jopa 75 000 m\u00b2:n suuruista aluetta ja Ballpicker-j\u00e4rjestelm\u00e4mme 45 000 m\u00b2:n suuruista aluetta, mik\u00e4 takaa jopa 15 000 pallon ker\u00e4\u00e4misen 24 tunnin aikana.<\/p>\n","protected":false},"excerpt":{"rendered":"<p>Automatisoi nurmikon yll\u00e4pito leikkaamalla ja ker\u00e4\u00e4m\u00e4ll\u00e4 pallot ly\u00f6ntipaikalta. Kun Bigmow-ruohonleikkuri huolehtii nurmikon kunnossapidosta ja keskittyy v\u00e4yl\u00e4n karheiden ja puolikarheiden alueiden leikkaamiseen, Ballpicker on kiireinen ly\u00f6ntipaikalla pallojen ker\u00e4\u00e4misess\u00e4. T\u00e4m\u00e4 kaksikko toimii sopusoinnussa ja tarjoaa viherhoitajille t\u00e4ydellisen ja tehokkaan automaatioratkaisun. Bigmow-j\u00e4rjestelm\u00e4mme hoitaa p\u00e4ivin ja \u00f6in jopa 75 000 m\u00b2:n suuruista aluetta ja Ballpicker-j\u00e4rjestelm\u00e4mme 45 000 m\u00b2:n suuruista [&hellip;]<\/p>\n","protected":false},"author":9,"featured_media":34154,"parent":0,"menu_order":0,"comment_status":"closed","ping_status":"closed","template":"utilisation.php","meta":{"_acf_changed":false,"footnotes":""},"class_list":["post-9269","page","type-page","status-publish","has-post-thumbnail","hentry"],"acf":[],"yoast_head":"<!-- This site is optimized with the Yoast SEO plugin v26.9 - https:\/\/yoast.com\/product\/yoast-seo-wordpress\/ -->\n<title>Golfrobotti - Belrobotics<\/title>\n<meta name=\"description\" content=\"Automatisoi rangen pallojen ker\u00e4ys Ballpickerin avulla. Se pystyy toimimaan jopa 30\u00a0000 m\u00b2 alueella ja ker\u00e4\u00e4m\u00e4\u00e4n jopa 12\u00a0000 palloa \/ 24h\" \/>\n<meta name=\"robots\" content=\"index, follow, max-snippet:-1, max-image-preview:large, max-video-preview:-1\" \/>\n<link rel=\"canonical\" href=\"https:\/\/www.belrobotics.com\/fi\/golfklubit\/\" \/>\n<meta property=\"og:locale\" content=\"fi_FI\" \/>\n<meta property=\"og:type\" content=\"article\" \/>\n<meta property=\"og:title\" content=\"Golfrobotti - Belrobotics\" \/>\n<meta property=\"og:description\" content=\"Automatisoi rangen pallojen ker\u00e4ys Ballpickerin avulla. Se pystyy toimimaan jopa 30\u00a0000 m\u00b2 alueella ja ker\u00e4\u00e4m\u00e4\u00e4n jopa 12\u00a0000 palloa \/ 24h\" \/>\n<meta property=\"og:url\" content=\"https:\/\/www.belrobotics.com\/fi\/golfklubit\/\" \/>\n<meta property=\"og:site_name\" content=\"Belrobotics\" \/>\n<meta property=\"article:publisher\" content=\"https:\/\/www.facebook.com\/belrobotics\" \/>\n<meta property=\"article:modified_time\" content=\"2024-03-20T17:29:27+00:00\" \/>\n<meta property=\"og:image\" content=\"https:\/\/www.belrobotics.com\/wp-content\/uploads\/2024\/03\/Mowers-scaled.webp\" \/>\n\t<meta property=\"og:image:width\" content=\"2560\" \/>\n\t<meta property=\"og:image:height\" content=\"1707\" \/>\n\t<meta property=\"og:image:type\" content=\"image\/webp\" \/>\n<meta name=\"twitter:card\" content=\"summary_large_image\" \/>\n<meta name=\"twitter:label1\" content=\"Arvioitu lukuaika\" \/>\n\t<meta name=\"twitter:data1\" content=\"4 minuuttia\" \/>\n<script type=\"application\/ld+json\" class=\"yoast-schema-graph\">{\"@context\":\"https:\/\/schema.org\",\"@graph\":[{\"@type\":\"WebPage\",\"@id\":\"https:\/\/www.belrobotics.com\/fi\/golfklubit\/\",\"url\":\"https:\/\/www.belrobotics.com\/fi\/golfklubit\/\",\"name\":\"Golfrobotti - Belrobotics\",\"isPartOf\":{\"@id\":\"https:\/\/www.belrobotics.com\/fi\/#website\"},\"primaryImageOfPage\":{\"@id\":\"https:\/\/www.belrobotics.com\/fi\/golfklubit\/#primaryimage\"},\"image\":{\"@id\":\"https:\/\/www.belrobotics.com\/fi\/golfklubit\/#primaryimage\"},\"thumbnailUrl\":\"https:\/\/www.belrobotics.com\/wp-content\/uploads\/2024\/03\/Mowers-scaled.webp\",\"datePublished\":\"2020-03-18T15:13:09+00:00\",\"dateModified\":\"2024-03-20T17:29:27+00:00\",\"description\":\"Automatisoi rangen pallojen ker\u00e4ys Ballpickerin avulla. Se pystyy toimimaan jopa 30\u00a0000 m\u00b2 alueella ja ker\u00e4\u00e4m\u00e4\u00e4n jopa 12\u00a0000 palloa \/ 24h\",\"breadcrumb\":{\"@id\":\"https:\/\/www.belrobotics.com\/fi\/golfklubit\/#breadcrumb\"},\"inLanguage\":\"fi\",\"potentialAction\":[{\"@type\":\"ReadAction\",\"target\":[\"https:\/\/www.belrobotics.com\/fi\/golfklubit\/\"]}]},{\"@type\":\"ImageObject\",\"inLanguage\":\"fi\",\"@id\":\"https:\/\/www.belrobotics.com\/fi\/golfklubit\/#primaryimage\",\"url\":\"https:\/\/www.belrobotics.com\/wp-content\/uploads\/2024\/03\/Mowers-scaled.webp\",\"contentUrl\":\"https:\/\/www.belrobotics.com\/wp-content\/uploads\/2024\/03\/Mowers-scaled.webp\",\"width\":2560,\"height\":1707},{\"@type\":\"BreadcrumbList\",\"@id\":\"https:\/\/www.belrobotics.com\/fi\/golfklubit\/#breadcrumb\",\"itemListElement\":[{\"@type\":\"ListItem\",\"position\":1,\"name\":\"Home\",\"item\":\"https:\/\/www.belrobotics.com\/fi\/\"},{\"@type\":\"ListItem\",\"position\":2,\"name\":\"Golfklubit\"}]},{\"@type\":\"WebSite\",\"@id\":\"https:\/\/www.belrobotics.com\/fi\/#website\",\"url\":\"https:\/\/www.belrobotics.com\/fi\/\",\"name\":\"Belrobotics\",\"description\":\"The grass masters\",\"publisher\":{\"@id\":\"https:\/\/www.belrobotics.com\/fi\/#organization\"},\"potentialAction\":[{\"@type\":\"SearchAction\",\"target\":{\"@type\":\"EntryPoint\",\"urlTemplate\":\"https:\/\/www.belrobotics.com\/fi\/?s={search_term_string}\"},\"query-input\":{\"@type\":\"PropertyValueSpecification\",\"valueRequired\":true,\"valueName\":\"search_term_string\"}}],\"inLanguage\":\"fi\"},{\"@type\":\"Organization\",\"@id\":\"https:\/\/www.belrobotics.com\/fi\/#organization\",\"name\":\"Belrobotics\",\"url\":\"https:\/\/www.belrobotics.com\/fi\/\",\"logo\":{\"@type\":\"ImageObject\",\"inLanguage\":\"fi\",\"@id\":\"https:\/\/www.belrobotics.com\/fi\/#\/schema\/logo\/image\/\",\"url\":\"https:\/\/www.belrobotics.com\/wp-content\/uploads\/2019\/01\/logo-belrobotics.svg\",\"contentUrl\":\"https:\/\/www.belrobotics.com\/wp-content\/uploads\/2019\/01\/logo-belrobotics.svg\",\"width\":100,\"height\":16,\"caption\":\"Belrobotics\"},\"image\":{\"@id\":\"https:\/\/www.belrobotics.com\/fi\/#\/schema\/logo\/image\/\"},\"sameAs\":[\"https:\/\/www.facebook.com\/belrobotics\",\"https:\/\/www.youtube.com\/channel\/UCYgWBPRzEdXmUqLRL0JbUIw\",\"https:\/\/www.instagram.com\/belrobotics_europe\/\"]}]}<\/script>\n<!-- \/ Yoast SEO plugin. -->","yoast_head_json":{"title":"Golfrobotti - Belrobotics","description":"Automatisoi rangen pallojen ker\u00e4ys Ballpickerin avulla. Se pystyy toimimaan jopa 30\u00a0000 m\u00b2 alueella ja ker\u00e4\u00e4m\u00e4\u00e4n jopa 12\u00a0000 palloa \/ 24h","robots":{"index":"index","follow":"follow","max-snippet":"max-snippet:-1","max-image-preview":"max-image-preview:large","max-video-preview":"max-video-preview:-1"},"canonical":"https:\/\/www.belrobotics.com\/fi\/golfklubit\/","og_locale":"fi_FI","og_type":"article","og_title":"Golfrobotti - Belrobotics","og_description":"Automatisoi rangen pallojen ker\u00e4ys Ballpickerin avulla. Se pystyy toimimaan jopa 30\u00a0000 m\u00b2 alueella ja ker\u00e4\u00e4m\u00e4\u00e4n jopa 12\u00a0000 palloa \/ 24h","og_url":"https:\/\/www.belrobotics.com\/fi\/golfklubit\/","og_site_name":"Belrobotics","article_publisher":"https:\/\/www.facebook.com\/belrobotics","article_modified_time":"2024-03-20T17:29:27+00:00","og_image":[{"width":2560,"height":1707,"url":"https:\/\/www.belrobotics.com\/wp-content\/uploads\/2024\/03\/Mowers-scaled.webp","type":"image\/webp"}],"twitter_card":"summary_large_image","twitter_misc":{"Arvioitu lukuaika":"4 minuuttia"},"schema":{"@context":"https:\/\/schema.org","@graph":[{"@type":"WebPage","@id":"https:\/\/www.belrobotics.com\/fi\/golfklubit\/","url":"https:\/\/www.belrobotics.com\/fi\/golfklubit\/","name":"Golfrobotti - Belrobotics","isPartOf":{"@id":"https:\/\/www.belrobotics.com\/fi\/#website"},"primaryImageOfPage":{"@id":"https:\/\/www.belrobotics.com\/fi\/golfklubit\/#primaryimage"},"image":{"@id":"https:\/\/www.belrobotics.com\/fi\/golfklubit\/#primaryimage"},"thumbnailUrl":"https:\/\/www.belrobotics.com\/wp-content\/uploads\/2024\/03\/Mowers-scaled.webp","datePublished":"2020-03-18T15:13:09+00:00","dateModified":"2024-03-20T17:29:27+00:00","description":"Automatisoi rangen pallojen ker\u00e4ys Ballpickerin avulla. Se pystyy toimimaan jopa 30\u00a0000 m\u00b2 alueella ja ker\u00e4\u00e4m\u00e4\u00e4n jopa 12\u00a0000 palloa \/ 24h","breadcrumb":{"@id":"https:\/\/www.belrobotics.com\/fi\/golfklubit\/#breadcrumb"},"inLanguage":"fi","potentialAction":[{"@type":"ReadAction","target":["https:\/\/www.belrobotics.com\/fi\/golfklubit\/"]}]},{"@type":"ImageObject","inLanguage":"fi","@id":"https:\/\/www.belrobotics.com\/fi\/golfklubit\/#primaryimage","url":"https:\/\/www.belrobotics.com\/wp-content\/uploads\/2024\/03\/Mowers-scaled.webp","contentUrl":"https:\/\/www.belrobotics.com\/wp-content\/uploads\/2024\/03\/Mowers-scaled.webp","width":2560,"height":1707},{"@type":"BreadcrumbList","@id":"https:\/\/www.belrobotics.com\/fi\/golfklubit\/#breadcrumb","itemListElement":[{"@type":"ListItem","position":1,"name":"Home","item":"https:\/\/www.belrobotics.com\/fi\/"},{"@type":"ListItem","position":2,"name":"Golfklubit"}]},{"@type":"WebSite","@id":"https:\/\/www.belrobotics.com\/fi\/#website","url":"https:\/\/www.belrobotics.com\/fi\/","name":"Belrobotics","description":"The grass masters","publisher":{"@id":"https:\/\/www.belrobotics.com\/fi\/#organization"},"potentialAction":[{"@type":"SearchAction","target":{"@type":"EntryPoint","urlTemplate":"https:\/\/www.belrobotics.com\/fi\/?s={search_term_string}"},"query-input":{"@type":"PropertyValueSpecification","valueRequired":true,"valueName":"search_term_string"}}],"inLanguage":"fi"},{"@type":"Organization","@id":"https:\/\/www.belrobotics.com\/fi\/#organization","name":"Belrobotics","url":"https:\/\/www.belrobotics.com\/fi\/","logo":{"@type":"ImageObject","inLanguage":"fi","@id":"https:\/\/www.belrobotics.com\/fi\/#\/schema\/logo\/image\/","url":"https:\/\/www.belrobotics.com\/wp-content\/uploads\/2019\/01\/logo-belrobotics.svg","contentUrl":"https:\/\/www.belrobotics.com\/wp-content\/uploads\/2019\/01\/logo-belrobotics.svg","width":100,"height":16,"caption":"Belrobotics"},"image":{"@id":"https:\/\/www.belrobotics.com\/fi\/#\/schema\/logo\/image\/"},"sameAs":["https:\/\/www.facebook.com\/belrobotics","https:\/\/www.youtube.com\/channel\/UCYgWBPRzEdXmUqLRL0JbUIw","https:\/\/www.instagram.com\/belrobotics_europe\/"]}]}},"_links":{"self":[{"href":"https:\/\/www.belrobotics.com\/fi\/wp-json\/wp\/v2\/pages\/9269","targetHints":{"allow":["GET"]}}],"collection":[{"href":"https:\/\/www.belrobotics.com\/fi\/wp-json\/wp\/v2\/pages"}],"about":[{"href":"https:\/\/www.belrobotics.com\/fi\/wp-json\/wp\/v2\/types\/page"}],"author":[{"embeddable":true,"href":"https:\/\/www.belrobotics.com\/fi\/wp-json\/wp\/v2\/users\/9"}],"replies":[{"embeddable":true,"href":"https:\/\/www.belrobotics.com\/fi\/wp-json\/wp\/v2\/comments?post=9269"}],"version-history":[{"count":3,"href":"https:\/\/www.belrobotics.com\/fi\/wp-json\/wp\/v2\/pages\/9269\/revisions"}],"predecessor-version":[{"id":34403,"href":"https:\/\/www.belrobotics.com\/fi\/wp-json\/wp\/v2\/pages\/9269\/revisions\/34403"}],"wp:featuredmedia":[{"embeddable":true,"href":"https:\/\/www.belrobotics.com\/fi\/wp-json\/wp\/v2\/media\/34154"}],"wp:attachment":[{"href":"https:\/\/www.belrobotics.com\/fi\/wp-json\/wp\/v2\/media?parent=9269"}],"curies":[{"name":"wp","href":"https:\/\/api.w.org\/{rel}","templated":true}]}}