{"id":9266,"date":"2019-01-21T15:12:33","date_gmt":"2019-01-21T14:12:33","guid":{"rendered":"https:\/\/belrobotics.andromede.digital\/erittain-vaativat-kohteet\/"},"modified":"2020-03-24T16:34:06","modified_gmt":"2020-03-24T15:34:06","slug":"erittain-vaativat-kohteet","status":"publish","type":"page","link":"https:\/\/www.belrobotics.com\/fi\/erittain-vaativat-kohteet\/","title":{"rendered":"Eritt\u00e4in vaativat kohteet"},"content":{"rendered":"<h2 class=\"h3\">Robottiruohonleikkurit toimivat my\u00f6s vaarallisissa kohteissa<\/h2>\n<p>Bigmow pystyy hoitamaan 24\u00a0000 m\u00b2 kokoisen nurmikon. Erinomainen suorituskyky my\u00f6s hankalissa olosuhteissa. Belroboticsin maastokelpoinen robottiruohonleikkuri on maailmassa ainoa, joka pystyy toimimaan kohteessa, jossa on h\u00e4iri\u00f6signaaleja, tai vaativissa teollisuusymp\u00e4rist\u00f6iss\u00e4<\/p>\n","protected":false},"excerpt":{"rendered":"<p>Robottiruohonleikkurit toimivat my\u00f6s vaarallisissa kohteissa Bigmow pystyy hoitamaan 24\u00a0000 m\u00b2 kokoisen nurmikon. Erinomainen suorituskyky my\u00f6s hankalissa olosuhteissa. Belroboticsin maastokelpoinen robottiruohonleikkuri on maailmassa ainoa, joka pystyy toimimaan kohteessa, jossa on h\u00e4iri\u00f6signaaleja, tai vaativissa teollisuusymp\u00e4rist\u00f6iss\u00e4<\/p>\n","protected":false},"author":9,"featured_media":9268,"parent":0,"menu_order":0,"comment_status":"closed","ping_status":"closed","template":"utilisation.php","meta":{"_acf_changed":false,"footnotes":""},"class_list":["post-9266","page","type-page","status-publish","has-post-thumbnail","hentry"],"acf":[],"yoast_head":"<!-- This site is optimized with the Yoast SEO plugin v26.9 - https:\/\/yoast.com\/product\/yoast-seo-wordpress\/ -->\n<title>Automaattinen ruohonleikkuri eritt\u00e4in vaativiin kohteisiin - Belrobotics<\/title>\n<meta name=\"description\" content=\"Belroboticsin robottiruohonleikkuri on maailmassa ainoa, joka pystyy toimimaan kohteessa, jossa on h\u00e4iri\u00f6signaaleja, tai vaativissa teollisuusymp\u00e4rist\u00f6iss\u00e4.\" \/>\n<meta name=\"robots\" content=\"index, follow, max-snippet:-1, max-image-preview:large, max-video-preview:-1\" \/>\n<link rel=\"canonical\" href=\"https:\/\/www.belrobotics.com\/fi\/erittain-vaativat-kohteet\/\" \/>\n<meta property=\"og:locale\" content=\"fi_FI\" \/>\n<meta property=\"og:type\" content=\"article\" \/>\n<meta property=\"og:title\" content=\"Automaattinen ruohonleikkuri eritt\u00e4in vaativiin kohteisiin - Belrobotics\" \/>\n<meta property=\"og:description\" content=\"Belroboticsin robottiruohonleikkuri on maailmassa ainoa, joka pystyy toimimaan kohteessa, jossa on h\u00e4iri\u00f6signaaleja, tai vaativissa teollisuusymp\u00e4rist\u00f6iss\u00e4.\" \/>\n<meta property=\"og:url\" content=\"https:\/\/www.belrobotics.com\/fi\/erittain-vaativat-kohteet\/\" \/>\n<meta property=\"og:site_name\" content=\"Belrobotics\" \/>\n<meta property=\"article:publisher\" content=\"https:\/\/www.facebook.com\/belrobotics\" \/>\n<meta property=\"article:modified_time\" content=\"2020-03-24T15:34:06+00:00\" \/>\n<meta property=\"og:image\" content=\"https:\/\/www.belrobotics.com\/wp-content\/uploads\/2019\/05\/shutterstock_308515325.jpg\" \/>\n\t<meta property=\"og:image:width\" content=\"3000\" \/>\n\t<meta property=\"og:image:height\" content=\"1997\" \/>\n\t<meta property=\"og:image:type\" content=\"image\/jpeg\" \/>\n<meta name=\"twitter:card\" content=\"summary_large_image\" \/>\n<script type=\"application\/ld+json\" class=\"yoast-schema-graph\">{\"@context\":\"https:\/\/schema.org\",\"@graph\":[{\"@type\":\"WebPage\",\"@id\":\"https:\/\/www.belrobotics.com\/fi\/erittain-vaativat-kohteet\/\",\"url\":\"https:\/\/www.belrobotics.com\/fi\/erittain-vaativat-kohteet\/\",\"name\":\"Automaattinen ruohonleikkuri eritt\u00e4in vaativiin kohteisiin - Belrobotics\",\"isPartOf\":{\"@id\":\"https:\/\/www.belrobotics.com\/fi\/#website\"},\"primaryImageOfPage\":{\"@id\":\"https:\/\/www.belrobotics.com\/fi\/erittain-vaativat-kohteet\/#primaryimage\"},\"image\":{\"@id\":\"https:\/\/www.belrobotics.com\/fi\/erittain-vaativat-kohteet\/#primaryimage\"},\"thumbnailUrl\":\"https:\/\/www.belrobotics.com\/wp-content\/uploads\/2019\/05\/shutterstock_308515325.jpg\",\"datePublished\":\"2019-01-21T14:12:33+00:00\",\"dateModified\":\"2020-03-24T15:34:06+00:00\",\"description\":\"Belroboticsin robottiruohonleikkuri on maailmassa ainoa, joka pystyy toimimaan kohteessa, jossa on h\u00e4iri\u00f6signaaleja, tai vaativissa teollisuusymp\u00e4rist\u00f6iss\u00e4.\",\"breadcrumb\":{\"@id\":\"https:\/\/www.belrobotics.com\/fi\/erittain-vaativat-kohteet\/#breadcrumb\"},\"inLanguage\":\"fi\",\"potentialAction\":[{\"@type\":\"ReadAction\",\"target\":[\"https:\/\/www.belrobotics.com\/fi\/erittain-vaativat-kohteet\/\"]}]},{\"@type\":\"ImageObject\",\"inLanguage\":\"fi\",\"@id\":\"https:\/\/www.belrobotics.com\/fi\/erittain-vaativat-kohteet\/#primaryimage\",\"url\":\"https:\/\/www.belrobotics.com\/wp-content\/uploads\/2019\/05\/shutterstock_308515325.jpg\",\"contentUrl\":\"https:\/\/www.belrobotics.com\/wp-content\/uploads\/2019\/05\/shutterstock_308515325.jpg\",\"width\":3000,\"height\":1997},{\"@type\":\"BreadcrumbList\",\"@id\":\"https:\/\/www.belrobotics.com\/fi\/erittain-vaativat-kohteet\/#breadcrumb\",\"itemListElement\":[{\"@type\":\"ListItem\",\"position\":1,\"name\":\"Home\",\"item\":\"https:\/\/www.belrobotics.com\/fi\/\"},{\"@type\":\"ListItem\",\"position\":2,\"name\":\"Eritt\u00e4in vaativat kohteet\"}]},{\"@type\":\"WebSite\",\"@id\":\"https:\/\/www.belrobotics.com\/fi\/#website\",\"url\":\"https:\/\/www.belrobotics.com\/fi\/\",\"name\":\"Belrobotics\",\"description\":\"The grass masters\",\"publisher\":{\"@id\":\"https:\/\/www.belrobotics.com\/fi\/#organization\"},\"potentialAction\":[{\"@type\":\"SearchAction\",\"target\":{\"@type\":\"EntryPoint\",\"urlTemplate\":\"https:\/\/www.belrobotics.com\/fi\/?s={search_term_string}\"},\"query-input\":{\"@type\":\"PropertyValueSpecification\",\"valueRequired\":true,\"valueName\":\"search_term_string\"}}],\"inLanguage\":\"fi\"},{\"@type\":\"Organization\",\"@id\":\"https:\/\/www.belrobotics.com\/fi\/#organization\",\"name\":\"Belrobotics\",\"url\":\"https:\/\/www.belrobotics.com\/fi\/\",\"logo\":{\"@type\":\"ImageObject\",\"inLanguage\":\"fi\",\"@id\":\"https:\/\/www.belrobotics.com\/fi\/#\/schema\/logo\/image\/\",\"url\":\"https:\/\/www.belrobotics.com\/wp-content\/uploads\/2019\/01\/logo-belrobotics.svg\",\"contentUrl\":\"https:\/\/www.belrobotics.com\/wp-content\/uploads\/2019\/01\/logo-belrobotics.svg\",\"width\":100,\"height\":16,\"caption\":\"Belrobotics\"},\"image\":{\"@id\":\"https:\/\/www.belrobotics.com\/fi\/#\/schema\/logo\/image\/\"},\"sameAs\":[\"https:\/\/www.facebook.com\/belrobotics\",\"https:\/\/www.youtube.com\/channel\/UCYgWBPRzEdXmUqLRL0JbUIw\",\"https:\/\/www.instagram.com\/belrobotics_europe\/\"]}]}<\/script>\n<!-- \/ Yoast SEO plugin. -->","yoast_head_json":{"title":"Automaattinen ruohonleikkuri eritt\u00e4in vaativiin kohteisiin - Belrobotics","description":"Belroboticsin robottiruohonleikkuri on maailmassa ainoa, joka pystyy toimimaan kohteessa, jossa on h\u00e4iri\u00f6signaaleja, tai vaativissa teollisuusymp\u00e4rist\u00f6iss\u00e4.","robots":{"index":"index","follow":"follow","max-snippet":"max-snippet:-1","max-image-preview":"max-image-preview:large","max-video-preview":"max-video-preview:-1"},"canonical":"https:\/\/www.belrobotics.com\/fi\/erittain-vaativat-kohteet\/","og_locale":"fi_FI","og_type":"article","og_title":"Automaattinen ruohonleikkuri eritt\u00e4in vaativiin kohteisiin - Belrobotics","og_description":"Belroboticsin robottiruohonleikkuri on maailmassa ainoa, joka pystyy toimimaan kohteessa, jossa on h\u00e4iri\u00f6signaaleja, tai vaativissa teollisuusymp\u00e4rist\u00f6iss\u00e4.","og_url":"https:\/\/www.belrobotics.com\/fi\/erittain-vaativat-kohteet\/","og_site_name":"Belrobotics","article_publisher":"https:\/\/www.facebook.com\/belrobotics","article_modified_time":"2020-03-24T15:34:06+00:00","og_image":[{"width":3000,"height":1997,"url":"https:\/\/www.belrobotics.com\/wp-content\/uploads\/2019\/05\/shutterstock_308515325.jpg","type":"image\/jpeg"}],"twitter_card":"summary_large_image","schema":{"@context":"https:\/\/schema.org","@graph":[{"@type":"WebPage","@id":"https:\/\/www.belrobotics.com\/fi\/erittain-vaativat-kohteet\/","url":"https:\/\/www.belrobotics.com\/fi\/erittain-vaativat-kohteet\/","name":"Automaattinen ruohonleikkuri eritt\u00e4in vaativiin kohteisiin - Belrobotics","isPartOf":{"@id":"https:\/\/www.belrobotics.com\/fi\/#website"},"primaryImageOfPage":{"@id":"https:\/\/www.belrobotics.com\/fi\/erittain-vaativat-kohteet\/#primaryimage"},"image":{"@id":"https:\/\/www.belrobotics.com\/fi\/erittain-vaativat-kohteet\/#primaryimage"},"thumbnailUrl":"https:\/\/www.belrobotics.com\/wp-content\/uploads\/2019\/05\/shutterstock_308515325.jpg","datePublished":"2019-01-21T14:12:33+00:00","dateModified":"2020-03-24T15:34:06+00:00","description":"Belroboticsin robottiruohonleikkuri on maailmassa ainoa, joka pystyy toimimaan kohteessa, jossa on h\u00e4iri\u00f6signaaleja, tai vaativissa teollisuusymp\u00e4rist\u00f6iss\u00e4.","breadcrumb":{"@id":"https:\/\/www.belrobotics.com\/fi\/erittain-vaativat-kohteet\/#breadcrumb"},"inLanguage":"fi","potentialAction":[{"@type":"ReadAction","target":["https:\/\/www.belrobotics.com\/fi\/erittain-vaativat-kohteet\/"]}]},{"@type":"ImageObject","inLanguage":"fi","@id":"https:\/\/www.belrobotics.com\/fi\/erittain-vaativat-kohteet\/#primaryimage","url":"https:\/\/www.belrobotics.com\/wp-content\/uploads\/2019\/05\/shutterstock_308515325.jpg","contentUrl":"https:\/\/www.belrobotics.com\/wp-content\/uploads\/2019\/05\/shutterstock_308515325.jpg","width":3000,"height":1997},{"@type":"BreadcrumbList","@id":"https:\/\/www.belrobotics.com\/fi\/erittain-vaativat-kohteet\/#breadcrumb","itemListElement":[{"@type":"ListItem","position":1,"name":"Home","item":"https:\/\/www.belrobotics.com\/fi\/"},{"@type":"ListItem","position":2,"name":"Eritt\u00e4in vaativat kohteet"}]},{"@type":"WebSite","@id":"https:\/\/www.belrobotics.com\/fi\/#website","url":"https:\/\/www.belrobotics.com\/fi\/","name":"Belrobotics","description":"The grass masters","publisher":{"@id":"https:\/\/www.belrobotics.com\/fi\/#organization"},"potentialAction":[{"@type":"SearchAction","target":{"@type":"EntryPoint","urlTemplate":"https:\/\/www.belrobotics.com\/fi\/?s={search_term_string}"},"query-input":{"@type":"PropertyValueSpecification","valueRequired":true,"valueName":"search_term_string"}}],"inLanguage":"fi"},{"@type":"Organization","@id":"https:\/\/www.belrobotics.com\/fi\/#organization","name":"Belrobotics","url":"https:\/\/www.belrobotics.com\/fi\/","logo":{"@type":"ImageObject","inLanguage":"fi","@id":"https:\/\/www.belrobotics.com\/fi\/#\/schema\/logo\/image\/","url":"https:\/\/www.belrobotics.com\/wp-content\/uploads\/2019\/01\/logo-belrobotics.svg","contentUrl":"https:\/\/www.belrobotics.com\/wp-content\/uploads\/2019\/01\/logo-belrobotics.svg","width":100,"height":16,"caption":"Belrobotics"},"image":{"@id":"https:\/\/www.belrobotics.com\/fi\/#\/schema\/logo\/image\/"},"sameAs":["https:\/\/www.facebook.com\/belrobotics","https:\/\/www.youtube.com\/channel\/UCYgWBPRzEdXmUqLRL0JbUIw","https:\/\/www.instagram.com\/belrobotics_europe\/"]}]}},"_links":{"self":[{"href":"https:\/\/www.belrobotics.com\/fi\/wp-json\/wp\/v2\/pages\/9266","targetHints":{"allow":["GET"]}}],"collection":[{"href":"https:\/\/www.belrobotics.com\/fi\/wp-json\/wp\/v2\/pages"}],"about":[{"href":"https:\/\/www.belrobotics.com\/fi\/wp-json\/wp\/v2\/types\/page"}],"author":[{"embeddable":true,"href":"https:\/\/www.belrobotics.com\/fi\/wp-json\/wp\/v2\/users\/9"}],"replies":[{"embeddable":true,"href":"https:\/\/www.belrobotics.com\/fi\/wp-json\/wp\/v2\/comments?post=9266"}],"version-history":[{"count":0,"href":"https:\/\/www.belrobotics.com\/fi\/wp-json\/wp\/v2\/pages\/9266\/revisions"}],"wp:featuredmedia":[{"embeddable":true,"href":"https:\/\/www.belrobotics.com\/fi\/wp-json\/wp\/v2\/media\/9268"}],"wp:attachment":[{"href":"https:\/\/www.belrobotics.com\/fi\/wp-json\/wp\/v2\/media?parent=9266"}],"curies":[{"name":"wp","href":"https:\/\/api.w.org\/{rel}","templated":true}]}}