{"id":9255,"date":"2020-03-18T16:11:56","date_gmt":"2020-03-18T15:11:56","guid":{"rendered":"https:\/\/belrobotics.andromede.digital\/vastuuvapauslauseke\/"},"modified":"2020-06-25T10:29:07","modified_gmt":"2020-06-25T09:29:07","slug":"vastuuvapauslauseke","status":"publish","type":"page","link":"https:\/\/www.belrobotics.com\/fi\/vastuuvapauslauseke\/","title":{"rendered":"Vastuuvapauslauseke"},"content":{"rendered":"<p align=\"center\"><strong>YAMABIKO EUROPE S.A.<\/strong><\/p>\n<p align=\"center\">P\u00c4\u00c4KONTTORI: Avenue Lavoisier 35, 1300 Wavre, Belgia<\/p>\n<p align=\"center\">B.C.E. 0477.194.468<\/p>\n<p align=\"center\">Puhelin: +32 10 48 00 36<\/p>\n<p align=\"center\">S\u00e4hk\u00f6posti: <a href=\"mailto:dataprivacy@yamabiko.eu\">dataprivacy@yamabiko.eu<\/a><\/p>\n<p align=\"center\"><a href=\"https:\/\/www.belrobotics.com\/\">https:\/\/www.belrobotics.com<\/a>VERKKOSIVUSTON<\/p>\n<p>K\u00c4YTT\u00d6EHDOT<br clear='none'\/>\n<strong>1. Verkkosivuston tarkoitus ja yleiset k\u00e4ytt\u00f6ehdot<\/strong><\/p>\n<p>YAMABIKO EUROPE tarjoaa robottiruohonleikkurien, pensasleikkurien, lehtipuhaltimien ja moottorisahojen myynti- ja huoltopalveluita seuraaville merkeille: Belrobotics, Echo ja Shindaiwa.<\/p>\n<p>Sivuston <a href=\"http:\/\/www.traitdeco.be\/\">www.belrobotics.com<\/a> avulla esitell\u00e4\u00e4n toimintoja ja palveluja, robottiruohonleikkureita ja YAMABIKO EUROPE -konseptia sek\u00e4 julkaistaan asiaan liittyvi\u00e4 artikkeleita ja uutisia.<\/p>\n<p>N\u00e4it\u00e4 yleisi\u00e4 k\u00e4ytt\u00f6ehtoja voidaan p\u00e4ivitt\u00e4\u00e4 milloin tahansa ilman ennakkoilmoitusta. K\u00e4ytt\u00e4j\u00e4n kannattaa t\u00e4m\u00e4n vuoksi tarkistaa ehdot s\u00e4\u00e4nn\u00f6llisesti. T\u00e4llaiset p\u00e4ivitykset tulevat voimaan, kun ne on julkaistu verkossa.<\/p>\n<p>Jos jokin n\u00e4iden yleisten k\u00e4ytt\u00f6ehtojen kohta muuttuu virheelliseksi tai mahdottomaksi soveltaa mist\u00e4 tahansa syyst\u00e4, t\u00e4m\u00e4 ei kumoa mit\u00e4\u00e4n muita yleisten k\u00e4ytt\u00f6ehtojen kohtia.<\/p>\n<p><strong>2. T\u00e4m\u00e4n sivuston k\u00e4ytt\u00f6<\/strong><\/p>\n<p>Sivusto <a href=\"http:\/\/www.sospme.be\/\">www.belrobotics.com<\/a> annetaan k\u00e4ytt\u00e4jien henkil\u00f6kohtaiseen k\u00e4ytt\u00f6\u00f6n alla kuvattujen ehtojen mukaisesti. K\u00e4ytt\u00e4m\u00e4ll\u00e4 t\u00e4t\u00e4 verkkosivustoa k\u00e4ytt\u00e4j\u00e4t hyv\u00e4ksyv\u00e4t varauksetta kaikki k\u00e4ytt\u00f6ehdot.<\/p>\n<p>Sivustoa <a href=\"http:\/\/www.sospme.be\/\">www.belrobotics.com<\/a> ei saa k\u00e4ytt\u00e4\u00e4 spekulatiivisiin, virheellisiin tai vilpillisiin pyynt\u00f6ihin.<\/p>\n<p>K\u00e4ytt\u00e4j\u00e4n on oltava v\u00e4hint\u00e4\u00e4n 18 vuoden ik\u00e4inen, h\u00e4nell\u00e4 tulee olla oikeus allekirjoittaa sopimuksia ja h\u00e4nen tulee k\u00e4ytt\u00e4\u00e4 t\u00e4t\u00e4 verkkosivustoa sen yleisten k\u00e4ytt\u00f6ehtojen mukaisesti.<\/p>\n<p><strong>3. Tekij\u00e4noikeudet \u2013 immateriaalioikeudet<\/strong><\/p>\n<p>YAMABIKO EUROPE omistaa immateriaalioikeudet kaikkiin verkkosivuston elementteihin (valokuviin, logoihin, piirustuksiin, kaavioihin, tekstiin, videoihin jne.), mutta my\u00f6s kaikkiin tekij\u00e4noikeuksiin, patentteihin, osaamiseen, luottamuksellisiin tietoihin, tietokantoihin, rekister\u00f6ityihin tavaramerkkeihin ja konsepteihin niiden rekister\u00f6innist\u00e4 riippumatta, jotka n\u00e4kyv\u00e4t sivustossa <a href=\"http:\/\/www.sospme.be\/\">www.belrobotics.com<\/a>.<\/p>\n<p>K\u00e4ytt\u00e4j\u00e4t eiv\u00e4t t\u00e4m\u00e4n vuoksi saa kopioida, muokata, siirt\u00e4\u00e4 tai k\u00e4ytt\u00e4\u00e4 sivuston mit\u00e4\u00e4n osia ilman YAMABIKO EUROPEn etuk\u00e4teen antamaa kirjallista lupaa.<\/p>\n<p><strong>4. Lataus<\/strong><\/p>\n<p>K\u00e4ytt\u00e4j\u00e4 lataa tietoja sivustosta <a href=\"http:\/\/www.sospme.be\/\">www.belrobotics.com<\/a> t\u00e4ysin omalla riskill\u00e4\u00e4n ja vastuullaan.<\/p>\n<p>K\u00e4ytt\u00e4j\u00e4 hyv\u00e4ksyy sen, ett\u00e4 tietokonepalvelujen ja -j\u00e4rjestelmien k\u00e4ytt\u00f6 ei ole riskit\u00f6nt\u00e4. N\u00e4in ollen YAMABIKO EUROPE ei ehk\u00e4 vastaa mahdollisista vahingoista, jotka johtuvat jostakin tietokoneen haittaohjelmasta, kun tietoja on ladattu sivustosta <a href=\"http:\/\/www.sospme.be\/\">www.belrobotics.com<\/a>.<\/p>\n<p><strong>5. Henkil\u00f6tietojen k\u00e4sittely<\/strong><\/p>\n<p>Sivuston <a href=\"http:\/\/www.sospme.be\/\">www.belrobotics.com<\/a> k\u00e4ytt\u00e4j\u00e4st\u00e4 voidaan ker\u00e4t\u00e4 tiettyj\u00e4 henkil\u00f6tietoja, erityisesti k\u00e4ytt\u00e4j\u00e4n t\u00e4ytt\u00e4ess\u00e4 yhteydenottolomakkeen, pyyt\u00e4ess\u00e4 tarjousta tai pyyt\u00e4ess\u00e4 tukea, tai ev\u00e4steiden tai seurantapikselien kautta (katso kohta 10).<\/p>\n<p>T\u00e4m\u00e4n vuoksi YAMABIKO EUROPE S.A., jonka p\u00e4\u00e4konttori sijaitsee osoitteessa Avenue Lavoisier 16\/B, 1300 Wavre, Belgia, vastaa t\u00e4llaisten tietojen k\u00e4sittelyst\u00e4.<\/p>\n<p>K\u00e4ytt\u00e4jien henkil\u00f6tietojen ker\u00e4ys on rajattu seuraaviin k\u00e4ytt\u00f6tarkoituksiin: verkkosivuston vierailujen hallinta, asiakkaiden hallinta, k\u00e4ytt\u00e4jien tilausten t\u00e4ytt\u00e4minen, tuotteiden ja palvelujen mainostaminen sek\u00e4 suoramarkkinointikampanjoiden toteutus s\u00e4hk\u00f6postitse.<\/p>\n<p>Asiakas voi kielt\u00e4\u00e4 milloin tahansa t\u00e4llaisten henkil\u00f6kohtaisten tietojen k\u00e4yt\u00f6n suoramarkkinointitarkoituksiin.<\/p>\n<p>K\u00e4ytt\u00e4j\u00e4ll\u00e4 on oikeus tarkastella, korjata tai poistaa henkil\u00f6kohtaisia tietojaan 8.12.1992 annetun tietosuojaa ja henkil\u00f6kohtaisten tietojen k\u00e4sittely\u00e4 koskevan lain mukaisesti.<\/p>\n<p>Jos haluat tarkastella, korjata tai poistaa henkil\u00f6kohtaisia tietojasi, voit ottaa maksuttomasti yhteytt\u00e4 YAMABIKO EUROPEen l\u00e4hett\u00e4m\u00e4ll\u00e4 s\u00e4hk\u00f6postia osoitteeseen <a href=\"mailto:dataprivacy@yamabiko.eu\">dataprivacy@yamabiko.eu<\/a> tai l\u00e4hett\u00e4m\u00e4ll\u00e4 kirjeen yrityksen p\u00e4\u00e4konttoriin.<\/p>\n<p>YAMABIKO EUROPE noudattaa yleisen tietosuoja-asetuksen (GDPR, EU-asetus 2016\/679) vaatimuksia ja vastaa ker\u00e4\u00e4miens\u00e4 tietojen luottamuksellisuuden s\u00e4ilytt\u00e4misest\u00e4.<\/p>\n<p><strong>6. Tietoturva<\/strong><\/p>\n<p>YAMABIKO EUROPE takaa tietoturvatason, joka vastaa kansallisia ja eurooppalaisia m\u00e4\u00e4r\u00e4yksi\u00e4 t\u00e4ysin.<\/p>\n<p>T\u00e4t\u00e4 varten sivustossa <a href=\"http:\/\/www.sospme.be\/\">www.belrobotics.com<\/a> k\u00e4ytet\u00e4\u00e4n useita suojausj\u00e4rjestelmi\u00e4, jotka antavat riitt\u00e4v\u00e4n suojaustason k\u00e4ytt\u00e4jien henkil\u00f6tiedoille. YAMABIKO EUROPE ei kuitenkaan pysty takaamaan, ettei ulkopuolinen osapuoli voisi p\u00e4\u00e4st\u00e4 sivustoon luvattomasti ja k\u00e4ytt\u00e4\u00e4 tietoja lains\u00e4\u00e4d\u00e4nn\u00f6n vastaisesti.<\/p>\n<p><strong>7. Hyperlinkit muihin sivustoihin<\/strong><\/p>\n<p>Sivustossa <a href=\"http:\/\/www.sospme.be\/\">www.belrobotics.com<\/a> voi olla hyperlinkkej\u00e4 muihin verkkosivustoihin. N\u00e4iden linkkien n\u00e4kyminen sivustossa <a href=\"http:\/\/www.sospme.be\/\">www.belrobotics.com<\/a> ei tarkoita miss\u00e4\u00e4n m\u00e4\u00e4rin, ett\u00e4 YAMABIKO EUROPE tukisi t\u00e4llaisten verkkosivustojen ajatuksia tai mielipiteit\u00e4 tai ett\u00e4 sill\u00e4 olisi kumppanuussuhde tai yhteys n\u00e4iden sivustojen omistajiin.<\/p>\n<p>YAMABIKO EUROPE ei vastaa miss\u00e4\u00e4n olosuhteissa t\u00e4llaisten hyperlinkkien kohteina olevien verkkosivustojen sis\u00e4ll\u00f6st\u00e4.<\/p>\n<p><strong>8. YAMABIKO EUROPEn oikeudet<\/strong><\/p>\n<p>YAMABIKO EUROPE varaa oikeuden tehd\u00e4 milloin tahansa ilman ennakkoilmoitusta seuraavaa:<\/p>\n<p>a) muokata ilmoituksia, tarjouksia ja verkossa olevia tietoja<\/p>\n<p>b) muuttaa tiettyj\u00e4 palveluita<\/p>\n<p>c) est\u00e4\u00e4 p\u00e4\u00e4syn verkkosivustoonsa teknisten ongelmien yhteydess\u00e4 tai jos YAMABIKO EUROPE saa tiet\u00e4\u00e4 sivustonsa loukkaavasta tai haitallisesta k\u00e4yt\u00f6st\u00e4.<\/p>\n<p><strong>9. K\u00e4ytt\u00e4j\u00e4n vastuut<\/strong><\/p>\n<p>Sivuston <a href=\"http:\/\/www.sospme.be\/\">www.belrobotics.com<\/a> k\u00e4ytt\u00e4j\u00e4t sitoutuvat pid\u00e4tt\u00e4ytym\u00e4\u00e4n seuraavista:<\/p>\n<p>a) verkkosivuston k\u00e4ytt\u00f6 laittomiin tai haitallisiin tarkoituksiin<\/p>\n<p>b) verkkosivuston saatavuuden heikent\u00e4minen, verkkosivuston h\u00e4irint\u00e4 tai muokkaus, verkkosivuston tehokkuuden huonontaminen ja haitan aiheuttaminen sivustolle, YAMABIKO EUROPElle tai kolmansille osapuolille<\/p>\n<p>c) verkkosivuston k\u00e4ytt\u00f6 haittaohjelmien tai haitallisten tai laittomien tietojen siirt\u00e4miseen tai levitt\u00e4miseen<\/p>\n<p>d) verkkosivustossa olevien kohteiden immateriaalioikeuksien vaarantaminen<\/p>\n<p>e) ei-toivottujen viestien l\u00e4hetys tai siirto<\/p>\n<p>f) muiden k\u00e4ytt\u00e4jien henkil\u00f6tietojen ker\u00e4ys tai s\u00e4ilytys, paitsi tapauksissa, joissa kyseiset k\u00e4ytt\u00e4j\u00e4t ovat antaneet siihen erikseen luvan.<\/p>\n<p><strong>10. Ev\u00e4steet ja seurantapikselit<\/strong><\/p>\n<p>K\u00e4ytt\u00e4jien tietokoneisiin voidaan l\u00e4hett\u00e4\u00e4 ev\u00e4steit\u00e4 ja seurantapikseleit\u00e4 heid\u00e4n vieraillessaan sivustossa <a href=\"http:\/\/www.sospme.be\/\">www.belrobotics.com<\/a>.<\/p>\n<p>Ev\u00e4steet ovat pieni\u00e4 tiedostoja, jotka tallentuvat k\u00e4ytt\u00e4j\u00e4n kiintolevylle sivustoa is\u00e4nn\u00f6iv\u00e4n palvelimen pyynn\u00f6st\u00e4. Ev\u00e4steiden avulla voidaan varmistaa sivuston asianmukainen tekninen toimivuus ja saumattomampi selauskokemus.<\/p>\n<p>Seurantapikselit ovat pieni\u00e4 s\u00e4hk\u00f6isi\u00e4 kuvia, joiden avulla verkkosivusto pystyy laskemaan tietyn sivun k\u00e4vij\u00e4m\u00e4\u00e4r\u00e4n. Seurantapikselin ker\u00e4\u00e4mi\u00e4 tietoja ovat tietokoneen IP-osoite, is\u00e4nt\u00e4koneen nimi sek\u00e4 k\u00e4ytt\u00f6j\u00e4rjestelm\u00e4n ja verkkoselaimen nimi ja versionumero.<\/p>\n<p>Sivuston <a href=\"http:\/\/www.sospme.be\/\">www.belrobotics.com<\/a> k\u00e4ytt\u00e4j\u00e4t voivat poistaa \/ poistaa k\u00e4yt\u00f6st\u00e4 ev\u00e4steet ja seurantapikselit kiintolevyill\u00e4\u00e4n ja\/tai m\u00e4\u00e4ritt\u00e4\u00e4 selaimen parametrit niin, ett\u00e4 niit\u00e4 ei vastaanoteta ollenkaan. Ev\u00e4steiden ja\/tai seurantapikselien est\u00e4minen voi kuitenkin h\u00e4irit\u00e4 selaustoimintoja.<\/p>\n<p><strong>11. Vastuunrajoitus<\/strong><\/p>\n<p>YAMABIKO EUROPE ei ole miss\u00e4\u00e4n tapauksessa vastuussa suorista, ep\u00e4suorista, v\u00e4lillisist\u00e4, rangaistukseen liittyvist\u00e4 tai erityisist\u00e4 menetyksist\u00e4 tai vahingoista (sis\u00e4lt\u00e4en rajoituksetta vahingot, jotka johtuvat tulojen, sopimusten, liiketoimien, tietojen tai muun k\u00e4ytt\u00e4j\u00e4n tietohallintoj\u00e4rjestelm\u00e4ss\u00e4 olevan sis\u00e4ll\u00f6n menetyksest\u00e4 tai liiketoiminnan keskeytymisest\u00e4), jotka johtuvat verkkosivuston tai sen sis\u00e4ll\u00f6n k\u00e4yt\u00f6st\u00e4 tai k\u00e4yt\u00f6n estymisest\u00e4 tai k\u00e4ytt\u00f6ehdoista, vaikka YAMABIKO EUROPE olisi saanut tiedon t\u00e4llaisten vahinkojen mahdollisuudesta.<\/p>\n<p>Edell\u00e4 mainittujen ehtojen lis\u00e4ksi YAMABIKO EUROPE ei vastaa miss\u00e4\u00e4n olosuhteissa virheist\u00e4, ep\u00e4tarkkuuksista, laiminly\u00f6nneist\u00e4 tai v\u00e4\u00e4rin ajoitetuista tai virheellisist\u00e4 tiedoista, joita t\u00e4ss\u00e4 verkkosivustossa voi olla.<\/p>\n<p>T\u00e4m\u00e4 rajoitettu vastuu koskee yht\u00e4l\u00e4isesti kaikkia kolmansien osapuolten verkkosivustoja.<\/p>\n<p><strong>12. Sovellettava lains\u00e4\u00e4d\u00e4nt\u00f6<\/strong><\/p>\n<p>Yleisiin k\u00e4ytt\u00f6ehtoihin sovelletaan Belgian lains\u00e4\u00e4d\u00e4nt\u00f6\u00e4. Niiden tulkintaa ja\/tai toteutusta koskevat riidat k\u00e4sitell\u00e4\u00e4n toimivaltaisissa tuomioistuimissa Nivellesin laink\u00e4ytt\u00f6alueella Belgiassa.<\/p>\n<p><strong>13. Yhteystiedot<\/strong><\/p>\n<p>Voit ottaa yhteytt\u00e4 YAMABIKO EUROPEen n\u00e4ihin yleisiin k\u00e4ytt\u00f6ehtoihin liittyen l\u00e4hett\u00e4m\u00e4ll\u00e4 s\u00e4hk\u00f6postia osoitteeseen <a href=\"mailto:dataprivacy@yamabiko.eu\">dataprivacy@yamabiko.eu<\/a> tai k\u00e4ytt\u00e4m\u00e4ll\u00e4 verkkosivustossa <a href=\"http:\/\/www.sospme.be\/\">www.belrobotics.com<\/a> olevaa yhteydenottolomaketta.<\/p>\n<p><strong>14. Sivuston julkaisija:<\/strong><\/p>\n<p>Verkkosivuston <a href=\"http:\/\/www.sospme.be\/\">www.belrobotics.com<\/a> julkaisija on YAMABIKO EUROPE S.A., jonka rekister\u00f6ity p\u00e4\u00e4konttori sijaitsee osoitteessa Avenue Lavoisier 16\/B, 1300 Wavre, Belgia ja joka on rekister\u00f6ity Banque Carrefour des Entreprises -pankkiin rekisterinumerolla B.C.E. 0477.194.468<\/p>\n<p><strong>15. Is\u00e4nn\u00f6inti:<\/strong><\/p>\n<p>Sivustoa <a href=\"http:\/\/www.c-de-c.be\/\">www.belrobotics.com<\/a> is\u00e4nn\u00f6i INFOMANIAK<\/p>\n","protected":false},"excerpt":{"rendered":"<p>YAMABIKO EUROPE S.A. P\u00c4\u00c4KONTTORI: Avenue Lavoisier 35, 1300 Wavre, Belgia B.C.E. 0477.194.468 Puhelin: +32 10 48 00 36 S\u00e4hk\u00f6posti: dataprivacy@yamabiko.eu https:\/\/www.belrobotics.comVERKKOSIVUSTON K\u00c4YTT\u00d6EHDOT 1. Verkkosivuston tarkoitus ja yleiset k\u00e4ytt\u00f6ehdot YAMABIKO EUROPE tarjoaa robottiruohonleikkurien, pensasleikkurien, lehtipuhaltimien ja moottorisahojen myynti- ja huoltopalveluita seuraaville merkeille: Belrobotics, Echo ja Shindaiwa. Sivuston www.belrobotics.com avulla esitell\u00e4\u00e4n toimintoja ja palveluja, robottiruohonleikkureita ja YAMABIKO [&hellip;]<\/p>\n","protected":false},"author":9,"featured_media":0,"parent":0,"menu_order":0,"comment_status":"closed","ping_status":"closed","template":"","meta":{"_acf_changed":false,"footnotes":""},"class_list":["post-9255","page","type-page","status-publish","hentry"],"acf":[],"yoast_head":"<!-- This site is optimized with the Yoast SEO plugin v26.9 - https:\/\/yoast.com\/product\/yoast-seo-wordpress\/ -->\n<title>Vastuuvapauslauseke - Belrobotics<\/title>\n<meta name=\"robots\" content=\"index, follow, max-snippet:-1, max-image-preview:large, max-video-preview:-1\" \/>\n<link rel=\"canonical\" href=\"https:\/\/www.belrobotics.com\/fi\/vastuuvapauslauseke\/\" \/>\n<meta property=\"og:locale\" content=\"fi_FI\" \/>\n<meta property=\"og:type\" content=\"article\" \/>\n<meta property=\"og:title\" content=\"Vastuuvapauslauseke - Belrobotics\" \/>\n<meta property=\"og:description\" content=\"YAMABIKO EUROPE S.A. P\u00c4\u00c4KONTTORI: Avenue Lavoisier 35, 1300 Wavre, Belgia B.C.E. 0477.194.468 Puhelin: +32 10 48 00 36 S\u00e4hk\u00f6posti: dataprivacy@yamabiko.eu https:\/\/www.belrobotics.comVERKKOSIVUSTON K\u00c4YTT\u00d6EHDOT 1. Verkkosivuston tarkoitus ja yleiset k\u00e4ytt\u00f6ehdot YAMABIKO EUROPE tarjoaa robottiruohonleikkurien, pensasleikkurien, lehtipuhaltimien ja moottorisahojen myynti- ja huoltopalveluita seuraaville merkeille: Belrobotics, Echo ja Shindaiwa. Sivuston www.belrobotics.com avulla esitell\u00e4\u00e4n toimintoja ja palveluja, robottiruohonleikkureita ja YAMABIKO [&hellip;]\" \/>\n<meta property=\"og:url\" content=\"https:\/\/www.belrobotics.com\/fi\/vastuuvapauslauseke\/\" \/>\n<meta property=\"og:site_name\" content=\"Belrobotics\" \/>\n<meta property=\"article:publisher\" content=\"https:\/\/www.facebook.com\/belrobotics\" \/>\n<meta property=\"article:modified_time\" content=\"2020-06-25T09:29:07+00:00\" \/>\n<meta name=\"twitter:card\" content=\"summary_large_image\" \/>\n<meta name=\"twitter:label1\" content=\"Arvioitu lukuaika\" \/>\n\t<meta name=\"twitter:data1\" content=\"6 minuuttia\" \/>\n<script type=\"application\/ld+json\" class=\"yoast-schema-graph\">{\"@context\":\"https:\/\/schema.org\",\"@graph\":[{\"@type\":\"WebPage\",\"@id\":\"https:\/\/www.belrobotics.com\/fi\/vastuuvapauslauseke\/\",\"url\":\"https:\/\/www.belrobotics.com\/fi\/vastuuvapauslauseke\/\",\"name\":\"Vastuuvapauslauseke - Belrobotics\",\"isPartOf\":{\"@id\":\"https:\/\/www.belrobotics.com\/fi\/#website\"},\"datePublished\":\"2020-03-18T15:11:56+00:00\",\"dateModified\":\"2020-06-25T09:29:07+00:00\",\"breadcrumb\":{\"@id\":\"https:\/\/www.belrobotics.com\/fi\/vastuuvapauslauseke\/#breadcrumb\"},\"inLanguage\":\"fi\",\"potentialAction\":[{\"@type\":\"ReadAction\",\"target\":[\"https:\/\/www.belrobotics.com\/fi\/vastuuvapauslauseke\/\"]}]},{\"@type\":\"BreadcrumbList\",\"@id\":\"https:\/\/www.belrobotics.com\/fi\/vastuuvapauslauseke\/#breadcrumb\",\"itemListElement\":[{\"@type\":\"ListItem\",\"position\":1,\"name\":\"Home\",\"item\":\"https:\/\/www.belrobotics.com\/fi\/\"},{\"@type\":\"ListItem\",\"position\":2,\"name\":\"Vastuuvapauslauseke\"}]},{\"@type\":\"WebSite\",\"@id\":\"https:\/\/www.belrobotics.com\/fi\/#website\",\"url\":\"https:\/\/www.belrobotics.com\/fi\/\",\"name\":\"Belrobotics\",\"description\":\"The grass masters\",\"publisher\":{\"@id\":\"https:\/\/www.belrobotics.com\/fi\/#organization\"},\"potentialAction\":[{\"@type\":\"SearchAction\",\"target\":{\"@type\":\"EntryPoint\",\"urlTemplate\":\"https:\/\/www.belrobotics.com\/fi\/?s={search_term_string}\"},\"query-input\":{\"@type\":\"PropertyValueSpecification\",\"valueRequired\":true,\"valueName\":\"search_term_string\"}}],\"inLanguage\":\"fi\"},{\"@type\":\"Organization\",\"@id\":\"https:\/\/www.belrobotics.com\/fi\/#organization\",\"name\":\"Belrobotics\",\"url\":\"https:\/\/www.belrobotics.com\/fi\/\",\"logo\":{\"@type\":\"ImageObject\",\"inLanguage\":\"fi\",\"@id\":\"https:\/\/www.belrobotics.com\/fi\/#\/schema\/logo\/image\/\",\"url\":\"https:\/\/www.belrobotics.com\/wp-content\/uploads\/2019\/01\/logo-belrobotics.svg\",\"contentUrl\":\"https:\/\/www.belrobotics.com\/wp-content\/uploads\/2019\/01\/logo-belrobotics.svg\",\"width\":100,\"height\":16,\"caption\":\"Belrobotics\"},\"image\":{\"@id\":\"https:\/\/www.belrobotics.com\/fi\/#\/schema\/logo\/image\/\"},\"sameAs\":[\"https:\/\/www.facebook.com\/belrobotics\",\"https:\/\/www.youtube.com\/channel\/UCYgWBPRzEdXmUqLRL0JbUIw\",\"https:\/\/www.instagram.com\/belrobotics_europe\/\"]}]}<\/script>\n<!-- \/ Yoast SEO plugin. -->","yoast_head_json":{"title":"Vastuuvapauslauseke - Belrobotics","robots":{"index":"index","follow":"follow","max-snippet":"max-snippet:-1","max-image-preview":"max-image-preview:large","max-video-preview":"max-video-preview:-1"},"canonical":"https:\/\/www.belrobotics.com\/fi\/vastuuvapauslauseke\/","og_locale":"fi_FI","og_type":"article","og_title":"Vastuuvapauslauseke - Belrobotics","og_description":"YAMABIKO EUROPE S.A. P\u00c4\u00c4KONTTORI: Avenue Lavoisier 35, 1300 Wavre, Belgia B.C.E. 0477.194.468 Puhelin: +32 10 48 00 36 S\u00e4hk\u00f6posti: dataprivacy@yamabiko.eu https:\/\/www.belrobotics.comVERKKOSIVUSTON K\u00c4YTT\u00d6EHDOT 1. Verkkosivuston tarkoitus ja yleiset k\u00e4ytt\u00f6ehdot YAMABIKO EUROPE tarjoaa robottiruohonleikkurien, pensasleikkurien, lehtipuhaltimien ja moottorisahojen myynti- ja huoltopalveluita seuraaville merkeille: Belrobotics, Echo ja Shindaiwa. Sivuston www.belrobotics.com avulla esitell\u00e4\u00e4n toimintoja ja palveluja, robottiruohonleikkureita ja YAMABIKO [&hellip;]","og_url":"https:\/\/www.belrobotics.com\/fi\/vastuuvapauslauseke\/","og_site_name":"Belrobotics","article_publisher":"https:\/\/www.facebook.com\/belrobotics","article_modified_time":"2020-06-25T09:29:07+00:00","twitter_card":"summary_large_image","twitter_misc":{"Arvioitu lukuaika":"6 minuuttia"},"schema":{"@context":"https:\/\/schema.org","@graph":[{"@type":"WebPage","@id":"https:\/\/www.belrobotics.com\/fi\/vastuuvapauslauseke\/","url":"https:\/\/www.belrobotics.com\/fi\/vastuuvapauslauseke\/","name":"Vastuuvapauslauseke - Belrobotics","isPartOf":{"@id":"https:\/\/www.belrobotics.com\/fi\/#website"},"datePublished":"2020-03-18T15:11:56+00:00","dateModified":"2020-06-25T09:29:07+00:00","breadcrumb":{"@id":"https:\/\/www.belrobotics.com\/fi\/vastuuvapauslauseke\/#breadcrumb"},"inLanguage":"fi","potentialAction":[{"@type":"ReadAction","target":["https:\/\/www.belrobotics.com\/fi\/vastuuvapauslauseke\/"]}]},{"@type":"BreadcrumbList","@id":"https:\/\/www.belrobotics.com\/fi\/vastuuvapauslauseke\/#breadcrumb","itemListElement":[{"@type":"ListItem","position":1,"name":"Home","item":"https:\/\/www.belrobotics.com\/fi\/"},{"@type":"ListItem","position":2,"name":"Vastuuvapauslauseke"}]},{"@type":"WebSite","@id":"https:\/\/www.belrobotics.com\/fi\/#website","url":"https:\/\/www.belrobotics.com\/fi\/","name":"Belrobotics","description":"The grass masters","publisher":{"@id":"https:\/\/www.belrobotics.com\/fi\/#organization"},"potentialAction":[{"@type":"SearchAction","target":{"@type":"EntryPoint","urlTemplate":"https:\/\/www.belrobotics.com\/fi\/?s={search_term_string}"},"query-input":{"@type":"PropertyValueSpecification","valueRequired":true,"valueName":"search_term_string"}}],"inLanguage":"fi"},{"@type":"Organization","@id":"https:\/\/www.belrobotics.com\/fi\/#organization","name":"Belrobotics","url":"https:\/\/www.belrobotics.com\/fi\/","logo":{"@type":"ImageObject","inLanguage":"fi","@id":"https:\/\/www.belrobotics.com\/fi\/#\/schema\/logo\/image\/","url":"https:\/\/www.belrobotics.com\/wp-content\/uploads\/2019\/01\/logo-belrobotics.svg","contentUrl":"https:\/\/www.belrobotics.com\/wp-content\/uploads\/2019\/01\/logo-belrobotics.svg","width":100,"height":16,"caption":"Belrobotics"},"image":{"@id":"https:\/\/www.belrobotics.com\/fi\/#\/schema\/logo\/image\/"},"sameAs":["https:\/\/www.facebook.com\/belrobotics","https:\/\/www.youtube.com\/channel\/UCYgWBPRzEdXmUqLRL0JbUIw","https:\/\/www.instagram.com\/belrobotics_europe\/"]}]}},"_links":{"self":[{"href":"https:\/\/www.belrobotics.com\/fi\/wp-json\/wp\/v2\/pages\/9255","targetHints":{"allow":["GET"]}}],"collection":[{"href":"https:\/\/www.belrobotics.com\/fi\/wp-json\/wp\/v2\/pages"}],"about":[{"href":"https:\/\/www.belrobotics.com\/fi\/wp-json\/wp\/v2\/types\/page"}],"author":[{"embeddable":true,"href":"https:\/\/www.belrobotics.com\/fi\/wp-json\/wp\/v2\/users\/9"}],"replies":[{"embeddable":true,"href":"https:\/\/www.belrobotics.com\/fi\/wp-json\/wp\/v2\/comments?post=9255"}],"version-history":[{"count":0,"href":"https:\/\/www.belrobotics.com\/fi\/wp-json\/wp\/v2\/pages\/9255\/revisions"}],"wp:attachment":[{"href":"https:\/\/www.belrobotics.com\/fi\/wp-json\/wp\/v2\/media?parent=9255"}],"curies":[{"name":"wp","href":"https:\/\/api.w.org\/{rel}","templated":true}]}}