{"id":9251,"date":"2019-04-12T13:40:52","date_gmt":"2019-04-12T12:40:52","guid":{"rendered":"https:\/\/belrobotics.andromede.digital\/puistot-ja-puutarhat\/"},"modified":"2023-07-06T08:54:28","modified_gmt":"2023-07-06T07:54:28","slug":"puistot-ja-puutarhat","status":"publish","type":"page","link":"https:\/\/www.belrobotics.com\/fi\/puistot-ja-puutarhat\/","title":{"rendered":"Puistot ja puutarhat"},"content":{"rendered":"<h2 class=\"h3\">J\u00e4t\u00e4 laajat alueet sen hoidettaviksi<\/h2>\n<p>Parcmow kykenee hoitamaan jopa 12\u00a0000 m\u00b2 kokoista nurmikkoa. T\u00e4m\u00e4n ansiosta <a href=\"https:\/\/www.belrobotics.com\/en-gb\/advantages-robot-lawn-mower\/\">automaattinen ruohonleikkuri<\/a> soveltuu parhaiten julkiseen k\u00e4ytt\u00f6\u00f6n sek\u00e4 yrityksille, joilla on hoidettavanaan <strong>jopa 120 aarin viheralueet<\/strong>. Parcmow hoitaa alueet t\u00e4ysin autonomisesti. S\u00e4\u00e4st\u00e4t aikaa ja rahaa.<\/p>\n","protected":false},"excerpt":{"rendered":"<p>J\u00e4t\u00e4 laajat alueet sen hoidettaviksi Parcmow kykenee hoitamaan jopa 12\u00a0000 m\u00b2 kokoista nurmikkoa. T\u00e4m\u00e4n ansiosta automaattinen ruohonleikkuri soveltuu parhaiten julkiseen k\u00e4ytt\u00f6\u00f6n sek\u00e4 yrityksille, joilla on hoidettavanaan jopa 120 aarin viheralueet. Parcmow hoitaa alueet t\u00e4ysin autonomisesti. S\u00e4\u00e4st\u00e4t aikaa ja rahaa.<\/p>\n","protected":false},"author":9,"featured_media":9190,"parent":0,"menu_order":0,"comment_status":"closed","ping_status":"closed","template":"utilisation.php","meta":{"_acf_changed":false,"footnotes":""},"class_list":["post-9251","page","type-page","status-publish","has-post-thumbnail","hentry"],"acf":[],"yoast_head":"<!-- This site is optimized with the Yoast SEO plugin v26.9 - https:\/\/yoast.com\/product\/yoast-seo-wordpress\/ -->\n<title>Robottiruohonleikkuri suureen puutarhaan - Belrobotics<\/title>\n<meta name=\"robots\" content=\"index, follow, max-snippet:-1, max-image-preview:large, max-video-preview:-1\" \/>\n<link rel=\"canonical\" href=\"https:\/\/www.belrobotics.com\/fi\/puistot-ja-puutarhat\/\" \/>\n<meta property=\"og:locale\" content=\"fi_FI\" \/>\n<meta property=\"og:type\" content=\"article\" \/>\n<meta property=\"og:title\" content=\"Robottiruohonleikkuri suureen puutarhaan - Belrobotics\" \/>\n<meta property=\"og:description\" content=\"J\u00e4t\u00e4 laajat alueet sen hoidettaviksi Parcmow kykenee hoitamaan jopa 12\u00a0000 m\u00b2 kokoista nurmikkoa. T\u00e4m\u00e4n ansiosta automaattinen ruohonleikkuri soveltuu parhaiten julkiseen k\u00e4ytt\u00f6\u00f6n sek\u00e4 yrityksille, joilla on hoidettavanaan jopa 120 aarin viheralueet. Parcmow hoitaa alueet t\u00e4ysin autonomisesti. S\u00e4\u00e4st\u00e4t aikaa ja rahaa.\" \/>\n<meta property=\"og:url\" content=\"https:\/\/www.belrobotics.com\/fi\/puistot-ja-puutarhat\/\" \/>\n<meta property=\"og:site_name\" content=\"Belrobotics\" \/>\n<meta property=\"article:publisher\" content=\"https:\/\/www.facebook.com\/belrobotics\" \/>\n<meta property=\"article:modified_time\" content=\"2023-07-06T07:54:28+00:00\" \/>\n<meta property=\"og:image\" content=\"https:\/\/www.belrobotics.com\/wp-content\/uploads\/2019\/01\/belrobotics-HD_30-1024x683.jpg\" \/>\n\t<meta property=\"og:image:width\" content=\"1024\" \/>\n\t<meta property=\"og:image:height\" content=\"683\" \/>\n\t<meta property=\"og:image:type\" content=\"image\/jpeg\" \/>\n<meta name=\"twitter:card\" content=\"summary_large_image\" \/>\n<meta name=\"twitter:label1\" content=\"Arvioitu lukuaika\" \/>\n\t<meta name=\"twitter:data1\" content=\"1 minuutti\" \/>\n<script type=\"application\/ld+json\" class=\"yoast-schema-graph\">{\"@context\":\"https:\/\/schema.org\",\"@graph\":[{\"@type\":\"WebPage\",\"@id\":\"https:\/\/www.belrobotics.com\/fi\/puistot-ja-puutarhat\/\",\"url\":\"https:\/\/www.belrobotics.com\/fi\/puistot-ja-puutarhat\/\",\"name\":\"Robottiruohonleikkuri suureen puutarhaan - Belrobotics\",\"isPartOf\":{\"@id\":\"https:\/\/www.belrobotics.com\/fi\/#website\"},\"primaryImageOfPage\":{\"@id\":\"https:\/\/www.belrobotics.com\/fi\/puistot-ja-puutarhat\/#primaryimage\"},\"image\":{\"@id\":\"https:\/\/www.belrobotics.com\/fi\/puistot-ja-puutarhat\/#primaryimage\"},\"thumbnailUrl\":\"https:\/\/www.belrobotics.com\/wp-content\/uploads\/2019\/01\/belrobotics-HD_30.jpg\",\"datePublished\":\"2019-04-12T12:40:52+00:00\",\"dateModified\":\"2023-07-06T07:54:28+00:00\",\"breadcrumb\":{\"@id\":\"https:\/\/www.belrobotics.com\/fi\/puistot-ja-puutarhat\/#breadcrumb\"},\"inLanguage\":\"fi\",\"potentialAction\":[{\"@type\":\"ReadAction\",\"target\":[\"https:\/\/www.belrobotics.com\/fi\/puistot-ja-puutarhat\/\"]}]},{\"@type\":\"ImageObject\",\"inLanguage\":\"fi\",\"@id\":\"https:\/\/www.belrobotics.com\/fi\/puistot-ja-puutarhat\/#primaryimage\",\"url\":\"https:\/\/www.belrobotics.com\/wp-content\/uploads\/2019\/01\/belrobotics-HD_30.jpg\",\"contentUrl\":\"https:\/\/www.belrobotics.com\/wp-content\/uploads\/2019\/01\/belrobotics-HD_30.jpg\",\"width\":4000,\"height\":2668},{\"@type\":\"BreadcrumbList\",\"@id\":\"https:\/\/www.belrobotics.com\/fi\/puistot-ja-puutarhat\/#breadcrumb\",\"itemListElement\":[{\"@type\":\"ListItem\",\"position\":1,\"name\":\"Home\",\"item\":\"https:\/\/www.belrobotics.com\/fi\/\"},{\"@type\":\"ListItem\",\"position\":2,\"name\":\"Puistot ja puutarhat\"}]},{\"@type\":\"WebSite\",\"@id\":\"https:\/\/www.belrobotics.com\/fi\/#website\",\"url\":\"https:\/\/www.belrobotics.com\/fi\/\",\"name\":\"Belrobotics\",\"description\":\"The grass masters\",\"publisher\":{\"@id\":\"https:\/\/www.belrobotics.com\/fi\/#organization\"},\"potentialAction\":[{\"@type\":\"SearchAction\",\"target\":{\"@type\":\"EntryPoint\",\"urlTemplate\":\"https:\/\/www.belrobotics.com\/fi\/?s={search_term_string}\"},\"query-input\":{\"@type\":\"PropertyValueSpecification\",\"valueRequired\":true,\"valueName\":\"search_term_string\"}}],\"inLanguage\":\"fi\"},{\"@type\":\"Organization\",\"@id\":\"https:\/\/www.belrobotics.com\/fi\/#organization\",\"name\":\"Belrobotics\",\"url\":\"https:\/\/www.belrobotics.com\/fi\/\",\"logo\":{\"@type\":\"ImageObject\",\"inLanguage\":\"fi\",\"@id\":\"https:\/\/www.belrobotics.com\/fi\/#\/schema\/logo\/image\/\",\"url\":\"https:\/\/www.belrobotics.com\/wp-content\/uploads\/2019\/01\/logo-belrobotics.svg\",\"contentUrl\":\"https:\/\/www.belrobotics.com\/wp-content\/uploads\/2019\/01\/logo-belrobotics.svg\",\"width\":100,\"height\":16,\"caption\":\"Belrobotics\"},\"image\":{\"@id\":\"https:\/\/www.belrobotics.com\/fi\/#\/schema\/logo\/image\/\"},\"sameAs\":[\"https:\/\/www.facebook.com\/belrobotics\",\"https:\/\/www.youtube.com\/channel\/UCYgWBPRzEdXmUqLRL0JbUIw\",\"https:\/\/www.instagram.com\/belrobotics_europe\/\"]}]}<\/script>\n<!-- \/ Yoast SEO plugin. -->","yoast_head_json":{"title":"Robottiruohonleikkuri suureen puutarhaan - Belrobotics","robots":{"index":"index","follow":"follow","max-snippet":"max-snippet:-1","max-image-preview":"max-image-preview:large","max-video-preview":"max-video-preview:-1"},"canonical":"https:\/\/www.belrobotics.com\/fi\/puistot-ja-puutarhat\/","og_locale":"fi_FI","og_type":"article","og_title":"Robottiruohonleikkuri suureen puutarhaan - Belrobotics","og_description":"J\u00e4t\u00e4 laajat alueet sen hoidettaviksi Parcmow kykenee hoitamaan jopa 12\u00a0000 m\u00b2 kokoista nurmikkoa. T\u00e4m\u00e4n ansiosta automaattinen ruohonleikkuri soveltuu parhaiten julkiseen k\u00e4ytt\u00f6\u00f6n sek\u00e4 yrityksille, joilla on hoidettavanaan jopa 120 aarin viheralueet. Parcmow hoitaa alueet t\u00e4ysin autonomisesti. S\u00e4\u00e4st\u00e4t aikaa ja rahaa.","og_url":"https:\/\/www.belrobotics.com\/fi\/puistot-ja-puutarhat\/","og_site_name":"Belrobotics","article_publisher":"https:\/\/www.facebook.com\/belrobotics","article_modified_time":"2023-07-06T07:54:28+00:00","og_image":[{"width":1024,"height":683,"url":"https:\/\/www.belrobotics.com\/wp-content\/uploads\/2019\/01\/belrobotics-HD_30-1024x683.jpg","type":"image\/jpeg"}],"twitter_card":"summary_large_image","twitter_misc":{"Arvioitu lukuaika":"1 minuutti"},"schema":{"@context":"https:\/\/schema.org","@graph":[{"@type":"WebPage","@id":"https:\/\/www.belrobotics.com\/fi\/puistot-ja-puutarhat\/","url":"https:\/\/www.belrobotics.com\/fi\/puistot-ja-puutarhat\/","name":"Robottiruohonleikkuri suureen puutarhaan - Belrobotics","isPartOf":{"@id":"https:\/\/www.belrobotics.com\/fi\/#website"},"primaryImageOfPage":{"@id":"https:\/\/www.belrobotics.com\/fi\/puistot-ja-puutarhat\/#primaryimage"},"image":{"@id":"https:\/\/www.belrobotics.com\/fi\/puistot-ja-puutarhat\/#primaryimage"},"thumbnailUrl":"https:\/\/www.belrobotics.com\/wp-content\/uploads\/2019\/01\/belrobotics-HD_30.jpg","datePublished":"2019-04-12T12:40:52+00:00","dateModified":"2023-07-06T07:54:28+00:00","breadcrumb":{"@id":"https:\/\/www.belrobotics.com\/fi\/puistot-ja-puutarhat\/#breadcrumb"},"inLanguage":"fi","potentialAction":[{"@type":"ReadAction","target":["https:\/\/www.belrobotics.com\/fi\/puistot-ja-puutarhat\/"]}]},{"@type":"ImageObject","inLanguage":"fi","@id":"https:\/\/www.belrobotics.com\/fi\/puistot-ja-puutarhat\/#primaryimage","url":"https:\/\/www.belrobotics.com\/wp-content\/uploads\/2019\/01\/belrobotics-HD_30.jpg","contentUrl":"https:\/\/www.belrobotics.com\/wp-content\/uploads\/2019\/01\/belrobotics-HD_30.jpg","width":4000,"height":2668},{"@type":"BreadcrumbList","@id":"https:\/\/www.belrobotics.com\/fi\/puistot-ja-puutarhat\/#breadcrumb","itemListElement":[{"@type":"ListItem","position":1,"name":"Home","item":"https:\/\/www.belrobotics.com\/fi\/"},{"@type":"ListItem","position":2,"name":"Puistot ja puutarhat"}]},{"@type":"WebSite","@id":"https:\/\/www.belrobotics.com\/fi\/#website","url":"https:\/\/www.belrobotics.com\/fi\/","name":"Belrobotics","description":"The grass masters","publisher":{"@id":"https:\/\/www.belrobotics.com\/fi\/#organization"},"potentialAction":[{"@type":"SearchAction","target":{"@type":"EntryPoint","urlTemplate":"https:\/\/www.belrobotics.com\/fi\/?s={search_term_string}"},"query-input":{"@type":"PropertyValueSpecification","valueRequired":true,"valueName":"search_term_string"}}],"inLanguage":"fi"},{"@type":"Organization","@id":"https:\/\/www.belrobotics.com\/fi\/#organization","name":"Belrobotics","url":"https:\/\/www.belrobotics.com\/fi\/","logo":{"@type":"ImageObject","inLanguage":"fi","@id":"https:\/\/www.belrobotics.com\/fi\/#\/schema\/logo\/image\/","url":"https:\/\/www.belrobotics.com\/wp-content\/uploads\/2019\/01\/logo-belrobotics.svg","contentUrl":"https:\/\/www.belrobotics.com\/wp-content\/uploads\/2019\/01\/logo-belrobotics.svg","width":100,"height":16,"caption":"Belrobotics"},"image":{"@id":"https:\/\/www.belrobotics.com\/fi\/#\/schema\/logo\/image\/"},"sameAs":["https:\/\/www.facebook.com\/belrobotics","https:\/\/www.youtube.com\/channel\/UCYgWBPRzEdXmUqLRL0JbUIw","https:\/\/www.instagram.com\/belrobotics_europe\/"]}]}},"_links":{"self":[{"href":"https:\/\/www.belrobotics.com\/fi\/wp-json\/wp\/v2\/pages\/9251","targetHints":{"allow":["GET"]}}],"collection":[{"href":"https:\/\/www.belrobotics.com\/fi\/wp-json\/wp\/v2\/pages"}],"about":[{"href":"https:\/\/www.belrobotics.com\/fi\/wp-json\/wp\/v2\/types\/page"}],"author":[{"embeddable":true,"href":"https:\/\/www.belrobotics.com\/fi\/wp-json\/wp\/v2\/users\/9"}],"replies":[{"embeddable":true,"href":"https:\/\/www.belrobotics.com\/fi\/wp-json\/wp\/v2\/comments?post=9251"}],"version-history":[{"count":1,"href":"https:\/\/www.belrobotics.com\/fi\/wp-json\/wp\/v2\/pages\/9251\/revisions"}],"predecessor-version":[{"id":25274,"href":"https:\/\/www.belrobotics.com\/fi\/wp-json\/wp\/v2\/pages\/9251\/revisions\/25274"}],"wp:featuredmedia":[{"embeddable":true,"href":"https:\/\/www.belrobotics.com\/fi\/wp-json\/wp\/v2\/media\/9190"}],"wp:attachment":[{"href":"https:\/\/www.belrobotics.com\/fi\/wp-json\/wp\/v2\/media?parent=9251"}],"curies":[{"name":"wp","href":"https:\/\/api.w.org\/{rel}","templated":true}]}}