{"id":9249,"date":"2020-03-18T16:11:08","date_gmt":"2020-03-18T15:11:08","guid":{"rendered":"https:\/\/belrobotics.andromede.digital\/robottiruohonleikkurit-bigmow-parcmow-ballpicker\/"},"modified":"2023-02-22T15:26:48","modified_gmt":"2023-02-22T14:26:48","slug":"connected-line","status":"publish","type":"page","link":"https:\/\/www.belrobotics.com\/fi\/connected-line\/","title":{"rendered":"Robottiruohonleikkurit | Bigmow, Parcmow &#038; Ballpicker"},"content":{"rendered":"<h3>Connected line: Puhdasta innovaatiota<\/h3>\n<p class=\"p1\">Connected line -robotit ovat paljon vankempia kuin aiempien sukupolvien.<br clear='none'\/>\nEritt\u00e4in luotettavat valmistusmateriaalit (rungosta py\u00f6riin ja liit\u00e4nt\u00e4osiin) suojaavat niit\u00e4 iskuilta sek\u00e4 p\u00f6lylt\u00e4 ja kosteudelta. Siten robottien odotettavissa oleva k\u00e4ytt\u00f6ik\u00e4 on eritt\u00e4in pitk\u00e4.<\/p>\n<p class=\"p1\">Tehokkaan \u00e4\u00e4nenvaimennuksen ansiosta robottiruohonleikkurit tarjoavat vakuuttavan k\u00e4ytt\u00f6kokemuksen. Leikkurien avulla nurmikkoalueet s\u00e4ilyv\u00e4t vaimeina ja ne leikataan pienempi\u00e4 nurkkia my\u00f6ten. Voit siis rentoutua ja nauttia nurmikostasi!<\/p>\n<p class=\"p1\">T\u00e4m\u00e4 tuoteperhe tarjoaa my\u00f6s helpon kunnossapidon ja ohjelmistop\u00e4ivitykset et\u00e4n\u00e4.<\/p>\n","protected":false},"excerpt":{"rendered":"<p>Connected line: Puhdasta innovaatiota Connected line -robotit ovat paljon vankempia kuin aiempien sukupolvien. Eritt\u00e4in luotettavat valmistusmateriaalit (rungosta py\u00f6riin ja liit\u00e4nt\u00e4osiin) suojaavat niit\u00e4 iskuilta sek\u00e4 p\u00f6lylt\u00e4 ja kosteudelta. Siten robottien odotettavissa oleva k\u00e4ytt\u00f6ik\u00e4 on eritt\u00e4in pitk\u00e4. Tehokkaan \u00e4\u00e4nenvaimennuksen ansiosta robottiruohonleikkurit tarjoavat vakuuttavan k\u00e4ytt\u00f6kokemuksen. Leikkurien avulla nurmikkoalueet s\u00e4ilyv\u00e4t vaimeina ja ne leikataan pienempi\u00e4 nurkkia my\u00f6ten. Voit siis [&hellip;]<\/p>\n","protected":false},"author":9,"featured_media":9179,"parent":0,"menu_order":0,"comment_status":"closed","ping_status":"closed","template":"template-archive-tondeuses.php","meta":{"_acf_changed":false,"footnotes":""},"class_list":["post-9249","page","type-page","status-publish","has-post-thumbnail","hentry"],"acf":[],"yoast_head":"<!-- This site is optimized with the Yoast SEO plugin v26.9 - https:\/\/yoast.com\/product\/yoast-seo-wordpress\/ -->\n<title>Robottiruohonleikkuri | Bigmow, Parcmow &amp; Ballpicker - Belrobotics<\/title>\n<meta name=\"description\" content=\"Tutustu Connected line -valikoimaan ja sen luotettaviin, suorituskykyisiin robotteihin sek\u00e4 kehittyneeseen et\u00e4hallintaohjelmistoon!\" \/>\n<meta name=\"robots\" content=\"index, follow, max-snippet:-1, max-image-preview:large, max-video-preview:-1\" \/>\n<link rel=\"canonical\" href=\"https:\/\/www.belrobotics.com\/fi\/connected-line\/\" \/>\n<meta property=\"og:locale\" content=\"fi_FI\" \/>\n<meta property=\"og:type\" content=\"article\" \/>\n<meta property=\"og:title\" content=\"Robottiruohonleikkuri | Bigmow, Parcmow &amp; Ballpicker - Belrobotics\" \/>\n<meta property=\"og:description\" content=\"Tutustu Connected line -valikoimaan ja sen luotettaviin, suorituskykyisiin robotteihin sek\u00e4 kehittyneeseen et\u00e4hallintaohjelmistoon!\" \/>\n<meta property=\"og:url\" content=\"https:\/\/www.belrobotics.com\/fi\/connected-line\/\" \/>\n<meta property=\"og:site_name\" content=\"Belrobotics\" \/>\n<meta property=\"article:publisher\" content=\"https:\/\/www.facebook.com\/belrobotics\" \/>\n<meta property=\"article:modified_time\" content=\"2023-02-22T14:26:48+00:00\" \/>\n<meta property=\"og:image\" content=\"https:\/\/www.belrobotics.com\/wp-content\/uploads\/2019\/04\/Golf_43327_2.jpg\" \/>\n\t<meta property=\"og:image:width\" content=\"3000\" \/>\n\t<meta property=\"og:image:height\" content=\"2249\" \/>\n\t<meta property=\"og:image:type\" content=\"image\/jpeg\" \/>\n<meta name=\"twitter:card\" content=\"summary_large_image\" \/>\n<meta name=\"twitter:label1\" content=\"Arvioitu lukuaika\" \/>\n\t<meta name=\"twitter:data1\" content=\"1 minuutti\" \/>\n<script type=\"application\/ld+json\" class=\"yoast-schema-graph\">{\"@context\":\"https:\/\/schema.org\",\"@graph\":[{\"@type\":\"WebPage\",\"@id\":\"https:\/\/www.belrobotics.com\/fi\/connected-line\/\",\"url\":\"https:\/\/www.belrobotics.com\/fi\/connected-line\/\",\"name\":\"Robottiruohonleikkuri | Bigmow, Parcmow & Ballpicker - Belrobotics\",\"isPartOf\":{\"@id\":\"https:\/\/www.belrobotics.com\/fi\/#website\"},\"primaryImageOfPage\":{\"@id\":\"https:\/\/www.belrobotics.com\/fi\/connected-line\/#primaryimage\"},\"image\":{\"@id\":\"https:\/\/www.belrobotics.com\/fi\/connected-line\/#primaryimage\"},\"thumbnailUrl\":\"https:\/\/www.belrobotics.com\/wp-content\/uploads\/2019\/04\/Golf_43327_2.jpg\",\"datePublished\":\"2020-03-18T15:11:08+00:00\",\"dateModified\":\"2023-02-22T14:26:48+00:00\",\"description\":\"Tutustu Connected line -valikoimaan ja sen luotettaviin, suorituskykyisiin robotteihin sek\u00e4 kehittyneeseen et\u00e4hallintaohjelmistoon!\",\"breadcrumb\":{\"@id\":\"https:\/\/www.belrobotics.com\/fi\/connected-line\/#breadcrumb\"},\"inLanguage\":\"fi\",\"potentialAction\":[{\"@type\":\"ReadAction\",\"target\":[\"https:\/\/www.belrobotics.com\/fi\/connected-line\/\"]}]},{\"@type\":\"ImageObject\",\"inLanguage\":\"fi\",\"@id\":\"https:\/\/www.belrobotics.com\/fi\/connected-line\/#primaryimage\",\"url\":\"https:\/\/www.belrobotics.com\/wp-content\/uploads\/2019\/04\/Golf_43327_2.jpg\",\"contentUrl\":\"https:\/\/www.belrobotics.com\/wp-content\/uploads\/2019\/04\/Golf_43327_2.jpg\",\"width\":3000,\"height\":2249},{\"@type\":\"BreadcrumbList\",\"@id\":\"https:\/\/www.belrobotics.com\/fi\/connected-line\/#breadcrumb\",\"itemListElement\":[{\"@type\":\"ListItem\",\"position\":1,\"name\":\"Home\",\"item\":\"https:\/\/www.belrobotics.com\/fi\/\"},{\"@type\":\"ListItem\",\"position\":2,\"name\":\"Robottiruohonleikkurit | Bigmow, Parcmow &#038; Ballpicker\"}]},{\"@type\":\"WebSite\",\"@id\":\"https:\/\/www.belrobotics.com\/fi\/#website\",\"url\":\"https:\/\/www.belrobotics.com\/fi\/\",\"name\":\"Belrobotics\",\"description\":\"The grass masters\",\"publisher\":{\"@id\":\"https:\/\/www.belrobotics.com\/fi\/#organization\"},\"potentialAction\":[{\"@type\":\"SearchAction\",\"target\":{\"@type\":\"EntryPoint\",\"urlTemplate\":\"https:\/\/www.belrobotics.com\/fi\/?s={search_term_string}\"},\"query-input\":{\"@type\":\"PropertyValueSpecification\",\"valueRequired\":true,\"valueName\":\"search_term_string\"}}],\"inLanguage\":\"fi\"},{\"@type\":\"Organization\",\"@id\":\"https:\/\/www.belrobotics.com\/fi\/#organization\",\"name\":\"Belrobotics\",\"url\":\"https:\/\/www.belrobotics.com\/fi\/\",\"logo\":{\"@type\":\"ImageObject\",\"inLanguage\":\"fi\",\"@id\":\"https:\/\/www.belrobotics.com\/fi\/#\/schema\/logo\/image\/\",\"url\":\"https:\/\/www.belrobotics.com\/wp-content\/uploads\/2019\/01\/logo-belrobotics.svg\",\"contentUrl\":\"https:\/\/www.belrobotics.com\/wp-content\/uploads\/2019\/01\/logo-belrobotics.svg\",\"width\":100,\"height\":16,\"caption\":\"Belrobotics\"},\"image\":{\"@id\":\"https:\/\/www.belrobotics.com\/fi\/#\/schema\/logo\/image\/\"},\"sameAs\":[\"https:\/\/www.facebook.com\/belrobotics\",\"https:\/\/www.youtube.com\/channel\/UCYgWBPRzEdXmUqLRL0JbUIw\",\"https:\/\/www.instagram.com\/belrobotics_europe\/\"]}]}<\/script>\n<!-- \/ Yoast SEO plugin. -->","yoast_head_json":{"title":"Robottiruohonleikkuri | Bigmow, Parcmow & Ballpicker - Belrobotics","description":"Tutustu Connected line -valikoimaan ja sen luotettaviin, suorituskykyisiin robotteihin sek\u00e4 kehittyneeseen et\u00e4hallintaohjelmistoon!","robots":{"index":"index","follow":"follow","max-snippet":"max-snippet:-1","max-image-preview":"max-image-preview:large","max-video-preview":"max-video-preview:-1"},"canonical":"https:\/\/www.belrobotics.com\/fi\/connected-line\/","og_locale":"fi_FI","og_type":"article","og_title":"Robottiruohonleikkuri | Bigmow, Parcmow & Ballpicker - Belrobotics","og_description":"Tutustu Connected line -valikoimaan ja sen luotettaviin, suorituskykyisiin robotteihin sek\u00e4 kehittyneeseen et\u00e4hallintaohjelmistoon!","og_url":"https:\/\/www.belrobotics.com\/fi\/connected-line\/","og_site_name":"Belrobotics","article_publisher":"https:\/\/www.facebook.com\/belrobotics","article_modified_time":"2023-02-22T14:26:48+00:00","og_image":[{"width":3000,"height":2249,"url":"https:\/\/www.belrobotics.com\/wp-content\/uploads\/2019\/04\/Golf_43327_2.jpg","type":"image\/jpeg"}],"twitter_card":"summary_large_image","twitter_misc":{"Arvioitu lukuaika":"1 minuutti"},"schema":{"@context":"https:\/\/schema.org","@graph":[{"@type":"WebPage","@id":"https:\/\/www.belrobotics.com\/fi\/connected-line\/","url":"https:\/\/www.belrobotics.com\/fi\/connected-line\/","name":"Robottiruohonleikkuri | Bigmow, Parcmow & Ballpicker - Belrobotics","isPartOf":{"@id":"https:\/\/www.belrobotics.com\/fi\/#website"},"primaryImageOfPage":{"@id":"https:\/\/www.belrobotics.com\/fi\/connected-line\/#primaryimage"},"image":{"@id":"https:\/\/www.belrobotics.com\/fi\/connected-line\/#primaryimage"},"thumbnailUrl":"https:\/\/www.belrobotics.com\/wp-content\/uploads\/2019\/04\/Golf_43327_2.jpg","datePublished":"2020-03-18T15:11:08+00:00","dateModified":"2023-02-22T14:26:48+00:00","description":"Tutustu Connected line -valikoimaan ja sen luotettaviin, suorituskykyisiin robotteihin sek\u00e4 kehittyneeseen et\u00e4hallintaohjelmistoon!","breadcrumb":{"@id":"https:\/\/www.belrobotics.com\/fi\/connected-line\/#breadcrumb"},"inLanguage":"fi","potentialAction":[{"@type":"ReadAction","target":["https:\/\/www.belrobotics.com\/fi\/connected-line\/"]}]},{"@type":"ImageObject","inLanguage":"fi","@id":"https:\/\/www.belrobotics.com\/fi\/connected-line\/#primaryimage","url":"https:\/\/www.belrobotics.com\/wp-content\/uploads\/2019\/04\/Golf_43327_2.jpg","contentUrl":"https:\/\/www.belrobotics.com\/wp-content\/uploads\/2019\/04\/Golf_43327_2.jpg","width":3000,"height":2249},{"@type":"BreadcrumbList","@id":"https:\/\/www.belrobotics.com\/fi\/connected-line\/#breadcrumb","itemListElement":[{"@type":"ListItem","position":1,"name":"Home","item":"https:\/\/www.belrobotics.com\/fi\/"},{"@type":"ListItem","position":2,"name":"Robottiruohonleikkurit | Bigmow, Parcmow &#038; Ballpicker"}]},{"@type":"WebSite","@id":"https:\/\/www.belrobotics.com\/fi\/#website","url":"https:\/\/www.belrobotics.com\/fi\/","name":"Belrobotics","description":"The grass masters","publisher":{"@id":"https:\/\/www.belrobotics.com\/fi\/#organization"},"potentialAction":[{"@type":"SearchAction","target":{"@type":"EntryPoint","urlTemplate":"https:\/\/www.belrobotics.com\/fi\/?s={search_term_string}"},"query-input":{"@type":"PropertyValueSpecification","valueRequired":true,"valueName":"search_term_string"}}],"inLanguage":"fi"},{"@type":"Organization","@id":"https:\/\/www.belrobotics.com\/fi\/#organization","name":"Belrobotics","url":"https:\/\/www.belrobotics.com\/fi\/","logo":{"@type":"ImageObject","inLanguage":"fi","@id":"https:\/\/www.belrobotics.com\/fi\/#\/schema\/logo\/image\/","url":"https:\/\/www.belrobotics.com\/wp-content\/uploads\/2019\/01\/logo-belrobotics.svg","contentUrl":"https:\/\/www.belrobotics.com\/wp-content\/uploads\/2019\/01\/logo-belrobotics.svg","width":100,"height":16,"caption":"Belrobotics"},"image":{"@id":"https:\/\/www.belrobotics.com\/fi\/#\/schema\/logo\/image\/"},"sameAs":["https:\/\/www.facebook.com\/belrobotics","https:\/\/www.youtube.com\/channel\/UCYgWBPRzEdXmUqLRL0JbUIw","https:\/\/www.instagram.com\/belrobotics_europe\/"]}]}},"_links":{"self":[{"href":"https:\/\/www.belrobotics.com\/fi\/wp-json\/wp\/v2\/pages\/9249","targetHints":{"allow":["GET"]}}],"collection":[{"href":"https:\/\/www.belrobotics.com\/fi\/wp-json\/wp\/v2\/pages"}],"about":[{"href":"https:\/\/www.belrobotics.com\/fi\/wp-json\/wp\/v2\/types\/page"}],"author":[{"embeddable":true,"href":"https:\/\/www.belrobotics.com\/fi\/wp-json\/wp\/v2\/users\/9"}],"replies":[{"embeddable":true,"href":"https:\/\/www.belrobotics.com\/fi\/wp-json\/wp\/v2\/comments?post=9249"}],"version-history":[{"count":3,"href":"https:\/\/www.belrobotics.com\/fi\/wp-json\/wp\/v2\/pages\/9249\/revisions"}],"predecessor-version":[{"id":21892,"href":"https:\/\/www.belrobotics.com\/fi\/wp-json\/wp\/v2\/pages\/9249\/revisions\/21892"}],"wp:featuredmedia":[{"embeddable":true,"href":"https:\/\/www.belrobotics.com\/fi\/wp-json\/wp\/v2\/media\/9179"}],"wp:attachment":[{"href":"https:\/\/www.belrobotics.com\/fi\/wp-json\/wp\/v2\/media?parent=9249"}],"curies":[{"name":"wp","href":"https:\/\/api.w.org\/{rel}","templated":true}]}}