{"id":42088,"date":"2025-08-12T10:16:31","date_gmt":"2025-08-12T09:16:31","guid":{"rendered":"https:\/\/www.belrobotics.com\/wisecut-hauteur-tonte-automatique\/"},"modified":"2025-08-13T15:58:23","modified_gmt":"2025-08-13T14:58:23","slug":"wisecut-automaattinen-leikkuukorkeus","status":"publish","type":"page","link":"https:\/\/www.belrobotics.com\/fi\/wisecut-automaattinen-leikkuukorkeus\/","title":{"rendered":"Wisecut: mukautuu t\u00e4ydellisesti golfkent\u00e4n kaikkiin osiin"},"content":{"rendered":"<h2 class=\"h3\">Automaattinen korkeuss\u00e4\u00e4t\u00f6 ja leikkuutapa<\/h2>\n<p class=\"p1\">Uusi Wisecut-teknologia on er\u00e4s GPS-RTK-robottiruohonleikkurien ainutlaatuisen ohjelmistop\u00e4ivityksen uusista ominaisuuksista. Leikkuukorkeus ja leikkuutapa (nauhat, spiraali) mukautuvat automaattisesti kent\u00e4n eri osien mukaan m\u00e4\u00e4ritystesi mukaisesti. T\u00e4ydellinen tulos ilman mit\u00e4\u00e4n manuaalista s\u00e4\u00e4t\u00f6\u00e4.<\/p>\n<h2 class=\"h3\">Ylivertaiset ja houkuttelevat tulokset<\/h2>\n<p class=\"p1\">Wisecutin avulla jokainen alue saa ihanteellisen k\u00e4sittelyn sen k\u00e4ytt\u00f6tavan. Urheilukent\u00e4t, puistot ja laajat avoimet viheralueet saavat t\u00e4ydellisen leikkauksen. Golfkentill\u00e4 jokainen pelialue \u2013 tiiauspaikat, v\u00e4yl\u00e4t, semiraffit ja esiviheri\u00f6t \u2013 hy\u00f6tyv\u00e4t t\u00e4ysin mukautuvasta ja automatisoidusta leikkuusta. N\u00e4in varmistetaan ammattimainen ja upea tulos.<\/p>\n","protected":false},"excerpt":{"rendered":"<p>Automaattinen korkeuss\u00e4\u00e4t\u00f6 ja leikkuutapa Uusi Wisecut-teknologia on er\u00e4s GPS-RTK-robottiruohonleikkurien ainutlaatuisen ohjelmistop\u00e4ivityksen uusista ominaisuuksista. Leikkuukorkeus ja leikkuutapa (nauhat, spiraali) mukautuvat automaattisesti kent\u00e4n eri osien mukaan m\u00e4\u00e4ritystesi mukaisesti. T\u00e4ydellinen tulos ilman mit\u00e4\u00e4n manuaalista s\u00e4\u00e4t\u00f6\u00e4. Ylivertaiset ja houkuttelevat tulokset Wisecutin avulla jokainen alue saa ihanteellisen k\u00e4sittelyn sen k\u00e4ytt\u00f6tavan. Urheilukent\u00e4t, puistot ja laajat avoimet viheralueet saavat t\u00e4ydellisen leikkauksen. Golfkentill\u00e4 [&hellip;]<\/p>\n","protected":false},"author":9,"featured_media":42010,"parent":0,"menu_order":0,"comment_status":"closed","ping_status":"closed","template":"wisecut.php","meta":{"_acf_changed":false,"footnotes":""},"class_list":["post-42088","page","type-page","status-publish","has-post-thumbnail","hentry"],"acf":[],"yoast_head":"<!-- This site is optimized with the Yoast SEO plugin v26.9 - https:\/\/yoast.com\/product\/yoast-seo-wordpress\/ -->\n<title>Wisecut: mukautuu t\u00e4ydellisesti golfkent\u00e4n kaikkiin osiin - Belrobotics<\/title>\n<meta name=\"description\" content=\"Tutustu Wisecutiin: leikkuukorkeus ja leikkuukuvio s\u00e4\u00e4tyv\u00e4t automaattisesti viheri\u00f6iden, teiden ja v\u00e4ylien mukaan. Moitteettomat tulokset, ei lainkaan manuaalisia s\u00e4\u00e4t\u00f6j\u00e4.\" \/>\n<meta name=\"robots\" content=\"index, follow, max-snippet:-1, max-image-preview:large, max-video-preview:-1\" \/>\n<link rel=\"canonical\" href=\"https:\/\/www.belrobotics.com\/fi\/wisecut-automaattinen-leikkuukorkeus\/\" \/>\n<meta property=\"og:locale\" content=\"fi_FI\" \/>\n<meta property=\"og:type\" content=\"article\" \/>\n<meta property=\"og:title\" content=\"Wisecut: mukautuu t\u00e4ydellisesti golfkent\u00e4n kaikkiin osiin - Belrobotics\" \/>\n<meta property=\"og:description\" content=\"Tutustu Wisecutiin: leikkuukorkeus ja leikkuukuvio s\u00e4\u00e4tyv\u00e4t automaattisesti viheri\u00f6iden, teiden ja v\u00e4ylien mukaan. Moitteettomat tulokset, ei lainkaan manuaalisia s\u00e4\u00e4t\u00f6j\u00e4.\" \/>\n<meta property=\"og:url\" content=\"https:\/\/www.belrobotics.com\/fi\/wisecut-automaattinen-leikkuukorkeus\/\" \/>\n<meta property=\"og:site_name\" content=\"Belrobotics\" \/>\n<meta property=\"article:publisher\" content=\"https:\/\/www.facebook.com\/belrobotics\" \/>\n<meta property=\"article:modified_time\" content=\"2025-08-13T14:58:23+00:00\" \/>\n<meta property=\"og:image\" content=\"https:\/\/www.belrobotics.com\/wp-content\/uploads\/2025\/08\/wisecut_page_hero.webp\" \/>\n\t<meta property=\"og:image:width\" content=\"1300\" \/>\n\t<meta property=\"og:image:height\" content=\"1079\" \/>\n\t<meta property=\"og:image:type\" content=\"image\/webp\" \/>\n<meta name=\"twitter:card\" content=\"summary_large_image\" \/>\n<meta name=\"twitter:label1\" content=\"Arvioitu lukuaika\" \/>\n\t<meta name=\"twitter:data1\" content=\"5 minuuttia\" \/>\n<script type=\"application\/ld+json\" class=\"yoast-schema-graph\">{\"@context\":\"https:\/\/schema.org\",\"@graph\":[{\"@type\":\"WebPage\",\"@id\":\"https:\/\/www.belrobotics.com\/fi\/wisecut-automaattinen-leikkuukorkeus\/\",\"url\":\"https:\/\/www.belrobotics.com\/fi\/wisecut-automaattinen-leikkuukorkeus\/\",\"name\":\"Wisecut: mukautuu t\u00e4ydellisesti golfkent\u00e4n kaikkiin osiin - Belrobotics\",\"isPartOf\":{\"@id\":\"https:\/\/www.belrobotics.com\/fi\/#website\"},\"primaryImageOfPage\":{\"@id\":\"https:\/\/www.belrobotics.com\/fi\/wisecut-automaattinen-leikkuukorkeus\/#primaryimage\"},\"image\":{\"@id\":\"https:\/\/www.belrobotics.com\/fi\/wisecut-automaattinen-leikkuukorkeus\/#primaryimage\"},\"thumbnailUrl\":\"https:\/\/www.belrobotics.com\/wp-content\/uploads\/2025\/08\/wisecut_page_hero.webp\",\"datePublished\":\"2025-08-12T09:16:31+00:00\",\"dateModified\":\"2025-08-13T14:58:23+00:00\",\"description\":\"Tutustu Wisecutiin: leikkuukorkeus ja leikkuukuvio s\u00e4\u00e4tyv\u00e4t automaattisesti viheri\u00f6iden, teiden ja v\u00e4ylien mukaan. Moitteettomat tulokset, ei lainkaan manuaalisia s\u00e4\u00e4t\u00f6j\u00e4.\",\"breadcrumb\":{\"@id\":\"https:\/\/www.belrobotics.com\/fi\/wisecut-automaattinen-leikkuukorkeus\/#breadcrumb\"},\"inLanguage\":\"fi\",\"potentialAction\":[{\"@type\":\"ReadAction\",\"target\":[\"https:\/\/www.belrobotics.com\/fi\/wisecut-automaattinen-leikkuukorkeus\/\"]}]},{\"@type\":\"ImageObject\",\"inLanguage\":\"fi\",\"@id\":\"https:\/\/www.belrobotics.com\/fi\/wisecut-automaattinen-leikkuukorkeus\/#primaryimage\",\"url\":\"https:\/\/www.belrobotics.com\/wp-content\/uploads\/2025\/08\/wisecut_page_hero.webp\",\"contentUrl\":\"https:\/\/www.belrobotics.com\/wp-content\/uploads\/2025\/08\/wisecut_page_hero.webp\",\"width\":1300,\"height\":1079},{\"@type\":\"BreadcrumbList\",\"@id\":\"https:\/\/www.belrobotics.com\/fi\/wisecut-automaattinen-leikkuukorkeus\/#breadcrumb\",\"itemListElement\":[{\"@type\":\"ListItem\",\"position\":1,\"name\":\"Home\",\"item\":\"https:\/\/www.belrobotics.com\/fi\/\"},{\"@type\":\"ListItem\",\"position\":2,\"name\":\"Wisecut: mukautuu t\u00e4ydellisesti golfkent\u00e4n kaikkiin osiin\"}]},{\"@type\":\"WebSite\",\"@id\":\"https:\/\/www.belrobotics.com\/fi\/#website\",\"url\":\"https:\/\/www.belrobotics.com\/fi\/\",\"name\":\"Belrobotics\",\"description\":\"The grass masters\",\"publisher\":{\"@id\":\"https:\/\/www.belrobotics.com\/fi\/#organization\"},\"potentialAction\":[{\"@type\":\"SearchAction\",\"target\":{\"@type\":\"EntryPoint\",\"urlTemplate\":\"https:\/\/www.belrobotics.com\/fi\/?s={search_term_string}\"},\"query-input\":{\"@type\":\"PropertyValueSpecification\",\"valueRequired\":true,\"valueName\":\"search_term_string\"}}],\"inLanguage\":\"fi\"},{\"@type\":\"Organization\",\"@id\":\"https:\/\/www.belrobotics.com\/fi\/#organization\",\"name\":\"Belrobotics\",\"url\":\"https:\/\/www.belrobotics.com\/fi\/\",\"logo\":{\"@type\":\"ImageObject\",\"inLanguage\":\"fi\",\"@id\":\"https:\/\/www.belrobotics.com\/fi\/#\/schema\/logo\/image\/\",\"url\":\"https:\/\/www.belrobotics.com\/wp-content\/uploads\/2019\/01\/logo-belrobotics.svg\",\"contentUrl\":\"https:\/\/www.belrobotics.com\/wp-content\/uploads\/2019\/01\/logo-belrobotics.svg\",\"width\":100,\"height\":16,\"caption\":\"Belrobotics\"},\"image\":{\"@id\":\"https:\/\/www.belrobotics.com\/fi\/#\/schema\/logo\/image\/\"},\"sameAs\":[\"https:\/\/www.facebook.com\/belrobotics\",\"https:\/\/www.youtube.com\/channel\/UCYgWBPRzEdXmUqLRL0JbUIw\",\"https:\/\/www.instagram.com\/belrobotics_europe\/\"]}]}<\/script>\n<!-- \/ Yoast SEO plugin. -->","yoast_head_json":{"title":"Wisecut: mukautuu t\u00e4ydellisesti golfkent\u00e4n kaikkiin osiin - Belrobotics","description":"Tutustu Wisecutiin: leikkuukorkeus ja leikkuukuvio s\u00e4\u00e4tyv\u00e4t automaattisesti viheri\u00f6iden, teiden ja v\u00e4ylien mukaan. Moitteettomat tulokset, ei lainkaan manuaalisia s\u00e4\u00e4t\u00f6j\u00e4.","robots":{"index":"index","follow":"follow","max-snippet":"max-snippet:-1","max-image-preview":"max-image-preview:large","max-video-preview":"max-video-preview:-1"},"canonical":"https:\/\/www.belrobotics.com\/fi\/wisecut-automaattinen-leikkuukorkeus\/","og_locale":"fi_FI","og_type":"article","og_title":"Wisecut: mukautuu t\u00e4ydellisesti golfkent\u00e4n kaikkiin osiin - Belrobotics","og_description":"Tutustu Wisecutiin: leikkuukorkeus ja leikkuukuvio s\u00e4\u00e4tyv\u00e4t automaattisesti viheri\u00f6iden, teiden ja v\u00e4ylien mukaan. Moitteettomat tulokset, ei lainkaan manuaalisia s\u00e4\u00e4t\u00f6j\u00e4.","og_url":"https:\/\/www.belrobotics.com\/fi\/wisecut-automaattinen-leikkuukorkeus\/","og_site_name":"Belrobotics","article_publisher":"https:\/\/www.facebook.com\/belrobotics","article_modified_time":"2025-08-13T14:58:23+00:00","og_image":[{"width":1300,"height":1079,"url":"https:\/\/www.belrobotics.com\/wp-content\/uploads\/2025\/08\/wisecut_page_hero.webp","type":"image\/webp"}],"twitter_card":"summary_large_image","twitter_misc":{"Arvioitu lukuaika":"5 minuuttia"},"schema":{"@context":"https:\/\/schema.org","@graph":[{"@type":"WebPage","@id":"https:\/\/www.belrobotics.com\/fi\/wisecut-automaattinen-leikkuukorkeus\/","url":"https:\/\/www.belrobotics.com\/fi\/wisecut-automaattinen-leikkuukorkeus\/","name":"Wisecut: mukautuu t\u00e4ydellisesti golfkent\u00e4n kaikkiin osiin - Belrobotics","isPartOf":{"@id":"https:\/\/www.belrobotics.com\/fi\/#website"},"primaryImageOfPage":{"@id":"https:\/\/www.belrobotics.com\/fi\/wisecut-automaattinen-leikkuukorkeus\/#primaryimage"},"image":{"@id":"https:\/\/www.belrobotics.com\/fi\/wisecut-automaattinen-leikkuukorkeus\/#primaryimage"},"thumbnailUrl":"https:\/\/www.belrobotics.com\/wp-content\/uploads\/2025\/08\/wisecut_page_hero.webp","datePublished":"2025-08-12T09:16:31+00:00","dateModified":"2025-08-13T14:58:23+00:00","description":"Tutustu Wisecutiin: leikkuukorkeus ja leikkuukuvio s\u00e4\u00e4tyv\u00e4t automaattisesti viheri\u00f6iden, teiden ja v\u00e4ylien mukaan. Moitteettomat tulokset, ei lainkaan manuaalisia s\u00e4\u00e4t\u00f6j\u00e4.","breadcrumb":{"@id":"https:\/\/www.belrobotics.com\/fi\/wisecut-automaattinen-leikkuukorkeus\/#breadcrumb"},"inLanguage":"fi","potentialAction":[{"@type":"ReadAction","target":["https:\/\/www.belrobotics.com\/fi\/wisecut-automaattinen-leikkuukorkeus\/"]}]},{"@type":"ImageObject","inLanguage":"fi","@id":"https:\/\/www.belrobotics.com\/fi\/wisecut-automaattinen-leikkuukorkeus\/#primaryimage","url":"https:\/\/www.belrobotics.com\/wp-content\/uploads\/2025\/08\/wisecut_page_hero.webp","contentUrl":"https:\/\/www.belrobotics.com\/wp-content\/uploads\/2025\/08\/wisecut_page_hero.webp","width":1300,"height":1079},{"@type":"BreadcrumbList","@id":"https:\/\/www.belrobotics.com\/fi\/wisecut-automaattinen-leikkuukorkeus\/#breadcrumb","itemListElement":[{"@type":"ListItem","position":1,"name":"Home","item":"https:\/\/www.belrobotics.com\/fi\/"},{"@type":"ListItem","position":2,"name":"Wisecut: mukautuu t\u00e4ydellisesti golfkent\u00e4n kaikkiin osiin"}]},{"@type":"WebSite","@id":"https:\/\/www.belrobotics.com\/fi\/#website","url":"https:\/\/www.belrobotics.com\/fi\/","name":"Belrobotics","description":"The grass masters","publisher":{"@id":"https:\/\/www.belrobotics.com\/fi\/#organization"},"potentialAction":[{"@type":"SearchAction","target":{"@type":"EntryPoint","urlTemplate":"https:\/\/www.belrobotics.com\/fi\/?s={search_term_string}"},"query-input":{"@type":"PropertyValueSpecification","valueRequired":true,"valueName":"search_term_string"}}],"inLanguage":"fi"},{"@type":"Organization","@id":"https:\/\/www.belrobotics.com\/fi\/#organization","name":"Belrobotics","url":"https:\/\/www.belrobotics.com\/fi\/","logo":{"@type":"ImageObject","inLanguage":"fi","@id":"https:\/\/www.belrobotics.com\/fi\/#\/schema\/logo\/image\/","url":"https:\/\/www.belrobotics.com\/wp-content\/uploads\/2019\/01\/logo-belrobotics.svg","contentUrl":"https:\/\/www.belrobotics.com\/wp-content\/uploads\/2019\/01\/logo-belrobotics.svg","width":100,"height":16,"caption":"Belrobotics"},"image":{"@id":"https:\/\/www.belrobotics.com\/fi\/#\/schema\/logo\/image\/"},"sameAs":["https:\/\/www.facebook.com\/belrobotics","https:\/\/www.youtube.com\/channel\/UCYgWBPRzEdXmUqLRL0JbUIw","https:\/\/www.instagram.com\/belrobotics_europe\/"]}]}},"_links":{"self":[{"href":"https:\/\/www.belrobotics.com\/fi\/wp-json\/wp\/v2\/pages\/42088","targetHints":{"allow":["GET"]}}],"collection":[{"href":"https:\/\/www.belrobotics.com\/fi\/wp-json\/wp\/v2\/pages"}],"about":[{"href":"https:\/\/www.belrobotics.com\/fi\/wp-json\/wp\/v2\/types\/page"}],"author":[{"embeddable":true,"href":"https:\/\/www.belrobotics.com\/fi\/wp-json\/wp\/v2\/users\/9"}],"replies":[{"embeddable":true,"href":"https:\/\/www.belrobotics.com\/fi\/wp-json\/wp\/v2\/comments?post=42088"}],"version-history":[{"count":3,"href":"https:\/\/www.belrobotics.com\/fi\/wp-json\/wp\/v2\/pages\/42088\/revisions"}],"predecessor-version":[{"id":42279,"href":"https:\/\/www.belrobotics.com\/fi\/wp-json\/wp\/v2\/pages\/42088\/revisions\/42279"}],"wp:featuredmedia":[{"embeddable":true,"href":"https:\/\/www.belrobotics.com\/fi\/wp-json\/wp\/v2\/media\/42010"}],"wp:attachment":[{"href":"https:\/\/www.belrobotics.com\/fi\/wp-json\/wp\/v2\/media?parent=42088"}],"curies":[{"name":"wp","href":"https:\/\/api.w.org\/{rel}","templated":true}]}}