{"id":22003,"date":"2023-02-28T11:38:28","date_gmt":"2023-02-28T10:38:28","guid":{"rendered":"https:\/\/belrobotics.andromede.digital\/robotic-mowers\/"},"modified":"2023-02-28T16:06:27","modified_gmt":"2023-02-28T15:06:27","slug":"robottiruohonleikkurit","status":"publish","type":"page","link":"https:\/\/www.belrobotics.com\/fi\/robottiruohonleikkurit\/","title":{"rendered":"Robottiruohonleikkurit"},"content":{"rendered":"<h3>Tervetuloa uuteen aikakauteen!<\/h3>\n<p>Me Belroboticsilla uskomme, ett\u00e4 innovaatiot ja uudet teknologiat ovat tulevaisuuden perusta. T\u00e4m\u00e4n johdosta pyrimme jatkuvaan innovointiin ja suunnittelemaan innovatiivisimmat robotit ruohonleikkuuseen ja pallojen keruuseen.<\/p>\n<p>Luotettavat, ymp\u00e4rist\u00f6yst\u00e4v\u00e4lliset ja taloudelliset robottimme tarjoavat mielenrauhaa viheralueiden kunnossapitoon, olitpa sitten yksityishenkil\u00f6 tai ammattilainen. Robotit voivat tosiasiassa hoitaa hyvin suuria aloja (useita jalkapallokentti\u00e4) samalla kun ne ovat tehokkaita my\u00f6s pienill\u00e4 aloilla.<\/p>\n<p>Olemme kehitt\u00e4neet kaksi tuoteperhett\u00e4 erilaisiin tarpeisiin: \u201c<a href=\"https:\/\/www.belrobotics.com\/fi\/connected-line\/\">Connected line<\/a>\u201d ja \u201c<a href=\"https:\/\/www.belrobotics.com\/fi\/gps-rtk\/\">GPS RTK<\/a>\u201d.<\/p>\n","protected":false},"excerpt":{"rendered":"<p>Tervetuloa uuteen aikakauteen! Me Belroboticsilla uskomme, ett\u00e4 innovaatiot ja uudet teknologiat ovat tulevaisuuden perusta. T\u00e4m\u00e4n johdosta pyrimme jatkuvaan innovointiin ja suunnittelemaan innovatiivisimmat robotit ruohonleikkuuseen ja pallojen keruuseen. Luotettavat, ymp\u00e4rist\u00f6yst\u00e4v\u00e4lliset ja taloudelliset robottimme tarjoavat mielenrauhaa viheralueiden kunnossapitoon, olitpa sitten yksityishenkil\u00f6 tai ammattilainen. Robotit voivat tosiasiassa hoitaa hyvin suuria aloja (useita jalkapallokentti\u00e4) samalla kun ne ovat tehokkaita [&hellip;]<\/p>\n","protected":false},"author":9,"featured_media":21925,"parent":0,"menu_order":0,"comment_status":"closed","ping_status":"closed","template":"template-tondeuses-robots.php","meta":{"_acf_changed":false,"footnotes":""},"class_list":["post-22003","page","type-page","status-publish","has-post-thumbnail","hentry"],"acf":[],"yoast_head":"<!-- This site is optimized with the Yoast SEO plugin v26.9 - https:\/\/yoast.com\/product\/yoast-seo-wordpress\/ -->\n<title>Robottiruohonleikkurit - Belrobotics<\/title>\n<meta name=\"robots\" content=\"index, follow, max-snippet:-1, max-image-preview:large, max-video-preview:-1\" \/>\n<link rel=\"canonical\" href=\"https:\/\/www.belrobotics.com\/fi\/robottiruohonleikkurit\/\" \/>\n<meta property=\"og:locale\" content=\"fi_FI\" \/>\n<meta property=\"og:type\" content=\"article\" \/>\n<meta property=\"og:title\" content=\"Robottiruohonleikkurit - Belrobotics\" \/>\n<meta property=\"og:description\" content=\"Tervetuloa uuteen aikakauteen! Me Belroboticsilla uskomme, ett\u00e4 innovaatiot ja uudet teknologiat ovat tulevaisuuden perusta. T\u00e4m\u00e4n johdosta pyrimme jatkuvaan innovointiin ja suunnittelemaan innovatiivisimmat robotit ruohonleikkuuseen ja pallojen keruuseen. Luotettavat, ymp\u00e4rist\u00f6yst\u00e4v\u00e4lliset ja taloudelliset robottimme tarjoavat mielenrauhaa viheralueiden kunnossapitoon, olitpa sitten yksityishenkil\u00f6 tai ammattilainen. Robotit voivat tosiasiassa hoitaa hyvin suuria aloja (useita jalkapallokentti\u00e4) samalla kun ne ovat tehokkaita [&hellip;]\" \/>\n<meta property=\"og:url\" content=\"https:\/\/www.belrobotics.com\/fi\/robottiruohonleikkurit\/\" \/>\n<meta property=\"og:site_name\" content=\"Belrobotics\" \/>\n<meta property=\"article:publisher\" content=\"https:\/\/www.facebook.com\/belrobotics\" \/>\n<meta property=\"article:modified_time\" content=\"2023-02-28T15:06:27+00:00\" \/>\n<meta property=\"og:image\" content=\"https:\/\/www.belrobotics.com\/wp-content\/uploads\/2023\/02\/robot-mowers.webp\" \/>\n\t<meta property=\"og:image:width\" content=\"1920\" \/>\n\t<meta property=\"og:image:height\" content=\"994\" \/>\n\t<meta property=\"og:image:type\" content=\"image\/webp\" \/>\n<meta name=\"twitter:card\" content=\"summary_large_image\" \/>\n<script type=\"application\/ld+json\" class=\"yoast-schema-graph\">{\"@context\":\"https:\/\/schema.org\",\"@graph\":[{\"@type\":\"WebPage\",\"@id\":\"https:\/\/www.belrobotics.com\/fi\/robottiruohonleikkurit\/\",\"url\":\"https:\/\/www.belrobotics.com\/fi\/robottiruohonleikkurit\/\",\"name\":\"Robottiruohonleikkurit - Belrobotics\",\"isPartOf\":{\"@id\":\"https:\/\/www.belrobotics.com\/fi\/#website\"},\"primaryImageOfPage\":{\"@id\":\"https:\/\/www.belrobotics.com\/fi\/robottiruohonleikkurit\/#primaryimage\"},\"image\":{\"@id\":\"https:\/\/www.belrobotics.com\/fi\/robottiruohonleikkurit\/#primaryimage\"},\"thumbnailUrl\":\"https:\/\/www.belrobotics.com\/wp-content\/uploads\/2023\/02\/robot-mowers.webp\",\"datePublished\":\"2023-02-28T10:38:28+00:00\",\"dateModified\":\"2023-02-28T15:06:27+00:00\",\"breadcrumb\":{\"@id\":\"https:\/\/www.belrobotics.com\/fi\/robottiruohonleikkurit\/#breadcrumb\"},\"inLanguage\":\"fi\",\"potentialAction\":[{\"@type\":\"ReadAction\",\"target\":[\"https:\/\/www.belrobotics.com\/fi\/robottiruohonleikkurit\/\"]}]},{\"@type\":\"ImageObject\",\"inLanguage\":\"fi\",\"@id\":\"https:\/\/www.belrobotics.com\/fi\/robottiruohonleikkurit\/#primaryimage\",\"url\":\"https:\/\/www.belrobotics.com\/wp-content\/uploads\/2023\/02\/robot-mowers.webp\",\"contentUrl\":\"https:\/\/www.belrobotics.com\/wp-content\/uploads\/2023\/02\/robot-mowers.webp\",\"width\":1920,\"height\":994},{\"@type\":\"BreadcrumbList\",\"@id\":\"https:\/\/www.belrobotics.com\/fi\/robottiruohonleikkurit\/#breadcrumb\",\"itemListElement\":[{\"@type\":\"ListItem\",\"position\":1,\"name\":\"Home\",\"item\":\"https:\/\/www.belrobotics.com\/fi\/\"},{\"@type\":\"ListItem\",\"position\":2,\"name\":\"Robottiruohonleikkurit\"}]},{\"@type\":\"WebSite\",\"@id\":\"https:\/\/www.belrobotics.com\/fi\/#website\",\"url\":\"https:\/\/www.belrobotics.com\/fi\/\",\"name\":\"Belrobotics\",\"description\":\"The grass masters\",\"publisher\":{\"@id\":\"https:\/\/www.belrobotics.com\/fi\/#organization\"},\"potentialAction\":[{\"@type\":\"SearchAction\",\"target\":{\"@type\":\"EntryPoint\",\"urlTemplate\":\"https:\/\/www.belrobotics.com\/fi\/?s={search_term_string}\"},\"query-input\":{\"@type\":\"PropertyValueSpecification\",\"valueRequired\":true,\"valueName\":\"search_term_string\"}}],\"inLanguage\":\"fi\"},{\"@type\":\"Organization\",\"@id\":\"https:\/\/www.belrobotics.com\/fi\/#organization\",\"name\":\"Belrobotics\",\"url\":\"https:\/\/www.belrobotics.com\/fi\/\",\"logo\":{\"@type\":\"ImageObject\",\"inLanguage\":\"fi\",\"@id\":\"https:\/\/www.belrobotics.com\/fi\/#\/schema\/logo\/image\/\",\"url\":\"https:\/\/www.belrobotics.com\/wp-content\/uploads\/2019\/01\/logo-belrobotics.svg\",\"contentUrl\":\"https:\/\/www.belrobotics.com\/wp-content\/uploads\/2019\/01\/logo-belrobotics.svg\",\"width\":100,\"height\":16,\"caption\":\"Belrobotics\"},\"image\":{\"@id\":\"https:\/\/www.belrobotics.com\/fi\/#\/schema\/logo\/image\/\"},\"sameAs\":[\"https:\/\/www.facebook.com\/belrobotics\",\"https:\/\/www.youtube.com\/channel\/UCYgWBPRzEdXmUqLRL0JbUIw\",\"https:\/\/www.instagram.com\/belrobotics_europe\/\"]}]}<\/script>\n<!-- \/ Yoast SEO plugin. -->","yoast_head_json":{"title":"Robottiruohonleikkurit - Belrobotics","robots":{"index":"index","follow":"follow","max-snippet":"max-snippet:-1","max-image-preview":"max-image-preview:large","max-video-preview":"max-video-preview:-1"},"canonical":"https:\/\/www.belrobotics.com\/fi\/robottiruohonleikkurit\/","og_locale":"fi_FI","og_type":"article","og_title":"Robottiruohonleikkurit - Belrobotics","og_description":"Tervetuloa uuteen aikakauteen! Me Belroboticsilla uskomme, ett\u00e4 innovaatiot ja uudet teknologiat ovat tulevaisuuden perusta. T\u00e4m\u00e4n johdosta pyrimme jatkuvaan innovointiin ja suunnittelemaan innovatiivisimmat robotit ruohonleikkuuseen ja pallojen keruuseen. Luotettavat, ymp\u00e4rist\u00f6yst\u00e4v\u00e4lliset ja taloudelliset robottimme tarjoavat mielenrauhaa viheralueiden kunnossapitoon, olitpa sitten yksityishenkil\u00f6 tai ammattilainen. Robotit voivat tosiasiassa hoitaa hyvin suuria aloja (useita jalkapallokentti\u00e4) samalla kun ne ovat tehokkaita [&hellip;]","og_url":"https:\/\/www.belrobotics.com\/fi\/robottiruohonleikkurit\/","og_site_name":"Belrobotics","article_publisher":"https:\/\/www.facebook.com\/belrobotics","article_modified_time":"2023-02-28T15:06:27+00:00","og_image":[{"width":1920,"height":994,"url":"https:\/\/www.belrobotics.com\/wp-content\/uploads\/2023\/02\/robot-mowers.webp","type":"image\/webp"}],"twitter_card":"summary_large_image","schema":{"@context":"https:\/\/schema.org","@graph":[{"@type":"WebPage","@id":"https:\/\/www.belrobotics.com\/fi\/robottiruohonleikkurit\/","url":"https:\/\/www.belrobotics.com\/fi\/robottiruohonleikkurit\/","name":"Robottiruohonleikkurit - Belrobotics","isPartOf":{"@id":"https:\/\/www.belrobotics.com\/fi\/#website"},"primaryImageOfPage":{"@id":"https:\/\/www.belrobotics.com\/fi\/robottiruohonleikkurit\/#primaryimage"},"image":{"@id":"https:\/\/www.belrobotics.com\/fi\/robottiruohonleikkurit\/#primaryimage"},"thumbnailUrl":"https:\/\/www.belrobotics.com\/wp-content\/uploads\/2023\/02\/robot-mowers.webp","datePublished":"2023-02-28T10:38:28+00:00","dateModified":"2023-02-28T15:06:27+00:00","breadcrumb":{"@id":"https:\/\/www.belrobotics.com\/fi\/robottiruohonleikkurit\/#breadcrumb"},"inLanguage":"fi","potentialAction":[{"@type":"ReadAction","target":["https:\/\/www.belrobotics.com\/fi\/robottiruohonleikkurit\/"]}]},{"@type":"ImageObject","inLanguage":"fi","@id":"https:\/\/www.belrobotics.com\/fi\/robottiruohonleikkurit\/#primaryimage","url":"https:\/\/www.belrobotics.com\/wp-content\/uploads\/2023\/02\/robot-mowers.webp","contentUrl":"https:\/\/www.belrobotics.com\/wp-content\/uploads\/2023\/02\/robot-mowers.webp","width":1920,"height":994},{"@type":"BreadcrumbList","@id":"https:\/\/www.belrobotics.com\/fi\/robottiruohonleikkurit\/#breadcrumb","itemListElement":[{"@type":"ListItem","position":1,"name":"Home","item":"https:\/\/www.belrobotics.com\/fi\/"},{"@type":"ListItem","position":2,"name":"Robottiruohonleikkurit"}]},{"@type":"WebSite","@id":"https:\/\/www.belrobotics.com\/fi\/#website","url":"https:\/\/www.belrobotics.com\/fi\/","name":"Belrobotics","description":"The grass masters","publisher":{"@id":"https:\/\/www.belrobotics.com\/fi\/#organization"},"potentialAction":[{"@type":"SearchAction","target":{"@type":"EntryPoint","urlTemplate":"https:\/\/www.belrobotics.com\/fi\/?s={search_term_string}"},"query-input":{"@type":"PropertyValueSpecification","valueRequired":true,"valueName":"search_term_string"}}],"inLanguage":"fi"},{"@type":"Organization","@id":"https:\/\/www.belrobotics.com\/fi\/#organization","name":"Belrobotics","url":"https:\/\/www.belrobotics.com\/fi\/","logo":{"@type":"ImageObject","inLanguage":"fi","@id":"https:\/\/www.belrobotics.com\/fi\/#\/schema\/logo\/image\/","url":"https:\/\/www.belrobotics.com\/wp-content\/uploads\/2019\/01\/logo-belrobotics.svg","contentUrl":"https:\/\/www.belrobotics.com\/wp-content\/uploads\/2019\/01\/logo-belrobotics.svg","width":100,"height":16,"caption":"Belrobotics"},"image":{"@id":"https:\/\/www.belrobotics.com\/fi\/#\/schema\/logo\/image\/"},"sameAs":["https:\/\/www.facebook.com\/belrobotics","https:\/\/www.youtube.com\/channel\/UCYgWBPRzEdXmUqLRL0JbUIw","https:\/\/www.instagram.com\/belrobotics_europe\/"]}]}},"_links":{"self":[{"href":"https:\/\/www.belrobotics.com\/fi\/wp-json\/wp\/v2\/pages\/22003","targetHints":{"allow":["GET"]}}],"collection":[{"href":"https:\/\/www.belrobotics.com\/fi\/wp-json\/wp\/v2\/pages"}],"about":[{"href":"https:\/\/www.belrobotics.com\/fi\/wp-json\/wp\/v2\/types\/page"}],"author":[{"embeddable":true,"href":"https:\/\/www.belrobotics.com\/fi\/wp-json\/wp\/v2\/users\/9"}],"replies":[{"embeddable":true,"href":"https:\/\/www.belrobotics.com\/fi\/wp-json\/wp\/v2\/comments?post=22003"}],"version-history":[{"count":2,"href":"https:\/\/www.belrobotics.com\/fi\/wp-json\/wp\/v2\/pages\/22003\/revisions"}],"predecessor-version":[{"id":22033,"href":"https:\/\/www.belrobotics.com\/fi\/wp-json\/wp\/v2\/pages\/22003\/revisions\/22033"}],"wp:featuredmedia":[{"embeddable":true,"href":"https:\/\/www.belrobotics.com\/fi\/wp-json\/wp\/v2\/media\/21925"}],"wp:attachment":[{"href":"https:\/\/www.belrobotics.com\/fi\/wp-json\/wp\/v2\/media?parent=22003"}],"curies":[{"name":"wp","href":"https:\/\/api.w.org\/{rel}","templated":true}]}}