{"id":6149,"date":"2019-05-28T09:32:20","date_gmt":"2019-05-28T08:32:20","guid":{"rendered":"https:\/\/belrobotics.andromede.digital\/aviso-legal\/"},"modified":"2019-05-28T09:32:20","modified_gmt":"2019-05-28T08:32:20","slug":"aviso-legal","status":"publish","type":"page","link":"https:\/\/www.belrobotics.com\/es\/aviso-legal\/","title":{"rendered":"Aviso legal"},"content":{"rendered":"<p align=\"center\"><strong>YAMABIKO EUROPE S.A.<\/strong><\/p>\n<p align=\"center\">DOMICILIO SOCIAL: Avenue Lavoisier 16\/B, 1300 Wavre, B\u00e9lgica<\/p>\n<p align=\"center\">B.C.E. 0477.194.468<\/p>\n<p align=\"center\">Tel\u00e9fono: +32 10 48 00 36<\/p>\n<p align=\"center\">Correo electr\u00f3nico:\u00a0<a href=\"mailto:dataprivacy@yamabiko.eu\">dataprivacy@yamabiko.eu<\/a><\/p>\n<p align=\"center\">\n<p align=\"center\">CONDICIONES DE USO DEL SITIO WEB\u00a0<a href=\"https:\/\/www.belrobotics.com\/\">https:\/\/www.belrobotics.com<\/a><\/p>\n<p>&nbsp;<\/p>\n<p><strong>1.\u00a0\u00a0\u00a0\u00a0\u00a0\u00a0\u00a0\u00a0 Objetivo del sitio web y condiciones generales de uso<\/strong><\/p>\n<p>YAMABIKO EUROPE ofrece servicios de venta y mantenimiento de robots cortac\u00e9sped, cortasetos, sopladores de hojas y motosierras de la marca Belrobotics, Echo y Shindaiwa.<\/p>\n<p><a href=\"http:\/\/www.traitdeco.be\/\">www.belrobotics.com<\/a>\u00a0permite presentar las actividades y los servicios, los robots cortac\u00e9sped, el concepto de YAMABIKO EUROPE, as\u00ed como publicar art\u00edculos y noticias.<\/p>\n<p>Las presentes condiciones generales de uso pueden actualizarse en todo momento sin previo aviso.\u00a0 Por lo tanto, se recomienda al usuario que consulte regularmente estas condiciones.\u00a0\u00a0 Las actualizaciones se aplican tan pronto como se publican en l\u00ednea.<\/p>\n<p>Si alguna de las disposiciones de las presentes condiciones generales de uso se declarara inv\u00e1lida o inaplicable por cualesquier raz\u00f3n, dicha invalidez o inaplicabilidad non afectar\u00eda a la validez ni a la aplicaci\u00f3n de las dem\u00e1s disposiciones de las condiciones generales de uso.<\/p>\n<p><strong>2.\u00a0\u00a0\u00a0\u00a0\u00a0\u00a0\u00a0\u00a0 Uso de este sitio web<\/strong><\/p>\n<p><a href=\"http:\/\/www.sospme.be\/\">www.belrobotics.com<\/a>\u00a0est\u00e1 a disposici\u00f3n gratuita del usuario para su uso personal, siempre y cuando se cumplan las condiciones definidas a continuaci\u00f3n.\u00a0 El uso de este sitio web supone una aceptaci\u00f3n plena y sin reservas de todas las condiciones de uso.<\/p>\n<p><a href=\"http:\/\/www.sospme.be\/\">www.belrobotics.com<\/a>\u00a0no puede utilizarse para realizar consultas especulativas, falsas o fraudulentas.<\/p>\n<p>El usuario deber\u00e1 ser mayor de edad, tener la capacidad jur\u00eddica para firmar contratos y utilizar este sitio web conforme a las condiciones generales de uso.<\/p>\n<p><strong>3.\u00a0\u00a0\u00a0\u00a0\u00a0\u00a0\u00a0\u00a0 Copyrights \u2013 propiedad intelectual<\/strong><\/p>\n<p>YAMABIKO EUROPE es propietaria de todos los derechos de propiedad intelectual de la totalidad de los elementos que figuran en el sitio web (fotograf\u00edas, logotipos, dibujos, gr\u00e1ficos, textos, v\u00eddeos, etc.) y tambi\u00e9n de todos los derechos de autor, patentes, know-how, informaci\u00f3n confidencial, derechos relativos a las bases de datos, marcas registradas y conceptos, registrados o no, que figuren en el sitio web\u00a0<a href=\"http:\/\/www.sospme.be\/\">www.belrobotics.com<\/a>.<\/p>\n<p>Por consiguiente, queda prohibido para los usuarios reproducir, modificar, transferir o utilizar el sitio web, ya sea parcial o totalmente, sin el consentimiento expreso y por escrito de YAMABIKO EUROPE.<\/p>\n<p><strong>4.\u00a0\u00a0\u00a0\u00a0\u00a0\u00a0\u00a0\u00a0 Descarga<\/strong><\/p>\n<p>Cualquier descarga de datos desde el sitio web\u00a0<a href=\"http:\/\/www.sospme.be\/\">www.belrobotics.com<\/a>\u00a0se realizar\u00e1 por cuenta y riesgo del usuario.<\/p>\n<p>El usuario reconoce que el uso de los servicios y sistemas inform\u00e1ticos no est\u00e1 exento de riesgos. Por consiguiente, YAMABIKO EUROPE no podr\u00e1 ser considerada responsable de los da\u00f1os causados por cualquier tipo de software malicioso (malware) a ra\u00edz de una descarga de datos desde el sitio web\u00a0<a href=\"http:\/\/www.sospme.be\/\">www.belrobotics.com<\/a>.<\/p>\n<p><strong>5. \u00a0\u00a0\u00a0\u00a0\u00a0\u00a0\u00a0 Tratamiento de los datos personales<\/strong><\/p>\n<p>Desde el sitio web\u00a0<a href=\"http:\/\/www.sospme.be\/\">www.belrobotics.com<\/a>\u00a0pueden recopilarse algunos datos de car\u00e1cter personal del usuario, especialmente cuando el usuario rellena el formulario de contacto, pide un presupuesto o solicita asistencia t\u00e9cnica, o mediante el uso de cookies o p\u00edxeles de seguimiento (ver apartado 10).<\/p>\n<p>A este respecto, el responsable del tratamiento de dichos datos es la empresa YAMABIKO EUROPE S.A. con domicilio social en Avenue Lavoisier 16\/B, 1300 Wavre.<\/p>\n<p>La finalidad de la recogida de datos personales del usuario se limita a la gesti\u00f3n de los visitantes del sitio web, la administraci\u00f3n de los clientes, la ejecuci\u00f3n del contrato de venta, la promoci\u00f3n de productos y servicios, as\u00ed como al establecimiento de campa\u00f1as de marketing directo a trav\u00e9s de correo electr\u00f3nico.<\/p>\n<p>El ciente tiene derecho en todo momento de oponerse al tratamiento de sus datos personales con fines de marketing directo.<\/p>\n<p>El usuario tiene un derecho de acceso y rectificaci\u00f3n de sus datos personales, as\u00ed como de eliminaci\u00f3n de los mismos conforme a las disposiciones de la ley del 8 de diciembre de 1992 sobre protecci\u00f3n de la privacidad y tratamiento de los datos de car\u00e1cter personal.<\/p>\n<p>Para ejercer este derecho de acceso, rectificaci\u00f3n o eliminaci\u00f3n de sus datos personales, solo tiene que ponerse en contacto, sin coste alguno, con YAMABIKO EUROPE en la siguiente direcci\u00f3n de correo electr\u00f3nico:\u00a0\u00a0<a href=\"mailto:dataprivacy@yamabiko.eu\">dataprivacy@yamabiko.eu<\/a>\u00a0o escribir un correo a la direcci\u00f3n postal de la empresa.<\/p>\n<p>YAMABIKO EUROPE cumple con las disposiciones del Reglamento General de Protecci\u00f3n de Datos (Reglamento 2016\/679, \u00abRGPD\u00bb) y es responsable de mantener la confidencialidad de los datos personales que recopila.<\/p>\n<p><strong>6.\u00a0\u00a0\u00a0\u00a0\u00a0\u00a0\u00a0\u00a0 Seguridad de los datos<\/strong><\/p>\n<p>YAMABIKO EUROPE garantiza un nivel de protecci\u00f3n de los datos conforme a la reglamentaci\u00f3n nacional y europea.<\/p>\n<p>A este respecto,\u00a0<a href=\"http:\/\/www.sospme.be\/\">www.belrobotics.com<\/a>\u00a0utiliza varios sistemas de seguridad para proteger de forma razonable los datos de car\u00e1cter personal del usuario.\u00a0 No obstante, YAMABIKO EUROPE no puede garantizar que terceros no autorizados puedan acceder al sitio web para utilizarlos de forma il\u00edcita.<\/p>\n<p><strong>7.\u00a0\u00a0\u00a0\u00a0\u00a0\u00a0\u00a0\u00a0 Enlaces hipertexto a otros sitios web<\/strong><\/p>\n<p>El sitio web\u00a0<a href=\"http:\/\/www.sospme.be\/\">www.belrobotics.com<\/a>\u00a0puede contener enlaces hipertexto que redirigen hacia otros sitios web. El simple hecho de que estos enlaces est\u00e9n presentes en el sitio web\u00a0<a href=\"http:\/\/www.sospme.be\/\">www.belrobotics.com<\/a>\u00a0no significa en ning\u00fan caso que YAMABIKO EUROPE est\u00e9 de acuerdo con las ideas u opiniones presentes en dichos sitios, ni que exista ninguna asociaci\u00f3n o v\u00ednculo asociativo.<\/p>\n<p>YAMABIKO EUROPE en ning\u00fan caso podr\u00e1 ser considerada responsable del contenido de los sitios web a los que redirigen estos enlaces hipertexto.<\/p>\n<p><strong>8.\u00a0\u00a0\u00a0\u00a0\u00a0\u00a0\u00a0\u00a0 Derechos de YAMABIKO EUROPE<\/strong><\/p>\n<p>YAMABIKO EUROPE se reserva el derecho, en todo momento y sin previo aviso, de:<\/p>\n<p>a) modificar los anuncios, las ofertas y la informaci\u00f3n en l\u00ednea,<\/p>\n<p>b) modificar algunos servicios,<\/p>\n<p>c) prohibir el acceso a su sitio web en caso de problemas t\u00e9cnicos o cuando YAMABIKO EUROPE constate alg\u00fan uso abusivo o malintencionado de su sitio web.<\/p>\n<p><strong>9.\u00a0\u00a0\u00a0\u00a0\u00a0\u00a0\u00a0\u00a0 Responsabilidades del usuario<\/strong><\/p>\n<p>El usuario del sitio web\u00a0<a href=\"http:\/\/www.sospme.be\/\">www.belrobotics.com<\/a>\u00a0se compromete a:<\/p>\n<p>a)\u00a0\u00a0\u00a0\u00a0\u00a0\u00a0\u00a0\u00a0 no hacer uso del sitio web con fines il\u00edcitos o perjudiciales,<\/p>\n<p>b)\u00a0\u00a0\u00a0\u00a0\u00a0\u00a0\u00a0\u00a0 no interferir en el acceso al sitio web, no alterar ni modificar el sitio web, no reducir la eficacia del sitio web y no causar ning\u00fan tipo de perjuicio al sitio web, a YAMABIKO EUROPE o a terceros,<\/p>\n<p>c)\u00a0\u00a0\u00a0\u00a0\u00a0\u00a0\u00a0\u00a0 no utilizar el sitio web para transmitir o propagar software malicioso o informaci\u00f3n perjudicial o il\u00edcita,<\/p>\n<p>d)\u00a0\u00a0\u00a0\u00a0\u00a0\u00a0\u00a0\u00a0 no comprometer los derechos de propiedad intelectual presentes en este sitio web,<\/p>\n<p>e)\u00a0\u00a0\u00a0\u00a0\u00a0\u00a0\u00a0\u00a0 no enviar ni transmitir ning\u00fan mensaje no solicitado.<\/p>\n<p>f) \u00a0\u00a0\u00a0\u00a0\u00a0\u00a0\u00a0\u00a0 no recoger ni conservar datos de car\u00e1cter personal relativos a otros usuarios, salvo en caso de autorizaci\u00f3n espec\u00edfica concedida por dichos usuarios.<\/p>\n<p><strong>10. \u00a0\u00a0\u00a0\u00a0\u00a0 Cookies y p\u00edxeles de seguimiento<\/strong><\/p>\n<p>Durante la visita del usuario al sitio web\u00a0<a href=\"http:\/\/www.sospme.be\/\">www.belrobotics.com<\/a>\u00a0pueden enviarse \u00abcookies\u00bb y \u00abp\u00edxeles de seguimiento\u00bb al ordenador del este \u00faltimo.<\/p>\n<p>Las \u00abcookies\u00bb son peque\u00f1os archivos que se guardan en el disco duro del usuario a petici\u00f3n del servidor que gestiona el sitio web por el que se est\u00e1 navegando y que permiten garantizar un funcionamiento t\u00e9cnico adecuado del sitio, as\u00ed como mejorar la experiencia de navegaci\u00f3n.<\/p>\n<p>Los \u00abp\u00edxeles de seguimiento\u00bb son peque\u00f1as im\u00e1genes electr\u00f3nicas que permiten al sitio web contar el n\u00famero de visitantes que han accedido a una p\u00e1gina espec\u00edfica. Los datos recogidos por los p\u00edxeles de seguimiento son la direcci\u00f3n IP del ordenador conectado, el nombre del ordenador principal, el nombre de la versi\u00f3n del sistema operativo y el nombre del navegador web utilizado.<\/p>\n<p>Todo usuario del sitio web\u00a0<a href=\"http:\/\/www.sospme.be\/\">www.belrobotics.com<\/a>\u00a0puede eliminar o desactivar las \u00abcookies\u00bb y los \u00abp\u00edxeles de seguimiento\u00bb de su disco duro y\/o configurar su software de navegaci\u00f3n para impedir la recepci\u00f3n de estos \u00faltimos.\u00a0 No obstante, el bloqueo de las \u00abcookies\u00bb y\/o de los \u00abp\u00edxeles de seguimiento\u00bb puede dificultar la navegaci\u00f3n.<\/p>\n<p><strong>11.\u00a0\u00a0\u00a0\u00a0\u00a0\u00a0 Limitaci\u00f3n de responsabilidad<\/strong><\/p>\n<p>YAMABIKO EUROPE en ning\u00fan caso puede ser considerada responsable de cualesquier da\u00f1o o perjuicio directo, indirecto, consecutivo, punitivo o espec\u00edfico (incluidos, sin limitaci\u00f3n, da\u00f1os derivados de una p\u00e9rdida de ingresos, contratos, actividad empresarial, informaci\u00f3n o cualquier otro dato incluido en el sistema de gesti\u00f3n de informaci\u00f3n del usuario o derivado de interrupciones de la actividad empresarial) que resulten, emanen o est\u00e9n vinculados con el uso o la imposibilidad de uso de este sitio web o su contenido, o como resultado de estas condiciones, aunque YAMABIKO EUROPE haya sido informada de la posibilidad de que se produzcan dichos da\u00f1os.<\/p>\n<p>Adem\u00e1s de las condiciones expuestas anteriormente, YAMABIKO EUROPE no puede en ning\u00fan caso ser considerada responsable de errores, inexactitudes, omisiones u otros defectos, ni tampoco de informaciones improcedentes o incorrectas que figuren en este sitio web.<\/p>\n<p>Esta responsabilidad limitada se aplica tambi\u00e9n a todos los sitios web de terceros.<\/p>\n<p><strong>12.\u00a0\u00a0\u00a0\u00a0\u00a0\u00a0 Legislaci\u00f3n aplicable<\/strong><\/p>\n<p>Las condiciones generales de uso est\u00e1n sujetas a la legislaci\u00f3n belga. Cualquier litigio relativo a su interpretaci\u00f3n y\/o su ejecuci\u00f3n es competencia de los tribunales del distrito judicial de Nivelles.<\/p>\n<p><strong>13.\u00a0\u00a0\u00a0\u00a0\u00a0\u00a0 Contacto<\/strong><\/p>\n<p>Puede contactar con YAMABIKO EUROPE en relaci\u00f3n a las presentes condiciones generales de uso en la direcci\u00f3n de correo electr\u00f3nico:\u00a0<a href=\"mailto:dataprivacy@yamabiko.eu\">dataprivacy@yamabiko.eu<\/a>\u00a0o a trav\u00e9s del formulario de contacto disponible en el sitio web\u00a0<a href=\"http:\/\/www.sospme.be\/\">www.belrobotics.com<\/a>.<\/p>\n<p><strong>14. \u00a0\u00a0\u00a0\u00a0\u00a0 Editor del sitio web:<\/strong><\/p>\n<p>El editor del sitio web\u00a0<a href=\"http:\/\/www.sospme.be\/\">www.belrobotics.com<\/a>\u00a0es YAMABIKO EUROPE S.A., con domicilio social en Avenue Lavoisier 16\/B, 1300 Wavre y registrada en la Banque Carrefour des Entreprises con el n\u00famero B.C.E. 0477.194.468 0477.194.468<\/p>\n<p><strong>15. \u00a0\u00a0\u00a0\u00a0\u00a0 Alojamiento:<\/strong><\/p>\n<p>El sitio web\u00a0<a href=\"http:\/\/www.c-de-c.be\/\">www.belrobotics.com<\/a>\u00a0est\u00e1 alojado por: INFOMANIAK<\/p>\n","protected":false},"excerpt":{"rendered":"<p>YAMABIKO EUROPE S.A. DOMICILIO SOCIAL: Avenue Lavoisier 16\/B, 1300 Wavre, B\u00e9lgica B.C.E. 0477.194.468 Tel\u00e9fono: +32 10 48 00 36 Correo electr\u00f3nico:\u00a0dataprivacy@yamabiko.eu CONDICIONES DE USO DEL SITIO WEB\u00a0https:\/\/www.belrobotics.com &nbsp; 1.\u00a0\u00a0\u00a0\u00a0\u00a0\u00a0\u00a0\u00a0 Objetivo del sitio web y condiciones generales de uso YAMABIKO EUROPE ofrece servicios de venta y mantenimiento de robots cortac\u00e9sped, cortasetos, sopladores de hojas y motosierras [&hellip;]<\/p>\n","protected":false},"author":9,"featured_media":0,"parent":0,"menu_order":0,"comment_status":"closed","ping_status":"closed","template":"","meta":{"_acf_changed":false,"footnotes":""},"class_list":["post-6149","page","type-page","status-publish","hentry"],"acf":[],"yoast_head":"<!-- This site is optimized with the Yoast SEO plugin v26.9 - https:\/\/yoast.com\/product\/yoast-seo-wordpress\/ -->\n<title>Aviso legal - Belrobotics<\/title>\n<meta name=\"robots\" content=\"index, follow, max-snippet:-1, max-image-preview:large, max-video-preview:-1\" \/>\n<link rel=\"canonical\" href=\"https:\/\/www.belrobotics.com\/es\/aviso-legal\/\" \/>\n<meta property=\"og:locale\" content=\"es_ES\" \/>\n<meta property=\"og:type\" content=\"article\" \/>\n<meta property=\"og:title\" content=\"Aviso legal - Belrobotics\" \/>\n<meta property=\"og:description\" content=\"YAMABIKO EUROPE S.A. DOMICILIO SOCIAL: Avenue Lavoisier 16\/B, 1300 Wavre, B\u00e9lgica B.C.E. 0477.194.468 Tel\u00e9fono: +32 10 48 00 36 Correo electr\u00f3nico:\u00a0dataprivacy@yamabiko.eu CONDICIONES DE USO DEL SITIO WEB\u00a0https:\/\/www.belrobotics.com &nbsp; 1.\u00a0\u00a0\u00a0\u00a0\u00a0\u00a0\u00a0\u00a0 Objetivo del sitio web y condiciones generales de uso YAMABIKO EUROPE ofrece servicios de venta y mantenimiento de robots cortac\u00e9sped, cortasetos, sopladores de hojas y motosierras [&hellip;]\" \/>\n<meta property=\"og:url\" content=\"https:\/\/www.belrobotics.com\/es\/aviso-legal\/\" \/>\n<meta property=\"og:site_name\" content=\"Belrobotics\" \/>\n<meta property=\"article:publisher\" content=\"https:\/\/www.facebook.com\/belrobotics\" \/>\n<meta name=\"twitter:card\" content=\"summary_large_image\" \/>\n<meta name=\"twitter:label1\" content=\"Tiempo de lectura\" \/>\n\t<meta name=\"twitter:data1\" content=\"8 minutos\" \/>\n<script type=\"application\/ld+json\" class=\"yoast-schema-graph\">{\"@context\":\"https:\/\/schema.org\",\"@graph\":[{\"@type\":\"WebPage\",\"@id\":\"https:\/\/www.belrobotics.com\/es\/aviso-legal\/\",\"url\":\"https:\/\/www.belrobotics.com\/es\/aviso-legal\/\",\"name\":\"Aviso legal - Belrobotics\",\"isPartOf\":{\"@id\":\"https:\/\/www.belrobotics.com\/es\/#website\"},\"datePublished\":\"2019-05-28T08:32:20+00:00\",\"breadcrumb\":{\"@id\":\"https:\/\/www.belrobotics.com\/es\/aviso-legal\/#breadcrumb\"},\"inLanguage\":\"es\",\"potentialAction\":[{\"@type\":\"ReadAction\",\"target\":[\"https:\/\/www.belrobotics.com\/es\/aviso-legal\/\"]}]},{\"@type\":\"BreadcrumbList\",\"@id\":\"https:\/\/www.belrobotics.com\/es\/aviso-legal\/#breadcrumb\",\"itemListElement\":[{\"@type\":\"ListItem\",\"position\":1,\"name\":\"Home\",\"item\":\"https:\/\/www.belrobotics.com\/es\/\"},{\"@type\":\"ListItem\",\"position\":2,\"name\":\"Aviso legal\"}]},{\"@type\":\"WebSite\",\"@id\":\"https:\/\/www.belrobotics.com\/es\/#website\",\"url\":\"https:\/\/www.belrobotics.com\/es\/\",\"name\":\"Belrobotics\",\"description\":\"The grass masters\",\"publisher\":{\"@id\":\"https:\/\/www.belrobotics.com\/es\/#organization\"},\"potentialAction\":[{\"@type\":\"SearchAction\",\"target\":{\"@type\":\"EntryPoint\",\"urlTemplate\":\"https:\/\/www.belrobotics.com\/es\/?s={search_term_string}\"},\"query-input\":{\"@type\":\"PropertyValueSpecification\",\"valueRequired\":true,\"valueName\":\"search_term_string\"}}],\"inLanguage\":\"es\"},{\"@type\":\"Organization\",\"@id\":\"https:\/\/www.belrobotics.com\/es\/#organization\",\"name\":\"Belrobotics\",\"url\":\"https:\/\/www.belrobotics.com\/es\/\",\"logo\":{\"@type\":\"ImageObject\",\"inLanguage\":\"es\",\"@id\":\"https:\/\/www.belrobotics.com\/es\/#\/schema\/logo\/image\/\",\"url\":\"https:\/\/www.belrobotics.com\/wp-content\/uploads\/2019\/01\/logo-belrobotics.svg\",\"contentUrl\":\"https:\/\/www.belrobotics.com\/wp-content\/uploads\/2019\/01\/logo-belrobotics.svg\",\"width\":100,\"height\":16,\"caption\":\"Belrobotics\"},\"image\":{\"@id\":\"https:\/\/www.belrobotics.com\/es\/#\/schema\/logo\/image\/\"},\"sameAs\":[\"https:\/\/www.facebook.com\/belrobotics\",\"https:\/\/www.youtube.com\/channel\/UCYgWBPRzEdXmUqLRL0JbUIw\",\"https:\/\/www.instagram.com\/belrobotics_europe\/\"]}]}<\/script>\n<!-- \/ Yoast SEO plugin. -->","yoast_head_json":{"title":"Aviso legal - Belrobotics","robots":{"index":"index","follow":"follow","max-snippet":"max-snippet:-1","max-image-preview":"max-image-preview:large","max-video-preview":"max-video-preview:-1"},"canonical":"https:\/\/www.belrobotics.com\/es\/aviso-legal\/","og_locale":"es_ES","og_type":"article","og_title":"Aviso legal - Belrobotics","og_description":"YAMABIKO EUROPE S.A. DOMICILIO SOCIAL: Avenue Lavoisier 16\/B, 1300 Wavre, B\u00e9lgica B.C.E. 0477.194.468 Tel\u00e9fono: +32 10 48 00 36 Correo electr\u00f3nico:\u00a0dataprivacy@yamabiko.eu CONDICIONES DE USO DEL SITIO WEB\u00a0https:\/\/www.belrobotics.com &nbsp; 1.\u00a0\u00a0\u00a0\u00a0\u00a0\u00a0\u00a0\u00a0 Objetivo del sitio web y condiciones generales de uso YAMABIKO EUROPE ofrece servicios de venta y mantenimiento de robots cortac\u00e9sped, cortasetos, sopladores de hojas y motosierras [&hellip;]","og_url":"https:\/\/www.belrobotics.com\/es\/aviso-legal\/","og_site_name":"Belrobotics","article_publisher":"https:\/\/www.facebook.com\/belrobotics","twitter_card":"summary_large_image","twitter_misc":{"Tiempo de lectura":"8 minutos"},"schema":{"@context":"https:\/\/schema.org","@graph":[{"@type":"WebPage","@id":"https:\/\/www.belrobotics.com\/es\/aviso-legal\/","url":"https:\/\/www.belrobotics.com\/es\/aviso-legal\/","name":"Aviso legal - Belrobotics","isPartOf":{"@id":"https:\/\/www.belrobotics.com\/es\/#website"},"datePublished":"2019-05-28T08:32:20+00:00","breadcrumb":{"@id":"https:\/\/www.belrobotics.com\/es\/aviso-legal\/#breadcrumb"},"inLanguage":"es","potentialAction":[{"@type":"ReadAction","target":["https:\/\/www.belrobotics.com\/es\/aviso-legal\/"]}]},{"@type":"BreadcrumbList","@id":"https:\/\/www.belrobotics.com\/es\/aviso-legal\/#breadcrumb","itemListElement":[{"@type":"ListItem","position":1,"name":"Home","item":"https:\/\/www.belrobotics.com\/es\/"},{"@type":"ListItem","position":2,"name":"Aviso legal"}]},{"@type":"WebSite","@id":"https:\/\/www.belrobotics.com\/es\/#website","url":"https:\/\/www.belrobotics.com\/es\/","name":"Belrobotics","description":"The grass masters","publisher":{"@id":"https:\/\/www.belrobotics.com\/es\/#organization"},"potentialAction":[{"@type":"SearchAction","target":{"@type":"EntryPoint","urlTemplate":"https:\/\/www.belrobotics.com\/es\/?s={search_term_string}"},"query-input":{"@type":"PropertyValueSpecification","valueRequired":true,"valueName":"search_term_string"}}],"inLanguage":"es"},{"@type":"Organization","@id":"https:\/\/www.belrobotics.com\/es\/#organization","name":"Belrobotics","url":"https:\/\/www.belrobotics.com\/es\/","logo":{"@type":"ImageObject","inLanguage":"es","@id":"https:\/\/www.belrobotics.com\/es\/#\/schema\/logo\/image\/","url":"https:\/\/www.belrobotics.com\/wp-content\/uploads\/2019\/01\/logo-belrobotics.svg","contentUrl":"https:\/\/www.belrobotics.com\/wp-content\/uploads\/2019\/01\/logo-belrobotics.svg","width":100,"height":16,"caption":"Belrobotics"},"image":{"@id":"https:\/\/www.belrobotics.com\/es\/#\/schema\/logo\/image\/"},"sameAs":["https:\/\/www.facebook.com\/belrobotics","https:\/\/www.youtube.com\/channel\/UCYgWBPRzEdXmUqLRL0JbUIw","https:\/\/www.instagram.com\/belrobotics_europe\/"]}]}},"_links":{"self":[{"href":"https:\/\/www.belrobotics.com\/es\/wp-json\/wp\/v2\/pages\/6149","targetHints":{"allow":["GET"]}}],"collection":[{"href":"https:\/\/www.belrobotics.com\/es\/wp-json\/wp\/v2\/pages"}],"about":[{"href":"https:\/\/www.belrobotics.com\/es\/wp-json\/wp\/v2\/types\/page"}],"author":[{"embeddable":true,"href":"https:\/\/www.belrobotics.com\/es\/wp-json\/wp\/v2\/users\/9"}],"replies":[{"embeddable":true,"href":"https:\/\/www.belrobotics.com\/es\/wp-json\/wp\/v2\/comments?post=6149"}],"version-history":[{"count":0,"href":"https:\/\/www.belrobotics.com\/es\/wp-json\/wp\/v2\/pages\/6149\/revisions"}],"wp:attachment":[{"href":"https:\/\/www.belrobotics.com\/es\/wp-json\/wp\/v2\/media?parent=6149"}],"curies":[{"name":"wp","href":"https:\/\/api.w.org\/{rel}","templated":true}]}}