{"id":5791,"date":"2019-01-21T15:12:33","date_gmt":"2019-01-21T14:12:33","guid":{"rendered":"https:\/\/belrobotics.andromede.digital\/zonas-dificiles\/"},"modified":"2019-07-19T09:43:58","modified_gmt":"2019-07-19T08:43:58","slug":"zonas-dificiles","status":"publish","type":"page","link":"https:\/\/www.belrobotics.com\/es\/zonas-dificiles\/","title":{"rendered":"Zonas dif\u00edciles"},"content":{"rendered":"<h3>Los robot cortac\u00e9sped tambi\u00e9n funcionan en entornos peligrosos<\/h3>\n<p>Bigmow puede asumir el mantenimiento de hasta 24.000 m\u00b2 de c\u00e9sped. Un rendimiento excepcional incluso en las condiciones m\u00e1s dif\u00edciles. El robot cortac\u00e9sped todoterreno Belrobotics es el \u00fanico en el mundo capaz de adaptarse a lugares con interferencias de se\u00f1ales o a entornos industriales peligrosos.<\/p>\n","protected":false},"excerpt":{"rendered":"<p>Los robot cortac\u00e9sped tambi\u00e9n funcionan en entornos peligrosos Bigmow puede asumir el mantenimiento de hasta 24.000 m\u00b2 de c\u00e9sped. Un rendimiento excepcional incluso en las condiciones m\u00e1s dif\u00edciles. El robot cortac\u00e9sped todoterreno Belrobotics es el \u00fanico en el mundo capaz de adaptarse a lugares con interferencias de se\u00f1ales o a entornos industriales peligrosos.<\/p>\n","protected":false},"author":9,"featured_media":5071,"parent":0,"menu_order":0,"comment_status":"closed","ping_status":"closed","template":"utilisation.php","meta":{"_acf_changed":false,"footnotes":""},"class_list":["post-5791","page","type-page","status-publish","has-post-thumbnail","hentry"],"acf":[],"yoast_head":"<!-- This site is optimized with the Yoast SEO plugin v26.9 - https:\/\/yoast.com\/product\/yoast-seo-wordpress\/ -->\n<title>Zonas dif\u00edciles - Belrobotics<\/title>\n<meta name=\"robots\" content=\"index, follow, max-snippet:-1, max-image-preview:large, max-video-preview:-1\" \/>\n<link rel=\"canonical\" href=\"https:\/\/www.belrobotics.com\/es\/zonas-dificiles\/\" \/>\n<meta property=\"og:locale\" content=\"es_ES\" \/>\n<meta property=\"og:type\" content=\"article\" \/>\n<meta property=\"og:title\" content=\"Zonas dif\u00edciles - Belrobotics\" \/>\n<meta property=\"og:description\" content=\"Los robot cortac\u00e9sped tambi\u00e9n funcionan en entornos peligrosos Bigmow puede asumir el mantenimiento de hasta 24.000 m\u00b2 de c\u00e9sped. Un rendimiento excepcional incluso en las condiciones m\u00e1s dif\u00edciles. El robot cortac\u00e9sped todoterreno Belrobotics es el \u00fanico en el mundo capaz de adaptarse a lugares con interferencias de se\u00f1ales o a entornos industriales peligrosos.\" \/>\n<meta property=\"og:url\" content=\"https:\/\/www.belrobotics.com\/es\/zonas-dificiles\/\" \/>\n<meta property=\"og:site_name\" content=\"Belrobotics\" \/>\n<meta property=\"article:publisher\" content=\"https:\/\/www.facebook.com\/belrobotics\" \/>\n<meta property=\"article:modified_time\" content=\"2019-07-19T08:43:58+00:00\" \/>\n<meta property=\"og:image\" content=\"https:\/\/www.belrobotics.com\/wp-content\/uploads\/2019\/05\/shutterstock_308515325.jpg\" \/>\n\t<meta property=\"og:image:width\" content=\"3000\" \/>\n\t<meta property=\"og:image:height\" content=\"1997\" \/>\n\t<meta property=\"og:image:type\" content=\"image\/jpeg\" \/>\n<meta name=\"twitter:card\" content=\"summary_large_image\" \/>\n<script type=\"application\/ld+json\" class=\"yoast-schema-graph\">{\"@context\":\"https:\/\/schema.org\",\"@graph\":[{\"@type\":\"WebPage\",\"@id\":\"https:\/\/www.belrobotics.com\/es\/zonas-dificiles\/\",\"url\":\"https:\/\/www.belrobotics.com\/es\/zonas-dificiles\/\",\"name\":\"Zonas dif\u00edciles - Belrobotics\",\"isPartOf\":{\"@id\":\"https:\/\/www.belrobotics.com\/es\/#website\"},\"primaryImageOfPage\":{\"@id\":\"https:\/\/www.belrobotics.com\/es\/zonas-dificiles\/#primaryimage\"},\"image\":{\"@id\":\"https:\/\/www.belrobotics.com\/es\/zonas-dificiles\/#primaryimage\"},\"thumbnailUrl\":\"https:\/\/www.belrobotics.com\/wp-content\/uploads\/2019\/05\/shutterstock_308515325.jpg\",\"datePublished\":\"2019-01-21T14:12:33+00:00\",\"dateModified\":\"2019-07-19T08:43:58+00:00\",\"breadcrumb\":{\"@id\":\"https:\/\/www.belrobotics.com\/es\/zonas-dificiles\/#breadcrumb\"},\"inLanguage\":\"es\",\"potentialAction\":[{\"@type\":\"ReadAction\",\"target\":[\"https:\/\/www.belrobotics.com\/es\/zonas-dificiles\/\"]}]},{\"@type\":\"ImageObject\",\"inLanguage\":\"es\",\"@id\":\"https:\/\/www.belrobotics.com\/es\/zonas-dificiles\/#primaryimage\",\"url\":\"https:\/\/www.belrobotics.com\/wp-content\/uploads\/2019\/05\/shutterstock_308515325.jpg\",\"contentUrl\":\"https:\/\/www.belrobotics.com\/wp-content\/uploads\/2019\/05\/shutterstock_308515325.jpg\",\"width\":3000,\"height\":1997},{\"@type\":\"BreadcrumbList\",\"@id\":\"https:\/\/www.belrobotics.com\/es\/zonas-dificiles\/#breadcrumb\",\"itemListElement\":[{\"@type\":\"ListItem\",\"position\":1,\"name\":\"Home\",\"item\":\"https:\/\/www.belrobotics.com\/es\/\"},{\"@type\":\"ListItem\",\"position\":2,\"name\":\"Zonas dif\u00edciles\"}]},{\"@type\":\"WebSite\",\"@id\":\"https:\/\/www.belrobotics.com\/es\/#website\",\"url\":\"https:\/\/www.belrobotics.com\/es\/\",\"name\":\"Belrobotics\",\"description\":\"The grass masters\",\"publisher\":{\"@id\":\"https:\/\/www.belrobotics.com\/es\/#organization\"},\"potentialAction\":[{\"@type\":\"SearchAction\",\"target\":{\"@type\":\"EntryPoint\",\"urlTemplate\":\"https:\/\/www.belrobotics.com\/es\/?s={search_term_string}\"},\"query-input\":{\"@type\":\"PropertyValueSpecification\",\"valueRequired\":true,\"valueName\":\"search_term_string\"}}],\"inLanguage\":\"es\"},{\"@type\":\"Organization\",\"@id\":\"https:\/\/www.belrobotics.com\/es\/#organization\",\"name\":\"Belrobotics\",\"url\":\"https:\/\/www.belrobotics.com\/es\/\",\"logo\":{\"@type\":\"ImageObject\",\"inLanguage\":\"es\",\"@id\":\"https:\/\/www.belrobotics.com\/es\/#\/schema\/logo\/image\/\",\"url\":\"https:\/\/www.belrobotics.com\/wp-content\/uploads\/2019\/01\/logo-belrobotics.svg\",\"contentUrl\":\"https:\/\/www.belrobotics.com\/wp-content\/uploads\/2019\/01\/logo-belrobotics.svg\",\"width\":100,\"height\":16,\"caption\":\"Belrobotics\"},\"image\":{\"@id\":\"https:\/\/www.belrobotics.com\/es\/#\/schema\/logo\/image\/\"},\"sameAs\":[\"https:\/\/www.facebook.com\/belrobotics\",\"https:\/\/www.youtube.com\/channel\/UCYgWBPRzEdXmUqLRL0JbUIw\",\"https:\/\/www.instagram.com\/belrobotics_europe\/\"]}]}<\/script>\n<!-- \/ Yoast SEO plugin. -->","yoast_head_json":{"title":"Zonas dif\u00edciles - Belrobotics","robots":{"index":"index","follow":"follow","max-snippet":"max-snippet:-1","max-image-preview":"max-image-preview:large","max-video-preview":"max-video-preview:-1"},"canonical":"https:\/\/www.belrobotics.com\/es\/zonas-dificiles\/","og_locale":"es_ES","og_type":"article","og_title":"Zonas dif\u00edciles - Belrobotics","og_description":"Los robot cortac\u00e9sped tambi\u00e9n funcionan en entornos peligrosos Bigmow puede asumir el mantenimiento de hasta 24.000 m\u00b2 de c\u00e9sped. Un rendimiento excepcional incluso en las condiciones m\u00e1s dif\u00edciles. El robot cortac\u00e9sped todoterreno Belrobotics es el \u00fanico en el mundo capaz de adaptarse a lugares con interferencias de se\u00f1ales o a entornos industriales peligrosos.","og_url":"https:\/\/www.belrobotics.com\/es\/zonas-dificiles\/","og_site_name":"Belrobotics","article_publisher":"https:\/\/www.facebook.com\/belrobotics","article_modified_time":"2019-07-19T08:43:58+00:00","og_image":[{"width":3000,"height":1997,"url":"https:\/\/www.belrobotics.com\/wp-content\/uploads\/2019\/05\/shutterstock_308515325.jpg","type":"image\/jpeg"}],"twitter_card":"summary_large_image","schema":{"@context":"https:\/\/schema.org","@graph":[{"@type":"WebPage","@id":"https:\/\/www.belrobotics.com\/es\/zonas-dificiles\/","url":"https:\/\/www.belrobotics.com\/es\/zonas-dificiles\/","name":"Zonas dif\u00edciles - Belrobotics","isPartOf":{"@id":"https:\/\/www.belrobotics.com\/es\/#website"},"primaryImageOfPage":{"@id":"https:\/\/www.belrobotics.com\/es\/zonas-dificiles\/#primaryimage"},"image":{"@id":"https:\/\/www.belrobotics.com\/es\/zonas-dificiles\/#primaryimage"},"thumbnailUrl":"https:\/\/www.belrobotics.com\/wp-content\/uploads\/2019\/05\/shutterstock_308515325.jpg","datePublished":"2019-01-21T14:12:33+00:00","dateModified":"2019-07-19T08:43:58+00:00","breadcrumb":{"@id":"https:\/\/www.belrobotics.com\/es\/zonas-dificiles\/#breadcrumb"},"inLanguage":"es","potentialAction":[{"@type":"ReadAction","target":["https:\/\/www.belrobotics.com\/es\/zonas-dificiles\/"]}]},{"@type":"ImageObject","inLanguage":"es","@id":"https:\/\/www.belrobotics.com\/es\/zonas-dificiles\/#primaryimage","url":"https:\/\/www.belrobotics.com\/wp-content\/uploads\/2019\/05\/shutterstock_308515325.jpg","contentUrl":"https:\/\/www.belrobotics.com\/wp-content\/uploads\/2019\/05\/shutterstock_308515325.jpg","width":3000,"height":1997},{"@type":"BreadcrumbList","@id":"https:\/\/www.belrobotics.com\/es\/zonas-dificiles\/#breadcrumb","itemListElement":[{"@type":"ListItem","position":1,"name":"Home","item":"https:\/\/www.belrobotics.com\/es\/"},{"@type":"ListItem","position":2,"name":"Zonas dif\u00edciles"}]},{"@type":"WebSite","@id":"https:\/\/www.belrobotics.com\/es\/#website","url":"https:\/\/www.belrobotics.com\/es\/","name":"Belrobotics","description":"The grass masters","publisher":{"@id":"https:\/\/www.belrobotics.com\/es\/#organization"},"potentialAction":[{"@type":"SearchAction","target":{"@type":"EntryPoint","urlTemplate":"https:\/\/www.belrobotics.com\/es\/?s={search_term_string}"},"query-input":{"@type":"PropertyValueSpecification","valueRequired":true,"valueName":"search_term_string"}}],"inLanguage":"es"},{"@type":"Organization","@id":"https:\/\/www.belrobotics.com\/es\/#organization","name":"Belrobotics","url":"https:\/\/www.belrobotics.com\/es\/","logo":{"@type":"ImageObject","inLanguage":"es","@id":"https:\/\/www.belrobotics.com\/es\/#\/schema\/logo\/image\/","url":"https:\/\/www.belrobotics.com\/wp-content\/uploads\/2019\/01\/logo-belrobotics.svg","contentUrl":"https:\/\/www.belrobotics.com\/wp-content\/uploads\/2019\/01\/logo-belrobotics.svg","width":100,"height":16,"caption":"Belrobotics"},"image":{"@id":"https:\/\/www.belrobotics.com\/es\/#\/schema\/logo\/image\/"},"sameAs":["https:\/\/www.facebook.com\/belrobotics","https:\/\/www.youtube.com\/channel\/UCYgWBPRzEdXmUqLRL0JbUIw","https:\/\/www.instagram.com\/belrobotics_europe\/"]}]}},"_links":{"self":[{"href":"https:\/\/www.belrobotics.com\/es\/wp-json\/wp\/v2\/pages\/5791","targetHints":{"allow":["GET"]}}],"collection":[{"href":"https:\/\/www.belrobotics.com\/es\/wp-json\/wp\/v2\/pages"}],"about":[{"href":"https:\/\/www.belrobotics.com\/es\/wp-json\/wp\/v2\/types\/page"}],"author":[{"embeddable":true,"href":"https:\/\/www.belrobotics.com\/es\/wp-json\/wp\/v2\/users\/9"}],"replies":[{"embeddable":true,"href":"https:\/\/www.belrobotics.com\/es\/wp-json\/wp\/v2\/comments?post=5791"}],"version-history":[{"count":0,"href":"https:\/\/www.belrobotics.com\/es\/wp-json\/wp\/v2\/pages\/5791\/revisions"}],"wp:featuredmedia":[{"embeddable":true,"href":"https:\/\/www.belrobotics.com\/es\/wp-json\/wp\/v2\/media\/5071"}],"wp:attachment":[{"href":"https:\/\/www.belrobotics.com\/es\/wp-json\/wp\/v2\/media?parent=5791"}],"curies":[{"name":"wp","href":"https:\/\/api.w.org\/{rel}","templated":true}]}}