{"id":5789,"date":"2019-04-12T13:40:52","date_gmt":"2019-04-12T12:40:52","guid":{"rendered":"https:\/\/belrobotics.andromede.digital\/parques-y-jardines\/"},"modified":"2025-01-27T15:41:50","modified_gmt":"2025-01-27T14:41:50","slug":"parques-y-jardines","status":"publish","type":"page","link":"https:\/\/www.belrobotics.com\/es\/parques-y-jardines\/","title":{"rendered":"Parques y jardines"},"content":{"rendered":"<h3>Conf\u00edele sus terrenos de gran superficie<\/h3>\n<p>Parcmow puede asumir el mantenimiento de hasta 12.000 m\u00b2 de c\u00e9sped. Es el cortac\u00e9sped autom\u00e1tico mejor adaptado para organismos p\u00fablicos y empresas que deben gestionar espacios verdes de hasta 12.000 m\u00b2. Parcmow se encarga del mantenimiento de sus terrenos con total autonom\u00eda. Prep\u00e1rese para ahorrar tiempo y dinero como nunca antes lo hab\u00eda hecho.<\/p>\n","protected":false},"excerpt":{"rendered":"<p>Conf\u00edele sus terrenos de gran superficie Parcmow puede asumir el mantenimiento de hasta 12.000 m\u00b2 de c\u00e9sped. Es el cortac\u00e9sped autom\u00e1tico mejor adaptado para organismos p\u00fablicos y empresas que deben gestionar espacios verdes de hasta 12.000 m\u00b2. Parcmow se encarga del mantenimiento de sus terrenos con total autonom\u00eda. Prep\u00e1rese para ahorrar tiempo y dinero como [&hellip;]<\/p>\n","protected":false},"author":9,"featured_media":3922,"parent":0,"menu_order":0,"comment_status":"closed","ping_status":"closed","template":"utilisation.php","meta":{"_acf_changed":false,"footnotes":""},"class_list":["post-5789","page","type-page","status-publish","has-post-thumbnail","hentry"],"acf":[],"yoast_head":"<!-- This site is optimized with the Yoast SEO plugin v26.9 - https:\/\/yoast.com\/product\/yoast-seo-wordpress\/ -->\n<title>Parques y jardines - Belrobotics<\/title>\n<meta name=\"robots\" content=\"index, follow, max-snippet:-1, max-image-preview:large, max-video-preview:-1\" \/>\n<link rel=\"canonical\" href=\"https:\/\/www.belrobotics.com\/es\/parques-y-jardines\/\" \/>\n<meta property=\"og:locale\" content=\"es_ES\" \/>\n<meta property=\"og:type\" content=\"article\" \/>\n<meta property=\"og:title\" content=\"Parques y jardines - Belrobotics\" \/>\n<meta property=\"og:description\" content=\"Conf\u00edele sus terrenos de gran superficie Parcmow puede asumir el mantenimiento de hasta 12.000 m\u00b2 de c\u00e9sped. Es el cortac\u00e9sped autom\u00e1tico mejor adaptado para organismos p\u00fablicos y empresas que deben gestionar espacios verdes de hasta 12.000 m\u00b2. Parcmow se encarga del mantenimiento de sus terrenos con total autonom\u00eda. Prep\u00e1rese para ahorrar tiempo y dinero como [&hellip;]\" \/>\n<meta property=\"og:url\" content=\"https:\/\/www.belrobotics.com\/es\/parques-y-jardines\/\" \/>\n<meta property=\"og:site_name\" content=\"Belrobotics\" \/>\n<meta property=\"article:publisher\" content=\"https:\/\/www.facebook.com\/belrobotics\" \/>\n<meta property=\"article:modified_time\" content=\"2025-01-27T14:41:50+00:00\" \/>\n<meta property=\"og:image\" content=\"https:\/\/www.belrobotics.com\/wp-content\/uploads\/2019\/01\/belrobotics-HD_30-1024x683.jpg\" \/>\n\t<meta property=\"og:image:width\" content=\"1024\" \/>\n\t<meta property=\"og:image:height\" content=\"683\" \/>\n\t<meta property=\"og:image:type\" content=\"image\/jpeg\" \/>\n<meta name=\"twitter:card\" content=\"summary_large_image\" \/>\n<meta name=\"twitter:label1\" content=\"Tiempo de lectura\" \/>\n\t<meta name=\"twitter:data1\" content=\"5 minutos\" \/>\n<script type=\"application\/ld+json\" class=\"yoast-schema-graph\">{\"@context\":\"https:\/\/schema.org\",\"@graph\":[{\"@type\":\"WebPage\",\"@id\":\"https:\/\/www.belrobotics.com\/es\/parques-y-jardines\/\",\"url\":\"https:\/\/www.belrobotics.com\/es\/parques-y-jardines\/\",\"name\":\"Parques y jardines - Belrobotics\",\"isPartOf\":{\"@id\":\"https:\/\/www.belrobotics.com\/es\/#website\"},\"primaryImageOfPage\":{\"@id\":\"https:\/\/www.belrobotics.com\/es\/parques-y-jardines\/#primaryimage\"},\"image\":{\"@id\":\"https:\/\/www.belrobotics.com\/es\/parques-y-jardines\/#primaryimage\"},\"thumbnailUrl\":\"https:\/\/www.belrobotics.com\/wp-content\/uploads\/2019\/01\/belrobotics-HD_30.jpg\",\"datePublished\":\"2019-04-12T12:40:52+00:00\",\"dateModified\":\"2025-01-27T14:41:50+00:00\",\"breadcrumb\":{\"@id\":\"https:\/\/www.belrobotics.com\/es\/parques-y-jardines\/#breadcrumb\"},\"inLanguage\":\"es\",\"potentialAction\":[{\"@type\":\"ReadAction\",\"target\":[\"https:\/\/www.belrobotics.com\/es\/parques-y-jardines\/\"]}]},{\"@type\":\"ImageObject\",\"inLanguage\":\"es\",\"@id\":\"https:\/\/www.belrobotics.com\/es\/parques-y-jardines\/#primaryimage\",\"url\":\"https:\/\/www.belrobotics.com\/wp-content\/uploads\/2019\/01\/belrobotics-HD_30.jpg\",\"contentUrl\":\"https:\/\/www.belrobotics.com\/wp-content\/uploads\/2019\/01\/belrobotics-HD_30.jpg\",\"width\":4000,\"height\":2668},{\"@type\":\"BreadcrumbList\",\"@id\":\"https:\/\/www.belrobotics.com\/es\/parques-y-jardines\/#breadcrumb\",\"itemListElement\":[{\"@type\":\"ListItem\",\"position\":1,\"name\":\"Home\",\"item\":\"https:\/\/www.belrobotics.com\/es\/\"},{\"@type\":\"ListItem\",\"position\":2,\"name\":\"Parques y jardines\"}]},{\"@type\":\"WebSite\",\"@id\":\"https:\/\/www.belrobotics.com\/es\/#website\",\"url\":\"https:\/\/www.belrobotics.com\/es\/\",\"name\":\"Belrobotics\",\"description\":\"The grass masters\",\"publisher\":{\"@id\":\"https:\/\/www.belrobotics.com\/es\/#organization\"},\"potentialAction\":[{\"@type\":\"SearchAction\",\"target\":{\"@type\":\"EntryPoint\",\"urlTemplate\":\"https:\/\/www.belrobotics.com\/es\/?s={search_term_string}\"},\"query-input\":{\"@type\":\"PropertyValueSpecification\",\"valueRequired\":true,\"valueName\":\"search_term_string\"}}],\"inLanguage\":\"es\"},{\"@type\":\"Organization\",\"@id\":\"https:\/\/www.belrobotics.com\/es\/#organization\",\"name\":\"Belrobotics\",\"url\":\"https:\/\/www.belrobotics.com\/es\/\",\"logo\":{\"@type\":\"ImageObject\",\"inLanguage\":\"es\",\"@id\":\"https:\/\/www.belrobotics.com\/es\/#\/schema\/logo\/image\/\",\"url\":\"https:\/\/www.belrobotics.com\/wp-content\/uploads\/2019\/01\/logo-belrobotics.svg\",\"contentUrl\":\"https:\/\/www.belrobotics.com\/wp-content\/uploads\/2019\/01\/logo-belrobotics.svg\",\"width\":100,\"height\":16,\"caption\":\"Belrobotics\"},\"image\":{\"@id\":\"https:\/\/www.belrobotics.com\/es\/#\/schema\/logo\/image\/\"},\"sameAs\":[\"https:\/\/www.facebook.com\/belrobotics\",\"https:\/\/www.youtube.com\/channel\/UCYgWBPRzEdXmUqLRL0JbUIw\",\"https:\/\/www.instagram.com\/belrobotics_europe\/\"]}]}<\/script>\n<!-- \/ Yoast SEO plugin. -->","yoast_head_json":{"title":"Parques y jardines - Belrobotics","robots":{"index":"index","follow":"follow","max-snippet":"max-snippet:-1","max-image-preview":"max-image-preview:large","max-video-preview":"max-video-preview:-1"},"canonical":"https:\/\/www.belrobotics.com\/es\/parques-y-jardines\/","og_locale":"es_ES","og_type":"article","og_title":"Parques y jardines - Belrobotics","og_description":"Conf\u00edele sus terrenos de gran superficie Parcmow puede asumir el mantenimiento de hasta 12.000 m\u00b2 de c\u00e9sped. Es el cortac\u00e9sped autom\u00e1tico mejor adaptado para organismos p\u00fablicos y empresas que deben gestionar espacios verdes de hasta 12.000 m\u00b2. Parcmow se encarga del mantenimiento de sus terrenos con total autonom\u00eda. Prep\u00e1rese para ahorrar tiempo y dinero como [&hellip;]","og_url":"https:\/\/www.belrobotics.com\/es\/parques-y-jardines\/","og_site_name":"Belrobotics","article_publisher":"https:\/\/www.facebook.com\/belrobotics","article_modified_time":"2025-01-27T14:41:50+00:00","og_image":[{"width":1024,"height":683,"url":"https:\/\/www.belrobotics.com\/wp-content\/uploads\/2019\/01\/belrobotics-HD_30-1024x683.jpg","type":"image\/jpeg"}],"twitter_card":"summary_large_image","twitter_misc":{"Tiempo de lectura":"5 minutos"},"schema":{"@context":"https:\/\/schema.org","@graph":[{"@type":"WebPage","@id":"https:\/\/www.belrobotics.com\/es\/parques-y-jardines\/","url":"https:\/\/www.belrobotics.com\/es\/parques-y-jardines\/","name":"Parques y jardines - Belrobotics","isPartOf":{"@id":"https:\/\/www.belrobotics.com\/es\/#website"},"primaryImageOfPage":{"@id":"https:\/\/www.belrobotics.com\/es\/parques-y-jardines\/#primaryimage"},"image":{"@id":"https:\/\/www.belrobotics.com\/es\/parques-y-jardines\/#primaryimage"},"thumbnailUrl":"https:\/\/www.belrobotics.com\/wp-content\/uploads\/2019\/01\/belrobotics-HD_30.jpg","datePublished":"2019-04-12T12:40:52+00:00","dateModified":"2025-01-27T14:41:50+00:00","breadcrumb":{"@id":"https:\/\/www.belrobotics.com\/es\/parques-y-jardines\/#breadcrumb"},"inLanguage":"es","potentialAction":[{"@type":"ReadAction","target":["https:\/\/www.belrobotics.com\/es\/parques-y-jardines\/"]}]},{"@type":"ImageObject","inLanguage":"es","@id":"https:\/\/www.belrobotics.com\/es\/parques-y-jardines\/#primaryimage","url":"https:\/\/www.belrobotics.com\/wp-content\/uploads\/2019\/01\/belrobotics-HD_30.jpg","contentUrl":"https:\/\/www.belrobotics.com\/wp-content\/uploads\/2019\/01\/belrobotics-HD_30.jpg","width":4000,"height":2668},{"@type":"BreadcrumbList","@id":"https:\/\/www.belrobotics.com\/es\/parques-y-jardines\/#breadcrumb","itemListElement":[{"@type":"ListItem","position":1,"name":"Home","item":"https:\/\/www.belrobotics.com\/es\/"},{"@type":"ListItem","position":2,"name":"Parques y jardines"}]},{"@type":"WebSite","@id":"https:\/\/www.belrobotics.com\/es\/#website","url":"https:\/\/www.belrobotics.com\/es\/","name":"Belrobotics","description":"The grass masters","publisher":{"@id":"https:\/\/www.belrobotics.com\/es\/#organization"},"potentialAction":[{"@type":"SearchAction","target":{"@type":"EntryPoint","urlTemplate":"https:\/\/www.belrobotics.com\/es\/?s={search_term_string}"},"query-input":{"@type":"PropertyValueSpecification","valueRequired":true,"valueName":"search_term_string"}}],"inLanguage":"es"},{"@type":"Organization","@id":"https:\/\/www.belrobotics.com\/es\/#organization","name":"Belrobotics","url":"https:\/\/www.belrobotics.com\/es\/","logo":{"@type":"ImageObject","inLanguage":"es","@id":"https:\/\/www.belrobotics.com\/es\/#\/schema\/logo\/image\/","url":"https:\/\/www.belrobotics.com\/wp-content\/uploads\/2019\/01\/logo-belrobotics.svg","contentUrl":"https:\/\/www.belrobotics.com\/wp-content\/uploads\/2019\/01\/logo-belrobotics.svg","width":100,"height":16,"caption":"Belrobotics"},"image":{"@id":"https:\/\/www.belrobotics.com\/es\/#\/schema\/logo\/image\/"},"sameAs":["https:\/\/www.facebook.com\/belrobotics","https:\/\/www.youtube.com\/channel\/UCYgWBPRzEdXmUqLRL0JbUIw","https:\/\/www.instagram.com\/belrobotics_europe\/"]}]}},"_links":{"self":[{"href":"https:\/\/www.belrobotics.com\/es\/wp-json\/wp\/v2\/pages\/5789","targetHints":{"allow":["GET"]}}],"collection":[{"href":"https:\/\/www.belrobotics.com\/es\/wp-json\/wp\/v2\/pages"}],"about":[{"href":"https:\/\/www.belrobotics.com\/es\/wp-json\/wp\/v2\/types\/page"}],"author":[{"embeddable":true,"href":"https:\/\/www.belrobotics.com\/es\/wp-json\/wp\/v2\/users\/9"}],"replies":[{"embeddable":true,"href":"https:\/\/www.belrobotics.com\/es\/wp-json\/wp\/v2\/comments?post=5789"}],"version-history":[{"count":1,"href":"https:\/\/www.belrobotics.com\/es\/wp-json\/wp\/v2\/pages\/5789\/revisions"}],"predecessor-version":[{"id":25294,"href":"https:\/\/www.belrobotics.com\/es\/wp-json\/wp\/v2\/pages\/5789\/revisions\/25294"}],"wp:featuredmedia":[{"embeddable":true,"href":"https:\/\/www.belrobotics.com\/es\/wp-json\/wp\/v2\/media\/3922"}],"wp:attachment":[{"href":"https:\/\/www.belrobotics.com\/es\/wp-json\/wp\/v2\/media?parent=5789"}],"curies":[{"name":"wp","href":"https:\/\/api.w.org\/{rel}","templated":true}]}}