{"id":5786,"date":"2019-01-21T15:11:31","date_gmt":"2019-01-21T14:11:31","guid":{"rendered":"https:\/\/belrobotics.andromede.digital\/empresas\/"},"modified":"2023-07-06T09:00:42","modified_gmt":"2023-07-06T08:00:42","slug":"empresas","status":"publish","type":"page","link":"https:\/\/www.belrobotics.com\/es\/empresas\/","title":{"rendered":"Empresas"},"content":{"rendered":"<h3>El robot cortac\u00e9sped m\u00e1s eficaz del mundo<\/h3>\n<p>Bigmow puede asumir el mantenimiento de hasta 24.000 m\u00b2 de c\u00e9sped. Es un aut\u00e9ntico deportista al servicio de su negocio. Descubra su funcionamiento silencioso, su bajo consumo energ\u00e9tico y su capacidad para adaptarse a todos los terrenos. Puede responder a los desaf\u00edos de terrenos deportivos, campos de pr\u00e1cticas y <strong>campos de golf<\/strong>, as\u00ed como de espacios p\u00fablicos.<\/p>\n","protected":false},"excerpt":{"rendered":"<p>El robot cortac\u00e9sped m\u00e1s eficaz del mundo Bigmow puede asumir el mantenimiento de hasta 24.000 m\u00b2 de c\u00e9sped. Es un aut\u00e9ntico deportista al servicio de su negocio. Descubra su funcionamiento silencioso, su bajo consumo energ\u00e9tico y su capacidad para adaptarse a todos los terrenos. Puede responder a los desaf\u00edos de terrenos deportivos, campos de pr\u00e1cticas [&hellip;]<\/p>\n","protected":false},"author":9,"featured_media":2135,"parent":0,"menu_order":0,"comment_status":"closed","ping_status":"closed","template":"utilisation.php","meta":{"_acf_changed":false,"footnotes":""},"class_list":["post-5786","page","type-page","status-publish","has-post-thumbnail","hentry"],"acf":[],"yoast_head":"<!-- This site is optimized with the Yoast SEO plugin v26.9 - https:\/\/yoast.com\/product\/yoast-seo-wordpress\/ -->\n<title>Empresas - Belrobotics<\/title>\n<meta name=\"robots\" content=\"index, follow, max-snippet:-1, max-image-preview:large, max-video-preview:-1\" \/>\n<link rel=\"canonical\" href=\"https:\/\/www.belrobotics.com\/es\/empresas\/\" \/>\n<meta property=\"og:locale\" content=\"es_ES\" \/>\n<meta property=\"og:type\" content=\"article\" \/>\n<meta property=\"og:title\" content=\"Empresas - Belrobotics\" \/>\n<meta property=\"og:description\" content=\"El robot cortac\u00e9sped m\u00e1s eficaz del mundo Bigmow puede asumir el mantenimiento de hasta 24.000 m\u00b2 de c\u00e9sped. Es un aut\u00e9ntico deportista al servicio de su negocio. Descubra su funcionamiento silencioso, su bajo consumo energ\u00e9tico y su capacidad para adaptarse a todos los terrenos. Puede responder a los desaf\u00edos de terrenos deportivos, campos de pr\u00e1cticas [&hellip;]\" \/>\n<meta property=\"og:url\" content=\"https:\/\/www.belrobotics.com\/es\/empresas\/\" \/>\n<meta property=\"og:site_name\" content=\"Belrobotics\" \/>\n<meta property=\"article:publisher\" content=\"https:\/\/www.facebook.com\/belrobotics\" \/>\n<meta property=\"article:modified_time\" content=\"2023-07-06T08:00:42+00:00\" \/>\n<meta property=\"og:image\" content=\"https:\/\/www.belrobotics.com\/wp-content\/uploads\/2019\/01\/big-mow-action-3.jpg\" \/>\n\t<meta property=\"og:image:width\" content=\"2251\" \/>\n\t<meta property=\"og:image:height\" content=\"1745\" \/>\n\t<meta property=\"og:image:type\" content=\"image\/jpeg\" \/>\n<meta name=\"twitter:card\" content=\"summary_large_image\" \/>\n<meta name=\"twitter:label1\" content=\"Tiempo de lectura\" \/>\n\t<meta name=\"twitter:data1\" content=\"1 minuto\" \/>\n<script type=\"application\/ld+json\" class=\"yoast-schema-graph\">{\"@context\":\"https:\/\/schema.org\",\"@graph\":[{\"@type\":\"WebPage\",\"@id\":\"https:\/\/www.belrobotics.com\/es\/empresas\/\",\"url\":\"https:\/\/www.belrobotics.com\/es\/empresas\/\",\"name\":\"Empresas - Belrobotics\",\"isPartOf\":{\"@id\":\"https:\/\/www.belrobotics.com\/es\/#website\"},\"primaryImageOfPage\":{\"@id\":\"https:\/\/www.belrobotics.com\/es\/empresas\/#primaryimage\"},\"image\":{\"@id\":\"https:\/\/www.belrobotics.com\/es\/empresas\/#primaryimage\"},\"thumbnailUrl\":\"https:\/\/www.belrobotics.com\/wp-content\/uploads\/2019\/01\/big-mow-action-3.jpg\",\"datePublished\":\"2019-01-21T14:11:31+00:00\",\"dateModified\":\"2023-07-06T08:00:42+00:00\",\"breadcrumb\":{\"@id\":\"https:\/\/www.belrobotics.com\/es\/empresas\/#breadcrumb\"},\"inLanguage\":\"es\",\"potentialAction\":[{\"@type\":\"ReadAction\",\"target\":[\"https:\/\/www.belrobotics.com\/es\/empresas\/\"]}]},{\"@type\":\"ImageObject\",\"inLanguage\":\"es\",\"@id\":\"https:\/\/www.belrobotics.com\/es\/empresas\/#primaryimage\",\"url\":\"https:\/\/www.belrobotics.com\/wp-content\/uploads\/2019\/01\/big-mow-action-3.jpg\",\"contentUrl\":\"https:\/\/www.belrobotics.com\/wp-content\/uploads\/2019\/01\/big-mow-action-3.jpg\",\"width\":2251,\"height\":1745},{\"@type\":\"BreadcrumbList\",\"@id\":\"https:\/\/www.belrobotics.com\/es\/empresas\/#breadcrumb\",\"itemListElement\":[{\"@type\":\"ListItem\",\"position\":1,\"name\":\"Home\",\"item\":\"https:\/\/www.belrobotics.com\/es\/\"},{\"@type\":\"ListItem\",\"position\":2,\"name\":\"Empresas\"}]},{\"@type\":\"WebSite\",\"@id\":\"https:\/\/www.belrobotics.com\/es\/#website\",\"url\":\"https:\/\/www.belrobotics.com\/es\/\",\"name\":\"Belrobotics\",\"description\":\"The grass masters\",\"publisher\":{\"@id\":\"https:\/\/www.belrobotics.com\/es\/#organization\"},\"potentialAction\":[{\"@type\":\"SearchAction\",\"target\":{\"@type\":\"EntryPoint\",\"urlTemplate\":\"https:\/\/www.belrobotics.com\/es\/?s={search_term_string}\"},\"query-input\":{\"@type\":\"PropertyValueSpecification\",\"valueRequired\":true,\"valueName\":\"search_term_string\"}}],\"inLanguage\":\"es\"},{\"@type\":\"Organization\",\"@id\":\"https:\/\/www.belrobotics.com\/es\/#organization\",\"name\":\"Belrobotics\",\"url\":\"https:\/\/www.belrobotics.com\/es\/\",\"logo\":{\"@type\":\"ImageObject\",\"inLanguage\":\"es\",\"@id\":\"https:\/\/www.belrobotics.com\/es\/#\/schema\/logo\/image\/\",\"url\":\"https:\/\/www.belrobotics.com\/wp-content\/uploads\/2019\/01\/logo-belrobotics.svg\",\"contentUrl\":\"https:\/\/www.belrobotics.com\/wp-content\/uploads\/2019\/01\/logo-belrobotics.svg\",\"width\":100,\"height\":16,\"caption\":\"Belrobotics\"},\"image\":{\"@id\":\"https:\/\/www.belrobotics.com\/es\/#\/schema\/logo\/image\/\"},\"sameAs\":[\"https:\/\/www.facebook.com\/belrobotics\",\"https:\/\/www.youtube.com\/channel\/UCYgWBPRzEdXmUqLRL0JbUIw\",\"https:\/\/www.instagram.com\/belrobotics_europe\/\"]}]}<\/script>\n<!-- \/ Yoast SEO plugin. -->","yoast_head_json":{"title":"Empresas - Belrobotics","robots":{"index":"index","follow":"follow","max-snippet":"max-snippet:-1","max-image-preview":"max-image-preview:large","max-video-preview":"max-video-preview:-1"},"canonical":"https:\/\/www.belrobotics.com\/es\/empresas\/","og_locale":"es_ES","og_type":"article","og_title":"Empresas - Belrobotics","og_description":"El robot cortac\u00e9sped m\u00e1s eficaz del mundo Bigmow puede asumir el mantenimiento de hasta 24.000 m\u00b2 de c\u00e9sped. Es un aut\u00e9ntico deportista al servicio de su negocio. Descubra su funcionamiento silencioso, su bajo consumo energ\u00e9tico y su capacidad para adaptarse a todos los terrenos. Puede responder a los desaf\u00edos de terrenos deportivos, campos de pr\u00e1cticas [&hellip;]","og_url":"https:\/\/www.belrobotics.com\/es\/empresas\/","og_site_name":"Belrobotics","article_publisher":"https:\/\/www.facebook.com\/belrobotics","article_modified_time":"2023-07-06T08:00:42+00:00","og_image":[{"width":2251,"height":1745,"url":"https:\/\/www.belrobotics.com\/wp-content\/uploads\/2019\/01\/big-mow-action-3.jpg","type":"image\/jpeg"}],"twitter_card":"summary_large_image","twitter_misc":{"Tiempo de lectura":"1 minuto"},"schema":{"@context":"https:\/\/schema.org","@graph":[{"@type":"WebPage","@id":"https:\/\/www.belrobotics.com\/es\/empresas\/","url":"https:\/\/www.belrobotics.com\/es\/empresas\/","name":"Empresas - Belrobotics","isPartOf":{"@id":"https:\/\/www.belrobotics.com\/es\/#website"},"primaryImageOfPage":{"@id":"https:\/\/www.belrobotics.com\/es\/empresas\/#primaryimage"},"image":{"@id":"https:\/\/www.belrobotics.com\/es\/empresas\/#primaryimage"},"thumbnailUrl":"https:\/\/www.belrobotics.com\/wp-content\/uploads\/2019\/01\/big-mow-action-3.jpg","datePublished":"2019-01-21T14:11:31+00:00","dateModified":"2023-07-06T08:00:42+00:00","breadcrumb":{"@id":"https:\/\/www.belrobotics.com\/es\/empresas\/#breadcrumb"},"inLanguage":"es","potentialAction":[{"@type":"ReadAction","target":["https:\/\/www.belrobotics.com\/es\/empresas\/"]}]},{"@type":"ImageObject","inLanguage":"es","@id":"https:\/\/www.belrobotics.com\/es\/empresas\/#primaryimage","url":"https:\/\/www.belrobotics.com\/wp-content\/uploads\/2019\/01\/big-mow-action-3.jpg","contentUrl":"https:\/\/www.belrobotics.com\/wp-content\/uploads\/2019\/01\/big-mow-action-3.jpg","width":2251,"height":1745},{"@type":"BreadcrumbList","@id":"https:\/\/www.belrobotics.com\/es\/empresas\/#breadcrumb","itemListElement":[{"@type":"ListItem","position":1,"name":"Home","item":"https:\/\/www.belrobotics.com\/es\/"},{"@type":"ListItem","position":2,"name":"Empresas"}]},{"@type":"WebSite","@id":"https:\/\/www.belrobotics.com\/es\/#website","url":"https:\/\/www.belrobotics.com\/es\/","name":"Belrobotics","description":"The grass masters","publisher":{"@id":"https:\/\/www.belrobotics.com\/es\/#organization"},"potentialAction":[{"@type":"SearchAction","target":{"@type":"EntryPoint","urlTemplate":"https:\/\/www.belrobotics.com\/es\/?s={search_term_string}"},"query-input":{"@type":"PropertyValueSpecification","valueRequired":true,"valueName":"search_term_string"}}],"inLanguage":"es"},{"@type":"Organization","@id":"https:\/\/www.belrobotics.com\/es\/#organization","name":"Belrobotics","url":"https:\/\/www.belrobotics.com\/es\/","logo":{"@type":"ImageObject","inLanguage":"es","@id":"https:\/\/www.belrobotics.com\/es\/#\/schema\/logo\/image\/","url":"https:\/\/www.belrobotics.com\/wp-content\/uploads\/2019\/01\/logo-belrobotics.svg","contentUrl":"https:\/\/www.belrobotics.com\/wp-content\/uploads\/2019\/01\/logo-belrobotics.svg","width":100,"height":16,"caption":"Belrobotics"},"image":{"@id":"https:\/\/www.belrobotics.com\/es\/#\/schema\/logo\/image\/"},"sameAs":["https:\/\/www.facebook.com\/belrobotics","https:\/\/www.youtube.com\/channel\/UCYgWBPRzEdXmUqLRL0JbUIw","https:\/\/www.instagram.com\/belrobotics_europe\/"]}]}},"_links":{"self":[{"href":"https:\/\/www.belrobotics.com\/es\/wp-json\/wp\/v2\/pages\/5786","targetHints":{"allow":["GET"]}}],"collection":[{"href":"https:\/\/www.belrobotics.com\/es\/wp-json\/wp\/v2\/pages"}],"about":[{"href":"https:\/\/www.belrobotics.com\/es\/wp-json\/wp\/v2\/types\/page"}],"author":[{"embeddable":true,"href":"https:\/\/www.belrobotics.com\/es\/wp-json\/wp\/v2\/users\/9"}],"replies":[{"embeddable":true,"href":"https:\/\/www.belrobotics.com\/es\/wp-json\/wp\/v2\/comments?post=5786"}],"version-history":[{"count":2,"href":"https:\/\/www.belrobotics.com\/es\/wp-json\/wp\/v2\/pages\/5786\/revisions"}],"predecessor-version":[{"id":25297,"href":"https:\/\/www.belrobotics.com\/es\/wp-json\/wp\/v2\/pages\/5786\/revisions\/25297"}],"wp:featuredmedia":[{"embeddable":true,"href":"https:\/\/www.belrobotics.com\/es\/wp-json\/wp\/v2\/media\/2135"}],"wp:attachment":[{"href":"https:\/\/www.belrobotics.com\/es\/wp-json\/wp\/v2\/media?parent=5786"}],"curies":[{"name":"wp","href":"https:\/\/api.w.org\/{rel}","templated":true}]}}