{"id":5782,"date":"2019-05-27T14:48:30","date_gmt":"2019-05-27T13:48:30","guid":{"rendered":"https:\/\/belrobotics.andromede.digital\/clubes-de-golf\/"},"modified":"2024-03-20T17:38:48","modified_gmt":"2024-03-20T16:38:48","slug":"clubes-de-golf","status":"publish","type":"page","link":"https:\/\/www.belrobotics.com\/es\/clubes-de-golf\/","title":{"rendered":"Clubes de golf"},"content":{"rendered":"<h3>Automatice el mantenimiento de su c\u00e9sped con el corte y la recogida de bolas en el campo de pr\u00e1cticas<\/h3>\n<p>Mientras el cortac\u00e9sped de golf Bigmow mantiene el c\u00e9sped, prestando especial atenci\u00f3n a la siega del rough y del semi-rough en la calle, el Ballpicker est\u00e1 ocupado en su campo de pr\u00e1cticas recogiendo bolas. Este d\u00fao trabaja en armon\u00eda, ofreciendo a los greenkeepers una soluci\u00f3n de automatizaci\u00f3n completa y eficaz. De d\u00eda o de noche, delegue la gesti\u00f3n de una superficie de hasta 75.000 m\u00b2 a nuestro Bigmow y de 45.000 m\u00b2 a nuestro Ballpicker, garantizando al mismo tiempo la recogida de hasta 15.000 bolas por per\u00edodo de 24 horas.<\/p>\n","protected":false},"excerpt":{"rendered":"<p>Automatice el mantenimiento de su c\u00e9sped con el corte y la recogida de bolas en el campo de pr\u00e1cticas Mientras el cortac\u00e9sped de golf Bigmow mantiene el c\u00e9sped, prestando especial atenci\u00f3n a la siega del rough y del semi-rough en la calle, el Ballpicker est\u00e1 ocupado en su campo de pr\u00e1cticas recogiendo bolas. Este d\u00fao [&hellip;]<\/p>\n","protected":false},"author":9,"featured_media":34169,"parent":0,"menu_order":0,"comment_status":"closed","ping_status":"closed","template":"utilisation.php","meta":{"_acf_changed":false,"footnotes":""},"class_list":["post-5782","page","type-page","status-publish","has-post-thumbnail","hentry"],"acf":[],"yoast_head":"<!-- This site is optimized with the Yoast SEO plugin v26.9 - https:\/\/yoast.com\/product\/yoast-seo-wordpress\/ -->\n<title>Clubes de golf - Belrobotics<\/title>\n<meta name=\"robots\" content=\"index, follow, max-snippet:-1, max-image-preview:large, max-video-preview:-1\" \/>\n<link rel=\"canonical\" href=\"https:\/\/www.belrobotics.com\/es\/clubes-de-golf\/\" \/>\n<meta property=\"og:locale\" content=\"es_ES\" \/>\n<meta property=\"og:type\" content=\"article\" \/>\n<meta property=\"og:title\" content=\"Clubes de golf - Belrobotics\" \/>\n<meta property=\"og:description\" content=\"Automatice el mantenimiento de su c\u00e9sped con el corte y la recogida de bolas en el campo de pr\u00e1cticas Mientras el cortac\u00e9sped de golf Bigmow mantiene el c\u00e9sped, prestando especial atenci\u00f3n a la siega del rough y del semi-rough en la calle, el Ballpicker est\u00e1 ocupado en su campo de pr\u00e1cticas recogiendo bolas. Este d\u00fao [&hellip;]\" \/>\n<meta property=\"og:url\" content=\"https:\/\/www.belrobotics.com\/es\/clubes-de-golf\/\" \/>\n<meta property=\"og:site_name\" content=\"Belrobotics\" \/>\n<meta property=\"article:publisher\" content=\"https:\/\/www.facebook.com\/belrobotics\" \/>\n<meta property=\"article:modified_time\" content=\"2024-03-20T16:38:48+00:00\" \/>\n<meta property=\"og:image\" content=\"https:\/\/www.belrobotics.com\/wp-content\/uploads\/2024\/03\/Mowers-scaled.webp\" \/>\n\t<meta property=\"og:image:width\" content=\"2560\" \/>\n\t<meta property=\"og:image:height\" content=\"1707\" \/>\n\t<meta property=\"og:image:type\" content=\"image\/webp\" \/>\n<meta name=\"twitter:card\" content=\"summary_large_image\" \/>\n<meta name=\"twitter:label1\" content=\"Tiempo de lectura\" \/>\n\t<meta name=\"twitter:data1\" content=\"4 minutos\" \/>\n<script type=\"application\/ld+json\" class=\"yoast-schema-graph\">{\"@context\":\"https:\/\/schema.org\",\"@graph\":[{\"@type\":\"WebPage\",\"@id\":\"https:\/\/www.belrobotics.com\/es\/clubes-de-golf\/\",\"url\":\"https:\/\/www.belrobotics.com\/es\/clubes-de-golf\/\",\"name\":\"Clubes de golf - Belrobotics\",\"isPartOf\":{\"@id\":\"https:\/\/www.belrobotics.com\/es\/#website\"},\"primaryImageOfPage\":{\"@id\":\"https:\/\/www.belrobotics.com\/es\/clubes-de-golf\/#primaryimage\"},\"image\":{\"@id\":\"https:\/\/www.belrobotics.com\/es\/clubes-de-golf\/#primaryimage\"},\"thumbnailUrl\":\"https:\/\/www.belrobotics.com\/wp-content\/uploads\/2024\/03\/Mowers-scaled.webp\",\"datePublished\":\"2019-05-27T13:48:30+00:00\",\"dateModified\":\"2024-03-20T16:38:48+00:00\",\"breadcrumb\":{\"@id\":\"https:\/\/www.belrobotics.com\/es\/clubes-de-golf\/#breadcrumb\"},\"inLanguage\":\"es\",\"potentialAction\":[{\"@type\":\"ReadAction\",\"target\":[\"https:\/\/www.belrobotics.com\/es\/clubes-de-golf\/\"]}]},{\"@type\":\"ImageObject\",\"inLanguage\":\"es\",\"@id\":\"https:\/\/www.belrobotics.com\/es\/clubes-de-golf\/#primaryimage\",\"url\":\"https:\/\/www.belrobotics.com\/wp-content\/uploads\/2024\/03\/Mowers-scaled.webp\",\"contentUrl\":\"https:\/\/www.belrobotics.com\/wp-content\/uploads\/2024\/03\/Mowers-scaled.webp\",\"width\":2560,\"height\":1707},{\"@type\":\"BreadcrumbList\",\"@id\":\"https:\/\/www.belrobotics.com\/es\/clubes-de-golf\/#breadcrumb\",\"itemListElement\":[{\"@type\":\"ListItem\",\"position\":1,\"name\":\"Home\",\"item\":\"https:\/\/www.belrobotics.com\/es\/\"},{\"@type\":\"ListItem\",\"position\":2,\"name\":\"Clubes de golf\"}]},{\"@type\":\"WebSite\",\"@id\":\"https:\/\/www.belrobotics.com\/es\/#website\",\"url\":\"https:\/\/www.belrobotics.com\/es\/\",\"name\":\"Belrobotics\",\"description\":\"The grass masters\",\"publisher\":{\"@id\":\"https:\/\/www.belrobotics.com\/es\/#organization\"},\"potentialAction\":[{\"@type\":\"SearchAction\",\"target\":{\"@type\":\"EntryPoint\",\"urlTemplate\":\"https:\/\/www.belrobotics.com\/es\/?s={search_term_string}\"},\"query-input\":{\"@type\":\"PropertyValueSpecification\",\"valueRequired\":true,\"valueName\":\"search_term_string\"}}],\"inLanguage\":\"es\"},{\"@type\":\"Organization\",\"@id\":\"https:\/\/www.belrobotics.com\/es\/#organization\",\"name\":\"Belrobotics\",\"url\":\"https:\/\/www.belrobotics.com\/es\/\",\"logo\":{\"@type\":\"ImageObject\",\"inLanguage\":\"es\",\"@id\":\"https:\/\/www.belrobotics.com\/es\/#\/schema\/logo\/image\/\",\"url\":\"https:\/\/www.belrobotics.com\/wp-content\/uploads\/2019\/01\/logo-belrobotics.svg\",\"contentUrl\":\"https:\/\/www.belrobotics.com\/wp-content\/uploads\/2019\/01\/logo-belrobotics.svg\",\"width\":100,\"height\":16,\"caption\":\"Belrobotics\"},\"image\":{\"@id\":\"https:\/\/www.belrobotics.com\/es\/#\/schema\/logo\/image\/\"},\"sameAs\":[\"https:\/\/www.facebook.com\/belrobotics\",\"https:\/\/www.youtube.com\/channel\/UCYgWBPRzEdXmUqLRL0JbUIw\",\"https:\/\/www.instagram.com\/belrobotics_europe\/\"]}]}<\/script>\n<!-- \/ Yoast SEO plugin. -->","yoast_head_json":{"title":"Clubes de golf - Belrobotics","robots":{"index":"index","follow":"follow","max-snippet":"max-snippet:-1","max-image-preview":"max-image-preview:large","max-video-preview":"max-video-preview:-1"},"canonical":"https:\/\/www.belrobotics.com\/es\/clubes-de-golf\/","og_locale":"es_ES","og_type":"article","og_title":"Clubes de golf - Belrobotics","og_description":"Automatice el mantenimiento de su c\u00e9sped con el corte y la recogida de bolas en el campo de pr\u00e1cticas Mientras el cortac\u00e9sped de golf Bigmow mantiene el c\u00e9sped, prestando especial atenci\u00f3n a la siega del rough y del semi-rough en la calle, el Ballpicker est\u00e1 ocupado en su campo de pr\u00e1cticas recogiendo bolas. Este d\u00fao [&hellip;]","og_url":"https:\/\/www.belrobotics.com\/es\/clubes-de-golf\/","og_site_name":"Belrobotics","article_publisher":"https:\/\/www.facebook.com\/belrobotics","article_modified_time":"2024-03-20T16:38:48+00:00","og_image":[{"width":2560,"height":1707,"url":"https:\/\/www.belrobotics.com\/wp-content\/uploads\/2024\/03\/Mowers-scaled.webp","type":"image\/webp"}],"twitter_card":"summary_large_image","twitter_misc":{"Tiempo de lectura":"4 minutos"},"schema":{"@context":"https:\/\/schema.org","@graph":[{"@type":"WebPage","@id":"https:\/\/www.belrobotics.com\/es\/clubes-de-golf\/","url":"https:\/\/www.belrobotics.com\/es\/clubes-de-golf\/","name":"Clubes de golf - Belrobotics","isPartOf":{"@id":"https:\/\/www.belrobotics.com\/es\/#website"},"primaryImageOfPage":{"@id":"https:\/\/www.belrobotics.com\/es\/clubes-de-golf\/#primaryimage"},"image":{"@id":"https:\/\/www.belrobotics.com\/es\/clubes-de-golf\/#primaryimage"},"thumbnailUrl":"https:\/\/www.belrobotics.com\/wp-content\/uploads\/2024\/03\/Mowers-scaled.webp","datePublished":"2019-05-27T13:48:30+00:00","dateModified":"2024-03-20T16:38:48+00:00","breadcrumb":{"@id":"https:\/\/www.belrobotics.com\/es\/clubes-de-golf\/#breadcrumb"},"inLanguage":"es","potentialAction":[{"@type":"ReadAction","target":["https:\/\/www.belrobotics.com\/es\/clubes-de-golf\/"]}]},{"@type":"ImageObject","inLanguage":"es","@id":"https:\/\/www.belrobotics.com\/es\/clubes-de-golf\/#primaryimage","url":"https:\/\/www.belrobotics.com\/wp-content\/uploads\/2024\/03\/Mowers-scaled.webp","contentUrl":"https:\/\/www.belrobotics.com\/wp-content\/uploads\/2024\/03\/Mowers-scaled.webp","width":2560,"height":1707},{"@type":"BreadcrumbList","@id":"https:\/\/www.belrobotics.com\/es\/clubes-de-golf\/#breadcrumb","itemListElement":[{"@type":"ListItem","position":1,"name":"Home","item":"https:\/\/www.belrobotics.com\/es\/"},{"@type":"ListItem","position":2,"name":"Clubes de golf"}]},{"@type":"WebSite","@id":"https:\/\/www.belrobotics.com\/es\/#website","url":"https:\/\/www.belrobotics.com\/es\/","name":"Belrobotics","description":"The grass masters","publisher":{"@id":"https:\/\/www.belrobotics.com\/es\/#organization"},"potentialAction":[{"@type":"SearchAction","target":{"@type":"EntryPoint","urlTemplate":"https:\/\/www.belrobotics.com\/es\/?s={search_term_string}"},"query-input":{"@type":"PropertyValueSpecification","valueRequired":true,"valueName":"search_term_string"}}],"inLanguage":"es"},{"@type":"Organization","@id":"https:\/\/www.belrobotics.com\/es\/#organization","name":"Belrobotics","url":"https:\/\/www.belrobotics.com\/es\/","logo":{"@type":"ImageObject","inLanguage":"es","@id":"https:\/\/www.belrobotics.com\/es\/#\/schema\/logo\/image\/","url":"https:\/\/www.belrobotics.com\/wp-content\/uploads\/2019\/01\/logo-belrobotics.svg","contentUrl":"https:\/\/www.belrobotics.com\/wp-content\/uploads\/2019\/01\/logo-belrobotics.svg","width":100,"height":16,"caption":"Belrobotics"},"image":{"@id":"https:\/\/www.belrobotics.com\/es\/#\/schema\/logo\/image\/"},"sameAs":["https:\/\/www.facebook.com\/belrobotics","https:\/\/www.youtube.com\/channel\/UCYgWBPRzEdXmUqLRL0JbUIw","https:\/\/www.instagram.com\/belrobotics_europe\/"]}]}},"_links":{"self":[{"href":"https:\/\/www.belrobotics.com\/es\/wp-json\/wp\/v2\/pages\/5782","targetHints":{"allow":["GET"]}}],"collection":[{"href":"https:\/\/www.belrobotics.com\/es\/wp-json\/wp\/v2\/pages"}],"about":[{"href":"https:\/\/www.belrobotics.com\/es\/wp-json\/wp\/v2\/types\/page"}],"author":[{"embeddable":true,"href":"https:\/\/www.belrobotics.com\/es\/wp-json\/wp\/v2\/users\/9"}],"replies":[{"embeddable":true,"href":"https:\/\/www.belrobotics.com\/es\/wp-json\/wp\/v2\/comments?post=5782"}],"version-history":[{"count":3,"href":"https:\/\/www.belrobotics.com\/es\/wp-json\/wp\/v2\/pages\/5782\/revisions"}],"predecessor-version":[{"id":34354,"href":"https:\/\/www.belrobotics.com\/es\/wp-json\/wp\/v2\/pages\/5782\/revisions\/34354"}],"wp:featuredmedia":[{"embeddable":true,"href":"https:\/\/www.belrobotics.com\/es\/wp-json\/wp\/v2\/media\/34169"}],"wp:attachment":[{"href":"https:\/\/www.belrobotics.com\/es\/wp-json\/wp\/v2\/media?parent=5782"}],"curies":[{"name":"wp","href":"https:\/\/api.w.org\/{rel}","templated":true}]}}