{"id":24072,"date":"2023-05-26T11:49:10","date_gmt":"2023-05-26T10:49:10","guid":{"rendered":"https:\/\/belrobotics.andromede.digital\/?page_id=24072"},"modified":"2023-06-26T11:35:58","modified_gmt":"2023-06-26T10:35:58","slug":"wisenav-robot-cortacesped-gps-rtk-inalambrico","status":"publish","type":"page","link":"https:\/\/www.belrobotics.com\/es\/wisenav-robot-cortacesped-gps-rtk-inalambrico\/","title":{"rendered":"WiseNav: robot cortac\u00e9sped GPS-RTK inal\u00e1mbrico"},"content":{"rendered":"<h3 class=\"p1\">Siega mediante patr\u00f3n de l\u00edneas rectas en modo GPS<\/h3>\n<p class=\"p3\">La tecnolog\u00eda incorporada GPS-RTK ya permite la siega mediante patr\u00f3n de l\u00edneas rectas. Gracias a la actualizaci\u00f3n de WiseNav, su robot pasa a un nivel superior de precisi\u00f3n y navega sin cable perif\u00e9rico. Tres veces m\u00e1s capacidad de siega y una reducci\u00f3n dr\u00e1stica de su carga de trabajo. Tambi\u00e9n disponible para recogepelotas de golf.<\/p>\n<h3 class=\"p1\">La actualizaci\u00f3n que estaba esperando<\/h3>\n<p class=\"p3\">Encargado de mantenimiento del c\u00e9sped, responsable de campo de f\u00fatbol, de instalaciones deportivas, de espacios verdes\u2026 En calidad de encargado del c\u00e9sped, su objetivo es optimizar la gesti\u00f3n y el mantenimiento de los campos. Descubra la \u00faltima actualizaci\u00f3n gratuita de sus robots GPS-RTK Belrobotics: una siega mediante patr\u00f3n de l\u00edneas rectas sin cable perif\u00e9rico al cent\u00edmetro.<\/p>\n","protected":false},"excerpt":{"rendered":"<p>Siega mediante patr\u00f3n de l\u00edneas rectas en modo GPS La tecnolog\u00eda incorporada GPS-RTK ya permite la siega mediante patr\u00f3n de l\u00edneas rectas. Gracias a la actualizaci\u00f3n de WiseNav, su robot pasa a un nivel superior de precisi\u00f3n y navega sin cable perif\u00e9rico. Tres veces m\u00e1s capacidad de siega y una reducci\u00f3n dr\u00e1stica de su carga [&hellip;]<\/p>\n","protected":false},"author":9,"featured_media":23970,"parent":0,"menu_order":0,"comment_status":"closed","ping_status":"closed","template":"wisenav.php","meta":{"_acf_changed":false,"footnotes":""},"class_list":["post-24072","page","type-page","status-publish","has-post-thumbnail","hentry"],"acf":[],"yoast_head":"<!-- This site is optimized with the Yoast SEO plugin v26.9 - https:\/\/yoast.com\/product\/yoast-seo-wordpress\/ -->\n<title>WiseNav: tecnolog\u00eda inal\u00e1mbrica - Belrobotics<\/title>\n<meta name=\"description\" content=\"La tecnolog\u00eda inal\u00e1mbrica WiseNav de los robots cortac\u00e9sped Belrobotics GPS-RTK revoluciona la siega mediante patr\u00f3n\" \/>\n<meta name=\"robots\" content=\"index, follow, max-snippet:-1, max-image-preview:large, max-video-preview:-1\" \/>\n<link rel=\"canonical\" href=\"https:\/\/www.belrobotics.com\/es\/wisenav-robot-cortacesped-gps-rtk-inalambrico\/\" \/>\n<meta property=\"og:locale\" content=\"es_ES\" \/>\n<meta property=\"og:type\" content=\"article\" \/>\n<meta property=\"og:title\" content=\"WiseNav: tecnolog\u00eda inal\u00e1mbrica - Belrobotics\" \/>\n<meta property=\"og:description\" content=\"La tecnolog\u00eda inal\u00e1mbrica WiseNav de los robots cortac\u00e9sped Belrobotics GPS-RTK revoluciona la siega mediante patr\u00f3n\" \/>\n<meta property=\"og:url\" content=\"https:\/\/www.belrobotics.com\/es\/wisenav-robot-cortacesped-gps-rtk-inalambrico\/\" \/>\n<meta property=\"og:site_name\" content=\"Belrobotics\" \/>\n<meta property=\"article:publisher\" content=\"https:\/\/www.facebook.com\/belrobotics\" \/>\n<meta property=\"article:modified_time\" content=\"2023-06-26T10:35:58+00:00\" \/>\n<meta property=\"og:image\" content=\"https:\/\/www.belrobotics.com\/wp-content\/uploads\/2023\/05\/wisenav_header_bg_only.webp\" \/>\n\t<meta property=\"og:image:width\" content=\"1000\" \/>\n\t<meta property=\"og:image:height\" content=\"683\" \/>\n\t<meta property=\"og:image:type\" content=\"image\/webp\" \/>\n<meta name=\"twitter:card\" content=\"summary_large_image\" \/>\n<meta name=\"twitter:label1\" content=\"Tiempo de lectura\" \/>\n\t<meta name=\"twitter:data1\" content=\"1 minuto\" \/>\n<script type=\"application\/ld+json\" class=\"yoast-schema-graph\">{\"@context\":\"https:\/\/schema.org\",\"@graph\":[{\"@type\":\"WebPage\",\"@id\":\"https:\/\/www.belrobotics.com\/es\/wisenav-robot-cortacesped-gps-rtk-inalambrico\/\",\"url\":\"https:\/\/www.belrobotics.com\/es\/wisenav-robot-cortacesped-gps-rtk-inalambrico\/\",\"name\":\"WiseNav: tecnolog\u00eda inal\u00e1mbrica - Belrobotics\",\"isPartOf\":{\"@id\":\"https:\/\/www.belrobotics.com\/es\/#website\"},\"primaryImageOfPage\":{\"@id\":\"https:\/\/www.belrobotics.com\/es\/wisenav-robot-cortacesped-gps-rtk-inalambrico\/#primaryimage\"},\"image\":{\"@id\":\"https:\/\/www.belrobotics.com\/es\/wisenav-robot-cortacesped-gps-rtk-inalambrico\/#primaryimage\"},\"thumbnailUrl\":\"https:\/\/www.belrobotics.com\/wp-content\/uploads\/2023\/05\/wisenav_header_bg_only.webp\",\"datePublished\":\"2023-05-26T10:49:10+00:00\",\"dateModified\":\"2023-06-26T10:35:58+00:00\",\"description\":\"La tecnolog\u00eda inal\u00e1mbrica WiseNav de los robots cortac\u00e9sped Belrobotics GPS-RTK revoluciona la siega mediante patr\u00f3n\",\"breadcrumb\":{\"@id\":\"https:\/\/www.belrobotics.com\/es\/wisenav-robot-cortacesped-gps-rtk-inalambrico\/#breadcrumb\"},\"inLanguage\":\"es\",\"potentialAction\":[{\"@type\":\"ReadAction\",\"target\":[\"https:\/\/www.belrobotics.com\/es\/wisenav-robot-cortacesped-gps-rtk-inalambrico\/\"]}]},{\"@type\":\"ImageObject\",\"inLanguage\":\"es\",\"@id\":\"https:\/\/www.belrobotics.com\/es\/wisenav-robot-cortacesped-gps-rtk-inalambrico\/#primaryimage\",\"url\":\"https:\/\/www.belrobotics.com\/wp-content\/uploads\/2023\/05\/wisenav_header_bg_only.webp\",\"contentUrl\":\"https:\/\/www.belrobotics.com\/wp-content\/uploads\/2023\/05\/wisenav_header_bg_only.webp\",\"width\":1000,\"height\":683},{\"@type\":\"BreadcrumbList\",\"@id\":\"https:\/\/www.belrobotics.com\/es\/wisenav-robot-cortacesped-gps-rtk-inalambrico\/#breadcrumb\",\"itemListElement\":[{\"@type\":\"ListItem\",\"position\":1,\"name\":\"Home\",\"item\":\"https:\/\/www.belrobotics.com\/es\/\"},{\"@type\":\"ListItem\",\"position\":2,\"name\":\"WiseNav: robot cortac\u00e9sped GPS-RTK inal\u00e1mbrico\"}]},{\"@type\":\"WebSite\",\"@id\":\"https:\/\/www.belrobotics.com\/es\/#website\",\"url\":\"https:\/\/www.belrobotics.com\/es\/\",\"name\":\"Belrobotics\",\"description\":\"The grass masters\",\"publisher\":{\"@id\":\"https:\/\/www.belrobotics.com\/es\/#organization\"},\"potentialAction\":[{\"@type\":\"SearchAction\",\"target\":{\"@type\":\"EntryPoint\",\"urlTemplate\":\"https:\/\/www.belrobotics.com\/es\/?s={search_term_string}\"},\"query-input\":{\"@type\":\"PropertyValueSpecification\",\"valueRequired\":true,\"valueName\":\"search_term_string\"}}],\"inLanguage\":\"es\"},{\"@type\":\"Organization\",\"@id\":\"https:\/\/www.belrobotics.com\/es\/#organization\",\"name\":\"Belrobotics\",\"url\":\"https:\/\/www.belrobotics.com\/es\/\",\"logo\":{\"@type\":\"ImageObject\",\"inLanguage\":\"es\",\"@id\":\"https:\/\/www.belrobotics.com\/es\/#\/schema\/logo\/image\/\",\"url\":\"https:\/\/www.belrobotics.com\/wp-content\/uploads\/2019\/01\/logo-belrobotics.svg\",\"contentUrl\":\"https:\/\/www.belrobotics.com\/wp-content\/uploads\/2019\/01\/logo-belrobotics.svg\",\"width\":100,\"height\":16,\"caption\":\"Belrobotics\"},\"image\":{\"@id\":\"https:\/\/www.belrobotics.com\/es\/#\/schema\/logo\/image\/\"},\"sameAs\":[\"https:\/\/www.facebook.com\/belrobotics\",\"https:\/\/www.youtube.com\/channel\/UCYgWBPRzEdXmUqLRL0JbUIw\",\"https:\/\/www.instagram.com\/belrobotics_europe\/\"]}]}<\/script>\n<!-- \/ Yoast SEO plugin. -->","yoast_head_json":{"title":"WiseNav: tecnolog\u00eda inal\u00e1mbrica - Belrobotics","description":"La tecnolog\u00eda inal\u00e1mbrica WiseNav de los robots cortac\u00e9sped Belrobotics GPS-RTK revoluciona la siega mediante patr\u00f3n","robots":{"index":"index","follow":"follow","max-snippet":"max-snippet:-1","max-image-preview":"max-image-preview:large","max-video-preview":"max-video-preview:-1"},"canonical":"https:\/\/www.belrobotics.com\/es\/wisenav-robot-cortacesped-gps-rtk-inalambrico\/","og_locale":"es_ES","og_type":"article","og_title":"WiseNav: tecnolog\u00eda inal\u00e1mbrica - Belrobotics","og_description":"La tecnolog\u00eda inal\u00e1mbrica WiseNav de los robots cortac\u00e9sped Belrobotics GPS-RTK revoluciona la siega mediante patr\u00f3n","og_url":"https:\/\/www.belrobotics.com\/es\/wisenav-robot-cortacesped-gps-rtk-inalambrico\/","og_site_name":"Belrobotics","article_publisher":"https:\/\/www.facebook.com\/belrobotics","article_modified_time":"2023-06-26T10:35:58+00:00","og_image":[{"width":1000,"height":683,"url":"https:\/\/www.belrobotics.com\/wp-content\/uploads\/2023\/05\/wisenav_header_bg_only.webp","type":"image\/webp"}],"twitter_card":"summary_large_image","twitter_misc":{"Tiempo de lectura":"1 minuto"},"schema":{"@context":"https:\/\/schema.org","@graph":[{"@type":"WebPage","@id":"https:\/\/www.belrobotics.com\/es\/wisenav-robot-cortacesped-gps-rtk-inalambrico\/","url":"https:\/\/www.belrobotics.com\/es\/wisenav-robot-cortacesped-gps-rtk-inalambrico\/","name":"WiseNav: tecnolog\u00eda inal\u00e1mbrica - Belrobotics","isPartOf":{"@id":"https:\/\/www.belrobotics.com\/es\/#website"},"primaryImageOfPage":{"@id":"https:\/\/www.belrobotics.com\/es\/wisenav-robot-cortacesped-gps-rtk-inalambrico\/#primaryimage"},"image":{"@id":"https:\/\/www.belrobotics.com\/es\/wisenav-robot-cortacesped-gps-rtk-inalambrico\/#primaryimage"},"thumbnailUrl":"https:\/\/www.belrobotics.com\/wp-content\/uploads\/2023\/05\/wisenav_header_bg_only.webp","datePublished":"2023-05-26T10:49:10+00:00","dateModified":"2023-06-26T10:35:58+00:00","description":"La tecnolog\u00eda inal\u00e1mbrica WiseNav de los robots cortac\u00e9sped Belrobotics GPS-RTK revoluciona la siega mediante patr\u00f3n","breadcrumb":{"@id":"https:\/\/www.belrobotics.com\/es\/wisenav-robot-cortacesped-gps-rtk-inalambrico\/#breadcrumb"},"inLanguage":"es","potentialAction":[{"@type":"ReadAction","target":["https:\/\/www.belrobotics.com\/es\/wisenav-robot-cortacesped-gps-rtk-inalambrico\/"]}]},{"@type":"ImageObject","inLanguage":"es","@id":"https:\/\/www.belrobotics.com\/es\/wisenav-robot-cortacesped-gps-rtk-inalambrico\/#primaryimage","url":"https:\/\/www.belrobotics.com\/wp-content\/uploads\/2023\/05\/wisenav_header_bg_only.webp","contentUrl":"https:\/\/www.belrobotics.com\/wp-content\/uploads\/2023\/05\/wisenav_header_bg_only.webp","width":1000,"height":683},{"@type":"BreadcrumbList","@id":"https:\/\/www.belrobotics.com\/es\/wisenav-robot-cortacesped-gps-rtk-inalambrico\/#breadcrumb","itemListElement":[{"@type":"ListItem","position":1,"name":"Home","item":"https:\/\/www.belrobotics.com\/es\/"},{"@type":"ListItem","position":2,"name":"WiseNav: robot cortac\u00e9sped GPS-RTK inal\u00e1mbrico"}]},{"@type":"WebSite","@id":"https:\/\/www.belrobotics.com\/es\/#website","url":"https:\/\/www.belrobotics.com\/es\/","name":"Belrobotics","description":"The grass masters","publisher":{"@id":"https:\/\/www.belrobotics.com\/es\/#organization"},"potentialAction":[{"@type":"SearchAction","target":{"@type":"EntryPoint","urlTemplate":"https:\/\/www.belrobotics.com\/es\/?s={search_term_string}"},"query-input":{"@type":"PropertyValueSpecification","valueRequired":true,"valueName":"search_term_string"}}],"inLanguage":"es"},{"@type":"Organization","@id":"https:\/\/www.belrobotics.com\/es\/#organization","name":"Belrobotics","url":"https:\/\/www.belrobotics.com\/es\/","logo":{"@type":"ImageObject","inLanguage":"es","@id":"https:\/\/www.belrobotics.com\/es\/#\/schema\/logo\/image\/","url":"https:\/\/www.belrobotics.com\/wp-content\/uploads\/2019\/01\/logo-belrobotics.svg","contentUrl":"https:\/\/www.belrobotics.com\/wp-content\/uploads\/2019\/01\/logo-belrobotics.svg","width":100,"height":16,"caption":"Belrobotics"},"image":{"@id":"https:\/\/www.belrobotics.com\/es\/#\/schema\/logo\/image\/"},"sameAs":["https:\/\/www.facebook.com\/belrobotics","https:\/\/www.youtube.com\/channel\/UCYgWBPRzEdXmUqLRL0JbUIw","https:\/\/www.instagram.com\/belrobotics_europe\/"]}]}},"_links":{"self":[{"href":"https:\/\/www.belrobotics.com\/es\/wp-json\/wp\/v2\/pages\/24072","targetHints":{"allow":["GET"]}}],"collection":[{"href":"https:\/\/www.belrobotics.com\/es\/wp-json\/wp\/v2\/pages"}],"about":[{"href":"https:\/\/www.belrobotics.com\/es\/wp-json\/wp\/v2\/types\/page"}],"author":[{"embeddable":true,"href":"https:\/\/www.belrobotics.com\/es\/wp-json\/wp\/v2\/users\/9"}],"replies":[{"embeddable":true,"href":"https:\/\/www.belrobotics.com\/es\/wp-json\/wp\/v2\/comments?post=24072"}],"version-history":[{"count":4,"href":"https:\/\/www.belrobotics.com\/es\/wp-json\/wp\/v2\/pages\/24072\/revisions"}],"predecessor-version":[{"id":24497,"href":"https:\/\/www.belrobotics.com\/es\/wp-json\/wp\/v2\/pages\/24072\/revisions\/24497"}],"wp:featuredmedia":[{"embeddable":true,"href":"https:\/\/www.belrobotics.com\/es\/wp-json\/wp\/v2\/media\/23970"}],"wp:attachment":[{"href":"https:\/\/www.belrobotics.com\/es\/wp-json\/wp\/v2\/media?parent=24072"}],"curies":[{"name":"wp","href":"https:\/\/api.w.org\/{rel}","templated":true}]}}