{"id":22007,"date":"2023-02-28T11:38:28","date_gmt":"2023-02-28T10:38:28","guid":{"rendered":"https:\/\/belrobotics.andromede.digital\/robotic-mowers\/"},"modified":"2023-02-28T15:30:50","modified_gmt":"2023-02-28T14:30:50","slug":"robots-cortacesped","status":"publish","type":"page","link":"https:\/\/www.belrobotics.com\/es\/robots-cortacesped\/","title":{"rendered":"Robots Cortacesped"},"content":{"rendered":"<h3>\u00a1Bienvenido a una nueva era! <\/h3>\n<p>En Belrobotics, creemos que la innovaci\u00f3n y las nuevas tecnolog\u00edas conforman las bases sobre las se construir\u00e1 el mundo del ma\u00f1ana. En este sentido, nos esforzamos cada d\u00eda por innovar y dise\u00f1ar los robots m\u00e1s innovadores para la siega del c\u00e9sped y la recogida de bolas.<\/p>\n<p>Nuestros robots, fiables, ecol\u00f3gicos y econ\u00f3micos permiten que tanto particulares como profesionales mantengan sus espacios verdes con total tranquilidad. De hecho, son capaces de cubrir grandes zonas (varios campos de f\u00fatbol) al tiempo que demuestran toda su eficacia en espacios m\u00e1s peque\u00f1os.<\/p>\n<p>Para satisfacer mejor sus necesidades, hemos dise\u00f1ado dos gamas distintas: \u201c<a href=\"https:\/\/www.belrobotics.com\/es\/connected-line\/\">Connected line<\/a>\u201d y \u201c<a href=\"https:\/\/www.belrobotics.com\/es\/gps-rtk\/\">GPS RTK<\/a>\u201d.<\/p>\n","protected":false},"excerpt":{"rendered":"<p>\u00a1Bienvenido a una nueva era! En Belrobotics, creemos que la innovaci\u00f3n y las nuevas tecnolog\u00edas conforman las bases sobre las se construir\u00e1 el mundo del ma\u00f1ana. En este sentido, nos esforzamos cada d\u00eda por innovar y dise\u00f1ar los robots m\u00e1s innovadores para la siega del c\u00e9sped y la recogida de bolas. Nuestros robots, fiables, ecol\u00f3gicos [&hellip;]<\/p>\n","protected":false},"author":9,"featured_media":21940,"parent":0,"menu_order":0,"comment_status":"closed","ping_status":"closed","template":"template-tondeuses-robots.php","meta":{"_acf_changed":false,"footnotes":""},"class_list":["post-22007","page","type-page","status-publish","has-post-thumbnail","hentry"],"acf":[],"yoast_head":"<!-- This site is optimized with the Yoast SEO plugin v26.9 - https:\/\/yoast.com\/product\/yoast-seo-wordpress\/ -->\n<title>Robots Cortacesped - Belrobotics<\/title>\n<meta name=\"robots\" content=\"index, follow, max-snippet:-1, max-image-preview:large, max-video-preview:-1\" \/>\n<link rel=\"canonical\" href=\"https:\/\/www.belrobotics.com\/es\/robots-cortacesped\/\" \/>\n<meta property=\"og:locale\" content=\"es_ES\" \/>\n<meta property=\"og:type\" content=\"article\" \/>\n<meta property=\"og:title\" content=\"Robots Cortacesped - Belrobotics\" \/>\n<meta property=\"og:description\" content=\"\u00a1Bienvenido a una nueva era! En Belrobotics, creemos que la innovaci\u00f3n y las nuevas tecnolog\u00edas conforman las bases sobre las se construir\u00e1 el mundo del ma\u00f1ana. En este sentido, nos esforzamos cada d\u00eda por innovar y dise\u00f1ar los robots m\u00e1s innovadores para la siega del c\u00e9sped y la recogida de bolas. Nuestros robots, fiables, ecol\u00f3gicos [&hellip;]\" \/>\n<meta property=\"og:url\" content=\"https:\/\/www.belrobotics.com\/es\/robots-cortacesped\/\" \/>\n<meta property=\"og:site_name\" content=\"Belrobotics\" \/>\n<meta property=\"article:publisher\" content=\"https:\/\/www.facebook.com\/belrobotics\" \/>\n<meta property=\"article:modified_time\" content=\"2023-02-28T14:30:50+00:00\" \/>\n<meta property=\"og:image\" content=\"https:\/\/www.belrobotics.com\/wp-content\/uploads\/2023\/02\/robot-mowers.webp\" \/>\n\t<meta property=\"og:image:width\" content=\"1920\" \/>\n\t<meta property=\"og:image:height\" content=\"994\" \/>\n\t<meta property=\"og:image:type\" content=\"image\/webp\" \/>\n<meta name=\"twitter:card\" content=\"summary_large_image\" \/>\n<meta name=\"twitter:label1\" content=\"Tiempo de lectura\" \/>\n\t<meta name=\"twitter:data1\" content=\"1 minuto\" \/>\n<script type=\"application\/ld+json\" class=\"yoast-schema-graph\">{\"@context\":\"https:\/\/schema.org\",\"@graph\":[{\"@type\":\"WebPage\",\"@id\":\"https:\/\/www.belrobotics.com\/es\/robots-cortacesped\/\",\"url\":\"https:\/\/www.belrobotics.com\/es\/robots-cortacesped\/\",\"name\":\"Robots Cortacesped - Belrobotics\",\"isPartOf\":{\"@id\":\"https:\/\/www.belrobotics.com\/es\/#website\"},\"primaryImageOfPage\":{\"@id\":\"https:\/\/www.belrobotics.com\/es\/robots-cortacesped\/#primaryimage\"},\"image\":{\"@id\":\"https:\/\/www.belrobotics.com\/es\/robots-cortacesped\/#primaryimage\"},\"thumbnailUrl\":\"https:\/\/www.belrobotics.com\/wp-content\/uploads\/2023\/02\/robot-mowers.webp\",\"datePublished\":\"2023-02-28T10:38:28+00:00\",\"dateModified\":\"2023-02-28T14:30:50+00:00\",\"breadcrumb\":{\"@id\":\"https:\/\/www.belrobotics.com\/es\/robots-cortacesped\/#breadcrumb\"},\"inLanguage\":\"es\",\"potentialAction\":[{\"@type\":\"ReadAction\",\"target\":[\"https:\/\/www.belrobotics.com\/es\/robots-cortacesped\/\"]}]},{\"@type\":\"ImageObject\",\"inLanguage\":\"es\",\"@id\":\"https:\/\/www.belrobotics.com\/es\/robots-cortacesped\/#primaryimage\",\"url\":\"https:\/\/www.belrobotics.com\/wp-content\/uploads\/2023\/02\/robot-mowers.webp\",\"contentUrl\":\"https:\/\/www.belrobotics.com\/wp-content\/uploads\/2023\/02\/robot-mowers.webp\",\"width\":1920,\"height\":994},{\"@type\":\"BreadcrumbList\",\"@id\":\"https:\/\/www.belrobotics.com\/es\/robots-cortacesped\/#breadcrumb\",\"itemListElement\":[{\"@type\":\"ListItem\",\"position\":1,\"name\":\"Home\",\"item\":\"https:\/\/www.belrobotics.com\/es\/\"},{\"@type\":\"ListItem\",\"position\":2,\"name\":\"Robots Cortacesped\"}]},{\"@type\":\"WebSite\",\"@id\":\"https:\/\/www.belrobotics.com\/es\/#website\",\"url\":\"https:\/\/www.belrobotics.com\/es\/\",\"name\":\"Belrobotics\",\"description\":\"The grass masters\",\"publisher\":{\"@id\":\"https:\/\/www.belrobotics.com\/es\/#organization\"},\"potentialAction\":[{\"@type\":\"SearchAction\",\"target\":{\"@type\":\"EntryPoint\",\"urlTemplate\":\"https:\/\/www.belrobotics.com\/es\/?s={search_term_string}\"},\"query-input\":{\"@type\":\"PropertyValueSpecification\",\"valueRequired\":true,\"valueName\":\"search_term_string\"}}],\"inLanguage\":\"es\"},{\"@type\":\"Organization\",\"@id\":\"https:\/\/www.belrobotics.com\/es\/#organization\",\"name\":\"Belrobotics\",\"url\":\"https:\/\/www.belrobotics.com\/es\/\",\"logo\":{\"@type\":\"ImageObject\",\"inLanguage\":\"es\",\"@id\":\"https:\/\/www.belrobotics.com\/es\/#\/schema\/logo\/image\/\",\"url\":\"https:\/\/www.belrobotics.com\/wp-content\/uploads\/2019\/01\/logo-belrobotics.svg\",\"contentUrl\":\"https:\/\/www.belrobotics.com\/wp-content\/uploads\/2019\/01\/logo-belrobotics.svg\",\"width\":100,\"height\":16,\"caption\":\"Belrobotics\"},\"image\":{\"@id\":\"https:\/\/www.belrobotics.com\/es\/#\/schema\/logo\/image\/\"},\"sameAs\":[\"https:\/\/www.facebook.com\/belrobotics\",\"https:\/\/www.youtube.com\/channel\/UCYgWBPRzEdXmUqLRL0JbUIw\",\"https:\/\/www.instagram.com\/belrobotics_europe\/\"]}]}<\/script>\n<!-- \/ Yoast SEO plugin. -->","yoast_head_json":{"title":"Robots Cortacesped - Belrobotics","robots":{"index":"index","follow":"follow","max-snippet":"max-snippet:-1","max-image-preview":"max-image-preview:large","max-video-preview":"max-video-preview:-1"},"canonical":"https:\/\/www.belrobotics.com\/es\/robots-cortacesped\/","og_locale":"es_ES","og_type":"article","og_title":"Robots Cortacesped - Belrobotics","og_description":"\u00a1Bienvenido a una nueva era! En Belrobotics, creemos que la innovaci\u00f3n y las nuevas tecnolog\u00edas conforman las bases sobre las se construir\u00e1 el mundo del ma\u00f1ana. En este sentido, nos esforzamos cada d\u00eda por innovar y dise\u00f1ar los robots m\u00e1s innovadores para la siega del c\u00e9sped y la recogida de bolas. Nuestros robots, fiables, ecol\u00f3gicos [&hellip;]","og_url":"https:\/\/www.belrobotics.com\/es\/robots-cortacesped\/","og_site_name":"Belrobotics","article_publisher":"https:\/\/www.facebook.com\/belrobotics","article_modified_time":"2023-02-28T14:30:50+00:00","og_image":[{"width":1920,"height":994,"url":"https:\/\/www.belrobotics.com\/wp-content\/uploads\/2023\/02\/robot-mowers.webp","type":"image\/webp"}],"twitter_card":"summary_large_image","twitter_misc":{"Tiempo de lectura":"1 minuto"},"schema":{"@context":"https:\/\/schema.org","@graph":[{"@type":"WebPage","@id":"https:\/\/www.belrobotics.com\/es\/robots-cortacesped\/","url":"https:\/\/www.belrobotics.com\/es\/robots-cortacesped\/","name":"Robots Cortacesped - Belrobotics","isPartOf":{"@id":"https:\/\/www.belrobotics.com\/es\/#website"},"primaryImageOfPage":{"@id":"https:\/\/www.belrobotics.com\/es\/robots-cortacesped\/#primaryimage"},"image":{"@id":"https:\/\/www.belrobotics.com\/es\/robots-cortacesped\/#primaryimage"},"thumbnailUrl":"https:\/\/www.belrobotics.com\/wp-content\/uploads\/2023\/02\/robot-mowers.webp","datePublished":"2023-02-28T10:38:28+00:00","dateModified":"2023-02-28T14:30:50+00:00","breadcrumb":{"@id":"https:\/\/www.belrobotics.com\/es\/robots-cortacesped\/#breadcrumb"},"inLanguage":"es","potentialAction":[{"@type":"ReadAction","target":["https:\/\/www.belrobotics.com\/es\/robots-cortacesped\/"]}]},{"@type":"ImageObject","inLanguage":"es","@id":"https:\/\/www.belrobotics.com\/es\/robots-cortacesped\/#primaryimage","url":"https:\/\/www.belrobotics.com\/wp-content\/uploads\/2023\/02\/robot-mowers.webp","contentUrl":"https:\/\/www.belrobotics.com\/wp-content\/uploads\/2023\/02\/robot-mowers.webp","width":1920,"height":994},{"@type":"BreadcrumbList","@id":"https:\/\/www.belrobotics.com\/es\/robots-cortacesped\/#breadcrumb","itemListElement":[{"@type":"ListItem","position":1,"name":"Home","item":"https:\/\/www.belrobotics.com\/es\/"},{"@type":"ListItem","position":2,"name":"Robots Cortacesped"}]},{"@type":"WebSite","@id":"https:\/\/www.belrobotics.com\/es\/#website","url":"https:\/\/www.belrobotics.com\/es\/","name":"Belrobotics","description":"The grass masters","publisher":{"@id":"https:\/\/www.belrobotics.com\/es\/#organization"},"potentialAction":[{"@type":"SearchAction","target":{"@type":"EntryPoint","urlTemplate":"https:\/\/www.belrobotics.com\/es\/?s={search_term_string}"},"query-input":{"@type":"PropertyValueSpecification","valueRequired":true,"valueName":"search_term_string"}}],"inLanguage":"es"},{"@type":"Organization","@id":"https:\/\/www.belrobotics.com\/es\/#organization","name":"Belrobotics","url":"https:\/\/www.belrobotics.com\/es\/","logo":{"@type":"ImageObject","inLanguage":"es","@id":"https:\/\/www.belrobotics.com\/es\/#\/schema\/logo\/image\/","url":"https:\/\/www.belrobotics.com\/wp-content\/uploads\/2019\/01\/logo-belrobotics.svg","contentUrl":"https:\/\/www.belrobotics.com\/wp-content\/uploads\/2019\/01\/logo-belrobotics.svg","width":100,"height":16,"caption":"Belrobotics"},"image":{"@id":"https:\/\/www.belrobotics.com\/es\/#\/schema\/logo\/image\/"},"sameAs":["https:\/\/www.facebook.com\/belrobotics","https:\/\/www.youtube.com\/channel\/UCYgWBPRzEdXmUqLRL0JbUIw","https:\/\/www.instagram.com\/belrobotics_europe\/"]}]}},"_links":{"self":[{"href":"https:\/\/www.belrobotics.com\/es\/wp-json\/wp\/v2\/pages\/22007","targetHints":{"allow":["GET"]}}],"collection":[{"href":"https:\/\/www.belrobotics.com\/es\/wp-json\/wp\/v2\/pages"}],"about":[{"href":"https:\/\/www.belrobotics.com\/es\/wp-json\/wp\/v2\/types\/page"}],"author":[{"embeddable":true,"href":"https:\/\/www.belrobotics.com\/es\/wp-json\/wp\/v2\/users\/9"}],"replies":[{"embeddable":true,"href":"https:\/\/www.belrobotics.com\/es\/wp-json\/wp\/v2\/comments?post=22007"}],"version-history":[{"count":2,"href":"https:\/\/www.belrobotics.com\/es\/wp-json\/wp\/v2\/pages\/22007\/revisions"}],"predecessor-version":[{"id":22023,"href":"https:\/\/www.belrobotics.com\/es\/wp-json\/wp\/v2\/pages\/22007\/revisions\/22023"}],"wp:featuredmedia":[{"embeddable":true,"href":"https:\/\/www.belrobotics.com\/es\/wp-json\/wp\/v2\/media\/21940"}],"wp:attachment":[{"href":"https:\/\/www.belrobotics.com\/es\/wp-json\/wp\/v2\/media?parent=22007"}],"curies":[{"name":"wp","href":"https:\/\/api.w.org\/{rel}","templated":true}]}}