{"id":6135,"date":"2019-05-28T09:26:21","date_gmt":"2019-05-28T08:26:21","guid":{"rendered":"https:\/\/belrobotics.andromede.digital\/disclaimer\/"},"modified":"2020-06-25T10:31:54","modified_gmt":"2020-06-25T09:31:54","slug":"disclaimer","status":"publish","type":"page","link":"https:\/\/www.belrobotics.com\/de\/disclaimer\/","title":{"rendered":"Haftungsausschluss"},"content":{"rendered":"<p align=\"center\"><strong>YAMABIKO EUROPE S.A.<\/strong><\/p>\n<p align=\"center\">HAUPTSITZ: Avenue Lavoisier 35, 1300 Wavre, Belgien<\/p>\n<p align=\"center\">B.C.E. 0477.194.468<\/p>\n<p align=\"center\">Telefon: +32 10 48 00 36<\/p>\n<p align=\"center\">E-Mail:\u00a0<a href=\"mailto:dataprivacy@yamabiko.eu\">dataprivacy@yamabiko.eu<\/a><\/p>\n<p align=\"center\">BEDINGUNGEN F\u00dcR DIE BENUTZUNG DER WEBSITE\u00a0<a href=\"https:\/\/www.belrobotics.com\/\">https:\/\/www.belrobotics.com<\/a><\/p>\n<p>&nbsp;<\/p>\n<p><strong>1.\u00a0\u00a0\u00a0\u00a0\u00a0\u00a0\u00a0\u00a0 Zielsetzung der Website und allgemeine Nutzungsbedingungen<\/strong><\/p>\n<p>YAMABIKO EUROPE bietet Dienstleistungen im Bereich Verkauf und Wartung von Roboter-Rasenm\u00e4hern, Heckenscheren, Laubbl\u00e4sern und Kettens\u00e4gen f\u00fcr folgende Marken an &#8211; Belrobotics, Echo und Shindaiwa.<\/p>\n<p><a href=\"http:\/\/www.traitdeco.be\/\">www.belrobotics.com<\/a>\u00a0dient der Pr\u00e4sentation der Aktivit\u00e4ten und Dienstleistungen, der Roboter-Rasenm\u00e4her und des YAMABIKO EUROPE-Konzepts sowie der Ver\u00f6ffentlichung relevanter Artikel und Nachrichten.<\/p>\n<p>Die aktuellen Allgemeinen Nutzungsbedingungen k\u00f6nnen jederzeit ohne Vorank\u00fcndigung aktualisiert werden. Dem Nutzer wird daher empfohlen, diese Bedingungen regelm\u00e4\u00dfig zu konsultieren.\u00a0 Ein solches Update tritt in Kraft, sobald es online ver\u00f6ffentlicht wird.<\/p>\n<p>Sollte ein Punkt der vorliegenden Allgemeinen Nutzungsbedingungen, aus welchem Grund auch immer, ung\u00fcltig sein oder unanwendbar werden, wird durch diese Ung\u00fcltigkeit oder Unanwendbarkeit keiner der anderen Punkte der Allgemeinen Nutzungsbedingungen ung\u00fcltig oder unanwendbar.<\/p>\n<p><strong>2.\u00a0\u00a0\u00a0\u00a0\u00a0\u00a0\u00a0\u00a0 Nutzung dieser Website<\/strong><\/p>\n<p><a href=\"http:\/\/www.sospme.be\/\">www.belrobotics.com<\/a>\u00a0wird den Nutzern f\u00fcr ihren pers\u00f6nlichen Gebrauch zu den nachstehend definierten Bedingungen zur Verf\u00fcgung gestellt. Die Nutzung dieser Website setzt die vorbehaltlose Annahme aller Nutzungsbedingungen voraus.<\/p>\n<p><a href=\"http:\/\/www.sospme.be\/\">www.belrobotics.com<\/a>\u00a0darf nicht f\u00fcr spekulative, fehlerhafte oder betr\u00fcgerische Anfragen verwendet werden.<\/p>\n<p>Der Nutzer muss mindestens 18 Jahre alt sein, gesch\u00e4ftsf\u00e4hig sein und diese Website in \u00dcbereinstimmung mit den Allgemeinen Nutzungsbedingungen der Website zu nutzen.<\/p>\n<p><strong>3.\u00a0\u00a0\u00a0\u00a0\u00a0\u00a0\u00a0\u00a0 Copyrights \u2013 Geistiges Eigentum<\/strong><\/p>\n<p>YAMABIKO EUROPE ist Inhaber aller geistigen Eigentumsrechte f\u00fcr alle Elemente der Website (Fotos, Logos, Zeichnungen, Grafiken, Texte, Videos usw.), aber auch f\u00fcr alle Urheberrechte, Patente, Know-how, vertraulichen Informationen, Datenbankrechte, eingetragenen Marken und Konzepte, unabh\u00e4ngig davon, ob sie eingetragen sind oder nicht, und die auf der Website\u00a0<a href=\"http:\/\/www.sospme.be\/\">www.belrobotics.com<\/a>\u00a0erscheinen.<\/p>\n<p>Es ist den Nutzern daher untersagt, Teile der Website ohne vorherige schriftliche Genehmigung von YAMABIKO EUROPE zu vervielf\u00e4ltigen, zu ver\u00e4ndern, zu \u00fcbertragen oder zu nutzen.<\/p>\n<p><strong>4.\u00a0\u00a0\u00a0\u00a0\u00a0\u00a0\u00a0\u00a0 Herunterladen<\/strong><\/p>\n<p>Das Herunterladen von Daten von der Website\u00a0<a href=\"http:\/\/www.sospme.be\/\">www.belrobotics.com<\/a>\u00a0erfolgt auf eigenes Risiko und eigene Verantwortung.<\/p>\n<p>Der Nutzer akzeptiert, dass die Nutzung von Computerdiensten und -systemen nicht ohne Risiko ist. Daher kann YAMABIKO EUROPE nicht f\u00fcr Sch\u00e4den haftbar gemacht werden, die durch Computer-Malware jeglicher Art nach dem Herunterladen von Informationen von der Website\u00a0<a href=\"http:\/\/www.sospme.be\/\">www.belrobotics.com<\/a>\u00a0entstehen.<\/p>\n<p><strong>5. \u00a0\u00a0\u00a0\u00a0\u00a0\u00a0\u00a0 Handhabung personenbezogener Informationen<\/strong><\/p>\n<p>Bestimmte personenbezogene Informationen \u00fcber einen Benutzer der Website\u00a0<a href=\"http:\/\/www.sospme.be\/\">www.belrobotics.com<\/a>\u00a0k\u00f6nnen gesammelt werden, insbesondere wenn der Benutzer ein Kontaktformular ausf\u00fcllt, ein Angebot anfordert oder Unterst\u00fctzung anfordert, oder durch den Einsatz von Cookies oder Tracking-Pixeln (siehe Abschnitt 10).<\/p>\n<p>Hierf\u00fcr ist die Firma YAMABIKO EUROPE S.A. mit Sitz in Avenue Lavoisier 16\/B, 1300 Wavre, Belgien verantwortlich.<\/p>\n<p>Der Zweck der Erfassung der personenbezogenen Daten der Benutzer beschr\u00e4nkt sich auf die Verwaltung der Besuche auf der Website, die Kundenverwaltung, die Erf\u00fcllung der Bestellungen der Benutzer, die Werbung f\u00fcr Produkte und Dienstleistungen und die Durchf\u00fchrung von Direktmarketing-Kampagnen mittels elektronischer Post.<\/p>\n<p>Der Kunde hat jederzeit das Recht, die Verwendung dieser personenbezogenen Daten f\u00fcr Direktmarketingzwecke abzulehnen.<\/p>\n<p>Der Benutzer hat das Recht auf Zugang, Berichtigung oder L\u00f6schung von personenbezogenen Daten in \u00dcbereinstimmung mit dem Gesetz vom 8. Dezember 1992 \u00fcber den Datenschutz und die Verarbeitung von personenbezogenen Daten.<\/p>\n<p>Zur Aus\u00fcbung dieses Rechts auf Zugang, Berichtigung oder L\u00f6schung personenbezogener Daten gen\u00fcgt die kostenlose Kontaktaufnahme mit YAMABIKO EUROPE unter folgender Adresse:\u00a0<a href=\"mailto:dataprivacy@yamabiko.eu\">dataprivacy@yamabiko.eu<\/a>\u00a0oder schriftlich an das Unternehmen am Hauptsitz.<\/p>\n<p>&nbsp;<\/p>\n<p>YAMABIKO EUROPE erf\u00fcllt die Anforderungen der Datenschutzgrund-Verordnung (DSGVO, EU-Verordnung 2016\/679) und ist f\u00fcr die Wahrung der Vertraulichkeit der gesammelten Informationen verantwortlich.<\/p>\n<p><strong>6.\u00a0\u00a0\u00a0\u00a0\u00a0\u00a0\u00a0\u00a0 Datensicherheit<\/strong><\/p>\n<p>YAMABIKO EUROPE garantiert ein hohes Ma\u00df an Datensicherheit in \u00dcbereinstimmung mit den nationalen und europ\u00e4ischen Vorschriften.<\/p>\n<p>Dazu verwendet\u00a0<a href=\"http:\/\/www.sospme.be\/\">www.belrobotics.com<\/a>\u00a0mehrere Sicherheitssysteme, um die personenbezogenen Daten der Nutzer angemessen zu sch\u00fctzen. Dennoch kann YAMABIKO EUROPE nicht garantieren, dass ein unbefugter Dritter nicht auf die Website zugreifen kann, um diese Informationen illegal zu nutzen.<\/p>\n<p><strong>7.\u00a0\u00a0\u00a0\u00a0\u00a0\u00a0\u00a0\u00a0 Hyperlinks auf andere Websites<\/strong><\/p>\n<p>Die Website\u00a0<a href=\"http:\/\/www.sospme.be\/\">www.belrobotics.com<\/a>\u00a0kann Hyperlinks auf andere Websites enthalten. Die einfache Tatsache, dass diese Links auf der Website\u00a0<a href=\"http:\/\/www.sospme.be\/\">www.belrobotics.com<\/a>\u00a0vorhanden sind, bedeutet nicht, dass YAMABIKO EUROPE die auf solchen Websites enthaltenen Ideen oder Meinungen unterst\u00fctzt oder dass irgendeine Form an Partnerschaft mit oder Verbindung zu mit den Eigent\u00fcmern solcher Websites besteht.<\/p>\n<p>YAMABIKO EUROPE ist f\u00fcr den Inhalt der Websites, auf die mittels Hyperlink verwiesen wird, nicht verantwortlich.<\/p>\n<p><strong>8.\u00a0\u00a0\u00a0\u00a0\u00a0\u00a0\u00a0\u00a0 Die Rechte von YAMABIKO EUROPE<\/strong><\/p>\n<p>YAMABIKO EUROPE beh\u00e4lt sich das Recht vor, jederzeit und ohne Vorank\u00fcndigung:<\/p>\n<p>a) die Ank\u00fcndigungen, Angebote und Online-Informationen zu \u00e4ndern,<\/p>\n<p>b) bestimmte Dienstleistungen zu \u00e4ndern,<\/p>\n<p>c) bei technischen Problemen den Zugang zu seiner Website zu sperren, oder wenn YAMABIKO EUROPE von einer missbr\u00e4uchlichen oder b\u00f6swilligen Nutzung seiner Website Kenntnis erlangt.<\/p>\n<p><strong>9.\u00a0\u00a0\u00a0\u00a0\u00a0\u00a0\u00a0\u00a0 Verantwortlichkeiten des Benutzer<\/strong><\/p>\n<p>Die Nutzer der Website\u00a0<a href=\"http:\/\/www.sospme.be\/\">www.belrobotics.com<\/a>\u00a0erkl\u00e4ren sich damit einverstanden, Folgendes nicht zu tun:<\/p>\n<p>a)\u00a0\u00a0\u00a0\u00a0\u00a0\u00a0\u00a0\u00a0 die Website f\u00fcr illegale oder sch\u00e4dliche Zwecke zu nutzen,<\/p>\n<p>b)\u00a0\u00a0\u00a0\u00a0\u00a0\u00a0\u00a0\u00a0 den Zugriff auf die Website zu beeintr\u00e4chtigen, die Website zu st\u00f6ren oder zu ver\u00e4ndern, die Website weniger effektiv zu machen oder der Website, YAMABIKO EUROPE oder Dritten Schaden zuzuf\u00fcgen,<\/p>\n<p>c)\u00a0\u00a0\u00a0\u00a0\u00a0\u00a0\u00a0\u00a0 die Website zu nutzen, um b\u00f6sartige Software oder sch\u00e4dliche oder illegale Informationen zu \u00fcbertragen oder zu verbreiten,<\/p>\n<p>d)\u00a0\u00a0\u00a0\u00a0\u00a0\u00a0\u00a0\u00a0 die Rechte an geistigem Eigentum in Bezug auf die auf der Website vorhandenen Elemente zu beeintr\u00e4chtigen,<\/p>\n<p>e)\u00a0\u00a0\u00a0\u00a0\u00a0\u00a0\u00a0\u00a0 unerbetene Nachrichten zu senden oder zu \u00fcbertragen,<\/p>\n<p>f) \u00a0\u00a0\u00a0\u00a0\u00a0\u00a0\u00a0\u00a0 personenbezogene Informationen \u00fcber andere Benutzer zu sammeln oder aufzubewahren, au\u00dfer in den F\u00e4llen, in denen von diesen Benutzern eine besondere Genehmigung erteilt wurde.<\/p>\n<p><strong>10. \u00a0\u00a0\u00a0\u00a0\u00a0 Cookies und Tracking-Pixel<\/strong><\/p>\n<p>&#8222;Cookies&#8220; und &#8222;Tracking-Pixel&#8220; k\u00f6nnen w\u00e4hrend eines Besuchs der Website\u00a0<a href=\"http:\/\/www.sospme.be\/\">www.belrobotics.com<\/a>\u00a0an die Computer der Benutzer gesendet werden.<\/p>\n<p>&#8222;Cookies&#8220; sind kleine Dateien, die auf Anforderung des Servers, der die Website verwaltet, auf der Festplatte des Nutzers gespeichert werden und die ein angemessenes technisches Funktionieren der Website und ein viel fl\u00fcssigeres Surfen erm\u00f6glichen.<\/p>\n<p>&#8222;Tracking Pixel&#8220; sind kleine elektronische Bilder, die der Website erm\u00f6glichen, die Anzahl der Besucher einer bestimmten Seite zu z\u00e4hlen. Die von Tracking-Pixeln gesammelten Informationen sind die IP-Adresse des angeschlossenen Computers, der Name des Host-Computers, der Name und die Versionsnummer des Betriebssystems und des verwendeten Internet-Browsers.<\/p>\n<p>Benutzer der Website\u00a0<a href=\"http:\/\/www.sospme.be\/\">www.belrobotics.com<\/a>\u00a0k\u00f6nnen &#8222;Cookies&#8220; und &#8222;Tracking-Pixel&#8220; von ihren Festplatten l\u00f6schen\/deaktivieren und\/oder ihren Browser mit Parametern einrichten, die verhindern, dass sie \u00fcberhaupt empfangen werden. Das Blockieren von &#8222;Cookies&#8220; und\/oder &#8222;Tracking-Pixeln&#8220; kann jedoch die Browsing-Funktion st\u00f6ren.<\/p>\n<p><strong>11.\u00a0\u00a0\u00a0\u00a0\u00a0\u00a0 Haftungsbeschr\u00e4nkung<\/strong><\/p>\n<p>In keinem Fall haftet YAMABIKO EUROPE f\u00fcr jeglichen direkten, indirekten Schaden, Folge-, Strafschaden oder besonderem Verlust (einschlie\u00dflich, aber nicht beschr\u00e4nkt auf Schadensersatzanspr\u00fcche, die aus einem Verlust von Einnahmen, Vertr\u00e4gen, Gesch\u00e4ftsaktivit\u00e4ten, Informationen oder anderen Daten im Informationsmanagementsystem des Benutzers oder aus einer Unterbrechung der Gesch\u00e4ftst\u00e4tigkeit resultieren), die sich aus der Nutzung oder Unm\u00f6glichkeit der Nutzung der Website oder ihres Inhalts oder aufgrund ihrer Bedingungen ergeben, selbst wenn YAMABIKO EUROPE \u00fcber die M\u00f6glichkeit solcher Sch\u00e4den informiert wurde.<\/p>\n<p>Zus\u00e4tzlich zu den oben genannten Bedingungen kann YAMABIKO EUROPE unter keinen Umst\u00e4nden f\u00fcr Fehler, Ungenauigkeiten, Auslassungen oder andere M\u00e4ngel oder unpassende oder falsche Informationen auf dieser Website haftbar gemacht werden.<\/p>\n<p>Diese Haftungsbeschr\u00e4nkung gilt gleicherma\u00dfen f\u00fcr alle Webseiten Dritter.<\/p>\n<p><strong>12.\u00a0\u00a0\u00a0\u00a0\u00a0\u00a0 Anwendbares Recht<\/strong><\/p>\n<p>Die Allgemeinen Nutzungsbedingungen unterliegen dem belgischen Recht. Alle Streitigkeiten bez\u00fcglich ihrer Auslegung und\/oder Ausf\u00fchrung werden von den zust\u00e4ndigen Gerichten im Gerichtsbezirk Nivelles, Belgien, behandelt.<\/p>\n<p><strong>13.\u00a0\u00a0\u00a0\u00a0\u00a0\u00a0 Kontakt<\/strong><\/p>\n<p>Sie k\u00f6nnen sich bez\u00fcglich der vorliegenden Allgemeinen Nutzungsbedingungen unter der E-Mail-Adresse:\u00a0<a href=\"mailto:dataprivacy@yamabiko.eu\">dataprivacy@yamabiko.eu<\/a>\u00a0an YAMABIKO EUROPE wenden oder das Kontaktformular auf der Website<a href=\"http:\/\/www.sospme.be\/\">www.belrobotics.com<\/a>\u00a0verwenden.<\/p>\n<p><strong>14. \u00a0\u00a0\u00a0\u00a0\u00a0 Herausgeber der Website:<\/strong><\/p>\n<p>Der Herausgeber der Website\u00a0<a href=\"http:\/\/www.sospme.be\/\">www.belrobotics.com<\/a>\u00a0ist YAMABIKO EUROPE S.A. mit Sitz in Avenue Lavoisier 16\/B, 1300 Wavre, Belgien, und eingetragen bei der Banque Carrefour des Entreprises unter der Nummer B.C.E. 0477.194.468<\/p>\n<p><strong>15. \u00a0\u00a0\u00a0\u00a0\u00a0 Hosting:<\/strong><\/p>\n<p>Die Website\u00a0<a href=\"http:\/\/www.c-de-c.be\/\">www.belrobotics.com<\/a>\u00a0wird gehostet von: INFOMANIAK<\/p>\n","protected":false},"excerpt":{"rendered":"<p>YAMABIKO EUROPE S.A. HAUPTSITZ: Avenue Lavoisier 35, 1300 Wavre, Belgien B.C.E. 0477.194.468 Telefon: +32 10 48 00 36 E-Mail:\u00a0dataprivacy@yamabiko.eu BEDINGUNGEN F\u00dcR DIE BENUTZUNG DER WEBSITE\u00a0https:\/\/www.belrobotics.com &nbsp; 1.\u00a0\u00a0\u00a0\u00a0\u00a0\u00a0\u00a0\u00a0 Zielsetzung der Website und allgemeine Nutzungsbedingungen YAMABIKO EUROPE bietet Dienstleistungen im Bereich Verkauf und Wartung von Roboter-Rasenm\u00e4hern, Heckenscheren, Laubbl\u00e4sern und Kettens\u00e4gen f\u00fcr folgende Marken an &#8211; Belrobotics, Echo [&hellip;]<\/p>\n","protected":false},"author":9,"featured_media":0,"parent":0,"menu_order":0,"comment_status":"closed","ping_status":"closed","template":"","meta":{"_acf_changed":false,"footnotes":""},"class_list":["post-6135","page","type-page","status-publish","hentry"],"acf":[],"yoast_head":"<!-- This site is optimized with the Yoast SEO plugin v26.9 - https:\/\/yoast.com\/product\/yoast-seo-wordpress\/ -->\n<title>Haftungsausschluss - Belrobotics<\/title>\n<meta name=\"robots\" content=\"index, follow, max-snippet:-1, max-image-preview:large, max-video-preview:-1\" \/>\n<link rel=\"canonical\" href=\"https:\/\/www.belrobotics.com\/de\/disclaimer\/\" \/>\n<meta property=\"og:locale\" content=\"de_DE\" \/>\n<meta property=\"og:type\" content=\"article\" \/>\n<meta property=\"og:title\" content=\"Haftungsausschluss - Belrobotics\" \/>\n<meta property=\"og:description\" content=\"YAMABIKO EUROPE S.A. HAUPTSITZ: Avenue Lavoisier 35, 1300 Wavre, Belgien B.C.E. 0477.194.468 Telefon: +32 10 48 00 36 E-Mail:\u00a0dataprivacy@yamabiko.eu BEDINGUNGEN F\u00dcR DIE BENUTZUNG DER WEBSITE\u00a0https:\/\/www.belrobotics.com &nbsp; 1.\u00a0\u00a0\u00a0\u00a0\u00a0\u00a0\u00a0\u00a0 Zielsetzung der Website und allgemeine Nutzungsbedingungen YAMABIKO EUROPE bietet Dienstleistungen im Bereich Verkauf und Wartung von Roboter-Rasenm\u00e4hern, Heckenscheren, Laubbl\u00e4sern und Kettens\u00e4gen f\u00fcr folgende Marken an &#8211; Belrobotics, Echo [&hellip;]\" \/>\n<meta property=\"og:url\" content=\"https:\/\/www.belrobotics.com\/de\/disclaimer\/\" \/>\n<meta property=\"og:site_name\" content=\"Belrobotics\" \/>\n<meta property=\"article:publisher\" content=\"https:\/\/www.facebook.com\/belrobotics\" \/>\n<meta property=\"article:modified_time\" content=\"2020-06-25T09:31:54+00:00\" \/>\n<meta name=\"twitter:card\" content=\"summary_large_image\" \/>\n<meta name=\"twitter:label1\" content=\"Gesch\u00e4tzte Lesezeit\" \/>\n\t<meta name=\"twitter:data1\" content=\"7\u00a0Minuten\" \/>\n<script type=\"application\/ld+json\" class=\"yoast-schema-graph\">{\"@context\":\"https:\/\/schema.org\",\"@graph\":[{\"@type\":\"WebPage\",\"@id\":\"https:\/\/www.belrobotics.com\/de\/disclaimer\/\",\"url\":\"https:\/\/www.belrobotics.com\/de\/disclaimer\/\",\"name\":\"Haftungsausschluss - Belrobotics\",\"isPartOf\":{\"@id\":\"https:\/\/www.belrobotics.com\/de\/#website\"},\"datePublished\":\"2019-05-28T08:26:21+00:00\",\"dateModified\":\"2020-06-25T09:31:54+00:00\",\"breadcrumb\":{\"@id\":\"https:\/\/www.belrobotics.com\/de\/disclaimer\/#breadcrumb\"},\"inLanguage\":\"de\",\"potentialAction\":[{\"@type\":\"ReadAction\",\"target\":[\"https:\/\/www.belrobotics.com\/de\/disclaimer\/\"]}]},{\"@type\":\"BreadcrumbList\",\"@id\":\"https:\/\/www.belrobotics.com\/de\/disclaimer\/#breadcrumb\",\"itemListElement\":[{\"@type\":\"ListItem\",\"position\":1,\"name\":\"Home\",\"item\":\"https:\/\/www.belrobotics.com\/de\/\"},{\"@type\":\"ListItem\",\"position\":2,\"name\":\"Haftungsausschluss\"}]},{\"@type\":\"WebSite\",\"@id\":\"https:\/\/www.belrobotics.com\/de\/#website\",\"url\":\"https:\/\/www.belrobotics.com\/de\/\",\"name\":\"Belrobotics\",\"description\":\"The grass masters\",\"publisher\":{\"@id\":\"https:\/\/www.belrobotics.com\/de\/#organization\"},\"potentialAction\":[{\"@type\":\"SearchAction\",\"target\":{\"@type\":\"EntryPoint\",\"urlTemplate\":\"https:\/\/www.belrobotics.com\/de\/?s={search_term_string}\"},\"query-input\":{\"@type\":\"PropertyValueSpecification\",\"valueRequired\":true,\"valueName\":\"search_term_string\"}}],\"inLanguage\":\"de\"},{\"@type\":\"Organization\",\"@id\":\"https:\/\/www.belrobotics.com\/de\/#organization\",\"name\":\"Belrobotics\",\"url\":\"https:\/\/www.belrobotics.com\/de\/\",\"logo\":{\"@type\":\"ImageObject\",\"inLanguage\":\"de\",\"@id\":\"https:\/\/www.belrobotics.com\/de\/#\/schema\/logo\/image\/\",\"url\":\"https:\/\/www.belrobotics.com\/wp-content\/uploads\/2019\/01\/logo-belrobotics.svg\",\"contentUrl\":\"https:\/\/www.belrobotics.com\/wp-content\/uploads\/2019\/01\/logo-belrobotics.svg\",\"width\":100,\"height\":16,\"caption\":\"Belrobotics\"},\"image\":{\"@id\":\"https:\/\/www.belrobotics.com\/de\/#\/schema\/logo\/image\/\"},\"sameAs\":[\"https:\/\/www.facebook.com\/belrobotics\",\"https:\/\/www.youtube.com\/channel\/UCYgWBPRzEdXmUqLRL0JbUIw\",\"https:\/\/www.instagram.com\/belrobotics_europe\/\"]}]}<\/script>\n<!-- \/ Yoast SEO plugin. -->","yoast_head_json":{"title":"Haftungsausschluss - Belrobotics","robots":{"index":"index","follow":"follow","max-snippet":"max-snippet:-1","max-image-preview":"max-image-preview:large","max-video-preview":"max-video-preview:-1"},"canonical":"https:\/\/www.belrobotics.com\/de\/disclaimer\/","og_locale":"de_DE","og_type":"article","og_title":"Haftungsausschluss - Belrobotics","og_description":"YAMABIKO EUROPE S.A. HAUPTSITZ: Avenue Lavoisier 35, 1300 Wavre, Belgien B.C.E. 0477.194.468 Telefon: +32 10 48 00 36 E-Mail:\u00a0dataprivacy@yamabiko.eu BEDINGUNGEN F\u00dcR DIE BENUTZUNG DER WEBSITE\u00a0https:\/\/www.belrobotics.com &nbsp; 1.\u00a0\u00a0\u00a0\u00a0\u00a0\u00a0\u00a0\u00a0 Zielsetzung der Website und allgemeine Nutzungsbedingungen YAMABIKO EUROPE bietet Dienstleistungen im Bereich Verkauf und Wartung von Roboter-Rasenm\u00e4hern, Heckenscheren, Laubbl\u00e4sern und Kettens\u00e4gen f\u00fcr folgende Marken an &#8211; Belrobotics, Echo [&hellip;]","og_url":"https:\/\/www.belrobotics.com\/de\/disclaimer\/","og_site_name":"Belrobotics","article_publisher":"https:\/\/www.facebook.com\/belrobotics","article_modified_time":"2020-06-25T09:31:54+00:00","twitter_card":"summary_large_image","twitter_misc":{"Gesch\u00e4tzte Lesezeit":"7\u00a0Minuten"},"schema":{"@context":"https:\/\/schema.org","@graph":[{"@type":"WebPage","@id":"https:\/\/www.belrobotics.com\/de\/disclaimer\/","url":"https:\/\/www.belrobotics.com\/de\/disclaimer\/","name":"Haftungsausschluss - Belrobotics","isPartOf":{"@id":"https:\/\/www.belrobotics.com\/de\/#website"},"datePublished":"2019-05-28T08:26:21+00:00","dateModified":"2020-06-25T09:31:54+00:00","breadcrumb":{"@id":"https:\/\/www.belrobotics.com\/de\/disclaimer\/#breadcrumb"},"inLanguage":"de","potentialAction":[{"@type":"ReadAction","target":["https:\/\/www.belrobotics.com\/de\/disclaimer\/"]}]},{"@type":"BreadcrumbList","@id":"https:\/\/www.belrobotics.com\/de\/disclaimer\/#breadcrumb","itemListElement":[{"@type":"ListItem","position":1,"name":"Home","item":"https:\/\/www.belrobotics.com\/de\/"},{"@type":"ListItem","position":2,"name":"Haftungsausschluss"}]},{"@type":"WebSite","@id":"https:\/\/www.belrobotics.com\/de\/#website","url":"https:\/\/www.belrobotics.com\/de\/","name":"Belrobotics","description":"The grass masters","publisher":{"@id":"https:\/\/www.belrobotics.com\/de\/#organization"},"potentialAction":[{"@type":"SearchAction","target":{"@type":"EntryPoint","urlTemplate":"https:\/\/www.belrobotics.com\/de\/?s={search_term_string}"},"query-input":{"@type":"PropertyValueSpecification","valueRequired":true,"valueName":"search_term_string"}}],"inLanguage":"de"},{"@type":"Organization","@id":"https:\/\/www.belrobotics.com\/de\/#organization","name":"Belrobotics","url":"https:\/\/www.belrobotics.com\/de\/","logo":{"@type":"ImageObject","inLanguage":"de","@id":"https:\/\/www.belrobotics.com\/de\/#\/schema\/logo\/image\/","url":"https:\/\/www.belrobotics.com\/wp-content\/uploads\/2019\/01\/logo-belrobotics.svg","contentUrl":"https:\/\/www.belrobotics.com\/wp-content\/uploads\/2019\/01\/logo-belrobotics.svg","width":100,"height":16,"caption":"Belrobotics"},"image":{"@id":"https:\/\/www.belrobotics.com\/de\/#\/schema\/logo\/image\/"},"sameAs":["https:\/\/www.facebook.com\/belrobotics","https:\/\/www.youtube.com\/channel\/UCYgWBPRzEdXmUqLRL0JbUIw","https:\/\/www.instagram.com\/belrobotics_europe\/"]}]}},"_links":{"self":[{"href":"https:\/\/www.belrobotics.com\/de\/wp-json\/wp\/v2\/pages\/6135","targetHints":{"allow":["GET"]}}],"collection":[{"href":"https:\/\/www.belrobotics.com\/de\/wp-json\/wp\/v2\/pages"}],"about":[{"href":"https:\/\/www.belrobotics.com\/de\/wp-json\/wp\/v2\/types\/page"}],"author":[{"embeddable":true,"href":"https:\/\/www.belrobotics.com\/de\/wp-json\/wp\/v2\/users\/9"}],"replies":[{"embeddable":true,"href":"https:\/\/www.belrobotics.com\/de\/wp-json\/wp\/v2\/comments?post=6135"}],"version-history":[{"count":0,"href":"https:\/\/www.belrobotics.com\/de\/wp-json\/wp\/v2\/pages\/6135\/revisions"}],"wp:attachment":[{"href":"https:\/\/www.belrobotics.com\/de\/wp-json\/wp\/v2\/media?parent=6135"}],"curies":[{"name":"wp","href":"https:\/\/api.w.org\/{rel}","templated":true}]}}