{"id":42060,"date":"2025-08-12T10:16:31","date_gmt":"2025-08-12T09:16:31","guid":{"rendered":"https:\/\/www.belrobotics.com\/wisecut-automatische-schnitthoehe\/"},"modified":"2025-08-13T15:52:22","modified_gmt":"2025-08-13T14:52:22","slug":"wisecut-automatische-schnitthoehe","status":"publish","type":"page","link":"https:\/\/www.belrobotics.com\/de-lu\/wisecut-automatische-schnitthoehe\/","title":{"rendered":"Wisecut: Perfekte Anpassung an jeden Bereich eines Golfplatzes"},"content":{"rendered":"<h2 class=\"h3\">Automatische Anpassung von H\u00f6he und M\u00e4hstil<\/h2>\n<p class=\"p1\">Die neue Wisecut-Technologie ist eine der neuen Funktionen, die das Softwareupdate f\u00fcr die GPS-RTK-M\u00e4hroboter mit sich bringt. Die Schnitth\u00f6he wie auch der M\u00e4hstil (Streifen, Spiralen) passen sich automatisch an die verschiedenen Bereiche des Golfplatzes entsprechend Ihren Kriterien an. Ein perfektes Ergebnis ohne manuelle Anpassungen.<\/p>\n<h2 class=\"h3\">Un\u00fcbertroffene, attraktive Ergebnisse<\/h2>\n<p class=\"p1\">Mit Wisecut wird jede Fl\u00e4che optimal entsprechend ihrem Einsatz gepflegt.<br clear='none'\/>\nIhre Sportanlagen, Parks und gro\u00dfen Gr\u00fcnfl\u00e4chen werden perfekt gem\u00e4ht.<br clear='none'\/>\nBei Golfpl\u00e4tzen wird jeder Spielbereich\u00a0\u2013 Tees, Fairways, Semi-Roughs, Roughs und Aprons\u00a0\u2013 von perfekt angepasstem, automatisiertem M\u00e4hen profitieren. Mit Wisenav sind professionelle und attraktive Ergebnisse garantiert.<\/p>\n","protected":false},"excerpt":{"rendered":"<p>Automatische Anpassung von H\u00f6he und M\u00e4hstil Die neue Wisecut-Technologie ist eine der neuen Funktionen, die das Softwareupdate f\u00fcr die GPS-RTK-M\u00e4hroboter mit sich bringt. Die Schnitth\u00f6he wie auch der M\u00e4hstil (Streifen, Spiralen) passen sich automatisch an die verschiedenen Bereiche des Golfplatzes entsprechend Ihren Kriterien an. Ein perfektes Ergebnis ohne manuelle Anpassungen. Un\u00fcbertroffene, attraktive Ergebnisse Mit Wisecut [&hellip;]<\/p>\n","protected":false},"author":9,"featured_media":42017,"parent":0,"menu_order":0,"comment_status":"closed","ping_status":"closed","template":"wisecut.php","meta":{"_acf_changed":false,"footnotes":""},"class_list":["post-42060","page","type-page","status-publish","has-post-thumbnail","hentry"],"acf":[],"yoast_head":"<!-- This site is optimized with the Yoast SEO plugin v26.9 - https:\/\/yoast.com\/product\/yoast-seo-wordpress\/ -->\n<title>Wisecut: Perfekte Anpassung an jeden Bereich eines Golfplatzes - Belrobotics<\/title>\n<meta name=\"description\" content=\"Entdecken Sie Wisecut: Schnitth\u00f6he und -muster passen sich automatisch an Ihre Greens, Tees und Fairways an. Tadelloses Ergebnis, null manuelle Einstellungen.\" \/>\n<meta name=\"robots\" content=\"index, follow, max-snippet:-1, max-image-preview:large, max-video-preview:-1\" \/>\n<link rel=\"canonical\" href=\"https:\/\/www.belrobotics.com\/de-lu\/wisecut-automatische-schnitthoehe\/\" \/>\n<meta property=\"og:locale\" content=\"de_DE\" \/>\n<meta property=\"og:type\" content=\"article\" \/>\n<meta property=\"og:title\" content=\"Wisecut: Perfekte Anpassung an jeden Bereich eines Golfplatzes - Belrobotics\" \/>\n<meta property=\"og:description\" content=\"Entdecken Sie Wisecut: Schnitth\u00f6he und -muster passen sich automatisch an Ihre Greens, Tees und Fairways an. Tadelloses Ergebnis, null manuelle Einstellungen.\" \/>\n<meta property=\"og:url\" content=\"https:\/\/www.belrobotics.com\/de-lu\/wisecut-automatische-schnitthoehe\/\" \/>\n<meta property=\"og:site_name\" content=\"Belrobotics\" \/>\n<meta property=\"article:publisher\" content=\"https:\/\/www.facebook.com\/belrobotics\" \/>\n<meta property=\"article:modified_time\" content=\"2025-08-13T14:52:22+00:00\" \/>\n<meta property=\"og:image\" content=\"https:\/\/www.belrobotics.com\/wp-content\/uploads\/2025\/08\/wisecut_page_hero.webp\" \/>\n\t<meta property=\"og:image:width\" content=\"1300\" \/>\n\t<meta property=\"og:image:height\" content=\"1079\" \/>\n\t<meta property=\"og:image:type\" content=\"image\/webp\" \/>\n<meta name=\"twitter:card\" content=\"summary_large_image\" \/>\n<meta name=\"twitter:label1\" content=\"Est. reading time\" \/>\n\t<meta name=\"twitter:data1\" content=\"4 minutes\" \/>\n<script type=\"application\/ld+json\" class=\"yoast-schema-graph\">{\"@context\":\"https:\/\/schema.org\",\"@graph\":[{\"@type\":\"WebPage\",\"@id\":\"https:\/\/www.belrobotics.com\/de-lu\/wisecut-automatische-schnitthoehe\/\",\"url\":\"https:\/\/www.belrobotics.com\/de-lu\/wisecut-automatische-schnitthoehe\/\",\"name\":\"Wisecut: Perfekte Anpassung an jeden Bereich eines Golfplatzes - Belrobotics\",\"isPartOf\":{\"@id\":\"https:\/\/www.belrobotics.com\/de-lu\/#website\"},\"primaryImageOfPage\":{\"@id\":\"https:\/\/www.belrobotics.com\/de-lu\/wisecut-automatische-schnitthoehe\/#primaryimage\"},\"image\":{\"@id\":\"https:\/\/www.belrobotics.com\/de-lu\/wisecut-automatische-schnitthoehe\/#primaryimage\"},\"thumbnailUrl\":\"https:\/\/www.belrobotics.com\/wp-content\/uploads\/2025\/08\/wisecut_page_hero.webp\",\"datePublished\":\"2025-08-12T09:16:31+00:00\",\"dateModified\":\"2025-08-13T14:52:22+00:00\",\"description\":\"Entdecken Sie Wisecut: Schnitth\u00f6he und -muster passen sich automatisch an Ihre Greens, Tees und Fairways an. Tadelloses Ergebnis, null manuelle Einstellungen.\",\"breadcrumb\":{\"@id\":\"https:\/\/www.belrobotics.com\/de-lu\/wisecut-automatische-schnitthoehe\/#breadcrumb\"},\"inLanguage\":\"de-LU\",\"potentialAction\":[{\"@type\":\"ReadAction\",\"target\":[\"https:\/\/www.belrobotics.com\/de-lu\/wisecut-automatische-schnitthoehe\/\"]}]},{\"@type\":\"ImageObject\",\"inLanguage\":\"de-LU\",\"@id\":\"https:\/\/www.belrobotics.com\/de-lu\/wisecut-automatische-schnitthoehe\/#primaryimage\",\"url\":\"https:\/\/www.belrobotics.com\/wp-content\/uploads\/2025\/08\/wisecut_page_hero.webp\",\"contentUrl\":\"https:\/\/www.belrobotics.com\/wp-content\/uploads\/2025\/08\/wisecut_page_hero.webp\",\"width\":1300,\"height\":1079},{\"@type\":\"BreadcrumbList\",\"@id\":\"https:\/\/www.belrobotics.com\/de-lu\/wisecut-automatische-schnitthoehe\/#breadcrumb\",\"itemListElement\":[{\"@type\":\"ListItem\",\"position\":1,\"name\":\"Home\",\"item\":\"https:\/\/www.belrobotics.com\/de-lu\/\"},{\"@type\":\"ListItem\",\"position\":2,\"name\":\"Wisecut: Perfekte Anpassung an jeden Bereich eines Golfplatzes\"}]},{\"@type\":\"WebSite\",\"@id\":\"https:\/\/www.belrobotics.com\/de-lu\/#website\",\"url\":\"https:\/\/www.belrobotics.com\/de-lu\/\",\"name\":\"Belrobotics\",\"description\":\"The grass masters\",\"publisher\":{\"@id\":\"https:\/\/www.belrobotics.com\/de-lu\/#organization\"},\"potentialAction\":[{\"@type\":\"SearchAction\",\"target\":{\"@type\":\"EntryPoint\",\"urlTemplate\":\"https:\/\/www.belrobotics.com\/de-lu\/?s={search_term_string}\"},\"query-input\":{\"@type\":\"PropertyValueSpecification\",\"valueRequired\":true,\"valueName\":\"search_term_string\"}}],\"inLanguage\":\"de-LU\"},{\"@type\":\"Organization\",\"@id\":\"https:\/\/www.belrobotics.com\/de-lu\/#organization\",\"name\":\"Belrobotics\",\"url\":\"https:\/\/www.belrobotics.com\/de-lu\/\",\"logo\":{\"@type\":\"ImageObject\",\"inLanguage\":\"de-LU\",\"@id\":\"https:\/\/www.belrobotics.com\/de-lu\/#\/schema\/logo\/image\/\",\"url\":\"https:\/\/www.belrobotics.com\/wp-content\/uploads\/2019\/01\/logo-belrobotics.svg\",\"contentUrl\":\"https:\/\/www.belrobotics.com\/wp-content\/uploads\/2019\/01\/logo-belrobotics.svg\",\"width\":100,\"height\":16,\"caption\":\"Belrobotics\"},\"image\":{\"@id\":\"https:\/\/www.belrobotics.com\/de-lu\/#\/schema\/logo\/image\/\"},\"sameAs\":[\"https:\/\/www.facebook.com\/belrobotics\",\"https:\/\/www.youtube.com\/channel\/UCYgWBPRzEdXmUqLRL0JbUIw\",\"https:\/\/www.instagram.com\/belrobotics_europe\/\"]}]}<\/script>\n<!-- \/ Yoast SEO plugin. -->","yoast_head_json":{"title":"Wisecut: Perfekte Anpassung an jeden Bereich eines Golfplatzes - Belrobotics","description":"Entdecken Sie Wisecut: Schnitth\u00f6he und -muster passen sich automatisch an Ihre Greens, Tees und Fairways an. Tadelloses Ergebnis, null manuelle Einstellungen.","robots":{"index":"index","follow":"follow","max-snippet":"max-snippet:-1","max-image-preview":"max-image-preview:large","max-video-preview":"max-video-preview:-1"},"canonical":"https:\/\/www.belrobotics.com\/de-lu\/wisecut-automatische-schnitthoehe\/","og_locale":"de_DE","og_type":"article","og_title":"Wisecut: Perfekte Anpassung an jeden Bereich eines Golfplatzes - Belrobotics","og_description":"Entdecken Sie Wisecut: Schnitth\u00f6he und -muster passen sich automatisch an Ihre Greens, Tees und Fairways an. Tadelloses Ergebnis, null manuelle Einstellungen.","og_url":"https:\/\/www.belrobotics.com\/de-lu\/wisecut-automatische-schnitthoehe\/","og_site_name":"Belrobotics","article_publisher":"https:\/\/www.facebook.com\/belrobotics","article_modified_time":"2025-08-13T14:52:22+00:00","og_image":[{"width":1300,"height":1079,"url":"https:\/\/www.belrobotics.com\/wp-content\/uploads\/2025\/08\/wisecut_page_hero.webp","type":"image\/webp"}],"twitter_card":"summary_large_image","twitter_misc":{"Est. reading time":"4 minutes"},"schema":{"@context":"https:\/\/schema.org","@graph":[{"@type":"WebPage","@id":"https:\/\/www.belrobotics.com\/de-lu\/wisecut-automatische-schnitthoehe\/","url":"https:\/\/www.belrobotics.com\/de-lu\/wisecut-automatische-schnitthoehe\/","name":"Wisecut: Perfekte Anpassung an jeden Bereich eines Golfplatzes - Belrobotics","isPartOf":{"@id":"https:\/\/www.belrobotics.com\/de-lu\/#website"},"primaryImageOfPage":{"@id":"https:\/\/www.belrobotics.com\/de-lu\/wisecut-automatische-schnitthoehe\/#primaryimage"},"image":{"@id":"https:\/\/www.belrobotics.com\/de-lu\/wisecut-automatische-schnitthoehe\/#primaryimage"},"thumbnailUrl":"https:\/\/www.belrobotics.com\/wp-content\/uploads\/2025\/08\/wisecut_page_hero.webp","datePublished":"2025-08-12T09:16:31+00:00","dateModified":"2025-08-13T14:52:22+00:00","description":"Entdecken Sie Wisecut: Schnitth\u00f6he und -muster passen sich automatisch an Ihre Greens, Tees und Fairways an. Tadelloses Ergebnis, null manuelle Einstellungen.","breadcrumb":{"@id":"https:\/\/www.belrobotics.com\/de-lu\/wisecut-automatische-schnitthoehe\/#breadcrumb"},"inLanguage":"de-LU","potentialAction":[{"@type":"ReadAction","target":["https:\/\/www.belrobotics.com\/de-lu\/wisecut-automatische-schnitthoehe\/"]}]},{"@type":"ImageObject","inLanguage":"de-LU","@id":"https:\/\/www.belrobotics.com\/de-lu\/wisecut-automatische-schnitthoehe\/#primaryimage","url":"https:\/\/www.belrobotics.com\/wp-content\/uploads\/2025\/08\/wisecut_page_hero.webp","contentUrl":"https:\/\/www.belrobotics.com\/wp-content\/uploads\/2025\/08\/wisecut_page_hero.webp","width":1300,"height":1079},{"@type":"BreadcrumbList","@id":"https:\/\/www.belrobotics.com\/de-lu\/wisecut-automatische-schnitthoehe\/#breadcrumb","itemListElement":[{"@type":"ListItem","position":1,"name":"Home","item":"https:\/\/www.belrobotics.com\/de-lu\/"},{"@type":"ListItem","position":2,"name":"Wisecut: Perfekte Anpassung an jeden Bereich eines Golfplatzes"}]},{"@type":"WebSite","@id":"https:\/\/www.belrobotics.com\/de-lu\/#website","url":"https:\/\/www.belrobotics.com\/de-lu\/","name":"Belrobotics","description":"The grass masters","publisher":{"@id":"https:\/\/www.belrobotics.com\/de-lu\/#organization"},"potentialAction":[{"@type":"SearchAction","target":{"@type":"EntryPoint","urlTemplate":"https:\/\/www.belrobotics.com\/de-lu\/?s={search_term_string}"},"query-input":{"@type":"PropertyValueSpecification","valueRequired":true,"valueName":"search_term_string"}}],"inLanguage":"de-LU"},{"@type":"Organization","@id":"https:\/\/www.belrobotics.com\/de-lu\/#organization","name":"Belrobotics","url":"https:\/\/www.belrobotics.com\/de-lu\/","logo":{"@type":"ImageObject","inLanguage":"de-LU","@id":"https:\/\/www.belrobotics.com\/de-lu\/#\/schema\/logo\/image\/","url":"https:\/\/www.belrobotics.com\/wp-content\/uploads\/2019\/01\/logo-belrobotics.svg","contentUrl":"https:\/\/www.belrobotics.com\/wp-content\/uploads\/2019\/01\/logo-belrobotics.svg","width":100,"height":16,"caption":"Belrobotics"},"image":{"@id":"https:\/\/www.belrobotics.com\/de-lu\/#\/schema\/logo\/image\/"},"sameAs":["https:\/\/www.facebook.com\/belrobotics","https:\/\/www.youtube.com\/channel\/UCYgWBPRzEdXmUqLRL0JbUIw","https:\/\/www.instagram.com\/belrobotics_europe\/"]}]}},"_links":{"self":[{"href":"https:\/\/www.belrobotics.com\/de-lu\/wp-json\/wp\/v2\/pages\/42060","targetHints":{"allow":["GET"]}}],"collection":[{"href":"https:\/\/www.belrobotics.com\/de-lu\/wp-json\/wp\/v2\/pages"}],"about":[{"href":"https:\/\/www.belrobotics.com\/de-lu\/wp-json\/wp\/v2\/types\/page"}],"author":[{"embeddable":true,"href":"https:\/\/www.belrobotics.com\/de-lu\/wp-json\/wp\/v2\/users\/9"}],"replies":[{"embeddable":true,"href":"https:\/\/www.belrobotics.com\/de-lu\/wp-json\/wp\/v2\/comments?post=42060"}],"version-history":[{"count":3,"href":"https:\/\/www.belrobotics.com\/de-lu\/wp-json\/wp\/v2\/pages\/42060\/revisions"}],"predecessor-version":[{"id":42274,"href":"https:\/\/www.belrobotics.com\/de-lu\/wp-json\/wp\/v2\/pages\/42060\/revisions\/42274"}],"wp:featuredmedia":[{"embeddable":true,"href":"https:\/\/www.belrobotics.com\/de-lu\/wp-json\/wp\/v2\/media\/42017"}],"wp:attachment":[{"href":"https:\/\/www.belrobotics.com\/de-lu\/wp-json\/wp\/v2\/media?parent=42060"}],"curies":[{"name":"wp","href":"https:\/\/api.w.org\/{rel}","templated":true}]}}