{"id":6682,"date":"2019-06-03T10:22:32","date_gmt":"2019-06-03T09:22:32","guid":{"rendered":"https:\/\/belrobotics.andromede.digital\/sportvereine\/"},"modified":"2019-11-25T13:31:05","modified_gmt":"2019-11-25T12:31:05","slug":"sportplatz-rasenmaher","status":"publish","type":"page","link":"https:\/\/www.belrobotics.com\/de-ch\/sportplatz-rasenmaher\/","title":{"rendered":"Sportvereine"},"content":{"rendered":"<h3>Verbesserung der Rasenqualit\u00e4t und gleichbleibende Spielbedingungen<\/h3>\n<p>Der Bigmow ist die ideale L\u00f6sung f\u00fcr Ihre Sportanlagen und jegliche auf Rasen gespielten Sportarten. Er wird bereits von Hunderten von Vereinen zur Verbesserung der Qualit\u00e4t des Rasens eingesetzt und bringt wesentliche Einsparungen. Einheitlicher Schnitt, 3\u20135 M\u00e4hungen pro Woche und Einsparungen von 50\u00a0%. G\u00f6nnen Sie Ihren Sportanlagen das Beste \u2013 ohne Eingreifen durch den Menschen.<\/p>\n","protected":false},"excerpt":{"rendered":"<p>Verbesserung der Rasenqualit\u00e4t und gleichbleibende Spielbedingungen Der Bigmow ist die ideale L\u00f6sung f\u00fcr Ihre Sportanlagen und jegliche auf Rasen gespielten Sportarten. Er wird bereits von Hunderten von Vereinen zur Verbesserung der Qualit\u00e4t des Rasens eingesetzt und bringt wesentliche Einsparungen. Einheitlicher Schnitt, 3\u20135 M\u00e4hungen pro Woche und Einsparungen von 50\u00a0%. G\u00f6nnen Sie Ihren Sportanlagen das Beste [&hellip;]<\/p>\n","protected":false},"author":9,"featured_media":3762,"parent":0,"menu_order":0,"comment_status":"closed","ping_status":"closed","template":"utilisation.php","meta":{"_acf_changed":false,"footnotes":""},"class_list":["post-6682","page","type-page","status-publish","has-post-thumbnail","hentry"],"acf":[],"yoast_head":"<!-- This site is optimized with the Yoast SEO plugin v26.9 - https:\/\/yoast.com\/product\/yoast-seo-wordpress\/ -->\n<title>Rasenm\u00e4her f\u00fcr Sportl\u00e4tze | Robot Mower - Belrobotics<\/title>\n<meta name=\"description\" content=\"Bigmow ist f\u00fcr Ihre Sportpl\u00e4tze und f\u00fcr jede Sportart der ideale Rasenm\u00e4her. Hunderte von Clubs nutzen ihn bereits!\" \/>\n<meta name=\"robots\" content=\"index, follow, max-snippet:-1, max-image-preview:large, max-video-preview:-1\" \/>\n<link rel=\"canonical\" href=\"https:\/\/www.belrobotics.com\/de-ch\/sportplatz-rasenmaher\/\" \/>\n<meta property=\"og:locale\" content=\"de_DE\" \/>\n<meta property=\"og:type\" content=\"article\" \/>\n<meta property=\"og:title\" content=\"Rasenm\u00e4her f\u00fcr Sportl\u00e4tze | Robot Mower - Belrobotics\" \/>\n<meta property=\"og:description\" content=\"Bigmow ist f\u00fcr Ihre Sportpl\u00e4tze und f\u00fcr jede Sportart der ideale Rasenm\u00e4her. Hunderte von Clubs nutzen ihn bereits!\" \/>\n<meta property=\"og:url\" content=\"https:\/\/www.belrobotics.com\/de-ch\/sportplatz-rasenmaher\/\" \/>\n<meta property=\"og:site_name\" content=\"Belrobotics\" \/>\n<meta property=\"article:publisher\" content=\"https:\/\/www.facebook.com\/belrobotics\" \/>\n<meta property=\"article:modified_time\" content=\"2019-11-25T12:31:05+00:00\" \/>\n<meta property=\"og:image\" content=\"https:\/\/www.belrobotics.com\/wp-content\/uploads\/2019\/01\/big-mow-action-2-1.jpg\" \/>\n\t<meta property=\"og:image:width\" content=\"2251\" \/>\n\t<meta property=\"og:image:height\" content=\"1745\" \/>\n\t<meta property=\"og:image:type\" content=\"image\/jpeg\" \/>\n<meta name=\"twitter:card\" content=\"summary_large_image\" \/>\n<script type=\"application\/ld+json\" class=\"yoast-schema-graph\">{\"@context\":\"https:\/\/schema.org\",\"@graph\":[{\"@type\":\"WebPage\",\"@id\":\"https:\/\/www.belrobotics.com\/de-ch\/sportplatz-rasenmaher\/\",\"url\":\"https:\/\/www.belrobotics.com\/de-ch\/sportplatz-rasenmaher\/\",\"name\":\"Rasenm\u00e4her f\u00fcr Sportl\u00e4tze | Robot Mower - Belrobotics\",\"isPartOf\":{\"@id\":\"https:\/\/www.belrobotics.com\/de-ch\/#website\"},\"primaryImageOfPage\":{\"@id\":\"https:\/\/www.belrobotics.com\/de-ch\/sportplatz-rasenmaher\/#primaryimage\"},\"image\":{\"@id\":\"https:\/\/www.belrobotics.com\/de-ch\/sportplatz-rasenmaher\/#primaryimage\"},\"thumbnailUrl\":\"https:\/\/www.belrobotics.com\/wp-content\/uploads\/2019\/01\/big-mow-action-2-1.jpg\",\"datePublished\":\"2019-06-03T09:22:32+00:00\",\"dateModified\":\"2019-11-25T12:31:05+00:00\",\"description\":\"Bigmow ist f\u00fcr Ihre Sportpl\u00e4tze und f\u00fcr jede Sportart der ideale Rasenm\u00e4her. Hunderte von Clubs nutzen ihn bereits!\",\"breadcrumb\":{\"@id\":\"https:\/\/www.belrobotics.com\/de-ch\/sportplatz-rasenmaher\/#breadcrumb\"},\"inLanguage\":\"de-CH\",\"potentialAction\":[{\"@type\":\"ReadAction\",\"target\":[\"https:\/\/www.belrobotics.com\/de-ch\/sportplatz-rasenmaher\/\"]}]},{\"@type\":\"ImageObject\",\"inLanguage\":\"de-CH\",\"@id\":\"https:\/\/www.belrobotics.com\/de-ch\/sportplatz-rasenmaher\/#primaryimage\",\"url\":\"https:\/\/www.belrobotics.com\/wp-content\/uploads\/2019\/01\/big-mow-action-2-1.jpg\",\"contentUrl\":\"https:\/\/www.belrobotics.com\/wp-content\/uploads\/2019\/01\/big-mow-action-2-1.jpg\",\"width\":2251,\"height\":1745},{\"@type\":\"BreadcrumbList\",\"@id\":\"https:\/\/www.belrobotics.com\/de-ch\/sportplatz-rasenmaher\/#breadcrumb\",\"itemListElement\":[{\"@type\":\"ListItem\",\"position\":1,\"name\":\"Home\",\"item\":\"https:\/\/www.belrobotics.com\/de-ch\/\"},{\"@type\":\"ListItem\",\"position\":2,\"name\":\"Sportvereine\"}]},{\"@type\":\"WebSite\",\"@id\":\"https:\/\/www.belrobotics.com\/de-ch\/#website\",\"url\":\"https:\/\/www.belrobotics.com\/de-ch\/\",\"name\":\"Belrobotics\",\"description\":\"The grass masters\",\"publisher\":{\"@id\":\"https:\/\/www.belrobotics.com\/de-ch\/#organization\"},\"potentialAction\":[{\"@type\":\"SearchAction\",\"target\":{\"@type\":\"EntryPoint\",\"urlTemplate\":\"https:\/\/www.belrobotics.com\/de-ch\/?s={search_term_string}\"},\"query-input\":{\"@type\":\"PropertyValueSpecification\",\"valueRequired\":true,\"valueName\":\"search_term_string\"}}],\"inLanguage\":\"de-CH\"},{\"@type\":\"Organization\",\"@id\":\"https:\/\/www.belrobotics.com\/de-ch\/#organization\",\"name\":\"Belrobotics\",\"url\":\"https:\/\/www.belrobotics.com\/de-ch\/\",\"logo\":{\"@type\":\"ImageObject\",\"inLanguage\":\"de-CH\",\"@id\":\"https:\/\/www.belrobotics.com\/de-ch\/#\/schema\/logo\/image\/\",\"url\":\"https:\/\/www.belrobotics.com\/wp-content\/uploads\/2019\/01\/logo-belrobotics.svg\",\"contentUrl\":\"https:\/\/www.belrobotics.com\/wp-content\/uploads\/2019\/01\/logo-belrobotics.svg\",\"width\":100,\"height\":16,\"caption\":\"Belrobotics\"},\"image\":{\"@id\":\"https:\/\/www.belrobotics.com\/de-ch\/#\/schema\/logo\/image\/\"},\"sameAs\":[\"https:\/\/www.facebook.com\/belrobotics\",\"https:\/\/www.youtube.com\/channel\/UCYgWBPRzEdXmUqLRL0JbUIw\",\"https:\/\/www.instagram.com\/belrobotics_europe\/\"]}]}<\/script>\n<!-- \/ Yoast SEO plugin. -->","yoast_head_json":{"title":"Rasenm\u00e4her f\u00fcr Sportl\u00e4tze | Robot Mower - Belrobotics","description":"Bigmow ist f\u00fcr Ihre Sportpl\u00e4tze und f\u00fcr jede Sportart der ideale Rasenm\u00e4her. Hunderte von Clubs nutzen ihn bereits!","robots":{"index":"index","follow":"follow","max-snippet":"max-snippet:-1","max-image-preview":"max-image-preview:large","max-video-preview":"max-video-preview:-1"},"canonical":"https:\/\/www.belrobotics.com\/de-ch\/sportplatz-rasenmaher\/","og_locale":"de_DE","og_type":"article","og_title":"Rasenm\u00e4her f\u00fcr Sportl\u00e4tze | Robot Mower - Belrobotics","og_description":"Bigmow ist f\u00fcr Ihre Sportpl\u00e4tze und f\u00fcr jede Sportart der ideale Rasenm\u00e4her. Hunderte von Clubs nutzen ihn bereits!","og_url":"https:\/\/www.belrobotics.com\/de-ch\/sportplatz-rasenmaher\/","og_site_name":"Belrobotics","article_publisher":"https:\/\/www.facebook.com\/belrobotics","article_modified_time":"2019-11-25T12:31:05+00:00","og_image":[{"width":2251,"height":1745,"url":"https:\/\/www.belrobotics.com\/wp-content\/uploads\/2019\/01\/big-mow-action-2-1.jpg","type":"image\/jpeg"}],"twitter_card":"summary_large_image","schema":{"@context":"https:\/\/schema.org","@graph":[{"@type":"WebPage","@id":"https:\/\/www.belrobotics.com\/de-ch\/sportplatz-rasenmaher\/","url":"https:\/\/www.belrobotics.com\/de-ch\/sportplatz-rasenmaher\/","name":"Rasenm\u00e4her f\u00fcr Sportl\u00e4tze | Robot Mower - Belrobotics","isPartOf":{"@id":"https:\/\/www.belrobotics.com\/de-ch\/#website"},"primaryImageOfPage":{"@id":"https:\/\/www.belrobotics.com\/de-ch\/sportplatz-rasenmaher\/#primaryimage"},"image":{"@id":"https:\/\/www.belrobotics.com\/de-ch\/sportplatz-rasenmaher\/#primaryimage"},"thumbnailUrl":"https:\/\/www.belrobotics.com\/wp-content\/uploads\/2019\/01\/big-mow-action-2-1.jpg","datePublished":"2019-06-03T09:22:32+00:00","dateModified":"2019-11-25T12:31:05+00:00","description":"Bigmow ist f\u00fcr Ihre Sportpl\u00e4tze und f\u00fcr jede Sportart der ideale Rasenm\u00e4her. Hunderte von Clubs nutzen ihn bereits!","breadcrumb":{"@id":"https:\/\/www.belrobotics.com\/de-ch\/sportplatz-rasenmaher\/#breadcrumb"},"inLanguage":"de-CH","potentialAction":[{"@type":"ReadAction","target":["https:\/\/www.belrobotics.com\/de-ch\/sportplatz-rasenmaher\/"]}]},{"@type":"ImageObject","inLanguage":"de-CH","@id":"https:\/\/www.belrobotics.com\/de-ch\/sportplatz-rasenmaher\/#primaryimage","url":"https:\/\/www.belrobotics.com\/wp-content\/uploads\/2019\/01\/big-mow-action-2-1.jpg","contentUrl":"https:\/\/www.belrobotics.com\/wp-content\/uploads\/2019\/01\/big-mow-action-2-1.jpg","width":2251,"height":1745},{"@type":"BreadcrumbList","@id":"https:\/\/www.belrobotics.com\/de-ch\/sportplatz-rasenmaher\/#breadcrumb","itemListElement":[{"@type":"ListItem","position":1,"name":"Home","item":"https:\/\/www.belrobotics.com\/de-ch\/"},{"@type":"ListItem","position":2,"name":"Sportvereine"}]},{"@type":"WebSite","@id":"https:\/\/www.belrobotics.com\/de-ch\/#website","url":"https:\/\/www.belrobotics.com\/de-ch\/","name":"Belrobotics","description":"The grass masters","publisher":{"@id":"https:\/\/www.belrobotics.com\/de-ch\/#organization"},"potentialAction":[{"@type":"SearchAction","target":{"@type":"EntryPoint","urlTemplate":"https:\/\/www.belrobotics.com\/de-ch\/?s={search_term_string}"},"query-input":{"@type":"PropertyValueSpecification","valueRequired":true,"valueName":"search_term_string"}}],"inLanguage":"de-CH"},{"@type":"Organization","@id":"https:\/\/www.belrobotics.com\/de-ch\/#organization","name":"Belrobotics","url":"https:\/\/www.belrobotics.com\/de-ch\/","logo":{"@type":"ImageObject","inLanguage":"de-CH","@id":"https:\/\/www.belrobotics.com\/de-ch\/#\/schema\/logo\/image\/","url":"https:\/\/www.belrobotics.com\/wp-content\/uploads\/2019\/01\/logo-belrobotics.svg","contentUrl":"https:\/\/www.belrobotics.com\/wp-content\/uploads\/2019\/01\/logo-belrobotics.svg","width":100,"height":16,"caption":"Belrobotics"},"image":{"@id":"https:\/\/www.belrobotics.com\/de-ch\/#\/schema\/logo\/image\/"},"sameAs":["https:\/\/www.facebook.com\/belrobotics","https:\/\/www.youtube.com\/channel\/UCYgWBPRzEdXmUqLRL0JbUIw","https:\/\/www.instagram.com\/belrobotics_europe\/"]}]}},"_links":{"self":[{"href":"https:\/\/www.belrobotics.com\/de-ch\/wp-json\/wp\/v2\/pages\/6682","targetHints":{"allow":["GET"]}}],"collection":[{"href":"https:\/\/www.belrobotics.com\/de-ch\/wp-json\/wp\/v2\/pages"}],"about":[{"href":"https:\/\/www.belrobotics.com\/de-ch\/wp-json\/wp\/v2\/types\/page"}],"author":[{"embeddable":true,"href":"https:\/\/www.belrobotics.com\/de-ch\/wp-json\/wp\/v2\/users\/9"}],"replies":[{"embeddable":true,"href":"https:\/\/www.belrobotics.com\/de-ch\/wp-json\/wp\/v2\/comments?post=6682"}],"version-history":[{"count":0,"href":"https:\/\/www.belrobotics.com\/de-ch\/wp-json\/wp\/v2\/pages\/6682\/revisions"}],"wp:featuredmedia":[{"embeddable":true,"href":"https:\/\/www.belrobotics.com\/de-ch\/wp-json\/wp\/v2\/media\/3762"}],"wp:attachment":[{"href":"https:\/\/www.belrobotics.com\/de-ch\/wp-json\/wp\/v2\/media?parent=6682"}],"curies":[{"name":"wp","href":"https:\/\/api.w.org\/{rel}","templated":true}]}}