{"id":6678,"date":"2019-06-03T10:24:34","date_gmt":"2019-06-03T09:24:34","guid":{"rendered":"https:\/\/belrobotics.andromede.digital\/privatpersonen\/"},"modified":"2023-07-06T08:42:36","modified_gmt":"2023-07-06T07:42:36","slug":"privatpersonen","status":"publish","type":"page","link":"https:\/\/www.belrobotics.com\/de-ch\/privatpersonen\/","title":{"rendered":"Privatpersonen"},"content":{"rendered":"<h3>Automatische Pflege Ihrer Gr\u00fcnfl\u00e4chen<\/h3>\n<p>Der Parcmow kann eine Rasenfl\u00e4che von bis zu 12.000\u00a0m\u00b2 pflegen. Damit ist der M\u00e4hroboter bestens f\u00fcr Privatpersonen geeignet. Sie werden wie nie zuvor Zeit und Geld sparen. Die Zeit ist reif, diese Arbeit abzugeben und Ihren Rasen zu genie\u00dfen.<\/p>\n","protected":false},"excerpt":{"rendered":"<p>Automatische Pflege Ihrer Gr\u00fcnfl\u00e4chen Der Parcmow kann eine Rasenfl\u00e4che von bis zu 12.000\u00a0m\u00b2 pflegen. Damit ist der M\u00e4hroboter bestens f\u00fcr Privatpersonen geeignet. Sie werden wie nie zuvor Zeit und Geld sparen. Die Zeit ist reif, diese Arbeit abzugeben und Ihren Rasen zu genie\u00dfen.<\/p>\n","protected":false},"author":9,"featured_media":3905,"parent":0,"menu_order":0,"comment_status":"closed","ping_status":"closed","template":"utilisation.php","meta":{"_acf_changed":false,"footnotes":""},"class_list":["post-6678","page","type-page","status-publish","has-post-thumbnail","hentry"],"acf":[],"yoast_head":"<!-- This site is optimized with the Yoast SEO plugin v26.9 - https:\/\/yoast.com\/product\/yoast-seo-wordpress\/ -->\n<title>Privatpersonen - Belrobotics<\/title>\n<meta name=\"robots\" content=\"index, follow, max-snippet:-1, max-image-preview:large, max-video-preview:-1\" \/>\n<link rel=\"canonical\" href=\"https:\/\/www.belrobotics.com\/de-ch\/privatpersonen\/\" \/>\n<meta property=\"og:locale\" content=\"de_DE\" \/>\n<meta property=\"og:type\" content=\"article\" \/>\n<meta property=\"og:title\" content=\"Privatpersonen - Belrobotics\" \/>\n<meta property=\"og:description\" content=\"Automatische Pflege Ihrer Gr\u00fcnfl\u00e4chen Der Parcmow kann eine Rasenfl\u00e4che von bis zu 12.000\u00a0m\u00b2 pflegen. Damit ist der M\u00e4hroboter bestens f\u00fcr Privatpersonen geeignet. Sie werden wie nie zuvor Zeit und Geld sparen. Die Zeit ist reif, diese Arbeit abzugeben und Ihren Rasen zu genie\u00dfen.\" \/>\n<meta property=\"og:url\" content=\"https:\/\/www.belrobotics.com\/de-ch\/privatpersonen\/\" \/>\n<meta property=\"og:site_name\" content=\"Belrobotics\" \/>\n<meta property=\"article:publisher\" content=\"https:\/\/www.facebook.com\/belrobotics\" \/>\n<meta property=\"article:modified_time\" content=\"2023-07-06T07:42:36+00:00\" \/>\n<meta property=\"og:image\" content=\"https:\/\/www.belrobotics.com\/wp-content\/uploads\/2019\/01\/belrobotics_3451-1024x683.jpg\" \/>\n\t<meta property=\"og:image:width\" content=\"1024\" \/>\n\t<meta property=\"og:image:height\" content=\"683\" \/>\n\t<meta property=\"og:image:type\" content=\"image\/jpeg\" \/>\n<meta name=\"twitter:card\" content=\"summary_large_image\" \/>\n<meta name=\"twitter:label1\" content=\"Gesch\u00e4tzte Lesezeit\" \/>\n\t<meta name=\"twitter:data1\" content=\"1\u00a0Minute\" \/>\n<script type=\"application\/ld+json\" class=\"yoast-schema-graph\">{\"@context\":\"https:\/\/schema.org\",\"@graph\":[{\"@type\":\"WebPage\",\"@id\":\"https:\/\/www.belrobotics.com\/de-ch\/privatpersonen\/\",\"url\":\"https:\/\/www.belrobotics.com\/de-ch\/privatpersonen\/\",\"name\":\"Privatpersonen - Belrobotics\",\"isPartOf\":{\"@id\":\"https:\/\/www.belrobotics.com\/de-ch\/#website\"},\"primaryImageOfPage\":{\"@id\":\"https:\/\/www.belrobotics.com\/de-ch\/privatpersonen\/#primaryimage\"},\"image\":{\"@id\":\"https:\/\/www.belrobotics.com\/de-ch\/privatpersonen\/#primaryimage\"},\"thumbnailUrl\":\"https:\/\/www.belrobotics.com\/wp-content\/uploads\/2019\/01\/belrobotics_3451.jpg\",\"datePublished\":\"2019-06-03T09:24:34+00:00\",\"dateModified\":\"2023-07-06T07:42:36+00:00\",\"breadcrumb\":{\"@id\":\"https:\/\/www.belrobotics.com\/de-ch\/privatpersonen\/#breadcrumb\"},\"inLanguage\":\"de-CH\",\"potentialAction\":[{\"@type\":\"ReadAction\",\"target\":[\"https:\/\/www.belrobotics.com\/de-ch\/privatpersonen\/\"]}]},{\"@type\":\"ImageObject\",\"inLanguage\":\"de-CH\",\"@id\":\"https:\/\/www.belrobotics.com\/de-ch\/privatpersonen\/#primaryimage\",\"url\":\"https:\/\/www.belrobotics.com\/wp-content\/uploads\/2019\/01\/belrobotics_3451.jpg\",\"contentUrl\":\"https:\/\/www.belrobotics.com\/wp-content\/uploads\/2019\/01\/belrobotics_3451.jpg\",\"width\":4000,\"height\":2668},{\"@type\":\"BreadcrumbList\",\"@id\":\"https:\/\/www.belrobotics.com\/de-ch\/privatpersonen\/#breadcrumb\",\"itemListElement\":[{\"@type\":\"ListItem\",\"position\":1,\"name\":\"Home\",\"item\":\"https:\/\/www.belrobotics.com\/de-ch\/\"},{\"@type\":\"ListItem\",\"position\":2,\"name\":\"Privatpersonen\"}]},{\"@type\":\"WebSite\",\"@id\":\"https:\/\/www.belrobotics.com\/de-ch\/#website\",\"url\":\"https:\/\/www.belrobotics.com\/de-ch\/\",\"name\":\"Belrobotics\",\"description\":\"The grass masters\",\"publisher\":{\"@id\":\"https:\/\/www.belrobotics.com\/de-ch\/#organization\"},\"potentialAction\":[{\"@type\":\"SearchAction\",\"target\":{\"@type\":\"EntryPoint\",\"urlTemplate\":\"https:\/\/www.belrobotics.com\/de-ch\/?s={search_term_string}\"},\"query-input\":{\"@type\":\"PropertyValueSpecification\",\"valueRequired\":true,\"valueName\":\"search_term_string\"}}],\"inLanguage\":\"de-CH\"},{\"@type\":\"Organization\",\"@id\":\"https:\/\/www.belrobotics.com\/de-ch\/#organization\",\"name\":\"Belrobotics\",\"url\":\"https:\/\/www.belrobotics.com\/de-ch\/\",\"logo\":{\"@type\":\"ImageObject\",\"inLanguage\":\"de-CH\",\"@id\":\"https:\/\/www.belrobotics.com\/de-ch\/#\/schema\/logo\/image\/\",\"url\":\"https:\/\/www.belrobotics.com\/wp-content\/uploads\/2019\/01\/logo-belrobotics.svg\",\"contentUrl\":\"https:\/\/www.belrobotics.com\/wp-content\/uploads\/2019\/01\/logo-belrobotics.svg\",\"width\":100,\"height\":16,\"caption\":\"Belrobotics\"},\"image\":{\"@id\":\"https:\/\/www.belrobotics.com\/de-ch\/#\/schema\/logo\/image\/\"},\"sameAs\":[\"https:\/\/www.facebook.com\/belrobotics\",\"https:\/\/www.youtube.com\/channel\/UCYgWBPRzEdXmUqLRL0JbUIw\",\"https:\/\/www.instagram.com\/belrobotics_europe\/\"]}]}<\/script>\n<!-- \/ Yoast SEO plugin. -->","yoast_head_json":{"title":"Privatpersonen - Belrobotics","robots":{"index":"index","follow":"follow","max-snippet":"max-snippet:-1","max-image-preview":"max-image-preview:large","max-video-preview":"max-video-preview:-1"},"canonical":"https:\/\/www.belrobotics.com\/de-ch\/privatpersonen\/","og_locale":"de_DE","og_type":"article","og_title":"Privatpersonen - Belrobotics","og_description":"Automatische Pflege Ihrer Gr\u00fcnfl\u00e4chen Der Parcmow kann eine Rasenfl\u00e4che von bis zu 12.000\u00a0m\u00b2 pflegen. Damit ist der M\u00e4hroboter bestens f\u00fcr Privatpersonen geeignet. Sie werden wie nie zuvor Zeit und Geld sparen. Die Zeit ist reif, diese Arbeit abzugeben und Ihren Rasen zu genie\u00dfen.","og_url":"https:\/\/www.belrobotics.com\/de-ch\/privatpersonen\/","og_site_name":"Belrobotics","article_publisher":"https:\/\/www.facebook.com\/belrobotics","article_modified_time":"2023-07-06T07:42:36+00:00","og_image":[{"width":1024,"height":683,"url":"https:\/\/www.belrobotics.com\/wp-content\/uploads\/2019\/01\/belrobotics_3451-1024x683.jpg","type":"image\/jpeg"}],"twitter_card":"summary_large_image","twitter_misc":{"Gesch\u00e4tzte Lesezeit":"1\u00a0Minute"},"schema":{"@context":"https:\/\/schema.org","@graph":[{"@type":"WebPage","@id":"https:\/\/www.belrobotics.com\/de-ch\/privatpersonen\/","url":"https:\/\/www.belrobotics.com\/de-ch\/privatpersonen\/","name":"Privatpersonen - Belrobotics","isPartOf":{"@id":"https:\/\/www.belrobotics.com\/de-ch\/#website"},"primaryImageOfPage":{"@id":"https:\/\/www.belrobotics.com\/de-ch\/privatpersonen\/#primaryimage"},"image":{"@id":"https:\/\/www.belrobotics.com\/de-ch\/privatpersonen\/#primaryimage"},"thumbnailUrl":"https:\/\/www.belrobotics.com\/wp-content\/uploads\/2019\/01\/belrobotics_3451.jpg","datePublished":"2019-06-03T09:24:34+00:00","dateModified":"2023-07-06T07:42:36+00:00","breadcrumb":{"@id":"https:\/\/www.belrobotics.com\/de-ch\/privatpersonen\/#breadcrumb"},"inLanguage":"de-CH","potentialAction":[{"@type":"ReadAction","target":["https:\/\/www.belrobotics.com\/de-ch\/privatpersonen\/"]}]},{"@type":"ImageObject","inLanguage":"de-CH","@id":"https:\/\/www.belrobotics.com\/de-ch\/privatpersonen\/#primaryimage","url":"https:\/\/www.belrobotics.com\/wp-content\/uploads\/2019\/01\/belrobotics_3451.jpg","contentUrl":"https:\/\/www.belrobotics.com\/wp-content\/uploads\/2019\/01\/belrobotics_3451.jpg","width":4000,"height":2668},{"@type":"BreadcrumbList","@id":"https:\/\/www.belrobotics.com\/de-ch\/privatpersonen\/#breadcrumb","itemListElement":[{"@type":"ListItem","position":1,"name":"Home","item":"https:\/\/www.belrobotics.com\/de-ch\/"},{"@type":"ListItem","position":2,"name":"Privatpersonen"}]},{"@type":"WebSite","@id":"https:\/\/www.belrobotics.com\/de-ch\/#website","url":"https:\/\/www.belrobotics.com\/de-ch\/","name":"Belrobotics","description":"The grass masters","publisher":{"@id":"https:\/\/www.belrobotics.com\/de-ch\/#organization"},"potentialAction":[{"@type":"SearchAction","target":{"@type":"EntryPoint","urlTemplate":"https:\/\/www.belrobotics.com\/de-ch\/?s={search_term_string}"},"query-input":{"@type":"PropertyValueSpecification","valueRequired":true,"valueName":"search_term_string"}}],"inLanguage":"de-CH"},{"@type":"Organization","@id":"https:\/\/www.belrobotics.com\/de-ch\/#organization","name":"Belrobotics","url":"https:\/\/www.belrobotics.com\/de-ch\/","logo":{"@type":"ImageObject","inLanguage":"de-CH","@id":"https:\/\/www.belrobotics.com\/de-ch\/#\/schema\/logo\/image\/","url":"https:\/\/www.belrobotics.com\/wp-content\/uploads\/2019\/01\/logo-belrobotics.svg","contentUrl":"https:\/\/www.belrobotics.com\/wp-content\/uploads\/2019\/01\/logo-belrobotics.svg","width":100,"height":16,"caption":"Belrobotics"},"image":{"@id":"https:\/\/www.belrobotics.com\/de-ch\/#\/schema\/logo\/image\/"},"sameAs":["https:\/\/www.facebook.com\/belrobotics","https:\/\/www.youtube.com\/channel\/UCYgWBPRzEdXmUqLRL0JbUIw","https:\/\/www.instagram.com\/belrobotics_europe\/"]}]}},"_links":{"self":[{"href":"https:\/\/www.belrobotics.com\/de-ch\/wp-json\/wp\/v2\/pages\/6678","targetHints":{"allow":["GET"]}}],"collection":[{"href":"https:\/\/www.belrobotics.com\/de-ch\/wp-json\/wp\/v2\/pages"}],"about":[{"href":"https:\/\/www.belrobotics.com\/de-ch\/wp-json\/wp\/v2\/types\/page"}],"author":[{"embeddable":true,"href":"https:\/\/www.belrobotics.com\/de-ch\/wp-json\/wp\/v2\/users\/9"}],"replies":[{"embeddable":true,"href":"https:\/\/www.belrobotics.com\/de-ch\/wp-json\/wp\/v2\/comments?post=6678"}],"version-history":[{"count":2,"href":"https:\/\/www.belrobotics.com\/de-ch\/wp-json\/wp\/v2\/pages\/6678\/revisions"}],"predecessor-version":[{"id":25222,"href":"https:\/\/www.belrobotics.com\/de-ch\/wp-json\/wp\/v2\/pages\/6678\/revisions\/25222"}],"wp:featuredmedia":[{"embeddable":true,"href":"https:\/\/www.belrobotics.com\/de-ch\/wp-json\/wp\/v2\/media\/3905"}],"wp:attachment":[{"href":"https:\/\/www.belrobotics.com\/de-ch\/wp-json\/wp\/v2\/media?parent=6678"}],"curies":[{"name":"wp","href":"https:\/\/api.w.org\/{rel}","templated":true}]}}