{"id":6616,"date":"2019-06-03T10:25:26","date_gmt":"2019-06-03T09:25:26","guid":{"rendered":"https:\/\/belrobotics.andromede.digital\/bigmow-parcmow-ballpicker\/"},"modified":"2023-02-22T13:15:55","modified_gmt":"2023-02-22T12:15:55","slug":"connected-line","status":"publish","type":"page","link":"https:\/\/www.belrobotics.com\/de-ch\/connected-line\/","title":{"rendered":"Rasen-M\u00e4hroboter | Bigmow, Parcmow &#038; Ballpicker"},"content":{"rendered":"<h3>Connected Line: Innovation pur<\/h3>\n<p class=\"p1\">Die Roboter der Produktlinie \u201eConnected Line\u201c sind wesentlich robuster als die der vorherigen Generationen. Die \u00e4u\u00dferst zuverl\u00e4ssigen Materialien, aus denen sie hergestellt sind (vom Fahrwerk \u00fcber die R\u00e4der bis zu den Konnektoren), sch\u00fctzen sie vor St\u00f6\u00dfen sowie vor Staub und Feuchtigkeit. Ihre Lebenserwartung ist somit au\u00dfergew\u00f6hnlich hoch!<\/p>\n<p class=\"p1\">Dank ihrer leistungsstarken akustischen Isolation gew\u00e4hrleisten unsere Roboter eine angenehme Nutzung. Ihre Gr\u00fcnfl\u00e4chen bleiben ein ruhiger Ort und der Rasen wird bis in die kleinsten Ecken gem\u00e4ht. Sie m\u00fcssen sich also nur noch zur\u00fccklehnen und Ihrem Rasen eine bestm\u00f6gliche Pflege g\u00f6nnen.<\/p>\n<p class=\"p1\">Diese Produktlinie ist auch einfach zu warten und die Software kann per Fernzugriff aktualisiert werden.<\/p>\n","protected":false},"excerpt":{"rendered":"<p>Connected Line: Innovation pur Die Roboter der Produktlinie \u201eConnected Line\u201c sind wesentlich robuster als die der vorherigen Generationen. Die \u00e4u\u00dferst zuverl\u00e4ssigen Materialien, aus denen sie hergestellt sind (vom Fahrwerk \u00fcber die R\u00e4der bis zu den Konnektoren), sch\u00fctzen sie vor St\u00f6\u00dfen sowie vor Staub und Feuchtigkeit. Ihre Lebenserwartung ist somit au\u00dfergew\u00f6hnlich hoch! Dank ihrer leistungsstarken akustischen [&hellip;]<\/p>\n","protected":false},"author":9,"featured_media":5024,"parent":0,"menu_order":0,"comment_status":"closed","ping_status":"closed","template":"template-archive-tondeuses.php","meta":{"_acf_changed":false,"footnotes":""},"class_list":["post-6616","page","type-page","status-publish","has-post-thumbnail","hentry"],"acf":[],"yoast_head":"<!-- This site is optimized with the Yoast SEO plugin v26.9 - https:\/\/yoast.com\/product\/yoast-seo-wordpress\/ -->\n<title>M\u00e4hroboter | Bigmow, Parcmow &amp; Ballpicker - Belrobotics<\/title>\n<meta name=\"description\" content=\"Entdecken Sie die ferngesteuerten Modelle, die robusten Roboter, die h\u00f6chste Leistungen bieten und eine hochmoderne Software zur Fernsteuerung haben!\" \/>\n<meta name=\"robots\" content=\"index, follow, max-snippet:-1, max-image-preview:large, max-video-preview:-1\" \/>\n<link rel=\"canonical\" href=\"https:\/\/www.belrobotics.com\/de-ch\/connected-line\/\" \/>\n<meta property=\"og:locale\" content=\"de_DE\" \/>\n<meta property=\"og:type\" content=\"article\" \/>\n<meta property=\"og:title\" content=\"M\u00e4hroboter | Bigmow, Parcmow &amp; Ballpicker - Belrobotics\" \/>\n<meta property=\"og:description\" content=\"Entdecken Sie die ferngesteuerten Modelle, die robusten Roboter, die h\u00f6chste Leistungen bieten und eine hochmoderne Software zur Fernsteuerung haben!\" \/>\n<meta property=\"og:url\" content=\"https:\/\/www.belrobotics.com\/de-ch\/connected-line\/\" \/>\n<meta property=\"og:site_name\" content=\"Belrobotics\" \/>\n<meta property=\"article:publisher\" content=\"https:\/\/www.facebook.com\/belrobotics\" \/>\n<meta property=\"article:modified_time\" content=\"2023-02-22T12:15:55+00:00\" \/>\n<meta property=\"og:image\" content=\"https:\/\/www.belrobotics.com\/wp-content\/uploads\/2019\/04\/Golf_43327_2.jpg\" \/>\n\t<meta property=\"og:image:width\" content=\"3000\" \/>\n\t<meta property=\"og:image:height\" content=\"2249\" \/>\n\t<meta property=\"og:image:type\" content=\"image\/jpeg\" \/>\n<meta name=\"twitter:card\" content=\"summary_large_image\" \/>\n<meta name=\"twitter:label1\" content=\"Gesch\u00e4tzte Lesezeit\" \/>\n\t<meta name=\"twitter:data1\" content=\"1\u00a0Minute\" \/>\n<script type=\"application\/ld+json\" class=\"yoast-schema-graph\">{\"@context\":\"https:\/\/schema.org\",\"@graph\":[{\"@type\":\"WebPage\",\"@id\":\"https:\/\/www.belrobotics.com\/de-ch\/connected-line\/\",\"url\":\"https:\/\/www.belrobotics.com\/de-ch\/connected-line\/\",\"name\":\"M\u00e4hroboter | Bigmow, Parcmow & Ballpicker - Belrobotics\",\"isPartOf\":{\"@id\":\"https:\/\/www.belrobotics.com\/de-ch\/#website\"},\"primaryImageOfPage\":{\"@id\":\"https:\/\/www.belrobotics.com\/de-ch\/connected-line\/#primaryimage\"},\"image\":{\"@id\":\"https:\/\/www.belrobotics.com\/de-ch\/connected-line\/#primaryimage\"},\"thumbnailUrl\":\"https:\/\/www.belrobotics.com\/wp-content\/uploads\/2019\/04\/Golf_43327_2.jpg\",\"datePublished\":\"2019-06-03T09:25:26+00:00\",\"dateModified\":\"2023-02-22T12:15:55+00:00\",\"description\":\"Entdecken Sie die ferngesteuerten Modelle, die robusten Roboter, die h\u00f6chste Leistungen bieten und eine hochmoderne Software zur Fernsteuerung haben!\",\"breadcrumb\":{\"@id\":\"https:\/\/www.belrobotics.com\/de-ch\/connected-line\/#breadcrumb\"},\"inLanguage\":\"de-CH\",\"potentialAction\":[{\"@type\":\"ReadAction\",\"target\":[\"https:\/\/www.belrobotics.com\/de-ch\/connected-line\/\"]}]},{\"@type\":\"ImageObject\",\"inLanguage\":\"de-CH\",\"@id\":\"https:\/\/www.belrobotics.com\/de-ch\/connected-line\/#primaryimage\",\"url\":\"https:\/\/www.belrobotics.com\/wp-content\/uploads\/2019\/04\/Golf_43327_2.jpg\",\"contentUrl\":\"https:\/\/www.belrobotics.com\/wp-content\/uploads\/2019\/04\/Golf_43327_2.jpg\",\"width\":3000,\"height\":2249},{\"@type\":\"BreadcrumbList\",\"@id\":\"https:\/\/www.belrobotics.com\/de-ch\/connected-line\/#breadcrumb\",\"itemListElement\":[{\"@type\":\"ListItem\",\"position\":1,\"name\":\"Home\",\"item\":\"https:\/\/www.belrobotics.com\/de-ch\/\"},{\"@type\":\"ListItem\",\"position\":2,\"name\":\"Rasen-M\u00e4hroboter | Bigmow, Parcmow &#038; Ballpicker\"}]},{\"@type\":\"WebSite\",\"@id\":\"https:\/\/www.belrobotics.com\/de-ch\/#website\",\"url\":\"https:\/\/www.belrobotics.com\/de-ch\/\",\"name\":\"Belrobotics\",\"description\":\"The grass masters\",\"publisher\":{\"@id\":\"https:\/\/www.belrobotics.com\/de-ch\/#organization\"},\"potentialAction\":[{\"@type\":\"SearchAction\",\"target\":{\"@type\":\"EntryPoint\",\"urlTemplate\":\"https:\/\/www.belrobotics.com\/de-ch\/?s={search_term_string}\"},\"query-input\":{\"@type\":\"PropertyValueSpecification\",\"valueRequired\":true,\"valueName\":\"search_term_string\"}}],\"inLanguage\":\"de-CH\"},{\"@type\":\"Organization\",\"@id\":\"https:\/\/www.belrobotics.com\/de-ch\/#organization\",\"name\":\"Belrobotics\",\"url\":\"https:\/\/www.belrobotics.com\/de-ch\/\",\"logo\":{\"@type\":\"ImageObject\",\"inLanguage\":\"de-CH\",\"@id\":\"https:\/\/www.belrobotics.com\/de-ch\/#\/schema\/logo\/image\/\",\"url\":\"https:\/\/www.belrobotics.com\/wp-content\/uploads\/2019\/01\/logo-belrobotics.svg\",\"contentUrl\":\"https:\/\/www.belrobotics.com\/wp-content\/uploads\/2019\/01\/logo-belrobotics.svg\",\"width\":100,\"height\":16,\"caption\":\"Belrobotics\"},\"image\":{\"@id\":\"https:\/\/www.belrobotics.com\/de-ch\/#\/schema\/logo\/image\/\"},\"sameAs\":[\"https:\/\/www.facebook.com\/belrobotics\",\"https:\/\/www.youtube.com\/channel\/UCYgWBPRzEdXmUqLRL0JbUIw\",\"https:\/\/www.instagram.com\/belrobotics_europe\/\"]}]}<\/script>\n<!-- \/ Yoast SEO plugin. -->","yoast_head_json":{"title":"M\u00e4hroboter | Bigmow, Parcmow & Ballpicker - Belrobotics","description":"Entdecken Sie die ferngesteuerten Modelle, die robusten Roboter, die h\u00f6chste Leistungen bieten und eine hochmoderne Software zur Fernsteuerung haben!","robots":{"index":"index","follow":"follow","max-snippet":"max-snippet:-1","max-image-preview":"max-image-preview:large","max-video-preview":"max-video-preview:-1"},"canonical":"https:\/\/www.belrobotics.com\/de-ch\/connected-line\/","og_locale":"de_DE","og_type":"article","og_title":"M\u00e4hroboter | Bigmow, Parcmow & Ballpicker - Belrobotics","og_description":"Entdecken Sie die ferngesteuerten Modelle, die robusten Roboter, die h\u00f6chste Leistungen bieten und eine hochmoderne Software zur Fernsteuerung haben!","og_url":"https:\/\/www.belrobotics.com\/de-ch\/connected-line\/","og_site_name":"Belrobotics","article_publisher":"https:\/\/www.facebook.com\/belrobotics","article_modified_time":"2023-02-22T12:15:55+00:00","og_image":[{"width":3000,"height":2249,"url":"https:\/\/www.belrobotics.com\/wp-content\/uploads\/2019\/04\/Golf_43327_2.jpg","type":"image\/jpeg"}],"twitter_card":"summary_large_image","twitter_misc":{"Gesch\u00e4tzte Lesezeit":"1\u00a0Minute"},"schema":{"@context":"https:\/\/schema.org","@graph":[{"@type":"WebPage","@id":"https:\/\/www.belrobotics.com\/de-ch\/connected-line\/","url":"https:\/\/www.belrobotics.com\/de-ch\/connected-line\/","name":"M\u00e4hroboter | Bigmow, Parcmow & Ballpicker - Belrobotics","isPartOf":{"@id":"https:\/\/www.belrobotics.com\/de-ch\/#website"},"primaryImageOfPage":{"@id":"https:\/\/www.belrobotics.com\/de-ch\/connected-line\/#primaryimage"},"image":{"@id":"https:\/\/www.belrobotics.com\/de-ch\/connected-line\/#primaryimage"},"thumbnailUrl":"https:\/\/www.belrobotics.com\/wp-content\/uploads\/2019\/04\/Golf_43327_2.jpg","datePublished":"2019-06-03T09:25:26+00:00","dateModified":"2023-02-22T12:15:55+00:00","description":"Entdecken Sie die ferngesteuerten Modelle, die robusten Roboter, die h\u00f6chste Leistungen bieten und eine hochmoderne Software zur Fernsteuerung haben!","breadcrumb":{"@id":"https:\/\/www.belrobotics.com\/de-ch\/connected-line\/#breadcrumb"},"inLanguage":"de-CH","potentialAction":[{"@type":"ReadAction","target":["https:\/\/www.belrobotics.com\/de-ch\/connected-line\/"]}]},{"@type":"ImageObject","inLanguage":"de-CH","@id":"https:\/\/www.belrobotics.com\/de-ch\/connected-line\/#primaryimage","url":"https:\/\/www.belrobotics.com\/wp-content\/uploads\/2019\/04\/Golf_43327_2.jpg","contentUrl":"https:\/\/www.belrobotics.com\/wp-content\/uploads\/2019\/04\/Golf_43327_2.jpg","width":3000,"height":2249},{"@type":"BreadcrumbList","@id":"https:\/\/www.belrobotics.com\/de-ch\/connected-line\/#breadcrumb","itemListElement":[{"@type":"ListItem","position":1,"name":"Home","item":"https:\/\/www.belrobotics.com\/de-ch\/"},{"@type":"ListItem","position":2,"name":"Rasen-M\u00e4hroboter | Bigmow, Parcmow &#038; Ballpicker"}]},{"@type":"WebSite","@id":"https:\/\/www.belrobotics.com\/de-ch\/#website","url":"https:\/\/www.belrobotics.com\/de-ch\/","name":"Belrobotics","description":"The grass masters","publisher":{"@id":"https:\/\/www.belrobotics.com\/de-ch\/#organization"},"potentialAction":[{"@type":"SearchAction","target":{"@type":"EntryPoint","urlTemplate":"https:\/\/www.belrobotics.com\/de-ch\/?s={search_term_string}"},"query-input":{"@type":"PropertyValueSpecification","valueRequired":true,"valueName":"search_term_string"}}],"inLanguage":"de-CH"},{"@type":"Organization","@id":"https:\/\/www.belrobotics.com\/de-ch\/#organization","name":"Belrobotics","url":"https:\/\/www.belrobotics.com\/de-ch\/","logo":{"@type":"ImageObject","inLanguage":"de-CH","@id":"https:\/\/www.belrobotics.com\/de-ch\/#\/schema\/logo\/image\/","url":"https:\/\/www.belrobotics.com\/wp-content\/uploads\/2019\/01\/logo-belrobotics.svg","contentUrl":"https:\/\/www.belrobotics.com\/wp-content\/uploads\/2019\/01\/logo-belrobotics.svg","width":100,"height":16,"caption":"Belrobotics"},"image":{"@id":"https:\/\/www.belrobotics.com\/de-ch\/#\/schema\/logo\/image\/"},"sameAs":["https:\/\/www.facebook.com\/belrobotics","https:\/\/www.youtube.com\/channel\/UCYgWBPRzEdXmUqLRL0JbUIw","https:\/\/www.instagram.com\/belrobotics_europe\/"]}]}},"_links":{"self":[{"href":"https:\/\/www.belrobotics.com\/de-ch\/wp-json\/wp\/v2\/pages\/6616","targetHints":{"allow":["GET"]}}],"collection":[{"href":"https:\/\/www.belrobotics.com\/de-ch\/wp-json\/wp\/v2\/pages"}],"about":[{"href":"https:\/\/www.belrobotics.com\/de-ch\/wp-json\/wp\/v2\/types\/page"}],"author":[{"embeddable":true,"href":"https:\/\/www.belrobotics.com\/de-ch\/wp-json\/wp\/v2\/users\/9"}],"replies":[{"embeddable":true,"href":"https:\/\/www.belrobotics.com\/de-ch\/wp-json\/wp\/v2\/comments?post=6616"}],"version-history":[{"count":3,"href":"https:\/\/www.belrobotics.com\/de-ch\/wp-json\/wp\/v2\/pages\/6616\/revisions"}],"predecessor-version":[{"id":21875,"href":"https:\/\/www.belrobotics.com\/de-ch\/wp-json\/wp\/v2\/pages\/6616\/revisions\/21875"}],"wp:featuredmedia":[{"embeddable":true,"href":"https:\/\/www.belrobotics.com\/de-ch\/wp-json\/wp\/v2\/media\/5024"}],"wp:attachment":[{"href":"https:\/\/www.belrobotics.com\/de-ch\/wp-json\/wp\/v2\/media?parent=6616"}],"curies":[{"name":"wp","href":"https:\/\/api.w.org\/{rel}","templated":true}]}}