{"id":6612,"date":"2019-06-03T10:22:24","date_gmt":"2019-06-03T09:22:24","guid":{"rendered":"https:\/\/belrobotics.andromede.digital\/golfclubs\/"},"modified":"2024-03-20T16:39:13","modified_gmt":"2024-03-20T15:39:13","slug":"roboter-golfball-aufsammler","status":"publish","type":"page","link":"https:\/\/www.belrobotics.com\/de-ch\/roboter-golfball-aufsammler\/","title":{"rendered":"Golfclubs"},"content":{"rendered":"<h2 class=\"h3\">Automatisieren Sie die Pflege Ihres Rasens mit M\u00e4hen und Ballsammeln auf der Driving Range<\/h2>\n<p>W\u00e4hrend der Bigmow-Golfm\u00e4her den Rasen pflegt und insbesondere das Rough und Semirough auf dem Fairway m\u00e4ht, sammelt der Ballpicker auf der Driving Range die B\u00e4lle ein. Dieses Duo arbeitet harmonisch zusammen und bietet Greenkeepern eine komplette und effektive Automatisierungsl\u00f6sung. Delegieren Sie Tag und Nacht die Verwaltung einer Fl\u00e4che von bis zu 75.000 m\u00b2 f\u00fcr unseren Bigmow und 45.000 m\u00b2 f\u00fcr unseren Ballpicker und garantieren Sie dabei die Sammlung von bis zu 15.000 B\u00e4llen alle 24 Stunden.<\/p>\n","protected":false},"excerpt":{"rendered":"<p>Automatisieren Sie die Pflege Ihres Rasens mit M\u00e4hen und Ballsammeln auf der Driving Range W\u00e4hrend der Bigmow-Golfm\u00e4her den Rasen pflegt und insbesondere das Rough und Semirough auf dem Fairway m\u00e4ht, sammelt der Ballpicker auf der Driving Range die B\u00e4lle ein. Dieses Duo arbeitet harmonisch zusammen und bietet Greenkeepern eine komplette und effektive Automatisierungsl\u00f6sung. Delegieren Sie [&hellip;]<\/p>\n","protected":false},"author":9,"featured_media":34162,"parent":0,"menu_order":0,"comment_status":"closed","ping_status":"closed","template":"utilisation.php","meta":{"_acf_changed":false,"footnotes":""},"class_list":["post-6612","page","type-page","status-publish","has-post-thumbnail","hentry"],"acf":[],"yoast_head":"<!-- This site is optimized with the Yoast SEO plugin v26.9 - https:\/\/yoast.com\/product\/yoast-seo-wordpress\/ -->\n<title>Golf ball picker \u2013 Belrobotics<\/title>\n<meta name=\"description\" content=\"Mit Bigmow sieht Ihre Golffl\u00e4che perfekt aus, es wird eine Fl\u00e4che bis zu 24.000 m\u00b2 automatisch bearbeitet \u2013 bei 50% Einsparungen! Ein Traum f\u00fcr jeden Golfwart!\" \/>\n<meta name=\"robots\" content=\"index, follow, max-snippet:-1, max-image-preview:large, max-video-preview:-1\" \/>\n<link rel=\"canonical\" href=\"https:\/\/www.belrobotics.com\/de-ch\/roboter-golfball-aufsammler\/\" \/>\n<meta property=\"og:locale\" content=\"de_DE\" \/>\n<meta property=\"og:type\" content=\"article\" \/>\n<meta property=\"og:title\" content=\"Golf ball picker \u2013 Belrobotics\" \/>\n<meta property=\"og:description\" content=\"Mit Bigmow sieht Ihre Golffl\u00e4che perfekt aus, es wird eine Fl\u00e4che bis zu 24.000 m\u00b2 automatisch bearbeitet \u2013 bei 50% Einsparungen! Ein Traum f\u00fcr jeden Golfwart!\" \/>\n<meta property=\"og:url\" content=\"https:\/\/www.belrobotics.com\/de-ch\/roboter-golfball-aufsammler\/\" \/>\n<meta property=\"og:site_name\" content=\"Belrobotics\" \/>\n<meta property=\"article:publisher\" content=\"https:\/\/www.facebook.com\/belrobotics\" \/>\n<meta property=\"article:modified_time\" content=\"2024-03-20T15:39:13+00:00\" \/>\n<meta property=\"og:image\" content=\"https:\/\/www.belrobotics.com\/wp-content\/uploads\/2024\/03\/Mowers-scaled.webp\" \/>\n\t<meta property=\"og:image:width\" content=\"2560\" \/>\n\t<meta property=\"og:image:height\" content=\"1707\" \/>\n\t<meta property=\"og:image:type\" content=\"image\/webp\" \/>\n<meta name=\"twitter:card\" content=\"summary_large_image\" \/>\n<meta name=\"twitter:label1\" content=\"Gesch\u00e4tzte Lesezeit\" \/>\n\t<meta name=\"twitter:data1\" content=\"5\u00a0Minuten\" \/>\n<script type=\"application\/ld+json\" class=\"yoast-schema-graph\">{\"@context\":\"https:\/\/schema.org\",\"@graph\":[{\"@type\":\"WebPage\",\"@id\":\"https:\/\/www.belrobotics.com\/de-ch\/roboter-golfball-aufsammler\/\",\"url\":\"https:\/\/www.belrobotics.com\/de-ch\/roboter-golfball-aufsammler\/\",\"name\":\"Golf ball picker \u2013 Belrobotics\",\"isPartOf\":{\"@id\":\"https:\/\/www.belrobotics.com\/de-ch\/#website\"},\"primaryImageOfPage\":{\"@id\":\"https:\/\/www.belrobotics.com\/de-ch\/roboter-golfball-aufsammler\/#primaryimage\"},\"image\":{\"@id\":\"https:\/\/www.belrobotics.com\/de-ch\/roboter-golfball-aufsammler\/#primaryimage\"},\"thumbnailUrl\":\"https:\/\/www.belrobotics.com\/wp-content\/uploads\/2024\/03\/Mowers-scaled.webp\",\"datePublished\":\"2019-06-03T09:22:24+00:00\",\"dateModified\":\"2024-03-20T15:39:13+00:00\",\"description\":\"Mit Bigmow sieht Ihre Golffl\u00e4che perfekt aus, es wird eine Fl\u00e4che bis zu 24.000 m\u00b2 automatisch bearbeitet \u2013 bei 50% Einsparungen! Ein Traum f\u00fcr jeden Golfwart!\",\"breadcrumb\":{\"@id\":\"https:\/\/www.belrobotics.com\/de-ch\/roboter-golfball-aufsammler\/#breadcrumb\"},\"inLanguage\":\"de-CH\",\"potentialAction\":[{\"@type\":\"ReadAction\",\"target\":[\"https:\/\/www.belrobotics.com\/de-ch\/roboter-golfball-aufsammler\/\"]}]},{\"@type\":\"ImageObject\",\"inLanguage\":\"de-CH\",\"@id\":\"https:\/\/www.belrobotics.com\/de-ch\/roboter-golfball-aufsammler\/#primaryimage\",\"url\":\"https:\/\/www.belrobotics.com\/wp-content\/uploads\/2024\/03\/Mowers-scaled.webp\",\"contentUrl\":\"https:\/\/www.belrobotics.com\/wp-content\/uploads\/2024\/03\/Mowers-scaled.webp\",\"width\":2560,\"height\":1707},{\"@type\":\"BreadcrumbList\",\"@id\":\"https:\/\/www.belrobotics.com\/de-ch\/roboter-golfball-aufsammler\/#breadcrumb\",\"itemListElement\":[{\"@type\":\"ListItem\",\"position\":1,\"name\":\"Home\",\"item\":\"https:\/\/www.belrobotics.com\/de-ch\/\"},{\"@type\":\"ListItem\",\"position\":2,\"name\":\"Golfclubs\"}]},{\"@type\":\"WebSite\",\"@id\":\"https:\/\/www.belrobotics.com\/de-ch\/#website\",\"url\":\"https:\/\/www.belrobotics.com\/de-ch\/\",\"name\":\"Belrobotics\",\"description\":\"The grass masters\",\"publisher\":{\"@id\":\"https:\/\/www.belrobotics.com\/de-ch\/#organization\"},\"potentialAction\":[{\"@type\":\"SearchAction\",\"target\":{\"@type\":\"EntryPoint\",\"urlTemplate\":\"https:\/\/www.belrobotics.com\/de-ch\/?s={search_term_string}\"},\"query-input\":{\"@type\":\"PropertyValueSpecification\",\"valueRequired\":true,\"valueName\":\"search_term_string\"}}],\"inLanguage\":\"de-CH\"},{\"@type\":\"Organization\",\"@id\":\"https:\/\/www.belrobotics.com\/de-ch\/#organization\",\"name\":\"Belrobotics\",\"url\":\"https:\/\/www.belrobotics.com\/de-ch\/\",\"logo\":{\"@type\":\"ImageObject\",\"inLanguage\":\"de-CH\",\"@id\":\"https:\/\/www.belrobotics.com\/de-ch\/#\/schema\/logo\/image\/\",\"url\":\"https:\/\/www.belrobotics.com\/wp-content\/uploads\/2019\/01\/logo-belrobotics.svg\",\"contentUrl\":\"https:\/\/www.belrobotics.com\/wp-content\/uploads\/2019\/01\/logo-belrobotics.svg\",\"width\":100,\"height\":16,\"caption\":\"Belrobotics\"},\"image\":{\"@id\":\"https:\/\/www.belrobotics.com\/de-ch\/#\/schema\/logo\/image\/\"},\"sameAs\":[\"https:\/\/www.facebook.com\/belrobotics\",\"https:\/\/www.youtube.com\/channel\/UCYgWBPRzEdXmUqLRL0JbUIw\",\"https:\/\/www.instagram.com\/belrobotics_europe\/\"]}]}<\/script>\n<!-- \/ Yoast SEO plugin. -->","yoast_head_json":{"title":"Golf ball picker \u2013 Belrobotics","description":"Mit Bigmow sieht Ihre Golffl\u00e4che perfekt aus, es wird eine Fl\u00e4che bis zu 24.000 m\u00b2 automatisch bearbeitet \u2013 bei 50% Einsparungen! Ein Traum f\u00fcr jeden Golfwart!","robots":{"index":"index","follow":"follow","max-snippet":"max-snippet:-1","max-image-preview":"max-image-preview:large","max-video-preview":"max-video-preview:-1"},"canonical":"https:\/\/www.belrobotics.com\/de-ch\/roboter-golfball-aufsammler\/","og_locale":"de_DE","og_type":"article","og_title":"Golf ball picker \u2013 Belrobotics","og_description":"Mit Bigmow sieht Ihre Golffl\u00e4che perfekt aus, es wird eine Fl\u00e4che bis zu 24.000 m\u00b2 automatisch bearbeitet \u2013 bei 50% Einsparungen! Ein Traum f\u00fcr jeden Golfwart!","og_url":"https:\/\/www.belrobotics.com\/de-ch\/roboter-golfball-aufsammler\/","og_site_name":"Belrobotics","article_publisher":"https:\/\/www.facebook.com\/belrobotics","article_modified_time":"2024-03-20T15:39:13+00:00","og_image":[{"width":2560,"height":1707,"url":"https:\/\/www.belrobotics.com\/wp-content\/uploads\/2024\/03\/Mowers-scaled.webp","type":"image\/webp"}],"twitter_card":"summary_large_image","twitter_misc":{"Gesch\u00e4tzte Lesezeit":"5\u00a0Minuten"},"schema":{"@context":"https:\/\/schema.org","@graph":[{"@type":"WebPage","@id":"https:\/\/www.belrobotics.com\/de-ch\/roboter-golfball-aufsammler\/","url":"https:\/\/www.belrobotics.com\/de-ch\/roboter-golfball-aufsammler\/","name":"Golf ball picker \u2013 Belrobotics","isPartOf":{"@id":"https:\/\/www.belrobotics.com\/de-ch\/#website"},"primaryImageOfPage":{"@id":"https:\/\/www.belrobotics.com\/de-ch\/roboter-golfball-aufsammler\/#primaryimage"},"image":{"@id":"https:\/\/www.belrobotics.com\/de-ch\/roboter-golfball-aufsammler\/#primaryimage"},"thumbnailUrl":"https:\/\/www.belrobotics.com\/wp-content\/uploads\/2024\/03\/Mowers-scaled.webp","datePublished":"2019-06-03T09:22:24+00:00","dateModified":"2024-03-20T15:39:13+00:00","description":"Mit Bigmow sieht Ihre Golffl\u00e4che perfekt aus, es wird eine Fl\u00e4che bis zu 24.000 m\u00b2 automatisch bearbeitet \u2013 bei 50% Einsparungen! Ein Traum f\u00fcr jeden Golfwart!","breadcrumb":{"@id":"https:\/\/www.belrobotics.com\/de-ch\/roboter-golfball-aufsammler\/#breadcrumb"},"inLanguage":"de-CH","potentialAction":[{"@type":"ReadAction","target":["https:\/\/www.belrobotics.com\/de-ch\/roboter-golfball-aufsammler\/"]}]},{"@type":"ImageObject","inLanguage":"de-CH","@id":"https:\/\/www.belrobotics.com\/de-ch\/roboter-golfball-aufsammler\/#primaryimage","url":"https:\/\/www.belrobotics.com\/wp-content\/uploads\/2024\/03\/Mowers-scaled.webp","contentUrl":"https:\/\/www.belrobotics.com\/wp-content\/uploads\/2024\/03\/Mowers-scaled.webp","width":2560,"height":1707},{"@type":"BreadcrumbList","@id":"https:\/\/www.belrobotics.com\/de-ch\/roboter-golfball-aufsammler\/#breadcrumb","itemListElement":[{"@type":"ListItem","position":1,"name":"Home","item":"https:\/\/www.belrobotics.com\/de-ch\/"},{"@type":"ListItem","position":2,"name":"Golfclubs"}]},{"@type":"WebSite","@id":"https:\/\/www.belrobotics.com\/de-ch\/#website","url":"https:\/\/www.belrobotics.com\/de-ch\/","name":"Belrobotics","description":"The grass masters","publisher":{"@id":"https:\/\/www.belrobotics.com\/de-ch\/#organization"},"potentialAction":[{"@type":"SearchAction","target":{"@type":"EntryPoint","urlTemplate":"https:\/\/www.belrobotics.com\/de-ch\/?s={search_term_string}"},"query-input":{"@type":"PropertyValueSpecification","valueRequired":true,"valueName":"search_term_string"}}],"inLanguage":"de-CH"},{"@type":"Organization","@id":"https:\/\/www.belrobotics.com\/de-ch\/#organization","name":"Belrobotics","url":"https:\/\/www.belrobotics.com\/de-ch\/","logo":{"@type":"ImageObject","inLanguage":"de-CH","@id":"https:\/\/www.belrobotics.com\/de-ch\/#\/schema\/logo\/image\/","url":"https:\/\/www.belrobotics.com\/wp-content\/uploads\/2019\/01\/logo-belrobotics.svg","contentUrl":"https:\/\/www.belrobotics.com\/wp-content\/uploads\/2019\/01\/logo-belrobotics.svg","width":100,"height":16,"caption":"Belrobotics"},"image":{"@id":"https:\/\/www.belrobotics.com\/de-ch\/#\/schema\/logo\/image\/"},"sameAs":["https:\/\/www.facebook.com\/belrobotics","https:\/\/www.youtube.com\/channel\/UCYgWBPRzEdXmUqLRL0JbUIw","https:\/\/www.instagram.com\/belrobotics_europe\/"]}]}},"_links":{"self":[{"href":"https:\/\/www.belrobotics.com\/de-ch\/wp-json\/wp\/v2\/pages\/6612","targetHints":{"allow":["GET"]}}],"collection":[{"href":"https:\/\/www.belrobotics.com\/de-ch\/wp-json\/wp\/v2\/pages"}],"about":[{"href":"https:\/\/www.belrobotics.com\/de-ch\/wp-json\/wp\/v2\/types\/page"}],"author":[{"embeddable":true,"href":"https:\/\/www.belrobotics.com\/de-ch\/wp-json\/wp\/v2\/users\/9"}],"replies":[{"embeddable":true,"href":"https:\/\/www.belrobotics.com\/de-ch\/wp-json\/wp\/v2\/comments?post=6612"}],"version-history":[{"count":3,"href":"https:\/\/www.belrobotics.com\/de-ch\/wp-json\/wp\/v2\/pages\/6612\/revisions"}],"predecessor-version":[{"id":34281,"href":"https:\/\/www.belrobotics.com\/de-ch\/wp-json\/wp\/v2\/pages\/6612\/revisions\/34281"}],"wp:featuredmedia":[{"embeddable":true,"href":"https:\/\/www.belrobotics.com\/de-ch\/wp-json\/wp\/v2\/media\/34162"}],"wp:attachment":[{"href":"https:\/\/www.belrobotics.com\/de-ch\/wp-json\/wp\/v2\/media?parent=6612"}],"curies":[{"name":"wp","href":"https:\/\/api.w.org\/{rel}","templated":true}]}}