{"id":6598,"date":"2019-01-21T15:12:33","date_gmt":"2019-01-21T14:12:33","guid":{"rendered":"https:\/\/belrobotics.andromede.digital\/extreme-flachen\/"},"modified":"2019-11-25T12:03:41","modified_gmt":"2019-11-25T11:03:41","slug":"riskante-standorte","status":"publish","type":"page","link":"https:\/\/www.belrobotics.com\/de-ch\/riskante-standorte\/","title":{"rendered":"Extreme Fl\u00e4chen"},"content":{"rendered":"<h3>M\u00e4hroboter m\u00e4hen auch in Risikoumgebungen<\/h3>\n<p>Der Bigmow kann eine Rasenfl\u00e4che von bis zu 24.000\u00a0m\u00b2 pflegen. Er ist selbst unter schwierigen Bedingungen \u00e4u\u00dferst leistungsstark. Der M\u00e4hroboter f\u00fcr alle Gel\u00e4nde von Belrobotics ist weltweit der einzige, der f\u00fcr Standorte mit St\u00f6rsignalen oder risikoreiche Industrieumgebungen geeignet ist.<\/p>\n","protected":false},"excerpt":{"rendered":"<p>M\u00e4hroboter m\u00e4hen auch in Risikoumgebungen Der Bigmow kann eine Rasenfl\u00e4che von bis zu 24.000\u00a0m\u00b2 pflegen. Er ist selbst unter schwierigen Bedingungen \u00e4u\u00dferst leistungsstark. Der M\u00e4hroboter f\u00fcr alle Gel\u00e4nde von Belrobotics ist weltweit der einzige, der f\u00fcr Standorte mit St\u00f6rsignalen oder risikoreiche Industrieumgebungen geeignet ist.<\/p>\n","protected":false},"author":9,"featured_media":5067,"parent":0,"menu_order":0,"comment_status":"closed","ping_status":"closed","template":"utilisation.php","meta":{"_acf_changed":false,"footnotes":""},"class_list":["post-6598","page","type-page","status-publish","has-post-thumbnail","hentry"],"acf":[],"yoast_head":"<!-- This site is optimized with the Yoast SEO plugin v26.9 - https:\/\/yoast.com\/product\/yoast-seo-wordpress\/ -->\n<title>Automatischer Rasenm\u00e4her f\u00fcr schwierige Standorte - Belrobotics<\/title>\n<meta name=\"description\" content=\"Der Belrobotics \u2013M\u00e4her ist international der einzige, der sich an Standorte anpasst, bei denen Signalst\u00f6rungen auftreten oder bei riskantem Industrie-Umfeld.\" \/>\n<meta name=\"robots\" content=\"index, follow, max-snippet:-1, max-image-preview:large, max-video-preview:-1\" \/>\n<link rel=\"canonical\" href=\"https:\/\/www.belrobotics.com\/de-ch\/riskante-standorte\/\" \/>\n<meta property=\"og:locale\" content=\"de_DE\" \/>\n<meta property=\"og:type\" content=\"article\" \/>\n<meta property=\"og:title\" content=\"Automatischer Rasenm\u00e4her f\u00fcr schwierige Standorte - Belrobotics\" \/>\n<meta property=\"og:description\" content=\"Der Belrobotics \u2013M\u00e4her ist international der einzige, der sich an Standorte anpasst, bei denen Signalst\u00f6rungen auftreten oder bei riskantem Industrie-Umfeld.\" \/>\n<meta property=\"og:url\" content=\"https:\/\/www.belrobotics.com\/de-ch\/riskante-standorte\/\" \/>\n<meta property=\"og:site_name\" content=\"Belrobotics\" \/>\n<meta property=\"article:publisher\" content=\"https:\/\/www.facebook.com\/belrobotics\" \/>\n<meta property=\"article:modified_time\" content=\"2019-11-25T11:03:41+00:00\" \/>\n<meta property=\"og:image\" content=\"https:\/\/www.belrobotics.com\/wp-content\/uploads\/2019\/05\/shutterstock_308515325.jpg\" \/>\n\t<meta property=\"og:image:width\" content=\"3000\" \/>\n\t<meta property=\"og:image:height\" content=\"1997\" \/>\n\t<meta property=\"og:image:type\" content=\"image\/jpeg\" \/>\n<meta name=\"twitter:card\" content=\"summary_large_image\" \/>\n<script type=\"application\/ld+json\" class=\"yoast-schema-graph\">{\"@context\":\"https:\/\/schema.org\",\"@graph\":[{\"@type\":\"WebPage\",\"@id\":\"https:\/\/www.belrobotics.com\/de-ch\/riskante-standorte\/\",\"url\":\"https:\/\/www.belrobotics.com\/de-ch\/riskante-standorte\/\",\"name\":\"Automatischer Rasenm\u00e4her f\u00fcr schwierige Standorte - Belrobotics\",\"isPartOf\":{\"@id\":\"https:\/\/www.belrobotics.com\/de-ch\/#website\"},\"primaryImageOfPage\":{\"@id\":\"https:\/\/www.belrobotics.com\/de-ch\/riskante-standorte\/#primaryimage\"},\"image\":{\"@id\":\"https:\/\/www.belrobotics.com\/de-ch\/riskante-standorte\/#primaryimage\"},\"thumbnailUrl\":\"https:\/\/www.belrobotics.com\/wp-content\/uploads\/2019\/05\/shutterstock_308515325.jpg\",\"datePublished\":\"2019-01-21T14:12:33+00:00\",\"dateModified\":\"2019-11-25T11:03:41+00:00\",\"description\":\"Der Belrobotics \u2013M\u00e4her ist international der einzige, der sich an Standorte anpasst, bei denen Signalst\u00f6rungen auftreten oder bei riskantem Industrie-Umfeld.\",\"breadcrumb\":{\"@id\":\"https:\/\/www.belrobotics.com\/de-ch\/riskante-standorte\/#breadcrumb\"},\"inLanguage\":\"de-CH\",\"potentialAction\":[{\"@type\":\"ReadAction\",\"target\":[\"https:\/\/www.belrobotics.com\/de-ch\/riskante-standorte\/\"]}]},{\"@type\":\"ImageObject\",\"inLanguage\":\"de-CH\",\"@id\":\"https:\/\/www.belrobotics.com\/de-ch\/riskante-standorte\/#primaryimage\",\"url\":\"https:\/\/www.belrobotics.com\/wp-content\/uploads\/2019\/05\/shutterstock_308515325.jpg\",\"contentUrl\":\"https:\/\/www.belrobotics.com\/wp-content\/uploads\/2019\/05\/shutterstock_308515325.jpg\",\"width\":3000,\"height\":1997},{\"@type\":\"BreadcrumbList\",\"@id\":\"https:\/\/www.belrobotics.com\/de-ch\/riskante-standorte\/#breadcrumb\",\"itemListElement\":[{\"@type\":\"ListItem\",\"position\":1,\"name\":\"Home\",\"item\":\"https:\/\/www.belrobotics.com\/de-ch\/\"},{\"@type\":\"ListItem\",\"position\":2,\"name\":\"Extreme Fl\u00e4chen\"}]},{\"@type\":\"WebSite\",\"@id\":\"https:\/\/www.belrobotics.com\/de-ch\/#website\",\"url\":\"https:\/\/www.belrobotics.com\/de-ch\/\",\"name\":\"Belrobotics\",\"description\":\"The grass masters\",\"publisher\":{\"@id\":\"https:\/\/www.belrobotics.com\/de-ch\/#organization\"},\"potentialAction\":[{\"@type\":\"SearchAction\",\"target\":{\"@type\":\"EntryPoint\",\"urlTemplate\":\"https:\/\/www.belrobotics.com\/de-ch\/?s={search_term_string}\"},\"query-input\":{\"@type\":\"PropertyValueSpecification\",\"valueRequired\":true,\"valueName\":\"search_term_string\"}}],\"inLanguage\":\"de-CH\"},{\"@type\":\"Organization\",\"@id\":\"https:\/\/www.belrobotics.com\/de-ch\/#organization\",\"name\":\"Belrobotics\",\"url\":\"https:\/\/www.belrobotics.com\/de-ch\/\",\"logo\":{\"@type\":\"ImageObject\",\"inLanguage\":\"de-CH\",\"@id\":\"https:\/\/www.belrobotics.com\/de-ch\/#\/schema\/logo\/image\/\",\"url\":\"https:\/\/www.belrobotics.com\/wp-content\/uploads\/2019\/01\/logo-belrobotics.svg\",\"contentUrl\":\"https:\/\/www.belrobotics.com\/wp-content\/uploads\/2019\/01\/logo-belrobotics.svg\",\"width\":100,\"height\":16,\"caption\":\"Belrobotics\"},\"image\":{\"@id\":\"https:\/\/www.belrobotics.com\/de-ch\/#\/schema\/logo\/image\/\"},\"sameAs\":[\"https:\/\/www.facebook.com\/belrobotics\",\"https:\/\/www.youtube.com\/channel\/UCYgWBPRzEdXmUqLRL0JbUIw\",\"https:\/\/www.instagram.com\/belrobotics_europe\/\"]}]}<\/script>\n<!-- \/ Yoast SEO plugin. -->","yoast_head_json":{"title":"Automatischer Rasenm\u00e4her f\u00fcr schwierige Standorte - Belrobotics","description":"Der Belrobotics \u2013M\u00e4her ist international der einzige, der sich an Standorte anpasst, bei denen Signalst\u00f6rungen auftreten oder bei riskantem Industrie-Umfeld.","robots":{"index":"index","follow":"follow","max-snippet":"max-snippet:-1","max-image-preview":"max-image-preview:large","max-video-preview":"max-video-preview:-1"},"canonical":"https:\/\/www.belrobotics.com\/de-ch\/riskante-standorte\/","og_locale":"de_DE","og_type":"article","og_title":"Automatischer Rasenm\u00e4her f\u00fcr schwierige Standorte - Belrobotics","og_description":"Der Belrobotics \u2013M\u00e4her ist international der einzige, der sich an Standorte anpasst, bei denen Signalst\u00f6rungen auftreten oder bei riskantem Industrie-Umfeld.","og_url":"https:\/\/www.belrobotics.com\/de-ch\/riskante-standorte\/","og_site_name":"Belrobotics","article_publisher":"https:\/\/www.facebook.com\/belrobotics","article_modified_time":"2019-11-25T11:03:41+00:00","og_image":[{"width":3000,"height":1997,"url":"https:\/\/www.belrobotics.com\/wp-content\/uploads\/2019\/05\/shutterstock_308515325.jpg","type":"image\/jpeg"}],"twitter_card":"summary_large_image","schema":{"@context":"https:\/\/schema.org","@graph":[{"@type":"WebPage","@id":"https:\/\/www.belrobotics.com\/de-ch\/riskante-standorte\/","url":"https:\/\/www.belrobotics.com\/de-ch\/riskante-standorte\/","name":"Automatischer Rasenm\u00e4her f\u00fcr schwierige Standorte - Belrobotics","isPartOf":{"@id":"https:\/\/www.belrobotics.com\/de-ch\/#website"},"primaryImageOfPage":{"@id":"https:\/\/www.belrobotics.com\/de-ch\/riskante-standorte\/#primaryimage"},"image":{"@id":"https:\/\/www.belrobotics.com\/de-ch\/riskante-standorte\/#primaryimage"},"thumbnailUrl":"https:\/\/www.belrobotics.com\/wp-content\/uploads\/2019\/05\/shutterstock_308515325.jpg","datePublished":"2019-01-21T14:12:33+00:00","dateModified":"2019-11-25T11:03:41+00:00","description":"Der Belrobotics \u2013M\u00e4her ist international der einzige, der sich an Standorte anpasst, bei denen Signalst\u00f6rungen auftreten oder bei riskantem Industrie-Umfeld.","breadcrumb":{"@id":"https:\/\/www.belrobotics.com\/de-ch\/riskante-standorte\/#breadcrumb"},"inLanguage":"de-CH","potentialAction":[{"@type":"ReadAction","target":["https:\/\/www.belrobotics.com\/de-ch\/riskante-standorte\/"]}]},{"@type":"ImageObject","inLanguage":"de-CH","@id":"https:\/\/www.belrobotics.com\/de-ch\/riskante-standorte\/#primaryimage","url":"https:\/\/www.belrobotics.com\/wp-content\/uploads\/2019\/05\/shutterstock_308515325.jpg","contentUrl":"https:\/\/www.belrobotics.com\/wp-content\/uploads\/2019\/05\/shutterstock_308515325.jpg","width":3000,"height":1997},{"@type":"BreadcrumbList","@id":"https:\/\/www.belrobotics.com\/de-ch\/riskante-standorte\/#breadcrumb","itemListElement":[{"@type":"ListItem","position":1,"name":"Home","item":"https:\/\/www.belrobotics.com\/de-ch\/"},{"@type":"ListItem","position":2,"name":"Extreme Fl\u00e4chen"}]},{"@type":"WebSite","@id":"https:\/\/www.belrobotics.com\/de-ch\/#website","url":"https:\/\/www.belrobotics.com\/de-ch\/","name":"Belrobotics","description":"The grass masters","publisher":{"@id":"https:\/\/www.belrobotics.com\/de-ch\/#organization"},"potentialAction":[{"@type":"SearchAction","target":{"@type":"EntryPoint","urlTemplate":"https:\/\/www.belrobotics.com\/de-ch\/?s={search_term_string}"},"query-input":{"@type":"PropertyValueSpecification","valueRequired":true,"valueName":"search_term_string"}}],"inLanguage":"de-CH"},{"@type":"Organization","@id":"https:\/\/www.belrobotics.com\/de-ch\/#organization","name":"Belrobotics","url":"https:\/\/www.belrobotics.com\/de-ch\/","logo":{"@type":"ImageObject","inLanguage":"de-CH","@id":"https:\/\/www.belrobotics.com\/de-ch\/#\/schema\/logo\/image\/","url":"https:\/\/www.belrobotics.com\/wp-content\/uploads\/2019\/01\/logo-belrobotics.svg","contentUrl":"https:\/\/www.belrobotics.com\/wp-content\/uploads\/2019\/01\/logo-belrobotics.svg","width":100,"height":16,"caption":"Belrobotics"},"image":{"@id":"https:\/\/www.belrobotics.com\/de-ch\/#\/schema\/logo\/image\/"},"sameAs":["https:\/\/www.facebook.com\/belrobotics","https:\/\/www.youtube.com\/channel\/UCYgWBPRzEdXmUqLRL0JbUIw","https:\/\/www.instagram.com\/belrobotics_europe\/"]}]}},"_links":{"self":[{"href":"https:\/\/www.belrobotics.com\/de-ch\/wp-json\/wp\/v2\/pages\/6598","targetHints":{"allow":["GET"]}}],"collection":[{"href":"https:\/\/www.belrobotics.com\/de-ch\/wp-json\/wp\/v2\/pages"}],"about":[{"href":"https:\/\/www.belrobotics.com\/de-ch\/wp-json\/wp\/v2\/types\/page"}],"author":[{"embeddable":true,"href":"https:\/\/www.belrobotics.com\/de-ch\/wp-json\/wp\/v2\/users\/9"}],"replies":[{"embeddable":true,"href":"https:\/\/www.belrobotics.com\/de-ch\/wp-json\/wp\/v2\/comments?post=6598"}],"version-history":[{"count":0,"href":"https:\/\/www.belrobotics.com\/de-ch\/wp-json\/wp\/v2\/pages\/6598\/revisions"}],"wp:featuredmedia":[{"embeddable":true,"href":"https:\/\/www.belrobotics.com\/de-ch\/wp-json\/wp\/v2\/media\/5067"}],"wp:attachment":[{"href":"https:\/\/www.belrobotics.com\/de-ch\/wp-json\/wp\/v2\/media?parent=6598"}],"curies":[{"name":"wp","href":"https:\/\/api.w.org\/{rel}","templated":true}]}}