{"id":6593,"date":"2019-06-03T10:22:40","date_gmt":"2019-06-03T09:22:40","guid":{"rendered":"https:\/\/belrobotics.andromede.digital\/entdecken-sie-unsere-exklusiven-vorteile\/"},"modified":"2020-05-07T10:30:24","modified_gmt":"2020-05-07T09:30:24","slug":"vorteile-rasen-mah-roboter","status":"publish","type":"page","link":"https:\/\/www.belrobotics.com\/de-ch\/vorteile-rasen-mah-roboter\/","title":{"rendered":"Vorteile der M\u00e4hroboter"},"content":{"rendered":"<h3>Ein perfekter Schnitt ganz automatisch<\/h3>\n<p>Ab jetzt bedeuten weder die Gr\u00f6\u00dfe der zu m\u00e4henden Fl\u00e4che noch die von Ihnen gew\u00fcnschte M\u00e4hqualit\u00e4t und auch die Bodenbeschaffenheit keine Arbeit mehr f\u00fcr Sie.<\/p>\n<p>Belrobotics kennt die Anforderungen von Experten und denen, die einfach nur einen sch\u00f6nen Rasen lieben. Unsere Roboterl\u00f6sungen reduzieren Ihre Arbeitszeit betr\u00e4chtlich, gew\u00e4hrleisten eine un\u00fcbertroffene Rasenqualit\u00e4t und sind Teil einer Vision zu Nachhaltigkeit. Die automatischen Rasenm\u00e4her von Belrobotics werden bereits von Tausenden Profis, Sportvereinen und Landbesitzern eingesetzt. Sie bieten f\u00fcr private und \u00f6ffentliche Infrastrukturen eine un\u00fcbertroffene Robustheit und Lebensdauer.<\/p>\n","protected":false},"excerpt":{"rendered":"<p>Ein perfekter Schnitt ganz automatisch Ab jetzt bedeuten weder die Gr\u00f6\u00dfe der zu m\u00e4henden Fl\u00e4che noch die von Ihnen gew\u00fcnschte M\u00e4hqualit\u00e4t und auch die Bodenbeschaffenheit keine Arbeit mehr f\u00fcr Sie. Belrobotics kennt die Anforderungen von Experten und denen, die einfach nur einen sch\u00f6nen Rasen lieben. Unsere Roboterl\u00f6sungen reduzieren Ihre Arbeitszeit betr\u00e4chtlich, gew\u00e4hrleisten eine un\u00fcbertroffene Rasenqualit\u00e4t [&hellip;]<\/p>\n","protected":false},"author":9,"featured_media":3623,"parent":0,"menu_order":0,"comment_status":"closed","ping_status":"closed","template":"avantages.php","meta":{"_acf_changed":false,"footnotes":""},"class_list":["post-6593","page","type-page","status-publish","has-post-thumbnail","hentry"],"acf":[],"yoast_head":"<!-- This site is optimized with the Yoast SEO plugin v26.9 - https:\/\/yoast.com\/product\/yoast-seo-wordpress\/ -->\n<title>Vorteile der M\u00e4hroboter - Belrobotics<\/title>\n<meta name=\"description\" content=\"Belrobotics kennt bestens die Anforderungen der Experten \u2013 auch der Rasenliebhaber. Unsere M\u00e4hroboter-L\u00f6sungen bieten Ihnen viele Vorteile: entdecken Sie diese!\" \/>\n<meta name=\"robots\" content=\"index, follow, max-snippet:-1, max-image-preview:large, max-video-preview:-1\" \/>\n<link rel=\"canonical\" href=\"https:\/\/www.belrobotics.com\/de-ch\/vorteile-rasen-mah-roboter\/\" \/>\n<meta property=\"og:locale\" content=\"de_DE\" \/>\n<meta property=\"og:type\" content=\"article\" \/>\n<meta property=\"og:title\" content=\"Vorteile der M\u00e4hroboter - Belrobotics\" \/>\n<meta property=\"og:description\" content=\"Belrobotics kennt bestens die Anforderungen der Experten \u2013 auch der Rasenliebhaber. Unsere M\u00e4hroboter-L\u00f6sungen bieten Ihnen viele Vorteile: entdecken Sie diese!\" \/>\n<meta property=\"og:url\" content=\"https:\/\/www.belrobotics.com\/de-ch\/vorteile-rasen-mah-roboter\/\" \/>\n<meta property=\"og:site_name\" content=\"Belrobotics\" \/>\n<meta property=\"article:publisher\" content=\"https:\/\/www.facebook.com\/belrobotics\" \/>\n<meta property=\"article:modified_time\" content=\"2020-05-07T09:30:24+00:00\" \/>\n<meta property=\"og:image\" content=\"https:\/\/www.belrobotics.com\/wp-content\/uploads\/2019\/01\/big-mow-action-4-1.jpg\" \/>\n\t<meta property=\"og:image:width\" content=\"2251\" \/>\n\t<meta property=\"og:image:height\" content=\"1745\" \/>\n\t<meta property=\"og:image:type\" content=\"image\/jpeg\" \/>\n<meta name=\"twitter:card\" content=\"summary_large_image\" \/>\n<meta name=\"twitter:label1\" content=\"Gesch\u00e4tzte Lesezeit\" \/>\n\t<meta name=\"twitter:data1\" content=\"1\u00a0Minute\" \/>\n<script type=\"application\/ld+json\" class=\"yoast-schema-graph\">{\"@context\":\"https:\/\/schema.org\",\"@graph\":[{\"@type\":\"WebPage\",\"@id\":\"https:\/\/www.belrobotics.com\/de-ch\/vorteile-rasen-mah-roboter\/\",\"url\":\"https:\/\/www.belrobotics.com\/de-ch\/vorteile-rasen-mah-roboter\/\",\"name\":\"Vorteile der M\u00e4hroboter - Belrobotics\",\"isPartOf\":{\"@id\":\"https:\/\/www.belrobotics.com\/de-ch\/#website\"},\"primaryImageOfPage\":{\"@id\":\"https:\/\/www.belrobotics.com\/de-ch\/vorteile-rasen-mah-roboter\/#primaryimage\"},\"image\":{\"@id\":\"https:\/\/www.belrobotics.com\/de-ch\/vorteile-rasen-mah-roboter\/#primaryimage\"},\"thumbnailUrl\":\"https:\/\/www.belrobotics.com\/wp-content\/uploads\/2019\/01\/big-mow-action-4-1.jpg\",\"datePublished\":\"2019-06-03T09:22:40+00:00\",\"dateModified\":\"2020-05-07T09:30:24+00:00\",\"description\":\"Belrobotics kennt bestens die Anforderungen der Experten \u2013 auch der Rasenliebhaber. Unsere M\u00e4hroboter-L\u00f6sungen bieten Ihnen viele Vorteile: entdecken Sie diese!\",\"breadcrumb\":{\"@id\":\"https:\/\/www.belrobotics.com\/de-ch\/vorteile-rasen-mah-roboter\/#breadcrumb\"},\"inLanguage\":\"de-CH\",\"potentialAction\":[{\"@type\":\"ReadAction\",\"target\":[\"https:\/\/www.belrobotics.com\/de-ch\/vorteile-rasen-mah-roboter\/\"]}]},{\"@type\":\"ImageObject\",\"inLanguage\":\"de-CH\",\"@id\":\"https:\/\/www.belrobotics.com\/de-ch\/vorteile-rasen-mah-roboter\/#primaryimage\",\"url\":\"https:\/\/www.belrobotics.com\/wp-content\/uploads\/2019\/01\/big-mow-action-4-1.jpg\",\"contentUrl\":\"https:\/\/www.belrobotics.com\/wp-content\/uploads\/2019\/01\/big-mow-action-4-1.jpg\",\"width\":2251,\"height\":1745},{\"@type\":\"BreadcrumbList\",\"@id\":\"https:\/\/www.belrobotics.com\/de-ch\/vorteile-rasen-mah-roboter\/#breadcrumb\",\"itemListElement\":[{\"@type\":\"ListItem\",\"position\":1,\"name\":\"Home\",\"item\":\"https:\/\/www.belrobotics.com\/de-ch\/\"},{\"@type\":\"ListItem\",\"position\":2,\"name\":\"Vorteile der M\u00e4hroboter\"}]},{\"@type\":\"WebSite\",\"@id\":\"https:\/\/www.belrobotics.com\/de-ch\/#website\",\"url\":\"https:\/\/www.belrobotics.com\/de-ch\/\",\"name\":\"Belrobotics\",\"description\":\"The grass masters\",\"publisher\":{\"@id\":\"https:\/\/www.belrobotics.com\/de-ch\/#organization\"},\"potentialAction\":[{\"@type\":\"SearchAction\",\"target\":{\"@type\":\"EntryPoint\",\"urlTemplate\":\"https:\/\/www.belrobotics.com\/de-ch\/?s={search_term_string}\"},\"query-input\":{\"@type\":\"PropertyValueSpecification\",\"valueRequired\":true,\"valueName\":\"search_term_string\"}}],\"inLanguage\":\"de-CH\"},{\"@type\":\"Organization\",\"@id\":\"https:\/\/www.belrobotics.com\/de-ch\/#organization\",\"name\":\"Belrobotics\",\"url\":\"https:\/\/www.belrobotics.com\/de-ch\/\",\"logo\":{\"@type\":\"ImageObject\",\"inLanguage\":\"de-CH\",\"@id\":\"https:\/\/www.belrobotics.com\/de-ch\/#\/schema\/logo\/image\/\",\"url\":\"https:\/\/www.belrobotics.com\/wp-content\/uploads\/2019\/01\/logo-belrobotics.svg\",\"contentUrl\":\"https:\/\/www.belrobotics.com\/wp-content\/uploads\/2019\/01\/logo-belrobotics.svg\",\"width\":100,\"height\":16,\"caption\":\"Belrobotics\"},\"image\":{\"@id\":\"https:\/\/www.belrobotics.com\/de-ch\/#\/schema\/logo\/image\/\"},\"sameAs\":[\"https:\/\/www.facebook.com\/belrobotics\",\"https:\/\/www.youtube.com\/channel\/UCYgWBPRzEdXmUqLRL0JbUIw\",\"https:\/\/www.instagram.com\/belrobotics_europe\/\"]}]}<\/script>\n<!-- \/ Yoast SEO plugin. -->","yoast_head_json":{"title":"Vorteile der M\u00e4hroboter - Belrobotics","description":"Belrobotics kennt bestens die Anforderungen der Experten \u2013 auch der Rasenliebhaber. Unsere M\u00e4hroboter-L\u00f6sungen bieten Ihnen viele Vorteile: entdecken Sie diese!","robots":{"index":"index","follow":"follow","max-snippet":"max-snippet:-1","max-image-preview":"max-image-preview:large","max-video-preview":"max-video-preview:-1"},"canonical":"https:\/\/www.belrobotics.com\/de-ch\/vorteile-rasen-mah-roboter\/","og_locale":"de_DE","og_type":"article","og_title":"Vorteile der M\u00e4hroboter - Belrobotics","og_description":"Belrobotics kennt bestens die Anforderungen der Experten \u2013 auch der Rasenliebhaber. Unsere M\u00e4hroboter-L\u00f6sungen bieten Ihnen viele Vorteile: entdecken Sie diese!","og_url":"https:\/\/www.belrobotics.com\/de-ch\/vorteile-rasen-mah-roboter\/","og_site_name":"Belrobotics","article_publisher":"https:\/\/www.facebook.com\/belrobotics","article_modified_time":"2020-05-07T09:30:24+00:00","og_image":[{"width":2251,"height":1745,"url":"https:\/\/www.belrobotics.com\/wp-content\/uploads\/2019\/01\/big-mow-action-4-1.jpg","type":"image\/jpeg"}],"twitter_card":"summary_large_image","twitter_misc":{"Gesch\u00e4tzte Lesezeit":"1\u00a0Minute"},"schema":{"@context":"https:\/\/schema.org","@graph":[{"@type":"WebPage","@id":"https:\/\/www.belrobotics.com\/de-ch\/vorteile-rasen-mah-roboter\/","url":"https:\/\/www.belrobotics.com\/de-ch\/vorteile-rasen-mah-roboter\/","name":"Vorteile der M\u00e4hroboter - Belrobotics","isPartOf":{"@id":"https:\/\/www.belrobotics.com\/de-ch\/#website"},"primaryImageOfPage":{"@id":"https:\/\/www.belrobotics.com\/de-ch\/vorteile-rasen-mah-roboter\/#primaryimage"},"image":{"@id":"https:\/\/www.belrobotics.com\/de-ch\/vorteile-rasen-mah-roboter\/#primaryimage"},"thumbnailUrl":"https:\/\/www.belrobotics.com\/wp-content\/uploads\/2019\/01\/big-mow-action-4-1.jpg","datePublished":"2019-06-03T09:22:40+00:00","dateModified":"2020-05-07T09:30:24+00:00","description":"Belrobotics kennt bestens die Anforderungen der Experten \u2013 auch der Rasenliebhaber. Unsere M\u00e4hroboter-L\u00f6sungen bieten Ihnen viele Vorteile: entdecken Sie diese!","breadcrumb":{"@id":"https:\/\/www.belrobotics.com\/de-ch\/vorteile-rasen-mah-roboter\/#breadcrumb"},"inLanguage":"de-CH","potentialAction":[{"@type":"ReadAction","target":["https:\/\/www.belrobotics.com\/de-ch\/vorteile-rasen-mah-roboter\/"]}]},{"@type":"ImageObject","inLanguage":"de-CH","@id":"https:\/\/www.belrobotics.com\/de-ch\/vorteile-rasen-mah-roboter\/#primaryimage","url":"https:\/\/www.belrobotics.com\/wp-content\/uploads\/2019\/01\/big-mow-action-4-1.jpg","contentUrl":"https:\/\/www.belrobotics.com\/wp-content\/uploads\/2019\/01\/big-mow-action-4-1.jpg","width":2251,"height":1745},{"@type":"BreadcrumbList","@id":"https:\/\/www.belrobotics.com\/de-ch\/vorteile-rasen-mah-roboter\/#breadcrumb","itemListElement":[{"@type":"ListItem","position":1,"name":"Home","item":"https:\/\/www.belrobotics.com\/de-ch\/"},{"@type":"ListItem","position":2,"name":"Vorteile der M\u00e4hroboter"}]},{"@type":"WebSite","@id":"https:\/\/www.belrobotics.com\/de-ch\/#website","url":"https:\/\/www.belrobotics.com\/de-ch\/","name":"Belrobotics","description":"The grass masters","publisher":{"@id":"https:\/\/www.belrobotics.com\/de-ch\/#organization"},"potentialAction":[{"@type":"SearchAction","target":{"@type":"EntryPoint","urlTemplate":"https:\/\/www.belrobotics.com\/de-ch\/?s={search_term_string}"},"query-input":{"@type":"PropertyValueSpecification","valueRequired":true,"valueName":"search_term_string"}}],"inLanguage":"de-CH"},{"@type":"Organization","@id":"https:\/\/www.belrobotics.com\/de-ch\/#organization","name":"Belrobotics","url":"https:\/\/www.belrobotics.com\/de-ch\/","logo":{"@type":"ImageObject","inLanguage":"de-CH","@id":"https:\/\/www.belrobotics.com\/de-ch\/#\/schema\/logo\/image\/","url":"https:\/\/www.belrobotics.com\/wp-content\/uploads\/2019\/01\/logo-belrobotics.svg","contentUrl":"https:\/\/www.belrobotics.com\/wp-content\/uploads\/2019\/01\/logo-belrobotics.svg","width":100,"height":16,"caption":"Belrobotics"},"image":{"@id":"https:\/\/www.belrobotics.com\/de-ch\/#\/schema\/logo\/image\/"},"sameAs":["https:\/\/www.facebook.com\/belrobotics","https:\/\/www.youtube.com\/channel\/UCYgWBPRzEdXmUqLRL0JbUIw","https:\/\/www.instagram.com\/belrobotics_europe\/"]}]}},"_links":{"self":[{"href":"https:\/\/www.belrobotics.com\/de-ch\/wp-json\/wp\/v2\/pages\/6593","targetHints":{"allow":["GET"]}}],"collection":[{"href":"https:\/\/www.belrobotics.com\/de-ch\/wp-json\/wp\/v2\/pages"}],"about":[{"href":"https:\/\/www.belrobotics.com\/de-ch\/wp-json\/wp\/v2\/types\/page"}],"author":[{"embeddable":true,"href":"https:\/\/www.belrobotics.com\/de-ch\/wp-json\/wp\/v2\/users\/9"}],"replies":[{"embeddable":true,"href":"https:\/\/www.belrobotics.com\/de-ch\/wp-json\/wp\/v2\/comments?post=6593"}],"version-history":[{"count":0,"href":"https:\/\/www.belrobotics.com\/de-ch\/wp-json\/wp\/v2\/pages\/6593\/revisions"}],"wp:featuredmedia":[{"embeddable":true,"href":"https:\/\/www.belrobotics.com\/de-ch\/wp-json\/wp\/v2\/media\/3623"}],"wp:attachment":[{"href":"https:\/\/www.belrobotics.com\/de-ch\/wp-json\/wp\/v2\/media?parent=6593"}],"curies":[{"name":"wp","href":"https:\/\/api.w.org\/{rel}","templated":true}]}}