{"id":6106,"date":"2019-05-28T09:05:30","date_gmt":"2019-05-28T08:05:30","guid":{"rendered":"https:\/\/belrobotics.andromede.digital\/richtlinie-zum-schutz-ihren-daten\/"},"modified":"2020-03-23T16:52:30","modified_gmt":"2020-03-23T15:52:30","slug":"richtlinie-zum-schutz-ihren-daten","status":"publish","type":"page","link":"https:\/\/www.belrobotics.com\/de-ch\/richtlinie-zum-schutz-ihren-daten\/","title":{"rendered":"Richtlinie zum schutz ihren daten"},"content":{"rendered":"\r\n<p>Gem\u00e4\u00df den Bestimmungen der Verordnung (EU) 2016\/679 des Europ\u00e4ischen Parlaments und des Rates vom 27. April 2016 zum Schutz nat\u00fcrlicher Personen bei der Verarbeitung personenbezogener Daten und zum freien Datenverkehr (DSGVO) informieren wir Sie \u00fcber die Bedingungen der Verarbeitung Ihrer personenbezogenen Daten.<\/p>\r\n<p>Als Verantwortlicher und Subunternehmer verarbeiten wir Ihre Daten im Rahmen Ihrer Auftr\u00e4ge.<\/p>\r\n<p>Ihre Daten werden f\u00fcr die f\u00fcr den Auftrag erforderliche Zeit und entsprechend der rechtlichen Dauer der Archivierung und Aufbewahrung der Dokumente im Zusammenhang mit unserem Beruf des Rechtsberaters \/ Unternehmensberaters \/ Mediators aufbewahrt.<\/p>\r\n<p>Wenn Sie unsere Website besuchen, wird die IP-Adresse Ihres Login-Ger\u00e4ts identifiziert.<\/p>\r\n<p>Ihre Zugangsdaten werden zum Zwecke der Registrierung und Kontrolle Ihrer Identit\u00e4t, zur Vorbeugung gegen Viren, Phishing oder andere Computerkriminalit\u00e4t, zu statistischen Zwecken und zur Verbesserung unserer Website verarbeitet.<\/p>\r\n<p>Wenn Sie das Kontaktformular auf der Website\u00a0<a href=\"https:\/\/www.belrobotics.com\/\">www.belrobotics.com<\/a>\u00a0oder unser elektronisches Auswertungsformular ausf\u00fcllen, werden Ihre Daten im Rahmen der Verwaltung von Anfragen, Fragen und Verbesserungsma\u00dfnahmen verarbeitet.<\/p>\r\n<p>Sie haben das Recht, jederzeit und kostenlos auf die \u00fcber Sie gespeicherten Informationen zuzugreifen, sie zu aktualisieren, zu korrigieren, zu l\u00f6schen oder deren \u00dcbermittlung zu verlangen.<\/p>\r\n<p>Dazu m\u00fcssen Sie sich unter\u00a0<a href=\"mailto:dataprivacy@yamabiko.eu\">dataprivacy@yamabiko.eu<\/a>\u00a0<\/p>\r\n<p>Wir verpflichten uns, die geeigneten technischen und organisatorischen Ma\u00dfnahmen zu ergreifen, um Ihre personenbezogenen Daten vor unbeabsichtigter oder unrechtm\u00e4\u00dfiger Vernichtung, Verlust, F\u00e4lschung, unberechtigter Offenlegung oder unberechtigtem Zugriff zu sch\u00fctzen, insbesondere wenn die Verarbeitung die \u00dcbertragung von Daten \u00fcber das Netzwerk beinhaltet; vor jeder anderen unzul\u00e4ssigen Form der Verarbeitung; und ein Sicherheitsniveau zu gew\u00e4hrleisten, das den Risiken der Verarbeitung und der Art der zu sch\u00fctzenden personenbezogenen Daten angepasst ist; unter Ber\u00fccksichtigung der technischen M\u00f6glichkeiten und der Implementierungskosten.<\/p>\r\n","protected":false},"excerpt":{"rendered":"<p>Gem\u00e4\u00df den Bestimmungen der Verordnung (EU) 2016\/679 des Europ\u00e4ischen Parlaments und des Rates vom 27. April 2016 zum Schutz nat\u00fcrlicher Personen bei der Verarbeitung personenbezogener Daten und zum freien Datenverkehr (DSGVO) informieren wir Sie \u00fcber die Bedingungen der Verarbeitung Ihrer personenbezogenen Daten. Als Verantwortlicher und Subunternehmer verarbeiten wir Ihre Daten im Rahmen Ihrer Auftr\u00e4ge. Ihre [&hellip;]<\/p>\n","protected":false},"author":9,"featured_media":0,"parent":0,"menu_order":0,"comment_status":"closed","ping_status":"closed","template":"","meta":{"_acf_changed":false,"footnotes":""},"class_list":["post-6106","page","type-page","status-publish","hentry"],"acf":[],"yoast_head":"<!-- This site is optimized with the Yoast SEO plugin v26.9 - https:\/\/yoast.com\/product\/yoast-seo-wordpress\/ -->\n<title>Richtlinie zum schutz ihren daten - Belrobotics<\/title>\n<meta name=\"robots\" content=\"index, follow, max-snippet:-1, max-image-preview:large, max-video-preview:-1\" \/>\n<link rel=\"canonical\" href=\"https:\/\/www.belrobotics.com\/de-ch\/richtlinie-zum-schutz-ihren-daten\/\" \/>\n<meta property=\"og:locale\" content=\"de_DE\" \/>\n<meta property=\"og:type\" content=\"article\" \/>\n<meta property=\"og:title\" content=\"Richtlinie zum schutz ihren daten - Belrobotics\" \/>\n<meta property=\"og:description\" content=\"Gem\u00e4\u00df den Bestimmungen der Verordnung (EU) 2016\/679 des Europ\u00e4ischen Parlaments und des Rates vom 27. April 2016 zum Schutz nat\u00fcrlicher Personen bei der Verarbeitung personenbezogener Daten und zum freien Datenverkehr (DSGVO) informieren wir Sie \u00fcber die Bedingungen der Verarbeitung Ihrer personenbezogenen Daten. Als Verantwortlicher und Subunternehmer verarbeiten wir Ihre Daten im Rahmen Ihrer Auftr\u00e4ge. Ihre [&hellip;]\" \/>\n<meta property=\"og:url\" content=\"https:\/\/www.belrobotics.com\/de-ch\/richtlinie-zum-schutz-ihren-daten\/\" \/>\n<meta property=\"og:site_name\" content=\"Belrobotics\" \/>\n<meta property=\"article:publisher\" content=\"https:\/\/www.facebook.com\/belrobotics\" \/>\n<meta property=\"article:modified_time\" content=\"2020-03-23T15:52:30+00:00\" \/>\n<meta name=\"twitter:card\" content=\"summary_large_image\" \/>\n<meta name=\"twitter:label1\" content=\"Gesch\u00e4tzte Lesezeit\" \/>\n\t<meta name=\"twitter:data1\" content=\"1\u00a0Minute\" \/>\n<script type=\"application\/ld+json\" class=\"yoast-schema-graph\">{\"@context\":\"https:\/\/schema.org\",\"@graph\":[{\"@type\":\"WebPage\",\"@id\":\"https:\/\/www.belrobotics.com\/de-ch\/richtlinie-zum-schutz-ihren-daten\/\",\"url\":\"https:\/\/www.belrobotics.com\/de-ch\/richtlinie-zum-schutz-ihren-daten\/\",\"name\":\"Richtlinie zum schutz ihren daten - Belrobotics\",\"isPartOf\":{\"@id\":\"https:\/\/www.belrobotics.com\/de-ch\/#website\"},\"datePublished\":\"2019-05-28T08:05:30+00:00\",\"dateModified\":\"2020-03-23T15:52:30+00:00\",\"breadcrumb\":{\"@id\":\"https:\/\/www.belrobotics.com\/de-ch\/richtlinie-zum-schutz-ihren-daten\/#breadcrumb\"},\"inLanguage\":\"de-CH\",\"potentialAction\":[{\"@type\":\"ReadAction\",\"target\":[\"https:\/\/www.belrobotics.com\/de-ch\/richtlinie-zum-schutz-ihren-daten\/\"]}]},{\"@type\":\"BreadcrumbList\",\"@id\":\"https:\/\/www.belrobotics.com\/de-ch\/richtlinie-zum-schutz-ihren-daten\/#breadcrumb\",\"itemListElement\":[{\"@type\":\"ListItem\",\"position\":1,\"name\":\"Home\",\"item\":\"https:\/\/www.belrobotics.com\/de-ch\/\"},{\"@type\":\"ListItem\",\"position\":2,\"name\":\"Richtlinie zum schutz ihren daten\"}]},{\"@type\":\"WebSite\",\"@id\":\"https:\/\/www.belrobotics.com\/de-ch\/#website\",\"url\":\"https:\/\/www.belrobotics.com\/de-ch\/\",\"name\":\"Belrobotics\",\"description\":\"The grass masters\",\"publisher\":{\"@id\":\"https:\/\/www.belrobotics.com\/de-ch\/#organization\"},\"potentialAction\":[{\"@type\":\"SearchAction\",\"target\":{\"@type\":\"EntryPoint\",\"urlTemplate\":\"https:\/\/www.belrobotics.com\/de-ch\/?s={search_term_string}\"},\"query-input\":{\"@type\":\"PropertyValueSpecification\",\"valueRequired\":true,\"valueName\":\"search_term_string\"}}],\"inLanguage\":\"de-CH\"},{\"@type\":\"Organization\",\"@id\":\"https:\/\/www.belrobotics.com\/de-ch\/#organization\",\"name\":\"Belrobotics\",\"url\":\"https:\/\/www.belrobotics.com\/de-ch\/\",\"logo\":{\"@type\":\"ImageObject\",\"inLanguage\":\"de-CH\",\"@id\":\"https:\/\/www.belrobotics.com\/de-ch\/#\/schema\/logo\/image\/\",\"url\":\"https:\/\/www.belrobotics.com\/wp-content\/uploads\/2019\/01\/logo-belrobotics.svg\",\"contentUrl\":\"https:\/\/www.belrobotics.com\/wp-content\/uploads\/2019\/01\/logo-belrobotics.svg\",\"width\":100,\"height\":16,\"caption\":\"Belrobotics\"},\"image\":{\"@id\":\"https:\/\/www.belrobotics.com\/de-ch\/#\/schema\/logo\/image\/\"},\"sameAs\":[\"https:\/\/www.facebook.com\/belrobotics\",\"https:\/\/www.youtube.com\/channel\/UCYgWBPRzEdXmUqLRL0JbUIw\",\"https:\/\/www.instagram.com\/belrobotics_europe\/\"]}]}<\/script>\n<!-- \/ Yoast SEO plugin. -->","yoast_head_json":{"title":"Richtlinie zum schutz ihren daten - Belrobotics","robots":{"index":"index","follow":"follow","max-snippet":"max-snippet:-1","max-image-preview":"max-image-preview:large","max-video-preview":"max-video-preview:-1"},"canonical":"https:\/\/www.belrobotics.com\/de-ch\/richtlinie-zum-schutz-ihren-daten\/","og_locale":"de_DE","og_type":"article","og_title":"Richtlinie zum schutz ihren daten - Belrobotics","og_description":"Gem\u00e4\u00df den Bestimmungen der Verordnung (EU) 2016\/679 des Europ\u00e4ischen Parlaments und des Rates vom 27. April 2016 zum Schutz nat\u00fcrlicher Personen bei der Verarbeitung personenbezogener Daten und zum freien Datenverkehr (DSGVO) informieren wir Sie \u00fcber die Bedingungen der Verarbeitung Ihrer personenbezogenen Daten. Als Verantwortlicher und Subunternehmer verarbeiten wir Ihre Daten im Rahmen Ihrer Auftr\u00e4ge. Ihre [&hellip;]","og_url":"https:\/\/www.belrobotics.com\/de-ch\/richtlinie-zum-schutz-ihren-daten\/","og_site_name":"Belrobotics","article_publisher":"https:\/\/www.facebook.com\/belrobotics","article_modified_time":"2020-03-23T15:52:30+00:00","twitter_card":"summary_large_image","twitter_misc":{"Gesch\u00e4tzte Lesezeit":"1\u00a0Minute"},"schema":{"@context":"https:\/\/schema.org","@graph":[{"@type":"WebPage","@id":"https:\/\/www.belrobotics.com\/de-ch\/richtlinie-zum-schutz-ihren-daten\/","url":"https:\/\/www.belrobotics.com\/de-ch\/richtlinie-zum-schutz-ihren-daten\/","name":"Richtlinie zum schutz ihren daten - Belrobotics","isPartOf":{"@id":"https:\/\/www.belrobotics.com\/de-ch\/#website"},"datePublished":"2019-05-28T08:05:30+00:00","dateModified":"2020-03-23T15:52:30+00:00","breadcrumb":{"@id":"https:\/\/www.belrobotics.com\/de-ch\/richtlinie-zum-schutz-ihren-daten\/#breadcrumb"},"inLanguage":"de-CH","potentialAction":[{"@type":"ReadAction","target":["https:\/\/www.belrobotics.com\/de-ch\/richtlinie-zum-schutz-ihren-daten\/"]}]},{"@type":"BreadcrumbList","@id":"https:\/\/www.belrobotics.com\/de-ch\/richtlinie-zum-schutz-ihren-daten\/#breadcrumb","itemListElement":[{"@type":"ListItem","position":1,"name":"Home","item":"https:\/\/www.belrobotics.com\/de-ch\/"},{"@type":"ListItem","position":2,"name":"Richtlinie zum schutz ihren daten"}]},{"@type":"WebSite","@id":"https:\/\/www.belrobotics.com\/de-ch\/#website","url":"https:\/\/www.belrobotics.com\/de-ch\/","name":"Belrobotics","description":"The grass masters","publisher":{"@id":"https:\/\/www.belrobotics.com\/de-ch\/#organization"},"potentialAction":[{"@type":"SearchAction","target":{"@type":"EntryPoint","urlTemplate":"https:\/\/www.belrobotics.com\/de-ch\/?s={search_term_string}"},"query-input":{"@type":"PropertyValueSpecification","valueRequired":true,"valueName":"search_term_string"}}],"inLanguage":"de-CH"},{"@type":"Organization","@id":"https:\/\/www.belrobotics.com\/de-ch\/#organization","name":"Belrobotics","url":"https:\/\/www.belrobotics.com\/de-ch\/","logo":{"@type":"ImageObject","inLanguage":"de-CH","@id":"https:\/\/www.belrobotics.com\/de-ch\/#\/schema\/logo\/image\/","url":"https:\/\/www.belrobotics.com\/wp-content\/uploads\/2019\/01\/logo-belrobotics.svg","contentUrl":"https:\/\/www.belrobotics.com\/wp-content\/uploads\/2019\/01\/logo-belrobotics.svg","width":100,"height":16,"caption":"Belrobotics"},"image":{"@id":"https:\/\/www.belrobotics.com\/de-ch\/#\/schema\/logo\/image\/"},"sameAs":["https:\/\/www.facebook.com\/belrobotics","https:\/\/www.youtube.com\/channel\/UCYgWBPRzEdXmUqLRL0JbUIw","https:\/\/www.instagram.com\/belrobotics_europe\/"]}]}},"_links":{"self":[{"href":"https:\/\/www.belrobotics.com\/de-ch\/wp-json\/wp\/v2\/pages\/6106","targetHints":{"allow":["GET"]}}],"collection":[{"href":"https:\/\/www.belrobotics.com\/de-ch\/wp-json\/wp\/v2\/pages"}],"about":[{"href":"https:\/\/www.belrobotics.com\/de-ch\/wp-json\/wp\/v2\/types\/page"}],"author":[{"embeddable":true,"href":"https:\/\/www.belrobotics.com\/de-ch\/wp-json\/wp\/v2\/users\/9"}],"replies":[{"embeddable":true,"href":"https:\/\/www.belrobotics.com\/de-ch\/wp-json\/wp\/v2\/comments?post=6106"}],"version-history":[{"count":0,"href":"https:\/\/www.belrobotics.com\/de-ch\/wp-json\/wp\/v2\/pages\/6106\/revisions"}],"wp:attachment":[{"href":"https:\/\/www.belrobotics.com\/de-ch\/wp-json\/wp\/v2\/media?parent=6106"}],"curies":[{"name":"wp","href":"https:\/\/api.w.org\/{rel}","templated":true}]}}