{"id":10888,"date":"2020-06-08T10:34:26","date_gmt":"2020-06-08T09:34:26","guid":{"rendered":"https:\/\/belrobotics.andromede.digital\/app\/"},"modified":"2026-02-03T10:05:44","modified_gmt":"2026-02-03T09:05:44","slug":"app","status":"publish","type":"page","link":"https:\/\/www.belrobotics.com\/de-ch\/app\/","title":{"rendered":"Belrobotics-App und -Portal"},"content":{"rendered":"<h2>Tolle Neuerungen f\u00fcr H\u00e4ndler und Benutzer<\/h2>\n<p><strong>Das Portal und die App von Belrobotics k\u00f6nnen parallel verwendet werden.<br clear='none'\/>\n<\/strong>F\u00fcr Sie bedeutet dies noch mehr Benutzerfreundlichkeit, denn Sie k\u00f6nnen im Portal wie in der App mit ihren pers\u00f6nlichen Anmeldedaten auf neue Funktionen zugreifen, die auf dem Markt einzigartig sind: \u00c4ndern der Einstellungen und Verwaltung von Benachrichtigungen im Fernzugriff, Geolokalisierung der Roboter und Filtern nach Kriterien sowie technischer Support von Ihrem H\u00e4ndler per Fernzugriff und in Echtzeit usw.<\/p>\n<p><a href=\"https:\/\/itunes.apple.com\/us\/app\/belrobotics\/id1357624222?mt=8\" target=\"_blank\" rel=\"noopener noreferrer\"><img loading=\"lazy\" decoding=\"async\" class=\"alignnone wp-image-3561\" src=\"https:\/\/www.belrobotics.com\/wp-content\/uploads\/2019\/01\/300px-Download_on_the_App_Store_Badge-300x89.png\" alt=\"\" width=\"150\" height=\"45\" \/><\/a>\u00a0\u00a0<a href=\"https:\/\/play.google.com\/store\/apps\/details?id=com.belrobotics.mobileapp&amp;hl=en\" target=\"_blank\" rel=\"noopener noreferrer\"><img loading=\"lazy\" decoding=\"async\" class=\"alignnone wp-image-3574\" src=\"https:\/\/www.belrobotics.com\/wp-content\/uploads\/2019\/01\/300px-Get_it_on_Google_play-300x88.png\" alt=\"\" width=\"150\" height=\"44\" \/><\/a><\/p>\n","protected":false},"excerpt":{"rendered":"<p>Tolle Neuerungen f\u00fcr H\u00e4ndler und Benutzer Das Portal und die App von Belrobotics k\u00f6nnen parallel verwendet werden. F\u00fcr Sie bedeutet dies noch mehr Benutzerfreundlichkeit, denn Sie k\u00f6nnen im Portal wie in der App mit ihren pers\u00f6nlichen Anmeldedaten auf neue Funktionen zugreifen, die auf dem Markt einzigartig sind: \u00c4ndern der Einstellungen und Verwaltung von Benachrichtigungen im [&hellip;]<\/p>\n","protected":false},"author":9,"featured_media":10194,"parent":0,"menu_order":0,"comment_status":"closed","ping_status":"closed","template":"template-app.php","meta":{"_acf_changed":false,"footnotes":""},"class_list":["post-10888","page","type-page","status-publish","has-post-thumbnail","hentry"],"acf":[],"yoast_head":"<!-- This site is optimized with the Yoast SEO plugin v26.9 - https:\/\/yoast.com\/product\/yoast-seo-wordpress\/ -->\n<title>Belrobotics-App und -Portal - Belrobotics<\/title>\n<meta name=\"robots\" content=\"index, follow, max-snippet:-1, max-image-preview:large, max-video-preview:-1\" \/>\n<link rel=\"canonical\" href=\"https:\/\/www.belrobotics.com\/de-ch\/app\/\" \/>\n<meta property=\"og:locale\" content=\"de_DE\" \/>\n<meta property=\"og:type\" content=\"article\" \/>\n<meta property=\"og:title\" content=\"Belrobotics-App und -Portal - Belrobotics\" \/>\n<meta property=\"og:description\" content=\"Tolle Neuerungen f\u00fcr H\u00e4ndler und Benutzer Das Portal und die App von Belrobotics k\u00f6nnen parallel verwendet werden. F\u00fcr Sie bedeutet dies noch mehr Benutzerfreundlichkeit, denn Sie k\u00f6nnen im Portal wie in der App mit ihren pers\u00f6nlichen Anmeldedaten auf neue Funktionen zugreifen, die auf dem Markt einzigartig sind: \u00c4ndern der Einstellungen und Verwaltung von Benachrichtigungen im [&hellip;]\" \/>\n<meta property=\"og:url\" content=\"https:\/\/www.belrobotics.com\/de-ch\/app\/\" \/>\n<meta property=\"og:site_name\" content=\"Belrobotics\" \/>\n<meta property=\"article:publisher\" content=\"https:\/\/www.facebook.com\/belrobotics\" \/>\n<meta property=\"article:modified_time\" content=\"2026-02-03T09:05:44+00:00\" \/>\n<meta property=\"og:image\" content=\"https:\/\/www.belrobotics.com\/wp-content\/uploads\/2020\/06\/Belrobotics-header-1.jpg\" \/>\n\t<meta property=\"og:image:width\" content=\"923\" \/>\n\t<meta property=\"og:image:height\" content=\"762\" \/>\n\t<meta property=\"og:image:type\" content=\"image\/jpeg\" \/>\n<meta name=\"twitter:card\" content=\"summary_large_image\" \/>\n<meta name=\"twitter:label1\" content=\"Gesch\u00e4tzte Lesezeit\" \/>\n\t<meta name=\"twitter:data1\" content=\"8\u00a0Minuten\" \/>\n<script type=\"application\/ld+json\" class=\"yoast-schema-graph\">{\"@context\":\"https:\/\/schema.org\",\"@graph\":[{\"@type\":\"WebPage\",\"@id\":\"https:\/\/www.belrobotics.com\/de-ch\/app\/\",\"url\":\"https:\/\/www.belrobotics.com\/de-ch\/app\/\",\"name\":\"Belrobotics-App und -Portal - Belrobotics\",\"isPartOf\":{\"@id\":\"https:\/\/www.belrobotics.com\/de-ch\/#website\"},\"primaryImageOfPage\":{\"@id\":\"https:\/\/www.belrobotics.com\/de-ch\/app\/#primaryimage\"},\"image\":{\"@id\":\"https:\/\/www.belrobotics.com\/de-ch\/app\/#primaryimage\"},\"thumbnailUrl\":\"https:\/\/www.belrobotics.com\/wp-content\/uploads\/2020\/06\/Belrobotics-header-1.jpg\",\"datePublished\":\"2020-06-08T09:34:26+00:00\",\"dateModified\":\"2026-02-03T09:05:44+00:00\",\"breadcrumb\":{\"@id\":\"https:\/\/www.belrobotics.com\/de-ch\/app\/#breadcrumb\"},\"inLanguage\":\"de-CH\",\"potentialAction\":[{\"@type\":\"ReadAction\",\"target\":[\"https:\/\/www.belrobotics.com\/de-ch\/app\/\"]}]},{\"@type\":\"ImageObject\",\"inLanguage\":\"de-CH\",\"@id\":\"https:\/\/www.belrobotics.com\/de-ch\/app\/#primaryimage\",\"url\":\"https:\/\/www.belrobotics.com\/wp-content\/uploads\/2020\/06\/Belrobotics-header-1.jpg\",\"contentUrl\":\"https:\/\/www.belrobotics.com\/wp-content\/uploads\/2020\/06\/Belrobotics-header-1.jpg\",\"width\":923,\"height\":762},{\"@type\":\"BreadcrumbList\",\"@id\":\"https:\/\/www.belrobotics.com\/de-ch\/app\/#breadcrumb\",\"itemListElement\":[{\"@type\":\"ListItem\",\"position\":1,\"name\":\"Home\",\"item\":\"https:\/\/www.belrobotics.com\/de-ch\/\"},{\"@type\":\"ListItem\",\"position\":2,\"name\":\"Belrobotics-App und -Portal\"}]},{\"@type\":\"WebSite\",\"@id\":\"https:\/\/www.belrobotics.com\/de-ch\/#website\",\"url\":\"https:\/\/www.belrobotics.com\/de-ch\/\",\"name\":\"Belrobotics\",\"description\":\"The grass masters\",\"publisher\":{\"@id\":\"https:\/\/www.belrobotics.com\/de-ch\/#organization\"},\"potentialAction\":[{\"@type\":\"SearchAction\",\"target\":{\"@type\":\"EntryPoint\",\"urlTemplate\":\"https:\/\/www.belrobotics.com\/de-ch\/?s={search_term_string}\"},\"query-input\":{\"@type\":\"PropertyValueSpecification\",\"valueRequired\":true,\"valueName\":\"search_term_string\"}}],\"inLanguage\":\"de-CH\"},{\"@type\":\"Organization\",\"@id\":\"https:\/\/www.belrobotics.com\/de-ch\/#organization\",\"name\":\"Belrobotics\",\"url\":\"https:\/\/www.belrobotics.com\/de-ch\/\",\"logo\":{\"@type\":\"ImageObject\",\"inLanguage\":\"de-CH\",\"@id\":\"https:\/\/www.belrobotics.com\/de-ch\/#\/schema\/logo\/image\/\",\"url\":\"https:\/\/www.belrobotics.com\/wp-content\/uploads\/2019\/01\/logo-belrobotics.svg\",\"contentUrl\":\"https:\/\/www.belrobotics.com\/wp-content\/uploads\/2019\/01\/logo-belrobotics.svg\",\"width\":100,\"height\":16,\"caption\":\"Belrobotics\"},\"image\":{\"@id\":\"https:\/\/www.belrobotics.com\/de-ch\/#\/schema\/logo\/image\/\"},\"sameAs\":[\"https:\/\/www.facebook.com\/belrobotics\",\"https:\/\/www.youtube.com\/channel\/UCYgWBPRzEdXmUqLRL0JbUIw\",\"https:\/\/www.instagram.com\/belrobotics_europe\/\"]}]}<\/script>\n<!-- \/ Yoast SEO plugin. -->","yoast_head_json":{"title":"Belrobotics-App und -Portal - Belrobotics","robots":{"index":"index","follow":"follow","max-snippet":"max-snippet:-1","max-image-preview":"max-image-preview:large","max-video-preview":"max-video-preview:-1"},"canonical":"https:\/\/www.belrobotics.com\/de-ch\/app\/","og_locale":"de_DE","og_type":"article","og_title":"Belrobotics-App und -Portal - Belrobotics","og_description":"Tolle Neuerungen f\u00fcr H\u00e4ndler und Benutzer Das Portal und die App von Belrobotics k\u00f6nnen parallel verwendet werden. F\u00fcr Sie bedeutet dies noch mehr Benutzerfreundlichkeit, denn Sie k\u00f6nnen im Portal wie in der App mit ihren pers\u00f6nlichen Anmeldedaten auf neue Funktionen zugreifen, die auf dem Markt einzigartig sind: \u00c4ndern der Einstellungen und Verwaltung von Benachrichtigungen im [&hellip;]","og_url":"https:\/\/www.belrobotics.com\/de-ch\/app\/","og_site_name":"Belrobotics","article_publisher":"https:\/\/www.facebook.com\/belrobotics","article_modified_time":"2026-02-03T09:05:44+00:00","og_image":[{"width":923,"height":762,"url":"https:\/\/www.belrobotics.com\/wp-content\/uploads\/2020\/06\/Belrobotics-header-1.jpg","type":"image\/jpeg"}],"twitter_card":"summary_large_image","twitter_misc":{"Gesch\u00e4tzte Lesezeit":"8\u00a0Minuten"},"schema":{"@context":"https:\/\/schema.org","@graph":[{"@type":"WebPage","@id":"https:\/\/www.belrobotics.com\/de-ch\/app\/","url":"https:\/\/www.belrobotics.com\/de-ch\/app\/","name":"Belrobotics-App und -Portal - Belrobotics","isPartOf":{"@id":"https:\/\/www.belrobotics.com\/de-ch\/#website"},"primaryImageOfPage":{"@id":"https:\/\/www.belrobotics.com\/de-ch\/app\/#primaryimage"},"image":{"@id":"https:\/\/www.belrobotics.com\/de-ch\/app\/#primaryimage"},"thumbnailUrl":"https:\/\/www.belrobotics.com\/wp-content\/uploads\/2020\/06\/Belrobotics-header-1.jpg","datePublished":"2020-06-08T09:34:26+00:00","dateModified":"2026-02-03T09:05:44+00:00","breadcrumb":{"@id":"https:\/\/www.belrobotics.com\/de-ch\/app\/#breadcrumb"},"inLanguage":"de-CH","potentialAction":[{"@type":"ReadAction","target":["https:\/\/www.belrobotics.com\/de-ch\/app\/"]}]},{"@type":"ImageObject","inLanguage":"de-CH","@id":"https:\/\/www.belrobotics.com\/de-ch\/app\/#primaryimage","url":"https:\/\/www.belrobotics.com\/wp-content\/uploads\/2020\/06\/Belrobotics-header-1.jpg","contentUrl":"https:\/\/www.belrobotics.com\/wp-content\/uploads\/2020\/06\/Belrobotics-header-1.jpg","width":923,"height":762},{"@type":"BreadcrumbList","@id":"https:\/\/www.belrobotics.com\/de-ch\/app\/#breadcrumb","itemListElement":[{"@type":"ListItem","position":1,"name":"Home","item":"https:\/\/www.belrobotics.com\/de-ch\/"},{"@type":"ListItem","position":2,"name":"Belrobotics-App und -Portal"}]},{"@type":"WebSite","@id":"https:\/\/www.belrobotics.com\/de-ch\/#website","url":"https:\/\/www.belrobotics.com\/de-ch\/","name":"Belrobotics","description":"The grass masters","publisher":{"@id":"https:\/\/www.belrobotics.com\/de-ch\/#organization"},"potentialAction":[{"@type":"SearchAction","target":{"@type":"EntryPoint","urlTemplate":"https:\/\/www.belrobotics.com\/de-ch\/?s={search_term_string}"},"query-input":{"@type":"PropertyValueSpecification","valueRequired":true,"valueName":"search_term_string"}}],"inLanguage":"de-CH"},{"@type":"Organization","@id":"https:\/\/www.belrobotics.com\/de-ch\/#organization","name":"Belrobotics","url":"https:\/\/www.belrobotics.com\/de-ch\/","logo":{"@type":"ImageObject","inLanguage":"de-CH","@id":"https:\/\/www.belrobotics.com\/de-ch\/#\/schema\/logo\/image\/","url":"https:\/\/www.belrobotics.com\/wp-content\/uploads\/2019\/01\/logo-belrobotics.svg","contentUrl":"https:\/\/www.belrobotics.com\/wp-content\/uploads\/2019\/01\/logo-belrobotics.svg","width":100,"height":16,"caption":"Belrobotics"},"image":{"@id":"https:\/\/www.belrobotics.com\/de-ch\/#\/schema\/logo\/image\/"},"sameAs":["https:\/\/www.facebook.com\/belrobotics","https:\/\/www.youtube.com\/channel\/UCYgWBPRzEdXmUqLRL0JbUIw","https:\/\/www.instagram.com\/belrobotics_europe\/"]}]}},"_links":{"self":[{"href":"https:\/\/www.belrobotics.com\/de-ch\/wp-json\/wp\/v2\/pages\/10888","targetHints":{"allow":["GET"]}}],"collection":[{"href":"https:\/\/www.belrobotics.com\/de-ch\/wp-json\/wp\/v2\/pages"}],"about":[{"href":"https:\/\/www.belrobotics.com\/de-ch\/wp-json\/wp\/v2\/types\/page"}],"author":[{"embeddable":true,"href":"https:\/\/www.belrobotics.com\/de-ch\/wp-json\/wp\/v2\/users\/9"}],"replies":[{"embeddable":true,"href":"https:\/\/www.belrobotics.com\/de-ch\/wp-json\/wp\/v2\/comments?post=10888"}],"version-history":[{"count":4,"href":"https:\/\/www.belrobotics.com\/de-ch\/wp-json\/wp\/v2\/pages\/10888\/revisions"}],"predecessor-version":[{"id":42349,"href":"https:\/\/www.belrobotics.com\/de-ch\/wp-json\/wp\/v2\/pages\/10888\/revisions\/42349"}],"wp:featuredmedia":[{"embeddable":true,"href":"https:\/\/www.belrobotics.com\/de-ch\/wp-json\/wp\/v2\/media\/10194"}],"wp:attachment":[{"href":"https:\/\/www.belrobotics.com\/de-ch\/wp-json\/wp\/v2\/media?parent=10888"}],"curies":[{"name":"wp","href":"https:\/\/api.w.org\/{rel}","templated":true}]}}