{"id":6696,"date":"2019-01-21T15:11:31","date_gmt":"2019-01-21T14:11:31","guid":{"rendered":"https:\/\/belrobotics.andromede.digital\/unternehmen\/"},"modified":"2023-07-06T08:43:02","modified_gmt":"2023-07-06T07:43:02","slug":"profi-rasen-mahroboter","status":"publish","type":"page","link":"https:\/\/www.belrobotics.com\/de-be\/profi-rasen-mahroboter\/","title":{"rendered":"Unternehmen"},"content":{"rendered":"<h2 class=\"h3\">Der international leistungsf\u00e4higste Profi-M\u00e4hroboter<\/h2>\n<p>Der Bigmow kann eine Rasenfl\u00e4che von bis zu 24.000\u00a0m\u00b2 pflegen. Er ist ein echter Athlet, der f\u00fcr Unternehmen antritt. Entdecken Sie seinen leisen Betrieb, seinen niedrigen Energieverbrauch und seine F\u00e4higkeit, sich allen Gel\u00e4ndestrukturen anzupassen. Er bew\u00e4ltigt die Herausforderungen von Sportanlagen, Driving Ranges und <strong>Golfpl\u00e4tzen<\/strong> sowie \u00f6ffentlichen Fl\u00e4chen.<\/p>\n","protected":false},"excerpt":{"rendered":"<p>Der international leistungsf\u00e4higste Profi-M\u00e4hroboter Der Bigmow kann eine Rasenfl\u00e4che von bis zu 24.000\u00a0m\u00b2 pflegen. Er ist ein echter Athlet, der f\u00fcr Unternehmen antritt. Entdecken Sie seinen leisen Betrieb, seinen niedrigen Energieverbrauch und seine F\u00e4higkeit, sich allen Gel\u00e4ndestrukturen anzupassen. Er bew\u00e4ltigt die Herausforderungen von Sportanlagen, Driving Ranges und Golfpl\u00e4tzen sowie \u00f6ffentlichen Fl\u00e4chen.<\/p>\n","protected":false},"author":9,"featured_media":2128,"parent":0,"menu_order":0,"comment_status":"closed","ping_status":"closed","template":"utilisation.php","meta":{"_acf_changed":false,"footnotes":""},"class_list":["post-6696","page","type-page","status-publish","has-post-thumbnail","hentry"],"acf":[],"yoast_head":"<!-- This site is optimized with the Yoast SEO plugin v26.9 - https:\/\/yoast.com\/product\/yoast-seo-wordpress\/ -->\n<title>Profi M\u00e4hroboter zum Rasenm\u00e4hen | Gewerblich - Belrobotics<\/title>\n<meta name=\"description\" content=\"Entdecken Sie Bigmow, den international f\u00fchrenden gewerblich einsetzbaren Hochleistungsroboter, f\u00fcr Ihre Business Fl\u00e4chen bis zu 24.000 m\u00b2!\" \/>\n<meta name=\"robots\" content=\"index, follow, max-snippet:-1, max-image-preview:large, max-video-preview:-1\" \/>\n<link rel=\"canonical\" href=\"https:\/\/www.belrobotics.com\/de-be\/profi-rasen-mahroboter\/\" \/>\n<meta property=\"og:locale\" content=\"de_DE\" \/>\n<meta property=\"og:type\" content=\"article\" \/>\n<meta property=\"og:title\" content=\"Profi M\u00e4hroboter zum Rasenm\u00e4hen | Gewerblich - Belrobotics\" \/>\n<meta property=\"og:description\" content=\"Entdecken Sie Bigmow, den international f\u00fchrenden gewerblich einsetzbaren Hochleistungsroboter, f\u00fcr Ihre Business Fl\u00e4chen bis zu 24.000 m\u00b2!\" \/>\n<meta property=\"og:url\" content=\"https:\/\/www.belrobotics.com\/de-be\/profi-rasen-mahroboter\/\" \/>\n<meta property=\"og:site_name\" content=\"Belrobotics\" \/>\n<meta property=\"article:publisher\" content=\"https:\/\/www.facebook.com\/belrobotics\" \/>\n<meta property=\"article:modified_time\" content=\"2023-07-06T07:43:02+00:00\" \/>\n<meta property=\"og:image\" content=\"https:\/\/www.belrobotics.com\/wp-content\/uploads\/2019\/01\/big-mow-action-3.jpg\" \/>\n\t<meta property=\"og:image:width\" content=\"2251\" \/>\n\t<meta property=\"og:image:height\" content=\"1745\" \/>\n\t<meta property=\"og:image:type\" content=\"image\/jpeg\" \/>\n<meta name=\"twitter:card\" content=\"summary_large_image\" \/>\n<meta name=\"twitter:label1\" content=\"Est. reading time\" \/>\n\t<meta name=\"twitter:data1\" content=\"1 minute\" \/>\n<script type=\"application\/ld+json\" class=\"yoast-schema-graph\">{\"@context\":\"https:\/\/schema.org\",\"@graph\":[{\"@type\":\"WebPage\",\"@id\":\"https:\/\/www.belrobotics.com\/de-be\/profi-rasen-mahroboter\/\",\"url\":\"https:\/\/www.belrobotics.com\/de-be\/profi-rasen-mahroboter\/\",\"name\":\"Profi M\u00e4hroboter zum Rasenm\u00e4hen | Gewerblich - Belrobotics\",\"isPartOf\":{\"@id\":\"https:\/\/www.belrobotics.com\/de-be\/#website\"},\"primaryImageOfPage\":{\"@id\":\"https:\/\/www.belrobotics.com\/de-be\/profi-rasen-mahroboter\/#primaryimage\"},\"image\":{\"@id\":\"https:\/\/www.belrobotics.com\/de-be\/profi-rasen-mahroboter\/#primaryimage\"},\"thumbnailUrl\":\"https:\/\/www.belrobotics.com\/wp-content\/uploads\/2019\/01\/big-mow-action-3.jpg\",\"datePublished\":\"2019-01-21T14:11:31+00:00\",\"dateModified\":\"2023-07-06T07:43:02+00:00\",\"description\":\"Entdecken Sie Bigmow, den international f\u00fchrenden gewerblich einsetzbaren Hochleistungsroboter, f\u00fcr Ihre Business Fl\u00e4chen bis zu 24.000 m\u00b2!\",\"breadcrumb\":{\"@id\":\"https:\/\/www.belrobotics.com\/de-be\/profi-rasen-mahroboter\/#breadcrumb\"},\"inLanguage\":\"de-BE\",\"potentialAction\":[{\"@type\":\"ReadAction\",\"target\":[\"https:\/\/www.belrobotics.com\/de-be\/profi-rasen-mahroboter\/\"]}]},{\"@type\":\"ImageObject\",\"inLanguage\":\"de-BE\",\"@id\":\"https:\/\/www.belrobotics.com\/de-be\/profi-rasen-mahroboter\/#primaryimage\",\"url\":\"https:\/\/www.belrobotics.com\/wp-content\/uploads\/2019\/01\/big-mow-action-3.jpg\",\"contentUrl\":\"https:\/\/www.belrobotics.com\/wp-content\/uploads\/2019\/01\/big-mow-action-3.jpg\",\"width\":2251,\"height\":1745},{\"@type\":\"BreadcrumbList\",\"@id\":\"https:\/\/www.belrobotics.com\/de-be\/profi-rasen-mahroboter\/#breadcrumb\",\"itemListElement\":[{\"@type\":\"ListItem\",\"position\":1,\"name\":\"Home\",\"item\":\"https:\/\/www.belrobotics.com\/de-be\/\"},{\"@type\":\"ListItem\",\"position\":2,\"name\":\"Unternehmen\"}]},{\"@type\":\"WebSite\",\"@id\":\"https:\/\/www.belrobotics.com\/de-be\/#website\",\"url\":\"https:\/\/www.belrobotics.com\/de-be\/\",\"name\":\"Belrobotics\",\"description\":\"The grass masters\",\"publisher\":{\"@id\":\"https:\/\/www.belrobotics.com\/de-be\/#organization\"},\"potentialAction\":[{\"@type\":\"SearchAction\",\"target\":{\"@type\":\"EntryPoint\",\"urlTemplate\":\"https:\/\/www.belrobotics.com\/de-be\/?s={search_term_string}\"},\"query-input\":{\"@type\":\"PropertyValueSpecification\",\"valueRequired\":true,\"valueName\":\"search_term_string\"}}],\"inLanguage\":\"de-BE\"},{\"@type\":\"Organization\",\"@id\":\"https:\/\/www.belrobotics.com\/de-be\/#organization\",\"name\":\"Belrobotics\",\"url\":\"https:\/\/www.belrobotics.com\/de-be\/\",\"logo\":{\"@type\":\"ImageObject\",\"inLanguage\":\"de-BE\",\"@id\":\"https:\/\/www.belrobotics.com\/de-be\/#\/schema\/logo\/image\/\",\"url\":\"https:\/\/www.belrobotics.com\/wp-content\/uploads\/2019\/01\/logo-belrobotics.svg\",\"contentUrl\":\"https:\/\/www.belrobotics.com\/wp-content\/uploads\/2019\/01\/logo-belrobotics.svg\",\"width\":100,\"height\":16,\"caption\":\"Belrobotics\"},\"image\":{\"@id\":\"https:\/\/www.belrobotics.com\/de-be\/#\/schema\/logo\/image\/\"},\"sameAs\":[\"https:\/\/www.facebook.com\/belrobotics\",\"https:\/\/www.youtube.com\/channel\/UCYgWBPRzEdXmUqLRL0JbUIw\",\"https:\/\/www.instagram.com\/belrobotics_europe\/\"]}]}<\/script>\n<!-- \/ Yoast SEO plugin. -->","yoast_head_json":{"title":"Profi M\u00e4hroboter zum Rasenm\u00e4hen | Gewerblich - Belrobotics","description":"Entdecken Sie Bigmow, den international f\u00fchrenden gewerblich einsetzbaren Hochleistungsroboter, f\u00fcr Ihre Business Fl\u00e4chen bis zu 24.000 m\u00b2!","robots":{"index":"index","follow":"follow","max-snippet":"max-snippet:-1","max-image-preview":"max-image-preview:large","max-video-preview":"max-video-preview:-1"},"canonical":"https:\/\/www.belrobotics.com\/de-be\/profi-rasen-mahroboter\/","og_locale":"de_DE","og_type":"article","og_title":"Profi M\u00e4hroboter zum Rasenm\u00e4hen | Gewerblich - Belrobotics","og_description":"Entdecken Sie Bigmow, den international f\u00fchrenden gewerblich einsetzbaren Hochleistungsroboter, f\u00fcr Ihre Business Fl\u00e4chen bis zu 24.000 m\u00b2!","og_url":"https:\/\/www.belrobotics.com\/de-be\/profi-rasen-mahroboter\/","og_site_name":"Belrobotics","article_publisher":"https:\/\/www.facebook.com\/belrobotics","article_modified_time":"2023-07-06T07:43:02+00:00","og_image":[{"width":2251,"height":1745,"url":"https:\/\/www.belrobotics.com\/wp-content\/uploads\/2019\/01\/big-mow-action-3.jpg","type":"image\/jpeg"}],"twitter_card":"summary_large_image","twitter_misc":{"Est. reading time":"1 minute"},"schema":{"@context":"https:\/\/schema.org","@graph":[{"@type":"WebPage","@id":"https:\/\/www.belrobotics.com\/de-be\/profi-rasen-mahroboter\/","url":"https:\/\/www.belrobotics.com\/de-be\/profi-rasen-mahroboter\/","name":"Profi M\u00e4hroboter zum Rasenm\u00e4hen | Gewerblich - Belrobotics","isPartOf":{"@id":"https:\/\/www.belrobotics.com\/de-be\/#website"},"primaryImageOfPage":{"@id":"https:\/\/www.belrobotics.com\/de-be\/profi-rasen-mahroboter\/#primaryimage"},"image":{"@id":"https:\/\/www.belrobotics.com\/de-be\/profi-rasen-mahroboter\/#primaryimage"},"thumbnailUrl":"https:\/\/www.belrobotics.com\/wp-content\/uploads\/2019\/01\/big-mow-action-3.jpg","datePublished":"2019-01-21T14:11:31+00:00","dateModified":"2023-07-06T07:43:02+00:00","description":"Entdecken Sie Bigmow, den international f\u00fchrenden gewerblich einsetzbaren Hochleistungsroboter, f\u00fcr Ihre Business Fl\u00e4chen bis zu 24.000 m\u00b2!","breadcrumb":{"@id":"https:\/\/www.belrobotics.com\/de-be\/profi-rasen-mahroboter\/#breadcrumb"},"inLanguage":"de-BE","potentialAction":[{"@type":"ReadAction","target":["https:\/\/www.belrobotics.com\/de-be\/profi-rasen-mahroboter\/"]}]},{"@type":"ImageObject","inLanguage":"de-BE","@id":"https:\/\/www.belrobotics.com\/de-be\/profi-rasen-mahroboter\/#primaryimage","url":"https:\/\/www.belrobotics.com\/wp-content\/uploads\/2019\/01\/big-mow-action-3.jpg","contentUrl":"https:\/\/www.belrobotics.com\/wp-content\/uploads\/2019\/01\/big-mow-action-3.jpg","width":2251,"height":1745},{"@type":"BreadcrumbList","@id":"https:\/\/www.belrobotics.com\/de-be\/profi-rasen-mahroboter\/#breadcrumb","itemListElement":[{"@type":"ListItem","position":1,"name":"Home","item":"https:\/\/www.belrobotics.com\/de-be\/"},{"@type":"ListItem","position":2,"name":"Unternehmen"}]},{"@type":"WebSite","@id":"https:\/\/www.belrobotics.com\/de-be\/#website","url":"https:\/\/www.belrobotics.com\/de-be\/","name":"Belrobotics","description":"The grass masters","publisher":{"@id":"https:\/\/www.belrobotics.com\/de-be\/#organization"},"potentialAction":[{"@type":"SearchAction","target":{"@type":"EntryPoint","urlTemplate":"https:\/\/www.belrobotics.com\/de-be\/?s={search_term_string}"},"query-input":{"@type":"PropertyValueSpecification","valueRequired":true,"valueName":"search_term_string"}}],"inLanguage":"de-BE"},{"@type":"Organization","@id":"https:\/\/www.belrobotics.com\/de-be\/#organization","name":"Belrobotics","url":"https:\/\/www.belrobotics.com\/de-be\/","logo":{"@type":"ImageObject","inLanguage":"de-BE","@id":"https:\/\/www.belrobotics.com\/de-be\/#\/schema\/logo\/image\/","url":"https:\/\/www.belrobotics.com\/wp-content\/uploads\/2019\/01\/logo-belrobotics.svg","contentUrl":"https:\/\/www.belrobotics.com\/wp-content\/uploads\/2019\/01\/logo-belrobotics.svg","width":100,"height":16,"caption":"Belrobotics"},"image":{"@id":"https:\/\/www.belrobotics.com\/de-be\/#\/schema\/logo\/image\/"},"sameAs":["https:\/\/www.facebook.com\/belrobotics","https:\/\/www.youtube.com\/channel\/UCYgWBPRzEdXmUqLRL0JbUIw","https:\/\/www.instagram.com\/belrobotics_europe\/"]}]}},"_links":{"self":[{"href":"https:\/\/www.belrobotics.com\/de-be\/wp-json\/wp\/v2\/pages\/6696","targetHints":{"allow":["GET"]}}],"collection":[{"href":"https:\/\/www.belrobotics.com\/de-be\/wp-json\/wp\/v2\/pages"}],"about":[{"href":"https:\/\/www.belrobotics.com\/de-be\/wp-json\/wp\/v2\/types\/page"}],"author":[{"embeddable":true,"href":"https:\/\/www.belrobotics.com\/de-be\/wp-json\/wp\/v2\/users\/9"}],"replies":[{"embeddable":true,"href":"https:\/\/www.belrobotics.com\/de-be\/wp-json\/wp\/v2\/comments?post=6696"}],"version-history":[{"count":1,"href":"https:\/\/www.belrobotics.com\/de-be\/wp-json\/wp\/v2\/pages\/6696\/revisions"}],"predecessor-version":[{"id":25235,"href":"https:\/\/www.belrobotics.com\/de-be\/wp-json\/wp\/v2\/pages\/6696\/revisions\/25235"}],"wp:featuredmedia":[{"embeddable":true,"href":"https:\/\/www.belrobotics.com\/de-be\/wp-json\/wp\/v2\/media\/2128"}],"wp:attachment":[{"href":"https:\/\/www.belrobotics.com\/de-be\/wp-json\/wp\/v2\/media?parent=6696"}],"curies":[{"name":"wp","href":"https:\/\/api.w.org\/{rel}","templated":true}]}}