{"id":25999,"date":"2023-07-20T15:29:07","date_gmt":"2023-07-20T14:29:07","guid":{"rendered":"https:\/\/belrobotics.andromede.digital\/?page_id=25999"},"modified":"2024-10-15T14:21:06","modified_gmt":"2024-10-15T13:21:06","slug":"handler-werden","status":"publish","type":"page","link":"https:\/\/www.belrobotics.com\/de-be\/handler-werden\/","title":{"rendered":"Sie m\u00f6chten Belrobotics-H\u00e4ndler werden?"},"content":{"rendered":"<p class=\"p1\">Belrobotics ist der f\u00fchrende Hersteller von professionellen M\u00e4hrobotern.<br clear='none'\/>\nBereit, den Wiederverk\u00e4ufer in Ihnen zu wecken?<\/p>\n<p class=\"p1\">Sprechen Sie m\u00f6gliche Interessenten an, vertreiben Sie unsere Technologie und optimieren Sie Ihr Gesch\u00e4ft.<\/p>\n<h3 class=\"p1\">Unsere Vertriebspolitik?<\/h3>\n<p class=\"p1\">Wir m\u00f6chten einen zielgerichteten Vertrieb im Einklang mit Ihrem Tempo.<br clear='none'\/>\nDabei ist es uns wichtig, eine Beziehung mit wirklichen Experten aufzubauen, die neue Chance auftun. F\u00fcr Sie, wie auch f\u00fcr den Kunden und uns.<\/p>\n","protected":false},"excerpt":{"rendered":"<p>Belrobotics ist der f\u00fchrende Hersteller von professionellen M\u00e4hrobotern. Bereit, den Wiederverk\u00e4ufer in Ihnen zu wecken? Sprechen Sie m\u00f6gliche Interessenten an, vertreiben Sie unsere Technologie und optimieren Sie Ihr Gesch\u00e4ft. Unsere Vertriebspolitik? Wir m\u00f6chten einen zielgerichteten Vertrieb im Einklang mit Ihrem Tempo. Dabei ist es uns wichtig, eine Beziehung mit wirklichen Experten aufzubauen, die neue Chance [&hellip;]<\/p>\n","protected":false},"author":9,"featured_media":25952,"parent":0,"menu_order":0,"comment_status":"closed","ping_status":"closed","template":"devenir-dealer.php","meta":{"_acf_changed":false,"footnotes":""},"class_list":["post-25999","page","type-page","status-publish","has-post-thumbnail","hentry"],"acf":[],"yoast_head":"<!-- This site is optimized with the Yoast SEO plugin v26.9 - https:\/\/yoast.com\/product\/yoast-seo-wordpress\/ -->\n<title>Sie m\u00f6chten Belrobotics-H\u00e4ndler werden? - Belrobotics<\/title>\n<meta name=\"robots\" content=\"index, follow, max-snippet:-1, max-image-preview:large, max-video-preview:-1\" \/>\n<link rel=\"canonical\" href=\"https:\/\/www.belrobotics.com\/de-be\/handler-werden\/\" \/>\n<meta property=\"og:locale\" content=\"de_DE\" \/>\n<meta property=\"og:type\" content=\"article\" \/>\n<meta property=\"og:title\" content=\"Sie m\u00f6chten Belrobotics-H\u00e4ndler werden? - Belrobotics\" \/>\n<meta property=\"og:description\" content=\"Belrobotics ist der f\u00fchrende Hersteller von professionellen M\u00e4hrobotern. Bereit, den Wiederverk\u00e4ufer in Ihnen zu wecken? Sprechen Sie m\u00f6gliche Interessenten an, vertreiben Sie unsere Technologie und optimieren Sie Ihr Gesch\u00e4ft. Unsere Vertriebspolitik? Wir m\u00f6chten einen zielgerichteten Vertrieb im Einklang mit Ihrem Tempo. Dabei ist es uns wichtig, eine Beziehung mit wirklichen Experten aufzubauen, die neue Chance [&hellip;]\" \/>\n<meta property=\"og:url\" content=\"https:\/\/www.belrobotics.com\/de-be\/handler-werden\/\" \/>\n<meta property=\"og:site_name\" content=\"Belrobotics\" \/>\n<meta property=\"article:publisher\" content=\"https:\/\/www.facebook.com\/belrobotics\" \/>\n<meta property=\"article:modified_time\" content=\"2024-10-15T13:21:06+00:00\" \/>\n<meta property=\"og:image\" content=\"https:\/\/www.belrobotics.com\/wp-content\/uploads\/2023\/07\/devenir_revendeur_hero.webp\" \/>\n\t<meta property=\"og:image:width\" content=\"1920\" \/>\n\t<meta property=\"og:image:height\" content=\"1242\" \/>\n\t<meta property=\"og:image:type\" content=\"image\/webp\" \/>\n<meta name=\"twitter:card\" content=\"summary_large_image\" \/>\n<meta name=\"twitter:label1\" content=\"Est. reading time\" \/>\n\t<meta name=\"twitter:data1\" content=\"2 minutes\" \/>\n<script type=\"application\/ld+json\" class=\"yoast-schema-graph\">{\"@context\":\"https:\/\/schema.org\",\"@graph\":[{\"@type\":\"WebPage\",\"@id\":\"https:\/\/www.belrobotics.com\/de-be\/handler-werden\/\",\"url\":\"https:\/\/www.belrobotics.com\/de-be\/handler-werden\/\",\"name\":\"Sie m\u00f6chten Belrobotics-H\u00e4ndler werden? - Belrobotics\",\"isPartOf\":{\"@id\":\"https:\/\/www.belrobotics.com\/de-be\/#website\"},\"primaryImageOfPage\":{\"@id\":\"https:\/\/www.belrobotics.com\/de-be\/handler-werden\/#primaryimage\"},\"image\":{\"@id\":\"https:\/\/www.belrobotics.com\/de-be\/handler-werden\/#primaryimage\"},\"thumbnailUrl\":\"https:\/\/www.belrobotics.com\/wp-content\/uploads\/2023\/07\/devenir_revendeur_hero.webp\",\"datePublished\":\"2023-07-20T14:29:07+00:00\",\"dateModified\":\"2024-10-15T13:21:06+00:00\",\"breadcrumb\":{\"@id\":\"https:\/\/www.belrobotics.com\/de-be\/handler-werden\/#breadcrumb\"},\"inLanguage\":\"de-BE\",\"potentialAction\":[{\"@type\":\"ReadAction\",\"target\":[\"https:\/\/www.belrobotics.com\/de-be\/handler-werden\/\"]}]},{\"@type\":\"ImageObject\",\"inLanguage\":\"de-BE\",\"@id\":\"https:\/\/www.belrobotics.com\/de-be\/handler-werden\/#primaryimage\",\"url\":\"https:\/\/www.belrobotics.com\/wp-content\/uploads\/2023\/07\/devenir_revendeur_hero.webp\",\"contentUrl\":\"https:\/\/www.belrobotics.com\/wp-content\/uploads\/2023\/07\/devenir_revendeur_hero.webp\",\"width\":1920,\"height\":1242},{\"@type\":\"BreadcrumbList\",\"@id\":\"https:\/\/www.belrobotics.com\/de-be\/handler-werden\/#breadcrumb\",\"itemListElement\":[{\"@type\":\"ListItem\",\"position\":1,\"name\":\"Home\",\"item\":\"https:\/\/www.belrobotics.com\/de-be\/\"},{\"@type\":\"ListItem\",\"position\":2,\"name\":\"Sie m\u00f6chten Belrobotics-H\u00e4ndler werden?\"}]},{\"@type\":\"WebSite\",\"@id\":\"https:\/\/www.belrobotics.com\/de-be\/#website\",\"url\":\"https:\/\/www.belrobotics.com\/de-be\/\",\"name\":\"Belrobotics\",\"description\":\"The grass masters\",\"publisher\":{\"@id\":\"https:\/\/www.belrobotics.com\/de-be\/#organization\"},\"potentialAction\":[{\"@type\":\"SearchAction\",\"target\":{\"@type\":\"EntryPoint\",\"urlTemplate\":\"https:\/\/www.belrobotics.com\/de-be\/?s={search_term_string}\"},\"query-input\":{\"@type\":\"PropertyValueSpecification\",\"valueRequired\":true,\"valueName\":\"search_term_string\"}}],\"inLanguage\":\"de-BE\"},{\"@type\":\"Organization\",\"@id\":\"https:\/\/www.belrobotics.com\/de-be\/#organization\",\"name\":\"Belrobotics\",\"url\":\"https:\/\/www.belrobotics.com\/de-be\/\",\"logo\":{\"@type\":\"ImageObject\",\"inLanguage\":\"de-BE\",\"@id\":\"https:\/\/www.belrobotics.com\/de-be\/#\/schema\/logo\/image\/\",\"url\":\"https:\/\/www.belrobotics.com\/wp-content\/uploads\/2019\/01\/logo-belrobotics.svg\",\"contentUrl\":\"https:\/\/www.belrobotics.com\/wp-content\/uploads\/2019\/01\/logo-belrobotics.svg\",\"width\":100,\"height\":16,\"caption\":\"Belrobotics\"},\"image\":{\"@id\":\"https:\/\/www.belrobotics.com\/de-be\/#\/schema\/logo\/image\/\"},\"sameAs\":[\"https:\/\/www.facebook.com\/belrobotics\",\"https:\/\/www.youtube.com\/channel\/UCYgWBPRzEdXmUqLRL0JbUIw\",\"https:\/\/www.instagram.com\/belrobotics_europe\/\"]}]}<\/script>\n<!-- \/ Yoast SEO plugin. -->","yoast_head_json":{"title":"Sie m\u00f6chten Belrobotics-H\u00e4ndler werden? - Belrobotics","robots":{"index":"index","follow":"follow","max-snippet":"max-snippet:-1","max-image-preview":"max-image-preview:large","max-video-preview":"max-video-preview:-1"},"canonical":"https:\/\/www.belrobotics.com\/de-be\/handler-werden\/","og_locale":"de_DE","og_type":"article","og_title":"Sie m\u00f6chten Belrobotics-H\u00e4ndler werden? - Belrobotics","og_description":"Belrobotics ist der f\u00fchrende Hersteller von professionellen M\u00e4hrobotern. Bereit, den Wiederverk\u00e4ufer in Ihnen zu wecken? Sprechen Sie m\u00f6gliche Interessenten an, vertreiben Sie unsere Technologie und optimieren Sie Ihr Gesch\u00e4ft. Unsere Vertriebspolitik? Wir m\u00f6chten einen zielgerichteten Vertrieb im Einklang mit Ihrem Tempo. Dabei ist es uns wichtig, eine Beziehung mit wirklichen Experten aufzubauen, die neue Chance [&hellip;]","og_url":"https:\/\/www.belrobotics.com\/de-be\/handler-werden\/","og_site_name":"Belrobotics","article_publisher":"https:\/\/www.facebook.com\/belrobotics","article_modified_time":"2024-10-15T13:21:06+00:00","og_image":[{"width":1920,"height":1242,"url":"https:\/\/www.belrobotics.com\/wp-content\/uploads\/2023\/07\/devenir_revendeur_hero.webp","type":"image\/webp"}],"twitter_card":"summary_large_image","twitter_misc":{"Est. reading time":"2 minutes"},"schema":{"@context":"https:\/\/schema.org","@graph":[{"@type":"WebPage","@id":"https:\/\/www.belrobotics.com\/de-be\/handler-werden\/","url":"https:\/\/www.belrobotics.com\/de-be\/handler-werden\/","name":"Sie m\u00f6chten Belrobotics-H\u00e4ndler werden? - Belrobotics","isPartOf":{"@id":"https:\/\/www.belrobotics.com\/de-be\/#website"},"primaryImageOfPage":{"@id":"https:\/\/www.belrobotics.com\/de-be\/handler-werden\/#primaryimage"},"image":{"@id":"https:\/\/www.belrobotics.com\/de-be\/handler-werden\/#primaryimage"},"thumbnailUrl":"https:\/\/www.belrobotics.com\/wp-content\/uploads\/2023\/07\/devenir_revendeur_hero.webp","datePublished":"2023-07-20T14:29:07+00:00","dateModified":"2024-10-15T13:21:06+00:00","breadcrumb":{"@id":"https:\/\/www.belrobotics.com\/de-be\/handler-werden\/#breadcrumb"},"inLanguage":"de-BE","potentialAction":[{"@type":"ReadAction","target":["https:\/\/www.belrobotics.com\/de-be\/handler-werden\/"]}]},{"@type":"ImageObject","inLanguage":"de-BE","@id":"https:\/\/www.belrobotics.com\/de-be\/handler-werden\/#primaryimage","url":"https:\/\/www.belrobotics.com\/wp-content\/uploads\/2023\/07\/devenir_revendeur_hero.webp","contentUrl":"https:\/\/www.belrobotics.com\/wp-content\/uploads\/2023\/07\/devenir_revendeur_hero.webp","width":1920,"height":1242},{"@type":"BreadcrumbList","@id":"https:\/\/www.belrobotics.com\/de-be\/handler-werden\/#breadcrumb","itemListElement":[{"@type":"ListItem","position":1,"name":"Home","item":"https:\/\/www.belrobotics.com\/de-be\/"},{"@type":"ListItem","position":2,"name":"Sie m\u00f6chten Belrobotics-H\u00e4ndler werden?"}]},{"@type":"WebSite","@id":"https:\/\/www.belrobotics.com\/de-be\/#website","url":"https:\/\/www.belrobotics.com\/de-be\/","name":"Belrobotics","description":"The grass masters","publisher":{"@id":"https:\/\/www.belrobotics.com\/de-be\/#organization"},"potentialAction":[{"@type":"SearchAction","target":{"@type":"EntryPoint","urlTemplate":"https:\/\/www.belrobotics.com\/de-be\/?s={search_term_string}"},"query-input":{"@type":"PropertyValueSpecification","valueRequired":true,"valueName":"search_term_string"}}],"inLanguage":"de-BE"},{"@type":"Organization","@id":"https:\/\/www.belrobotics.com\/de-be\/#organization","name":"Belrobotics","url":"https:\/\/www.belrobotics.com\/de-be\/","logo":{"@type":"ImageObject","inLanguage":"de-BE","@id":"https:\/\/www.belrobotics.com\/de-be\/#\/schema\/logo\/image\/","url":"https:\/\/www.belrobotics.com\/wp-content\/uploads\/2019\/01\/logo-belrobotics.svg","contentUrl":"https:\/\/www.belrobotics.com\/wp-content\/uploads\/2019\/01\/logo-belrobotics.svg","width":100,"height":16,"caption":"Belrobotics"},"image":{"@id":"https:\/\/www.belrobotics.com\/de-be\/#\/schema\/logo\/image\/"},"sameAs":["https:\/\/www.facebook.com\/belrobotics","https:\/\/www.youtube.com\/channel\/UCYgWBPRzEdXmUqLRL0JbUIw","https:\/\/www.instagram.com\/belrobotics_europe\/"]}]}},"_links":{"self":[{"href":"https:\/\/www.belrobotics.com\/de-be\/wp-json\/wp\/v2\/pages\/25999","targetHints":{"allow":["GET"]}}],"collection":[{"href":"https:\/\/www.belrobotics.com\/de-be\/wp-json\/wp\/v2\/pages"}],"about":[{"href":"https:\/\/www.belrobotics.com\/de-be\/wp-json\/wp\/v2\/types\/page"}],"author":[{"embeddable":true,"href":"https:\/\/www.belrobotics.com\/de-be\/wp-json\/wp\/v2\/users\/9"}],"replies":[{"embeddable":true,"href":"https:\/\/www.belrobotics.com\/de-be\/wp-json\/wp\/v2\/comments?post=25999"}],"version-history":[{"count":13,"href":"https:\/\/www.belrobotics.com\/de-be\/wp-json\/wp\/v2\/pages\/25999\/revisions"}],"predecessor-version":[{"id":40363,"href":"https:\/\/www.belrobotics.com\/de-be\/wp-json\/wp\/v2\/pages\/25999\/revisions\/40363"}],"wp:featuredmedia":[{"embeddable":true,"href":"https:\/\/www.belrobotics.com\/de-be\/wp-json\/wp\/v2\/media\/25952"}],"wp:attachment":[{"href":"https:\/\/www.belrobotics.com\/de-be\/wp-json\/wp\/v2\/media?parent=25999"}],"curies":[{"name":"wp","href":"https:\/\/api.w.org\/{rel}","templated":true}]}}