{"id":21975,"date":"2023-02-28T11:56:40","date_gmt":"2023-02-28T10:56:40","guid":{"rendered":"https:\/\/belrobotics.andromede.digital\/mahroboter\/"},"modified":"2023-02-28T12:07:00","modified_gmt":"2023-02-28T11:07:00","slug":"mahroboter","status":"publish","type":"page","link":"https:\/\/www.belrobotics.com\/de-be\/mahroboter\/","title":{"rendered":"Mahroboter"},"content":{"rendered":"<h3>Willkommen in einem neuen Zeitalter!<\/h3>\n<p>Wir bei Belrobotics glauben, dass Innovationen und neue Technologien die Grundlage f\u00fcr die Welt von morgen sind. Diese \u00dcberzeugung leitet uns tagt\u00e4glich auf der Suche nach Innovationen und bei der Entwicklung der innovativsten M\u00e4hroboter sowie Roboter zum Aufsammeln von Golfb\u00e4llen.<\/p>\n<p>Unsere Roboter sind zuverl\u00e4ssig, umweltfreundlich und wirtschaftlich. Sie k\u00f6nnen sich so beruhigt zur\u00fccklehnen, was die Pflege Ihrer Gr\u00fcnfl\u00e4chen angeht\u00a0\u2013 f\u00fcr eine private wie auch professionelle Nutzung! Sie k\u00f6nnen in der Tat sehr gro\u00dfe Fl\u00e4chen (mehrere Fu\u00dfballfelder) abdecken und sind gleichzeitig sehr effektiv auch f\u00fcr kleine Fl\u00e4chen.<\/p>\n<p>Damit wir Ihre Anspr\u00fcche bestm\u00f6glich erf\u00fcllen k\u00f6nnen, haben wir zwei Produktlinien entwickelt: die \u201c<a href=\"https:\/\/www.belrobotics.com\/de-be\/connected-line\/\">Connected line<\/a>\u201d und \u201c<a href=\"https:\/\/www.belrobotics.com\/de-be\/gps-rtk\/\">GPS RTK<\/a>\u201d.<\/p>\n","protected":false},"excerpt":{"rendered":"<p>Willkommen in einem neuen Zeitalter! Wir bei Belrobotics glauben, dass Innovationen und neue Technologien die Grundlage f\u00fcr die Welt von morgen sind. Diese \u00dcberzeugung leitet uns tagt\u00e4glich auf der Suche nach Innovationen und bei der Entwicklung der innovativsten M\u00e4hroboter sowie Roboter zum Aufsammeln von Golfb\u00e4llen. Unsere Roboter sind zuverl\u00e4ssig, umweltfreundlich und wirtschaftlich. Sie k\u00f6nnen sich [&hellip;]<\/p>\n","protected":false},"author":9,"featured_media":21931,"parent":0,"menu_order":0,"comment_status":"closed","ping_status":"closed","template":"template-tondeuses-robots.php","meta":{"_acf_changed":false,"footnotes":""},"class_list":["post-21975","page","type-page","status-publish","has-post-thumbnail","hentry"],"acf":[],"yoast_head":"<!-- This site is optimized with the Yoast SEO plugin v26.9 - https:\/\/yoast.com\/product\/yoast-seo-wordpress\/ -->\n<title>Mahroboter - Belrobotics<\/title>\n<meta name=\"robots\" content=\"index, follow, max-snippet:-1, max-image-preview:large, max-video-preview:-1\" \/>\n<link rel=\"canonical\" href=\"https:\/\/www.belrobotics.com\/de-be\/mahroboter\/\" \/>\n<meta property=\"og:locale\" content=\"de_DE\" \/>\n<meta property=\"og:type\" content=\"article\" \/>\n<meta property=\"og:title\" content=\"Mahroboter - Belrobotics\" \/>\n<meta property=\"og:description\" content=\"Willkommen in einem neuen Zeitalter! Wir bei Belrobotics glauben, dass Innovationen und neue Technologien die Grundlage f\u00fcr die Welt von morgen sind. Diese \u00dcberzeugung leitet uns tagt\u00e4glich auf der Suche nach Innovationen und bei der Entwicklung der innovativsten M\u00e4hroboter sowie Roboter zum Aufsammeln von Golfb\u00e4llen. Unsere Roboter sind zuverl\u00e4ssig, umweltfreundlich und wirtschaftlich. Sie k\u00f6nnen sich [&hellip;]\" \/>\n<meta property=\"og:url\" content=\"https:\/\/www.belrobotics.com\/de-be\/mahroboter\/\" \/>\n<meta property=\"og:site_name\" content=\"Belrobotics\" \/>\n<meta property=\"article:publisher\" content=\"https:\/\/www.facebook.com\/belrobotics\" \/>\n<meta property=\"article:modified_time\" content=\"2023-02-28T11:07:00+00:00\" \/>\n<meta property=\"og:image\" content=\"https:\/\/www.belrobotics.com\/wp-content\/uploads\/2023\/02\/robot-mowers.webp\" \/>\n\t<meta property=\"og:image:width\" content=\"1920\" \/>\n\t<meta property=\"og:image:height\" content=\"994\" \/>\n\t<meta property=\"og:image:type\" content=\"image\/webp\" \/>\n<meta name=\"twitter:card\" content=\"summary_large_image\" \/>\n<meta name=\"twitter:label1\" content=\"Est. reading time\" \/>\n\t<meta name=\"twitter:data1\" content=\"1 minute\" \/>\n<script type=\"application\/ld+json\" class=\"yoast-schema-graph\">{\"@context\":\"https:\/\/schema.org\",\"@graph\":[{\"@type\":\"WebPage\",\"@id\":\"https:\/\/www.belrobotics.com\/de-be\/mahroboter\/\",\"url\":\"https:\/\/www.belrobotics.com\/de-be\/mahroboter\/\",\"name\":\"Mahroboter - Belrobotics\",\"isPartOf\":{\"@id\":\"https:\/\/www.belrobotics.com\/de-be\/#website\"},\"primaryImageOfPage\":{\"@id\":\"https:\/\/www.belrobotics.com\/de-be\/mahroboter\/#primaryimage\"},\"image\":{\"@id\":\"https:\/\/www.belrobotics.com\/de-be\/mahroboter\/#primaryimage\"},\"thumbnailUrl\":\"https:\/\/www.belrobotics.com\/wp-content\/uploads\/2023\/02\/robot-mowers.webp\",\"datePublished\":\"2023-02-28T10:56:40+00:00\",\"dateModified\":\"2023-02-28T11:07:00+00:00\",\"breadcrumb\":{\"@id\":\"https:\/\/www.belrobotics.com\/de-be\/mahroboter\/#breadcrumb\"},\"inLanguage\":\"de-BE\",\"potentialAction\":[{\"@type\":\"ReadAction\",\"target\":[\"https:\/\/www.belrobotics.com\/de-be\/mahroboter\/\"]}]},{\"@type\":\"ImageObject\",\"inLanguage\":\"de-BE\",\"@id\":\"https:\/\/www.belrobotics.com\/de-be\/mahroboter\/#primaryimage\",\"url\":\"https:\/\/www.belrobotics.com\/wp-content\/uploads\/2023\/02\/robot-mowers.webp\",\"contentUrl\":\"https:\/\/www.belrobotics.com\/wp-content\/uploads\/2023\/02\/robot-mowers.webp\",\"width\":1920,\"height\":994},{\"@type\":\"BreadcrumbList\",\"@id\":\"https:\/\/www.belrobotics.com\/de-be\/mahroboter\/#breadcrumb\",\"itemListElement\":[{\"@type\":\"ListItem\",\"position\":1,\"name\":\"Home\",\"item\":\"https:\/\/www.belrobotics.com\/de-be\/\"},{\"@type\":\"ListItem\",\"position\":2,\"name\":\"Mahroboter\"}]},{\"@type\":\"WebSite\",\"@id\":\"https:\/\/www.belrobotics.com\/de-be\/#website\",\"url\":\"https:\/\/www.belrobotics.com\/de-be\/\",\"name\":\"Belrobotics\",\"description\":\"The grass masters\",\"publisher\":{\"@id\":\"https:\/\/www.belrobotics.com\/de-be\/#organization\"},\"potentialAction\":[{\"@type\":\"SearchAction\",\"target\":{\"@type\":\"EntryPoint\",\"urlTemplate\":\"https:\/\/www.belrobotics.com\/de-be\/?s={search_term_string}\"},\"query-input\":{\"@type\":\"PropertyValueSpecification\",\"valueRequired\":true,\"valueName\":\"search_term_string\"}}],\"inLanguage\":\"de-BE\"},{\"@type\":\"Organization\",\"@id\":\"https:\/\/www.belrobotics.com\/de-be\/#organization\",\"name\":\"Belrobotics\",\"url\":\"https:\/\/www.belrobotics.com\/de-be\/\",\"logo\":{\"@type\":\"ImageObject\",\"inLanguage\":\"de-BE\",\"@id\":\"https:\/\/www.belrobotics.com\/de-be\/#\/schema\/logo\/image\/\",\"url\":\"https:\/\/www.belrobotics.com\/wp-content\/uploads\/2019\/01\/logo-belrobotics.svg\",\"contentUrl\":\"https:\/\/www.belrobotics.com\/wp-content\/uploads\/2019\/01\/logo-belrobotics.svg\",\"width\":100,\"height\":16,\"caption\":\"Belrobotics\"},\"image\":{\"@id\":\"https:\/\/www.belrobotics.com\/de-be\/#\/schema\/logo\/image\/\"},\"sameAs\":[\"https:\/\/www.facebook.com\/belrobotics\",\"https:\/\/www.youtube.com\/channel\/UCYgWBPRzEdXmUqLRL0JbUIw\",\"https:\/\/www.instagram.com\/belrobotics_europe\/\"]}]}<\/script>\n<!-- \/ Yoast SEO plugin. -->","yoast_head_json":{"title":"Mahroboter - Belrobotics","robots":{"index":"index","follow":"follow","max-snippet":"max-snippet:-1","max-image-preview":"max-image-preview:large","max-video-preview":"max-video-preview:-1"},"canonical":"https:\/\/www.belrobotics.com\/de-be\/mahroboter\/","og_locale":"de_DE","og_type":"article","og_title":"Mahroboter - Belrobotics","og_description":"Willkommen in einem neuen Zeitalter! Wir bei Belrobotics glauben, dass Innovationen und neue Technologien die Grundlage f\u00fcr die Welt von morgen sind. Diese \u00dcberzeugung leitet uns tagt\u00e4glich auf der Suche nach Innovationen und bei der Entwicklung der innovativsten M\u00e4hroboter sowie Roboter zum Aufsammeln von Golfb\u00e4llen. Unsere Roboter sind zuverl\u00e4ssig, umweltfreundlich und wirtschaftlich. Sie k\u00f6nnen sich [&hellip;]","og_url":"https:\/\/www.belrobotics.com\/de-be\/mahroboter\/","og_site_name":"Belrobotics","article_publisher":"https:\/\/www.facebook.com\/belrobotics","article_modified_time":"2023-02-28T11:07:00+00:00","og_image":[{"width":1920,"height":994,"url":"https:\/\/www.belrobotics.com\/wp-content\/uploads\/2023\/02\/robot-mowers.webp","type":"image\/webp"}],"twitter_card":"summary_large_image","twitter_misc":{"Est. reading time":"1 minute"},"schema":{"@context":"https:\/\/schema.org","@graph":[{"@type":"WebPage","@id":"https:\/\/www.belrobotics.com\/de-be\/mahroboter\/","url":"https:\/\/www.belrobotics.com\/de-be\/mahroboter\/","name":"Mahroboter - Belrobotics","isPartOf":{"@id":"https:\/\/www.belrobotics.com\/de-be\/#website"},"primaryImageOfPage":{"@id":"https:\/\/www.belrobotics.com\/de-be\/mahroboter\/#primaryimage"},"image":{"@id":"https:\/\/www.belrobotics.com\/de-be\/mahroboter\/#primaryimage"},"thumbnailUrl":"https:\/\/www.belrobotics.com\/wp-content\/uploads\/2023\/02\/robot-mowers.webp","datePublished":"2023-02-28T10:56:40+00:00","dateModified":"2023-02-28T11:07:00+00:00","breadcrumb":{"@id":"https:\/\/www.belrobotics.com\/de-be\/mahroboter\/#breadcrumb"},"inLanguage":"de-BE","potentialAction":[{"@type":"ReadAction","target":["https:\/\/www.belrobotics.com\/de-be\/mahroboter\/"]}]},{"@type":"ImageObject","inLanguage":"de-BE","@id":"https:\/\/www.belrobotics.com\/de-be\/mahroboter\/#primaryimage","url":"https:\/\/www.belrobotics.com\/wp-content\/uploads\/2023\/02\/robot-mowers.webp","contentUrl":"https:\/\/www.belrobotics.com\/wp-content\/uploads\/2023\/02\/robot-mowers.webp","width":1920,"height":994},{"@type":"BreadcrumbList","@id":"https:\/\/www.belrobotics.com\/de-be\/mahroboter\/#breadcrumb","itemListElement":[{"@type":"ListItem","position":1,"name":"Home","item":"https:\/\/www.belrobotics.com\/de-be\/"},{"@type":"ListItem","position":2,"name":"Mahroboter"}]},{"@type":"WebSite","@id":"https:\/\/www.belrobotics.com\/de-be\/#website","url":"https:\/\/www.belrobotics.com\/de-be\/","name":"Belrobotics","description":"The grass masters","publisher":{"@id":"https:\/\/www.belrobotics.com\/de-be\/#organization"},"potentialAction":[{"@type":"SearchAction","target":{"@type":"EntryPoint","urlTemplate":"https:\/\/www.belrobotics.com\/de-be\/?s={search_term_string}"},"query-input":{"@type":"PropertyValueSpecification","valueRequired":true,"valueName":"search_term_string"}}],"inLanguage":"de-BE"},{"@type":"Organization","@id":"https:\/\/www.belrobotics.com\/de-be\/#organization","name":"Belrobotics","url":"https:\/\/www.belrobotics.com\/de-be\/","logo":{"@type":"ImageObject","inLanguage":"de-BE","@id":"https:\/\/www.belrobotics.com\/de-be\/#\/schema\/logo\/image\/","url":"https:\/\/www.belrobotics.com\/wp-content\/uploads\/2019\/01\/logo-belrobotics.svg","contentUrl":"https:\/\/www.belrobotics.com\/wp-content\/uploads\/2019\/01\/logo-belrobotics.svg","width":100,"height":16,"caption":"Belrobotics"},"image":{"@id":"https:\/\/www.belrobotics.com\/de-be\/#\/schema\/logo\/image\/"},"sameAs":["https:\/\/www.facebook.com\/belrobotics","https:\/\/www.youtube.com\/channel\/UCYgWBPRzEdXmUqLRL0JbUIw","https:\/\/www.instagram.com\/belrobotics_europe\/"]}]}},"_links":{"self":[{"href":"https:\/\/www.belrobotics.com\/de-be\/wp-json\/wp\/v2\/pages\/21975","targetHints":{"allow":["GET"]}}],"collection":[{"href":"https:\/\/www.belrobotics.com\/de-be\/wp-json\/wp\/v2\/pages"}],"about":[{"href":"https:\/\/www.belrobotics.com\/de-be\/wp-json\/wp\/v2\/types\/page"}],"author":[{"embeddable":true,"href":"https:\/\/www.belrobotics.com\/de-be\/wp-json\/wp\/v2\/users\/9"}],"replies":[{"embeddable":true,"href":"https:\/\/www.belrobotics.com\/de-be\/wp-json\/wp\/v2\/comments?post=21975"}],"version-history":[{"count":2,"href":"https:\/\/www.belrobotics.com\/de-be\/wp-json\/wp\/v2\/pages\/21975\/revisions"}],"predecessor-version":[{"id":21983,"href":"https:\/\/www.belrobotics.com\/de-be\/wp-json\/wp\/v2\/pages\/21975\/revisions\/21983"}],"wp:featuredmedia":[{"embeddable":true,"href":"https:\/\/www.belrobotics.com\/de-be\/wp-json\/wp\/v2\/media\/21931"}],"wp:attachment":[{"href":"https:\/\/www.belrobotics.com\/de-be\/wp-json\/wp\/v2\/media?parent=21975"}],"curies":[{"name":"wp","href":"https:\/\/api.w.org\/{rel}","templated":true}]}}