{"id":18893,"date":"2021-07-16T10:28:45","date_gmt":"2021-07-16T09:28:45","guid":{"rendered":"https:\/\/belrobotics.andromede.digital\/gps-rtk\/"},"modified":"2023-05-16T11:14:12","modified_gmt":"2023-05-16T10:14:12","slug":"gps-rtk","status":"publish","type":"page","link":"https:\/\/www.belrobotics.com\/de-be\/gps-rtk\/","title":{"rendered":"RTK: Systematisches M\u00e4hen in Bahnen"},"content":{"rendered":"<h2 class=\"h3\">F\u00fcr anspruchsvolle Profis<\/h2>\n<p>Sie sind f\u00fcr Gr\u00fcnfl\u00e4chen in einem Unternehmen oder einer \u00f6ffentlichen Einrichtung verantwortlich? Sie managen Sportst\u00e4tten? Entdecken Sie eine neue Technologie, die Sie unterst\u00fctzt und Ihr Image f\u00f6rdert. Dank unserer GPS-F\u00fchrung mit der Echtzeitkinematik RTK profitieren Sie ab sofort von einem systematischen M\u00e4hen in Bahnen.<\/p>\n<h2 class=\"h3\">Neue GPS-Technologie integriert<\/h2>\n<p>Ben\u00f6tigen Sie ein ultrapr\u00e4zises M\u00e4hergebnis f\u00fcr Ihre Fl\u00e4chen? M\u00f6chten Sie die gleiche Fl\u00e4che in k\u00fcrzerer Zeit abdecken? Hier kommt die neue Generation von RTK-GPS-gef\u00fchrten M\u00e4hrobotern. Das systematische M\u00e4hen in Bahnen basiert auf der Echzeitkinematik-Technologie RTK. Das Ergebnis? Eine h\u00f6here Leistung, gesteigerte Benutzerfreundlichkeit und systematisches M\u00e4hen.<\/p>\n","protected":false},"excerpt":{"rendered":"<p>F\u00fcr anspruchsvolle Profis Sie sind f\u00fcr Gr\u00fcnfl\u00e4chen in einem Unternehmen oder einer \u00f6ffentlichen Einrichtung verantwortlich? Sie managen Sportst\u00e4tten? Entdecken Sie eine neue Technologie, die Sie unterst\u00fctzt und Ihr Image f\u00f6rdert. Dank unserer GPS-F\u00fchrung mit der Echtzeitkinematik RTK profitieren Sie ab sofort von einem systematischen M\u00e4hen in Bahnen. Neue GPS-Technologie integriert Ben\u00f6tigen Sie ein ultrapr\u00e4zises M\u00e4hergebnis [&hellip;]<\/p>\n","protected":false},"author":9,"featured_media":13338,"parent":0,"menu_order":0,"comment_status":"closed","ping_status":"closed","template":"gps-rtk.php","meta":{"_acf_changed":false,"footnotes":""},"class_list":["post-18893","page","type-page","status-publish","has-post-thumbnail","hentry"],"acf":[],"yoast_head":"<!-- This site is optimized with the Yoast SEO plugin v26.9 - https:\/\/yoast.com\/product\/yoast-seo-wordpress\/ -->\n<title>RTK: Systematisches M\u00e4hen in Bahnen - Belrobotics<\/title>\n<meta name=\"robots\" content=\"index, follow, max-snippet:-1, max-image-preview:large, max-video-preview:-1\" \/>\n<link rel=\"canonical\" href=\"https:\/\/www.belrobotics.com\/de-be\/gps-rtk\/\" \/>\n<meta property=\"og:locale\" content=\"de_DE\" \/>\n<meta property=\"og:type\" content=\"article\" \/>\n<meta property=\"og:title\" content=\"RTK: Systematisches M\u00e4hen in Bahnen - Belrobotics\" \/>\n<meta property=\"og:description\" content=\"F\u00fcr anspruchsvolle Profis Sie sind f\u00fcr Gr\u00fcnfl\u00e4chen in einem Unternehmen oder einer \u00f6ffentlichen Einrichtung verantwortlich? Sie managen Sportst\u00e4tten? Entdecken Sie eine neue Technologie, die Sie unterst\u00fctzt und Ihr Image f\u00f6rdert. Dank unserer GPS-F\u00fchrung mit der Echtzeitkinematik RTK profitieren Sie ab sofort von einem systematischen M\u00e4hen in Bahnen. Neue GPS-Technologie integriert Ben\u00f6tigen Sie ein ultrapr\u00e4zises M\u00e4hergebnis [&hellip;]\" \/>\n<meta property=\"og:url\" content=\"https:\/\/www.belrobotics.com\/de-be\/gps-rtk\/\" \/>\n<meta property=\"og:site_name\" content=\"Belrobotics\" \/>\n<meta property=\"article:publisher\" content=\"https:\/\/www.facebook.com\/belrobotics\" \/>\n<meta property=\"article:modified_time\" content=\"2023-05-16T10:14:12+00:00\" \/>\n<meta property=\"og:image\" content=\"https:\/\/www.belrobotics.com\/wp-content\/uploads\/2021\/07\/gps-rtk_2.jpg\" \/>\n\t<meta property=\"og:image:width\" content=\"1291\" \/>\n\t<meta property=\"og:image:height\" content=\"794\" \/>\n\t<meta property=\"og:image:type\" content=\"image\/jpeg\" \/>\n<meta name=\"twitter:card\" content=\"summary_large_image\" \/>\n<meta name=\"twitter:label1\" content=\"Est. reading time\" \/>\n\t<meta name=\"twitter:data1\" content=\"1 minute\" \/>\n<script type=\"application\/ld+json\" class=\"yoast-schema-graph\">{\"@context\":\"https:\/\/schema.org\",\"@graph\":[{\"@type\":\"WebPage\",\"@id\":\"https:\/\/www.belrobotics.com\/de-be\/gps-rtk\/\",\"url\":\"https:\/\/www.belrobotics.com\/de-be\/gps-rtk\/\",\"name\":\"RTK: Systematisches M\u00e4hen in Bahnen - Belrobotics\",\"isPartOf\":{\"@id\":\"https:\/\/www.belrobotics.com\/de-be\/#website\"},\"primaryImageOfPage\":{\"@id\":\"https:\/\/www.belrobotics.com\/de-be\/gps-rtk\/#primaryimage\"},\"image\":{\"@id\":\"https:\/\/www.belrobotics.com\/de-be\/gps-rtk\/#primaryimage\"},\"thumbnailUrl\":\"https:\/\/www.belrobotics.com\/wp-content\/uploads\/2021\/07\/gps-rtk_2.jpg\",\"datePublished\":\"2021-07-16T09:28:45+00:00\",\"dateModified\":\"2023-05-16T10:14:12+00:00\",\"breadcrumb\":{\"@id\":\"https:\/\/www.belrobotics.com\/de-be\/gps-rtk\/#breadcrumb\"},\"inLanguage\":\"de-BE\",\"potentialAction\":[{\"@type\":\"ReadAction\",\"target\":[\"https:\/\/www.belrobotics.com\/de-be\/gps-rtk\/\"]}]},{\"@type\":\"ImageObject\",\"inLanguage\":\"de-BE\",\"@id\":\"https:\/\/www.belrobotics.com\/de-be\/gps-rtk\/#primaryimage\",\"url\":\"https:\/\/www.belrobotics.com\/wp-content\/uploads\/2021\/07\/gps-rtk_2.jpg\",\"contentUrl\":\"https:\/\/www.belrobotics.com\/wp-content\/uploads\/2021\/07\/gps-rtk_2.jpg\",\"width\":1291,\"height\":794},{\"@type\":\"BreadcrumbList\",\"@id\":\"https:\/\/www.belrobotics.com\/de-be\/gps-rtk\/#breadcrumb\",\"itemListElement\":[{\"@type\":\"ListItem\",\"position\":1,\"name\":\"Home\",\"item\":\"https:\/\/www.belrobotics.com\/de-be\/\"},{\"@type\":\"ListItem\",\"position\":2,\"name\":\"RTK: Systematisches M\u00e4hen in Bahnen\"}]},{\"@type\":\"WebSite\",\"@id\":\"https:\/\/www.belrobotics.com\/de-be\/#website\",\"url\":\"https:\/\/www.belrobotics.com\/de-be\/\",\"name\":\"Belrobotics\",\"description\":\"The grass masters\",\"publisher\":{\"@id\":\"https:\/\/www.belrobotics.com\/de-be\/#organization\"},\"potentialAction\":[{\"@type\":\"SearchAction\",\"target\":{\"@type\":\"EntryPoint\",\"urlTemplate\":\"https:\/\/www.belrobotics.com\/de-be\/?s={search_term_string}\"},\"query-input\":{\"@type\":\"PropertyValueSpecification\",\"valueRequired\":true,\"valueName\":\"search_term_string\"}}],\"inLanguage\":\"de-BE\"},{\"@type\":\"Organization\",\"@id\":\"https:\/\/www.belrobotics.com\/de-be\/#organization\",\"name\":\"Belrobotics\",\"url\":\"https:\/\/www.belrobotics.com\/de-be\/\",\"logo\":{\"@type\":\"ImageObject\",\"inLanguage\":\"de-BE\",\"@id\":\"https:\/\/www.belrobotics.com\/de-be\/#\/schema\/logo\/image\/\",\"url\":\"https:\/\/www.belrobotics.com\/wp-content\/uploads\/2019\/01\/logo-belrobotics.svg\",\"contentUrl\":\"https:\/\/www.belrobotics.com\/wp-content\/uploads\/2019\/01\/logo-belrobotics.svg\",\"width\":100,\"height\":16,\"caption\":\"Belrobotics\"},\"image\":{\"@id\":\"https:\/\/www.belrobotics.com\/de-be\/#\/schema\/logo\/image\/\"},\"sameAs\":[\"https:\/\/www.facebook.com\/belrobotics\",\"https:\/\/www.youtube.com\/channel\/UCYgWBPRzEdXmUqLRL0JbUIw\",\"https:\/\/www.instagram.com\/belrobotics_europe\/\"]}]}<\/script>\n<!-- \/ Yoast SEO plugin. -->","yoast_head_json":{"title":"RTK: Systematisches M\u00e4hen in Bahnen - Belrobotics","robots":{"index":"index","follow":"follow","max-snippet":"max-snippet:-1","max-image-preview":"max-image-preview:large","max-video-preview":"max-video-preview:-1"},"canonical":"https:\/\/www.belrobotics.com\/de-be\/gps-rtk\/","og_locale":"de_DE","og_type":"article","og_title":"RTK: Systematisches M\u00e4hen in Bahnen - Belrobotics","og_description":"F\u00fcr anspruchsvolle Profis Sie sind f\u00fcr Gr\u00fcnfl\u00e4chen in einem Unternehmen oder einer \u00f6ffentlichen Einrichtung verantwortlich? Sie managen Sportst\u00e4tten? Entdecken Sie eine neue Technologie, die Sie unterst\u00fctzt und Ihr Image f\u00f6rdert. Dank unserer GPS-F\u00fchrung mit der Echtzeitkinematik RTK profitieren Sie ab sofort von einem systematischen M\u00e4hen in Bahnen. Neue GPS-Technologie integriert Ben\u00f6tigen Sie ein ultrapr\u00e4zises M\u00e4hergebnis [&hellip;]","og_url":"https:\/\/www.belrobotics.com\/de-be\/gps-rtk\/","og_site_name":"Belrobotics","article_publisher":"https:\/\/www.facebook.com\/belrobotics","article_modified_time":"2023-05-16T10:14:12+00:00","og_image":[{"width":1291,"height":794,"url":"https:\/\/www.belrobotics.com\/wp-content\/uploads\/2021\/07\/gps-rtk_2.jpg","type":"image\/jpeg"}],"twitter_card":"summary_large_image","twitter_misc":{"Est. reading time":"1 minute"},"schema":{"@context":"https:\/\/schema.org","@graph":[{"@type":"WebPage","@id":"https:\/\/www.belrobotics.com\/de-be\/gps-rtk\/","url":"https:\/\/www.belrobotics.com\/de-be\/gps-rtk\/","name":"RTK: Systematisches M\u00e4hen in Bahnen - Belrobotics","isPartOf":{"@id":"https:\/\/www.belrobotics.com\/de-be\/#website"},"primaryImageOfPage":{"@id":"https:\/\/www.belrobotics.com\/de-be\/gps-rtk\/#primaryimage"},"image":{"@id":"https:\/\/www.belrobotics.com\/de-be\/gps-rtk\/#primaryimage"},"thumbnailUrl":"https:\/\/www.belrobotics.com\/wp-content\/uploads\/2021\/07\/gps-rtk_2.jpg","datePublished":"2021-07-16T09:28:45+00:00","dateModified":"2023-05-16T10:14:12+00:00","breadcrumb":{"@id":"https:\/\/www.belrobotics.com\/de-be\/gps-rtk\/#breadcrumb"},"inLanguage":"de-BE","potentialAction":[{"@type":"ReadAction","target":["https:\/\/www.belrobotics.com\/de-be\/gps-rtk\/"]}]},{"@type":"ImageObject","inLanguage":"de-BE","@id":"https:\/\/www.belrobotics.com\/de-be\/gps-rtk\/#primaryimage","url":"https:\/\/www.belrobotics.com\/wp-content\/uploads\/2021\/07\/gps-rtk_2.jpg","contentUrl":"https:\/\/www.belrobotics.com\/wp-content\/uploads\/2021\/07\/gps-rtk_2.jpg","width":1291,"height":794},{"@type":"BreadcrumbList","@id":"https:\/\/www.belrobotics.com\/de-be\/gps-rtk\/#breadcrumb","itemListElement":[{"@type":"ListItem","position":1,"name":"Home","item":"https:\/\/www.belrobotics.com\/de-be\/"},{"@type":"ListItem","position":2,"name":"RTK: Systematisches M\u00e4hen in Bahnen"}]},{"@type":"WebSite","@id":"https:\/\/www.belrobotics.com\/de-be\/#website","url":"https:\/\/www.belrobotics.com\/de-be\/","name":"Belrobotics","description":"The grass masters","publisher":{"@id":"https:\/\/www.belrobotics.com\/de-be\/#organization"},"potentialAction":[{"@type":"SearchAction","target":{"@type":"EntryPoint","urlTemplate":"https:\/\/www.belrobotics.com\/de-be\/?s={search_term_string}"},"query-input":{"@type":"PropertyValueSpecification","valueRequired":true,"valueName":"search_term_string"}}],"inLanguage":"de-BE"},{"@type":"Organization","@id":"https:\/\/www.belrobotics.com\/de-be\/#organization","name":"Belrobotics","url":"https:\/\/www.belrobotics.com\/de-be\/","logo":{"@type":"ImageObject","inLanguage":"de-BE","@id":"https:\/\/www.belrobotics.com\/de-be\/#\/schema\/logo\/image\/","url":"https:\/\/www.belrobotics.com\/wp-content\/uploads\/2019\/01\/logo-belrobotics.svg","contentUrl":"https:\/\/www.belrobotics.com\/wp-content\/uploads\/2019\/01\/logo-belrobotics.svg","width":100,"height":16,"caption":"Belrobotics"},"image":{"@id":"https:\/\/www.belrobotics.com\/de-be\/#\/schema\/logo\/image\/"},"sameAs":["https:\/\/www.facebook.com\/belrobotics","https:\/\/www.youtube.com\/channel\/UCYgWBPRzEdXmUqLRL0JbUIw","https:\/\/www.instagram.com\/belrobotics_europe\/"]}]}},"_links":{"self":[{"href":"https:\/\/www.belrobotics.com\/de-be\/wp-json\/wp\/v2\/pages\/18893","targetHints":{"allow":["GET"]}}],"collection":[{"href":"https:\/\/www.belrobotics.com\/de-be\/wp-json\/wp\/v2\/pages"}],"about":[{"href":"https:\/\/www.belrobotics.com\/de-be\/wp-json\/wp\/v2\/types\/page"}],"author":[{"embeddable":true,"href":"https:\/\/www.belrobotics.com\/de-be\/wp-json\/wp\/v2\/users\/9"}],"replies":[{"embeddable":true,"href":"https:\/\/www.belrobotics.com\/de-be\/wp-json\/wp\/v2\/comments?post=18893"}],"version-history":[{"count":1,"href":"https:\/\/www.belrobotics.com\/de-be\/wp-json\/wp\/v2\/pages\/18893\/revisions"}],"predecessor-version":[{"id":23327,"href":"https:\/\/www.belrobotics.com\/de-be\/wp-json\/wp\/v2\/pages\/18893\/revisions\/23327"}],"wp:featuredmedia":[{"embeddable":true,"href":"https:\/\/www.belrobotics.com\/de-be\/wp-json\/wp\/v2\/media\/13338"}],"wp:attachment":[{"href":"https:\/\/www.belrobotics.com\/de-be\/wp-json\/wp\/v2\/media?parent=18893"}],"curies":[{"name":"wp","href":"https:\/\/api.w.org\/{rel}","templated":true}]}}