{"id":6671,"date":"2019-04-12T13:40:52","date_gmt":"2019-04-12T12:40:52","guid":{"rendered":"https:\/\/belrobotics.andromede.digital\/parks-und-garten\/"},"modified":"2023-07-06T08:42:39","modified_gmt":"2023-07-06T07:42:39","slug":"mah-roboter-fur-grossflachige-garten","status":"publish","type":"page","link":"https:\/\/www.belrobotics.com\/de-at\/mah-roboter-fur-grossflachige-garten\/","title":{"rendered":"Parks und G\u00e4rten"},"content":{"rendered":"<h2 class=\"h3\">Bester Rasenm\u00e4her f\u00fcr gro\u00dffl\u00e4chige G\u00e4rten<\/h2>\n<p>Der Parcmow kann eine Rasenfl\u00e4che von bis zu 12.000\u00a0m\u00b2 pflegen. Der automatische Rasenm\u00e4her ist somit bestens f\u00fcr die Pflege von Gr\u00fcnfl\u00e4chen bis 12.000\u00a0m\u00b2 von \u00f6ffentlichen Einrichtungen sowie Unternehmen geeignet. Der Parcmow pflegt Ihre Fl\u00e4chen v\u00f6llig autonom. Sie werden wie nie zuvor Zeit und Geld sparen.<\/p>\n","protected":false},"excerpt":{"rendered":"<p>Bester Rasenm\u00e4her f\u00fcr gro\u00dffl\u00e4chige G\u00e4rten Der Parcmow kann eine Rasenfl\u00e4che von bis zu 12.000\u00a0m\u00b2 pflegen. Der automatische Rasenm\u00e4her ist somit bestens f\u00fcr die Pflege von Gr\u00fcnfl\u00e4chen bis 12.000\u00a0m\u00b2 von \u00f6ffentlichen Einrichtungen sowie Unternehmen geeignet. Der Parcmow pflegt Ihre Fl\u00e4chen v\u00f6llig autonom. Sie werden wie nie zuvor Zeit und Geld sparen.<\/p>\n","protected":false},"author":9,"featured_media":3915,"parent":0,"menu_order":0,"comment_status":"closed","ping_status":"closed","template":"utilisation.php","meta":{"_acf_changed":false,"footnotes":""},"class_list":["post-6671","page","type-page","status-publish","has-post-thumbnail","hentry"],"acf":[],"yoast_head":"<!-- This site is optimized with the Yoast SEO plugin v26.9 - https:\/\/yoast.com\/product\/yoast-seo-wordpress\/ -->\n<title>M\u00e4hroboter f\u00fcr gro\u00dffl\u00e4chige G\u00e4rten - Belrobotics<\/title>\n<meta name=\"description\" content=\"Parcmow sorgt f\u00fcr die Instandhaltung von bis zu 12.000 m\u00b2 Fl\u00e4che. Deshalb ist dieser automatische Rasenm\u00e4her f\u00fcr gro\u00dffl\u00e4chige G\u00e4rten und Parks bestens geeignet.\" \/>\n<meta name=\"robots\" content=\"index, follow, max-snippet:-1, max-image-preview:large, max-video-preview:-1\" \/>\n<link rel=\"canonical\" href=\"https:\/\/www.belrobotics.com\/de-at\/mah-roboter-fur-grossflachige-garten\/\" \/>\n<meta property=\"og:locale\" content=\"de_DE\" \/>\n<meta property=\"og:type\" content=\"article\" \/>\n<meta property=\"og:title\" content=\"M\u00e4hroboter f\u00fcr gro\u00dffl\u00e4chige G\u00e4rten - Belrobotics\" \/>\n<meta property=\"og:description\" content=\"Parcmow sorgt f\u00fcr die Instandhaltung von bis zu 12.000 m\u00b2 Fl\u00e4che. Deshalb ist dieser automatische Rasenm\u00e4her f\u00fcr gro\u00dffl\u00e4chige G\u00e4rten und Parks bestens geeignet.\" \/>\n<meta property=\"og:url\" content=\"https:\/\/www.belrobotics.com\/de-at\/mah-roboter-fur-grossflachige-garten\/\" \/>\n<meta property=\"og:site_name\" content=\"Belrobotics\" \/>\n<meta property=\"article:publisher\" content=\"https:\/\/www.facebook.com\/belrobotics\" \/>\n<meta property=\"article:modified_time\" content=\"2023-07-06T07:42:39+00:00\" \/>\n<meta property=\"og:image\" content=\"https:\/\/www.belrobotics.com\/wp-content\/uploads\/2019\/01\/belrobotics-HD_30-1024x683.jpg\" \/>\n\t<meta property=\"og:image:width\" content=\"1024\" \/>\n\t<meta property=\"og:image:height\" content=\"683\" \/>\n\t<meta property=\"og:image:type\" content=\"image\/jpeg\" \/>\n<meta name=\"twitter:card\" content=\"summary_large_image\" \/>\n<meta name=\"twitter:label1\" content=\"Gesch\u00e4tzte Lesezeit\" \/>\n\t<meta name=\"twitter:data1\" content=\"1 Minute\" \/>\n<script type=\"application\/ld+json\" class=\"yoast-schema-graph\">{\"@context\":\"https:\/\/schema.org\",\"@graph\":[{\"@type\":\"WebPage\",\"@id\":\"https:\/\/www.belrobotics.com\/de-at\/mah-roboter-fur-grossflachige-garten\/\",\"url\":\"https:\/\/www.belrobotics.com\/de-at\/mah-roboter-fur-grossflachige-garten\/\",\"name\":\"M\u00e4hroboter f\u00fcr gro\u00dffl\u00e4chige G\u00e4rten - Belrobotics\",\"isPartOf\":{\"@id\":\"https:\/\/www.belrobotics.com\/de-at\/#website\"},\"primaryImageOfPage\":{\"@id\":\"https:\/\/www.belrobotics.com\/de-at\/mah-roboter-fur-grossflachige-garten\/#primaryimage\"},\"image\":{\"@id\":\"https:\/\/www.belrobotics.com\/de-at\/mah-roboter-fur-grossflachige-garten\/#primaryimage\"},\"thumbnailUrl\":\"https:\/\/www.belrobotics.com\/wp-content\/uploads\/2019\/01\/belrobotics-HD_30.jpg\",\"datePublished\":\"2019-04-12T12:40:52+00:00\",\"dateModified\":\"2023-07-06T07:42:39+00:00\",\"description\":\"Parcmow sorgt f\u00fcr die Instandhaltung von bis zu 12.000 m\u00b2 Fl\u00e4che. Deshalb ist dieser automatische Rasenm\u00e4her f\u00fcr gro\u00dffl\u00e4chige G\u00e4rten und Parks bestens geeignet.\",\"breadcrumb\":{\"@id\":\"https:\/\/www.belrobotics.com\/de-at\/mah-roboter-fur-grossflachige-garten\/#breadcrumb\"},\"inLanguage\":\"de-AT\",\"potentialAction\":[{\"@type\":\"ReadAction\",\"target\":[\"https:\/\/www.belrobotics.com\/de-at\/mah-roboter-fur-grossflachige-garten\/\"]}]},{\"@type\":\"ImageObject\",\"inLanguage\":\"de-AT\",\"@id\":\"https:\/\/www.belrobotics.com\/de-at\/mah-roboter-fur-grossflachige-garten\/#primaryimage\",\"url\":\"https:\/\/www.belrobotics.com\/wp-content\/uploads\/2019\/01\/belrobotics-HD_30.jpg\",\"contentUrl\":\"https:\/\/www.belrobotics.com\/wp-content\/uploads\/2019\/01\/belrobotics-HD_30.jpg\",\"width\":4000,\"height\":2668},{\"@type\":\"BreadcrumbList\",\"@id\":\"https:\/\/www.belrobotics.com\/de-at\/mah-roboter-fur-grossflachige-garten\/#breadcrumb\",\"itemListElement\":[{\"@type\":\"ListItem\",\"position\":1,\"name\":\"Home\",\"item\":\"https:\/\/www.belrobotics.com\/de-at\/\"},{\"@type\":\"ListItem\",\"position\":2,\"name\":\"Parks und G\u00e4rten\"}]},{\"@type\":\"WebSite\",\"@id\":\"https:\/\/www.belrobotics.com\/de-at\/#website\",\"url\":\"https:\/\/www.belrobotics.com\/de-at\/\",\"name\":\"Belrobotics\",\"description\":\"The grass masters\",\"publisher\":{\"@id\":\"https:\/\/www.belrobotics.com\/de-at\/#organization\"},\"potentialAction\":[{\"@type\":\"SearchAction\",\"target\":{\"@type\":\"EntryPoint\",\"urlTemplate\":\"https:\/\/www.belrobotics.com\/de-at\/?s={search_term_string}\"},\"query-input\":{\"@type\":\"PropertyValueSpecification\",\"valueRequired\":true,\"valueName\":\"search_term_string\"}}],\"inLanguage\":\"de-AT\"},{\"@type\":\"Organization\",\"@id\":\"https:\/\/www.belrobotics.com\/de-at\/#organization\",\"name\":\"Belrobotics\",\"url\":\"https:\/\/www.belrobotics.com\/de-at\/\",\"logo\":{\"@type\":\"ImageObject\",\"inLanguage\":\"de-AT\",\"@id\":\"https:\/\/www.belrobotics.com\/de-at\/#\/schema\/logo\/image\/\",\"url\":\"https:\/\/www.belrobotics.com\/wp-content\/uploads\/2019\/01\/logo-belrobotics.svg\",\"contentUrl\":\"https:\/\/www.belrobotics.com\/wp-content\/uploads\/2019\/01\/logo-belrobotics.svg\",\"width\":100,\"height\":16,\"caption\":\"Belrobotics\"},\"image\":{\"@id\":\"https:\/\/www.belrobotics.com\/de-at\/#\/schema\/logo\/image\/\"},\"sameAs\":[\"https:\/\/www.facebook.com\/belrobotics\",\"https:\/\/www.youtube.com\/channel\/UCYgWBPRzEdXmUqLRL0JbUIw\",\"https:\/\/www.instagram.com\/belrobotics_europe\/\"]}]}<\/script>\n<!-- \/ Yoast SEO plugin. -->","yoast_head_json":{"title":"M\u00e4hroboter f\u00fcr gro\u00dffl\u00e4chige G\u00e4rten - Belrobotics","description":"Parcmow sorgt f\u00fcr die Instandhaltung von bis zu 12.000 m\u00b2 Fl\u00e4che. Deshalb ist dieser automatische Rasenm\u00e4her f\u00fcr gro\u00dffl\u00e4chige G\u00e4rten und Parks bestens geeignet.","robots":{"index":"index","follow":"follow","max-snippet":"max-snippet:-1","max-image-preview":"max-image-preview:large","max-video-preview":"max-video-preview:-1"},"canonical":"https:\/\/www.belrobotics.com\/de-at\/mah-roboter-fur-grossflachige-garten\/","og_locale":"de_DE","og_type":"article","og_title":"M\u00e4hroboter f\u00fcr gro\u00dffl\u00e4chige G\u00e4rten - Belrobotics","og_description":"Parcmow sorgt f\u00fcr die Instandhaltung von bis zu 12.000 m\u00b2 Fl\u00e4che. Deshalb ist dieser automatische Rasenm\u00e4her f\u00fcr gro\u00dffl\u00e4chige G\u00e4rten und Parks bestens geeignet.","og_url":"https:\/\/www.belrobotics.com\/de-at\/mah-roboter-fur-grossflachige-garten\/","og_site_name":"Belrobotics","article_publisher":"https:\/\/www.facebook.com\/belrobotics","article_modified_time":"2023-07-06T07:42:39+00:00","og_image":[{"width":1024,"height":683,"url":"https:\/\/www.belrobotics.com\/wp-content\/uploads\/2019\/01\/belrobotics-HD_30-1024x683.jpg","type":"image\/jpeg"}],"twitter_card":"summary_large_image","twitter_misc":{"Gesch\u00e4tzte Lesezeit":"1 Minute"},"schema":{"@context":"https:\/\/schema.org","@graph":[{"@type":"WebPage","@id":"https:\/\/www.belrobotics.com\/de-at\/mah-roboter-fur-grossflachige-garten\/","url":"https:\/\/www.belrobotics.com\/de-at\/mah-roboter-fur-grossflachige-garten\/","name":"M\u00e4hroboter f\u00fcr gro\u00dffl\u00e4chige G\u00e4rten - Belrobotics","isPartOf":{"@id":"https:\/\/www.belrobotics.com\/de-at\/#website"},"primaryImageOfPage":{"@id":"https:\/\/www.belrobotics.com\/de-at\/mah-roboter-fur-grossflachige-garten\/#primaryimage"},"image":{"@id":"https:\/\/www.belrobotics.com\/de-at\/mah-roboter-fur-grossflachige-garten\/#primaryimage"},"thumbnailUrl":"https:\/\/www.belrobotics.com\/wp-content\/uploads\/2019\/01\/belrobotics-HD_30.jpg","datePublished":"2019-04-12T12:40:52+00:00","dateModified":"2023-07-06T07:42:39+00:00","description":"Parcmow sorgt f\u00fcr die Instandhaltung von bis zu 12.000 m\u00b2 Fl\u00e4che. Deshalb ist dieser automatische Rasenm\u00e4her f\u00fcr gro\u00dffl\u00e4chige G\u00e4rten und Parks bestens geeignet.","breadcrumb":{"@id":"https:\/\/www.belrobotics.com\/de-at\/mah-roboter-fur-grossflachige-garten\/#breadcrumb"},"inLanguage":"de-AT","potentialAction":[{"@type":"ReadAction","target":["https:\/\/www.belrobotics.com\/de-at\/mah-roboter-fur-grossflachige-garten\/"]}]},{"@type":"ImageObject","inLanguage":"de-AT","@id":"https:\/\/www.belrobotics.com\/de-at\/mah-roboter-fur-grossflachige-garten\/#primaryimage","url":"https:\/\/www.belrobotics.com\/wp-content\/uploads\/2019\/01\/belrobotics-HD_30.jpg","contentUrl":"https:\/\/www.belrobotics.com\/wp-content\/uploads\/2019\/01\/belrobotics-HD_30.jpg","width":4000,"height":2668},{"@type":"BreadcrumbList","@id":"https:\/\/www.belrobotics.com\/de-at\/mah-roboter-fur-grossflachige-garten\/#breadcrumb","itemListElement":[{"@type":"ListItem","position":1,"name":"Home","item":"https:\/\/www.belrobotics.com\/de-at\/"},{"@type":"ListItem","position":2,"name":"Parks und G\u00e4rten"}]},{"@type":"WebSite","@id":"https:\/\/www.belrobotics.com\/de-at\/#website","url":"https:\/\/www.belrobotics.com\/de-at\/","name":"Belrobotics","description":"The grass masters","publisher":{"@id":"https:\/\/www.belrobotics.com\/de-at\/#organization"},"potentialAction":[{"@type":"SearchAction","target":{"@type":"EntryPoint","urlTemplate":"https:\/\/www.belrobotics.com\/de-at\/?s={search_term_string}"},"query-input":{"@type":"PropertyValueSpecification","valueRequired":true,"valueName":"search_term_string"}}],"inLanguage":"de-AT"},{"@type":"Organization","@id":"https:\/\/www.belrobotics.com\/de-at\/#organization","name":"Belrobotics","url":"https:\/\/www.belrobotics.com\/de-at\/","logo":{"@type":"ImageObject","inLanguage":"de-AT","@id":"https:\/\/www.belrobotics.com\/de-at\/#\/schema\/logo\/image\/","url":"https:\/\/www.belrobotics.com\/wp-content\/uploads\/2019\/01\/logo-belrobotics.svg","contentUrl":"https:\/\/www.belrobotics.com\/wp-content\/uploads\/2019\/01\/logo-belrobotics.svg","width":100,"height":16,"caption":"Belrobotics"},"image":{"@id":"https:\/\/www.belrobotics.com\/de-at\/#\/schema\/logo\/image\/"},"sameAs":["https:\/\/www.facebook.com\/belrobotics","https:\/\/www.youtube.com\/channel\/UCYgWBPRzEdXmUqLRL0JbUIw","https:\/\/www.instagram.com\/belrobotics_europe\/"]}]}},"_links":{"self":[{"href":"https:\/\/www.belrobotics.com\/de-at\/wp-json\/wp\/v2\/pages\/6671","targetHints":{"allow":["GET"]}}],"collection":[{"href":"https:\/\/www.belrobotics.com\/de-at\/wp-json\/wp\/v2\/pages"}],"about":[{"href":"https:\/\/www.belrobotics.com\/de-at\/wp-json\/wp\/v2\/types\/page"}],"author":[{"embeddable":true,"href":"https:\/\/www.belrobotics.com\/de-at\/wp-json\/wp\/v2\/users\/9"}],"replies":[{"embeddable":true,"href":"https:\/\/www.belrobotics.com\/de-at\/wp-json\/wp\/v2\/comments?post=6671"}],"version-history":[{"count":1,"href":"https:\/\/www.belrobotics.com\/de-at\/wp-json\/wp\/v2\/pages\/6671\/revisions"}],"predecessor-version":[{"id":25224,"href":"https:\/\/www.belrobotics.com\/de-at\/wp-json\/wp\/v2\/pages\/6671\/revisions\/25224"}],"wp:featuredmedia":[{"embeddable":true,"href":"https:\/\/www.belrobotics.com\/de-at\/wp-json\/wp\/v2\/media\/3915"}],"wp:attachment":[{"href":"https:\/\/www.belrobotics.com\/de-at\/wp-json\/wp\/v2\/media?parent=6671"}],"curies":[{"name":"wp","href":"https:\/\/api.w.org\/{rel}","templated":true}]}}