{"id":24052,"date":"2023-05-26T11:03:58","date_gmt":"2023-05-26T10:03:58","guid":{"rendered":"https:\/\/belrobotics.andromede.digital\/?page_id=24052"},"modified":"2023-06-26T11:33:04","modified_gmt":"2023-06-26T10:33:04","slug":"wisenav-kabellose-gps-rtk-mahroboter","status":"publish","type":"page","link":"https:\/\/www.belrobotics.com\/de-at\/wisenav-kabellose-gps-rtk-mahroboter\/","title":{"rendered":"WiseNav: kabellose GPS-RTK-M\u00e4hroboter"},"content":{"rendered":"<h3 class=\"p1\">M\u00e4hen in Mustern im vollst\u00e4ndigen GPS-Modus<\/h3>\n<p class=\"p3\">Die integrierte GPS-RTK-Technologie erm\u00f6glicht bereits das M\u00e4hen in Mustern. Mit dem WiseNav-Upgrade gewinnt Ihr Roboter nochmals an Pr\u00e4zision \u2013 ganz ohne Begrenzungsdraht. Dreifach h\u00f6here M\u00e4hkapazit\u00e4t und eine drastische Reduzierung Ihrer Arbeitslast. Auch f\u00fcr die Roboter zum Einsammeln von Golfb\u00e4llen verf\u00fcgbar.<\/p>\n<h3 class=\"p1\">Das ersehnte Upgrade<\/h3>\n<p><span style=\"font-weight: 400;\">Als Rasenprofi, ob Greenkeeper oder Verantwortlicher f\u00fcr Fu\u00dfballfelder, Sporteinrichtungen oder Gr\u00fcnfl\u00e4chen, obliegen Ihnen die Optimierung des Managements und die Pflege der Fl\u00e4chen. Informieren Sie sich hier \u00fcber das neuste kostenlose Upgrade f\u00fcr Ihre GPS-RTK-Roboter von Belrobotics: zentimetergenaues M\u00e4hen in Mustern ohne Begrenzungsdraht.<\/span><\/p>\n","protected":false},"excerpt":{"rendered":"<p>M\u00e4hen in Mustern im vollst\u00e4ndigen GPS-Modus Die integrierte GPS-RTK-Technologie erm\u00f6glicht bereits das M\u00e4hen in Mustern. Mit dem WiseNav-Upgrade gewinnt Ihr Roboter nochmals an Pr\u00e4zision \u2013 ganz ohne Begrenzungsdraht. Dreifach h\u00f6here M\u00e4hkapazit\u00e4t und eine drastische Reduzierung Ihrer Arbeitslast. Auch f\u00fcr die Roboter zum Einsammeln von Golfb\u00e4llen verf\u00fcgbar. Das ersehnte Upgrade Als Rasenprofi, ob Greenkeeper oder Verantwortlicher [&hellip;]<\/p>\n","protected":false},"author":9,"featured_media":23960,"parent":0,"menu_order":0,"comment_status":"closed","ping_status":"closed","template":"wisenav.php","meta":{"_acf_changed":false,"footnotes":""},"class_list":["post-24052","page","type-page","status-publish","has-post-thumbnail","hentry"],"acf":[],"yoast_head":"<!-- This site is optimized with the Yoast SEO plugin v26.9 - https:\/\/yoast.com\/product\/yoast-seo-wordpress\/ -->\n<title>WiseNav: kabellose Technologie - Belrobotics<\/title>\n<meta name=\"description\" content=\"Die kabellose Technologie WiseNav in den GPS-RTK-Robotern von Belrobotics revolutioniert das M\u00e4hen in Mustern\" \/>\n<meta name=\"robots\" content=\"index, follow, max-snippet:-1, max-image-preview:large, max-video-preview:-1\" \/>\n<link rel=\"canonical\" href=\"https:\/\/www.belrobotics.com\/de-at\/wisenav-kabellose-gps-rtk-mahroboter\/\" \/>\n<meta property=\"og:locale\" content=\"de_DE\" \/>\n<meta property=\"og:type\" content=\"article\" \/>\n<meta property=\"og:title\" content=\"WiseNav: kabellose Technologie - Belrobotics\" \/>\n<meta property=\"og:description\" content=\"Die kabellose Technologie WiseNav in den GPS-RTK-Robotern von Belrobotics revolutioniert das M\u00e4hen in Mustern\" \/>\n<meta property=\"og:url\" content=\"https:\/\/www.belrobotics.com\/de-at\/wisenav-kabellose-gps-rtk-mahroboter\/\" \/>\n<meta property=\"og:site_name\" content=\"Belrobotics\" \/>\n<meta property=\"article:publisher\" content=\"https:\/\/www.facebook.com\/belrobotics\" \/>\n<meta property=\"article:modified_time\" content=\"2023-06-26T10:33:04+00:00\" \/>\n<meta property=\"og:image\" content=\"https:\/\/www.belrobotics.com\/wp-content\/uploads\/2023\/05\/wisenav_header_bg_only.webp\" \/>\n\t<meta property=\"og:image:width\" content=\"1000\" \/>\n\t<meta property=\"og:image:height\" content=\"683\" \/>\n\t<meta property=\"og:image:type\" content=\"image\/webp\" \/>\n<meta name=\"twitter:card\" content=\"summary_large_image\" \/>\n<meta name=\"twitter:label1\" content=\"Gesch\u00e4tzte Lesezeit\" \/>\n\t<meta name=\"twitter:data1\" content=\"1 Minute\" \/>\n<script type=\"application\/ld+json\" class=\"yoast-schema-graph\">{\"@context\":\"https:\/\/schema.org\",\"@graph\":[{\"@type\":\"WebPage\",\"@id\":\"https:\/\/www.belrobotics.com\/de-at\/wisenav-kabellose-gps-rtk-mahroboter\/\",\"url\":\"https:\/\/www.belrobotics.com\/de-at\/wisenav-kabellose-gps-rtk-mahroboter\/\",\"name\":\"WiseNav: kabellose Technologie - Belrobotics\",\"isPartOf\":{\"@id\":\"https:\/\/www.belrobotics.com\/de-at\/#website\"},\"primaryImageOfPage\":{\"@id\":\"https:\/\/www.belrobotics.com\/de-at\/wisenav-kabellose-gps-rtk-mahroboter\/#primaryimage\"},\"image\":{\"@id\":\"https:\/\/www.belrobotics.com\/de-at\/wisenav-kabellose-gps-rtk-mahroboter\/#primaryimage\"},\"thumbnailUrl\":\"https:\/\/www.belrobotics.com\/wp-content\/uploads\/2023\/05\/wisenav_header_bg_only.webp\",\"datePublished\":\"2023-05-26T10:03:58+00:00\",\"dateModified\":\"2023-06-26T10:33:04+00:00\",\"description\":\"Die kabellose Technologie WiseNav in den GPS-RTK-Robotern von Belrobotics revolutioniert das M\u00e4hen in Mustern\",\"breadcrumb\":{\"@id\":\"https:\/\/www.belrobotics.com\/de-at\/wisenav-kabellose-gps-rtk-mahroboter\/#breadcrumb\"},\"inLanguage\":\"de-AT\",\"potentialAction\":[{\"@type\":\"ReadAction\",\"target\":[\"https:\/\/www.belrobotics.com\/de-at\/wisenav-kabellose-gps-rtk-mahroboter\/\"]}]},{\"@type\":\"ImageObject\",\"inLanguage\":\"de-AT\",\"@id\":\"https:\/\/www.belrobotics.com\/de-at\/wisenav-kabellose-gps-rtk-mahroboter\/#primaryimage\",\"url\":\"https:\/\/www.belrobotics.com\/wp-content\/uploads\/2023\/05\/wisenav_header_bg_only.webp\",\"contentUrl\":\"https:\/\/www.belrobotics.com\/wp-content\/uploads\/2023\/05\/wisenav_header_bg_only.webp\",\"width\":1000,\"height\":683},{\"@type\":\"BreadcrumbList\",\"@id\":\"https:\/\/www.belrobotics.com\/de-at\/wisenav-kabellose-gps-rtk-mahroboter\/#breadcrumb\",\"itemListElement\":[{\"@type\":\"ListItem\",\"position\":1,\"name\":\"Home\",\"item\":\"https:\/\/www.belrobotics.com\/de-at\/\"},{\"@type\":\"ListItem\",\"position\":2,\"name\":\"WiseNav: kabellose GPS-RTK-M\u00e4hroboter\"}]},{\"@type\":\"WebSite\",\"@id\":\"https:\/\/www.belrobotics.com\/de-at\/#website\",\"url\":\"https:\/\/www.belrobotics.com\/de-at\/\",\"name\":\"Belrobotics\",\"description\":\"The grass masters\",\"publisher\":{\"@id\":\"https:\/\/www.belrobotics.com\/de-at\/#organization\"},\"potentialAction\":[{\"@type\":\"SearchAction\",\"target\":{\"@type\":\"EntryPoint\",\"urlTemplate\":\"https:\/\/www.belrobotics.com\/de-at\/?s={search_term_string}\"},\"query-input\":{\"@type\":\"PropertyValueSpecification\",\"valueRequired\":true,\"valueName\":\"search_term_string\"}}],\"inLanguage\":\"de-AT\"},{\"@type\":\"Organization\",\"@id\":\"https:\/\/www.belrobotics.com\/de-at\/#organization\",\"name\":\"Belrobotics\",\"url\":\"https:\/\/www.belrobotics.com\/de-at\/\",\"logo\":{\"@type\":\"ImageObject\",\"inLanguage\":\"de-AT\",\"@id\":\"https:\/\/www.belrobotics.com\/de-at\/#\/schema\/logo\/image\/\",\"url\":\"https:\/\/www.belrobotics.com\/wp-content\/uploads\/2019\/01\/logo-belrobotics.svg\",\"contentUrl\":\"https:\/\/www.belrobotics.com\/wp-content\/uploads\/2019\/01\/logo-belrobotics.svg\",\"width\":100,\"height\":16,\"caption\":\"Belrobotics\"},\"image\":{\"@id\":\"https:\/\/www.belrobotics.com\/de-at\/#\/schema\/logo\/image\/\"},\"sameAs\":[\"https:\/\/www.facebook.com\/belrobotics\",\"https:\/\/www.youtube.com\/channel\/UCYgWBPRzEdXmUqLRL0JbUIw\",\"https:\/\/www.instagram.com\/belrobotics_europe\/\"]}]}<\/script>\n<!-- \/ Yoast SEO plugin. -->","yoast_head_json":{"title":"WiseNav: kabellose Technologie - Belrobotics","description":"Die kabellose Technologie WiseNav in den GPS-RTK-Robotern von Belrobotics revolutioniert das M\u00e4hen in Mustern","robots":{"index":"index","follow":"follow","max-snippet":"max-snippet:-1","max-image-preview":"max-image-preview:large","max-video-preview":"max-video-preview:-1"},"canonical":"https:\/\/www.belrobotics.com\/de-at\/wisenav-kabellose-gps-rtk-mahroboter\/","og_locale":"de_DE","og_type":"article","og_title":"WiseNav: kabellose Technologie - Belrobotics","og_description":"Die kabellose Technologie WiseNav in den GPS-RTK-Robotern von Belrobotics revolutioniert das M\u00e4hen in Mustern","og_url":"https:\/\/www.belrobotics.com\/de-at\/wisenav-kabellose-gps-rtk-mahroboter\/","og_site_name":"Belrobotics","article_publisher":"https:\/\/www.facebook.com\/belrobotics","article_modified_time":"2023-06-26T10:33:04+00:00","og_image":[{"width":1000,"height":683,"url":"https:\/\/www.belrobotics.com\/wp-content\/uploads\/2023\/05\/wisenav_header_bg_only.webp","type":"image\/webp"}],"twitter_card":"summary_large_image","twitter_misc":{"Gesch\u00e4tzte Lesezeit":"1 Minute"},"schema":{"@context":"https:\/\/schema.org","@graph":[{"@type":"WebPage","@id":"https:\/\/www.belrobotics.com\/de-at\/wisenav-kabellose-gps-rtk-mahroboter\/","url":"https:\/\/www.belrobotics.com\/de-at\/wisenav-kabellose-gps-rtk-mahroboter\/","name":"WiseNav: kabellose Technologie - Belrobotics","isPartOf":{"@id":"https:\/\/www.belrobotics.com\/de-at\/#website"},"primaryImageOfPage":{"@id":"https:\/\/www.belrobotics.com\/de-at\/wisenav-kabellose-gps-rtk-mahroboter\/#primaryimage"},"image":{"@id":"https:\/\/www.belrobotics.com\/de-at\/wisenav-kabellose-gps-rtk-mahroboter\/#primaryimage"},"thumbnailUrl":"https:\/\/www.belrobotics.com\/wp-content\/uploads\/2023\/05\/wisenav_header_bg_only.webp","datePublished":"2023-05-26T10:03:58+00:00","dateModified":"2023-06-26T10:33:04+00:00","description":"Die kabellose Technologie WiseNav in den GPS-RTK-Robotern von Belrobotics revolutioniert das M\u00e4hen in Mustern","breadcrumb":{"@id":"https:\/\/www.belrobotics.com\/de-at\/wisenav-kabellose-gps-rtk-mahroboter\/#breadcrumb"},"inLanguage":"de-AT","potentialAction":[{"@type":"ReadAction","target":["https:\/\/www.belrobotics.com\/de-at\/wisenav-kabellose-gps-rtk-mahroboter\/"]}]},{"@type":"ImageObject","inLanguage":"de-AT","@id":"https:\/\/www.belrobotics.com\/de-at\/wisenav-kabellose-gps-rtk-mahroboter\/#primaryimage","url":"https:\/\/www.belrobotics.com\/wp-content\/uploads\/2023\/05\/wisenav_header_bg_only.webp","contentUrl":"https:\/\/www.belrobotics.com\/wp-content\/uploads\/2023\/05\/wisenav_header_bg_only.webp","width":1000,"height":683},{"@type":"BreadcrumbList","@id":"https:\/\/www.belrobotics.com\/de-at\/wisenav-kabellose-gps-rtk-mahroboter\/#breadcrumb","itemListElement":[{"@type":"ListItem","position":1,"name":"Home","item":"https:\/\/www.belrobotics.com\/de-at\/"},{"@type":"ListItem","position":2,"name":"WiseNav: kabellose GPS-RTK-M\u00e4hroboter"}]},{"@type":"WebSite","@id":"https:\/\/www.belrobotics.com\/de-at\/#website","url":"https:\/\/www.belrobotics.com\/de-at\/","name":"Belrobotics","description":"The grass masters","publisher":{"@id":"https:\/\/www.belrobotics.com\/de-at\/#organization"},"potentialAction":[{"@type":"SearchAction","target":{"@type":"EntryPoint","urlTemplate":"https:\/\/www.belrobotics.com\/de-at\/?s={search_term_string}"},"query-input":{"@type":"PropertyValueSpecification","valueRequired":true,"valueName":"search_term_string"}}],"inLanguage":"de-AT"},{"@type":"Organization","@id":"https:\/\/www.belrobotics.com\/de-at\/#organization","name":"Belrobotics","url":"https:\/\/www.belrobotics.com\/de-at\/","logo":{"@type":"ImageObject","inLanguage":"de-AT","@id":"https:\/\/www.belrobotics.com\/de-at\/#\/schema\/logo\/image\/","url":"https:\/\/www.belrobotics.com\/wp-content\/uploads\/2019\/01\/logo-belrobotics.svg","contentUrl":"https:\/\/www.belrobotics.com\/wp-content\/uploads\/2019\/01\/logo-belrobotics.svg","width":100,"height":16,"caption":"Belrobotics"},"image":{"@id":"https:\/\/www.belrobotics.com\/de-at\/#\/schema\/logo\/image\/"},"sameAs":["https:\/\/www.facebook.com\/belrobotics","https:\/\/www.youtube.com\/channel\/UCYgWBPRzEdXmUqLRL0JbUIw","https:\/\/www.instagram.com\/belrobotics_europe\/"]}]}},"_links":{"self":[{"href":"https:\/\/www.belrobotics.com\/de-at\/wp-json\/wp\/v2\/pages\/24052","targetHints":{"allow":["GET"]}}],"collection":[{"href":"https:\/\/www.belrobotics.com\/de-at\/wp-json\/wp\/v2\/pages"}],"about":[{"href":"https:\/\/www.belrobotics.com\/de-at\/wp-json\/wp\/v2\/types\/page"}],"author":[{"embeddable":true,"href":"https:\/\/www.belrobotics.com\/de-at\/wp-json\/wp\/v2\/users\/9"}],"replies":[{"embeddable":true,"href":"https:\/\/www.belrobotics.com\/de-at\/wp-json\/wp\/v2\/comments?post=24052"}],"version-history":[{"count":3,"href":"https:\/\/www.belrobotics.com\/de-at\/wp-json\/wp\/v2\/pages\/24052\/revisions"}],"predecessor-version":[{"id":24491,"href":"https:\/\/www.belrobotics.com\/de-at\/wp-json\/wp\/v2\/pages\/24052\/revisions\/24491"}],"wp:featuredmedia":[{"embeddable":true,"href":"https:\/\/www.belrobotics.com\/de-at\/wp-json\/wp\/v2\/media\/23960"}],"wp:attachment":[{"href":"https:\/\/www.belrobotics.com\/de-at\/wp-json\/wp\/v2\/media?parent=24052"}],"curies":[{"name":"wp","href":"https:\/\/api.w.org\/{rel}","templated":true}]}}