{"id":6223,"date":"2019-05-28T16:13:30","date_gmt":"2019-05-28T15:13:30","guid":{"rendered":"https:\/\/belrobotics.andromede.digital\/bigmow-parcmow-ballpicker\/"},"modified":"2023-02-28T15:56:19","modified_gmt":"2023-02-28T14:56:19","slug":"connected-line","status":"publish","type":"page","link":"https:\/\/www.belrobotics.com\/da\/connected-line\/","title":{"rendered":"Bigmow, Parcmow &#038; Ballpicker"},"content":{"rendered":"<h3>Connected Line: Ren innovation<\/h3>\n<p class=\"p1\">Robotterne i &#8220;Connected Line&#8221;-serien er nu meget mere robuste end robotterne i de tidligere generationer. De ekstremt p\u00e5lidelige materialer, som vi bruger til deres konstruktion (fra chassis til hjul, via konnektorerne), beskytter dem mod st\u00f8d samt mod st\u00f8v og fugt. Derfor er deres levetid er us\u00e6dvanlig lang!<\/p>\n<p class=\"p1\">Takket v\u00e6re deres h\u00f8jtydende lydisolering garanterer vores robotter en betryggende brugeroplevelse. Ved at bruge dem vil dine gr\u00e6sarealer ikke bare forblive stille og fredelige, de vil ogs\u00e5 blive sl\u00e5et helt ind i de mindste hj\u00f8rner. Alt du skal g\u00f8re er at slappe af og nyde din gr\u00e6spl\u00e6ne mest muligt!<\/p>\n<p class=\"p1\">Denne serie giver ogs\u00e5 mulighed for forenklet vedligeholdelse og fjernopdatering af software.<\/p>\n","protected":false},"excerpt":{"rendered":"<p>Connected Line: Ren innovation Robotterne i &#8220;Connected Line&#8221;-serien er nu meget mere robuste end robotterne i de tidligere generationer. De ekstremt p\u00e5lidelige materialer, som vi bruger til deres konstruktion (fra chassis til hjul, via konnektorerne), beskytter dem mod st\u00f8d samt mod st\u00f8v og fugt. Derfor er deres levetid er us\u00e6dvanlig lang! Takket v\u00e6re deres h\u00f8jtydende [&hellip;]<\/p>\n","protected":false},"author":9,"featured_media":5017,"parent":0,"menu_order":0,"comment_status":"closed","ping_status":"closed","template":"template-archive-tondeuses.php","meta":{"_acf_changed":false,"footnotes":""},"class_list":["post-6223","page","type-page","status-publish","has-post-thumbnail","hentry"],"acf":[],"yoast_head":"<!-- This site is optimized with the Yoast SEO plugin v26.9 - https:\/\/yoast.com\/product\/yoast-seo-wordpress\/ -->\n<title>Bigmow, Parcmow &amp; Ballpicker - Belrobotics<\/title>\n<meta name=\"robots\" content=\"index, follow, max-snippet:-1, max-image-preview:large, max-video-preview:-1\" \/>\n<link rel=\"canonical\" href=\"https:\/\/www.belrobotics.com\/da\/connected-line\/\" \/>\n<meta property=\"og:locale\" content=\"da_DK\" \/>\n<meta property=\"og:type\" content=\"article\" \/>\n<meta property=\"og:title\" content=\"Bigmow, Parcmow &amp; Ballpicker - Belrobotics\" \/>\n<meta property=\"og:description\" content=\"Connected Line: Ren innovation Robotterne i &#8220;Connected Line&#8221;-serien er nu meget mere robuste end robotterne i de tidligere generationer. De ekstremt p\u00e5lidelige materialer, som vi bruger til deres konstruktion (fra chassis til hjul, via konnektorerne), beskytter dem mod st\u00f8d samt mod st\u00f8v og fugt. Derfor er deres levetid er us\u00e6dvanlig lang! Takket v\u00e6re deres h\u00f8jtydende [&hellip;]\" \/>\n<meta property=\"og:url\" content=\"https:\/\/www.belrobotics.com\/da\/connected-line\/\" \/>\n<meta property=\"og:site_name\" content=\"Belrobotics\" \/>\n<meta property=\"article:publisher\" content=\"https:\/\/www.facebook.com\/belrobotics\" \/>\n<meta property=\"article:modified_time\" content=\"2023-02-28T14:56:19+00:00\" \/>\n<meta property=\"og:image\" content=\"https:\/\/www.belrobotics.com\/wp-content\/uploads\/2019\/04\/Golf_43327_2.jpg\" \/>\n\t<meta property=\"og:image:width\" content=\"3000\" \/>\n\t<meta property=\"og:image:height\" content=\"2249\" \/>\n\t<meta property=\"og:image:type\" content=\"image\/jpeg\" \/>\n<meta name=\"twitter:card\" content=\"summary_large_image\" \/>\n<meta name=\"twitter:label1\" content=\"Estimeret l\u00e6setid\" \/>\n\t<meta name=\"twitter:data1\" content=\"1 minut\" \/>\n<script type=\"application\/ld+json\" class=\"yoast-schema-graph\">{\"@context\":\"https:\/\/schema.org\",\"@graph\":[{\"@type\":\"WebPage\",\"@id\":\"https:\/\/www.belrobotics.com\/da\/connected-line\/\",\"url\":\"https:\/\/www.belrobotics.com\/da\/connected-line\/\",\"name\":\"Bigmow, Parcmow & Ballpicker - Belrobotics\",\"isPartOf\":{\"@id\":\"https:\/\/www.belrobotics.com\/da\/#website\"},\"primaryImageOfPage\":{\"@id\":\"https:\/\/www.belrobotics.com\/da\/connected-line\/#primaryimage\"},\"image\":{\"@id\":\"https:\/\/www.belrobotics.com\/da\/connected-line\/#primaryimage\"},\"thumbnailUrl\":\"https:\/\/www.belrobotics.com\/wp-content\/uploads\/2019\/04\/Golf_43327_2.jpg\",\"datePublished\":\"2019-05-28T15:13:30+00:00\",\"dateModified\":\"2023-02-28T14:56:19+00:00\",\"breadcrumb\":{\"@id\":\"https:\/\/www.belrobotics.com\/da\/connected-line\/#breadcrumb\"},\"inLanguage\":\"da-DK\",\"potentialAction\":[{\"@type\":\"ReadAction\",\"target\":[\"https:\/\/www.belrobotics.com\/da\/connected-line\/\"]}]},{\"@type\":\"ImageObject\",\"inLanguage\":\"da-DK\",\"@id\":\"https:\/\/www.belrobotics.com\/da\/connected-line\/#primaryimage\",\"url\":\"https:\/\/www.belrobotics.com\/wp-content\/uploads\/2019\/04\/Golf_43327_2.jpg\",\"contentUrl\":\"https:\/\/www.belrobotics.com\/wp-content\/uploads\/2019\/04\/Golf_43327_2.jpg\",\"width\":3000,\"height\":2249},{\"@type\":\"BreadcrumbList\",\"@id\":\"https:\/\/www.belrobotics.com\/da\/connected-line\/#breadcrumb\",\"itemListElement\":[{\"@type\":\"ListItem\",\"position\":1,\"name\":\"Home\",\"item\":\"https:\/\/www.belrobotics.com\/da\/\"},{\"@type\":\"ListItem\",\"position\":2,\"name\":\"Bigmow, Parcmow &#038; Ballpicker\"}]},{\"@type\":\"WebSite\",\"@id\":\"https:\/\/www.belrobotics.com\/da\/#website\",\"url\":\"https:\/\/www.belrobotics.com\/da\/\",\"name\":\"Belrobotics\",\"description\":\"The grass masters\",\"publisher\":{\"@id\":\"https:\/\/www.belrobotics.com\/da\/#organization\"},\"potentialAction\":[{\"@type\":\"SearchAction\",\"target\":{\"@type\":\"EntryPoint\",\"urlTemplate\":\"https:\/\/www.belrobotics.com\/da\/?s={search_term_string}\"},\"query-input\":{\"@type\":\"PropertyValueSpecification\",\"valueRequired\":true,\"valueName\":\"search_term_string\"}}],\"inLanguage\":\"da-DK\"},{\"@type\":\"Organization\",\"@id\":\"https:\/\/www.belrobotics.com\/da\/#organization\",\"name\":\"Belrobotics\",\"url\":\"https:\/\/www.belrobotics.com\/da\/\",\"logo\":{\"@type\":\"ImageObject\",\"inLanguage\":\"da-DK\",\"@id\":\"https:\/\/www.belrobotics.com\/da\/#\/schema\/logo\/image\/\",\"url\":\"https:\/\/www.belrobotics.com\/wp-content\/uploads\/2019\/01\/logo-belrobotics.svg\",\"contentUrl\":\"https:\/\/www.belrobotics.com\/wp-content\/uploads\/2019\/01\/logo-belrobotics.svg\",\"width\":100,\"height\":16,\"caption\":\"Belrobotics\"},\"image\":{\"@id\":\"https:\/\/www.belrobotics.com\/da\/#\/schema\/logo\/image\/\"},\"sameAs\":[\"https:\/\/www.facebook.com\/belrobotics\",\"https:\/\/www.youtube.com\/channel\/UCYgWBPRzEdXmUqLRL0JbUIw\",\"https:\/\/www.instagram.com\/belrobotics_europe\/\"]}]}<\/script>\n<!-- \/ Yoast SEO plugin. -->","yoast_head_json":{"title":"Bigmow, Parcmow & Ballpicker - Belrobotics","robots":{"index":"index","follow":"follow","max-snippet":"max-snippet:-1","max-image-preview":"max-image-preview:large","max-video-preview":"max-video-preview:-1"},"canonical":"https:\/\/www.belrobotics.com\/da\/connected-line\/","og_locale":"da_DK","og_type":"article","og_title":"Bigmow, Parcmow & Ballpicker - Belrobotics","og_description":"Connected Line: Ren innovation Robotterne i &#8220;Connected Line&#8221;-serien er nu meget mere robuste end robotterne i de tidligere generationer. De ekstremt p\u00e5lidelige materialer, som vi bruger til deres konstruktion (fra chassis til hjul, via konnektorerne), beskytter dem mod st\u00f8d samt mod st\u00f8v og fugt. Derfor er deres levetid er us\u00e6dvanlig lang! Takket v\u00e6re deres h\u00f8jtydende [&hellip;]","og_url":"https:\/\/www.belrobotics.com\/da\/connected-line\/","og_site_name":"Belrobotics","article_publisher":"https:\/\/www.facebook.com\/belrobotics","article_modified_time":"2023-02-28T14:56:19+00:00","og_image":[{"width":3000,"height":2249,"url":"https:\/\/www.belrobotics.com\/wp-content\/uploads\/2019\/04\/Golf_43327_2.jpg","type":"image\/jpeg"}],"twitter_card":"summary_large_image","twitter_misc":{"Estimeret l\u00e6setid":"1 minut"},"schema":{"@context":"https:\/\/schema.org","@graph":[{"@type":"WebPage","@id":"https:\/\/www.belrobotics.com\/da\/connected-line\/","url":"https:\/\/www.belrobotics.com\/da\/connected-line\/","name":"Bigmow, Parcmow & Ballpicker - Belrobotics","isPartOf":{"@id":"https:\/\/www.belrobotics.com\/da\/#website"},"primaryImageOfPage":{"@id":"https:\/\/www.belrobotics.com\/da\/connected-line\/#primaryimage"},"image":{"@id":"https:\/\/www.belrobotics.com\/da\/connected-line\/#primaryimage"},"thumbnailUrl":"https:\/\/www.belrobotics.com\/wp-content\/uploads\/2019\/04\/Golf_43327_2.jpg","datePublished":"2019-05-28T15:13:30+00:00","dateModified":"2023-02-28T14:56:19+00:00","breadcrumb":{"@id":"https:\/\/www.belrobotics.com\/da\/connected-line\/#breadcrumb"},"inLanguage":"da-DK","potentialAction":[{"@type":"ReadAction","target":["https:\/\/www.belrobotics.com\/da\/connected-line\/"]}]},{"@type":"ImageObject","inLanguage":"da-DK","@id":"https:\/\/www.belrobotics.com\/da\/connected-line\/#primaryimage","url":"https:\/\/www.belrobotics.com\/wp-content\/uploads\/2019\/04\/Golf_43327_2.jpg","contentUrl":"https:\/\/www.belrobotics.com\/wp-content\/uploads\/2019\/04\/Golf_43327_2.jpg","width":3000,"height":2249},{"@type":"BreadcrumbList","@id":"https:\/\/www.belrobotics.com\/da\/connected-line\/#breadcrumb","itemListElement":[{"@type":"ListItem","position":1,"name":"Home","item":"https:\/\/www.belrobotics.com\/da\/"},{"@type":"ListItem","position":2,"name":"Bigmow, Parcmow &#038; Ballpicker"}]},{"@type":"WebSite","@id":"https:\/\/www.belrobotics.com\/da\/#website","url":"https:\/\/www.belrobotics.com\/da\/","name":"Belrobotics","description":"The grass masters","publisher":{"@id":"https:\/\/www.belrobotics.com\/da\/#organization"},"potentialAction":[{"@type":"SearchAction","target":{"@type":"EntryPoint","urlTemplate":"https:\/\/www.belrobotics.com\/da\/?s={search_term_string}"},"query-input":{"@type":"PropertyValueSpecification","valueRequired":true,"valueName":"search_term_string"}}],"inLanguage":"da-DK"},{"@type":"Organization","@id":"https:\/\/www.belrobotics.com\/da\/#organization","name":"Belrobotics","url":"https:\/\/www.belrobotics.com\/da\/","logo":{"@type":"ImageObject","inLanguage":"da-DK","@id":"https:\/\/www.belrobotics.com\/da\/#\/schema\/logo\/image\/","url":"https:\/\/www.belrobotics.com\/wp-content\/uploads\/2019\/01\/logo-belrobotics.svg","contentUrl":"https:\/\/www.belrobotics.com\/wp-content\/uploads\/2019\/01\/logo-belrobotics.svg","width":100,"height":16,"caption":"Belrobotics"},"image":{"@id":"https:\/\/www.belrobotics.com\/da\/#\/schema\/logo\/image\/"},"sameAs":["https:\/\/www.facebook.com\/belrobotics","https:\/\/www.youtube.com\/channel\/UCYgWBPRzEdXmUqLRL0JbUIw","https:\/\/www.instagram.com\/belrobotics_europe\/"]}]}},"_links":{"self":[{"href":"https:\/\/www.belrobotics.com\/da\/wp-json\/wp\/v2\/pages\/6223","targetHints":{"allow":["GET"]}}],"collection":[{"href":"https:\/\/www.belrobotics.com\/da\/wp-json\/wp\/v2\/pages"}],"about":[{"href":"https:\/\/www.belrobotics.com\/da\/wp-json\/wp\/v2\/types\/page"}],"author":[{"embeddable":true,"href":"https:\/\/www.belrobotics.com\/da\/wp-json\/wp\/v2\/users\/9"}],"replies":[{"embeddable":true,"href":"https:\/\/www.belrobotics.com\/da\/wp-json\/wp\/v2\/comments?post=6223"}],"version-history":[{"count":3,"href":"https:\/\/www.belrobotics.com\/da\/wp-json\/wp\/v2\/pages\/6223\/revisions"}],"predecessor-version":[{"id":21890,"href":"https:\/\/www.belrobotics.com\/da\/wp-json\/wp\/v2\/pages\/6223\/revisions\/21890"}],"wp:featuredmedia":[{"embeddable":true,"href":"https:\/\/www.belrobotics.com\/da\/wp-json\/wp\/v2\/media\/5017"}],"wp:attachment":[{"href":"https:\/\/www.belrobotics.com\/da\/wp-json\/wp\/v2\/media?parent=6223"}],"curies":[{"name":"wp","href":"https:\/\/api.w.org\/{rel}","templated":true}]}}