{"id":6219,"date":"2019-05-28T16:12:53","date_gmt":"2019-05-28T15:12:53","guid":{"rendered":"https:\/\/belrobotics.andromede.digital\/til-hjemmebrug\/"},"modified":"2023-07-06T08:53:04","modified_gmt":"2023-07-06T07:53:04","slug":"til-hjemmebrug","status":"publish","type":"page","link":"https:\/\/www.belrobotics.com\/da\/til-hjemmebrug\/","title":{"rendered":"Til hjemmebrug"},"content":{"rendered":"<h3>Automatisk vedligeholdelse af gr\u00e6spl\u00e6ner<\/h3>\n<p>Parcmow kan selvst\u00e6ndigt vedligeholde op til 12.000 m\u00b2 gr\u00e6spl\u00e6ne. Derfor er robotten den automatiske robotpl\u00e6neklipper, der er bedst egnet til private hjem. Se frem til at spare tid og penge som aldrig f\u00f8r. Det er tid at uddelegere arbejdet. og f\u00e5 mest muligt ud af din gr\u00e6spl\u00e6ne.<\/p>\n","protected":false},"excerpt":{"rendered":"<p>Automatisk vedligeholdelse af gr\u00e6spl\u00e6ner Parcmow kan selvst\u00e6ndigt vedligeholde op til 12.000 m\u00b2 gr\u00e6spl\u00e6ne. Derfor er robotten den automatiske robotpl\u00e6neklipper, der er bedst egnet til private hjem. Se frem til at spare tid og penge som aldrig f\u00f8r. Det er tid at uddelegere arbejdet. og f\u00e5 mest muligt ud af din gr\u00e6spl\u00e6ne.<\/p>\n","protected":false},"author":9,"featured_media":3898,"parent":0,"menu_order":0,"comment_status":"closed","ping_status":"closed","template":"utilisation.php","meta":{"_acf_changed":false,"footnotes":""},"class_list":["post-6219","page","type-page","status-publish","has-post-thumbnail","hentry"],"acf":[],"yoast_head":"<!-- This site is optimized with the Yoast SEO plugin v26.9 - https:\/\/yoast.com\/product\/yoast-seo-wordpress\/ -->\n<title>Til hjemmebrug - Belrobotics<\/title>\n<meta name=\"robots\" content=\"index, follow, max-snippet:-1, max-image-preview:large, max-video-preview:-1\" \/>\n<link rel=\"canonical\" href=\"https:\/\/www.belrobotics.com\/da\/til-hjemmebrug\/\" \/>\n<meta property=\"og:locale\" content=\"da_DK\" \/>\n<meta property=\"og:type\" content=\"article\" \/>\n<meta property=\"og:title\" content=\"Til hjemmebrug - Belrobotics\" \/>\n<meta property=\"og:description\" content=\"Automatisk vedligeholdelse af gr\u00e6spl\u00e6ner Parcmow kan selvst\u00e6ndigt vedligeholde op til 12.000 m\u00b2 gr\u00e6spl\u00e6ne. Derfor er robotten den automatiske robotpl\u00e6neklipper, der er bedst egnet til private hjem. Se frem til at spare tid og penge som aldrig f\u00f8r. Det er tid at uddelegere arbejdet. og f\u00e5 mest muligt ud af din gr\u00e6spl\u00e6ne.\" \/>\n<meta property=\"og:url\" content=\"https:\/\/www.belrobotics.com\/da\/til-hjemmebrug\/\" \/>\n<meta property=\"og:site_name\" content=\"Belrobotics\" \/>\n<meta property=\"article:publisher\" content=\"https:\/\/www.facebook.com\/belrobotics\" \/>\n<meta property=\"article:modified_time\" content=\"2023-07-06T07:53:04+00:00\" \/>\n<meta property=\"og:image\" content=\"https:\/\/www.belrobotics.com\/wp-content\/uploads\/2019\/01\/belrobotics_3451-1024x683.jpg\" \/>\n\t<meta property=\"og:image:width\" content=\"1024\" \/>\n\t<meta property=\"og:image:height\" content=\"683\" \/>\n\t<meta property=\"og:image:type\" content=\"image\/jpeg\" \/>\n<meta name=\"twitter:card\" content=\"summary_large_image\" \/>\n<meta name=\"twitter:label1\" content=\"Estimeret l\u00e6setid\" \/>\n\t<meta name=\"twitter:data1\" content=\"1 minut\" \/>\n<script type=\"application\/ld+json\" class=\"yoast-schema-graph\">{\"@context\":\"https:\/\/schema.org\",\"@graph\":[{\"@type\":\"WebPage\",\"@id\":\"https:\/\/www.belrobotics.com\/da\/til-hjemmebrug\/\",\"url\":\"https:\/\/www.belrobotics.com\/da\/til-hjemmebrug\/\",\"name\":\"Til hjemmebrug - Belrobotics\",\"isPartOf\":{\"@id\":\"https:\/\/www.belrobotics.com\/da\/#website\"},\"primaryImageOfPage\":{\"@id\":\"https:\/\/www.belrobotics.com\/da\/til-hjemmebrug\/#primaryimage\"},\"image\":{\"@id\":\"https:\/\/www.belrobotics.com\/da\/til-hjemmebrug\/#primaryimage\"},\"thumbnailUrl\":\"https:\/\/www.belrobotics.com\/wp-content\/uploads\/2019\/01\/belrobotics_3451.jpg\",\"datePublished\":\"2019-05-28T15:12:53+00:00\",\"dateModified\":\"2023-07-06T07:53:04+00:00\",\"breadcrumb\":{\"@id\":\"https:\/\/www.belrobotics.com\/da\/til-hjemmebrug\/#breadcrumb\"},\"inLanguage\":\"da-DK\",\"potentialAction\":[{\"@type\":\"ReadAction\",\"target\":[\"https:\/\/www.belrobotics.com\/da\/til-hjemmebrug\/\"]}]},{\"@type\":\"ImageObject\",\"inLanguage\":\"da-DK\",\"@id\":\"https:\/\/www.belrobotics.com\/da\/til-hjemmebrug\/#primaryimage\",\"url\":\"https:\/\/www.belrobotics.com\/wp-content\/uploads\/2019\/01\/belrobotics_3451.jpg\",\"contentUrl\":\"https:\/\/www.belrobotics.com\/wp-content\/uploads\/2019\/01\/belrobotics_3451.jpg\",\"width\":4000,\"height\":2668},{\"@type\":\"BreadcrumbList\",\"@id\":\"https:\/\/www.belrobotics.com\/da\/til-hjemmebrug\/#breadcrumb\",\"itemListElement\":[{\"@type\":\"ListItem\",\"position\":1,\"name\":\"Home\",\"item\":\"https:\/\/www.belrobotics.com\/da\/\"},{\"@type\":\"ListItem\",\"position\":2,\"name\":\"Til hjemmebrug\"}]},{\"@type\":\"WebSite\",\"@id\":\"https:\/\/www.belrobotics.com\/da\/#website\",\"url\":\"https:\/\/www.belrobotics.com\/da\/\",\"name\":\"Belrobotics\",\"description\":\"The grass masters\",\"publisher\":{\"@id\":\"https:\/\/www.belrobotics.com\/da\/#organization\"},\"potentialAction\":[{\"@type\":\"SearchAction\",\"target\":{\"@type\":\"EntryPoint\",\"urlTemplate\":\"https:\/\/www.belrobotics.com\/da\/?s={search_term_string}\"},\"query-input\":{\"@type\":\"PropertyValueSpecification\",\"valueRequired\":true,\"valueName\":\"search_term_string\"}}],\"inLanguage\":\"da-DK\"},{\"@type\":\"Organization\",\"@id\":\"https:\/\/www.belrobotics.com\/da\/#organization\",\"name\":\"Belrobotics\",\"url\":\"https:\/\/www.belrobotics.com\/da\/\",\"logo\":{\"@type\":\"ImageObject\",\"inLanguage\":\"da-DK\",\"@id\":\"https:\/\/www.belrobotics.com\/da\/#\/schema\/logo\/image\/\",\"url\":\"https:\/\/www.belrobotics.com\/wp-content\/uploads\/2019\/01\/logo-belrobotics.svg\",\"contentUrl\":\"https:\/\/www.belrobotics.com\/wp-content\/uploads\/2019\/01\/logo-belrobotics.svg\",\"width\":100,\"height\":16,\"caption\":\"Belrobotics\"},\"image\":{\"@id\":\"https:\/\/www.belrobotics.com\/da\/#\/schema\/logo\/image\/\"},\"sameAs\":[\"https:\/\/www.facebook.com\/belrobotics\",\"https:\/\/www.youtube.com\/channel\/UCYgWBPRzEdXmUqLRL0JbUIw\",\"https:\/\/www.instagram.com\/belrobotics_europe\/\"]}]}<\/script>\n<!-- \/ Yoast SEO plugin. -->","yoast_head_json":{"title":"Til hjemmebrug - Belrobotics","robots":{"index":"index","follow":"follow","max-snippet":"max-snippet:-1","max-image-preview":"max-image-preview:large","max-video-preview":"max-video-preview:-1"},"canonical":"https:\/\/www.belrobotics.com\/da\/til-hjemmebrug\/","og_locale":"da_DK","og_type":"article","og_title":"Til hjemmebrug - Belrobotics","og_description":"Automatisk vedligeholdelse af gr\u00e6spl\u00e6ner Parcmow kan selvst\u00e6ndigt vedligeholde op til 12.000 m\u00b2 gr\u00e6spl\u00e6ne. Derfor er robotten den automatiske robotpl\u00e6neklipper, der er bedst egnet til private hjem. Se frem til at spare tid og penge som aldrig f\u00f8r. Det er tid at uddelegere arbejdet. og f\u00e5 mest muligt ud af din gr\u00e6spl\u00e6ne.","og_url":"https:\/\/www.belrobotics.com\/da\/til-hjemmebrug\/","og_site_name":"Belrobotics","article_publisher":"https:\/\/www.facebook.com\/belrobotics","article_modified_time":"2023-07-06T07:53:04+00:00","og_image":[{"width":1024,"height":683,"url":"https:\/\/www.belrobotics.com\/wp-content\/uploads\/2019\/01\/belrobotics_3451-1024x683.jpg","type":"image\/jpeg"}],"twitter_card":"summary_large_image","twitter_misc":{"Estimeret l\u00e6setid":"1 minut"},"schema":{"@context":"https:\/\/schema.org","@graph":[{"@type":"WebPage","@id":"https:\/\/www.belrobotics.com\/da\/til-hjemmebrug\/","url":"https:\/\/www.belrobotics.com\/da\/til-hjemmebrug\/","name":"Til hjemmebrug - Belrobotics","isPartOf":{"@id":"https:\/\/www.belrobotics.com\/da\/#website"},"primaryImageOfPage":{"@id":"https:\/\/www.belrobotics.com\/da\/til-hjemmebrug\/#primaryimage"},"image":{"@id":"https:\/\/www.belrobotics.com\/da\/til-hjemmebrug\/#primaryimage"},"thumbnailUrl":"https:\/\/www.belrobotics.com\/wp-content\/uploads\/2019\/01\/belrobotics_3451.jpg","datePublished":"2019-05-28T15:12:53+00:00","dateModified":"2023-07-06T07:53:04+00:00","breadcrumb":{"@id":"https:\/\/www.belrobotics.com\/da\/til-hjemmebrug\/#breadcrumb"},"inLanguage":"da-DK","potentialAction":[{"@type":"ReadAction","target":["https:\/\/www.belrobotics.com\/da\/til-hjemmebrug\/"]}]},{"@type":"ImageObject","inLanguage":"da-DK","@id":"https:\/\/www.belrobotics.com\/da\/til-hjemmebrug\/#primaryimage","url":"https:\/\/www.belrobotics.com\/wp-content\/uploads\/2019\/01\/belrobotics_3451.jpg","contentUrl":"https:\/\/www.belrobotics.com\/wp-content\/uploads\/2019\/01\/belrobotics_3451.jpg","width":4000,"height":2668},{"@type":"BreadcrumbList","@id":"https:\/\/www.belrobotics.com\/da\/til-hjemmebrug\/#breadcrumb","itemListElement":[{"@type":"ListItem","position":1,"name":"Home","item":"https:\/\/www.belrobotics.com\/da\/"},{"@type":"ListItem","position":2,"name":"Til hjemmebrug"}]},{"@type":"WebSite","@id":"https:\/\/www.belrobotics.com\/da\/#website","url":"https:\/\/www.belrobotics.com\/da\/","name":"Belrobotics","description":"The grass masters","publisher":{"@id":"https:\/\/www.belrobotics.com\/da\/#organization"},"potentialAction":[{"@type":"SearchAction","target":{"@type":"EntryPoint","urlTemplate":"https:\/\/www.belrobotics.com\/da\/?s={search_term_string}"},"query-input":{"@type":"PropertyValueSpecification","valueRequired":true,"valueName":"search_term_string"}}],"inLanguage":"da-DK"},{"@type":"Organization","@id":"https:\/\/www.belrobotics.com\/da\/#organization","name":"Belrobotics","url":"https:\/\/www.belrobotics.com\/da\/","logo":{"@type":"ImageObject","inLanguage":"da-DK","@id":"https:\/\/www.belrobotics.com\/da\/#\/schema\/logo\/image\/","url":"https:\/\/www.belrobotics.com\/wp-content\/uploads\/2019\/01\/logo-belrobotics.svg","contentUrl":"https:\/\/www.belrobotics.com\/wp-content\/uploads\/2019\/01\/logo-belrobotics.svg","width":100,"height":16,"caption":"Belrobotics"},"image":{"@id":"https:\/\/www.belrobotics.com\/da\/#\/schema\/logo\/image\/"},"sameAs":["https:\/\/www.facebook.com\/belrobotics","https:\/\/www.youtube.com\/channel\/UCYgWBPRzEdXmUqLRL0JbUIw","https:\/\/www.instagram.com\/belrobotics_europe\/"]}]}},"_links":{"self":[{"href":"https:\/\/www.belrobotics.com\/da\/wp-json\/wp\/v2\/pages\/6219","targetHints":{"allow":["GET"]}}],"collection":[{"href":"https:\/\/www.belrobotics.com\/da\/wp-json\/wp\/v2\/pages"}],"about":[{"href":"https:\/\/www.belrobotics.com\/da\/wp-json\/wp\/v2\/types\/page"}],"author":[{"embeddable":true,"href":"https:\/\/www.belrobotics.com\/da\/wp-json\/wp\/v2\/users\/9"}],"replies":[{"embeddable":true,"href":"https:\/\/www.belrobotics.com\/da\/wp-json\/wp\/v2\/comments?post=6219"}],"version-history":[{"count":1,"href":"https:\/\/www.belrobotics.com\/da\/wp-json\/wp\/v2\/pages\/6219\/revisions"}],"predecessor-version":[{"id":25268,"href":"https:\/\/www.belrobotics.com\/da\/wp-json\/wp\/v2\/pages\/6219\/revisions\/25268"}],"wp:featuredmedia":[{"embeddable":true,"href":"https:\/\/www.belrobotics.com\/da\/wp-json\/wp\/v2\/media\/3898"}],"wp:attachment":[{"href":"https:\/\/www.belrobotics.com\/da\/wp-json\/wp\/v2\/media?parent=6219"}],"curies":[{"name":"wp","href":"https:\/\/api.w.org\/{rel}","templated":true}]}}