{"id":6213,"date":"2019-05-28T16:11:07","date_gmt":"2019-05-28T15:11:07","guid":{"rendered":"https:\/\/belrobotics.andromede.digital\/se-vores-eksklusive-fordele\/"},"modified":"2020-05-07T10:31:13","modified_gmt":"2020-05-07T09:31:13","slug":"se-vores-eksklusive-fordele","status":"publish","type":"page","link":"https:\/\/www.belrobotics.com\/da\/se-vores-eksklusive-fordele\/","title":{"rendered":"Se vores eksklusive fordele"},"content":{"rendered":"<h3>Den perfekte klipning \u2013 helt automatisk<\/h3>\n<p>Fra nu af vil hverken st\u00f8rrelsen p\u00e5 arealet, som skal klippes, kvaliteten af det resultat, som du \u00f8nsker at opn\u00e5, eller jordens egenskaber, som vil s\u00e6tte dig i arbejde.<\/p>\n<p>Belrobotics ved, hvor store krav fagfolk og dem, som elsker smukke gr\u00e6spl\u00e6ner, stiller. Vores robotl\u00f8sninger reducerer din arbejdstid betydeligt, sikrer en uovertruffen gr\u00e6skvalitet og er en del af en b\u00e6redygtig vision. Robotterne fra Belrobotics bruges allerede af tusindvis af professionelle, sportsklubber og jordbesiddere. Enest\u00e5ende udholdenhed i private og offentlige infrastrukturer.<\/p>\n","protected":false},"excerpt":{"rendered":"<p>Den perfekte klipning \u2013 helt automatisk Fra nu af vil hverken st\u00f8rrelsen p\u00e5 arealet, som skal klippes, kvaliteten af det resultat, som du \u00f8nsker at opn\u00e5, eller jordens egenskaber, som vil s\u00e6tte dig i arbejde. Belrobotics ved, hvor store krav fagfolk og dem, som elsker smukke gr\u00e6spl\u00e6ner, stiller. Vores robotl\u00f8sninger reducerer din arbejdstid betydeligt, sikrer [&hellip;]<\/p>\n","protected":false},"author":9,"featured_media":3616,"parent":0,"menu_order":0,"comment_status":"closed","ping_status":"closed","template":"avantages.php","meta":{"_acf_changed":false,"footnotes":""},"class_list":["post-6213","page","type-page","status-publish","has-post-thumbnail","hentry"],"acf":[],"yoast_head":"<!-- This site is optimized with the Yoast SEO plugin v26.9 - https:\/\/yoast.com\/product\/yoast-seo-wordpress\/ -->\n<title>Se vores eksklusive fordele - Belrobotics<\/title>\n<meta name=\"robots\" content=\"index, follow, max-snippet:-1, max-image-preview:large, max-video-preview:-1\" \/>\n<link rel=\"canonical\" href=\"https:\/\/www.belrobotics.com\/da\/se-vores-eksklusive-fordele\/\" \/>\n<meta property=\"og:locale\" content=\"da_DK\" \/>\n<meta property=\"og:type\" content=\"article\" \/>\n<meta property=\"og:title\" content=\"Se vores eksklusive fordele - Belrobotics\" \/>\n<meta property=\"og:description\" content=\"Den perfekte klipning \u2013 helt automatisk Fra nu af vil hverken st\u00f8rrelsen p\u00e5 arealet, som skal klippes, kvaliteten af det resultat, som du \u00f8nsker at opn\u00e5, eller jordens egenskaber, som vil s\u00e6tte dig i arbejde. Belrobotics ved, hvor store krav fagfolk og dem, som elsker smukke gr\u00e6spl\u00e6ner, stiller. Vores robotl\u00f8sninger reducerer din arbejdstid betydeligt, sikrer [&hellip;]\" \/>\n<meta property=\"og:url\" content=\"https:\/\/www.belrobotics.com\/da\/se-vores-eksklusive-fordele\/\" \/>\n<meta property=\"og:site_name\" content=\"Belrobotics\" \/>\n<meta property=\"article:publisher\" content=\"https:\/\/www.facebook.com\/belrobotics\" \/>\n<meta property=\"article:modified_time\" content=\"2020-05-07T09:31:13+00:00\" \/>\n<meta property=\"og:image\" content=\"https:\/\/www.belrobotics.com\/wp-content\/uploads\/2019\/01\/big-mow-action-4-1.jpg\" \/>\n\t<meta property=\"og:image:width\" content=\"2251\" \/>\n\t<meta property=\"og:image:height\" content=\"1745\" \/>\n\t<meta property=\"og:image:type\" content=\"image\/jpeg\" \/>\n<meta name=\"twitter:card\" content=\"summary_large_image\" \/>\n<script type=\"application\/ld+json\" class=\"yoast-schema-graph\">{\"@context\":\"https:\/\/schema.org\",\"@graph\":[{\"@type\":\"WebPage\",\"@id\":\"https:\/\/www.belrobotics.com\/da\/se-vores-eksklusive-fordele\/\",\"url\":\"https:\/\/www.belrobotics.com\/da\/se-vores-eksklusive-fordele\/\",\"name\":\"Se vores eksklusive fordele - Belrobotics\",\"isPartOf\":{\"@id\":\"https:\/\/www.belrobotics.com\/da\/#website\"},\"primaryImageOfPage\":{\"@id\":\"https:\/\/www.belrobotics.com\/da\/se-vores-eksklusive-fordele\/#primaryimage\"},\"image\":{\"@id\":\"https:\/\/www.belrobotics.com\/da\/se-vores-eksklusive-fordele\/#primaryimage\"},\"thumbnailUrl\":\"https:\/\/www.belrobotics.com\/wp-content\/uploads\/2019\/01\/big-mow-action-4-1.jpg\",\"datePublished\":\"2019-05-28T15:11:07+00:00\",\"dateModified\":\"2020-05-07T09:31:13+00:00\",\"breadcrumb\":{\"@id\":\"https:\/\/www.belrobotics.com\/da\/se-vores-eksklusive-fordele\/#breadcrumb\"},\"inLanguage\":\"da-DK\",\"potentialAction\":[{\"@type\":\"ReadAction\",\"target\":[\"https:\/\/www.belrobotics.com\/da\/se-vores-eksklusive-fordele\/\"]}]},{\"@type\":\"ImageObject\",\"inLanguage\":\"da-DK\",\"@id\":\"https:\/\/www.belrobotics.com\/da\/se-vores-eksklusive-fordele\/#primaryimage\",\"url\":\"https:\/\/www.belrobotics.com\/wp-content\/uploads\/2019\/01\/big-mow-action-4-1.jpg\",\"contentUrl\":\"https:\/\/www.belrobotics.com\/wp-content\/uploads\/2019\/01\/big-mow-action-4-1.jpg\",\"width\":2251,\"height\":1745},{\"@type\":\"BreadcrumbList\",\"@id\":\"https:\/\/www.belrobotics.com\/da\/se-vores-eksklusive-fordele\/#breadcrumb\",\"itemListElement\":[{\"@type\":\"ListItem\",\"position\":1,\"name\":\"Home\",\"item\":\"https:\/\/www.belrobotics.com\/da\/\"},{\"@type\":\"ListItem\",\"position\":2,\"name\":\"Se vores eksklusive fordele\"}]},{\"@type\":\"WebSite\",\"@id\":\"https:\/\/www.belrobotics.com\/da\/#website\",\"url\":\"https:\/\/www.belrobotics.com\/da\/\",\"name\":\"Belrobotics\",\"description\":\"The grass masters\",\"publisher\":{\"@id\":\"https:\/\/www.belrobotics.com\/da\/#organization\"},\"potentialAction\":[{\"@type\":\"SearchAction\",\"target\":{\"@type\":\"EntryPoint\",\"urlTemplate\":\"https:\/\/www.belrobotics.com\/da\/?s={search_term_string}\"},\"query-input\":{\"@type\":\"PropertyValueSpecification\",\"valueRequired\":true,\"valueName\":\"search_term_string\"}}],\"inLanguage\":\"da-DK\"},{\"@type\":\"Organization\",\"@id\":\"https:\/\/www.belrobotics.com\/da\/#organization\",\"name\":\"Belrobotics\",\"url\":\"https:\/\/www.belrobotics.com\/da\/\",\"logo\":{\"@type\":\"ImageObject\",\"inLanguage\":\"da-DK\",\"@id\":\"https:\/\/www.belrobotics.com\/da\/#\/schema\/logo\/image\/\",\"url\":\"https:\/\/www.belrobotics.com\/wp-content\/uploads\/2019\/01\/logo-belrobotics.svg\",\"contentUrl\":\"https:\/\/www.belrobotics.com\/wp-content\/uploads\/2019\/01\/logo-belrobotics.svg\",\"width\":100,\"height\":16,\"caption\":\"Belrobotics\"},\"image\":{\"@id\":\"https:\/\/www.belrobotics.com\/da\/#\/schema\/logo\/image\/\"},\"sameAs\":[\"https:\/\/www.facebook.com\/belrobotics\",\"https:\/\/www.youtube.com\/channel\/UCYgWBPRzEdXmUqLRL0JbUIw\",\"https:\/\/www.instagram.com\/belrobotics_europe\/\"]}]}<\/script>\n<!-- \/ Yoast SEO plugin. -->","yoast_head_json":{"title":"Se vores eksklusive fordele - Belrobotics","robots":{"index":"index","follow":"follow","max-snippet":"max-snippet:-1","max-image-preview":"max-image-preview:large","max-video-preview":"max-video-preview:-1"},"canonical":"https:\/\/www.belrobotics.com\/da\/se-vores-eksklusive-fordele\/","og_locale":"da_DK","og_type":"article","og_title":"Se vores eksklusive fordele - Belrobotics","og_description":"Den perfekte klipning \u2013 helt automatisk Fra nu af vil hverken st\u00f8rrelsen p\u00e5 arealet, som skal klippes, kvaliteten af det resultat, som du \u00f8nsker at opn\u00e5, eller jordens egenskaber, som vil s\u00e6tte dig i arbejde. Belrobotics ved, hvor store krav fagfolk og dem, som elsker smukke gr\u00e6spl\u00e6ner, stiller. Vores robotl\u00f8sninger reducerer din arbejdstid betydeligt, sikrer [&hellip;]","og_url":"https:\/\/www.belrobotics.com\/da\/se-vores-eksklusive-fordele\/","og_site_name":"Belrobotics","article_publisher":"https:\/\/www.facebook.com\/belrobotics","article_modified_time":"2020-05-07T09:31:13+00:00","og_image":[{"width":2251,"height":1745,"url":"https:\/\/www.belrobotics.com\/wp-content\/uploads\/2019\/01\/big-mow-action-4-1.jpg","type":"image\/jpeg"}],"twitter_card":"summary_large_image","schema":{"@context":"https:\/\/schema.org","@graph":[{"@type":"WebPage","@id":"https:\/\/www.belrobotics.com\/da\/se-vores-eksklusive-fordele\/","url":"https:\/\/www.belrobotics.com\/da\/se-vores-eksklusive-fordele\/","name":"Se vores eksklusive fordele - Belrobotics","isPartOf":{"@id":"https:\/\/www.belrobotics.com\/da\/#website"},"primaryImageOfPage":{"@id":"https:\/\/www.belrobotics.com\/da\/se-vores-eksklusive-fordele\/#primaryimage"},"image":{"@id":"https:\/\/www.belrobotics.com\/da\/se-vores-eksklusive-fordele\/#primaryimage"},"thumbnailUrl":"https:\/\/www.belrobotics.com\/wp-content\/uploads\/2019\/01\/big-mow-action-4-1.jpg","datePublished":"2019-05-28T15:11:07+00:00","dateModified":"2020-05-07T09:31:13+00:00","breadcrumb":{"@id":"https:\/\/www.belrobotics.com\/da\/se-vores-eksklusive-fordele\/#breadcrumb"},"inLanguage":"da-DK","potentialAction":[{"@type":"ReadAction","target":["https:\/\/www.belrobotics.com\/da\/se-vores-eksklusive-fordele\/"]}]},{"@type":"ImageObject","inLanguage":"da-DK","@id":"https:\/\/www.belrobotics.com\/da\/se-vores-eksklusive-fordele\/#primaryimage","url":"https:\/\/www.belrobotics.com\/wp-content\/uploads\/2019\/01\/big-mow-action-4-1.jpg","contentUrl":"https:\/\/www.belrobotics.com\/wp-content\/uploads\/2019\/01\/big-mow-action-4-1.jpg","width":2251,"height":1745},{"@type":"BreadcrumbList","@id":"https:\/\/www.belrobotics.com\/da\/se-vores-eksklusive-fordele\/#breadcrumb","itemListElement":[{"@type":"ListItem","position":1,"name":"Home","item":"https:\/\/www.belrobotics.com\/da\/"},{"@type":"ListItem","position":2,"name":"Se vores eksklusive fordele"}]},{"@type":"WebSite","@id":"https:\/\/www.belrobotics.com\/da\/#website","url":"https:\/\/www.belrobotics.com\/da\/","name":"Belrobotics","description":"The grass masters","publisher":{"@id":"https:\/\/www.belrobotics.com\/da\/#organization"},"potentialAction":[{"@type":"SearchAction","target":{"@type":"EntryPoint","urlTemplate":"https:\/\/www.belrobotics.com\/da\/?s={search_term_string}"},"query-input":{"@type":"PropertyValueSpecification","valueRequired":true,"valueName":"search_term_string"}}],"inLanguage":"da-DK"},{"@type":"Organization","@id":"https:\/\/www.belrobotics.com\/da\/#organization","name":"Belrobotics","url":"https:\/\/www.belrobotics.com\/da\/","logo":{"@type":"ImageObject","inLanguage":"da-DK","@id":"https:\/\/www.belrobotics.com\/da\/#\/schema\/logo\/image\/","url":"https:\/\/www.belrobotics.com\/wp-content\/uploads\/2019\/01\/logo-belrobotics.svg","contentUrl":"https:\/\/www.belrobotics.com\/wp-content\/uploads\/2019\/01\/logo-belrobotics.svg","width":100,"height":16,"caption":"Belrobotics"},"image":{"@id":"https:\/\/www.belrobotics.com\/da\/#\/schema\/logo\/image\/"},"sameAs":["https:\/\/www.facebook.com\/belrobotics","https:\/\/www.youtube.com\/channel\/UCYgWBPRzEdXmUqLRL0JbUIw","https:\/\/www.instagram.com\/belrobotics_europe\/"]}]}},"_links":{"self":[{"href":"https:\/\/www.belrobotics.com\/da\/wp-json\/wp\/v2\/pages\/6213","targetHints":{"allow":["GET"]}}],"collection":[{"href":"https:\/\/www.belrobotics.com\/da\/wp-json\/wp\/v2\/pages"}],"about":[{"href":"https:\/\/www.belrobotics.com\/da\/wp-json\/wp\/v2\/types\/page"}],"author":[{"embeddable":true,"href":"https:\/\/www.belrobotics.com\/da\/wp-json\/wp\/v2\/users\/9"}],"replies":[{"embeddable":true,"href":"https:\/\/www.belrobotics.com\/da\/wp-json\/wp\/v2\/comments?post=6213"}],"version-history":[{"count":0,"href":"https:\/\/www.belrobotics.com\/da\/wp-json\/wp\/v2\/pages\/6213\/revisions"}],"wp:featuredmedia":[{"embeddable":true,"href":"https:\/\/www.belrobotics.com\/da\/wp-json\/wp\/v2\/media\/3616"}],"wp:attachment":[{"href":"https:\/\/www.belrobotics.com\/da\/wp-json\/wp\/v2\/media?parent=6213"}],"curies":[{"name":"wp","href":"https:\/\/api.w.org\/{rel}","templated":true}]}}