{"id":6144,"date":"2019-05-28T09:29:26","date_gmt":"2019-05-28T08:29:26","guid":{"rendered":"https:\/\/belrobotics.andromede.digital\/ansvarsfraskrivelse\/"},"modified":"2020-06-25T10:27:58","modified_gmt":"2020-06-25T09:27:58","slug":"ansvarsfraskrivelse","status":"publish","type":"page","link":"https:\/\/www.belrobotics.com\/da\/ansvarsfraskrivelse\/","title":{"rendered":"Ansvarsfraskrivelse"},"content":{"rendered":"<p align=\"center\"><strong>YAMABIKO EUROPE S.A.<\/strong><\/p>\n<p align=\"center\">HOVEDKONTOR: Avenue Lavoisier 35, 1300 Wavre, Belgien<\/p>\n<p align=\"center\">B.C.E. 0477.194.468<\/p>\n<p align=\"center\">Telefon: +32 10 48 00 36<\/p>\n<p align=\"center\">Email:\u00a0<a href=\"mailto:dataprivacy@yamabiko.eu\">dataprivacy@yamabiko.eu<\/a><\/p>\n<p align=\"center\">BETINGELSER FOR BRUG HJEMMESIDEN\u00a0<a href=\"https:\/\/www.belrobotics.com\/\">https:\/\/www.belrobotics.com<\/a><\/p>\n<p>&nbsp;<\/p>\n<p><strong>1.\u00a0\u00a0\u00a0\u00a0\u00a0\u00a0\u00a0\u00a0 Hjemmesidem\u00e5ls\u00e6tning og generelle vilk\u00e5r og betingelser for brug<\/strong><\/p>\n<p>YAMABIKO EUROPE tilbyder tjenester indenfor salg- og vedligeholdelse af robotpl\u00e6neklippere, kantklippere, bladbl\u00e6sere og k\u00e6desave for f\u00f8lgende m\u00e6rker: Belrobotics, Echo og Shindaiwa<\/p>\n<p><a href=\"http:\/\/www.traitdeco.be\/\">www.belrobotics.com<\/a>\u00a0anvendes til at pr\u00e6sentere aktiviteter og tjenester, robotpl\u00e6neklippere og YAMABIKO EUROPE-konceptet samt til at offentligg\u00f8re relevante artikler og nye emner.<\/p>\n<p>De aktuelle vilk\u00e5r og betingelser for brug kan til enhver tid opdateres uden forudg\u00e5ende besked. Vi anbefaler derfor brugeren at r\u00e5df\u00f8re sig med disse betingelser regelm\u00e6ssigt.\u00a0 Enhver opdatering af denne slags tr\u00e6der i kraft, s\u00e5 snart den er offentliggjort p\u00e5 internettet.<\/p>\n<p>Hvis nogen dele af de aktuelle generelle vilk\u00e5r og betingelser for brug ugyldigg\u00f8res eller bliver uanvendelige og uanset af hvilken grund, vil en s\u00e5dan ugyldighed eller uanvendelighed ikke medf\u00f8re, at de andre punkter i de generelle vilk\u00e5r og betingelser for brug bliver ugyldige eller uanvendelige.<\/p>\n<p><strong>2.\u00a0\u00a0\u00a0\u00a0\u00a0\u00a0\u00a0\u00a0 Brug af denne hjemmeside<\/strong><\/p>\n<p><a href=\"http:\/\/www.sospme.be\/\">www.belrobotics.com<\/a>\u00a0er gjort tilg\u00e6ngelig for brugere til deres personlige brug og som genstand for de vilk\u00e5r og betingelser, der er defineret nedenfor. Brugen af denne hjemmeside medf\u00f8rer uforbeholden accept af alle vilk\u00e5r og betingelser.<\/p>\n<p><a href=\"http:\/\/www.sospme.be\/\">www.belrobotics.com<\/a>\u00a0m\u00e5 ikke avendes til spekulative, forkerte eller bedrageriske anmodninger.<\/p>\n<p>Brugeren skal v\u00e6re mindst 18 \u00e5r, have juridisk kapacitet til at underskrive kontrakter og skal bruge dette internetsted i overensstemmelse med de generelle vilk\u00e5r og betingelser for brug af siden.<\/p>\n<p><strong>3.\u00a0\u00a0\u00a0\u00a0\u00a0\u00a0\u00a0\u00a0 Ophavsret &#8211; immaterialrettigheder<\/strong><\/p>\n<p>YAMABIKO EUROPE ejer alle immaterialrettigheder for alle elementer p\u00e5 hjemmesiden (fotoer, logoer, tegninger, kort, tekst, videoer osv.) men ogs\u00e5 alle ophavsrettigheder, patenter, al knowhow, fortrolige oplysninger, databaserettigheder, registrerede varem\u00e6rker og koncepter uanset om de er registreret eller ej og vises p\u00e5 hjemmesiden\u00a0<a href=\"http:\/\/www.sospme.be\/\">www.belrobotics.com<\/a>.<\/p>\n<p>Brugere forbydes derfor at gengive, \u00e6ndre, overf\u00f8re eller bruge nogen dele af hjemmesiden uden forudg\u00e5ende skriftlig tilladelse fra YAMABIKO EUROPE.<\/p>\n<p><strong>4.\u00a0\u00a0\u00a0\u00a0\u00a0\u00a0\u00a0\u00a0 Downloading<\/strong><\/p>\n<p>Alle former for download af oplysninger fra hjemmesiden\u00a0<a href=\"http:\/\/www.sospme.be\/\">www.belrobotics.com<\/a>\u00a0foretages p\u00e5 brugerens eget ansvar.<\/p>\n<p>Brugeren accepterer, at brugen af computertjenester og systemer ikke er uden risiko. Og dermed kan YAMABIKO EUROPE ikke holdes ansvarlig for skader, der er for\u00e5rsaget af nogen former for computer-malware efter at have hentet oplysninger fra hjemmesiden\u00a0<a href=\"http:\/\/www.sospme.be\/\">www.belrobotics.com<\/a>.<\/p>\n<p><strong>5. \u00a0\u00a0\u00a0\u00a0\u00a0\u00a0\u00a0 H\u00e5ndtering a personlige oplysninger<\/strong><\/p>\n<p>Visse personlige oplysninger, der vedr\u00f8rer en bruger af hjemmesiden\u00a0<a href=\"http:\/\/www.sospme.be\/\">www.belrobotics.com<\/a>\u00a0kan indsamles, is\u00e6r n\u00e5r brugeren udfylder en kontaktformular, beder om et tilbud eller anmoder om support, eller via driften af cookies eller sporingspixels (se afsnit 10).<\/p>\n<p>Virksomheden YAMABIKO EUROPE S.A., med hovedkontor p\u00e5 Avenue Lavoisier 16\/B, 1300 Wavre, Belgien, er ansvarlig for behandling af s\u00e5danne data.<\/p>\n<p>Form\u00e5let med at indsamle brugerens personoplysninger er begr\u00e6nset til at styre bes\u00f8gene p\u00e5 hjemmesiden, kundeadministration, tilfredsstille kundeordrer, offentligg\u00f8re produkter og tjenester og etablere direkte markedsf\u00f8ringskampagner ved hj\u00e6lp af elektronisk post.<\/p>\n<p>Kunden har til enhver tid ret til at n\u00e6gte at s\u00e5danne oplysninger af personlig karakter anvendes til direkte markedsf\u00f8ringsform\u00e5l.<\/p>\n<p>Brugen har ret til at f\u00e5 adgang til, \u00e6ndre eller fjerne oplysninger af enhver personlig art i overensstemmelse med loven dateret 8. december, 1992 vedr\u00f8rende dataprivatliv og behandlingen af oplysninger af personlig art.<\/p>\n<p>For at g\u00f8re brug af denne ret til at f\u00e5 adgang til, \u00e6ndre eller slette personoplysninger er det tilstr\u00e6kkeligt at kontakte YAMABIKO EUROPE gratis p\u00e5 adressen:\u00a0<a href=\"mailto:dataprivacy@yamabiko.eu\">dataprivacy@yamabiko.eu<\/a>\u00a0eller at skrive til virksomhedens hovedkontor.<\/p>\n<p>YAMABIKO EUROPE overholder kravene i det generelle databeskyttelsesdirektiv (GDPR, EU-regulativ 2016\/679) og ansvaret i forhold til at opretholde fortroligheden af oplysninger, der indsamles.<\/p>\n<p><strong>6.\u00a0\u00a0\u00a0\u00a0\u00a0\u00a0\u00a0\u00a0 Datasikkerhed<\/strong><\/p>\n<p>YAMABIKO EUROPE garanterer et niveau af datasikkerhed i fuld overholdelse af de nationale og europ\u00e6iske regulativer.<\/p>\n<p>Til dette anvender\u00a0<a href=\"http:\/\/www.sospme.be\/\">www.belrobotics.com<\/a>\u00a0flere sikkerhedssystemer til at s\u00f8rge for et fornuftigt niveau af beskyttelse af brugerens personlige oplysninger. Uagtet dette kan YAMABIKO EUROPE ikke garantere, at en uautoriseret tredjepart ikke kan f\u00e5 adgang til stedet for at bruge s\u00e5danne oplysninger illegalt.<\/p>\n<p><strong>7.\u00a0\u00a0\u00a0\u00a0\u00a0\u00a0\u00a0\u00a0 Hyperlinks til andre hjemmesider<\/strong><\/p>\n<p>Hjemmesiden\u00a0<a href=\"http:\/\/www.sospme.be\/\">www.belrobotics.com<\/a>\u00a0kan indeholde hyperlinks til andre hjemmesider. Det simple faktum at disse links befinder sig p\u00e5 hjemmesiden\u00a0<a href=\"http:\/\/www.sospme.be\/\">www.belrobotics.com<\/a>, indikerer ikke p\u00e5 nogen m\u00e5de, at YAMABIKO EUROPE st\u00f8tter de id\u00e9er eller holdninger, der findes p\u00e5 s\u00e5danne hjemmesider, ej heller at der eksisterer nogen former for partnerskab eller forbindelse til ejerne af s\u00e5danne hjemmesider.<\/p>\n<p>YAMABIKO EUROPE kan ikke under nogen omst\u00e6ndigheder holdes ansvarlige for indholdet p\u00e5 de hjemmesider, der henvises til i s\u00e5danne hyperlink.<\/p>\n<p><strong>8.\u00a0\u00a0\u00a0\u00a0\u00a0\u00a0\u00a0\u00a0 YAMABIKO EUROPES rettigheder<\/strong><\/p>\n<p>YAMABIKO EUROPE forbeholder sig retten til p\u00e5 et hvilket som helst tidspunkt og uden forudg\u00e5ende varsel, at:<\/p>\n<p>a) \u00e6ndre annonceringerne, tilbuddene og andre oplysninger,<\/p>\n<p>b) \u00e6ndre visse tjenester,<\/p>\n<p>c) blokere adgang til hjemmesiden i tilf\u00e6lde af tekniske problemer, eller hvis YAMABIKO EUROPE bliver opm\u00e6rksomme p\u00e5 kr\u00e6nkende eller ondsindet brug af hjemmesiden.<\/p>\n<p><strong>9.\u00a0\u00a0\u00a0\u00a0\u00a0\u00a0\u00a0\u00a0 Brugeransvar<\/strong><\/p>\n<p>Brugere af hjemmesiden\u00a0<a href=\"http:\/\/www.sospme.be\/\">www.belrobotics.com<\/a>\u00a0indvilliger i ikke at:<\/p>\n<p>a)\u00a0\u00a0\u00a0\u00a0\u00a0\u00a0\u00a0\u00a0 bruge hjemmeside til ulovlige eller skadelige form\u00e5l,<\/p>\n<p>b) \u00a0\u00a0\u00a0\u00a0\u00a0\u00a0\u00a0 forstyrre adgangen til hjemmesiden, ikke at p\u00e5virke eller \u00e6ndre hjemmesiden eller rendere hjemmesiden mindre effektiv, samt ej heller at for\u00e5rsage skader p\u00e5 hjemmesiden, p\u00e5 YAMABIKO EUROPE eller nogen anden tredjeparter,<\/p>\n<p>c)\u00a0\u00a0\u00a0\u00a0\u00a0\u00a0\u00a0\u00a0 bruge hjemmesiden til at overf\u00f8re eller sprede ondsindet software eller skadelige software eller ulovlige eller skadelige oplysninger,<\/p>\n<p>d)\u00a0\u00a0\u00a0\u00a0\u00a0\u00a0\u00a0\u00a0 kompromittere nogen immaterialrettigheder for varer p\u00e5 denne hjemmeside,<\/p>\n<p>e)\u00a0\u00a0\u00a0\u00a0\u00a0\u00a0\u00a0\u00a0 sende eller overf\u00f8re nogen u\u00f8nskede meddelelser,<\/p>\n<p>f)\u00a0\u00a0\u00a0\u00a0\u00a0\u00a0\u00a0\u00a0\u00a0 indsamle eller opbevare personlige oplysninger, der vedr\u00f8rer andre brugere med mindre det er i tilf\u00e6lde, hvor specifik godkendelse er blevet givet af de p\u00e5g\u00e6ldende brugere.<\/p>\n<p><strong>10. \u00a0\u00a0\u00a0\u00a0\u00a0 Cookies og sporingspixels<\/strong><\/p>\n<p>\u201dCookies og sporingspixels\u201d kan sendes til brugernes computere under et bes\u00f8g p\u00e5 hjemmesiden\u00a0<a href=\"http:\/\/www.sospme.be\/\">www.belrobotics.com<\/a>.<\/p>\n<p>\u201dCookies\u201d er sm\u00e5 filer, der er registreret p\u00e5 brugerens harddisk p\u00e5 anmodning fra serveren, der styrer den hjemmeside, der s\u00f8ges p\u00e5, og som g\u00f8r det muligt at sikre, at internetstedet fungerer korrekt rent teknisk samt skaber en mere flydende s\u00f8geoplevelse.<\/p>\n<p>\u201dSporingspixels\u201d er sm\u00e5 elektroniske billeder, der g\u00f8r det muligt for hjemmesiden at t\u00e6lle antallet af bes\u00f8gende p\u00e5 en specifik side. De oplysninger der indsamles af sporingspixels, er ip-adressen p\u00e5 den tilsluttede computer, navnet p\u00e5 v\u00e6rtscomputeren, navnet og versionsnummeret p\u00e5 operativsystemet og den anvendte internetbrowser.<\/p>\n<p>Brugere af hjemmesiden\u00a0<a href=\"http:\/\/www.sospme.be\/\">www.belrobotics.com<\/a>\u00a0kan slette\/deaktivere \u201dcookies\u201d og \u201dsporingspixels\u201d fra deres harddiske og\/eller ops\u00e6tte deres browsere med parametre, der forhindrer dem i at blive modtaget. Blokering af \u201dcookies\u201d og\/eller \u201dsporingspixels\u201d kan imidlertid forringe s\u00f8geoplevelsen.<\/p>\n<p><strong>11.\u00a0\u00a0\u00a0\u00a0\u00a0\u00a0 Ansvarsbegr\u00e6nsning<\/strong><\/p>\n<p>YAMABIKO EUROPE kan ikke p\u00e5 nogen m\u00e5de holdes ansvarlig for direkte, indirekte, p\u00e5f\u00f8lgende, straffende eller s\u00e6rlige tab eller skader (herunder blandt andet skader, der er et resultat af tab af oms\u00e6tning, kontrakter, forretningsaktiviteter, oplysninger eller andre data indeholdt i brugerens oplysningsstyringssystem eller fra nogen forstyrrelse i forretningsaktiviteten) der opst\u00e5r p\u00e5 baggrund af, stammer fra eller kan sammenk\u00e6des med brugen af eller den umulige brug af hjemmesiden ellers dens indhold eller som et resultat af dens betingelser, ogs\u00e5 selvom YAMABIKO EUROPE er blevet gjort opm\u00e6rksom p\u00e5 muligheden for s\u00e5danne skader.<\/p>\n<p>Som till\u00e6g til de betingelser, der er vist ovenfor kan YAMABIKO EUROPE under ingen omst\u00e6ndigheder holdes ansvarlig for fejl, udeladelser eller andre defekter eller for ikke-rettidige eller ukorrekte oplysninger p\u00e5 denne hjemmeside.<\/p>\n<p>Denne ansvarsbegr\u00e6nsning str\u00e6kker sig ligeledes til alle tredjeparters hjemmesider.<\/p>\n<p><strong>12.\u00a0\u00a0\u00a0\u00a0\u00a0\u00a0 G\u00e6ldende lov<\/strong><\/p>\n<p>De generelle vilk\u00e5r og betingelser for brug overv\u00e5ges af den belgiske lov. Enhver tvist, der vedr\u00f8rer fortolkningen og\/eller udf\u00f8relsen h\u00e5ndteres af den kompetente ret i retskredsen Nivelles, Belgien.<\/p>\n<p><strong>13.\u00a0\u00a0\u00a0\u00a0\u00a0\u00a0 Kontakt<\/strong><\/p>\n<p>Du kan kontakte YAMABIKO EUROPE om de aktuelle generelle vilk\u00e5r og betingelser for brug p\u00e5 f\u00f8lgende e-mailadresse:\u00a0<a href=\"mailto:dataprivacy@yamabiko.eu\">dataprivacy@yamabiko.eu<\/a>\u00a0eller ved at anvende kontaktformularen p\u00e5 hjemmesiden\u00a0<a href=\"http:\/\/www.sospme.be\/\">www.belrobotics.com<\/a><\/p>\n<p><strong>14. \u00a0\u00a0\u00a0\u00a0\u00a0 Hjemmesideudgiver:<\/strong><\/p>\n<p>Udgiveren af hjemmesiden\u00a0<a href=\"http:\/\/www.sospme.be\/\">www.belrobotics.com<\/a>\u00a0er YAMABIKO EUROPE S.A., der har registreret hovedkontor p\u00e5 Avenue Lavoisier 16\/B, 1300 Wavre, Belgien og registreret hos Banque Carrefour des Entreprises under registreringsnummeret B.C.E. 0477.194.468<\/p>\n<p><strong>15. \u00a0\u00a0\u00a0\u00a0\u00a0 Hosting:<\/strong><\/p>\n<p>Hjemmesiden\u00a0<a href=\"http:\/\/www.c-de-c.be\/\">www.belrobotics.com<\/a>\u00a0er hostet af: INFOMANIAK<\/p>\n","protected":false},"excerpt":{"rendered":"<p>YAMABIKO EUROPE S.A. HOVEDKONTOR: Avenue Lavoisier 35, 1300 Wavre, Belgien B.C.E. 0477.194.468 Telefon: +32 10 48 00 36 Email:\u00a0dataprivacy@yamabiko.eu BETINGELSER FOR BRUG HJEMMESIDEN\u00a0https:\/\/www.belrobotics.com &nbsp; 1.\u00a0\u00a0\u00a0\u00a0\u00a0\u00a0\u00a0\u00a0 Hjemmesidem\u00e5ls\u00e6tning og generelle vilk\u00e5r og betingelser for brug YAMABIKO EUROPE tilbyder tjenester indenfor salg- og vedligeholdelse af robotpl\u00e6neklippere, kantklippere, bladbl\u00e6sere og k\u00e6desave for f\u00f8lgende m\u00e6rker: Belrobotics, Echo og Shindaiwa www.belrobotics.com\u00a0anvendes [&hellip;]<\/p>\n","protected":false},"author":9,"featured_media":0,"parent":0,"menu_order":0,"comment_status":"closed","ping_status":"closed","template":"","meta":{"_acf_changed":false,"footnotes":""},"class_list":["post-6144","page","type-page","status-publish","hentry"],"acf":[],"yoast_head":"<!-- This site is optimized with the Yoast SEO plugin v26.9 - https:\/\/yoast.com\/product\/yoast-seo-wordpress\/ -->\n<title>Ansvarsfraskrivelse - Belrobotics<\/title>\n<meta name=\"robots\" content=\"index, follow, max-snippet:-1, max-image-preview:large, max-video-preview:-1\" \/>\n<link rel=\"canonical\" href=\"https:\/\/www.belrobotics.com\/da\/ansvarsfraskrivelse\/\" \/>\n<meta property=\"og:locale\" content=\"da_DK\" \/>\n<meta property=\"og:type\" content=\"article\" \/>\n<meta property=\"og:title\" content=\"Ansvarsfraskrivelse - Belrobotics\" \/>\n<meta property=\"og:description\" content=\"YAMABIKO EUROPE S.A. HOVEDKONTOR: Avenue Lavoisier 35, 1300 Wavre, Belgien B.C.E. 0477.194.468 Telefon: +32 10 48 00 36 Email:\u00a0dataprivacy@yamabiko.eu BETINGELSER FOR BRUG HJEMMESIDEN\u00a0https:\/\/www.belrobotics.com &nbsp; 1.\u00a0\u00a0\u00a0\u00a0\u00a0\u00a0\u00a0\u00a0 Hjemmesidem\u00e5ls\u00e6tning og generelle vilk\u00e5r og betingelser for brug YAMABIKO EUROPE tilbyder tjenester indenfor salg- og vedligeholdelse af robotpl\u00e6neklippere, kantklippere, bladbl\u00e6sere og k\u00e6desave for f\u00f8lgende m\u00e6rker: Belrobotics, Echo og Shindaiwa www.belrobotics.com\u00a0anvendes [&hellip;]\" \/>\n<meta property=\"og:url\" content=\"https:\/\/www.belrobotics.com\/da\/ansvarsfraskrivelse\/\" \/>\n<meta property=\"og:site_name\" content=\"Belrobotics\" \/>\n<meta property=\"article:publisher\" content=\"https:\/\/www.facebook.com\/belrobotics\" \/>\n<meta property=\"article:modified_time\" content=\"2020-06-25T09:27:58+00:00\" \/>\n<meta name=\"twitter:card\" content=\"summary_large_image\" \/>\n<meta name=\"twitter:label1\" content=\"Estimeret l\u00e6setid\" \/>\n\t<meta name=\"twitter:data1\" content=\"7 minutter\" \/>\n<script type=\"application\/ld+json\" class=\"yoast-schema-graph\">{\"@context\":\"https:\/\/schema.org\",\"@graph\":[{\"@type\":\"WebPage\",\"@id\":\"https:\/\/www.belrobotics.com\/da\/ansvarsfraskrivelse\/\",\"url\":\"https:\/\/www.belrobotics.com\/da\/ansvarsfraskrivelse\/\",\"name\":\"Ansvarsfraskrivelse - Belrobotics\",\"isPartOf\":{\"@id\":\"https:\/\/www.belrobotics.com\/da\/#website\"},\"datePublished\":\"2019-05-28T08:29:26+00:00\",\"dateModified\":\"2020-06-25T09:27:58+00:00\",\"breadcrumb\":{\"@id\":\"https:\/\/www.belrobotics.com\/da\/ansvarsfraskrivelse\/#breadcrumb\"},\"inLanguage\":\"da-DK\",\"potentialAction\":[{\"@type\":\"ReadAction\",\"target\":[\"https:\/\/www.belrobotics.com\/da\/ansvarsfraskrivelse\/\"]}]},{\"@type\":\"BreadcrumbList\",\"@id\":\"https:\/\/www.belrobotics.com\/da\/ansvarsfraskrivelse\/#breadcrumb\",\"itemListElement\":[{\"@type\":\"ListItem\",\"position\":1,\"name\":\"Home\",\"item\":\"https:\/\/www.belrobotics.com\/da\/\"},{\"@type\":\"ListItem\",\"position\":2,\"name\":\"Ansvarsfraskrivelse\"}]},{\"@type\":\"WebSite\",\"@id\":\"https:\/\/www.belrobotics.com\/da\/#website\",\"url\":\"https:\/\/www.belrobotics.com\/da\/\",\"name\":\"Belrobotics\",\"description\":\"The grass masters\",\"publisher\":{\"@id\":\"https:\/\/www.belrobotics.com\/da\/#organization\"},\"potentialAction\":[{\"@type\":\"SearchAction\",\"target\":{\"@type\":\"EntryPoint\",\"urlTemplate\":\"https:\/\/www.belrobotics.com\/da\/?s={search_term_string}\"},\"query-input\":{\"@type\":\"PropertyValueSpecification\",\"valueRequired\":true,\"valueName\":\"search_term_string\"}}],\"inLanguage\":\"da-DK\"},{\"@type\":\"Organization\",\"@id\":\"https:\/\/www.belrobotics.com\/da\/#organization\",\"name\":\"Belrobotics\",\"url\":\"https:\/\/www.belrobotics.com\/da\/\",\"logo\":{\"@type\":\"ImageObject\",\"inLanguage\":\"da-DK\",\"@id\":\"https:\/\/www.belrobotics.com\/da\/#\/schema\/logo\/image\/\",\"url\":\"https:\/\/www.belrobotics.com\/wp-content\/uploads\/2019\/01\/logo-belrobotics.svg\",\"contentUrl\":\"https:\/\/www.belrobotics.com\/wp-content\/uploads\/2019\/01\/logo-belrobotics.svg\",\"width\":100,\"height\":16,\"caption\":\"Belrobotics\"},\"image\":{\"@id\":\"https:\/\/www.belrobotics.com\/da\/#\/schema\/logo\/image\/\"},\"sameAs\":[\"https:\/\/www.facebook.com\/belrobotics\",\"https:\/\/www.youtube.com\/channel\/UCYgWBPRzEdXmUqLRL0JbUIw\",\"https:\/\/www.instagram.com\/belrobotics_europe\/\"]}]}<\/script>\n<!-- \/ Yoast SEO plugin. -->","yoast_head_json":{"title":"Ansvarsfraskrivelse - Belrobotics","robots":{"index":"index","follow":"follow","max-snippet":"max-snippet:-1","max-image-preview":"max-image-preview:large","max-video-preview":"max-video-preview:-1"},"canonical":"https:\/\/www.belrobotics.com\/da\/ansvarsfraskrivelse\/","og_locale":"da_DK","og_type":"article","og_title":"Ansvarsfraskrivelse - Belrobotics","og_description":"YAMABIKO EUROPE S.A. HOVEDKONTOR: Avenue Lavoisier 35, 1300 Wavre, Belgien B.C.E. 0477.194.468 Telefon: +32 10 48 00 36 Email:\u00a0dataprivacy@yamabiko.eu BETINGELSER FOR BRUG HJEMMESIDEN\u00a0https:\/\/www.belrobotics.com &nbsp; 1.\u00a0\u00a0\u00a0\u00a0\u00a0\u00a0\u00a0\u00a0 Hjemmesidem\u00e5ls\u00e6tning og generelle vilk\u00e5r og betingelser for brug YAMABIKO EUROPE tilbyder tjenester indenfor salg- og vedligeholdelse af robotpl\u00e6neklippere, kantklippere, bladbl\u00e6sere og k\u00e6desave for f\u00f8lgende m\u00e6rker: Belrobotics, Echo og Shindaiwa www.belrobotics.com\u00a0anvendes [&hellip;]","og_url":"https:\/\/www.belrobotics.com\/da\/ansvarsfraskrivelse\/","og_site_name":"Belrobotics","article_publisher":"https:\/\/www.facebook.com\/belrobotics","article_modified_time":"2020-06-25T09:27:58+00:00","twitter_card":"summary_large_image","twitter_misc":{"Estimeret l\u00e6setid":"7 minutter"},"schema":{"@context":"https:\/\/schema.org","@graph":[{"@type":"WebPage","@id":"https:\/\/www.belrobotics.com\/da\/ansvarsfraskrivelse\/","url":"https:\/\/www.belrobotics.com\/da\/ansvarsfraskrivelse\/","name":"Ansvarsfraskrivelse - Belrobotics","isPartOf":{"@id":"https:\/\/www.belrobotics.com\/da\/#website"},"datePublished":"2019-05-28T08:29:26+00:00","dateModified":"2020-06-25T09:27:58+00:00","breadcrumb":{"@id":"https:\/\/www.belrobotics.com\/da\/ansvarsfraskrivelse\/#breadcrumb"},"inLanguage":"da-DK","potentialAction":[{"@type":"ReadAction","target":["https:\/\/www.belrobotics.com\/da\/ansvarsfraskrivelse\/"]}]},{"@type":"BreadcrumbList","@id":"https:\/\/www.belrobotics.com\/da\/ansvarsfraskrivelse\/#breadcrumb","itemListElement":[{"@type":"ListItem","position":1,"name":"Home","item":"https:\/\/www.belrobotics.com\/da\/"},{"@type":"ListItem","position":2,"name":"Ansvarsfraskrivelse"}]},{"@type":"WebSite","@id":"https:\/\/www.belrobotics.com\/da\/#website","url":"https:\/\/www.belrobotics.com\/da\/","name":"Belrobotics","description":"The grass masters","publisher":{"@id":"https:\/\/www.belrobotics.com\/da\/#organization"},"potentialAction":[{"@type":"SearchAction","target":{"@type":"EntryPoint","urlTemplate":"https:\/\/www.belrobotics.com\/da\/?s={search_term_string}"},"query-input":{"@type":"PropertyValueSpecification","valueRequired":true,"valueName":"search_term_string"}}],"inLanguage":"da-DK"},{"@type":"Organization","@id":"https:\/\/www.belrobotics.com\/da\/#organization","name":"Belrobotics","url":"https:\/\/www.belrobotics.com\/da\/","logo":{"@type":"ImageObject","inLanguage":"da-DK","@id":"https:\/\/www.belrobotics.com\/da\/#\/schema\/logo\/image\/","url":"https:\/\/www.belrobotics.com\/wp-content\/uploads\/2019\/01\/logo-belrobotics.svg","contentUrl":"https:\/\/www.belrobotics.com\/wp-content\/uploads\/2019\/01\/logo-belrobotics.svg","width":100,"height":16,"caption":"Belrobotics"},"image":{"@id":"https:\/\/www.belrobotics.com\/da\/#\/schema\/logo\/image\/"},"sameAs":["https:\/\/www.facebook.com\/belrobotics","https:\/\/www.youtube.com\/channel\/UCYgWBPRzEdXmUqLRL0JbUIw","https:\/\/www.instagram.com\/belrobotics_europe\/"]}]}},"_links":{"self":[{"href":"https:\/\/www.belrobotics.com\/da\/wp-json\/wp\/v2\/pages\/6144","targetHints":{"allow":["GET"]}}],"collection":[{"href":"https:\/\/www.belrobotics.com\/da\/wp-json\/wp\/v2\/pages"}],"about":[{"href":"https:\/\/www.belrobotics.com\/da\/wp-json\/wp\/v2\/types\/page"}],"author":[{"embeddable":true,"href":"https:\/\/www.belrobotics.com\/da\/wp-json\/wp\/v2\/users\/9"}],"replies":[{"embeddable":true,"href":"https:\/\/www.belrobotics.com\/da\/wp-json\/wp\/v2\/comments?post=6144"}],"version-history":[{"count":0,"href":"https:\/\/www.belrobotics.com\/da\/wp-json\/wp\/v2\/pages\/6144\/revisions"}],"wp:attachment":[{"href":"https:\/\/www.belrobotics.com\/da\/wp-json\/wp\/v2\/media?parent=6144"}],"curies":[{"name":"wp","href":"https:\/\/api.w.org\/{rel}","templated":true}]}}