{"id":6107,"date":"2019-05-28T09:07:05","date_gmt":"2019-05-28T08:07:05","guid":{"rendered":"https:\/\/belrobotics.andromede.digital\/politik-vedrorende-beskyttelse-af-dine-data\/"},"modified":"2020-03-23T15:28:20","modified_gmt":"2020-03-23T14:28:20","slug":"politik-vedrorende-beskyttelse-af-dine-data","status":"publish","type":"page","link":"https:\/\/www.belrobotics.com\/da\/politik-vedrorende-beskyttelse-af-dine-data\/","title":{"rendered":"POLITIK VEDR\u00d8RENDE BESKYTTELSE AF DINE DATA"},"content":{"rendered":"\r\n<p>i medf\u00f8r af bestemmelserne i Europaparlamentets og Europar\u00e5dets forordning (EU) 2016\/679, der blev indf\u00f8rt 27. april 2016 vedr\u00f8rende beskyttelse af personer i forhold til behandlingen af deres personoplysninger og den frie bev\u00e6gelse af disse oplysninger (GDPR), vil vi her g\u00f8re di opm\u00e6rksom p\u00e5 betingelserne for behandling af dine personoplysninger.<\/p>\r\n<p>Som dataansvarlig og underleverand\u00f8r behandler vi dine oplysninger som en del af dine opgaver.<\/p>\r\n<p>Dine oplysninger opbevares i den tid, det er n\u00f8dvendigt, og i henhold til den juridiske arkiveringsvarighed og bevarelse af dokumenter i forbindelse med vores virke som juridisk r\u00e5dgiver\/forretningsr\u00e5dgiver\/m\u00e6gler.<\/p>\r\n<p>N\u00e5r du bes\u00f8ger vores hjemmeside, bliver din login-enheds ip-adresse identificeret.<\/p>\r\n<p>Dine oplysninger bliver bearbejdet for det form\u00e5l at registrere og kontrollere din identitet, for at forebygge mod vira, phishing eller andre computerforbrydelser, til statistikker og forbedringer p\u00e5 vores hjemmeside.<\/p>\r\n<p>N\u00e5r du udfylder kontraktformularen p\u00e5 hjemmesiden\u00a0<a href=\"https:\/\/www.belrobotics.com\/\">www.belrobotics.com<\/a>\u00a0eller vores elektroniske evalueringsformular, bliver dine data bearbejdet som en del af atyringen af anmodningen, sp\u00f8rgsm\u00e5l eller udbedrende handlinger.<\/p>\r\n<p>Du har til enhver tid ret til gratis at f\u00e5 adgang til de oplysninger, vi har om dig, og til at opdatere dem eller rette dem, slette dem eller anmode om, at de overdrages.<\/p>\r\n<p>Dette g\u00f8r d ved at kontakte virkosmhedens behandlingsansvarlige, <a href=\"mailto:dataprivacy@yamabiko.eu\">dataprivacy@yamabiko.eu<\/a>\u00a0<\/p>\r\n<p>Vi er forpligtet til at tage de relevante tekniske og organisatoriske forholdsregler til at beskytte dine personoplysninger mod \u00f8del\u00e6ggelse om det v\u00e6re sig utilsigtet eller ulovligt, tab, forfalskning, uautoriseret offentligg\u00f8relse eller adgang, is\u00e6r n\u00e5r behandlingen involverer videregivelse af data over netv\u00e6rket; mod enhver form for ulovlig behandling; og sikre et sikkerhedsniveau, der er tilpasset de risici, behandlingen udg\u00f8r og som passer til beskaffenheden af de personoplysninger, der skal beskyttes; tage h\u00f8jde for de tekniske muligheder og implementeringsomkostningerne.<\/p>\r\n","protected":false},"excerpt":{"rendered":"<p>i medf\u00f8r af bestemmelserne i Europaparlamentets og Europar\u00e5dets forordning (EU) 2016\/679, der blev indf\u00f8rt 27. april 2016 vedr\u00f8rende beskyttelse af personer i forhold til behandlingen af deres personoplysninger og den frie bev\u00e6gelse af disse oplysninger (GDPR), vil vi her g\u00f8re di opm\u00e6rksom p\u00e5 betingelserne for behandling af dine personoplysninger. Som dataansvarlig og underleverand\u00f8r behandler vi [&hellip;]<\/p>\n","protected":false},"author":9,"featured_media":0,"parent":0,"menu_order":0,"comment_status":"closed","ping_status":"closed","template":"","meta":{"_acf_changed":false,"footnotes":""},"class_list":["post-6107","page","type-page","status-publish","hentry"],"acf":[],"yoast_head":"<!-- This site is optimized with the Yoast SEO plugin v26.9 - https:\/\/yoast.com\/product\/yoast-seo-wordpress\/ -->\n<title>POLITIK VEDR\u00d8RENDE BESKYTTELSE AF DINE DATA - Belrobotics<\/title>\n<meta name=\"robots\" content=\"index, follow, max-snippet:-1, max-image-preview:large, max-video-preview:-1\" \/>\n<link rel=\"canonical\" href=\"https:\/\/www.belrobotics.com\/da\/politik-vedrorende-beskyttelse-af-dine-data\/\" \/>\n<meta property=\"og:locale\" content=\"da_DK\" \/>\n<meta property=\"og:type\" content=\"article\" \/>\n<meta property=\"og:title\" content=\"POLITIK VEDR\u00d8RENDE BESKYTTELSE AF DINE DATA - Belrobotics\" \/>\n<meta property=\"og:description\" content=\"i medf\u00f8r af bestemmelserne i Europaparlamentets og Europar\u00e5dets forordning (EU) 2016\/679, der blev indf\u00f8rt 27. april 2016 vedr\u00f8rende beskyttelse af personer i forhold til behandlingen af deres personoplysninger og den frie bev\u00e6gelse af disse oplysninger (GDPR), vil vi her g\u00f8re di opm\u00e6rksom p\u00e5 betingelserne for behandling af dine personoplysninger. Som dataansvarlig og underleverand\u00f8r behandler vi [&hellip;]\" \/>\n<meta property=\"og:url\" content=\"https:\/\/www.belrobotics.com\/da\/politik-vedrorende-beskyttelse-af-dine-data\/\" \/>\n<meta property=\"og:site_name\" content=\"Belrobotics\" \/>\n<meta property=\"article:publisher\" content=\"https:\/\/www.facebook.com\/belrobotics\" \/>\n<meta property=\"article:modified_time\" content=\"2020-03-23T14:28:20+00:00\" \/>\n<meta name=\"twitter:card\" content=\"summary_large_image\" \/>\n<meta name=\"twitter:label1\" content=\"Estimeret l\u00e6setid\" \/>\n\t<meta name=\"twitter:data1\" content=\"2 minutter\" \/>\n<script type=\"application\/ld+json\" class=\"yoast-schema-graph\">{\"@context\":\"https:\/\/schema.org\",\"@graph\":[{\"@type\":\"WebPage\",\"@id\":\"https:\/\/www.belrobotics.com\/da\/politik-vedrorende-beskyttelse-af-dine-data\/\",\"url\":\"https:\/\/www.belrobotics.com\/da\/politik-vedrorende-beskyttelse-af-dine-data\/\",\"name\":\"POLITIK VEDR\u00d8RENDE BESKYTTELSE AF DINE DATA - Belrobotics\",\"isPartOf\":{\"@id\":\"https:\/\/www.belrobotics.com\/da\/#website\"},\"datePublished\":\"2019-05-28T08:07:05+00:00\",\"dateModified\":\"2020-03-23T14:28:20+00:00\",\"breadcrumb\":{\"@id\":\"https:\/\/www.belrobotics.com\/da\/politik-vedrorende-beskyttelse-af-dine-data\/#breadcrumb\"},\"inLanguage\":\"da-DK\",\"potentialAction\":[{\"@type\":\"ReadAction\",\"target\":[\"https:\/\/www.belrobotics.com\/da\/politik-vedrorende-beskyttelse-af-dine-data\/\"]}]},{\"@type\":\"BreadcrumbList\",\"@id\":\"https:\/\/www.belrobotics.com\/da\/politik-vedrorende-beskyttelse-af-dine-data\/#breadcrumb\",\"itemListElement\":[{\"@type\":\"ListItem\",\"position\":1,\"name\":\"Home\",\"item\":\"https:\/\/www.belrobotics.com\/da\/\"},{\"@type\":\"ListItem\",\"position\":2,\"name\":\"POLITIK VEDR\u00d8RENDE BESKYTTELSE AF DINE DATA\"}]},{\"@type\":\"WebSite\",\"@id\":\"https:\/\/www.belrobotics.com\/da\/#website\",\"url\":\"https:\/\/www.belrobotics.com\/da\/\",\"name\":\"Belrobotics\",\"description\":\"The grass masters\",\"publisher\":{\"@id\":\"https:\/\/www.belrobotics.com\/da\/#organization\"},\"potentialAction\":[{\"@type\":\"SearchAction\",\"target\":{\"@type\":\"EntryPoint\",\"urlTemplate\":\"https:\/\/www.belrobotics.com\/da\/?s={search_term_string}\"},\"query-input\":{\"@type\":\"PropertyValueSpecification\",\"valueRequired\":true,\"valueName\":\"search_term_string\"}}],\"inLanguage\":\"da-DK\"},{\"@type\":\"Organization\",\"@id\":\"https:\/\/www.belrobotics.com\/da\/#organization\",\"name\":\"Belrobotics\",\"url\":\"https:\/\/www.belrobotics.com\/da\/\",\"logo\":{\"@type\":\"ImageObject\",\"inLanguage\":\"da-DK\",\"@id\":\"https:\/\/www.belrobotics.com\/da\/#\/schema\/logo\/image\/\",\"url\":\"https:\/\/www.belrobotics.com\/wp-content\/uploads\/2019\/01\/logo-belrobotics.svg\",\"contentUrl\":\"https:\/\/www.belrobotics.com\/wp-content\/uploads\/2019\/01\/logo-belrobotics.svg\",\"width\":100,\"height\":16,\"caption\":\"Belrobotics\"},\"image\":{\"@id\":\"https:\/\/www.belrobotics.com\/da\/#\/schema\/logo\/image\/\"},\"sameAs\":[\"https:\/\/www.facebook.com\/belrobotics\",\"https:\/\/www.youtube.com\/channel\/UCYgWBPRzEdXmUqLRL0JbUIw\",\"https:\/\/www.instagram.com\/belrobotics_europe\/\"]}]}<\/script>\n<!-- \/ Yoast SEO plugin. -->","yoast_head_json":{"title":"POLITIK VEDR\u00d8RENDE BESKYTTELSE AF DINE DATA - Belrobotics","robots":{"index":"index","follow":"follow","max-snippet":"max-snippet:-1","max-image-preview":"max-image-preview:large","max-video-preview":"max-video-preview:-1"},"canonical":"https:\/\/www.belrobotics.com\/da\/politik-vedrorende-beskyttelse-af-dine-data\/","og_locale":"da_DK","og_type":"article","og_title":"POLITIK VEDR\u00d8RENDE BESKYTTELSE AF DINE DATA - Belrobotics","og_description":"i medf\u00f8r af bestemmelserne i Europaparlamentets og Europar\u00e5dets forordning (EU) 2016\/679, der blev indf\u00f8rt 27. april 2016 vedr\u00f8rende beskyttelse af personer i forhold til behandlingen af deres personoplysninger og den frie bev\u00e6gelse af disse oplysninger (GDPR), vil vi her g\u00f8re di opm\u00e6rksom p\u00e5 betingelserne for behandling af dine personoplysninger. Som dataansvarlig og underleverand\u00f8r behandler vi [&hellip;]","og_url":"https:\/\/www.belrobotics.com\/da\/politik-vedrorende-beskyttelse-af-dine-data\/","og_site_name":"Belrobotics","article_publisher":"https:\/\/www.facebook.com\/belrobotics","article_modified_time":"2020-03-23T14:28:20+00:00","twitter_card":"summary_large_image","twitter_misc":{"Estimeret l\u00e6setid":"2 minutter"},"schema":{"@context":"https:\/\/schema.org","@graph":[{"@type":"WebPage","@id":"https:\/\/www.belrobotics.com\/da\/politik-vedrorende-beskyttelse-af-dine-data\/","url":"https:\/\/www.belrobotics.com\/da\/politik-vedrorende-beskyttelse-af-dine-data\/","name":"POLITIK VEDR\u00d8RENDE BESKYTTELSE AF DINE DATA - Belrobotics","isPartOf":{"@id":"https:\/\/www.belrobotics.com\/da\/#website"},"datePublished":"2019-05-28T08:07:05+00:00","dateModified":"2020-03-23T14:28:20+00:00","breadcrumb":{"@id":"https:\/\/www.belrobotics.com\/da\/politik-vedrorende-beskyttelse-af-dine-data\/#breadcrumb"},"inLanguage":"da-DK","potentialAction":[{"@type":"ReadAction","target":["https:\/\/www.belrobotics.com\/da\/politik-vedrorende-beskyttelse-af-dine-data\/"]}]},{"@type":"BreadcrumbList","@id":"https:\/\/www.belrobotics.com\/da\/politik-vedrorende-beskyttelse-af-dine-data\/#breadcrumb","itemListElement":[{"@type":"ListItem","position":1,"name":"Home","item":"https:\/\/www.belrobotics.com\/da\/"},{"@type":"ListItem","position":2,"name":"POLITIK VEDR\u00d8RENDE BESKYTTELSE AF DINE DATA"}]},{"@type":"WebSite","@id":"https:\/\/www.belrobotics.com\/da\/#website","url":"https:\/\/www.belrobotics.com\/da\/","name":"Belrobotics","description":"The grass masters","publisher":{"@id":"https:\/\/www.belrobotics.com\/da\/#organization"},"potentialAction":[{"@type":"SearchAction","target":{"@type":"EntryPoint","urlTemplate":"https:\/\/www.belrobotics.com\/da\/?s={search_term_string}"},"query-input":{"@type":"PropertyValueSpecification","valueRequired":true,"valueName":"search_term_string"}}],"inLanguage":"da-DK"},{"@type":"Organization","@id":"https:\/\/www.belrobotics.com\/da\/#organization","name":"Belrobotics","url":"https:\/\/www.belrobotics.com\/da\/","logo":{"@type":"ImageObject","inLanguage":"da-DK","@id":"https:\/\/www.belrobotics.com\/da\/#\/schema\/logo\/image\/","url":"https:\/\/www.belrobotics.com\/wp-content\/uploads\/2019\/01\/logo-belrobotics.svg","contentUrl":"https:\/\/www.belrobotics.com\/wp-content\/uploads\/2019\/01\/logo-belrobotics.svg","width":100,"height":16,"caption":"Belrobotics"},"image":{"@id":"https:\/\/www.belrobotics.com\/da\/#\/schema\/logo\/image\/"},"sameAs":["https:\/\/www.facebook.com\/belrobotics","https:\/\/www.youtube.com\/channel\/UCYgWBPRzEdXmUqLRL0JbUIw","https:\/\/www.instagram.com\/belrobotics_europe\/"]}]}},"_links":{"self":[{"href":"https:\/\/www.belrobotics.com\/da\/wp-json\/wp\/v2\/pages\/6107","targetHints":{"allow":["GET"]}}],"collection":[{"href":"https:\/\/www.belrobotics.com\/da\/wp-json\/wp\/v2\/pages"}],"about":[{"href":"https:\/\/www.belrobotics.com\/da\/wp-json\/wp\/v2\/types\/page"}],"author":[{"embeddable":true,"href":"https:\/\/www.belrobotics.com\/da\/wp-json\/wp\/v2\/users\/9"}],"replies":[{"embeddable":true,"href":"https:\/\/www.belrobotics.com\/da\/wp-json\/wp\/v2\/comments?post=6107"}],"version-history":[{"count":0,"href":"https:\/\/www.belrobotics.com\/da\/wp-json\/wp\/v2\/pages\/6107\/revisions"}],"wp:attachment":[{"href":"https:\/\/www.belrobotics.com\/da\/wp-json\/wp\/v2\/media?parent=6107"}],"curies":[{"name":"wp","href":"https:\/\/api.w.org\/{rel}","templated":true}]}}