{"id":42085,"date":"2025-08-12T10:16:31","date_gmt":"2025-08-12T09:16:31","guid":{"rendered":"https:\/\/www.belrobotics.com\/wisecut-hauteur-tonte-automatique\/"},"modified":"2025-08-13T15:56:16","modified_gmt":"2025-08-13T14:56:16","slug":"wisecut-automatisk-klippehojde","status":"publish","type":"page","link":"https:\/\/www.belrobotics.com\/da\/wisecut-automatisk-klippehojde\/","title":{"rendered":"Wisecut: perfekt tilpasning til alle omr\u00e5der af golfbanen"},"content":{"rendered":"<h2 class=\"h3\">Automatisk klippeh\u00f8jde og klippem\u00f8nster<\/h2>\n<p class=\"p1\">Den nye Wisecut-teknologi er en af de eksklusive funktioner i den seneste softwareopdatering til GPS-RTK robotpl\u00e6neklippere. Klippeh\u00f8jden og klippestilen (baner, spiraler) tilpasses automatisk til de forskellige omr\u00e5der af gr\u00e6spl\u00e6nen ud fra dine egne kriterier. Resultatet: perfekt, uden manuelt efterarbejde.<\/p>\n<h2 class=\"h3\">Uovertruffet \u00e6stetisk resultat<\/h2>\n<p class=\"p1\">Med Wisecut plejes hver enkelt overflade med den type klipning, der er optimal til dens anvendelse. Sportsanl\u00e6g, parker og store gr\u00f8nne omr\u00e5der klippes med ultrah\u00f8j pr\u00e6cision. For golfbaner betyder det, at alle spilleomr\u00e5der \u2013 tee-steder, fairway, semirough, rough og forgreen \u2013 vedligeholdes med en fuldautomatiseret og perfekt tilpasset klipning. Garanti for et professionelt og visuelt imponerende resultat.<\/p>\n","protected":false},"excerpt":{"rendered":"<p>Automatisk klippeh\u00f8jde og klippem\u00f8nster Den nye Wisecut-teknologi er en af de eksklusive funktioner i den seneste softwareopdatering til GPS-RTK robotpl\u00e6neklippere. Klippeh\u00f8jden og klippestilen (baner, spiraler) tilpasses automatisk til de forskellige omr\u00e5der af gr\u00e6spl\u00e6nen ud fra dine egne kriterier. Resultatet: perfekt, uden manuelt efterarbejde. Uovertruffet \u00e6stetisk resultat Med Wisecut plejes hver enkelt overflade med den type [&hellip;]<\/p>\n","protected":false},"author":9,"featured_media":42005,"parent":0,"menu_order":0,"comment_status":"closed","ping_status":"closed","template":"wisecut.php","meta":{"_acf_changed":false,"footnotes":""},"class_list":["post-42085","page","type-page","status-publish","has-post-thumbnail","hentry"],"acf":[],"yoast_head":"<!-- This site is optimized with the Yoast SEO plugin v26.9 - https:\/\/yoast.com\/product\/yoast-seo-wordpress\/ -->\n<title>Wisecut: perfekt tilpasning til alle omr\u00e5der af golfbanen - Belrobotics<\/title>\n<meta name=\"description\" content=\"Oplev Wisecut: H\u00f8jden og klippem\u00f8nsteret justeres automatisk, s\u00e5 det passer til dine greens, tees og fairways. Up\u00e5klagelige resultater, ingen manuelle justeringer.\" \/>\n<meta name=\"robots\" content=\"index, follow, max-snippet:-1, max-image-preview:large, max-video-preview:-1\" \/>\n<link rel=\"canonical\" href=\"https:\/\/www.belrobotics.com\/da\/wisecut-automatisk-klippehojde\/\" \/>\n<meta property=\"og:locale\" content=\"da_DK\" \/>\n<meta property=\"og:type\" content=\"article\" \/>\n<meta property=\"og:title\" content=\"Wisecut: perfekt tilpasning til alle omr\u00e5der af golfbanen - Belrobotics\" \/>\n<meta property=\"og:description\" content=\"Oplev Wisecut: H\u00f8jden og klippem\u00f8nsteret justeres automatisk, s\u00e5 det passer til dine greens, tees og fairways. Up\u00e5klagelige resultater, ingen manuelle justeringer.\" \/>\n<meta property=\"og:url\" content=\"https:\/\/www.belrobotics.com\/da\/wisecut-automatisk-klippehojde\/\" \/>\n<meta property=\"og:site_name\" content=\"Belrobotics\" \/>\n<meta property=\"article:publisher\" content=\"https:\/\/www.facebook.com\/belrobotics\" \/>\n<meta property=\"article:modified_time\" content=\"2025-08-13T14:56:16+00:00\" \/>\n<meta property=\"og:image\" content=\"https:\/\/www.belrobotics.com\/wp-content\/uploads\/2025\/08\/wisecut_page_hero.webp\" \/>\n\t<meta property=\"og:image:width\" content=\"1300\" \/>\n\t<meta property=\"og:image:height\" content=\"1079\" \/>\n\t<meta property=\"og:image:type\" content=\"image\/webp\" \/>\n<meta name=\"twitter:card\" content=\"summary_large_image\" \/>\n<meta name=\"twitter:label1\" content=\"Estimeret l\u00e6setid\" \/>\n\t<meta name=\"twitter:data1\" content=\"6 minutter\" \/>\n<script type=\"application\/ld+json\" class=\"yoast-schema-graph\">{\"@context\":\"https:\/\/schema.org\",\"@graph\":[{\"@type\":\"WebPage\",\"@id\":\"https:\/\/www.belrobotics.com\/da\/wisecut-automatisk-klippehojde\/\",\"url\":\"https:\/\/www.belrobotics.com\/da\/wisecut-automatisk-klippehojde\/\",\"name\":\"Wisecut: perfekt tilpasning til alle omr\u00e5der af golfbanen - Belrobotics\",\"isPartOf\":{\"@id\":\"https:\/\/www.belrobotics.com\/da\/#website\"},\"primaryImageOfPage\":{\"@id\":\"https:\/\/www.belrobotics.com\/da\/wisecut-automatisk-klippehojde\/#primaryimage\"},\"image\":{\"@id\":\"https:\/\/www.belrobotics.com\/da\/wisecut-automatisk-klippehojde\/#primaryimage\"},\"thumbnailUrl\":\"https:\/\/www.belrobotics.com\/wp-content\/uploads\/2025\/08\/wisecut_page_hero.webp\",\"datePublished\":\"2025-08-12T09:16:31+00:00\",\"dateModified\":\"2025-08-13T14:56:16+00:00\",\"description\":\"Oplev Wisecut: H\u00f8jden og klippem\u00f8nsteret justeres automatisk, s\u00e5 det passer til dine greens, tees og fairways. Up\u00e5klagelige resultater, ingen manuelle justeringer.\",\"breadcrumb\":{\"@id\":\"https:\/\/www.belrobotics.com\/da\/wisecut-automatisk-klippehojde\/#breadcrumb\"},\"inLanguage\":\"da-DK\",\"potentialAction\":[{\"@type\":\"ReadAction\",\"target\":[\"https:\/\/www.belrobotics.com\/da\/wisecut-automatisk-klippehojde\/\"]}]},{\"@type\":\"ImageObject\",\"inLanguage\":\"da-DK\",\"@id\":\"https:\/\/www.belrobotics.com\/da\/wisecut-automatisk-klippehojde\/#primaryimage\",\"url\":\"https:\/\/www.belrobotics.com\/wp-content\/uploads\/2025\/08\/wisecut_page_hero.webp\",\"contentUrl\":\"https:\/\/www.belrobotics.com\/wp-content\/uploads\/2025\/08\/wisecut_page_hero.webp\",\"width\":1300,\"height\":1079},{\"@type\":\"BreadcrumbList\",\"@id\":\"https:\/\/www.belrobotics.com\/da\/wisecut-automatisk-klippehojde\/#breadcrumb\",\"itemListElement\":[{\"@type\":\"ListItem\",\"position\":1,\"name\":\"Home\",\"item\":\"https:\/\/www.belrobotics.com\/da\/\"},{\"@type\":\"ListItem\",\"position\":2,\"name\":\"Wisecut: perfekt tilpasning til alle omr\u00e5der af golfbanen\"}]},{\"@type\":\"WebSite\",\"@id\":\"https:\/\/www.belrobotics.com\/da\/#website\",\"url\":\"https:\/\/www.belrobotics.com\/da\/\",\"name\":\"Belrobotics\",\"description\":\"The grass masters\",\"publisher\":{\"@id\":\"https:\/\/www.belrobotics.com\/da\/#organization\"},\"potentialAction\":[{\"@type\":\"SearchAction\",\"target\":{\"@type\":\"EntryPoint\",\"urlTemplate\":\"https:\/\/www.belrobotics.com\/da\/?s={search_term_string}\"},\"query-input\":{\"@type\":\"PropertyValueSpecification\",\"valueRequired\":true,\"valueName\":\"search_term_string\"}}],\"inLanguage\":\"da-DK\"},{\"@type\":\"Organization\",\"@id\":\"https:\/\/www.belrobotics.com\/da\/#organization\",\"name\":\"Belrobotics\",\"url\":\"https:\/\/www.belrobotics.com\/da\/\",\"logo\":{\"@type\":\"ImageObject\",\"inLanguage\":\"da-DK\",\"@id\":\"https:\/\/www.belrobotics.com\/da\/#\/schema\/logo\/image\/\",\"url\":\"https:\/\/www.belrobotics.com\/wp-content\/uploads\/2019\/01\/logo-belrobotics.svg\",\"contentUrl\":\"https:\/\/www.belrobotics.com\/wp-content\/uploads\/2019\/01\/logo-belrobotics.svg\",\"width\":100,\"height\":16,\"caption\":\"Belrobotics\"},\"image\":{\"@id\":\"https:\/\/www.belrobotics.com\/da\/#\/schema\/logo\/image\/\"},\"sameAs\":[\"https:\/\/www.facebook.com\/belrobotics\",\"https:\/\/www.youtube.com\/channel\/UCYgWBPRzEdXmUqLRL0JbUIw\",\"https:\/\/www.instagram.com\/belrobotics_europe\/\"]}]}<\/script>\n<!-- \/ Yoast SEO plugin. -->","yoast_head_json":{"title":"Wisecut: perfekt tilpasning til alle omr\u00e5der af golfbanen - Belrobotics","description":"Oplev Wisecut: H\u00f8jden og klippem\u00f8nsteret justeres automatisk, s\u00e5 det passer til dine greens, tees og fairways. Up\u00e5klagelige resultater, ingen manuelle justeringer.","robots":{"index":"index","follow":"follow","max-snippet":"max-snippet:-1","max-image-preview":"max-image-preview:large","max-video-preview":"max-video-preview:-1"},"canonical":"https:\/\/www.belrobotics.com\/da\/wisecut-automatisk-klippehojde\/","og_locale":"da_DK","og_type":"article","og_title":"Wisecut: perfekt tilpasning til alle omr\u00e5der af golfbanen - Belrobotics","og_description":"Oplev Wisecut: H\u00f8jden og klippem\u00f8nsteret justeres automatisk, s\u00e5 det passer til dine greens, tees og fairways. Up\u00e5klagelige resultater, ingen manuelle justeringer.","og_url":"https:\/\/www.belrobotics.com\/da\/wisecut-automatisk-klippehojde\/","og_site_name":"Belrobotics","article_publisher":"https:\/\/www.facebook.com\/belrobotics","article_modified_time":"2025-08-13T14:56:16+00:00","og_image":[{"width":1300,"height":1079,"url":"https:\/\/www.belrobotics.com\/wp-content\/uploads\/2025\/08\/wisecut_page_hero.webp","type":"image\/webp"}],"twitter_card":"summary_large_image","twitter_misc":{"Estimeret l\u00e6setid":"6 minutter"},"schema":{"@context":"https:\/\/schema.org","@graph":[{"@type":"WebPage","@id":"https:\/\/www.belrobotics.com\/da\/wisecut-automatisk-klippehojde\/","url":"https:\/\/www.belrobotics.com\/da\/wisecut-automatisk-klippehojde\/","name":"Wisecut: perfekt tilpasning til alle omr\u00e5der af golfbanen - Belrobotics","isPartOf":{"@id":"https:\/\/www.belrobotics.com\/da\/#website"},"primaryImageOfPage":{"@id":"https:\/\/www.belrobotics.com\/da\/wisecut-automatisk-klippehojde\/#primaryimage"},"image":{"@id":"https:\/\/www.belrobotics.com\/da\/wisecut-automatisk-klippehojde\/#primaryimage"},"thumbnailUrl":"https:\/\/www.belrobotics.com\/wp-content\/uploads\/2025\/08\/wisecut_page_hero.webp","datePublished":"2025-08-12T09:16:31+00:00","dateModified":"2025-08-13T14:56:16+00:00","description":"Oplev Wisecut: H\u00f8jden og klippem\u00f8nsteret justeres automatisk, s\u00e5 det passer til dine greens, tees og fairways. Up\u00e5klagelige resultater, ingen manuelle justeringer.","breadcrumb":{"@id":"https:\/\/www.belrobotics.com\/da\/wisecut-automatisk-klippehojde\/#breadcrumb"},"inLanguage":"da-DK","potentialAction":[{"@type":"ReadAction","target":["https:\/\/www.belrobotics.com\/da\/wisecut-automatisk-klippehojde\/"]}]},{"@type":"ImageObject","inLanguage":"da-DK","@id":"https:\/\/www.belrobotics.com\/da\/wisecut-automatisk-klippehojde\/#primaryimage","url":"https:\/\/www.belrobotics.com\/wp-content\/uploads\/2025\/08\/wisecut_page_hero.webp","contentUrl":"https:\/\/www.belrobotics.com\/wp-content\/uploads\/2025\/08\/wisecut_page_hero.webp","width":1300,"height":1079},{"@type":"BreadcrumbList","@id":"https:\/\/www.belrobotics.com\/da\/wisecut-automatisk-klippehojde\/#breadcrumb","itemListElement":[{"@type":"ListItem","position":1,"name":"Home","item":"https:\/\/www.belrobotics.com\/da\/"},{"@type":"ListItem","position":2,"name":"Wisecut: perfekt tilpasning til alle omr\u00e5der af golfbanen"}]},{"@type":"WebSite","@id":"https:\/\/www.belrobotics.com\/da\/#website","url":"https:\/\/www.belrobotics.com\/da\/","name":"Belrobotics","description":"The grass masters","publisher":{"@id":"https:\/\/www.belrobotics.com\/da\/#organization"},"potentialAction":[{"@type":"SearchAction","target":{"@type":"EntryPoint","urlTemplate":"https:\/\/www.belrobotics.com\/da\/?s={search_term_string}"},"query-input":{"@type":"PropertyValueSpecification","valueRequired":true,"valueName":"search_term_string"}}],"inLanguage":"da-DK"},{"@type":"Organization","@id":"https:\/\/www.belrobotics.com\/da\/#organization","name":"Belrobotics","url":"https:\/\/www.belrobotics.com\/da\/","logo":{"@type":"ImageObject","inLanguage":"da-DK","@id":"https:\/\/www.belrobotics.com\/da\/#\/schema\/logo\/image\/","url":"https:\/\/www.belrobotics.com\/wp-content\/uploads\/2019\/01\/logo-belrobotics.svg","contentUrl":"https:\/\/www.belrobotics.com\/wp-content\/uploads\/2019\/01\/logo-belrobotics.svg","width":100,"height":16,"caption":"Belrobotics"},"image":{"@id":"https:\/\/www.belrobotics.com\/da\/#\/schema\/logo\/image\/"},"sameAs":["https:\/\/www.facebook.com\/belrobotics","https:\/\/www.youtube.com\/channel\/UCYgWBPRzEdXmUqLRL0JbUIw","https:\/\/www.instagram.com\/belrobotics_europe\/"]}]}},"_links":{"self":[{"href":"https:\/\/www.belrobotics.com\/da\/wp-json\/wp\/v2\/pages\/42085","targetHints":{"allow":["GET"]}}],"collection":[{"href":"https:\/\/www.belrobotics.com\/da\/wp-json\/wp\/v2\/pages"}],"about":[{"href":"https:\/\/www.belrobotics.com\/da\/wp-json\/wp\/v2\/types\/page"}],"author":[{"embeddable":true,"href":"https:\/\/www.belrobotics.com\/da\/wp-json\/wp\/v2\/users\/9"}],"replies":[{"embeddable":true,"href":"https:\/\/www.belrobotics.com\/da\/wp-json\/wp\/v2\/comments?post=42085"}],"version-history":[{"count":3,"href":"https:\/\/www.belrobotics.com\/da\/wp-json\/wp\/v2\/pages\/42085\/revisions"}],"predecessor-version":[{"id":42278,"href":"https:\/\/www.belrobotics.com\/da\/wp-json\/wp\/v2\/pages\/42085\/revisions\/42278"}],"wp:featuredmedia":[{"embeddable":true,"href":"https:\/\/www.belrobotics.com\/da\/wp-json\/wp\/v2\/media\/42005"}],"wp:attachment":[{"href":"https:\/\/www.belrobotics.com\/da\/wp-json\/wp\/v2\/media?parent=42085"}],"curies":[{"name":"wp","href":"https:\/\/api.w.org\/{rel}","templated":true}]}}